{"id":228625,"date":"2026-01-06T15:58:22","date_gmt":"2026-01-06T14:58:22","guid":{"rendered":"https:\/\/shop.bantam.ch\/produit\/gps-data-system-next-level-systems-nl-battery\/"},"modified":"2026-04-17T23:49:10","modified_gmt":"2026-04-17T21:49:10","slug":"gps-data-system-next-level-systems-nl-battery","status":"publish","type":"product","link":"https:\/\/shop.bantam.ch\/fr\/produit\/gps-data-system-next-level-systems-nl-battery\/","title":{"rendered":"GPS-Data-System Next Level Systems NL Battery"},"content":{"rendered":"<p>Syst\u00e8me de donn\u00e9es GPS de la batterie<br \/>\nToutes les batteries NLS peuvent \u00eatre connect\u00e9es au syst\u00e8me GPS-Data en option. Lorsque celui-ci est connect\u00e9, non seulement la position du v\u00e9hicule, mais aussi les donn\u00e9es de la batterie sont transmises \u00e0 l&rsquo;application smartphone dans le monde entier. La carte SIM int\u00e9gr\u00e9e transmet gratuitement toutes les donn\u00e9es pertinentes pendant 5 ans et signale par message push-up si la capacit\u00e9 de la batterie est trop faible. Extension des donn\u00e9es apr\u00e8s expiration pour 5 ans suppl\u00e9mentaires pour 29,80 \u20ac.<\/p>\n","protected":false},"excerpt":{"rendered":"<p>Syst\u00e8me de donn\u00e9es GPS de la batterie Toutes les batteries NLS peuvent \u00eatre connect\u00e9es au syst\u00e8me GPS-Data en option. Lorsque celui-ci est connect\u00e9, non seulement la position du v\u00e9hicule, mais aussi les donn\u00e9es de la batterie sont transmises \u00e0 l&rsquo;application smartphone dans le monde entier. La carte SIM int\u00e9gr\u00e9e transmet gratuitement toutes les donn\u00e9es pertinentes [&hellip;]<\/p>\n","protected":false},"featured_media":228623,"template":"","meta":{"_acf_changed":false},"product_featured_cat":[],"product_brand":[],"product_cat":[4903],"product_tag":[],"class_list":{"0":"post-228625","1":"product","2":"type-product","3":"status-publish","4":"has-post-thumbnail","6":"product_cat-batteries-de-bord","8":"first","9":"instock","10":"taxable","11":"shipping-taxable","12":"purchasable","13":"product-type-simple"},"acf":[],"yoast_head":"<!-- This site is optimized with the Yoast SEO plugin v27.4 - https:\/\/yoast.com\/product\/yoast-seo-wordpress\/ -->\n<title>GPS-Data-System Next Level Systems NL Battery - Bantam Wankm\u00fcller SA<\/title>\n<meta name=\"robots\" content=\"index, follow, max-snippet:-1, max-image-preview:large, max-video-preview:-1\" \/>\n<link rel=\"canonical\" href=\"https:\/\/shop.bantam.ch\/fr\/produit\/gps-data-system-next-level-systems-nl-battery\/\" \/>\n<meta property=\"og:locale\" content=\"fr_FR\" \/>\n<meta property=\"og:type\" content=\"article\" \/>\n<meta property=\"og:title\" content=\"GPS-Data-System Next Level Systems NL Battery - Bantam Wankm\u00fcller SA\" \/>\n<meta property=\"og:description\" content=\"Syst\u00e8me de donn\u00e9es GPS de la batterie Toutes les batteries NLS peuvent \u00eatre connect\u00e9es au syst\u00e8me GPS-Data en option. Lorsque celui-ci est connect\u00e9, non seulement la position du v\u00e9hicule, mais aussi les donn\u00e9es de la batterie sont transmises \u00e0 l&rsquo;application smartphone dans le monde entier. La carte SIM int\u00e9gr\u00e9e transmet gratuitement toutes les donn\u00e9es pertinentes [&hellip;]\" \/>\n<meta property=\"og:url\" content=\"https:\/\/shop.bantam.ch\/fr\/produit\/gps-data-system-next-level-systems-nl-battery\/\" \/>\n<meta property=\"og:site_name\" content=\"Bantam Wankm\u00fcller SA\" \/>\n<meta property=\"article:modified_time\" content=\"2026-04-17T21:49:10+00:00\" \/>\n<meta name=\"twitter:card\" content=\"summary_large_image\" \/>\n<script type=\"application\/ld+json\" class=\"yoast-schema-graph\">{\"@context\":\"https:\\\/\\\/schema.org\",\"@graph\":[{\"@type\":\"WebPage\",\"@id\":\"https:\\\/\\\/shop.bantam.ch\\\/fr\\\/produit\\\/gps-data-system-next-level-systems-nl-battery\\\/\",\"url\":\"https:\\\/\\\/shop.bantam.ch\\\/fr\\\/produit\\\/gps-data-system-next-level-systems-nl-battery\\\/\",\"name\":\"GPS-Data-System Next Level Systems NL Battery - Bantam Wankm\u00fcller SA\",\"isPartOf\":{\"@id\":\"https:\\\/\\\/shop.bantam.ch\\\/fr\\\/#website\"},\"primaryImageOfPage\":{\"@id\":\"https:\\\/\\\/shop.bantam.ch\\\/fr\\\/produit\\\/gps-data-system-next-level-systems-nl-battery\\\/#primaryimage\"},\"image\":{\"@id\":\"https:\\\/\\\/shop.bantam.ch\\\/fr\\\/produit\\\/gps-data-system-next-level-systems-nl-battery\\\/#primaryimage\"},\"thumbnailUrl\":\"https:\\\/\\\/shop.bantam.ch\\\/wp-content\\\/uploads\\\/2026\\\/01\\\/Movera-L-9964185100.jpg\",\"datePublished\":\"2026-01-06T14:58:22+00:00\",\"dateModified\":\"2026-04-17T21:49:10+00:00\",\"breadcrumb\":{\"@id\":\"https:\\\/\\\/shop.bantam.ch\\\/fr\\\/produit\\\/gps-data-system-next-level-systems-nl-battery\\\/#breadcrumb\"},\"inLanguage\":\"fr-FR\",\"potentialAction\":[{\"@type\":\"ReadAction\",\"target\":[\"https:\\\/\\\/shop.bantam.ch\\\/fr\\\/produit\\\/gps-data-system-next-level-systems-nl-battery\\\/\"]}]},{\"@type\":\"ImageObject\",\"inLanguage\":\"fr-FR\",\"@id\":\"https:\\\/\\\/shop.bantam.ch\\\/fr\\\/produit\\\/gps-data-system-next-level-systems-nl-battery\\\/#primaryimage\",\"url\":\"https:\\\/\\\/shop.bantam.ch\\\/wp-content\\\/uploads\\\/2026\\\/01\\\/Movera-L-9964185100.jpg\",\"contentUrl\":\"https:\\\/\\\/shop.bantam.ch\\\/wp-content\\\/uploads\\\/2026\\\/01\\\/Movera-L-9964185100.jpg\",\"width\":640,\"height\":241},{\"@type\":\"BreadcrumbList\",\"@id\":\"https:\\\/\\\/shop.bantam.ch\\\/fr\\\/produit\\\/gps-data-system-next-level-systems-nl-battery\\\/#breadcrumb\",\"itemListElement\":[{\"@type\":\"ListItem\",\"position\":1,\"name\":\"Accueil\",\"item\":\"https:\\\/\\\/shop.bantam.ch\\\/fr\\\/\"},{\"@type\":\"ListItem\",\"position\":2,\"name\":\"Boutique\",\"item\":\"https:\\\/\\\/shop.bantam.ch\\\/fr\\\/boutique\\\/\"},{\"@type\":\"ListItem\",\"position\":3,\"name\":\"GPS-Data-System Next Level Systems NL Battery\"}]},{\"@type\":\"WebSite\",\"@id\":\"https:\\\/\\\/shop.bantam.ch\\\/fr\\\/#website\",\"url\":\"https:\\\/\\\/shop.bantam.ch\\\/fr\\\/\",\"name\":\"Bantam Wankm\u00fcller SA\",\"description\":\"\",\"publisher\":{\"@id\":\"https:\\\/\\\/shop.bantam.ch\\\/fr\\\/#organization\"},\"inLanguage\":\"fr-FR\"},{\"@type\":\"Organization\",\"@id\":\"https:\\\/\\\/shop.bantam.ch\\\/fr\\\/#organization\",\"name\":\"Bantam Wankm\u00fcller SA\",\"url\":\"https:\\\/\\\/shop.bantam.ch\\\/fr\\\/\",\"logo\":{\"@type\":\"ImageObject\",\"inLanguage\":\"fr-FR\",\"@id\":\"https:\\\/\\\/shop.bantam.ch\\\/fr\\\/#\\\/schema\\\/logo\\\/image\\\/\",\"url\":\"https:\\\/\\\/shop.bantam.ch\\\/wp-content\\\/uploads\\\/2022\\\/12\\\/bantam-logo.png\",\"contentUrl\":\"https:\\\/\\\/shop.bantam.ch\\\/wp-content\\\/uploads\\\/2022\\\/12\\\/bantam-logo.png\",\"width\":320,\"height\":71,\"caption\":\"Bantam Wankm\u00fcller SA\"},\"image\":{\"@id\":\"https:\\\/\\\/shop.bantam.ch\\\/fr\\\/#\\\/schema\\\/logo\\\/image\\\/\"}}]}<\/script>\n<!-- \/ Yoast SEO plugin. -->","yoast_head_json":{"title":"GPS-Data-System Next Level Systems NL Battery - Bantam Wankm\u00fcller SA","robots":{"index":"index","follow":"follow","max-snippet":"max-snippet:-1","max-image-preview":"max-image-preview:large","max-video-preview":"max-video-preview:-1"},"canonical":"https:\/\/shop.bantam.ch\/fr\/produit\/gps-data-system-next-level-systems-nl-battery\/","og_locale":"fr_FR","og_type":"article","og_title":"GPS-Data-System Next Level Systems NL Battery - Bantam Wankm\u00fcller SA","og_description":"Syst\u00e8me de donn\u00e9es GPS de la batterie Toutes les batteries NLS peuvent \u00eatre connect\u00e9es au syst\u00e8me GPS-Data en option. Lorsque celui-ci est connect\u00e9, non seulement la position du v\u00e9hicule, mais aussi les donn\u00e9es de la batterie sont transmises \u00e0 l&rsquo;application smartphone dans le monde entier. La carte SIM int\u00e9gr\u00e9e transmet gratuitement toutes les donn\u00e9es pertinentes [&hellip;]","og_url":"https:\/\/shop.bantam.ch\/fr\/produit\/gps-data-system-next-level-systems-nl-battery\/","og_site_name":"Bantam Wankm\u00fcller SA","article_modified_time":"2026-04-17T21:49:10+00:00","twitter_card":"summary_large_image","schema":{"@context":"https:\/\/schema.org","@graph":[{"@type":"WebPage","@id":"https:\/\/shop.bantam.ch\/fr\/produit\/gps-data-system-next-level-systems-nl-battery\/","url":"https:\/\/shop.bantam.ch\/fr\/produit\/gps-data-system-next-level-systems-nl-battery\/","name":"GPS-Data-System Next Level Systems NL Battery - Bantam Wankm\u00fcller SA","isPartOf":{"@id":"https:\/\/shop.bantam.ch\/fr\/#website"},"primaryImageOfPage":{"@id":"https:\/\/shop.bantam.ch\/fr\/produit\/gps-data-system-next-level-systems-nl-battery\/#primaryimage"},"image":{"@id":"https:\/\/shop.bantam.ch\/fr\/produit\/gps-data-system-next-level-systems-nl-battery\/#primaryimage"},"thumbnailUrl":"https:\/\/shop.bantam.ch\/wp-content\/uploads\/2026\/01\/Movera-L-9964185100.jpg","datePublished":"2026-01-06T14:58:22+00:00","dateModified":"2026-04-17T21:49:10+00:00","breadcrumb":{"@id":"https:\/\/shop.bantam.ch\/fr\/produit\/gps-data-system-next-level-systems-nl-battery\/#breadcrumb"},"inLanguage":"fr-FR","potentialAction":[{"@type":"ReadAction","target":["https:\/\/shop.bantam.ch\/fr\/produit\/gps-data-system-next-level-systems-nl-battery\/"]}]},{"@type":"ImageObject","inLanguage":"fr-FR","@id":"https:\/\/shop.bantam.ch\/fr\/produit\/gps-data-system-next-level-systems-nl-battery\/#primaryimage","url":"https:\/\/shop.bantam.ch\/wp-content\/uploads\/2026\/01\/Movera-L-9964185100.jpg","contentUrl":"https:\/\/shop.bantam.ch\/wp-content\/uploads\/2026\/01\/Movera-L-9964185100.jpg","width":640,"height":241},{"@type":"BreadcrumbList","@id":"https:\/\/shop.bantam.ch\/fr\/produit\/gps-data-system-next-level-systems-nl-battery\/#breadcrumb","itemListElement":[{"@type":"ListItem","position":1,"name":"Accueil","item":"https:\/\/shop.bantam.ch\/fr\/"},{"@type":"ListItem","position":2,"name":"Boutique","item":"https:\/\/shop.bantam.ch\/fr\/boutique\/"},{"@type":"ListItem","position":3,"name":"GPS-Data-System Next Level Systems NL Battery"}]},{"@type":"WebSite","@id":"https:\/\/shop.bantam.ch\/fr\/#website","url":"https:\/\/shop.bantam.ch\/fr\/","name":"Bantam Wankm\u00fcller SA","description":"","publisher":{"@id":"https:\/\/shop.bantam.ch\/fr\/#organization"},"inLanguage":"fr-FR"},{"@type":"Organization","@id":"https:\/\/shop.bantam.ch\/fr\/#organization","name":"Bantam Wankm\u00fcller SA","url":"https:\/\/shop.bantam.ch\/fr\/","logo":{"@type":"ImageObject","inLanguage":"fr-FR","@id":"https:\/\/shop.bantam.ch\/fr\/#\/schema\/logo\/image\/","url":"https:\/\/shop.bantam.ch\/wp-content\/uploads\/2022\/12\/bantam-logo.png","contentUrl":"https:\/\/shop.bantam.ch\/wp-content\/uploads\/2022\/12\/bantam-logo.png","width":320,"height":71,"caption":"Bantam Wankm\u00fcller SA"},"image":{"@id":"https:\/\/shop.bantam.ch\/fr\/#\/schema\/logo\/image\/"}}]}},"_links":{"self":[{"href":"https:\/\/shop.bantam.ch\/fr\/wp-json\/wp\/v2\/product\/228625","targetHints":{"allow":["GET"]}}],"collection":[{"href":"https:\/\/shop.bantam.ch\/fr\/wp-json\/wp\/v2\/product"}],"about":[{"href":"https:\/\/shop.bantam.ch\/fr\/wp-json\/wp\/v2\/types\/product"}],"wp:featuredmedia":[{"embeddable":true,"href":"https:\/\/shop.bantam.ch\/fr\/wp-json\/wp\/v2\/media\/228623"}],"wp:attachment":[{"href":"https:\/\/shop.bantam.ch\/fr\/wp-json\/wp\/v2\/media?parent=228625"}],"wp:term":[{"taxonomy":"product_featured_cat","embeddable":true,"href":"https:\/\/shop.bantam.ch\/fr\/wp-json\/wp\/v2\/product_featured_cat?post=228625"},{"taxonomy":"product_brand","embeddable":true,"href":"https:\/\/shop.bantam.ch\/fr\/wp-json\/wp\/v2\/product_brand?post=228625"},{"taxonomy":"product_cat","embeddable":true,"href":"https:\/\/shop.bantam.ch\/fr\/wp-json\/wp\/v2\/product_cat?post=228625"},{"taxonomy":"product_tag","embeddable":true,"href":"https:\/\/shop.bantam.ch\/fr\/wp-json\/wp\/v2\/product_tag?post=228625"}],"curies":[{"name":"wp","href":"https:\/\/api.w.org\/{rel}","templated":true}]}}