{"id":228621,"date":"2026-01-06T15:58:16","date_gmt":"2026-01-06T14:58:16","guid":{"rendered":"https:\/\/shop.bantam.ch\/produit\/chaise-small-van-chair\/"},"modified":"2026-04-18T23:52:38","modified_gmt":"2026-04-18T21:52:38","slug":"chaise-small-van-chair","status":"publish","type":"product","link":"https:\/\/shop.bantam.ch\/fr\/produit\/chaise-small-van-chair\/","title":{"rendered":"Chaise Small Van Chair"},"content":{"rendered":"<p>Chaise pliante Vaneo &#8211; Compacte, pliable et polyvalente<\/p>\n<p>La chaise pliante Vaneo de Quipon allie fonctionnalit\u00e9 et confort dans un design \u00e9l\u00e9gant. Parfaite pour une utilisation mobile et pour chaque s\u00e9jour en camping, cette chaise en tube rond est \u00e9quip\u00e9e d&rsquo;un cadre en aluminium l\u00e9ger et stable. Le tissu respirant 2D Mesh assure une assise agr\u00e9able, tandis que les accoudoirs r\u00e9glables en 3 positions peuvent \u00eatre ajust\u00e9s individuellement pour maximiser le confort.<br \/>\nUn point fort particulier est sa taille de rangement peu encombrante : le Vaneo se plie en seulement 60 x 82 x 7,5 cm, ce qui le rend extr\u00eamement peu encombrant et parfaitement adapt\u00e9 aux voyages en camping-car ou dans des v\u00e9hicules de loisirs plus petits.<\/p>\n<p>Le Vaneo est plus qu&rsquo;un simple si\u00e8ge ; c&rsquo;est un compagnon fiable pour tous ceux qui souhaitent profiter de leurs vacances en camping avec confort et style. D\u00e9couvrez la flexibilit\u00e9 et la commodit\u00e9 de la chaise Vaneo et rendez votre s\u00e9jour en plein air encore plus agr\u00e9able.<\/p>\n<p>Mat\u00e9riaux :<br \/>\nHousse : 100 % polyester (tissu mesh 2D avec rembourrage en mousse)<br \/>\nStructure : tube en aluminium rev\u00eatu par poudre<\/p>\n","protected":false},"excerpt":{"rendered":"<p>Chaise pliante Vaneo &#8211; Compacte, pliable et polyvalente La chaise pliante Vaneo de Quipon allie fonctionnalit\u00e9 et confort dans un design \u00e9l\u00e9gant. Parfaite pour une utilisation mobile et pour chaque s\u00e9jour en camping, cette chaise en tube rond est \u00e9quip\u00e9e d&rsquo;un cadre en aluminium l\u00e9ger et stable. Le tissu respirant 2D Mesh assure une assise [&hellip;]<\/p>\n","protected":false},"featured_media":228619,"template":"","meta":{"_acf_changed":false},"product_featured_cat":[],"product_brand":[],"product_cat":[4971],"product_tag":[],"class_list":{"0":"post-228621","1":"product","2":"type-product","3":"status-publish","4":"has-post-thumbnail","6":"product_cat-chaises-de-camping","8":"first","9":"instock","10":"taxable","11":"shipping-taxable","12":"purchasable","13":"product-type-simple"},"acf":[],"yoast_head":"<!-- This site is optimized with the Yoast SEO plugin v27.4 - https:\/\/yoast.com\/product\/yoast-seo-wordpress\/ -->\n<title>Chaise Small Van Chair - Bantam Wankm\u00fcller SA<\/title>\n<meta name=\"robots\" content=\"index, follow, max-snippet:-1, max-image-preview:large, max-video-preview:-1\" \/>\n<link rel=\"canonical\" href=\"https:\/\/shop.bantam.ch\/fr\/produit\/chaise-small-van-chair\/\" \/>\n<meta property=\"og:locale\" content=\"fr_FR\" \/>\n<meta property=\"og:type\" content=\"article\" \/>\n<meta property=\"og:title\" content=\"Chaise Small Van Chair - Bantam Wankm\u00fcller SA\" \/>\n<meta property=\"og:description\" content=\"Chaise pliante Vaneo &#8211; Compacte, pliable et polyvalente La chaise pliante Vaneo de Quipon allie fonctionnalit\u00e9 et confort dans un design \u00e9l\u00e9gant. Parfaite pour une utilisation mobile et pour chaque s\u00e9jour en camping, cette chaise en tube rond est \u00e9quip\u00e9e d&rsquo;un cadre en aluminium l\u00e9ger et stable. Le tissu respirant 2D Mesh assure une assise [&hellip;]\" \/>\n<meta property=\"og:url\" content=\"https:\/\/shop.bantam.ch\/fr\/produit\/chaise-small-van-chair\/\" \/>\n<meta property=\"og:site_name\" content=\"Bantam Wankm\u00fcller SA\" \/>\n<meta property=\"article:modified_time\" content=\"2026-04-18T21:52:38+00:00\" \/>\n<meta name=\"twitter:card\" content=\"summary_large_image\" \/>\n<meta name=\"twitter:label1\" content=\"Dur\u00e9e de lecture estim\u00e9e\" \/>\n\t<meta name=\"twitter:data1\" content=\"1 minute\" \/>\n<script type=\"application\/ld+json\" class=\"yoast-schema-graph\">{\"@context\":\"https:\\\/\\\/schema.org\",\"@graph\":[{\"@type\":\"WebPage\",\"@id\":\"https:\\\/\\\/shop.bantam.ch\\\/fr\\\/produit\\\/chaise-small-van-chair\\\/\",\"url\":\"https:\\\/\\\/shop.bantam.ch\\\/fr\\\/produit\\\/chaise-small-van-chair\\\/\",\"name\":\"Chaise Small Van Chair - Bantam Wankm\u00fcller SA\",\"isPartOf\":{\"@id\":\"https:\\\/\\\/shop.bantam.ch\\\/fr\\\/#website\"},\"primaryImageOfPage\":{\"@id\":\"https:\\\/\\\/shop.bantam.ch\\\/fr\\\/produit\\\/chaise-small-van-chair\\\/#primaryimage\"},\"image\":{\"@id\":\"https:\\\/\\\/shop.bantam.ch\\\/fr\\\/produit\\\/chaise-small-van-chair\\\/#primaryimage\"},\"thumbnailUrl\":\"https:\\\/\\\/shop.bantam.ch\\\/wp-content\\\/uploads\\\/2026\\\/01\\\/Movera-L-9964214100.jpg\",\"datePublished\":\"2026-01-06T14:58:16+00:00\",\"dateModified\":\"2026-04-18T21:52:38+00:00\",\"breadcrumb\":{\"@id\":\"https:\\\/\\\/shop.bantam.ch\\\/fr\\\/produit\\\/chaise-small-van-chair\\\/#breadcrumb\"},\"inLanguage\":\"fr-FR\",\"potentialAction\":[{\"@type\":\"ReadAction\",\"target\":[\"https:\\\/\\\/shop.bantam.ch\\\/fr\\\/produit\\\/chaise-small-van-chair\\\/\"]}]},{\"@type\":\"ImageObject\",\"inLanguage\":\"fr-FR\",\"@id\":\"https:\\\/\\\/shop.bantam.ch\\\/fr\\\/produit\\\/chaise-small-van-chair\\\/#primaryimage\",\"url\":\"https:\\\/\\\/shop.bantam.ch\\\/wp-content\\\/uploads\\\/2026\\\/01\\\/Movera-L-9964214100.jpg\",\"contentUrl\":\"https:\\\/\\\/shop.bantam.ch\\\/wp-content\\\/uploads\\\/2026\\\/01\\\/Movera-L-9964214100.jpg\",\"width\":640,\"height\":453},{\"@type\":\"BreadcrumbList\",\"@id\":\"https:\\\/\\\/shop.bantam.ch\\\/fr\\\/produit\\\/chaise-small-van-chair\\\/#breadcrumb\",\"itemListElement\":[{\"@type\":\"ListItem\",\"position\":1,\"name\":\"Accueil\",\"item\":\"https:\\\/\\\/shop.bantam.ch\\\/fr\\\/\"},{\"@type\":\"ListItem\",\"position\":2,\"name\":\"Boutique\",\"item\":\"https:\\\/\\\/shop.bantam.ch\\\/fr\\\/boutique\\\/\"},{\"@type\":\"ListItem\",\"position\":3,\"name\":\"Chaise Small Van Chair\"}]},{\"@type\":\"WebSite\",\"@id\":\"https:\\\/\\\/shop.bantam.ch\\\/fr\\\/#website\",\"url\":\"https:\\\/\\\/shop.bantam.ch\\\/fr\\\/\",\"name\":\"Bantam Wankm\u00fcller SA\",\"description\":\"\",\"publisher\":{\"@id\":\"https:\\\/\\\/shop.bantam.ch\\\/fr\\\/#organization\"},\"inLanguage\":\"fr-FR\"},{\"@type\":\"Organization\",\"@id\":\"https:\\\/\\\/shop.bantam.ch\\\/fr\\\/#organization\",\"name\":\"Bantam Wankm\u00fcller SA\",\"url\":\"https:\\\/\\\/shop.bantam.ch\\\/fr\\\/\",\"logo\":{\"@type\":\"ImageObject\",\"inLanguage\":\"fr-FR\",\"@id\":\"https:\\\/\\\/shop.bantam.ch\\\/fr\\\/#\\\/schema\\\/logo\\\/image\\\/\",\"url\":\"https:\\\/\\\/shop.bantam.ch\\\/wp-content\\\/uploads\\\/2022\\\/12\\\/bantam-logo.png\",\"contentUrl\":\"https:\\\/\\\/shop.bantam.ch\\\/wp-content\\\/uploads\\\/2022\\\/12\\\/bantam-logo.png\",\"width\":320,\"height\":71,\"caption\":\"Bantam Wankm\u00fcller SA\"},\"image\":{\"@id\":\"https:\\\/\\\/shop.bantam.ch\\\/fr\\\/#\\\/schema\\\/logo\\\/image\\\/\"}}]}<\/script>\n<!-- \/ Yoast SEO plugin. -->","yoast_head_json":{"title":"Chaise Small Van Chair - Bantam Wankm\u00fcller SA","robots":{"index":"index","follow":"follow","max-snippet":"max-snippet:-1","max-image-preview":"max-image-preview:large","max-video-preview":"max-video-preview:-1"},"canonical":"https:\/\/shop.bantam.ch\/fr\/produit\/chaise-small-van-chair\/","og_locale":"fr_FR","og_type":"article","og_title":"Chaise Small Van Chair - Bantam Wankm\u00fcller SA","og_description":"Chaise pliante Vaneo &#8211; Compacte, pliable et polyvalente La chaise pliante Vaneo de Quipon allie fonctionnalit\u00e9 et confort dans un design \u00e9l\u00e9gant. Parfaite pour une utilisation mobile et pour chaque s\u00e9jour en camping, cette chaise en tube rond est \u00e9quip\u00e9e d&rsquo;un cadre en aluminium l\u00e9ger et stable. Le tissu respirant 2D Mesh assure une assise [&hellip;]","og_url":"https:\/\/shop.bantam.ch\/fr\/produit\/chaise-small-van-chair\/","og_site_name":"Bantam Wankm\u00fcller SA","article_modified_time":"2026-04-18T21:52:38+00:00","twitter_card":"summary_large_image","twitter_misc":{"Dur\u00e9e de lecture estim\u00e9e":"1 minute"},"schema":{"@context":"https:\/\/schema.org","@graph":[{"@type":"WebPage","@id":"https:\/\/shop.bantam.ch\/fr\/produit\/chaise-small-van-chair\/","url":"https:\/\/shop.bantam.ch\/fr\/produit\/chaise-small-van-chair\/","name":"Chaise Small Van Chair - Bantam Wankm\u00fcller SA","isPartOf":{"@id":"https:\/\/shop.bantam.ch\/fr\/#website"},"primaryImageOfPage":{"@id":"https:\/\/shop.bantam.ch\/fr\/produit\/chaise-small-van-chair\/#primaryimage"},"image":{"@id":"https:\/\/shop.bantam.ch\/fr\/produit\/chaise-small-van-chair\/#primaryimage"},"thumbnailUrl":"https:\/\/shop.bantam.ch\/wp-content\/uploads\/2026\/01\/Movera-L-9964214100.jpg","datePublished":"2026-01-06T14:58:16+00:00","dateModified":"2026-04-18T21:52:38+00:00","breadcrumb":{"@id":"https:\/\/shop.bantam.ch\/fr\/produit\/chaise-small-van-chair\/#breadcrumb"},"inLanguage":"fr-FR","potentialAction":[{"@type":"ReadAction","target":["https:\/\/shop.bantam.ch\/fr\/produit\/chaise-small-van-chair\/"]}]},{"@type":"ImageObject","inLanguage":"fr-FR","@id":"https:\/\/shop.bantam.ch\/fr\/produit\/chaise-small-van-chair\/#primaryimage","url":"https:\/\/shop.bantam.ch\/wp-content\/uploads\/2026\/01\/Movera-L-9964214100.jpg","contentUrl":"https:\/\/shop.bantam.ch\/wp-content\/uploads\/2026\/01\/Movera-L-9964214100.jpg","width":640,"height":453},{"@type":"BreadcrumbList","@id":"https:\/\/shop.bantam.ch\/fr\/produit\/chaise-small-van-chair\/#breadcrumb","itemListElement":[{"@type":"ListItem","position":1,"name":"Accueil","item":"https:\/\/shop.bantam.ch\/fr\/"},{"@type":"ListItem","position":2,"name":"Boutique","item":"https:\/\/shop.bantam.ch\/fr\/boutique\/"},{"@type":"ListItem","position":3,"name":"Chaise Small Van Chair"}]},{"@type":"WebSite","@id":"https:\/\/shop.bantam.ch\/fr\/#website","url":"https:\/\/shop.bantam.ch\/fr\/","name":"Bantam Wankm\u00fcller SA","description":"","publisher":{"@id":"https:\/\/shop.bantam.ch\/fr\/#organization"},"inLanguage":"fr-FR"},{"@type":"Organization","@id":"https:\/\/shop.bantam.ch\/fr\/#organization","name":"Bantam Wankm\u00fcller SA","url":"https:\/\/shop.bantam.ch\/fr\/","logo":{"@type":"ImageObject","inLanguage":"fr-FR","@id":"https:\/\/shop.bantam.ch\/fr\/#\/schema\/logo\/image\/","url":"https:\/\/shop.bantam.ch\/wp-content\/uploads\/2022\/12\/bantam-logo.png","contentUrl":"https:\/\/shop.bantam.ch\/wp-content\/uploads\/2022\/12\/bantam-logo.png","width":320,"height":71,"caption":"Bantam Wankm\u00fcller SA"},"image":{"@id":"https:\/\/shop.bantam.ch\/fr\/#\/schema\/logo\/image\/"}}]}},"_links":{"self":[{"href":"https:\/\/shop.bantam.ch\/fr\/wp-json\/wp\/v2\/product\/228621","targetHints":{"allow":["GET"]}}],"collection":[{"href":"https:\/\/shop.bantam.ch\/fr\/wp-json\/wp\/v2\/product"}],"about":[{"href":"https:\/\/shop.bantam.ch\/fr\/wp-json\/wp\/v2\/types\/product"}],"wp:featuredmedia":[{"embeddable":true,"href":"https:\/\/shop.bantam.ch\/fr\/wp-json\/wp\/v2\/media\/228619"}],"wp:attachment":[{"href":"https:\/\/shop.bantam.ch\/fr\/wp-json\/wp\/v2\/media?parent=228621"}],"wp:term":[{"taxonomy":"product_featured_cat","embeddable":true,"href":"https:\/\/shop.bantam.ch\/fr\/wp-json\/wp\/v2\/product_featured_cat?post=228621"},{"taxonomy":"product_brand","embeddable":true,"href":"https:\/\/shop.bantam.ch\/fr\/wp-json\/wp\/v2\/product_brand?post=228621"},{"taxonomy":"product_cat","embeddable":true,"href":"https:\/\/shop.bantam.ch\/fr\/wp-json\/wp\/v2\/product_cat?post=228621"},{"taxonomy":"product_tag","embeddable":true,"href":"https:\/\/shop.bantam.ch\/fr\/wp-json\/wp\/v2\/product_tag?post=228621"}],"curies":[{"name":"wp","href":"https:\/\/api.w.org\/{rel}","templated":true}]}}