{"id":228585,"date":"2026-01-06T15:57:22","date_gmt":"2026-01-06T14:57:22","guid":{"rendered":"https:\/\/shop.bantam.ch\/produit\/booster-de-charge-orion-xs\/"},"modified":"2026-04-17T23:49:03","modified_gmt":"2026-04-17T21:49:03","slug":"booster-de-charge-orion-xs","status":"publish","type":"product","link":"https:\/\/shop.bantam.ch\/fr\/produit\/booster-de-charge-orion-xs\/","title":{"rendered":"Booster de charge Orion XS"},"content":{"rendered":"<p>Le booster de charge DC-DC Orion XS utilise la puissance du moteur pour charger la batterie d&rsquo;alimentation et combine une puissance \u00e9lev\u00e9e avec un design ultracompact et sans ventilateur. Disponible en mod\u00e8le 12 V ou 12\/24 V\/tension mixte, il est id\u00e9al pour les syst\u00e8mes \u00e0 double batterie et sert \u00e9galement de convertisseur DC-DC pour l&rsquo;\u00e9lectronique sensible.<br \/>\nL&rsquo;Orion XS prend en charge tout syst\u00e8me d&rsquo;alternateur et de batterie avec une tension et un courant configurables. Il atteint un rendement de 98,5 % et fournit sa pleine puissance nominale m\u00eame \u00e0 40 \u00b0C. Gr\u00e2ce \u00e0 une absorption stable de la charge, il emp\u00eache une sous-charge de la batterie d&rsquo;alimentation, m\u00eame avec des alternateurs intelligents Euro 5\/6. L&rsquo;algorithme de charge \u00e0 4 niveaux s&rsquo;adapte \u00e0 la profondeur de d\u00e9charge et prolonge la dur\u00e9e de vie de la batterie pour tous les types de batterie courants.<\/p>\n","protected":false},"excerpt":{"rendered":"<p>Le booster de charge DC-DC Orion XS utilise la puissance du moteur pour charger la batterie d&rsquo;alimentation et combine une puissance \u00e9lev\u00e9e avec un design ultracompact et sans ventilateur. Disponible en mod\u00e8le 12 V ou 12\/24 V\/tension mixte, il est id\u00e9al pour les syst\u00e8mes \u00e0 double batterie et sert \u00e9galement de convertisseur DC-DC pour l&rsquo;\u00e9lectronique [&hellip;]<\/p>\n","protected":false},"featured_media":228575,"template":"","meta":{"_acf_changed":false},"product_featured_cat":[],"product_brand":[],"product_cat":[4909],"product_tag":[],"class_list":{"0":"post-228585","1":"product","2":"type-product","3":"status-publish","4":"has-post-thumbnail","6":"product_cat-boosters-de-charge","8":"first","9":"instock","10":"taxable","11":"shipping-taxable","12":"purchasable","13":"product-type-simple"},"acf":[],"yoast_head":"<!-- This site is optimized with the Yoast SEO plugin v27.4 - https:\/\/yoast.com\/product\/yoast-seo-wordpress\/ -->\n<title>Booster de charge Orion XS - Bantam Wankm\u00fcller SA<\/title>\n<meta name=\"robots\" content=\"index, follow, max-snippet:-1, max-image-preview:large, max-video-preview:-1\" \/>\n<link rel=\"canonical\" href=\"https:\/\/shop.bantam.ch\/fr\/produit\/booster-de-charge-orion-xs\/\" \/>\n<meta property=\"og:locale\" content=\"fr_FR\" \/>\n<meta property=\"og:type\" content=\"article\" \/>\n<meta property=\"og:title\" content=\"Booster de charge Orion XS - Bantam Wankm\u00fcller SA\" \/>\n<meta property=\"og:description\" content=\"Le booster de charge DC-DC Orion XS utilise la puissance du moteur pour charger la batterie d&rsquo;alimentation et combine une puissance \u00e9lev\u00e9e avec un design ultracompact et sans ventilateur. Disponible en mod\u00e8le 12 V ou 12\/24 V\/tension mixte, il est id\u00e9al pour les syst\u00e8mes \u00e0 double batterie et sert \u00e9galement de convertisseur DC-DC pour l&rsquo;\u00e9lectronique [&hellip;]\" \/>\n<meta property=\"og:url\" content=\"https:\/\/shop.bantam.ch\/fr\/produit\/booster-de-charge-orion-xs\/\" \/>\n<meta property=\"og:site_name\" content=\"Bantam Wankm\u00fcller SA\" \/>\n<meta property=\"article:modified_time\" content=\"2026-04-17T21:49:03+00:00\" \/>\n<meta name=\"twitter:card\" content=\"summary_large_image\" \/>\n<meta name=\"twitter:label1\" content=\"Dur\u00e9e de lecture estim\u00e9e\" \/>\n\t<meta name=\"twitter:data1\" content=\"1 minute\" \/>\n<script type=\"application\/ld+json\" class=\"yoast-schema-graph\">{\"@context\":\"https:\\\/\\\/schema.org\",\"@graph\":[{\"@type\":\"WebPage\",\"@id\":\"https:\\\/\\\/shop.bantam.ch\\\/fr\\\/produit\\\/booster-de-charge-orion-xs\\\/\",\"url\":\"https:\\\/\\\/shop.bantam.ch\\\/fr\\\/produit\\\/booster-de-charge-orion-xs\\\/\",\"name\":\"Booster de charge Orion XS - Bantam Wankm\u00fcller SA\",\"isPartOf\":{\"@id\":\"https:\\\/\\\/shop.bantam.ch\\\/fr\\\/#website\"},\"primaryImageOfPage\":{\"@id\":\"https:\\\/\\\/shop.bantam.ch\\\/fr\\\/produit\\\/booster-de-charge-orion-xs\\\/#primaryimage\"},\"image\":{\"@id\":\"https:\\\/\\\/shop.bantam.ch\\\/fr\\\/produit\\\/booster-de-charge-orion-xs\\\/#primaryimage\"},\"thumbnailUrl\":\"https:\\\/\\\/shop.bantam.ch\\\/wp-content\\\/uploads\\\/2026\\\/01\\\/Movera-L-9964200100.png\",\"datePublished\":\"2026-01-06T14:57:22+00:00\",\"dateModified\":\"2026-04-17T21:49:03+00:00\",\"breadcrumb\":{\"@id\":\"https:\\\/\\\/shop.bantam.ch\\\/fr\\\/produit\\\/booster-de-charge-orion-xs\\\/#breadcrumb\"},\"inLanguage\":\"fr-FR\",\"potentialAction\":[{\"@type\":\"ReadAction\",\"target\":[\"https:\\\/\\\/shop.bantam.ch\\\/fr\\\/produit\\\/booster-de-charge-orion-xs\\\/\"]}]},{\"@type\":\"ImageObject\",\"inLanguage\":\"fr-FR\",\"@id\":\"https:\\\/\\\/shop.bantam.ch\\\/fr\\\/produit\\\/booster-de-charge-orion-xs\\\/#primaryimage\",\"url\":\"https:\\\/\\\/shop.bantam.ch\\\/wp-content\\\/uploads\\\/2026\\\/01\\\/Movera-L-9964200100.png\",\"contentUrl\":\"https:\\\/\\\/shop.bantam.ch\\\/wp-content\\\/uploads\\\/2026\\\/01\\\/Movera-L-9964200100.png\",\"width\":640,\"height\":492},{\"@type\":\"BreadcrumbList\",\"@id\":\"https:\\\/\\\/shop.bantam.ch\\\/fr\\\/produit\\\/booster-de-charge-orion-xs\\\/#breadcrumb\",\"itemListElement\":[{\"@type\":\"ListItem\",\"position\":1,\"name\":\"Accueil\",\"item\":\"https:\\\/\\\/shop.bantam.ch\\\/fr\\\/\"},{\"@type\":\"ListItem\",\"position\":2,\"name\":\"Boutique\",\"item\":\"https:\\\/\\\/shop.bantam.ch\\\/fr\\\/boutique\\\/\"},{\"@type\":\"ListItem\",\"position\":3,\"name\":\"Booster de charge Orion XS\"}]},{\"@type\":\"WebSite\",\"@id\":\"https:\\\/\\\/shop.bantam.ch\\\/fr\\\/#website\",\"url\":\"https:\\\/\\\/shop.bantam.ch\\\/fr\\\/\",\"name\":\"Bantam Wankm\u00fcller SA\",\"description\":\"\",\"publisher\":{\"@id\":\"https:\\\/\\\/shop.bantam.ch\\\/fr\\\/#organization\"},\"inLanguage\":\"fr-FR\"},{\"@type\":\"Organization\",\"@id\":\"https:\\\/\\\/shop.bantam.ch\\\/fr\\\/#organization\",\"name\":\"Bantam Wankm\u00fcller SA\",\"url\":\"https:\\\/\\\/shop.bantam.ch\\\/fr\\\/\",\"logo\":{\"@type\":\"ImageObject\",\"inLanguage\":\"fr-FR\",\"@id\":\"https:\\\/\\\/shop.bantam.ch\\\/fr\\\/#\\\/schema\\\/logo\\\/image\\\/\",\"url\":\"https:\\\/\\\/shop.bantam.ch\\\/wp-content\\\/uploads\\\/2022\\\/12\\\/bantam-logo.png\",\"contentUrl\":\"https:\\\/\\\/shop.bantam.ch\\\/wp-content\\\/uploads\\\/2022\\\/12\\\/bantam-logo.png\",\"width\":320,\"height\":71,\"caption\":\"Bantam Wankm\u00fcller SA\"},\"image\":{\"@id\":\"https:\\\/\\\/shop.bantam.ch\\\/fr\\\/#\\\/schema\\\/logo\\\/image\\\/\"}}]}<\/script>\n<!-- \/ Yoast SEO plugin. -->","yoast_head_json":{"title":"Booster de charge Orion XS - Bantam Wankm\u00fcller SA","robots":{"index":"index","follow":"follow","max-snippet":"max-snippet:-1","max-image-preview":"max-image-preview:large","max-video-preview":"max-video-preview:-1"},"canonical":"https:\/\/shop.bantam.ch\/fr\/produit\/booster-de-charge-orion-xs\/","og_locale":"fr_FR","og_type":"article","og_title":"Booster de charge Orion XS - Bantam Wankm\u00fcller SA","og_description":"Le booster de charge DC-DC Orion XS utilise la puissance du moteur pour charger la batterie d&rsquo;alimentation et combine une puissance \u00e9lev\u00e9e avec un design ultracompact et sans ventilateur. Disponible en mod\u00e8le 12 V ou 12\/24 V\/tension mixte, il est id\u00e9al pour les syst\u00e8mes \u00e0 double batterie et sert \u00e9galement de convertisseur DC-DC pour l&rsquo;\u00e9lectronique [&hellip;]","og_url":"https:\/\/shop.bantam.ch\/fr\/produit\/booster-de-charge-orion-xs\/","og_site_name":"Bantam Wankm\u00fcller SA","article_modified_time":"2026-04-17T21:49:03+00:00","twitter_card":"summary_large_image","twitter_misc":{"Dur\u00e9e de lecture estim\u00e9e":"1 minute"},"schema":{"@context":"https:\/\/schema.org","@graph":[{"@type":"WebPage","@id":"https:\/\/shop.bantam.ch\/fr\/produit\/booster-de-charge-orion-xs\/","url":"https:\/\/shop.bantam.ch\/fr\/produit\/booster-de-charge-orion-xs\/","name":"Booster de charge Orion XS - Bantam Wankm\u00fcller SA","isPartOf":{"@id":"https:\/\/shop.bantam.ch\/fr\/#website"},"primaryImageOfPage":{"@id":"https:\/\/shop.bantam.ch\/fr\/produit\/booster-de-charge-orion-xs\/#primaryimage"},"image":{"@id":"https:\/\/shop.bantam.ch\/fr\/produit\/booster-de-charge-orion-xs\/#primaryimage"},"thumbnailUrl":"https:\/\/shop.bantam.ch\/wp-content\/uploads\/2026\/01\/Movera-L-9964200100.png","datePublished":"2026-01-06T14:57:22+00:00","dateModified":"2026-04-17T21:49:03+00:00","breadcrumb":{"@id":"https:\/\/shop.bantam.ch\/fr\/produit\/booster-de-charge-orion-xs\/#breadcrumb"},"inLanguage":"fr-FR","potentialAction":[{"@type":"ReadAction","target":["https:\/\/shop.bantam.ch\/fr\/produit\/booster-de-charge-orion-xs\/"]}]},{"@type":"ImageObject","inLanguage":"fr-FR","@id":"https:\/\/shop.bantam.ch\/fr\/produit\/booster-de-charge-orion-xs\/#primaryimage","url":"https:\/\/shop.bantam.ch\/wp-content\/uploads\/2026\/01\/Movera-L-9964200100.png","contentUrl":"https:\/\/shop.bantam.ch\/wp-content\/uploads\/2026\/01\/Movera-L-9964200100.png","width":640,"height":492},{"@type":"BreadcrumbList","@id":"https:\/\/shop.bantam.ch\/fr\/produit\/booster-de-charge-orion-xs\/#breadcrumb","itemListElement":[{"@type":"ListItem","position":1,"name":"Accueil","item":"https:\/\/shop.bantam.ch\/fr\/"},{"@type":"ListItem","position":2,"name":"Boutique","item":"https:\/\/shop.bantam.ch\/fr\/boutique\/"},{"@type":"ListItem","position":3,"name":"Booster de charge Orion XS"}]},{"@type":"WebSite","@id":"https:\/\/shop.bantam.ch\/fr\/#website","url":"https:\/\/shop.bantam.ch\/fr\/","name":"Bantam Wankm\u00fcller SA","description":"","publisher":{"@id":"https:\/\/shop.bantam.ch\/fr\/#organization"},"inLanguage":"fr-FR"},{"@type":"Organization","@id":"https:\/\/shop.bantam.ch\/fr\/#organization","name":"Bantam Wankm\u00fcller SA","url":"https:\/\/shop.bantam.ch\/fr\/","logo":{"@type":"ImageObject","inLanguage":"fr-FR","@id":"https:\/\/shop.bantam.ch\/fr\/#\/schema\/logo\/image\/","url":"https:\/\/shop.bantam.ch\/wp-content\/uploads\/2022\/12\/bantam-logo.png","contentUrl":"https:\/\/shop.bantam.ch\/wp-content\/uploads\/2022\/12\/bantam-logo.png","width":320,"height":71,"caption":"Bantam Wankm\u00fcller SA"},"image":{"@id":"https:\/\/shop.bantam.ch\/fr\/#\/schema\/logo\/image\/"}}]}},"_links":{"self":[{"href":"https:\/\/shop.bantam.ch\/fr\/wp-json\/wp\/v2\/product\/228585","targetHints":{"allow":["GET"]}}],"collection":[{"href":"https:\/\/shop.bantam.ch\/fr\/wp-json\/wp\/v2\/product"}],"about":[{"href":"https:\/\/shop.bantam.ch\/fr\/wp-json\/wp\/v2\/types\/product"}],"wp:featuredmedia":[{"embeddable":true,"href":"https:\/\/shop.bantam.ch\/fr\/wp-json\/wp\/v2\/media\/228575"}],"wp:attachment":[{"href":"https:\/\/shop.bantam.ch\/fr\/wp-json\/wp\/v2\/media?parent=228585"}],"wp:term":[{"taxonomy":"product_featured_cat","embeddable":true,"href":"https:\/\/shop.bantam.ch\/fr\/wp-json\/wp\/v2\/product_featured_cat?post=228585"},{"taxonomy":"product_brand","embeddable":true,"href":"https:\/\/shop.bantam.ch\/fr\/wp-json\/wp\/v2\/product_brand?post=228585"},{"taxonomy":"product_cat","embeddable":true,"href":"https:\/\/shop.bantam.ch\/fr\/wp-json\/wp\/v2\/product_cat?post=228585"},{"taxonomy":"product_tag","embeddable":true,"href":"https:\/\/shop.bantam.ch\/fr\/wp-json\/wp\/v2\/product_tag?post=228585"}],"curies":[{"name":"wp","href":"https:\/\/api.w.org\/{rel}","templated":true}]}}