{"id":228559,"date":"2026-01-06T15:56:47","date_gmt":"2026-01-06T14:56:47","guid":{"rendered":"https:\/\/shop.bantam.ch\/produit\/flex-leuchte-h-a-b-a-verona-mit-usb-c-fb-schwarz\/"},"modified":"2026-05-08T23:49:30","modified_gmt":"2026-05-08T21:49:30","slug":"flex-leuchte-h-a-b-a-verona-mit-usb-c-fb-schwarz","status":"publish","type":"product","link":"https:\/\/shop.bantam.ch\/fr\/produit\/flex-leuchte-h-a-b-a-verona-mit-usb-c-fb-schwarz\/","title":{"rendered":"Flex-Leuchte H.A.B.A Verona mit USB-C, Fb. schwarz"},"content":{"rendered":"<p><!--StartFragment -->L&rsquo;un des spots \u00e0 monter les plus populaires de la gamme HABA : le Verona Flex est d\u00e9sormais disponible dans une nouvelle version. Ce mod\u00e8le actualis\u00e9 dispose d&rsquo;un port USB-C int\u00e9gr\u00e9 avec la technologie PD 3.0 pour un chargement rapide et efficace du smartphone ou de la tablette. Avec une lumi\u00e8re blanc neutre et une luminosit\u00e9 de 150 lumens, le Verona Flex est \u00e0 la fois fonctionnel et efficace sur le plan \u00e9nerg\u00e9tique. Le col flexible permet d&rsquo;orienter la lumi\u00e8re de mani\u00e8re cibl\u00e9e. L&rsquo;angle de rayonnement de 170\u00b0 assure une r\u00e9partition large et uniforme de la lumi\u00e8re. La commande s&rsquo;effectue facilement \u00e0 l&rsquo;aide d&rsquo;un pad marche\/arr\u00eat et d&rsquo;un variateur tactile situ\u00e9s \u00e0 l&rsquo;arri\u00e8re de la t\u00eate de la lampe.<!--EndFragment --><\/p>\n","protected":false},"excerpt":{"rendered":"<p>L&rsquo;un des spots \u00e0 monter les plus populaires de la gamme HABA : le Verona Flex est d\u00e9sormais disponible dans une nouvelle version. Ce mod\u00e8le actualis\u00e9 dispose d&rsquo;un port USB-C int\u00e9gr\u00e9 avec la technologie PD 3.0 pour un chargement rapide et efficace du smartphone ou de la tablette. Avec une lumi\u00e8re blanc neutre et une [&hellip;]<\/p>\n","protected":false},"featured_media":228553,"template":"","meta":{"_acf_changed":false},"product_featured_cat":[],"product_brand":[],"product_cat":[4887],"product_tag":[],"class_list":{"0":"post-228559","1":"product","2":"type-product","3":"status-publish","4":"has-post-thumbnail","6":"product_cat-lampes-de-cockpit","8":"first","9":"instock","10":"taxable","11":"shipping-taxable","12":"purchasable","13":"product-type-simple"},"acf":[],"yoast_head":"<!-- This site is optimized with the Yoast SEO plugin v27.5 - https:\/\/yoast.com\/product\/yoast-seo-wordpress\/ -->\n<title>Flex-Leuchte H.A.B.A Verona mit USB-C, Fb. schwarz - Bantam<\/title>\n<meta name=\"robots\" content=\"index, follow, max-snippet:-1, max-image-preview:large, max-video-preview:-1\" \/>\n<link rel=\"canonical\" href=\"https:\/\/shop.bantam.ch\/fr\/produit\/flex-leuchte-h-a-b-a-verona-mit-usb-c-fb-schwarz\/\" \/>\n<meta property=\"og:locale\" content=\"fr_FR\" \/>\n<meta property=\"og:type\" content=\"article\" \/>\n<meta property=\"og:title\" content=\"Flex-Leuchte H.A.B.A Verona mit USB-C, Fb. schwarz - Bantam\" \/>\n<meta property=\"og:description\" content=\"L&rsquo;un des spots \u00e0 monter les plus populaires de la gamme HABA : le Verona Flex est d\u00e9sormais disponible dans une nouvelle version. Ce mod\u00e8le actualis\u00e9 dispose d&rsquo;un port USB-C int\u00e9gr\u00e9 avec la technologie PD 3.0 pour un chargement rapide et efficace du smartphone ou de la tablette. Avec une lumi\u00e8re blanc neutre et une [&hellip;]\" \/>\n<meta property=\"og:url\" content=\"https:\/\/shop.bantam.ch\/fr\/produit\/flex-leuchte-h-a-b-a-verona-mit-usb-c-fb-schwarz\/\" \/>\n<meta property=\"og:site_name\" content=\"Bantam\" \/>\n<meta property=\"article:modified_time\" content=\"2026-05-08T21:49:30+00:00\" \/>\n<meta name=\"twitter:card\" content=\"summary_large_image\" \/>\n<meta name=\"twitter:label1\" content=\"Dur\u00e9e de lecture estim\u00e9e\" \/>\n\t<meta name=\"twitter:data1\" content=\"1 minute\" \/>\n<script type=\"application\/ld+json\" class=\"yoast-schema-graph\">{\"@context\":\"https:\\\/\\\/schema.org\",\"@graph\":[{\"@type\":\"WebPage\",\"@id\":\"https:\\\/\\\/shop.bantam.ch\\\/fr\\\/produit\\\/flex-leuchte-h-a-b-a-verona-mit-usb-c-fb-schwarz\\\/\",\"url\":\"https:\\\/\\\/shop.bantam.ch\\\/fr\\\/produit\\\/flex-leuchte-h-a-b-a-verona-mit-usb-c-fb-schwarz\\\/\",\"name\":\"Flex-Leuchte H.A.B.A Verona mit USB-C, Fb. schwarz - Bantam\",\"isPartOf\":{\"@id\":\"https:\\\/\\\/shop.bantam.ch\\\/fr\\\/#website\"},\"primaryImageOfPage\":{\"@id\":\"https:\\\/\\\/shop.bantam.ch\\\/fr\\\/produit\\\/flex-leuchte-h-a-b-a-verona-mit-usb-c-fb-schwarz\\\/#primaryimage\"},\"image\":{\"@id\":\"https:\\\/\\\/shop.bantam.ch\\\/fr\\\/produit\\\/flex-leuchte-h-a-b-a-verona-mit-usb-c-fb-schwarz\\\/#primaryimage\"},\"thumbnailUrl\":\"https:\\\/\\\/shop.bantam.ch\\\/wp-content\\\/uploads\\\/2026\\\/01\\\/Movera-L-9964196100.jpg\",\"datePublished\":\"2026-01-06T14:56:47+00:00\",\"dateModified\":\"2026-05-08T21:49:30+00:00\",\"breadcrumb\":{\"@id\":\"https:\\\/\\\/shop.bantam.ch\\\/fr\\\/produit\\\/flex-leuchte-h-a-b-a-verona-mit-usb-c-fb-schwarz\\\/#breadcrumb\"},\"inLanguage\":\"fr-FR\",\"potentialAction\":[{\"@type\":\"ReadAction\",\"target\":[\"https:\\\/\\\/shop.bantam.ch\\\/fr\\\/produit\\\/flex-leuchte-h-a-b-a-verona-mit-usb-c-fb-schwarz\\\/\"]}]},{\"@type\":\"ImageObject\",\"inLanguage\":\"fr-FR\",\"@id\":\"https:\\\/\\\/shop.bantam.ch\\\/fr\\\/produit\\\/flex-leuchte-h-a-b-a-verona-mit-usb-c-fb-schwarz\\\/#primaryimage\",\"url\":\"https:\\\/\\\/shop.bantam.ch\\\/wp-content\\\/uploads\\\/2026\\\/01\\\/Movera-L-9964196100.jpg\",\"contentUrl\":\"https:\\\/\\\/shop.bantam.ch\\\/wp-content\\\/uploads\\\/2026\\\/01\\\/Movera-L-9964196100.jpg\",\"width\":640,\"height\":828},{\"@type\":\"BreadcrumbList\",\"@id\":\"https:\\\/\\\/shop.bantam.ch\\\/fr\\\/produit\\\/flex-leuchte-h-a-b-a-verona-mit-usb-c-fb-schwarz\\\/#breadcrumb\",\"itemListElement\":[{\"@type\":\"ListItem\",\"position\":1,\"name\":\"Accueil\",\"item\":\"https:\\\/\\\/shop.bantam.ch\\\/fr\\\/\"},{\"@type\":\"ListItem\",\"position\":2,\"name\":\"Boutique\",\"item\":\"https:\\\/\\\/shop.bantam.ch\\\/fr\\\/boutique\\\/\"},{\"@type\":\"ListItem\",\"position\":3,\"name\":\"Flex-Leuchte H.A.B.A Verona mit USB-C, Fb. schwarz\"}]},{\"@type\":\"WebSite\",\"@id\":\"https:\\\/\\\/shop.bantam.ch\\\/fr\\\/#website\",\"url\":\"https:\\\/\\\/shop.bantam.ch\\\/fr\\\/\",\"name\":\"Bantam\",\"description\":\"\",\"publisher\":{\"@id\":\"https:\\\/\\\/shop.bantam.ch\\\/fr\\\/#organization\"},\"inLanguage\":\"fr-FR\"},{\"@type\":\"Organization\",\"@id\":\"https:\\\/\\\/shop.bantam.ch\\\/fr\\\/#organization\",\"name\":\"Bantam\",\"url\":\"https:\\\/\\\/shop.bantam.ch\\\/fr\\\/\",\"logo\":{\"@type\":\"ImageObject\",\"inLanguage\":\"fr-FR\",\"@id\":\"https:\\\/\\\/shop.bantam.ch\\\/fr\\\/#\\\/schema\\\/logo\\\/image\\\/\",\"url\":\"https:\\\/\\\/shop.bantam.ch\\\/wp-content\\\/uploads\\\/2022\\\/12\\\/bantam-logo.png\",\"contentUrl\":\"https:\\\/\\\/shop.bantam.ch\\\/wp-content\\\/uploads\\\/2022\\\/12\\\/bantam-logo.png\",\"width\":320,\"height\":71,\"caption\":\"Bantam\"},\"image\":{\"@id\":\"https:\\\/\\\/shop.bantam.ch\\\/fr\\\/#\\\/schema\\\/logo\\\/image\\\/\"}}]}<\/script>\n<!-- \/ Yoast SEO plugin. -->","yoast_head_json":{"title":"Flex-Leuchte H.A.B.A Verona mit USB-C, Fb. schwarz - Bantam","robots":{"index":"index","follow":"follow","max-snippet":"max-snippet:-1","max-image-preview":"max-image-preview:large","max-video-preview":"max-video-preview:-1"},"canonical":"https:\/\/shop.bantam.ch\/fr\/produit\/flex-leuchte-h-a-b-a-verona-mit-usb-c-fb-schwarz\/","og_locale":"fr_FR","og_type":"article","og_title":"Flex-Leuchte H.A.B.A Verona mit USB-C, Fb. schwarz - Bantam","og_description":"L&rsquo;un des spots \u00e0 monter les plus populaires de la gamme HABA : le Verona Flex est d\u00e9sormais disponible dans une nouvelle version. Ce mod\u00e8le actualis\u00e9 dispose d&rsquo;un port USB-C int\u00e9gr\u00e9 avec la technologie PD 3.0 pour un chargement rapide et efficace du smartphone ou de la tablette. Avec une lumi\u00e8re blanc neutre et une [&hellip;]","og_url":"https:\/\/shop.bantam.ch\/fr\/produit\/flex-leuchte-h-a-b-a-verona-mit-usb-c-fb-schwarz\/","og_site_name":"Bantam","article_modified_time":"2026-05-08T21:49:30+00:00","twitter_card":"summary_large_image","twitter_misc":{"Dur\u00e9e de lecture estim\u00e9e":"1 minute"},"schema":{"@context":"https:\/\/schema.org","@graph":[{"@type":"WebPage","@id":"https:\/\/shop.bantam.ch\/fr\/produit\/flex-leuchte-h-a-b-a-verona-mit-usb-c-fb-schwarz\/","url":"https:\/\/shop.bantam.ch\/fr\/produit\/flex-leuchte-h-a-b-a-verona-mit-usb-c-fb-schwarz\/","name":"Flex-Leuchte H.A.B.A Verona mit USB-C, Fb. schwarz - Bantam","isPartOf":{"@id":"https:\/\/shop.bantam.ch\/fr\/#website"},"primaryImageOfPage":{"@id":"https:\/\/shop.bantam.ch\/fr\/produit\/flex-leuchte-h-a-b-a-verona-mit-usb-c-fb-schwarz\/#primaryimage"},"image":{"@id":"https:\/\/shop.bantam.ch\/fr\/produit\/flex-leuchte-h-a-b-a-verona-mit-usb-c-fb-schwarz\/#primaryimage"},"thumbnailUrl":"https:\/\/shop.bantam.ch\/wp-content\/uploads\/2026\/01\/Movera-L-9964196100.jpg","datePublished":"2026-01-06T14:56:47+00:00","dateModified":"2026-05-08T21:49:30+00:00","breadcrumb":{"@id":"https:\/\/shop.bantam.ch\/fr\/produit\/flex-leuchte-h-a-b-a-verona-mit-usb-c-fb-schwarz\/#breadcrumb"},"inLanguage":"fr-FR","potentialAction":[{"@type":"ReadAction","target":["https:\/\/shop.bantam.ch\/fr\/produit\/flex-leuchte-h-a-b-a-verona-mit-usb-c-fb-schwarz\/"]}]},{"@type":"ImageObject","inLanguage":"fr-FR","@id":"https:\/\/shop.bantam.ch\/fr\/produit\/flex-leuchte-h-a-b-a-verona-mit-usb-c-fb-schwarz\/#primaryimage","url":"https:\/\/shop.bantam.ch\/wp-content\/uploads\/2026\/01\/Movera-L-9964196100.jpg","contentUrl":"https:\/\/shop.bantam.ch\/wp-content\/uploads\/2026\/01\/Movera-L-9964196100.jpg","width":640,"height":828},{"@type":"BreadcrumbList","@id":"https:\/\/shop.bantam.ch\/fr\/produit\/flex-leuchte-h-a-b-a-verona-mit-usb-c-fb-schwarz\/#breadcrumb","itemListElement":[{"@type":"ListItem","position":1,"name":"Accueil","item":"https:\/\/shop.bantam.ch\/fr\/"},{"@type":"ListItem","position":2,"name":"Boutique","item":"https:\/\/shop.bantam.ch\/fr\/boutique\/"},{"@type":"ListItem","position":3,"name":"Flex-Leuchte H.A.B.A Verona mit USB-C, Fb. schwarz"}]},{"@type":"WebSite","@id":"https:\/\/shop.bantam.ch\/fr\/#website","url":"https:\/\/shop.bantam.ch\/fr\/","name":"Bantam","description":"","publisher":{"@id":"https:\/\/shop.bantam.ch\/fr\/#organization"},"inLanguage":"fr-FR"},{"@type":"Organization","@id":"https:\/\/shop.bantam.ch\/fr\/#organization","name":"Bantam","url":"https:\/\/shop.bantam.ch\/fr\/","logo":{"@type":"ImageObject","inLanguage":"fr-FR","@id":"https:\/\/shop.bantam.ch\/fr\/#\/schema\/logo\/image\/","url":"https:\/\/shop.bantam.ch\/wp-content\/uploads\/2022\/12\/bantam-logo.png","contentUrl":"https:\/\/shop.bantam.ch\/wp-content\/uploads\/2022\/12\/bantam-logo.png","width":320,"height":71,"caption":"Bantam"},"image":{"@id":"https:\/\/shop.bantam.ch\/fr\/#\/schema\/logo\/image\/"}}]}},"_links":{"self":[{"href":"https:\/\/shop.bantam.ch\/fr\/wp-json\/wp\/v2\/product\/228559","targetHints":{"allow":["GET"]}}],"collection":[{"href":"https:\/\/shop.bantam.ch\/fr\/wp-json\/wp\/v2\/product"}],"about":[{"href":"https:\/\/shop.bantam.ch\/fr\/wp-json\/wp\/v2\/types\/product"}],"wp:featuredmedia":[{"embeddable":true,"href":"https:\/\/shop.bantam.ch\/fr\/wp-json\/wp\/v2\/media\/228553"}],"wp:attachment":[{"href":"https:\/\/shop.bantam.ch\/fr\/wp-json\/wp\/v2\/media?parent=228559"}],"wp:term":[{"taxonomy":"product_featured_cat","embeddable":true,"href":"https:\/\/shop.bantam.ch\/fr\/wp-json\/wp\/v2\/product_featured_cat?post=228559"},{"taxonomy":"product_brand","embeddable":true,"href":"https:\/\/shop.bantam.ch\/fr\/wp-json\/wp\/v2\/product_brand?post=228559"},{"taxonomy":"product_cat","embeddable":true,"href":"https:\/\/shop.bantam.ch\/fr\/wp-json\/wp\/v2\/product_cat?post=228559"},{"taxonomy":"product_tag","embeddable":true,"href":"https:\/\/shop.bantam.ch\/fr\/wp-json\/wp\/v2\/product_tag?post=228559"}],"curies":[{"name":"wp","href":"https:\/\/api.w.org\/{rel}","templated":true}]}}