{"id":228503,"date":"2026-01-06T15:55:05","date_gmt":"2026-01-06T14:55:05","guid":{"rendered":"https:\/\/shop.bantam.ch\/produit\/ecran-pour-londuleur-nvs-y-compris-le-commutateur-mode-eco-mode-standard\/"},"modified":"2026-04-17T23:48:50","modified_gmt":"2026-04-17T21:48:50","slug":"ecran-pour-londuleur-nvs-y-compris-le-commutateur-mode-eco-mode-standard","status":"publish","type":"product","link":"https:\/\/shop.bantam.ch\/fr\/produit\/ecran-pour-londuleur-nvs-y-compris-le-commutateur-mode-eco-mode-standard\/","title":{"rendered":"\u00c9cran pour l&rsquo;onduleur NVS, y compris le commutateur mode ECO\/mode standard"},"content":{"rendered":"<p>\u00c9cran servant de t\u00e9l\u00e9commande, bus CAN, fusible &amp; FI int\u00e9gr\u00e9s, priorit\u00e9 de commutation du r\u00e9seau, limitation du courant de quai (4-16A), fonction Powerboost (courant de quai + puissance de l&rsquo;onduleur).<\/p>\n","protected":false},"excerpt":{"rendered":"<p>\u00c9cran servant de t\u00e9l\u00e9commande, bus CAN, fusible &amp; FI int\u00e9gr\u00e9s, priorit\u00e9 de commutation du r\u00e9seau, limitation du courant de quai (4-16A), fonction Powerboost (courant de quai + puissance de l&rsquo;onduleur).<\/p>\n","protected":false},"featured_media":228501,"template":"","meta":{"_acf_changed":false},"product_featured_cat":[],"product_brand":[],"product_cat":[4907],"product_tag":[],"class_list":{"0":"post-228503","1":"product","2":"type-product","3":"status-publish","4":"has-post-thumbnail","6":"product_cat-accessoires-pour-batteries","8":"first","9":"instock","10":"taxable","11":"shipping-taxable","12":"purchasable","13":"product-type-simple"},"acf":[],"yoast_head":"<!-- This site is optimized with the Yoast SEO plugin v27.4 - https:\/\/yoast.com\/product\/yoast-seo-wordpress\/ -->\n<title>\u00c9cran pour l&#039;onduleur NVS, y compris le commutateur mode ECO\/mode standard - Bantam Wankm\u00fcller SA<\/title>\n<meta name=\"robots\" content=\"index, follow, max-snippet:-1, max-image-preview:large, max-video-preview:-1\" \/>\n<link rel=\"canonical\" href=\"https:\/\/shop.bantam.ch\/fr\/produit\/ecran-pour-londuleur-nvs-y-compris-le-commutateur-mode-eco-mode-standard\/\" \/>\n<meta property=\"og:locale\" content=\"fr_FR\" \/>\n<meta property=\"og:type\" content=\"article\" \/>\n<meta property=\"og:title\" content=\"\u00c9cran pour l&#039;onduleur NVS, y compris le commutateur mode ECO\/mode standard - Bantam Wankm\u00fcller SA\" \/>\n<meta property=\"og:description\" content=\"\u00c9cran servant de t\u00e9l\u00e9commande, bus CAN, fusible &amp; FI int\u00e9gr\u00e9s, priorit\u00e9 de commutation du r\u00e9seau, limitation du courant de quai (4-16A), fonction Powerboost (courant de quai + puissance de l&rsquo;onduleur).\" \/>\n<meta property=\"og:url\" content=\"https:\/\/shop.bantam.ch\/fr\/produit\/ecran-pour-londuleur-nvs-y-compris-le-commutateur-mode-eco-mode-standard\/\" \/>\n<meta property=\"og:site_name\" content=\"Bantam Wankm\u00fcller SA\" \/>\n<meta property=\"article:modified_time\" content=\"2026-04-17T21:48:50+00:00\" \/>\n<meta name=\"twitter:card\" content=\"summary_large_image\" \/>\n<script type=\"application\/ld+json\" class=\"yoast-schema-graph\">{\"@context\":\"https:\\\/\\\/schema.org\",\"@graph\":[{\"@type\":\"WebPage\",\"@id\":\"https:\\\/\\\/shop.bantam.ch\\\/fr\\\/produit\\\/ecran-pour-londuleur-nvs-y-compris-le-commutateur-mode-eco-mode-standard\\\/\",\"url\":\"https:\\\/\\\/shop.bantam.ch\\\/fr\\\/produit\\\/ecran-pour-londuleur-nvs-y-compris-le-commutateur-mode-eco-mode-standard\\\/\",\"name\":\"\u00c9cran pour l'onduleur NVS, y compris le commutateur mode ECO\\\/mode standard - Bantam Wankm\u00fcller SA\",\"isPartOf\":{\"@id\":\"https:\\\/\\\/shop.bantam.ch\\\/fr\\\/#website\"},\"primaryImageOfPage\":{\"@id\":\"https:\\\/\\\/shop.bantam.ch\\\/fr\\\/produit\\\/ecran-pour-londuleur-nvs-y-compris-le-commutateur-mode-eco-mode-standard\\\/#primaryimage\"},\"image\":{\"@id\":\"https:\\\/\\\/shop.bantam.ch\\\/fr\\\/produit\\\/ecran-pour-londuleur-nvs-y-compris-le-commutateur-mode-eco-mode-standard\\\/#primaryimage\"},\"thumbnailUrl\":\"https:\\\/\\\/shop.bantam.ch\\\/wp-content\\\/uploads\\\/2026\\\/01\\\/Movera-L-9964174100.png\",\"datePublished\":\"2026-01-06T14:55:05+00:00\",\"dateModified\":\"2026-04-17T21:48:50+00:00\",\"breadcrumb\":{\"@id\":\"https:\\\/\\\/shop.bantam.ch\\\/fr\\\/produit\\\/ecran-pour-londuleur-nvs-y-compris-le-commutateur-mode-eco-mode-standard\\\/#breadcrumb\"},\"inLanguage\":\"fr-FR\",\"potentialAction\":[{\"@type\":\"ReadAction\",\"target\":[\"https:\\\/\\\/shop.bantam.ch\\\/fr\\\/produit\\\/ecran-pour-londuleur-nvs-y-compris-le-commutateur-mode-eco-mode-standard\\\/\"]}]},{\"@type\":\"ImageObject\",\"inLanguage\":\"fr-FR\",\"@id\":\"https:\\\/\\\/shop.bantam.ch\\\/fr\\\/produit\\\/ecran-pour-londuleur-nvs-y-compris-le-commutateur-mode-eco-mode-standard\\\/#primaryimage\",\"url\":\"https:\\\/\\\/shop.bantam.ch\\\/wp-content\\\/uploads\\\/2026\\\/01\\\/Movera-L-9964174100.png\",\"contentUrl\":\"https:\\\/\\\/shop.bantam.ch\\\/wp-content\\\/uploads\\\/2026\\\/01\\\/Movera-L-9964174100.png\",\"width\":640,\"height\":640},{\"@type\":\"BreadcrumbList\",\"@id\":\"https:\\\/\\\/shop.bantam.ch\\\/fr\\\/produit\\\/ecran-pour-londuleur-nvs-y-compris-le-commutateur-mode-eco-mode-standard\\\/#breadcrumb\",\"itemListElement\":[{\"@type\":\"ListItem\",\"position\":1,\"name\":\"Accueil\",\"item\":\"https:\\\/\\\/shop.bantam.ch\\\/fr\\\/\"},{\"@type\":\"ListItem\",\"position\":2,\"name\":\"Boutique\",\"item\":\"https:\\\/\\\/shop.bantam.ch\\\/fr\\\/boutique\\\/\"},{\"@type\":\"ListItem\",\"position\":3,\"name\":\"\u00c9cran pour l&rsquo;onduleur NVS, y compris le commutateur mode ECO\\\/mode standard\"}]},{\"@type\":\"WebSite\",\"@id\":\"https:\\\/\\\/shop.bantam.ch\\\/fr\\\/#website\",\"url\":\"https:\\\/\\\/shop.bantam.ch\\\/fr\\\/\",\"name\":\"Bantam Wankm\u00fcller SA\",\"description\":\"\",\"publisher\":{\"@id\":\"https:\\\/\\\/shop.bantam.ch\\\/fr\\\/#organization\"},\"inLanguage\":\"fr-FR\"},{\"@type\":\"Organization\",\"@id\":\"https:\\\/\\\/shop.bantam.ch\\\/fr\\\/#organization\",\"name\":\"Bantam Wankm\u00fcller SA\",\"url\":\"https:\\\/\\\/shop.bantam.ch\\\/fr\\\/\",\"logo\":{\"@type\":\"ImageObject\",\"inLanguage\":\"fr-FR\",\"@id\":\"https:\\\/\\\/shop.bantam.ch\\\/fr\\\/#\\\/schema\\\/logo\\\/image\\\/\",\"url\":\"https:\\\/\\\/shop.bantam.ch\\\/wp-content\\\/uploads\\\/2022\\\/12\\\/bantam-logo.png\",\"contentUrl\":\"https:\\\/\\\/shop.bantam.ch\\\/wp-content\\\/uploads\\\/2022\\\/12\\\/bantam-logo.png\",\"width\":320,\"height\":71,\"caption\":\"Bantam Wankm\u00fcller SA\"},\"image\":{\"@id\":\"https:\\\/\\\/shop.bantam.ch\\\/fr\\\/#\\\/schema\\\/logo\\\/image\\\/\"}}]}<\/script>\n<!-- \/ Yoast SEO plugin. -->","yoast_head_json":{"title":"\u00c9cran pour l'onduleur NVS, y compris le commutateur mode ECO\/mode standard - Bantam Wankm\u00fcller SA","robots":{"index":"index","follow":"follow","max-snippet":"max-snippet:-1","max-image-preview":"max-image-preview:large","max-video-preview":"max-video-preview:-1"},"canonical":"https:\/\/shop.bantam.ch\/fr\/produit\/ecran-pour-londuleur-nvs-y-compris-le-commutateur-mode-eco-mode-standard\/","og_locale":"fr_FR","og_type":"article","og_title":"\u00c9cran pour l'onduleur NVS, y compris le commutateur mode ECO\/mode standard - Bantam Wankm\u00fcller SA","og_description":"\u00c9cran servant de t\u00e9l\u00e9commande, bus CAN, fusible &amp; FI int\u00e9gr\u00e9s, priorit\u00e9 de commutation du r\u00e9seau, limitation du courant de quai (4-16A), fonction Powerboost (courant de quai + puissance de l&rsquo;onduleur).","og_url":"https:\/\/shop.bantam.ch\/fr\/produit\/ecran-pour-londuleur-nvs-y-compris-le-commutateur-mode-eco-mode-standard\/","og_site_name":"Bantam Wankm\u00fcller SA","article_modified_time":"2026-04-17T21:48:50+00:00","twitter_card":"summary_large_image","schema":{"@context":"https:\/\/schema.org","@graph":[{"@type":"WebPage","@id":"https:\/\/shop.bantam.ch\/fr\/produit\/ecran-pour-londuleur-nvs-y-compris-le-commutateur-mode-eco-mode-standard\/","url":"https:\/\/shop.bantam.ch\/fr\/produit\/ecran-pour-londuleur-nvs-y-compris-le-commutateur-mode-eco-mode-standard\/","name":"\u00c9cran pour l'onduleur NVS, y compris le commutateur mode ECO\/mode standard - Bantam Wankm\u00fcller SA","isPartOf":{"@id":"https:\/\/shop.bantam.ch\/fr\/#website"},"primaryImageOfPage":{"@id":"https:\/\/shop.bantam.ch\/fr\/produit\/ecran-pour-londuleur-nvs-y-compris-le-commutateur-mode-eco-mode-standard\/#primaryimage"},"image":{"@id":"https:\/\/shop.bantam.ch\/fr\/produit\/ecran-pour-londuleur-nvs-y-compris-le-commutateur-mode-eco-mode-standard\/#primaryimage"},"thumbnailUrl":"https:\/\/shop.bantam.ch\/wp-content\/uploads\/2026\/01\/Movera-L-9964174100.png","datePublished":"2026-01-06T14:55:05+00:00","dateModified":"2026-04-17T21:48:50+00:00","breadcrumb":{"@id":"https:\/\/shop.bantam.ch\/fr\/produit\/ecran-pour-londuleur-nvs-y-compris-le-commutateur-mode-eco-mode-standard\/#breadcrumb"},"inLanguage":"fr-FR","potentialAction":[{"@type":"ReadAction","target":["https:\/\/shop.bantam.ch\/fr\/produit\/ecran-pour-londuleur-nvs-y-compris-le-commutateur-mode-eco-mode-standard\/"]}]},{"@type":"ImageObject","inLanguage":"fr-FR","@id":"https:\/\/shop.bantam.ch\/fr\/produit\/ecran-pour-londuleur-nvs-y-compris-le-commutateur-mode-eco-mode-standard\/#primaryimage","url":"https:\/\/shop.bantam.ch\/wp-content\/uploads\/2026\/01\/Movera-L-9964174100.png","contentUrl":"https:\/\/shop.bantam.ch\/wp-content\/uploads\/2026\/01\/Movera-L-9964174100.png","width":640,"height":640},{"@type":"BreadcrumbList","@id":"https:\/\/shop.bantam.ch\/fr\/produit\/ecran-pour-londuleur-nvs-y-compris-le-commutateur-mode-eco-mode-standard\/#breadcrumb","itemListElement":[{"@type":"ListItem","position":1,"name":"Accueil","item":"https:\/\/shop.bantam.ch\/fr\/"},{"@type":"ListItem","position":2,"name":"Boutique","item":"https:\/\/shop.bantam.ch\/fr\/boutique\/"},{"@type":"ListItem","position":3,"name":"\u00c9cran pour l&rsquo;onduleur NVS, y compris le commutateur mode ECO\/mode standard"}]},{"@type":"WebSite","@id":"https:\/\/shop.bantam.ch\/fr\/#website","url":"https:\/\/shop.bantam.ch\/fr\/","name":"Bantam Wankm\u00fcller SA","description":"","publisher":{"@id":"https:\/\/shop.bantam.ch\/fr\/#organization"},"inLanguage":"fr-FR"},{"@type":"Organization","@id":"https:\/\/shop.bantam.ch\/fr\/#organization","name":"Bantam Wankm\u00fcller SA","url":"https:\/\/shop.bantam.ch\/fr\/","logo":{"@type":"ImageObject","inLanguage":"fr-FR","@id":"https:\/\/shop.bantam.ch\/fr\/#\/schema\/logo\/image\/","url":"https:\/\/shop.bantam.ch\/wp-content\/uploads\/2022\/12\/bantam-logo.png","contentUrl":"https:\/\/shop.bantam.ch\/wp-content\/uploads\/2022\/12\/bantam-logo.png","width":320,"height":71,"caption":"Bantam Wankm\u00fcller SA"},"image":{"@id":"https:\/\/shop.bantam.ch\/fr\/#\/schema\/logo\/image\/"}}]}},"_links":{"self":[{"href":"https:\/\/shop.bantam.ch\/fr\/wp-json\/wp\/v2\/product\/228503","targetHints":{"allow":["GET"]}}],"collection":[{"href":"https:\/\/shop.bantam.ch\/fr\/wp-json\/wp\/v2\/product"}],"about":[{"href":"https:\/\/shop.bantam.ch\/fr\/wp-json\/wp\/v2\/types\/product"}],"wp:featuredmedia":[{"embeddable":true,"href":"https:\/\/shop.bantam.ch\/fr\/wp-json\/wp\/v2\/media\/228501"}],"wp:attachment":[{"href":"https:\/\/shop.bantam.ch\/fr\/wp-json\/wp\/v2\/media?parent=228503"}],"wp:term":[{"taxonomy":"product_featured_cat","embeddable":true,"href":"https:\/\/shop.bantam.ch\/fr\/wp-json\/wp\/v2\/product_featured_cat?post=228503"},{"taxonomy":"product_brand","embeddable":true,"href":"https:\/\/shop.bantam.ch\/fr\/wp-json\/wp\/v2\/product_brand?post=228503"},{"taxonomy":"product_cat","embeddable":true,"href":"https:\/\/shop.bantam.ch\/fr\/wp-json\/wp\/v2\/product_cat?post=228503"},{"taxonomy":"product_tag","embeddable":true,"href":"https:\/\/shop.bantam.ch\/fr\/wp-json\/wp\/v2\/product_tag?post=228503"}],"curies":[{"name":"wp","href":"https:\/\/api.w.org\/{rel}","templated":true}]}}