{"id":228471,"date":"2026-01-06T15:54:21","date_gmt":"2026-01-06T14:54:21","guid":{"rendered":"https:\/\/shop.bantam.ch\/produit\/car-shampoo-all-in-one-contenu-1-l\/"},"modified":"2026-04-17T23:48:49","modified_gmt":"2026-04-17T21:48:49","slug":"car-shampoo-all-in-one-contenu-1-l","status":"publish","type":"product","link":"https:\/\/shop.bantam.ch\/fr\/produit\/car-shampoo-all-in-one-contenu-1-l\/","title":{"rendered":"Car-Shampoo All-in-One Contenu 1 l"},"content":{"rendered":"<p>Shampooing tout-en-un, ne donne pas seulement une propret\u00e9 incomparable \u00e0 votre caravane ou camping-car en un clin d&rsquo;\u0153il, mais peut \u00e9galement \u00eatre utilis\u00e9 pour les tentes, les stores, les bateaux ou les v\u00e9los.<\/p>\n<ul>\n<li>excellente biod\u00e9gradabilit\u00e9<\/li>\n<li>pas de bioaccumulation dans l&rsquo;eau ou le sol<\/li>\n<li>Origine naturelle, bas\u00e9e sur des bio-tensioactifs certifi\u00e9s \u00e0 100 %.<\/li>\n<li>Convient pour toutes les surfaces et tous les types de peinture<\/li>\n<li>abricot\/ orange<\/li>\n<li>Acrylique proofed<\/li>\n<\/ul>\n","protected":false},"excerpt":{"rendered":"<p>Shampooing tout-en-un, ne donne pas seulement une propret\u00e9 incomparable \u00e0 votre caravane ou camping-car en un clin d&rsquo;\u0153il, mais peut \u00e9galement \u00eatre utilis\u00e9 pour les tentes, les stores, les bateaux ou les v\u00e9los. excellente biod\u00e9gradabilit\u00e9 pas de bioaccumulation dans l&rsquo;eau ou le sol Origine naturelle, bas\u00e9e sur des bio-tensioactifs certifi\u00e9s \u00e0 100 %. Convient pour [&hellip;]<\/p>\n","protected":false},"featured_media":228469,"template":"","meta":{"_acf_changed":false},"product_featured_cat":[],"product_brand":[],"product_cat":[4151],"product_tag":[],"class_list":{"0":"post-228471","1":"product","2":"type-product","3":"status-publish","4":"has-post-thumbnail","6":"product_cat-entretien-et-produits-de-nettoyage","8":"first","9":"instock","10":"taxable","11":"shipping-taxable","12":"purchasable","13":"product-type-simple"},"acf":[],"yoast_head":"<!-- This site is optimized with the Yoast SEO plugin v27.4 - https:\/\/yoast.com\/product\/yoast-seo-wordpress\/ -->\n<title>Car-Shampoo All-in-One Contenu 1 l - Bantam Wankm\u00fcller SA<\/title>\n<meta name=\"robots\" content=\"index, follow, max-snippet:-1, max-image-preview:large, max-video-preview:-1\" \/>\n<link rel=\"canonical\" href=\"https:\/\/shop.bantam.ch\/fr\/produit\/car-shampoo-all-in-one-contenu-1-l\/\" \/>\n<meta property=\"og:locale\" content=\"fr_FR\" \/>\n<meta property=\"og:type\" content=\"article\" \/>\n<meta property=\"og:title\" content=\"Car-Shampoo All-in-One Contenu 1 l - Bantam Wankm\u00fcller SA\" \/>\n<meta property=\"og:description\" content=\"Shampooing tout-en-un, ne donne pas seulement une propret\u00e9 incomparable \u00e0 votre caravane ou camping-car en un clin d&rsquo;\u0153il, mais peut \u00e9galement \u00eatre utilis\u00e9 pour les tentes, les stores, les bateaux ou les v\u00e9los. excellente biod\u00e9gradabilit\u00e9 pas de bioaccumulation dans l&rsquo;eau ou le sol Origine naturelle, bas\u00e9e sur des bio-tensioactifs certifi\u00e9s \u00e0 100 %. Convient pour [&hellip;]\" \/>\n<meta property=\"og:url\" content=\"https:\/\/shop.bantam.ch\/fr\/produit\/car-shampoo-all-in-one-contenu-1-l\/\" \/>\n<meta property=\"og:site_name\" content=\"Bantam Wankm\u00fcller SA\" \/>\n<meta property=\"article:modified_time\" content=\"2026-04-17T21:48:49+00:00\" \/>\n<meta name=\"twitter:card\" content=\"summary_large_image\" \/>\n<script type=\"application\/ld+json\" class=\"yoast-schema-graph\">{\"@context\":\"https:\\\/\\\/schema.org\",\"@graph\":[{\"@type\":\"WebPage\",\"@id\":\"https:\\\/\\\/shop.bantam.ch\\\/fr\\\/produit\\\/car-shampoo-all-in-one-contenu-1-l\\\/\",\"url\":\"https:\\\/\\\/shop.bantam.ch\\\/fr\\\/produit\\\/car-shampoo-all-in-one-contenu-1-l\\\/\",\"name\":\"Car-Shampoo All-in-One Contenu 1 l - Bantam Wankm\u00fcller SA\",\"isPartOf\":{\"@id\":\"https:\\\/\\\/shop.bantam.ch\\\/fr\\\/#website\"},\"primaryImageOfPage\":{\"@id\":\"https:\\\/\\\/shop.bantam.ch\\\/fr\\\/produit\\\/car-shampoo-all-in-one-contenu-1-l\\\/#primaryimage\"},\"image\":{\"@id\":\"https:\\\/\\\/shop.bantam.ch\\\/fr\\\/produit\\\/car-shampoo-all-in-one-contenu-1-l\\\/#primaryimage\"},\"thumbnailUrl\":\"https:\\\/\\\/shop.bantam.ch\\\/wp-content\\\/uploads\\\/2026\\\/01\\\/Movera-L-9966356100.jpg\",\"datePublished\":\"2026-01-06T14:54:21+00:00\",\"dateModified\":\"2026-04-17T21:48:49+00:00\",\"breadcrumb\":{\"@id\":\"https:\\\/\\\/shop.bantam.ch\\\/fr\\\/produit\\\/car-shampoo-all-in-one-contenu-1-l\\\/#breadcrumb\"},\"inLanguage\":\"fr-FR\",\"potentialAction\":[{\"@type\":\"ReadAction\",\"target\":[\"https:\\\/\\\/shop.bantam.ch\\\/fr\\\/produit\\\/car-shampoo-all-in-one-contenu-1-l\\\/\"]}]},{\"@type\":\"ImageObject\",\"inLanguage\":\"fr-FR\",\"@id\":\"https:\\\/\\\/shop.bantam.ch\\\/fr\\\/produit\\\/car-shampoo-all-in-one-contenu-1-l\\\/#primaryimage\",\"url\":\"https:\\\/\\\/shop.bantam.ch\\\/wp-content\\\/uploads\\\/2026\\\/01\\\/Movera-L-9966356100.jpg\",\"contentUrl\":\"https:\\\/\\\/shop.bantam.ch\\\/wp-content\\\/uploads\\\/2026\\\/01\\\/Movera-L-9966356100.jpg\",\"width\":640,\"height\":854},{\"@type\":\"BreadcrumbList\",\"@id\":\"https:\\\/\\\/shop.bantam.ch\\\/fr\\\/produit\\\/car-shampoo-all-in-one-contenu-1-l\\\/#breadcrumb\",\"itemListElement\":[{\"@type\":\"ListItem\",\"position\":1,\"name\":\"Accueil\",\"item\":\"https:\\\/\\\/shop.bantam.ch\\\/fr\\\/\"},{\"@type\":\"ListItem\",\"position\":2,\"name\":\"Boutique\",\"item\":\"https:\\\/\\\/shop.bantam.ch\\\/fr\\\/boutique\\\/\"},{\"@type\":\"ListItem\",\"position\":3,\"name\":\"Car-Shampoo All-in-One Contenu 1 l\"}]},{\"@type\":\"WebSite\",\"@id\":\"https:\\\/\\\/shop.bantam.ch\\\/fr\\\/#website\",\"url\":\"https:\\\/\\\/shop.bantam.ch\\\/fr\\\/\",\"name\":\"Bantam Wankm\u00fcller SA\",\"description\":\"\",\"publisher\":{\"@id\":\"https:\\\/\\\/shop.bantam.ch\\\/fr\\\/#organization\"},\"inLanguage\":\"fr-FR\"},{\"@type\":\"Organization\",\"@id\":\"https:\\\/\\\/shop.bantam.ch\\\/fr\\\/#organization\",\"name\":\"Bantam Wankm\u00fcller SA\",\"url\":\"https:\\\/\\\/shop.bantam.ch\\\/fr\\\/\",\"logo\":{\"@type\":\"ImageObject\",\"inLanguage\":\"fr-FR\",\"@id\":\"https:\\\/\\\/shop.bantam.ch\\\/fr\\\/#\\\/schema\\\/logo\\\/image\\\/\",\"url\":\"https:\\\/\\\/shop.bantam.ch\\\/wp-content\\\/uploads\\\/2022\\\/12\\\/bantam-logo.png\",\"contentUrl\":\"https:\\\/\\\/shop.bantam.ch\\\/wp-content\\\/uploads\\\/2022\\\/12\\\/bantam-logo.png\",\"width\":320,\"height\":71,\"caption\":\"Bantam Wankm\u00fcller SA\"},\"image\":{\"@id\":\"https:\\\/\\\/shop.bantam.ch\\\/fr\\\/#\\\/schema\\\/logo\\\/image\\\/\"}}]}<\/script>\n<!-- \/ Yoast SEO plugin. -->","yoast_head_json":{"title":"Car-Shampoo All-in-One Contenu 1 l - Bantam Wankm\u00fcller SA","robots":{"index":"index","follow":"follow","max-snippet":"max-snippet:-1","max-image-preview":"max-image-preview:large","max-video-preview":"max-video-preview:-1"},"canonical":"https:\/\/shop.bantam.ch\/fr\/produit\/car-shampoo-all-in-one-contenu-1-l\/","og_locale":"fr_FR","og_type":"article","og_title":"Car-Shampoo All-in-One Contenu 1 l - Bantam Wankm\u00fcller SA","og_description":"Shampooing tout-en-un, ne donne pas seulement une propret\u00e9 incomparable \u00e0 votre caravane ou camping-car en un clin d&rsquo;\u0153il, mais peut \u00e9galement \u00eatre utilis\u00e9 pour les tentes, les stores, les bateaux ou les v\u00e9los. excellente biod\u00e9gradabilit\u00e9 pas de bioaccumulation dans l&rsquo;eau ou le sol Origine naturelle, bas\u00e9e sur des bio-tensioactifs certifi\u00e9s \u00e0 100 %. Convient pour [&hellip;]","og_url":"https:\/\/shop.bantam.ch\/fr\/produit\/car-shampoo-all-in-one-contenu-1-l\/","og_site_name":"Bantam Wankm\u00fcller SA","article_modified_time":"2026-04-17T21:48:49+00:00","twitter_card":"summary_large_image","schema":{"@context":"https:\/\/schema.org","@graph":[{"@type":"WebPage","@id":"https:\/\/shop.bantam.ch\/fr\/produit\/car-shampoo-all-in-one-contenu-1-l\/","url":"https:\/\/shop.bantam.ch\/fr\/produit\/car-shampoo-all-in-one-contenu-1-l\/","name":"Car-Shampoo All-in-One Contenu 1 l - Bantam Wankm\u00fcller SA","isPartOf":{"@id":"https:\/\/shop.bantam.ch\/fr\/#website"},"primaryImageOfPage":{"@id":"https:\/\/shop.bantam.ch\/fr\/produit\/car-shampoo-all-in-one-contenu-1-l\/#primaryimage"},"image":{"@id":"https:\/\/shop.bantam.ch\/fr\/produit\/car-shampoo-all-in-one-contenu-1-l\/#primaryimage"},"thumbnailUrl":"https:\/\/shop.bantam.ch\/wp-content\/uploads\/2026\/01\/Movera-L-9966356100.jpg","datePublished":"2026-01-06T14:54:21+00:00","dateModified":"2026-04-17T21:48:49+00:00","breadcrumb":{"@id":"https:\/\/shop.bantam.ch\/fr\/produit\/car-shampoo-all-in-one-contenu-1-l\/#breadcrumb"},"inLanguage":"fr-FR","potentialAction":[{"@type":"ReadAction","target":["https:\/\/shop.bantam.ch\/fr\/produit\/car-shampoo-all-in-one-contenu-1-l\/"]}]},{"@type":"ImageObject","inLanguage":"fr-FR","@id":"https:\/\/shop.bantam.ch\/fr\/produit\/car-shampoo-all-in-one-contenu-1-l\/#primaryimage","url":"https:\/\/shop.bantam.ch\/wp-content\/uploads\/2026\/01\/Movera-L-9966356100.jpg","contentUrl":"https:\/\/shop.bantam.ch\/wp-content\/uploads\/2026\/01\/Movera-L-9966356100.jpg","width":640,"height":854},{"@type":"BreadcrumbList","@id":"https:\/\/shop.bantam.ch\/fr\/produit\/car-shampoo-all-in-one-contenu-1-l\/#breadcrumb","itemListElement":[{"@type":"ListItem","position":1,"name":"Accueil","item":"https:\/\/shop.bantam.ch\/fr\/"},{"@type":"ListItem","position":2,"name":"Boutique","item":"https:\/\/shop.bantam.ch\/fr\/boutique\/"},{"@type":"ListItem","position":3,"name":"Car-Shampoo All-in-One Contenu 1 l"}]},{"@type":"WebSite","@id":"https:\/\/shop.bantam.ch\/fr\/#website","url":"https:\/\/shop.bantam.ch\/fr\/","name":"Bantam Wankm\u00fcller SA","description":"","publisher":{"@id":"https:\/\/shop.bantam.ch\/fr\/#organization"},"inLanguage":"fr-FR"},{"@type":"Organization","@id":"https:\/\/shop.bantam.ch\/fr\/#organization","name":"Bantam Wankm\u00fcller SA","url":"https:\/\/shop.bantam.ch\/fr\/","logo":{"@type":"ImageObject","inLanguage":"fr-FR","@id":"https:\/\/shop.bantam.ch\/fr\/#\/schema\/logo\/image\/","url":"https:\/\/shop.bantam.ch\/wp-content\/uploads\/2022\/12\/bantam-logo.png","contentUrl":"https:\/\/shop.bantam.ch\/wp-content\/uploads\/2022\/12\/bantam-logo.png","width":320,"height":71,"caption":"Bantam Wankm\u00fcller SA"},"image":{"@id":"https:\/\/shop.bantam.ch\/fr\/#\/schema\/logo\/image\/"}}]}},"_links":{"self":[{"href":"https:\/\/shop.bantam.ch\/fr\/wp-json\/wp\/v2\/product\/228471","targetHints":{"allow":["GET"]}}],"collection":[{"href":"https:\/\/shop.bantam.ch\/fr\/wp-json\/wp\/v2\/product"}],"about":[{"href":"https:\/\/shop.bantam.ch\/fr\/wp-json\/wp\/v2\/types\/product"}],"wp:featuredmedia":[{"embeddable":true,"href":"https:\/\/shop.bantam.ch\/fr\/wp-json\/wp\/v2\/media\/228469"}],"wp:attachment":[{"href":"https:\/\/shop.bantam.ch\/fr\/wp-json\/wp\/v2\/media?parent=228471"}],"wp:term":[{"taxonomy":"product_featured_cat","embeddable":true,"href":"https:\/\/shop.bantam.ch\/fr\/wp-json\/wp\/v2\/product_featured_cat?post=228471"},{"taxonomy":"product_brand","embeddable":true,"href":"https:\/\/shop.bantam.ch\/fr\/wp-json\/wp\/v2\/product_brand?post=228471"},{"taxonomy":"product_cat","embeddable":true,"href":"https:\/\/shop.bantam.ch\/fr\/wp-json\/wp\/v2\/product_cat?post=228471"},{"taxonomy":"product_tag","embeddable":true,"href":"https:\/\/shop.bantam.ch\/fr\/wp-json\/wp\/v2\/product_tag?post=228471"}],"curies":[{"name":"wp","href":"https:\/\/api.w.org\/{rel}","templated":true}]}}