{"id":228381,"date":"2026-01-06T15:52:13","date_gmt":"2026-01-06T14:52:13","guid":{"rendered":"https:\/\/shop.bantam.ch\/produit\/batterieladegerat-perfectcharge-mca1235\/"},"modified":"2026-04-17T23:48:41","modified_gmt":"2026-04-17T21:48:41","slug":"batterieladegerat-perfectcharge-mca1235","status":"publish","type":"product","link":"https:\/\/shop.bantam.ch\/fr\/produit\/batterieladegerat-perfectcharge-mca1235\/","title":{"rendered":"Batterieladeger\u00e4t PerfectCharge MCA1235"},"content":{"rendered":"<p>Chargeur PerfectCharge MCA+ IUoU<br \/>\nChargeurs de batterie IUoU avec courbe de charge Gel, AGM et LI<\/p>\n<ul>\n<li>charge en douceur des batteries 12 V avec technique de charge IUoU optimis\u00e9e \u00e0 6 niveaux et courbe de charge LI<\/li>\n<li>charge simultan\u00e9e de deux batteries plus la batterie de d\u00e9marrage<\/li>\n<li>comprend une interface de bus standard pour une int\u00e9gration ais\u00e9e dans les syst\u00e8mes de bus existants.<\/li>\n<\/ul>\n<p>Caract\u00e9ristiques techniques :<\/p>\n<ul>\n<li>Tension d&rsquo;entr\u00e9e : 90 &#8211; 260 V<\/li>\n<li>Fr\u00e9quence : 50 &#8211; 60 Hz<\/li>\n<li>Tension de fin de charge : 14,4\/14,7 V<\/li>\n<li>Tension de charge de maintien : 13,8 V<\/li>\n<li>Limitation de phase Uo : \u00e0 8 ou 16 h<\/li>\n<li>Efficacit\u00e9 \u00e9nerg\u00e9tique : jusqu&rsquo;\u00e0 92<\/li>\n<li>Temp\u00e9rature de fonctionnement : -20 \u00e0 +50 \u00b0C<\/li>\n<\/ul>\n<p>Extensions utiles : T\u00e9l\u00e9commande, capteur de batterie de Hella, sonde de temp\u00e9rature<\/p>\n<\/p>\n<p>MCA 1235<br \/>\nSorties de charge : 3<br \/>\nCapacit\u00e9 de batterie recommand\u00e9e : 40 &#8211; 170 Ah<br \/>\nCourant de charge : 35 A<\/p>\n","protected":false},"excerpt":{"rendered":"<p>Chargeur PerfectCharge MCA+ IUoU Chargeurs de batterie IUoU avec courbe de charge Gel, AGM et LI charge en douceur des batteries 12 V avec technique de charge IUoU optimis\u00e9e \u00e0 6 niveaux et courbe de charge LI charge simultan\u00e9e de deux batteries plus la batterie de d\u00e9marrage comprend une interface de bus standard pour une [&hellip;]<\/p>\n","protected":false},"featured_media":228379,"template":"","meta":{"_acf_changed":false},"product_featured_cat":[],"product_brand":[],"product_cat":[4911],"product_tag":[],"class_list":{"0":"post-228381","1":"product","2":"type-product","3":"status-publish","4":"has-post-thumbnail","6":"product_cat-chargeurs","8":"first","9":"instock","10":"taxable","11":"shipping-taxable","12":"purchasable","13":"product-type-simple"},"acf":[],"yoast_head":"<!-- This site is optimized with the Yoast SEO plugin v27.4 - https:\/\/yoast.com\/product\/yoast-seo-wordpress\/ -->\n<title>Batterieladeger\u00e4t PerfectCharge MCA1235 - Bantam Wankm\u00fcller SA<\/title>\n<meta name=\"robots\" content=\"index, follow, max-snippet:-1, max-image-preview:large, max-video-preview:-1\" \/>\n<link rel=\"canonical\" href=\"https:\/\/shop.bantam.ch\/fr\/produit\/batterieladegerat-perfectcharge-mca1235\/\" \/>\n<meta property=\"og:locale\" content=\"fr_FR\" \/>\n<meta property=\"og:type\" content=\"article\" \/>\n<meta property=\"og:title\" content=\"Batterieladeger\u00e4t PerfectCharge MCA1235 - Bantam Wankm\u00fcller SA\" \/>\n<meta property=\"og:description\" content=\"Chargeur PerfectCharge MCA+ IUoU Chargeurs de batterie IUoU avec courbe de charge Gel, AGM et LI charge en douceur des batteries 12 V avec technique de charge IUoU optimis\u00e9e \u00e0 6 niveaux et courbe de charge LI charge simultan\u00e9e de deux batteries plus la batterie de d\u00e9marrage comprend une interface de bus standard pour une [&hellip;]\" \/>\n<meta property=\"og:url\" content=\"https:\/\/shop.bantam.ch\/fr\/produit\/batterieladegerat-perfectcharge-mca1235\/\" \/>\n<meta property=\"og:site_name\" content=\"Bantam Wankm\u00fcller SA\" \/>\n<meta property=\"article:modified_time\" content=\"2026-04-17T21:48:41+00:00\" \/>\n<meta name=\"twitter:card\" content=\"summary_large_image\" \/>\n<meta name=\"twitter:label1\" content=\"Dur\u00e9e de lecture estim\u00e9e\" \/>\n\t<meta name=\"twitter:data1\" content=\"1 minute\" \/>\n<script type=\"application\/ld+json\" class=\"yoast-schema-graph\">{\"@context\":\"https:\\\/\\\/schema.org\",\"@graph\":[{\"@type\":\"WebPage\",\"@id\":\"https:\\\/\\\/shop.bantam.ch\\\/fr\\\/produit\\\/batterieladegerat-perfectcharge-mca1235\\\/\",\"url\":\"https:\\\/\\\/shop.bantam.ch\\\/fr\\\/produit\\\/batterieladegerat-perfectcharge-mca1235\\\/\",\"name\":\"Batterieladeger\u00e4t PerfectCharge MCA1235 - Bantam Wankm\u00fcller SA\",\"isPartOf\":{\"@id\":\"https:\\\/\\\/shop.bantam.ch\\\/fr\\\/#website\"},\"primaryImageOfPage\":{\"@id\":\"https:\\\/\\\/shop.bantam.ch\\\/fr\\\/produit\\\/batterieladegerat-perfectcharge-mca1235\\\/#primaryimage\"},\"image\":{\"@id\":\"https:\\\/\\\/shop.bantam.ch\\\/fr\\\/produit\\\/batterieladegerat-perfectcharge-mca1235\\\/#primaryimage\"},\"thumbnailUrl\":\"https:\\\/\\\/shop.bantam.ch\\\/wp-content\\\/uploads\\\/2026\\\/01\\\/Movera-L-9963899100.jpg\",\"datePublished\":\"2026-01-06T14:52:13+00:00\",\"dateModified\":\"2026-04-17T21:48:41+00:00\",\"breadcrumb\":{\"@id\":\"https:\\\/\\\/shop.bantam.ch\\\/fr\\\/produit\\\/batterieladegerat-perfectcharge-mca1235\\\/#breadcrumb\"},\"inLanguage\":\"fr-FR\",\"potentialAction\":[{\"@type\":\"ReadAction\",\"target\":[\"https:\\\/\\\/shop.bantam.ch\\\/fr\\\/produit\\\/batterieladegerat-perfectcharge-mca1235\\\/\"]}]},{\"@type\":\"ImageObject\",\"inLanguage\":\"fr-FR\",\"@id\":\"https:\\\/\\\/shop.bantam.ch\\\/fr\\\/produit\\\/batterieladegerat-perfectcharge-mca1235\\\/#primaryimage\",\"url\":\"https:\\\/\\\/shop.bantam.ch\\\/wp-content\\\/uploads\\\/2026\\\/01\\\/Movera-L-9963899100.jpg\",\"contentUrl\":\"https:\\\/\\\/shop.bantam.ch\\\/wp-content\\\/uploads\\\/2026\\\/01\\\/Movera-L-9963899100.jpg\",\"width\":640,\"height\":640},{\"@type\":\"BreadcrumbList\",\"@id\":\"https:\\\/\\\/shop.bantam.ch\\\/fr\\\/produit\\\/batterieladegerat-perfectcharge-mca1235\\\/#breadcrumb\",\"itemListElement\":[{\"@type\":\"ListItem\",\"position\":1,\"name\":\"Accueil\",\"item\":\"https:\\\/\\\/shop.bantam.ch\\\/fr\\\/\"},{\"@type\":\"ListItem\",\"position\":2,\"name\":\"Boutique\",\"item\":\"https:\\\/\\\/shop.bantam.ch\\\/fr\\\/boutique\\\/\"},{\"@type\":\"ListItem\",\"position\":3,\"name\":\"Batterieladeger\u00e4t PerfectCharge MCA1235\"}]},{\"@type\":\"WebSite\",\"@id\":\"https:\\\/\\\/shop.bantam.ch\\\/fr\\\/#website\",\"url\":\"https:\\\/\\\/shop.bantam.ch\\\/fr\\\/\",\"name\":\"Bantam Wankm\u00fcller SA\",\"description\":\"\",\"publisher\":{\"@id\":\"https:\\\/\\\/shop.bantam.ch\\\/fr\\\/#organization\"},\"inLanguage\":\"fr-FR\"},{\"@type\":\"Organization\",\"@id\":\"https:\\\/\\\/shop.bantam.ch\\\/fr\\\/#organization\",\"name\":\"Bantam Wankm\u00fcller SA\",\"url\":\"https:\\\/\\\/shop.bantam.ch\\\/fr\\\/\",\"logo\":{\"@type\":\"ImageObject\",\"inLanguage\":\"fr-FR\",\"@id\":\"https:\\\/\\\/shop.bantam.ch\\\/fr\\\/#\\\/schema\\\/logo\\\/image\\\/\",\"url\":\"https:\\\/\\\/shop.bantam.ch\\\/wp-content\\\/uploads\\\/2022\\\/12\\\/bantam-logo.png\",\"contentUrl\":\"https:\\\/\\\/shop.bantam.ch\\\/wp-content\\\/uploads\\\/2022\\\/12\\\/bantam-logo.png\",\"width\":320,\"height\":71,\"caption\":\"Bantam Wankm\u00fcller SA\"},\"image\":{\"@id\":\"https:\\\/\\\/shop.bantam.ch\\\/fr\\\/#\\\/schema\\\/logo\\\/image\\\/\"}}]}<\/script>\n<!-- \/ Yoast SEO plugin. -->","yoast_head_json":{"title":"Batterieladeger\u00e4t PerfectCharge MCA1235 - Bantam Wankm\u00fcller SA","robots":{"index":"index","follow":"follow","max-snippet":"max-snippet:-1","max-image-preview":"max-image-preview:large","max-video-preview":"max-video-preview:-1"},"canonical":"https:\/\/shop.bantam.ch\/fr\/produit\/batterieladegerat-perfectcharge-mca1235\/","og_locale":"fr_FR","og_type":"article","og_title":"Batterieladeger\u00e4t PerfectCharge MCA1235 - Bantam Wankm\u00fcller SA","og_description":"Chargeur PerfectCharge MCA+ IUoU Chargeurs de batterie IUoU avec courbe de charge Gel, AGM et LI charge en douceur des batteries 12 V avec technique de charge IUoU optimis\u00e9e \u00e0 6 niveaux et courbe de charge LI charge simultan\u00e9e de deux batteries plus la batterie de d\u00e9marrage comprend une interface de bus standard pour une [&hellip;]","og_url":"https:\/\/shop.bantam.ch\/fr\/produit\/batterieladegerat-perfectcharge-mca1235\/","og_site_name":"Bantam Wankm\u00fcller SA","article_modified_time":"2026-04-17T21:48:41+00:00","twitter_card":"summary_large_image","twitter_misc":{"Dur\u00e9e de lecture estim\u00e9e":"1 minute"},"schema":{"@context":"https:\/\/schema.org","@graph":[{"@type":"WebPage","@id":"https:\/\/shop.bantam.ch\/fr\/produit\/batterieladegerat-perfectcharge-mca1235\/","url":"https:\/\/shop.bantam.ch\/fr\/produit\/batterieladegerat-perfectcharge-mca1235\/","name":"Batterieladeger\u00e4t PerfectCharge MCA1235 - Bantam Wankm\u00fcller SA","isPartOf":{"@id":"https:\/\/shop.bantam.ch\/fr\/#website"},"primaryImageOfPage":{"@id":"https:\/\/shop.bantam.ch\/fr\/produit\/batterieladegerat-perfectcharge-mca1235\/#primaryimage"},"image":{"@id":"https:\/\/shop.bantam.ch\/fr\/produit\/batterieladegerat-perfectcharge-mca1235\/#primaryimage"},"thumbnailUrl":"https:\/\/shop.bantam.ch\/wp-content\/uploads\/2026\/01\/Movera-L-9963899100.jpg","datePublished":"2026-01-06T14:52:13+00:00","dateModified":"2026-04-17T21:48:41+00:00","breadcrumb":{"@id":"https:\/\/shop.bantam.ch\/fr\/produit\/batterieladegerat-perfectcharge-mca1235\/#breadcrumb"},"inLanguage":"fr-FR","potentialAction":[{"@type":"ReadAction","target":["https:\/\/shop.bantam.ch\/fr\/produit\/batterieladegerat-perfectcharge-mca1235\/"]}]},{"@type":"ImageObject","inLanguage":"fr-FR","@id":"https:\/\/shop.bantam.ch\/fr\/produit\/batterieladegerat-perfectcharge-mca1235\/#primaryimage","url":"https:\/\/shop.bantam.ch\/wp-content\/uploads\/2026\/01\/Movera-L-9963899100.jpg","contentUrl":"https:\/\/shop.bantam.ch\/wp-content\/uploads\/2026\/01\/Movera-L-9963899100.jpg","width":640,"height":640},{"@type":"BreadcrumbList","@id":"https:\/\/shop.bantam.ch\/fr\/produit\/batterieladegerat-perfectcharge-mca1235\/#breadcrumb","itemListElement":[{"@type":"ListItem","position":1,"name":"Accueil","item":"https:\/\/shop.bantam.ch\/fr\/"},{"@type":"ListItem","position":2,"name":"Boutique","item":"https:\/\/shop.bantam.ch\/fr\/boutique\/"},{"@type":"ListItem","position":3,"name":"Batterieladeger\u00e4t PerfectCharge MCA1235"}]},{"@type":"WebSite","@id":"https:\/\/shop.bantam.ch\/fr\/#website","url":"https:\/\/shop.bantam.ch\/fr\/","name":"Bantam Wankm\u00fcller SA","description":"","publisher":{"@id":"https:\/\/shop.bantam.ch\/fr\/#organization"},"inLanguage":"fr-FR"},{"@type":"Organization","@id":"https:\/\/shop.bantam.ch\/fr\/#organization","name":"Bantam Wankm\u00fcller SA","url":"https:\/\/shop.bantam.ch\/fr\/","logo":{"@type":"ImageObject","inLanguage":"fr-FR","@id":"https:\/\/shop.bantam.ch\/fr\/#\/schema\/logo\/image\/","url":"https:\/\/shop.bantam.ch\/wp-content\/uploads\/2022\/12\/bantam-logo.png","contentUrl":"https:\/\/shop.bantam.ch\/wp-content\/uploads\/2022\/12\/bantam-logo.png","width":320,"height":71,"caption":"Bantam Wankm\u00fcller SA"},"image":{"@id":"https:\/\/shop.bantam.ch\/fr\/#\/schema\/logo\/image\/"}}]}},"_links":{"self":[{"href":"https:\/\/shop.bantam.ch\/fr\/wp-json\/wp\/v2\/product\/228381","targetHints":{"allow":["GET"]}}],"collection":[{"href":"https:\/\/shop.bantam.ch\/fr\/wp-json\/wp\/v2\/product"}],"about":[{"href":"https:\/\/shop.bantam.ch\/fr\/wp-json\/wp\/v2\/types\/product"}],"wp:featuredmedia":[{"embeddable":true,"href":"https:\/\/shop.bantam.ch\/fr\/wp-json\/wp\/v2\/media\/228379"}],"wp:attachment":[{"href":"https:\/\/shop.bantam.ch\/fr\/wp-json\/wp\/v2\/media?parent=228381"}],"wp:term":[{"taxonomy":"product_featured_cat","embeddable":true,"href":"https:\/\/shop.bantam.ch\/fr\/wp-json\/wp\/v2\/product_featured_cat?post=228381"},{"taxonomy":"product_brand","embeddable":true,"href":"https:\/\/shop.bantam.ch\/fr\/wp-json\/wp\/v2\/product_brand?post=228381"},{"taxonomy":"product_cat","embeddable":true,"href":"https:\/\/shop.bantam.ch\/fr\/wp-json\/wp\/v2\/product_cat?post=228381"},{"taxonomy":"product_tag","embeddable":true,"href":"https:\/\/shop.bantam.ch\/fr\/wp-json\/wp\/v2\/product_tag?post=228381"}],"curies":[{"name":"wp","href":"https:\/\/api.w.org\/{rel}","templated":true}]}}