{"id":228141,"date":"2026-01-06T15:47:18","date_gmt":"2026-01-06T14:47:18","guid":{"rendered":"https:\/\/shop.bantam.ch\/produit\/tapis-de-camping-dreamcatcher-10-cm\/"},"modified":"2026-04-18T23:51:48","modified_gmt":"2026-04-18T21:51:48","slug":"tapis-de-camping-dreamcatcher-10-cm","status":"publish","type":"product","link":"https:\/\/shop.bantam.ch\/fr\/produit\/tapis-de-camping-dreamcatcher-10-cm\/","title":{"rendered":"Tapis de camping Dreamcatcher 10 cm"},"content":{"rendered":"<p><!--StartFragment -->Profitez d&rsquo;un confort de sommeil fiable, o\u00f9 que vos aventures vous m\u00e8nent. Le matelas Outwell Dreamcatcher Single combine des fonctions pratiques et un design intelligent pour offrir aux couples, aux familles et aux campeurs avides de confort un meilleur sommeil en plein air. Les d\u00e9coupes horizontales innovantes des zones de soutien r\u00e9duisent le poids et l&rsquo;encombrement sans compromettre la stabilit\u00e9 ou le confort. Associ\u00e9 \u00e0 un dessus en polyester p\u00eache doux et silencieux et \u00e0 des parois lat\u00e9rales statiques, ce matelas offre un soutien \u00e9quilibr\u00e9 et une surface de couchage de qualit\u00e9. Une double valve plate \u00e0 haut d\u00e9bit permet de le gonfler et de le d\u00e9gonfler sans effort, tandis que sa taille de rangement compacte et le sac de transport fourni facilitent son transport. Bien entendu, il est \u00e9galement exempt de PFAS pour une utilisation plus s\u00fbre.<\/p>\n<\/p>\n<ul>\n<li>(Soutien de zone Elite pour un meilleur sommeil)<\/li>\n<li>La valve plate High-Flow am\u00e9liore le flux d&rsquo;air (Tissu ext\u00e9rieur polyester-p\u00eache doux et silencieux).<\/li>\n<li>Les canaux d&rsquo;air horizontaux r\u00e9duisent le poids et l&rsquo;encombrement.<\/li>\n<li>Sac de transport pour un stockage et un transport faciles<\/li>\n<li>Sans PFAS<\/li>\n<\/ul>\n<p>Mat\u00e9riau : 100 % polyester<\/p>\n<p><!--EndFragment --><\/p>\n","protected":false},"excerpt":{"rendered":"<p>Profitez d&rsquo;un confort de sommeil fiable, o\u00f9 que vos aventures vous m\u00e8nent. Le matelas Outwell Dreamcatcher Single combine des fonctions pratiques et un design intelligent pour offrir aux couples, aux familles et aux campeurs avides de confort un meilleur sommeil en plein air. Les d\u00e9coupes horizontales innovantes des zones de soutien r\u00e9duisent le poids et [&hellip;]<\/p>\n","protected":false},"featured_media":228131,"template":"","meta":{"_acf_changed":false},"product_featured_cat":[],"product_brand":[],"product_cat":[4353],"product_tag":[],"class_list":{"0":"post-228141","1":"product","2":"type-product","3":"status-publish","4":"has-post-thumbnail","6":"product_cat-lits-et-matelas-gonflables","8":"first","9":"instock","10":"taxable","11":"shipping-taxable","12":"purchasable","13":"product-type-simple"},"acf":[],"yoast_head":"<!-- This site is optimized with the Yoast SEO plugin v27.4 - https:\/\/yoast.com\/product\/yoast-seo-wordpress\/ -->\n<title>Tapis de camping Dreamcatcher 10 cm - Bantam Wankm\u00fcller SA<\/title>\n<meta name=\"robots\" content=\"index, follow, max-snippet:-1, max-image-preview:large, max-video-preview:-1\" \/>\n<link rel=\"canonical\" href=\"https:\/\/shop.bantam.ch\/fr\/produit\/tapis-de-camping-dreamcatcher-10-cm\/\" \/>\n<meta property=\"og:locale\" content=\"fr_FR\" \/>\n<meta property=\"og:type\" content=\"article\" \/>\n<meta property=\"og:title\" content=\"Tapis de camping Dreamcatcher 10 cm - Bantam Wankm\u00fcller SA\" \/>\n<meta property=\"og:description\" content=\"Profitez d&rsquo;un confort de sommeil fiable, o\u00f9 que vos aventures vous m\u00e8nent. Le matelas Outwell Dreamcatcher Single combine des fonctions pratiques et un design intelligent pour offrir aux couples, aux familles et aux campeurs avides de confort un meilleur sommeil en plein air. Les d\u00e9coupes horizontales innovantes des zones de soutien r\u00e9duisent le poids et [&hellip;]\" \/>\n<meta property=\"og:url\" content=\"https:\/\/shop.bantam.ch\/fr\/produit\/tapis-de-camping-dreamcatcher-10-cm\/\" \/>\n<meta property=\"og:site_name\" content=\"Bantam Wankm\u00fcller SA\" \/>\n<meta property=\"article:modified_time\" content=\"2026-04-18T21:51:48+00:00\" \/>\n<meta name=\"twitter:card\" content=\"summary_large_image\" \/>\n<meta name=\"twitter:label1\" content=\"Dur\u00e9e de lecture estim\u00e9e\" \/>\n\t<meta name=\"twitter:data1\" content=\"1 minute\" \/>\n<script type=\"application\/ld+json\" class=\"yoast-schema-graph\">{\"@context\":\"https:\\\/\\\/schema.org\",\"@graph\":[{\"@type\":\"WebPage\",\"@id\":\"https:\\\/\\\/shop.bantam.ch\\\/fr\\\/produit\\\/tapis-de-camping-dreamcatcher-10-cm\\\/\",\"url\":\"https:\\\/\\\/shop.bantam.ch\\\/fr\\\/produit\\\/tapis-de-camping-dreamcatcher-10-cm\\\/\",\"name\":\"Tapis de camping Dreamcatcher 10 cm - Bantam Wankm\u00fcller SA\",\"isPartOf\":{\"@id\":\"https:\\\/\\\/shop.bantam.ch\\\/fr\\\/#website\"},\"primaryImageOfPage\":{\"@id\":\"https:\\\/\\\/shop.bantam.ch\\\/fr\\\/produit\\\/tapis-de-camping-dreamcatcher-10-cm\\\/#primaryimage\"},\"image\":{\"@id\":\"https:\\\/\\\/shop.bantam.ch\\\/fr\\\/produit\\\/tapis-de-camping-dreamcatcher-10-cm\\\/#primaryimage\"},\"thumbnailUrl\":\"https:\\\/\\\/shop.bantam.ch\\\/wp-content\\\/uploads\\\/2026\\\/01\\\/Movera-L-9963853100.jpg\",\"datePublished\":\"2026-01-06T14:47:18+00:00\",\"dateModified\":\"2026-04-18T21:51:48+00:00\",\"breadcrumb\":{\"@id\":\"https:\\\/\\\/shop.bantam.ch\\\/fr\\\/produit\\\/tapis-de-camping-dreamcatcher-10-cm\\\/#breadcrumb\"},\"inLanguage\":\"fr-FR\",\"potentialAction\":[{\"@type\":\"ReadAction\",\"target\":[\"https:\\\/\\\/shop.bantam.ch\\\/fr\\\/produit\\\/tapis-de-camping-dreamcatcher-10-cm\\\/\"]}]},{\"@type\":\"ImageObject\",\"inLanguage\":\"fr-FR\",\"@id\":\"https:\\\/\\\/shop.bantam.ch\\\/fr\\\/produit\\\/tapis-de-camping-dreamcatcher-10-cm\\\/#primaryimage\",\"url\":\"https:\\\/\\\/shop.bantam.ch\\\/wp-content\\\/uploads\\\/2026\\\/01\\\/Movera-L-9963853100.jpg\",\"contentUrl\":\"https:\\\/\\\/shop.bantam.ch\\\/wp-content\\\/uploads\\\/2026\\\/01\\\/Movera-L-9963853100.jpg\",\"width\":640,\"height\":360},{\"@type\":\"BreadcrumbList\",\"@id\":\"https:\\\/\\\/shop.bantam.ch\\\/fr\\\/produit\\\/tapis-de-camping-dreamcatcher-10-cm\\\/#breadcrumb\",\"itemListElement\":[{\"@type\":\"ListItem\",\"position\":1,\"name\":\"Accueil\",\"item\":\"https:\\\/\\\/shop.bantam.ch\\\/fr\\\/\"},{\"@type\":\"ListItem\",\"position\":2,\"name\":\"Boutique\",\"item\":\"https:\\\/\\\/shop.bantam.ch\\\/fr\\\/boutique\\\/\"},{\"@type\":\"ListItem\",\"position\":3,\"name\":\"Tapis de camping Dreamcatcher 10 cm\"}]},{\"@type\":\"WebSite\",\"@id\":\"https:\\\/\\\/shop.bantam.ch\\\/fr\\\/#website\",\"url\":\"https:\\\/\\\/shop.bantam.ch\\\/fr\\\/\",\"name\":\"Bantam Wankm\u00fcller SA\",\"description\":\"\",\"publisher\":{\"@id\":\"https:\\\/\\\/shop.bantam.ch\\\/fr\\\/#organization\"},\"inLanguage\":\"fr-FR\"},{\"@type\":\"Organization\",\"@id\":\"https:\\\/\\\/shop.bantam.ch\\\/fr\\\/#organization\",\"name\":\"Bantam Wankm\u00fcller SA\",\"url\":\"https:\\\/\\\/shop.bantam.ch\\\/fr\\\/\",\"logo\":{\"@type\":\"ImageObject\",\"inLanguage\":\"fr-FR\",\"@id\":\"https:\\\/\\\/shop.bantam.ch\\\/fr\\\/#\\\/schema\\\/logo\\\/image\\\/\",\"url\":\"https:\\\/\\\/shop.bantam.ch\\\/wp-content\\\/uploads\\\/2022\\\/12\\\/bantam-logo.png\",\"contentUrl\":\"https:\\\/\\\/shop.bantam.ch\\\/wp-content\\\/uploads\\\/2022\\\/12\\\/bantam-logo.png\",\"width\":320,\"height\":71,\"caption\":\"Bantam Wankm\u00fcller SA\"},\"image\":{\"@id\":\"https:\\\/\\\/shop.bantam.ch\\\/fr\\\/#\\\/schema\\\/logo\\\/image\\\/\"}}]}<\/script>\n<!-- \/ Yoast SEO plugin. -->","yoast_head_json":{"title":"Tapis de camping Dreamcatcher 10 cm - Bantam Wankm\u00fcller SA","robots":{"index":"index","follow":"follow","max-snippet":"max-snippet:-1","max-image-preview":"max-image-preview:large","max-video-preview":"max-video-preview:-1"},"canonical":"https:\/\/shop.bantam.ch\/fr\/produit\/tapis-de-camping-dreamcatcher-10-cm\/","og_locale":"fr_FR","og_type":"article","og_title":"Tapis de camping Dreamcatcher 10 cm - Bantam Wankm\u00fcller SA","og_description":"Profitez d&rsquo;un confort de sommeil fiable, o\u00f9 que vos aventures vous m\u00e8nent. Le matelas Outwell Dreamcatcher Single combine des fonctions pratiques et un design intelligent pour offrir aux couples, aux familles et aux campeurs avides de confort un meilleur sommeil en plein air. Les d\u00e9coupes horizontales innovantes des zones de soutien r\u00e9duisent le poids et [&hellip;]","og_url":"https:\/\/shop.bantam.ch\/fr\/produit\/tapis-de-camping-dreamcatcher-10-cm\/","og_site_name":"Bantam Wankm\u00fcller SA","article_modified_time":"2026-04-18T21:51:48+00:00","twitter_card":"summary_large_image","twitter_misc":{"Dur\u00e9e de lecture estim\u00e9e":"1 minute"},"schema":{"@context":"https:\/\/schema.org","@graph":[{"@type":"WebPage","@id":"https:\/\/shop.bantam.ch\/fr\/produit\/tapis-de-camping-dreamcatcher-10-cm\/","url":"https:\/\/shop.bantam.ch\/fr\/produit\/tapis-de-camping-dreamcatcher-10-cm\/","name":"Tapis de camping Dreamcatcher 10 cm - Bantam Wankm\u00fcller SA","isPartOf":{"@id":"https:\/\/shop.bantam.ch\/fr\/#website"},"primaryImageOfPage":{"@id":"https:\/\/shop.bantam.ch\/fr\/produit\/tapis-de-camping-dreamcatcher-10-cm\/#primaryimage"},"image":{"@id":"https:\/\/shop.bantam.ch\/fr\/produit\/tapis-de-camping-dreamcatcher-10-cm\/#primaryimage"},"thumbnailUrl":"https:\/\/shop.bantam.ch\/wp-content\/uploads\/2026\/01\/Movera-L-9963853100.jpg","datePublished":"2026-01-06T14:47:18+00:00","dateModified":"2026-04-18T21:51:48+00:00","breadcrumb":{"@id":"https:\/\/shop.bantam.ch\/fr\/produit\/tapis-de-camping-dreamcatcher-10-cm\/#breadcrumb"},"inLanguage":"fr-FR","potentialAction":[{"@type":"ReadAction","target":["https:\/\/shop.bantam.ch\/fr\/produit\/tapis-de-camping-dreamcatcher-10-cm\/"]}]},{"@type":"ImageObject","inLanguage":"fr-FR","@id":"https:\/\/shop.bantam.ch\/fr\/produit\/tapis-de-camping-dreamcatcher-10-cm\/#primaryimage","url":"https:\/\/shop.bantam.ch\/wp-content\/uploads\/2026\/01\/Movera-L-9963853100.jpg","contentUrl":"https:\/\/shop.bantam.ch\/wp-content\/uploads\/2026\/01\/Movera-L-9963853100.jpg","width":640,"height":360},{"@type":"BreadcrumbList","@id":"https:\/\/shop.bantam.ch\/fr\/produit\/tapis-de-camping-dreamcatcher-10-cm\/#breadcrumb","itemListElement":[{"@type":"ListItem","position":1,"name":"Accueil","item":"https:\/\/shop.bantam.ch\/fr\/"},{"@type":"ListItem","position":2,"name":"Boutique","item":"https:\/\/shop.bantam.ch\/fr\/boutique\/"},{"@type":"ListItem","position":3,"name":"Tapis de camping Dreamcatcher 10 cm"}]},{"@type":"WebSite","@id":"https:\/\/shop.bantam.ch\/fr\/#website","url":"https:\/\/shop.bantam.ch\/fr\/","name":"Bantam Wankm\u00fcller SA","description":"","publisher":{"@id":"https:\/\/shop.bantam.ch\/fr\/#organization"},"inLanguage":"fr-FR"},{"@type":"Organization","@id":"https:\/\/shop.bantam.ch\/fr\/#organization","name":"Bantam Wankm\u00fcller SA","url":"https:\/\/shop.bantam.ch\/fr\/","logo":{"@type":"ImageObject","inLanguage":"fr-FR","@id":"https:\/\/shop.bantam.ch\/fr\/#\/schema\/logo\/image\/","url":"https:\/\/shop.bantam.ch\/wp-content\/uploads\/2022\/12\/bantam-logo.png","contentUrl":"https:\/\/shop.bantam.ch\/wp-content\/uploads\/2022\/12\/bantam-logo.png","width":320,"height":71,"caption":"Bantam Wankm\u00fcller SA"},"image":{"@id":"https:\/\/shop.bantam.ch\/fr\/#\/schema\/logo\/image\/"}}]}},"_links":{"self":[{"href":"https:\/\/shop.bantam.ch\/fr\/wp-json\/wp\/v2\/product\/228141","targetHints":{"allow":["GET"]}}],"collection":[{"href":"https:\/\/shop.bantam.ch\/fr\/wp-json\/wp\/v2\/product"}],"about":[{"href":"https:\/\/shop.bantam.ch\/fr\/wp-json\/wp\/v2\/types\/product"}],"wp:featuredmedia":[{"embeddable":true,"href":"https:\/\/shop.bantam.ch\/fr\/wp-json\/wp\/v2\/media\/228131"}],"wp:attachment":[{"href":"https:\/\/shop.bantam.ch\/fr\/wp-json\/wp\/v2\/media?parent=228141"}],"wp:term":[{"taxonomy":"product_featured_cat","embeddable":true,"href":"https:\/\/shop.bantam.ch\/fr\/wp-json\/wp\/v2\/product_featured_cat?post=228141"},{"taxonomy":"product_brand","embeddable":true,"href":"https:\/\/shop.bantam.ch\/fr\/wp-json\/wp\/v2\/product_brand?post=228141"},{"taxonomy":"product_cat","embeddable":true,"href":"https:\/\/shop.bantam.ch\/fr\/wp-json\/wp\/v2\/product_cat?post=228141"},{"taxonomy":"product_tag","embeddable":true,"href":"https:\/\/shop.bantam.ch\/fr\/wp-json\/wp\/v2\/product_tag?post=228141"}],"curies":[{"name":"wp","href":"https:\/\/api.w.org\/{rel}","templated":true}]}}