{"id":228069,"date":"2026-01-06T15:45:19","date_gmt":"2026-01-06T14:45:19","guid":{"rendered":"https:\/\/shop.bantam.ch\/produit\/lampe-de-camping-a-led-epsilon-bulb\/"},"modified":"2026-05-11T23:45:41","modified_gmt":"2026-05-11T21:45:41","slug":"lampe-de-camping-a-led-epsilon-bulb","status":"publish","type":"product","link":"https:\/\/shop.bantam.ch\/fr\/produit\/lampe-de-camping-a-led-epsilon-bulb\/","title":{"rendered":"Lampe de camping \u00e0 LED Epsilon Bulb"},"content":{"rendered":"<p><!--StartFragment -->L&rsquo;Epsilon Bulb d&rsquo;Outwell est une lampe suspendue compacte et pratique qui fournit un \u00e9clairage lumineux lors de vos aventures en camping. \u00c9quip\u00e9e d&rsquo;une lampe LED \u00e0 faible consommation d&rsquo;\u00e9nergie, cette ampoule est id\u00e9ale pour \u00e9clairer votre tente, votre auvent ou votre espace ext\u00e9rieur et peut \u00eatre r\u00e9gl\u00e9e pour vous permettre de choisir l&rsquo;ambiance qui vous convient. Son design l\u00e9ger et sa boucle de suspension int\u00e9gr\u00e9e permettent de l&rsquo;accrocher facilement n&rsquo;importe o\u00f9. Avec son installation simple et ses performances efficaces, cette ampoule est un excellent ajout \u00e0 votre \u00e9quipement de camping.<!--EndFragment --><\/p>\n","protected":false},"excerpt":{"rendered":"<p>L&rsquo;Epsilon Bulb d&rsquo;Outwell est une lampe suspendue compacte et pratique qui fournit un \u00e9clairage lumineux lors de vos aventures en camping. \u00c9quip\u00e9e d&rsquo;une lampe LED \u00e0 faible consommation d&rsquo;\u00e9nergie, cette ampoule est id\u00e9ale pour \u00e9clairer votre tente, votre auvent ou votre espace ext\u00e9rieur et peut \u00eatre r\u00e9gl\u00e9e pour vous permettre de choisir l&rsquo;ambiance qui vous [&hellip;]<\/p>\n","protected":false},"featured_media":228065,"template":"","meta":{"_acf_changed":false},"product_featured_cat":[],"product_brand":[],"product_cat":[4361],"product_tag":[],"class_list":{"0":"post-228069","1":"product","2":"type-product","3":"status-publish","4":"has-post-thumbnail","6":"product_cat-lampes-a-piles-et-rechargeables","8":"first","9":"instock","10":"taxable","11":"shipping-taxable","12":"purchasable","13":"product-type-simple"},"acf":[],"yoast_head":"<!-- This site is optimized with the Yoast SEO plugin v27.5 - https:\/\/yoast.com\/product\/yoast-seo-wordpress\/ -->\n<title>Lampe de camping \u00e0 LED Epsilon Bulb - Bantam<\/title>\n<meta name=\"robots\" content=\"index, follow, max-snippet:-1, max-image-preview:large, max-video-preview:-1\" \/>\n<link rel=\"canonical\" href=\"https:\/\/shop.bantam.ch\/fr\/produit\/lampe-de-camping-a-led-epsilon-bulb\/\" \/>\n<meta property=\"og:locale\" content=\"fr_FR\" \/>\n<meta property=\"og:type\" content=\"article\" \/>\n<meta property=\"og:title\" content=\"Lampe de camping \u00e0 LED Epsilon Bulb - Bantam\" \/>\n<meta property=\"og:description\" content=\"L&rsquo;Epsilon Bulb d&rsquo;Outwell est une lampe suspendue compacte et pratique qui fournit un \u00e9clairage lumineux lors de vos aventures en camping. \u00c9quip\u00e9e d&rsquo;une lampe LED \u00e0 faible consommation d&rsquo;\u00e9nergie, cette ampoule est id\u00e9ale pour \u00e9clairer votre tente, votre auvent ou votre espace ext\u00e9rieur et peut \u00eatre r\u00e9gl\u00e9e pour vous permettre de choisir l&rsquo;ambiance qui vous [&hellip;]\" \/>\n<meta property=\"og:url\" content=\"https:\/\/shop.bantam.ch\/fr\/produit\/lampe-de-camping-a-led-epsilon-bulb\/\" \/>\n<meta property=\"og:site_name\" content=\"Bantam\" \/>\n<meta property=\"article:modified_time\" content=\"2026-05-11T21:45:41+00:00\" \/>\n<meta name=\"twitter:card\" content=\"summary_large_image\" \/>\n<script type=\"application\/ld+json\" class=\"yoast-schema-graph\">{\"@context\":\"https:\\\/\\\/schema.org\",\"@graph\":[{\"@type\":\"WebPage\",\"@id\":\"https:\\\/\\\/shop.bantam.ch\\\/fr\\\/produit\\\/lampe-de-camping-a-led-epsilon-bulb\\\/\",\"url\":\"https:\\\/\\\/shop.bantam.ch\\\/fr\\\/produit\\\/lampe-de-camping-a-led-epsilon-bulb\\\/\",\"name\":\"Lampe de camping \u00e0 LED Epsilon Bulb - Bantam\",\"isPartOf\":{\"@id\":\"https:\\\/\\\/shop.bantam.ch\\\/fr\\\/#website\"},\"primaryImageOfPage\":{\"@id\":\"https:\\\/\\\/shop.bantam.ch\\\/fr\\\/produit\\\/lampe-de-camping-a-led-epsilon-bulb\\\/#primaryimage\"},\"image\":{\"@id\":\"https:\\\/\\\/shop.bantam.ch\\\/fr\\\/produit\\\/lampe-de-camping-a-led-epsilon-bulb\\\/#primaryimage\"},\"thumbnailUrl\":\"https:\\\/\\\/shop.bantam.ch\\\/wp-content\\\/uploads\\\/2026\\\/01\\\/Movera-L-9963838100.jpg\",\"datePublished\":\"2026-01-06T14:45:19+00:00\",\"dateModified\":\"2026-05-11T21:45:41+00:00\",\"breadcrumb\":{\"@id\":\"https:\\\/\\\/shop.bantam.ch\\\/fr\\\/produit\\\/lampe-de-camping-a-led-epsilon-bulb\\\/#breadcrumb\"},\"inLanguage\":\"fr-FR\",\"potentialAction\":[{\"@type\":\"ReadAction\",\"target\":[\"https:\\\/\\\/shop.bantam.ch\\\/fr\\\/produit\\\/lampe-de-camping-a-led-epsilon-bulb\\\/\"]}]},{\"@type\":\"ImageObject\",\"inLanguage\":\"fr-FR\",\"@id\":\"https:\\\/\\\/shop.bantam.ch\\\/fr\\\/produit\\\/lampe-de-camping-a-led-epsilon-bulb\\\/#primaryimage\",\"url\":\"https:\\\/\\\/shop.bantam.ch\\\/wp-content\\\/uploads\\\/2026\\\/01\\\/Movera-L-9963838100.jpg\",\"contentUrl\":\"https:\\\/\\\/shop.bantam.ch\\\/wp-content\\\/uploads\\\/2026\\\/01\\\/Movera-L-9963838100.jpg\",\"width\":640,\"height\":360},{\"@type\":\"BreadcrumbList\",\"@id\":\"https:\\\/\\\/shop.bantam.ch\\\/fr\\\/produit\\\/lampe-de-camping-a-led-epsilon-bulb\\\/#breadcrumb\",\"itemListElement\":[{\"@type\":\"ListItem\",\"position\":1,\"name\":\"Accueil\",\"item\":\"https:\\\/\\\/shop.bantam.ch\\\/fr\\\/\"},{\"@type\":\"ListItem\",\"position\":2,\"name\":\"Boutique\",\"item\":\"https:\\\/\\\/shop.bantam.ch\\\/fr\\\/boutique\\\/\"},{\"@type\":\"ListItem\",\"position\":3,\"name\":\"Lampe de camping \u00e0 LED Epsilon Bulb\"}]},{\"@type\":\"WebSite\",\"@id\":\"https:\\\/\\\/shop.bantam.ch\\\/fr\\\/#website\",\"url\":\"https:\\\/\\\/shop.bantam.ch\\\/fr\\\/\",\"name\":\"Bantam\",\"description\":\"\",\"publisher\":{\"@id\":\"https:\\\/\\\/shop.bantam.ch\\\/fr\\\/#organization\"},\"inLanguage\":\"fr-FR\"},{\"@type\":\"Organization\",\"@id\":\"https:\\\/\\\/shop.bantam.ch\\\/fr\\\/#organization\",\"name\":\"Bantam\",\"url\":\"https:\\\/\\\/shop.bantam.ch\\\/fr\\\/\",\"logo\":{\"@type\":\"ImageObject\",\"inLanguage\":\"fr-FR\",\"@id\":\"https:\\\/\\\/shop.bantam.ch\\\/fr\\\/#\\\/schema\\\/logo\\\/image\\\/\",\"url\":\"https:\\\/\\\/shop.bantam.ch\\\/wp-content\\\/uploads\\\/2022\\\/12\\\/bantam-logo.png\",\"contentUrl\":\"https:\\\/\\\/shop.bantam.ch\\\/wp-content\\\/uploads\\\/2022\\\/12\\\/bantam-logo.png\",\"width\":320,\"height\":71,\"caption\":\"Bantam\"},\"image\":{\"@id\":\"https:\\\/\\\/shop.bantam.ch\\\/fr\\\/#\\\/schema\\\/logo\\\/image\\\/\"}}]}<\/script>\n<!-- \/ Yoast SEO plugin. -->","yoast_head_json":{"title":"Lampe de camping \u00e0 LED Epsilon Bulb - Bantam","robots":{"index":"index","follow":"follow","max-snippet":"max-snippet:-1","max-image-preview":"max-image-preview:large","max-video-preview":"max-video-preview:-1"},"canonical":"https:\/\/shop.bantam.ch\/fr\/produit\/lampe-de-camping-a-led-epsilon-bulb\/","og_locale":"fr_FR","og_type":"article","og_title":"Lampe de camping \u00e0 LED Epsilon Bulb - Bantam","og_description":"L&rsquo;Epsilon Bulb d&rsquo;Outwell est une lampe suspendue compacte et pratique qui fournit un \u00e9clairage lumineux lors de vos aventures en camping. \u00c9quip\u00e9e d&rsquo;une lampe LED \u00e0 faible consommation d&rsquo;\u00e9nergie, cette ampoule est id\u00e9ale pour \u00e9clairer votre tente, votre auvent ou votre espace ext\u00e9rieur et peut \u00eatre r\u00e9gl\u00e9e pour vous permettre de choisir l&rsquo;ambiance qui vous [&hellip;]","og_url":"https:\/\/shop.bantam.ch\/fr\/produit\/lampe-de-camping-a-led-epsilon-bulb\/","og_site_name":"Bantam","article_modified_time":"2026-05-11T21:45:41+00:00","twitter_card":"summary_large_image","schema":{"@context":"https:\/\/schema.org","@graph":[{"@type":"WebPage","@id":"https:\/\/shop.bantam.ch\/fr\/produit\/lampe-de-camping-a-led-epsilon-bulb\/","url":"https:\/\/shop.bantam.ch\/fr\/produit\/lampe-de-camping-a-led-epsilon-bulb\/","name":"Lampe de camping \u00e0 LED Epsilon Bulb - Bantam","isPartOf":{"@id":"https:\/\/shop.bantam.ch\/fr\/#website"},"primaryImageOfPage":{"@id":"https:\/\/shop.bantam.ch\/fr\/produit\/lampe-de-camping-a-led-epsilon-bulb\/#primaryimage"},"image":{"@id":"https:\/\/shop.bantam.ch\/fr\/produit\/lampe-de-camping-a-led-epsilon-bulb\/#primaryimage"},"thumbnailUrl":"https:\/\/shop.bantam.ch\/wp-content\/uploads\/2026\/01\/Movera-L-9963838100.jpg","datePublished":"2026-01-06T14:45:19+00:00","dateModified":"2026-05-11T21:45:41+00:00","breadcrumb":{"@id":"https:\/\/shop.bantam.ch\/fr\/produit\/lampe-de-camping-a-led-epsilon-bulb\/#breadcrumb"},"inLanguage":"fr-FR","potentialAction":[{"@type":"ReadAction","target":["https:\/\/shop.bantam.ch\/fr\/produit\/lampe-de-camping-a-led-epsilon-bulb\/"]}]},{"@type":"ImageObject","inLanguage":"fr-FR","@id":"https:\/\/shop.bantam.ch\/fr\/produit\/lampe-de-camping-a-led-epsilon-bulb\/#primaryimage","url":"https:\/\/shop.bantam.ch\/wp-content\/uploads\/2026\/01\/Movera-L-9963838100.jpg","contentUrl":"https:\/\/shop.bantam.ch\/wp-content\/uploads\/2026\/01\/Movera-L-9963838100.jpg","width":640,"height":360},{"@type":"BreadcrumbList","@id":"https:\/\/shop.bantam.ch\/fr\/produit\/lampe-de-camping-a-led-epsilon-bulb\/#breadcrumb","itemListElement":[{"@type":"ListItem","position":1,"name":"Accueil","item":"https:\/\/shop.bantam.ch\/fr\/"},{"@type":"ListItem","position":2,"name":"Boutique","item":"https:\/\/shop.bantam.ch\/fr\/boutique\/"},{"@type":"ListItem","position":3,"name":"Lampe de camping \u00e0 LED Epsilon Bulb"}]},{"@type":"WebSite","@id":"https:\/\/shop.bantam.ch\/fr\/#website","url":"https:\/\/shop.bantam.ch\/fr\/","name":"Bantam","description":"","publisher":{"@id":"https:\/\/shop.bantam.ch\/fr\/#organization"},"inLanguage":"fr-FR"},{"@type":"Organization","@id":"https:\/\/shop.bantam.ch\/fr\/#organization","name":"Bantam","url":"https:\/\/shop.bantam.ch\/fr\/","logo":{"@type":"ImageObject","inLanguage":"fr-FR","@id":"https:\/\/shop.bantam.ch\/fr\/#\/schema\/logo\/image\/","url":"https:\/\/shop.bantam.ch\/wp-content\/uploads\/2022\/12\/bantam-logo.png","contentUrl":"https:\/\/shop.bantam.ch\/wp-content\/uploads\/2022\/12\/bantam-logo.png","width":320,"height":71,"caption":"Bantam"},"image":{"@id":"https:\/\/shop.bantam.ch\/fr\/#\/schema\/logo\/image\/"}}]}},"_links":{"self":[{"href":"https:\/\/shop.bantam.ch\/fr\/wp-json\/wp\/v2\/product\/228069","targetHints":{"allow":["GET"]}}],"collection":[{"href":"https:\/\/shop.bantam.ch\/fr\/wp-json\/wp\/v2\/product"}],"about":[{"href":"https:\/\/shop.bantam.ch\/fr\/wp-json\/wp\/v2\/types\/product"}],"wp:featuredmedia":[{"embeddable":true,"href":"https:\/\/shop.bantam.ch\/fr\/wp-json\/wp\/v2\/media\/228065"}],"wp:attachment":[{"href":"https:\/\/shop.bantam.ch\/fr\/wp-json\/wp\/v2\/media?parent=228069"}],"wp:term":[{"taxonomy":"product_featured_cat","embeddable":true,"href":"https:\/\/shop.bantam.ch\/fr\/wp-json\/wp\/v2\/product_featured_cat?post=228069"},{"taxonomy":"product_brand","embeddable":true,"href":"https:\/\/shop.bantam.ch\/fr\/wp-json\/wp\/v2\/product_brand?post=228069"},{"taxonomy":"product_cat","embeddable":true,"href":"https:\/\/shop.bantam.ch\/fr\/wp-json\/wp\/v2\/product_cat?post=228069"},{"taxonomy":"product_tag","embeddable":true,"href":"https:\/\/shop.bantam.ch\/fr\/wp-json\/wp\/v2\/product_tag?post=228069"}],"curies":[{"name":"wp","href":"https:\/\/api.w.org\/{rel}","templated":true}]}}