{"id":228055,"date":"2026-01-06T15:41:39","date_gmt":"2026-01-06T14:41:39","guid":{"rendered":"https:\/\/shop.bantam.ch\/produit\/pile-au-lithium-easy-bluetooth-200-ah-slim\/"},"modified":"2026-04-17T23:48:07","modified_gmt":"2026-04-17T21:48:07","slug":"pile-au-lithium-easy-bluetooth-200-ah-slim","status":"publish","type":"product","link":"https:\/\/shop.bantam.ch\/fr\/produit\/pile-au-lithium-easy-bluetooth-200-ah-slim\/","title":{"rendered":"Pile au lithium Easy Bluetooth 200 Ah Slim"},"content":{"rendered":"<p>Ces batteries au lithium-phosphate de fer ont \u00e9t\u00e9 sp\u00e9cialement con\u00e7ues et construites pour rendre la technologie du lithium accessible \u00e0 tous les camping-caristes, quel que soit leur budget !<\/p>\n<p>Caract\u00e9ristiques :<\/p>\n<ul>\n<li>BMS et relais de protection int\u00e9gr\u00e9s<\/li>\n<li>100 % d&rsquo;\u00e9nergie utilisable<\/li>\n<li>Puissance continue : 2400 W<\/li>\n<li>Convertisseur jusqu&rsquo;\u00e0 2000 W<\/li>\n<li>Charge recommand\u00e9e 50 A<\/li>\n<li>Charge maximale 200 A<\/li>\n<li>Longue dur\u00e9e de vie jusqu&rsquo;\u00e0 2.500 cycles (2x plus qu&rsquo;une batterie GEL)<\/li>\n<li>Peut \u00eatre install\u00e9e debout ou couch\u00e9e : sp\u00e9cialement con\u00e7ue pour \u00eatre install\u00e9e sous un si\u00e8ge \u00e0 l&rsquo;avant d&rsquo;un camping-car<\/li>\n<li>Application Antarion EASY + int\u00e9gr\u00e9e, disponible gratuitement pour Android et iOS (affichage de l&rsquo;\u00e9tat de charge, de la puissance entrante et sortante)<\/li>\n<li>Certificat R10\n\t<\/li>\n<\/ul>\n","protected":false},"excerpt":{"rendered":"<p>Ces batteries au lithium-phosphate de fer ont \u00e9t\u00e9 sp\u00e9cialement con\u00e7ues et construites pour rendre la technologie du lithium accessible \u00e0 tous les camping-caristes, quel que soit leur budget ! Caract\u00e9ristiques : BMS et relais de protection int\u00e9gr\u00e9s 100 % d&rsquo;\u00e9nergie utilisable Puissance continue : 2400 W Convertisseur jusqu&rsquo;\u00e0 2000 W Charge recommand\u00e9e 50 A Charge [&hellip;]<\/p>\n","protected":false},"featured_media":228051,"template":"","meta":{"_acf_changed":false},"product_featured_cat":[],"product_brand":[],"product_cat":[4903],"product_tag":[],"class_list":{"0":"post-228055","1":"product","2":"type-product","3":"status-publish","4":"has-post-thumbnail","6":"product_cat-batteries-de-bord","8":"first","9":"instock","10":"taxable","11":"shipping-taxable","12":"purchasable","13":"product-type-simple"},"acf":[],"yoast_head":"<!-- This site is optimized with the Yoast SEO plugin v27.4 - https:\/\/yoast.com\/product\/yoast-seo-wordpress\/ -->\n<title>Pile au lithium Easy Bluetooth 200 Ah Slim - Bantam Wankm\u00fcller SA<\/title>\n<meta name=\"robots\" content=\"index, follow, max-snippet:-1, max-image-preview:large, max-video-preview:-1\" \/>\n<link rel=\"canonical\" href=\"https:\/\/shop.bantam.ch\/fr\/produit\/pile-au-lithium-easy-bluetooth-200-ah-slim\/\" \/>\n<meta property=\"og:locale\" content=\"fr_FR\" \/>\n<meta property=\"og:type\" content=\"article\" \/>\n<meta property=\"og:title\" content=\"Pile au lithium Easy Bluetooth 200 Ah Slim - Bantam Wankm\u00fcller SA\" \/>\n<meta property=\"og:description\" content=\"Ces batteries au lithium-phosphate de fer ont \u00e9t\u00e9 sp\u00e9cialement con\u00e7ues et construites pour rendre la technologie du lithium accessible \u00e0 tous les camping-caristes, quel que soit leur budget ! Caract\u00e9ristiques : BMS et relais de protection int\u00e9gr\u00e9s 100 % d&rsquo;\u00e9nergie utilisable Puissance continue : 2400 W Convertisseur jusqu&rsquo;\u00e0 2000 W Charge recommand\u00e9e 50 A Charge [&hellip;]\" \/>\n<meta property=\"og:url\" content=\"https:\/\/shop.bantam.ch\/fr\/produit\/pile-au-lithium-easy-bluetooth-200-ah-slim\/\" \/>\n<meta property=\"og:site_name\" content=\"Bantam Wankm\u00fcller SA\" \/>\n<meta property=\"article:modified_time\" content=\"2026-04-17T21:48:07+00:00\" \/>\n<meta name=\"twitter:card\" content=\"summary_large_image\" \/>\n<meta name=\"twitter:label1\" content=\"Dur\u00e9e de lecture estim\u00e9e\" \/>\n\t<meta name=\"twitter:data1\" content=\"1 minute\" \/>\n<script type=\"application\/ld+json\" class=\"yoast-schema-graph\">{\"@context\":\"https:\\\/\\\/schema.org\",\"@graph\":[{\"@type\":\"WebPage\",\"@id\":\"https:\\\/\\\/shop.bantam.ch\\\/fr\\\/produit\\\/pile-au-lithium-easy-bluetooth-200-ah-slim\\\/\",\"url\":\"https:\\\/\\\/shop.bantam.ch\\\/fr\\\/produit\\\/pile-au-lithium-easy-bluetooth-200-ah-slim\\\/\",\"name\":\"Pile au lithium Easy Bluetooth 200 Ah Slim - Bantam Wankm\u00fcller SA\",\"isPartOf\":{\"@id\":\"https:\\\/\\\/shop.bantam.ch\\\/fr\\\/#website\"},\"primaryImageOfPage\":{\"@id\":\"https:\\\/\\\/shop.bantam.ch\\\/fr\\\/produit\\\/pile-au-lithium-easy-bluetooth-200-ah-slim\\\/#primaryimage\"},\"image\":{\"@id\":\"https:\\\/\\\/shop.bantam.ch\\\/fr\\\/produit\\\/pile-au-lithium-easy-bluetooth-200-ah-slim\\\/#primaryimage\"},\"thumbnailUrl\":\"https:\\\/\\\/shop.bantam.ch\\\/wp-content\\\/uploads\\\/2026\\\/01\\\/Movera-L-9963835100.png\",\"datePublished\":\"2026-01-06T14:41:39+00:00\",\"dateModified\":\"2026-04-17T21:48:07+00:00\",\"breadcrumb\":{\"@id\":\"https:\\\/\\\/shop.bantam.ch\\\/fr\\\/produit\\\/pile-au-lithium-easy-bluetooth-200-ah-slim\\\/#breadcrumb\"},\"inLanguage\":\"fr-FR\",\"potentialAction\":[{\"@type\":\"ReadAction\",\"target\":[\"https:\\\/\\\/shop.bantam.ch\\\/fr\\\/produit\\\/pile-au-lithium-easy-bluetooth-200-ah-slim\\\/\"]}]},{\"@type\":\"ImageObject\",\"inLanguage\":\"fr-FR\",\"@id\":\"https:\\\/\\\/shop.bantam.ch\\\/fr\\\/produit\\\/pile-au-lithium-easy-bluetooth-200-ah-slim\\\/#primaryimage\",\"url\":\"https:\\\/\\\/shop.bantam.ch\\\/wp-content\\\/uploads\\\/2026\\\/01\\\/Movera-L-9963835100.png\",\"contentUrl\":\"https:\\\/\\\/shop.bantam.ch\\\/wp-content\\\/uploads\\\/2026\\\/01\\\/Movera-L-9963835100.png\",\"width\":500,\"height\":500},{\"@type\":\"BreadcrumbList\",\"@id\":\"https:\\\/\\\/shop.bantam.ch\\\/fr\\\/produit\\\/pile-au-lithium-easy-bluetooth-200-ah-slim\\\/#breadcrumb\",\"itemListElement\":[{\"@type\":\"ListItem\",\"position\":1,\"name\":\"Accueil\",\"item\":\"https:\\\/\\\/shop.bantam.ch\\\/fr\\\/\"},{\"@type\":\"ListItem\",\"position\":2,\"name\":\"Boutique\",\"item\":\"https:\\\/\\\/shop.bantam.ch\\\/fr\\\/boutique\\\/\"},{\"@type\":\"ListItem\",\"position\":3,\"name\":\"Pile au lithium Easy Bluetooth 200 Ah Slim\"}]},{\"@type\":\"WebSite\",\"@id\":\"https:\\\/\\\/shop.bantam.ch\\\/fr\\\/#website\",\"url\":\"https:\\\/\\\/shop.bantam.ch\\\/fr\\\/\",\"name\":\"Bantam Wankm\u00fcller SA\",\"description\":\"\",\"publisher\":{\"@id\":\"https:\\\/\\\/shop.bantam.ch\\\/fr\\\/#organization\"},\"inLanguage\":\"fr-FR\"},{\"@type\":\"Organization\",\"@id\":\"https:\\\/\\\/shop.bantam.ch\\\/fr\\\/#organization\",\"name\":\"Bantam Wankm\u00fcller SA\",\"url\":\"https:\\\/\\\/shop.bantam.ch\\\/fr\\\/\",\"logo\":{\"@type\":\"ImageObject\",\"inLanguage\":\"fr-FR\",\"@id\":\"https:\\\/\\\/shop.bantam.ch\\\/fr\\\/#\\\/schema\\\/logo\\\/image\\\/\",\"url\":\"https:\\\/\\\/shop.bantam.ch\\\/wp-content\\\/uploads\\\/2022\\\/12\\\/bantam-logo.png\",\"contentUrl\":\"https:\\\/\\\/shop.bantam.ch\\\/wp-content\\\/uploads\\\/2022\\\/12\\\/bantam-logo.png\",\"width\":320,\"height\":71,\"caption\":\"Bantam Wankm\u00fcller SA\"},\"image\":{\"@id\":\"https:\\\/\\\/shop.bantam.ch\\\/fr\\\/#\\\/schema\\\/logo\\\/image\\\/\"}}]}<\/script>\n<!-- \/ Yoast SEO plugin. -->","yoast_head_json":{"title":"Pile au lithium Easy Bluetooth 200 Ah Slim - Bantam Wankm\u00fcller SA","robots":{"index":"index","follow":"follow","max-snippet":"max-snippet:-1","max-image-preview":"max-image-preview:large","max-video-preview":"max-video-preview:-1"},"canonical":"https:\/\/shop.bantam.ch\/fr\/produit\/pile-au-lithium-easy-bluetooth-200-ah-slim\/","og_locale":"fr_FR","og_type":"article","og_title":"Pile au lithium Easy Bluetooth 200 Ah Slim - Bantam Wankm\u00fcller SA","og_description":"Ces batteries au lithium-phosphate de fer ont \u00e9t\u00e9 sp\u00e9cialement con\u00e7ues et construites pour rendre la technologie du lithium accessible \u00e0 tous les camping-caristes, quel que soit leur budget ! Caract\u00e9ristiques : BMS et relais de protection int\u00e9gr\u00e9s 100 % d&rsquo;\u00e9nergie utilisable Puissance continue : 2400 W Convertisseur jusqu&rsquo;\u00e0 2000 W Charge recommand\u00e9e 50 A Charge [&hellip;]","og_url":"https:\/\/shop.bantam.ch\/fr\/produit\/pile-au-lithium-easy-bluetooth-200-ah-slim\/","og_site_name":"Bantam Wankm\u00fcller SA","article_modified_time":"2026-04-17T21:48:07+00:00","twitter_card":"summary_large_image","twitter_misc":{"Dur\u00e9e de lecture estim\u00e9e":"1 minute"},"schema":{"@context":"https:\/\/schema.org","@graph":[{"@type":"WebPage","@id":"https:\/\/shop.bantam.ch\/fr\/produit\/pile-au-lithium-easy-bluetooth-200-ah-slim\/","url":"https:\/\/shop.bantam.ch\/fr\/produit\/pile-au-lithium-easy-bluetooth-200-ah-slim\/","name":"Pile au lithium Easy Bluetooth 200 Ah Slim - Bantam Wankm\u00fcller SA","isPartOf":{"@id":"https:\/\/shop.bantam.ch\/fr\/#website"},"primaryImageOfPage":{"@id":"https:\/\/shop.bantam.ch\/fr\/produit\/pile-au-lithium-easy-bluetooth-200-ah-slim\/#primaryimage"},"image":{"@id":"https:\/\/shop.bantam.ch\/fr\/produit\/pile-au-lithium-easy-bluetooth-200-ah-slim\/#primaryimage"},"thumbnailUrl":"https:\/\/shop.bantam.ch\/wp-content\/uploads\/2026\/01\/Movera-L-9963835100.png","datePublished":"2026-01-06T14:41:39+00:00","dateModified":"2026-04-17T21:48:07+00:00","breadcrumb":{"@id":"https:\/\/shop.bantam.ch\/fr\/produit\/pile-au-lithium-easy-bluetooth-200-ah-slim\/#breadcrumb"},"inLanguage":"fr-FR","potentialAction":[{"@type":"ReadAction","target":["https:\/\/shop.bantam.ch\/fr\/produit\/pile-au-lithium-easy-bluetooth-200-ah-slim\/"]}]},{"@type":"ImageObject","inLanguage":"fr-FR","@id":"https:\/\/shop.bantam.ch\/fr\/produit\/pile-au-lithium-easy-bluetooth-200-ah-slim\/#primaryimage","url":"https:\/\/shop.bantam.ch\/wp-content\/uploads\/2026\/01\/Movera-L-9963835100.png","contentUrl":"https:\/\/shop.bantam.ch\/wp-content\/uploads\/2026\/01\/Movera-L-9963835100.png","width":500,"height":500},{"@type":"BreadcrumbList","@id":"https:\/\/shop.bantam.ch\/fr\/produit\/pile-au-lithium-easy-bluetooth-200-ah-slim\/#breadcrumb","itemListElement":[{"@type":"ListItem","position":1,"name":"Accueil","item":"https:\/\/shop.bantam.ch\/fr\/"},{"@type":"ListItem","position":2,"name":"Boutique","item":"https:\/\/shop.bantam.ch\/fr\/boutique\/"},{"@type":"ListItem","position":3,"name":"Pile au lithium Easy Bluetooth 200 Ah Slim"}]},{"@type":"WebSite","@id":"https:\/\/shop.bantam.ch\/fr\/#website","url":"https:\/\/shop.bantam.ch\/fr\/","name":"Bantam Wankm\u00fcller SA","description":"","publisher":{"@id":"https:\/\/shop.bantam.ch\/fr\/#organization"},"inLanguage":"fr-FR"},{"@type":"Organization","@id":"https:\/\/shop.bantam.ch\/fr\/#organization","name":"Bantam Wankm\u00fcller SA","url":"https:\/\/shop.bantam.ch\/fr\/","logo":{"@type":"ImageObject","inLanguage":"fr-FR","@id":"https:\/\/shop.bantam.ch\/fr\/#\/schema\/logo\/image\/","url":"https:\/\/shop.bantam.ch\/wp-content\/uploads\/2022\/12\/bantam-logo.png","contentUrl":"https:\/\/shop.bantam.ch\/wp-content\/uploads\/2022\/12\/bantam-logo.png","width":320,"height":71,"caption":"Bantam Wankm\u00fcller SA"},"image":{"@id":"https:\/\/shop.bantam.ch\/fr\/#\/schema\/logo\/image\/"}}]}},"_links":{"self":[{"href":"https:\/\/shop.bantam.ch\/fr\/wp-json\/wp\/v2\/product\/228055","targetHints":{"allow":["GET"]}}],"collection":[{"href":"https:\/\/shop.bantam.ch\/fr\/wp-json\/wp\/v2\/product"}],"about":[{"href":"https:\/\/shop.bantam.ch\/fr\/wp-json\/wp\/v2\/types\/product"}],"wp:featuredmedia":[{"embeddable":true,"href":"https:\/\/shop.bantam.ch\/fr\/wp-json\/wp\/v2\/media\/228051"}],"wp:attachment":[{"href":"https:\/\/shop.bantam.ch\/fr\/wp-json\/wp\/v2\/media?parent=228055"}],"wp:term":[{"taxonomy":"product_featured_cat","embeddable":true,"href":"https:\/\/shop.bantam.ch\/fr\/wp-json\/wp\/v2\/product_featured_cat?post=228055"},{"taxonomy":"product_brand","embeddable":true,"href":"https:\/\/shop.bantam.ch\/fr\/wp-json\/wp\/v2\/product_brand?post=228055"},{"taxonomy":"product_cat","embeddable":true,"href":"https:\/\/shop.bantam.ch\/fr\/wp-json\/wp\/v2\/product_cat?post=228055"},{"taxonomy":"product_tag","embeddable":true,"href":"https:\/\/shop.bantam.ch\/fr\/wp-json\/wp\/v2\/product_tag?post=228055"}],"curies":[{"name":"wp","href":"https:\/\/api.w.org\/{rel}","templated":true}]}}