{"id":227881,"date":"2026-01-06T15:37:02","date_gmt":"2026-01-06T14:37:02","guid":{"rendered":"https:\/\/shop.bantam.ch\/produit\/set-de-chaises-al-213-ct-40-2-x-chaise-pliante-table-filet\/"},"modified":"2026-05-03T23:45:39","modified_gmt":"2026-05-03T21:45:39","slug":"set-de-chaises-al-213-ct-40-2-x-chaise-pliante-table-filet","status":"publish","type":"product","link":"https:\/\/shop.bantam.ch\/fr\/produit\/set-de-chaises-al-213-ct-40-2-x-chaise-pliante-table-filet\/","title":{"rendered":"Set de chaises AL\/213-CT-40 2 x chaise pliante + table + filet"},"content":{"rendered":"<p>Le set de chaises et de tables Crespo se compose d&rsquo;une table de camping avec un plateau renforc\u00e9 et de deux chaises pliantes compactes. Il comprend \u00e9galement un filet de rangement pratique pour la table et un sac de transport adapt\u00e9 pour l&rsquo;ensemble. Gr\u00e2ce \u00e0 son faible encombrement et \u00e0 son poids r\u00e9duit, le set est particuli\u00e8rement adapt\u00e9 aux fourgons et aux vans. Un set compos\u00e9 de 2 chaises AL-213 Classic Compact, d&rsquo;une table AL-246 avec filet de rangement et d&rsquo;un sac de transport. Tr\u00e8s pratique et id\u00e9al pour 2 personnes. Le set se transporte de mani\u00e8re tr\u00e8s compacte. Dans l&rsquo;ensemble, le set se plie de mani\u00e8re compacte et ne mesure que 16 cm d&rsquo;\u00e9paisseur.<\/p>\n<p>Mat\u00e9riaux :<br \/>\nHousse en tissu multifibre : 40 % polyester, 60 % PVC polychlorure de vinyle<br \/>\nStructure en aluminium<\/p>\n<p>Contenu de la livraison :<br \/>\n2 chaises de camping AL 213 avec appui-t\u00eate r\u00e9glable en continu et le dossier r\u00e9glable en 7 positions<br \/>\n1 table de camping AL\/246-09G avec plateau de table renforc\u00e9 de 101 x 65 cm<br \/>\n1 filet de rangement R\/248<br \/>\n1 sac de transport pour l&rsquo;ensemble complet<\/p>\n","protected":false},"excerpt":{"rendered":"<p>Le set de chaises et de tables Crespo se compose d&rsquo;une table de camping avec un plateau renforc\u00e9 et de deux chaises pliantes compactes. Il comprend \u00e9galement un filet de rangement pratique pour la table et un sac de transport adapt\u00e9 pour l&rsquo;ensemble. Gr\u00e2ce \u00e0 son faible encombrement et \u00e0 son poids r\u00e9duit, le set [&hellip;]<\/p>\n","protected":false},"featured_media":227875,"template":"","meta":{"_acf_changed":false},"product_featured_cat":[],"product_brand":[],"product_cat":[4971],"product_tag":[],"class_list":{"0":"post-227881","1":"product","2":"type-product","3":"status-publish","4":"has-post-thumbnail","6":"product_cat-chaises-de-camping","8":"first","9":"instock","10":"taxable","11":"shipping-taxable","12":"purchasable","13":"product-type-simple"},"acf":[],"yoast_head":"<!-- This site is optimized with the Yoast SEO plugin v27.5 - https:\/\/yoast.com\/product\/yoast-seo-wordpress\/ -->\n<title>Set de chaises AL\/213-CT-40 2 x chaise pliante + table + filet - Bantam<\/title>\n<meta name=\"robots\" content=\"index, follow, max-snippet:-1, max-image-preview:large, max-video-preview:-1\" \/>\n<link rel=\"canonical\" href=\"https:\/\/shop.bantam.ch\/fr\/produit\/set-de-chaises-al-213-ct-40-2-x-chaise-pliante-table-filet\/\" \/>\n<meta property=\"og:locale\" content=\"fr_FR\" \/>\n<meta property=\"og:type\" content=\"article\" \/>\n<meta property=\"og:title\" content=\"Set de chaises AL\/213-CT-40 2 x chaise pliante + table + filet - Bantam\" \/>\n<meta property=\"og:description\" content=\"Le set de chaises et de tables Crespo se compose d&rsquo;une table de camping avec un plateau renforc\u00e9 et de deux chaises pliantes compactes. Il comprend \u00e9galement un filet de rangement pratique pour la table et un sac de transport adapt\u00e9 pour l&rsquo;ensemble. Gr\u00e2ce \u00e0 son faible encombrement et \u00e0 son poids r\u00e9duit, le set [&hellip;]\" \/>\n<meta property=\"og:url\" content=\"https:\/\/shop.bantam.ch\/fr\/produit\/set-de-chaises-al-213-ct-40-2-x-chaise-pliante-table-filet\/\" \/>\n<meta property=\"og:site_name\" content=\"Bantam\" \/>\n<meta property=\"article:modified_time\" content=\"2026-05-03T21:45:39+00:00\" \/>\n<meta name=\"twitter:card\" content=\"summary_large_image\" \/>\n<meta name=\"twitter:label1\" content=\"Dur\u00e9e de lecture estim\u00e9e\" \/>\n\t<meta name=\"twitter:data1\" content=\"1 minute\" \/>\n<script type=\"application\/ld+json\" class=\"yoast-schema-graph\">{\"@context\":\"https:\\\/\\\/schema.org\",\"@graph\":[{\"@type\":\"WebPage\",\"@id\":\"https:\\\/\\\/shop.bantam.ch\\\/fr\\\/produit\\\/set-de-chaises-al-213-ct-40-2-x-chaise-pliante-table-filet\\\/\",\"url\":\"https:\\\/\\\/shop.bantam.ch\\\/fr\\\/produit\\\/set-de-chaises-al-213-ct-40-2-x-chaise-pliante-table-filet\\\/\",\"name\":\"Set de chaises AL\\\/213-CT-40 2 x chaise pliante + table + filet - Bantam\",\"isPartOf\":{\"@id\":\"https:\\\/\\\/shop.bantam.ch\\\/fr\\\/#website\"},\"primaryImageOfPage\":{\"@id\":\"https:\\\/\\\/shop.bantam.ch\\\/fr\\\/produit\\\/set-de-chaises-al-213-ct-40-2-x-chaise-pliante-table-filet\\\/#primaryimage\"},\"image\":{\"@id\":\"https:\\\/\\\/shop.bantam.ch\\\/fr\\\/produit\\\/set-de-chaises-al-213-ct-40-2-x-chaise-pliante-table-filet\\\/#primaryimage\"},\"thumbnailUrl\":\"https:\\\/\\\/shop.bantam.ch\\\/wp-content\\\/uploads\\\/2026\\\/01\\\/Movera-L-9963790100.jpg\",\"datePublished\":\"2026-01-06T14:37:02+00:00\",\"dateModified\":\"2026-05-03T21:45:39+00:00\",\"breadcrumb\":{\"@id\":\"https:\\\/\\\/shop.bantam.ch\\\/fr\\\/produit\\\/set-de-chaises-al-213-ct-40-2-x-chaise-pliante-table-filet\\\/#breadcrumb\"},\"inLanguage\":\"fr-FR\",\"potentialAction\":[{\"@type\":\"ReadAction\",\"target\":[\"https:\\\/\\\/shop.bantam.ch\\\/fr\\\/produit\\\/set-de-chaises-al-213-ct-40-2-x-chaise-pliante-table-filet\\\/\"]}]},{\"@type\":\"ImageObject\",\"inLanguage\":\"fr-FR\",\"@id\":\"https:\\\/\\\/shop.bantam.ch\\\/fr\\\/produit\\\/set-de-chaises-al-213-ct-40-2-x-chaise-pliante-table-filet\\\/#primaryimage\",\"url\":\"https:\\\/\\\/shop.bantam.ch\\\/wp-content\\\/uploads\\\/2026\\\/01\\\/Movera-L-9963790100.jpg\",\"contentUrl\":\"https:\\\/\\\/shop.bantam.ch\\\/wp-content\\\/uploads\\\/2026\\\/01\\\/Movera-L-9963790100.jpg\",\"width\":640,\"height\":428},{\"@type\":\"BreadcrumbList\",\"@id\":\"https:\\\/\\\/shop.bantam.ch\\\/fr\\\/produit\\\/set-de-chaises-al-213-ct-40-2-x-chaise-pliante-table-filet\\\/#breadcrumb\",\"itemListElement\":[{\"@type\":\"ListItem\",\"position\":1,\"name\":\"Accueil\",\"item\":\"https:\\\/\\\/shop.bantam.ch\\\/fr\\\/\"},{\"@type\":\"ListItem\",\"position\":2,\"name\":\"Boutique\",\"item\":\"https:\\\/\\\/shop.bantam.ch\\\/fr\\\/boutique\\\/\"},{\"@type\":\"ListItem\",\"position\":3,\"name\":\"Set de chaises AL\\\/213-CT-40 2 x chaise pliante + table + filet\"}]},{\"@type\":\"WebSite\",\"@id\":\"https:\\\/\\\/shop.bantam.ch\\\/fr\\\/#website\",\"url\":\"https:\\\/\\\/shop.bantam.ch\\\/fr\\\/\",\"name\":\"Bantam\",\"description\":\"\",\"publisher\":{\"@id\":\"https:\\\/\\\/shop.bantam.ch\\\/fr\\\/#organization\"},\"inLanguage\":\"fr-FR\"},{\"@type\":\"Organization\",\"@id\":\"https:\\\/\\\/shop.bantam.ch\\\/fr\\\/#organization\",\"name\":\"Bantam\",\"url\":\"https:\\\/\\\/shop.bantam.ch\\\/fr\\\/\",\"logo\":{\"@type\":\"ImageObject\",\"inLanguage\":\"fr-FR\",\"@id\":\"https:\\\/\\\/shop.bantam.ch\\\/fr\\\/#\\\/schema\\\/logo\\\/image\\\/\",\"url\":\"https:\\\/\\\/shop.bantam.ch\\\/wp-content\\\/uploads\\\/2022\\\/12\\\/bantam-logo.png\",\"contentUrl\":\"https:\\\/\\\/shop.bantam.ch\\\/wp-content\\\/uploads\\\/2022\\\/12\\\/bantam-logo.png\",\"width\":320,\"height\":71,\"caption\":\"Bantam\"},\"image\":{\"@id\":\"https:\\\/\\\/shop.bantam.ch\\\/fr\\\/#\\\/schema\\\/logo\\\/image\\\/\"}}]}<\/script>\n<!-- \/ Yoast SEO plugin. -->","yoast_head_json":{"title":"Set de chaises AL\/213-CT-40 2 x chaise pliante + table + filet - Bantam","robots":{"index":"index","follow":"follow","max-snippet":"max-snippet:-1","max-image-preview":"max-image-preview:large","max-video-preview":"max-video-preview:-1"},"canonical":"https:\/\/shop.bantam.ch\/fr\/produit\/set-de-chaises-al-213-ct-40-2-x-chaise-pliante-table-filet\/","og_locale":"fr_FR","og_type":"article","og_title":"Set de chaises AL\/213-CT-40 2 x chaise pliante + table + filet - Bantam","og_description":"Le set de chaises et de tables Crespo se compose d&rsquo;une table de camping avec un plateau renforc\u00e9 et de deux chaises pliantes compactes. Il comprend \u00e9galement un filet de rangement pratique pour la table et un sac de transport adapt\u00e9 pour l&rsquo;ensemble. Gr\u00e2ce \u00e0 son faible encombrement et \u00e0 son poids r\u00e9duit, le set [&hellip;]","og_url":"https:\/\/shop.bantam.ch\/fr\/produit\/set-de-chaises-al-213-ct-40-2-x-chaise-pliante-table-filet\/","og_site_name":"Bantam","article_modified_time":"2026-05-03T21:45:39+00:00","twitter_card":"summary_large_image","twitter_misc":{"Dur\u00e9e de lecture estim\u00e9e":"1 minute"},"schema":{"@context":"https:\/\/schema.org","@graph":[{"@type":"WebPage","@id":"https:\/\/shop.bantam.ch\/fr\/produit\/set-de-chaises-al-213-ct-40-2-x-chaise-pliante-table-filet\/","url":"https:\/\/shop.bantam.ch\/fr\/produit\/set-de-chaises-al-213-ct-40-2-x-chaise-pliante-table-filet\/","name":"Set de chaises AL\/213-CT-40 2 x chaise pliante + table + filet - Bantam","isPartOf":{"@id":"https:\/\/shop.bantam.ch\/fr\/#website"},"primaryImageOfPage":{"@id":"https:\/\/shop.bantam.ch\/fr\/produit\/set-de-chaises-al-213-ct-40-2-x-chaise-pliante-table-filet\/#primaryimage"},"image":{"@id":"https:\/\/shop.bantam.ch\/fr\/produit\/set-de-chaises-al-213-ct-40-2-x-chaise-pliante-table-filet\/#primaryimage"},"thumbnailUrl":"https:\/\/shop.bantam.ch\/wp-content\/uploads\/2026\/01\/Movera-L-9963790100.jpg","datePublished":"2026-01-06T14:37:02+00:00","dateModified":"2026-05-03T21:45:39+00:00","breadcrumb":{"@id":"https:\/\/shop.bantam.ch\/fr\/produit\/set-de-chaises-al-213-ct-40-2-x-chaise-pliante-table-filet\/#breadcrumb"},"inLanguage":"fr-FR","potentialAction":[{"@type":"ReadAction","target":["https:\/\/shop.bantam.ch\/fr\/produit\/set-de-chaises-al-213-ct-40-2-x-chaise-pliante-table-filet\/"]}]},{"@type":"ImageObject","inLanguage":"fr-FR","@id":"https:\/\/shop.bantam.ch\/fr\/produit\/set-de-chaises-al-213-ct-40-2-x-chaise-pliante-table-filet\/#primaryimage","url":"https:\/\/shop.bantam.ch\/wp-content\/uploads\/2026\/01\/Movera-L-9963790100.jpg","contentUrl":"https:\/\/shop.bantam.ch\/wp-content\/uploads\/2026\/01\/Movera-L-9963790100.jpg","width":640,"height":428},{"@type":"BreadcrumbList","@id":"https:\/\/shop.bantam.ch\/fr\/produit\/set-de-chaises-al-213-ct-40-2-x-chaise-pliante-table-filet\/#breadcrumb","itemListElement":[{"@type":"ListItem","position":1,"name":"Accueil","item":"https:\/\/shop.bantam.ch\/fr\/"},{"@type":"ListItem","position":2,"name":"Boutique","item":"https:\/\/shop.bantam.ch\/fr\/boutique\/"},{"@type":"ListItem","position":3,"name":"Set de chaises AL\/213-CT-40 2 x chaise pliante + table + filet"}]},{"@type":"WebSite","@id":"https:\/\/shop.bantam.ch\/fr\/#website","url":"https:\/\/shop.bantam.ch\/fr\/","name":"Bantam","description":"","publisher":{"@id":"https:\/\/shop.bantam.ch\/fr\/#organization"},"inLanguage":"fr-FR"},{"@type":"Organization","@id":"https:\/\/shop.bantam.ch\/fr\/#organization","name":"Bantam","url":"https:\/\/shop.bantam.ch\/fr\/","logo":{"@type":"ImageObject","inLanguage":"fr-FR","@id":"https:\/\/shop.bantam.ch\/fr\/#\/schema\/logo\/image\/","url":"https:\/\/shop.bantam.ch\/wp-content\/uploads\/2022\/12\/bantam-logo.png","contentUrl":"https:\/\/shop.bantam.ch\/wp-content\/uploads\/2022\/12\/bantam-logo.png","width":320,"height":71,"caption":"Bantam"},"image":{"@id":"https:\/\/shop.bantam.ch\/fr\/#\/schema\/logo\/image\/"}}]}},"_links":{"self":[{"href":"https:\/\/shop.bantam.ch\/fr\/wp-json\/wp\/v2\/product\/227881","targetHints":{"allow":["GET"]}}],"collection":[{"href":"https:\/\/shop.bantam.ch\/fr\/wp-json\/wp\/v2\/product"}],"about":[{"href":"https:\/\/shop.bantam.ch\/fr\/wp-json\/wp\/v2\/types\/product"}],"wp:featuredmedia":[{"embeddable":true,"href":"https:\/\/shop.bantam.ch\/fr\/wp-json\/wp\/v2\/media\/227875"}],"wp:attachment":[{"href":"https:\/\/shop.bantam.ch\/fr\/wp-json\/wp\/v2\/media?parent=227881"}],"wp:term":[{"taxonomy":"product_featured_cat","embeddable":true,"href":"https:\/\/shop.bantam.ch\/fr\/wp-json\/wp\/v2\/product_featured_cat?post=227881"},{"taxonomy":"product_brand","embeddable":true,"href":"https:\/\/shop.bantam.ch\/fr\/wp-json\/wp\/v2\/product_brand?post=227881"},{"taxonomy":"product_cat","embeddable":true,"href":"https:\/\/shop.bantam.ch\/fr\/wp-json\/wp\/v2\/product_cat?post=227881"},{"taxonomy":"product_tag","embeddable":true,"href":"https:\/\/shop.bantam.ch\/fr\/wp-json\/wp\/v2\/product_tag?post=227881"}],"curies":[{"name":"wp","href":"https:\/\/api.w.org\/{rel}","templated":true}]}}