{"id":227839,"date":"2026-01-06T15:36:01","date_gmt":"2026-01-06T14:36:01","guid":{"rendered":"https:\/\/shop.bantam.ch\/produit\/batterie-au-lithium-power-210-ah-avec-bluetooth\/"},"modified":"2026-04-17T23:47:52","modified_gmt":"2026-04-17T21:47:52","slug":"batterie-au-lithium-power-210-ah-avec-bluetooth","status":"publish","type":"product","link":"https:\/\/shop.bantam.ch\/fr\/produit\/batterie-au-lithium-power-210-ah-avec-bluetooth\/","title":{"rendered":"Batterie au lithium Power 210 Ah avec Bluetooth"},"content":{"rendered":"<p>210Ah batterie au lithium POWER + ANTARION Bluetooth.<br \/>\nApplication int\u00e9gr\u00e9e Antarion Power +, accessible gratuitement sur Android et IOS (Permet d&rsquo;afficher l&rsquo;\u00e9tat de charge, la puissance entrante et sortante). BMS et relais de protection int\u00e9gr\u00e9s (Prot\u00e8ge contre les surtensions, les sous-tensions, les surintensit\u00e9s et les inversions de polarit\u00e9).<\/p>\n<p>Caract\u00e9ristiques :<\/p>\n<ul>\n<li>Puissance continue : 3.200W<\/li>\n<li>Puissance maximale sur 30 sec : 3.600 W<\/li>\n<li>Convertisseur jusqu&rsquo;\u00e0 3 000 W<\/li>\n<li>Charge jusqu&rsquo;\u00e0 150 A<\/li>\n<li>Temp\u00e9rature de fonctionnement 0\u00b0C \/ +45\u00b0C<\/li>\n<li>Plage de temp\u00e9rature de d\u00e9charge -20\u00b0C \/ +60\u00b0C<\/li>\n<li>Longue dur\u00e9e de vie jusqu&rsquo;\u00e0 4.000 cycles (\u00e0 100 % de d\u00e9charge)<\/li>\n<li>100% d&rsquo;\u00e9nergie utilisable : 2x mieux qu&rsquo;une batterie traditionnelle !<\/li>\n<li>Certificat R10.<\/li>\n<\/ul>\n<p>Garantie de 5 ans (batteries vendues \u00e0 partir du 1er janvier 2024).<\/p>\n","protected":false},"excerpt":{"rendered":"<p>210Ah batterie au lithium POWER + ANTARION Bluetooth. Application int\u00e9gr\u00e9e Antarion Power +, accessible gratuitement sur Android et IOS (Permet d&rsquo;afficher l&rsquo;\u00e9tat de charge, la puissance entrante et sortante). BMS et relais de protection int\u00e9gr\u00e9s (Prot\u00e8ge contre les surtensions, les sous-tensions, les surintensit\u00e9s et les inversions de polarit\u00e9). Caract\u00e9ristiques : Puissance continue : 3.200W Puissance [&hellip;]<\/p>\n","protected":false},"featured_media":227837,"template":"","meta":{"_acf_changed":false},"product_featured_cat":[],"product_brand":[],"product_cat":[4903],"product_tag":[],"class_list":{"0":"post-227839","1":"product","2":"type-product","3":"status-publish","4":"has-post-thumbnail","6":"product_cat-batteries-de-bord","8":"first","9":"instock","10":"taxable","11":"shipping-taxable","12":"purchasable","13":"product-type-simple"},"acf":[],"yoast_head":"<!-- This site is optimized with the Yoast SEO plugin v27.4 - https:\/\/yoast.com\/product\/yoast-seo-wordpress\/ -->\n<title>Batterie au lithium Power 210 Ah avec Bluetooth - Bantam Wankm\u00fcller SA<\/title>\n<meta name=\"robots\" content=\"index, follow, max-snippet:-1, max-image-preview:large, max-video-preview:-1\" \/>\n<link rel=\"canonical\" href=\"https:\/\/shop.bantam.ch\/fr\/produit\/batterie-au-lithium-power-210-ah-avec-bluetooth\/\" \/>\n<meta property=\"og:locale\" content=\"fr_FR\" \/>\n<meta property=\"og:type\" content=\"article\" \/>\n<meta property=\"og:title\" content=\"Batterie au lithium Power 210 Ah avec Bluetooth - Bantam Wankm\u00fcller SA\" \/>\n<meta property=\"og:description\" content=\"210Ah batterie au lithium POWER + ANTARION Bluetooth. Application int\u00e9gr\u00e9e Antarion Power +, accessible gratuitement sur Android et IOS (Permet d&rsquo;afficher l&rsquo;\u00e9tat de charge, la puissance entrante et sortante). BMS et relais de protection int\u00e9gr\u00e9s (Prot\u00e8ge contre les surtensions, les sous-tensions, les surintensit\u00e9s et les inversions de polarit\u00e9). Caract\u00e9ristiques : Puissance continue : 3.200W Puissance [&hellip;]\" \/>\n<meta property=\"og:url\" content=\"https:\/\/shop.bantam.ch\/fr\/produit\/batterie-au-lithium-power-210-ah-avec-bluetooth\/\" \/>\n<meta property=\"og:site_name\" content=\"Bantam Wankm\u00fcller SA\" \/>\n<meta property=\"article:modified_time\" content=\"2026-04-17T21:47:52+00:00\" \/>\n<meta name=\"twitter:card\" content=\"summary_large_image\" \/>\n<meta name=\"twitter:label1\" content=\"Dur\u00e9e de lecture estim\u00e9e\" \/>\n\t<meta name=\"twitter:data1\" content=\"1 minute\" \/>\n<script type=\"application\/ld+json\" class=\"yoast-schema-graph\">{\"@context\":\"https:\\\/\\\/schema.org\",\"@graph\":[{\"@type\":\"WebPage\",\"@id\":\"https:\\\/\\\/shop.bantam.ch\\\/fr\\\/produit\\\/batterie-au-lithium-power-210-ah-avec-bluetooth\\\/\",\"url\":\"https:\\\/\\\/shop.bantam.ch\\\/fr\\\/produit\\\/batterie-au-lithium-power-210-ah-avec-bluetooth\\\/\",\"name\":\"Batterie au lithium Power 210 Ah avec Bluetooth - Bantam Wankm\u00fcller SA\",\"isPartOf\":{\"@id\":\"https:\\\/\\\/shop.bantam.ch\\\/fr\\\/#website\"},\"primaryImageOfPage\":{\"@id\":\"https:\\\/\\\/shop.bantam.ch\\\/fr\\\/produit\\\/batterie-au-lithium-power-210-ah-avec-bluetooth\\\/#primaryimage\"},\"image\":{\"@id\":\"https:\\\/\\\/shop.bantam.ch\\\/fr\\\/produit\\\/batterie-au-lithium-power-210-ah-avec-bluetooth\\\/#primaryimage\"},\"thumbnailUrl\":\"https:\\\/\\\/shop.bantam.ch\\\/wp-content\\\/uploads\\\/2026\\\/01\\\/Movera-L-9963773100.png\",\"datePublished\":\"2026-01-06T14:36:01+00:00\",\"dateModified\":\"2026-04-17T21:47:52+00:00\",\"breadcrumb\":{\"@id\":\"https:\\\/\\\/shop.bantam.ch\\\/fr\\\/produit\\\/batterie-au-lithium-power-210-ah-avec-bluetooth\\\/#breadcrumb\"},\"inLanguage\":\"fr-FR\",\"potentialAction\":[{\"@type\":\"ReadAction\",\"target\":[\"https:\\\/\\\/shop.bantam.ch\\\/fr\\\/produit\\\/batterie-au-lithium-power-210-ah-avec-bluetooth\\\/\"]}]},{\"@type\":\"ImageObject\",\"inLanguage\":\"fr-FR\",\"@id\":\"https:\\\/\\\/shop.bantam.ch\\\/fr\\\/produit\\\/batterie-au-lithium-power-210-ah-avec-bluetooth\\\/#primaryimage\",\"url\":\"https:\\\/\\\/shop.bantam.ch\\\/wp-content\\\/uploads\\\/2026\\\/01\\\/Movera-L-9963773100.png\",\"contentUrl\":\"https:\\\/\\\/shop.bantam.ch\\\/wp-content\\\/uploads\\\/2026\\\/01\\\/Movera-L-9963773100.png\",\"width\":640,\"height\":640},{\"@type\":\"BreadcrumbList\",\"@id\":\"https:\\\/\\\/shop.bantam.ch\\\/fr\\\/produit\\\/batterie-au-lithium-power-210-ah-avec-bluetooth\\\/#breadcrumb\",\"itemListElement\":[{\"@type\":\"ListItem\",\"position\":1,\"name\":\"Accueil\",\"item\":\"https:\\\/\\\/shop.bantam.ch\\\/fr\\\/\"},{\"@type\":\"ListItem\",\"position\":2,\"name\":\"Boutique\",\"item\":\"https:\\\/\\\/shop.bantam.ch\\\/fr\\\/boutique\\\/\"},{\"@type\":\"ListItem\",\"position\":3,\"name\":\"Batterie au lithium Power 210 Ah avec Bluetooth\"}]},{\"@type\":\"WebSite\",\"@id\":\"https:\\\/\\\/shop.bantam.ch\\\/fr\\\/#website\",\"url\":\"https:\\\/\\\/shop.bantam.ch\\\/fr\\\/\",\"name\":\"Bantam Wankm\u00fcller SA\",\"description\":\"\",\"publisher\":{\"@id\":\"https:\\\/\\\/shop.bantam.ch\\\/fr\\\/#organization\"},\"inLanguage\":\"fr-FR\"},{\"@type\":\"Organization\",\"@id\":\"https:\\\/\\\/shop.bantam.ch\\\/fr\\\/#organization\",\"name\":\"Bantam Wankm\u00fcller SA\",\"url\":\"https:\\\/\\\/shop.bantam.ch\\\/fr\\\/\",\"logo\":{\"@type\":\"ImageObject\",\"inLanguage\":\"fr-FR\",\"@id\":\"https:\\\/\\\/shop.bantam.ch\\\/fr\\\/#\\\/schema\\\/logo\\\/image\\\/\",\"url\":\"https:\\\/\\\/shop.bantam.ch\\\/wp-content\\\/uploads\\\/2022\\\/12\\\/bantam-logo.png\",\"contentUrl\":\"https:\\\/\\\/shop.bantam.ch\\\/wp-content\\\/uploads\\\/2022\\\/12\\\/bantam-logo.png\",\"width\":320,\"height\":71,\"caption\":\"Bantam Wankm\u00fcller SA\"},\"image\":{\"@id\":\"https:\\\/\\\/shop.bantam.ch\\\/fr\\\/#\\\/schema\\\/logo\\\/image\\\/\"}}]}<\/script>\n<!-- \/ Yoast SEO plugin. -->","yoast_head_json":{"title":"Batterie au lithium Power 210 Ah avec Bluetooth - Bantam Wankm\u00fcller SA","robots":{"index":"index","follow":"follow","max-snippet":"max-snippet:-1","max-image-preview":"max-image-preview:large","max-video-preview":"max-video-preview:-1"},"canonical":"https:\/\/shop.bantam.ch\/fr\/produit\/batterie-au-lithium-power-210-ah-avec-bluetooth\/","og_locale":"fr_FR","og_type":"article","og_title":"Batterie au lithium Power 210 Ah avec Bluetooth - Bantam Wankm\u00fcller SA","og_description":"210Ah batterie au lithium POWER + ANTARION Bluetooth. Application int\u00e9gr\u00e9e Antarion Power +, accessible gratuitement sur Android et IOS (Permet d&rsquo;afficher l&rsquo;\u00e9tat de charge, la puissance entrante et sortante). BMS et relais de protection int\u00e9gr\u00e9s (Prot\u00e8ge contre les surtensions, les sous-tensions, les surintensit\u00e9s et les inversions de polarit\u00e9). Caract\u00e9ristiques : Puissance continue : 3.200W Puissance [&hellip;]","og_url":"https:\/\/shop.bantam.ch\/fr\/produit\/batterie-au-lithium-power-210-ah-avec-bluetooth\/","og_site_name":"Bantam Wankm\u00fcller SA","article_modified_time":"2026-04-17T21:47:52+00:00","twitter_card":"summary_large_image","twitter_misc":{"Dur\u00e9e de lecture estim\u00e9e":"1 minute"},"schema":{"@context":"https:\/\/schema.org","@graph":[{"@type":"WebPage","@id":"https:\/\/shop.bantam.ch\/fr\/produit\/batterie-au-lithium-power-210-ah-avec-bluetooth\/","url":"https:\/\/shop.bantam.ch\/fr\/produit\/batterie-au-lithium-power-210-ah-avec-bluetooth\/","name":"Batterie au lithium Power 210 Ah avec Bluetooth - Bantam Wankm\u00fcller SA","isPartOf":{"@id":"https:\/\/shop.bantam.ch\/fr\/#website"},"primaryImageOfPage":{"@id":"https:\/\/shop.bantam.ch\/fr\/produit\/batterie-au-lithium-power-210-ah-avec-bluetooth\/#primaryimage"},"image":{"@id":"https:\/\/shop.bantam.ch\/fr\/produit\/batterie-au-lithium-power-210-ah-avec-bluetooth\/#primaryimage"},"thumbnailUrl":"https:\/\/shop.bantam.ch\/wp-content\/uploads\/2026\/01\/Movera-L-9963773100.png","datePublished":"2026-01-06T14:36:01+00:00","dateModified":"2026-04-17T21:47:52+00:00","breadcrumb":{"@id":"https:\/\/shop.bantam.ch\/fr\/produit\/batterie-au-lithium-power-210-ah-avec-bluetooth\/#breadcrumb"},"inLanguage":"fr-FR","potentialAction":[{"@type":"ReadAction","target":["https:\/\/shop.bantam.ch\/fr\/produit\/batterie-au-lithium-power-210-ah-avec-bluetooth\/"]}]},{"@type":"ImageObject","inLanguage":"fr-FR","@id":"https:\/\/shop.bantam.ch\/fr\/produit\/batterie-au-lithium-power-210-ah-avec-bluetooth\/#primaryimage","url":"https:\/\/shop.bantam.ch\/wp-content\/uploads\/2026\/01\/Movera-L-9963773100.png","contentUrl":"https:\/\/shop.bantam.ch\/wp-content\/uploads\/2026\/01\/Movera-L-9963773100.png","width":640,"height":640},{"@type":"BreadcrumbList","@id":"https:\/\/shop.bantam.ch\/fr\/produit\/batterie-au-lithium-power-210-ah-avec-bluetooth\/#breadcrumb","itemListElement":[{"@type":"ListItem","position":1,"name":"Accueil","item":"https:\/\/shop.bantam.ch\/fr\/"},{"@type":"ListItem","position":2,"name":"Boutique","item":"https:\/\/shop.bantam.ch\/fr\/boutique\/"},{"@type":"ListItem","position":3,"name":"Batterie au lithium Power 210 Ah avec Bluetooth"}]},{"@type":"WebSite","@id":"https:\/\/shop.bantam.ch\/fr\/#website","url":"https:\/\/shop.bantam.ch\/fr\/","name":"Bantam Wankm\u00fcller SA","description":"","publisher":{"@id":"https:\/\/shop.bantam.ch\/fr\/#organization"},"inLanguage":"fr-FR"},{"@type":"Organization","@id":"https:\/\/shop.bantam.ch\/fr\/#organization","name":"Bantam Wankm\u00fcller SA","url":"https:\/\/shop.bantam.ch\/fr\/","logo":{"@type":"ImageObject","inLanguage":"fr-FR","@id":"https:\/\/shop.bantam.ch\/fr\/#\/schema\/logo\/image\/","url":"https:\/\/shop.bantam.ch\/wp-content\/uploads\/2022\/12\/bantam-logo.png","contentUrl":"https:\/\/shop.bantam.ch\/wp-content\/uploads\/2022\/12\/bantam-logo.png","width":320,"height":71,"caption":"Bantam Wankm\u00fcller SA"},"image":{"@id":"https:\/\/shop.bantam.ch\/fr\/#\/schema\/logo\/image\/"}}]}},"_links":{"self":[{"href":"https:\/\/shop.bantam.ch\/fr\/wp-json\/wp\/v2\/product\/227839","targetHints":{"allow":["GET"]}}],"collection":[{"href":"https:\/\/shop.bantam.ch\/fr\/wp-json\/wp\/v2\/product"}],"about":[{"href":"https:\/\/shop.bantam.ch\/fr\/wp-json\/wp\/v2\/types\/product"}],"wp:featuredmedia":[{"embeddable":true,"href":"https:\/\/shop.bantam.ch\/fr\/wp-json\/wp\/v2\/media\/227837"}],"wp:attachment":[{"href":"https:\/\/shop.bantam.ch\/fr\/wp-json\/wp\/v2\/media?parent=227839"}],"wp:term":[{"taxonomy":"product_featured_cat","embeddable":true,"href":"https:\/\/shop.bantam.ch\/fr\/wp-json\/wp\/v2\/product_featured_cat?post=227839"},{"taxonomy":"product_brand","embeddable":true,"href":"https:\/\/shop.bantam.ch\/fr\/wp-json\/wp\/v2\/product_brand?post=227839"},{"taxonomy":"product_cat","embeddable":true,"href":"https:\/\/shop.bantam.ch\/fr\/wp-json\/wp\/v2\/product_cat?post=227839"},{"taxonomy":"product_tag","embeddable":true,"href":"https:\/\/shop.bantam.ch\/fr\/wp-json\/wp\/v2\/product_tag?post=227839"}],"curies":[{"name":"wp","href":"https:\/\/api.w.org\/{rel}","templated":true}]}}