{"id":227691,"date":"2026-01-06T15:32:35","date_gmt":"2026-01-06T14:32:35","guid":{"rendered":"https:\/\/shop.bantam.ch\/produit\/insectifuge-sans-piqure-tropical-spray-a-pompe-100-ml\/"},"modified":"2026-04-17T23:47:44","modified_gmt":"2026-04-17T21:47:44","slug":"insectifuge-sans-piqure-tropical-spray-a-pompe-100-ml","status":"publish","type":"product","link":"https:\/\/shop.bantam.ch\/fr\/produit\/insectifuge-sans-piqure-tropical-spray-a-pompe-100-ml\/","title":{"rendered":"Insectifuge sans piq\u00fbre Tropical Spray \u00e0 pompe, 100 ml"},"content":{"rendered":"<p>Votre bouclier contre les moustiques et les tiques tropicaux<br \/>\nQue ce soit dans la for\u00eat tropicale, en safari ou en vacances \u00e0 la plage &#8211; dans les r\u00e9gions tropicales, les moustiques et les tiques ne sont pas seulement g\u00eanants, mais peuvent aussi transmettre des maladies dangereuses. Avec Ballistol Anti-Piq\u00fbres Tropical, tu es prot\u00e9g\u00e9 de mani\u00e8re fiable jusqu&rsquo;\u00e0 8 heures &#8211; sans DEET, mais avec de l&rsquo;icaridine (20 %) et du citrepel (5 %) hautement efficaces.<\/p>\n<p>Une protection maximale pour les aventures tropicales<br \/>\nGr\u00e2ce \u00e0 la combinaison innovante d&rsquo;icaridine &amp; de citrepel, Ballistol Anti-Piq\u00fbres Tropical repousse m\u00eame les moustiques les plus r\u00e9sistants dans les zones climatiques tropicales. R\u00e9sistant \u00e0 la transpiration et doux pour la peau, il reste efficace m\u00eame en cas d&rsquo;humidit\u00e9 \u00e9lev\u00e9e &#8211; parfait pour ta prochaine aventure !<br \/>\nApplication facile &#8211; sensation agr\u00e9able sur la peau<\/p>\n<p>P\u00e9n\u00e8tre rapidement &amp; ne graisse pas<br \/>\nSoigne la peau &amp; ne la dess\u00e8che pas<br \/>\nParfum doux et exotique &#8211; parfait pour les hommes &amp; les femmes<\/p>\n<p>Id\u00e9al pour les voyages lointains &amp; les aventures en plein air<br \/>\nQue ce soit pour un tour dans la jungle, un safari, un backpacking ou des vacances \u00e0 la plage &#8211; Ballistol Anti-Piq\u00fbres Tropical est ton compagnon id\u00e9al pour les r\u00e9gions tropicales.<br \/>\nFais confiance \u00e0 la qualit\u00e9 \u00e9prouv\u00e9e de Ballistol &#8211; pour des exp\u00e9riences de voyage sans souci !<\/p>\n<p>Recommandation d&rsquo;utilisation :<br \/>\nVaporiser uniform\u00e9ment Anti-Piq\u00fbres sur les zones de peau non prot\u00e9g\u00e9es (\u00e9galement les zones qui ne sont recouvertes que par de fins tissus vestimentaires). Pour l&rsquo;application sur le visage : vaporiser Anti-Piq\u00fbres sur la paume des mains et r\u00e9partir sur le visage. \u00c9viter le contour des yeux. Un adulte doit aider les enfants.<\/p>\n<p>Caract\u00e9ristiques :<\/p>\n<ul>\n<li>Jusqu&rsquo;\u00e0 8 heures de protection contre les moustiques tropicaux &amp; les tiques.<\/li>\n<li>Avec 20 % d&rsquo;icaridine + 5 % de citrepel &#8211; combinaison de substances actives hautement efficace<\/li>\n<li>Test\u00e9 dermatologiquement avec la mention \u00ab\u00a0tr\u00e8s bien\u00a0\u00bb &#8211; doux pour la peau<\/li>\n<li>Sans DEET &#8211; sans danger pour les enfants et les femmes enceintes<\/li>\n<li>Hautement tol\u00e9r\u00e9 &amp; r\u00e9sistant \u00e0 l&rsquo;humidit\u00e9 &#8211; id\u00e9al pour les voyages sous les tropiques<\/li>\n<li>Parfum agr\u00e9able et exotique &#8211; sans odeurs chimiques<\/li>\n<li>Convient \u00e0 la peau &amp; aux v\u00eatements &#8211; ne colle pas, ne tache pas<\/li>\n<\/ul>\n<p>Ingr\u00e9dients &amp; emballage :<br \/>\n20 % Icaridine + 5 % Citrepel<\/p>\n","protected":false},"excerpt":{"rendered":"<p>Votre bouclier contre les moustiques et les tiques tropicaux Que ce soit dans la for\u00eat tropicale, en safari ou en vacances \u00e0 la plage &#8211; dans les r\u00e9gions tropicales, les moustiques et les tiques ne sont pas seulement g\u00eanants, mais peuvent aussi transmettre des maladies dangereuses. Avec Ballistol Anti-Piq\u00fbres Tropical, tu es prot\u00e9g\u00e9 de mani\u00e8re [&hellip;]<\/p>\n","protected":false},"featured_media":227689,"template":"","meta":{"_acf_changed":false},"product_featured_cat":[],"product_brand":[],"product_cat":[4027],"product_tag":[],"class_list":{"0":"post-227691","1":"product","2":"type-product","3":"status-publish","4":"has-post-thumbnail","6":"product_cat-moustiquaires","8":"first","9":"instock","10":"taxable","11":"shipping-taxable","12":"purchasable","13":"product-type-simple"},"acf":[],"yoast_head":"<!-- This site is optimized with the Yoast SEO plugin v27.4 - https:\/\/yoast.com\/product\/yoast-seo-wordpress\/ -->\n<title>Insectifuge sans piq\u00fbre Tropical Spray \u00e0 pompe, 100 ml - Bantam Wankm\u00fcller SA<\/title>\n<meta name=\"robots\" content=\"index, follow, max-snippet:-1, max-image-preview:large, max-video-preview:-1\" \/>\n<link rel=\"canonical\" href=\"https:\/\/shop.bantam.ch\/fr\/produit\/insectifuge-sans-piqure-tropical-spray-a-pompe-100-ml\/\" \/>\n<meta property=\"og:locale\" content=\"fr_FR\" \/>\n<meta property=\"og:type\" content=\"article\" \/>\n<meta property=\"og:title\" content=\"Insectifuge sans piq\u00fbre Tropical Spray \u00e0 pompe, 100 ml - Bantam Wankm\u00fcller SA\" \/>\n<meta property=\"og:description\" content=\"Votre bouclier contre les moustiques et les tiques tropicaux Que ce soit dans la for\u00eat tropicale, en safari ou en vacances \u00e0 la plage &#8211; dans les r\u00e9gions tropicales, les moustiques et les tiques ne sont pas seulement g\u00eanants, mais peuvent aussi transmettre des maladies dangereuses. Avec Ballistol Anti-Piq\u00fbres Tropical, tu es prot\u00e9g\u00e9 de mani\u00e8re [&hellip;]\" \/>\n<meta property=\"og:url\" content=\"https:\/\/shop.bantam.ch\/fr\/produit\/insectifuge-sans-piqure-tropical-spray-a-pompe-100-ml\/\" \/>\n<meta property=\"og:site_name\" content=\"Bantam Wankm\u00fcller SA\" \/>\n<meta property=\"article:modified_time\" content=\"2026-04-17T21:47:44+00:00\" \/>\n<meta name=\"twitter:card\" content=\"summary_large_image\" \/>\n<meta name=\"twitter:label1\" content=\"Dur\u00e9e de lecture estim\u00e9e\" \/>\n\t<meta name=\"twitter:data1\" content=\"2 minutes\" \/>\n<script type=\"application\/ld+json\" class=\"yoast-schema-graph\">{\"@context\":\"https:\\\/\\\/schema.org\",\"@graph\":[{\"@type\":\"WebPage\",\"@id\":\"https:\\\/\\\/shop.bantam.ch\\\/fr\\\/produit\\\/insectifuge-sans-piqure-tropical-spray-a-pompe-100-ml\\\/\",\"url\":\"https:\\\/\\\/shop.bantam.ch\\\/fr\\\/produit\\\/insectifuge-sans-piqure-tropical-spray-a-pompe-100-ml\\\/\",\"name\":\"Insectifuge sans piq\u00fbre Tropical Spray \u00e0 pompe, 100 ml - Bantam Wankm\u00fcller SA\",\"isPartOf\":{\"@id\":\"https:\\\/\\\/shop.bantam.ch\\\/fr\\\/#website\"},\"primaryImageOfPage\":{\"@id\":\"https:\\\/\\\/shop.bantam.ch\\\/fr\\\/produit\\\/insectifuge-sans-piqure-tropical-spray-a-pompe-100-ml\\\/#primaryimage\"},\"image\":{\"@id\":\"https:\\\/\\\/shop.bantam.ch\\\/fr\\\/produit\\\/insectifuge-sans-piqure-tropical-spray-a-pompe-100-ml\\\/#primaryimage\"},\"thumbnailUrl\":\"https:\\\/\\\/shop.bantam.ch\\\/wp-content\\\/uploads\\\/2026\\\/01\\\/Movera-L-9963641100.jpg\",\"datePublished\":\"2026-01-06T14:32:35+00:00\",\"dateModified\":\"2026-04-17T21:47:44+00:00\",\"breadcrumb\":{\"@id\":\"https:\\\/\\\/shop.bantam.ch\\\/fr\\\/produit\\\/insectifuge-sans-piqure-tropical-spray-a-pompe-100-ml\\\/#breadcrumb\"},\"inLanguage\":\"fr-FR\",\"potentialAction\":[{\"@type\":\"ReadAction\",\"target\":[\"https:\\\/\\\/shop.bantam.ch\\\/fr\\\/produit\\\/insectifuge-sans-piqure-tropical-spray-a-pompe-100-ml\\\/\"]}]},{\"@type\":\"ImageObject\",\"inLanguage\":\"fr-FR\",\"@id\":\"https:\\\/\\\/shop.bantam.ch\\\/fr\\\/produit\\\/insectifuge-sans-piqure-tropical-spray-a-pompe-100-ml\\\/#primaryimage\",\"url\":\"https:\\\/\\\/shop.bantam.ch\\\/wp-content\\\/uploads\\\/2026\\\/01\\\/Movera-L-9963641100.jpg\",\"contentUrl\":\"https:\\\/\\\/shop.bantam.ch\\\/wp-content\\\/uploads\\\/2026\\\/01\\\/Movera-L-9963641100.jpg\",\"width\":640,\"height\":960},{\"@type\":\"BreadcrumbList\",\"@id\":\"https:\\\/\\\/shop.bantam.ch\\\/fr\\\/produit\\\/insectifuge-sans-piqure-tropical-spray-a-pompe-100-ml\\\/#breadcrumb\",\"itemListElement\":[{\"@type\":\"ListItem\",\"position\":1,\"name\":\"Accueil\",\"item\":\"https:\\\/\\\/shop.bantam.ch\\\/fr\\\/\"},{\"@type\":\"ListItem\",\"position\":2,\"name\":\"Boutique\",\"item\":\"https:\\\/\\\/shop.bantam.ch\\\/fr\\\/boutique\\\/\"},{\"@type\":\"ListItem\",\"position\":3,\"name\":\"Insectifuge sans piq\u00fbre Tropical Spray \u00e0 pompe, 100 ml\"}]},{\"@type\":\"WebSite\",\"@id\":\"https:\\\/\\\/shop.bantam.ch\\\/fr\\\/#website\",\"url\":\"https:\\\/\\\/shop.bantam.ch\\\/fr\\\/\",\"name\":\"Bantam Wankm\u00fcller SA\",\"description\":\"\",\"publisher\":{\"@id\":\"https:\\\/\\\/shop.bantam.ch\\\/fr\\\/#organization\"},\"inLanguage\":\"fr-FR\"},{\"@type\":\"Organization\",\"@id\":\"https:\\\/\\\/shop.bantam.ch\\\/fr\\\/#organization\",\"name\":\"Bantam Wankm\u00fcller SA\",\"url\":\"https:\\\/\\\/shop.bantam.ch\\\/fr\\\/\",\"logo\":{\"@type\":\"ImageObject\",\"inLanguage\":\"fr-FR\",\"@id\":\"https:\\\/\\\/shop.bantam.ch\\\/fr\\\/#\\\/schema\\\/logo\\\/image\\\/\",\"url\":\"https:\\\/\\\/shop.bantam.ch\\\/wp-content\\\/uploads\\\/2022\\\/12\\\/bantam-logo.png\",\"contentUrl\":\"https:\\\/\\\/shop.bantam.ch\\\/wp-content\\\/uploads\\\/2022\\\/12\\\/bantam-logo.png\",\"width\":320,\"height\":71,\"caption\":\"Bantam Wankm\u00fcller SA\"},\"image\":{\"@id\":\"https:\\\/\\\/shop.bantam.ch\\\/fr\\\/#\\\/schema\\\/logo\\\/image\\\/\"}}]}<\/script>\n<!-- \/ Yoast SEO plugin. -->","yoast_head_json":{"title":"Insectifuge sans piq\u00fbre Tropical Spray \u00e0 pompe, 100 ml - Bantam Wankm\u00fcller SA","robots":{"index":"index","follow":"follow","max-snippet":"max-snippet:-1","max-image-preview":"max-image-preview:large","max-video-preview":"max-video-preview:-1"},"canonical":"https:\/\/shop.bantam.ch\/fr\/produit\/insectifuge-sans-piqure-tropical-spray-a-pompe-100-ml\/","og_locale":"fr_FR","og_type":"article","og_title":"Insectifuge sans piq\u00fbre Tropical Spray \u00e0 pompe, 100 ml - Bantam Wankm\u00fcller SA","og_description":"Votre bouclier contre les moustiques et les tiques tropicaux Que ce soit dans la for\u00eat tropicale, en safari ou en vacances \u00e0 la plage &#8211; dans les r\u00e9gions tropicales, les moustiques et les tiques ne sont pas seulement g\u00eanants, mais peuvent aussi transmettre des maladies dangereuses. Avec Ballistol Anti-Piq\u00fbres Tropical, tu es prot\u00e9g\u00e9 de mani\u00e8re [&hellip;]","og_url":"https:\/\/shop.bantam.ch\/fr\/produit\/insectifuge-sans-piqure-tropical-spray-a-pompe-100-ml\/","og_site_name":"Bantam Wankm\u00fcller SA","article_modified_time":"2026-04-17T21:47:44+00:00","twitter_card":"summary_large_image","twitter_misc":{"Dur\u00e9e de lecture estim\u00e9e":"2 minutes"},"schema":{"@context":"https:\/\/schema.org","@graph":[{"@type":"WebPage","@id":"https:\/\/shop.bantam.ch\/fr\/produit\/insectifuge-sans-piqure-tropical-spray-a-pompe-100-ml\/","url":"https:\/\/shop.bantam.ch\/fr\/produit\/insectifuge-sans-piqure-tropical-spray-a-pompe-100-ml\/","name":"Insectifuge sans piq\u00fbre Tropical Spray \u00e0 pompe, 100 ml - Bantam Wankm\u00fcller SA","isPartOf":{"@id":"https:\/\/shop.bantam.ch\/fr\/#website"},"primaryImageOfPage":{"@id":"https:\/\/shop.bantam.ch\/fr\/produit\/insectifuge-sans-piqure-tropical-spray-a-pompe-100-ml\/#primaryimage"},"image":{"@id":"https:\/\/shop.bantam.ch\/fr\/produit\/insectifuge-sans-piqure-tropical-spray-a-pompe-100-ml\/#primaryimage"},"thumbnailUrl":"https:\/\/shop.bantam.ch\/wp-content\/uploads\/2026\/01\/Movera-L-9963641100.jpg","datePublished":"2026-01-06T14:32:35+00:00","dateModified":"2026-04-17T21:47:44+00:00","breadcrumb":{"@id":"https:\/\/shop.bantam.ch\/fr\/produit\/insectifuge-sans-piqure-tropical-spray-a-pompe-100-ml\/#breadcrumb"},"inLanguage":"fr-FR","potentialAction":[{"@type":"ReadAction","target":["https:\/\/shop.bantam.ch\/fr\/produit\/insectifuge-sans-piqure-tropical-spray-a-pompe-100-ml\/"]}]},{"@type":"ImageObject","inLanguage":"fr-FR","@id":"https:\/\/shop.bantam.ch\/fr\/produit\/insectifuge-sans-piqure-tropical-spray-a-pompe-100-ml\/#primaryimage","url":"https:\/\/shop.bantam.ch\/wp-content\/uploads\/2026\/01\/Movera-L-9963641100.jpg","contentUrl":"https:\/\/shop.bantam.ch\/wp-content\/uploads\/2026\/01\/Movera-L-9963641100.jpg","width":640,"height":960},{"@type":"BreadcrumbList","@id":"https:\/\/shop.bantam.ch\/fr\/produit\/insectifuge-sans-piqure-tropical-spray-a-pompe-100-ml\/#breadcrumb","itemListElement":[{"@type":"ListItem","position":1,"name":"Accueil","item":"https:\/\/shop.bantam.ch\/fr\/"},{"@type":"ListItem","position":2,"name":"Boutique","item":"https:\/\/shop.bantam.ch\/fr\/boutique\/"},{"@type":"ListItem","position":3,"name":"Insectifuge sans piq\u00fbre Tropical Spray \u00e0 pompe, 100 ml"}]},{"@type":"WebSite","@id":"https:\/\/shop.bantam.ch\/fr\/#website","url":"https:\/\/shop.bantam.ch\/fr\/","name":"Bantam Wankm\u00fcller SA","description":"","publisher":{"@id":"https:\/\/shop.bantam.ch\/fr\/#organization"},"inLanguage":"fr-FR"},{"@type":"Organization","@id":"https:\/\/shop.bantam.ch\/fr\/#organization","name":"Bantam Wankm\u00fcller SA","url":"https:\/\/shop.bantam.ch\/fr\/","logo":{"@type":"ImageObject","inLanguage":"fr-FR","@id":"https:\/\/shop.bantam.ch\/fr\/#\/schema\/logo\/image\/","url":"https:\/\/shop.bantam.ch\/wp-content\/uploads\/2022\/12\/bantam-logo.png","contentUrl":"https:\/\/shop.bantam.ch\/wp-content\/uploads\/2022\/12\/bantam-logo.png","width":320,"height":71,"caption":"Bantam Wankm\u00fcller SA"},"image":{"@id":"https:\/\/shop.bantam.ch\/fr\/#\/schema\/logo\/image\/"}}]}},"_links":{"self":[{"href":"https:\/\/shop.bantam.ch\/fr\/wp-json\/wp\/v2\/product\/227691","targetHints":{"allow":["GET"]}}],"collection":[{"href":"https:\/\/shop.bantam.ch\/fr\/wp-json\/wp\/v2\/product"}],"about":[{"href":"https:\/\/shop.bantam.ch\/fr\/wp-json\/wp\/v2\/types\/product"}],"wp:featuredmedia":[{"embeddable":true,"href":"https:\/\/shop.bantam.ch\/fr\/wp-json\/wp\/v2\/media\/227689"}],"wp:attachment":[{"href":"https:\/\/shop.bantam.ch\/fr\/wp-json\/wp\/v2\/media?parent=227691"}],"wp:term":[{"taxonomy":"product_featured_cat","embeddable":true,"href":"https:\/\/shop.bantam.ch\/fr\/wp-json\/wp\/v2\/product_featured_cat?post=227691"},{"taxonomy":"product_brand","embeddable":true,"href":"https:\/\/shop.bantam.ch\/fr\/wp-json\/wp\/v2\/product_brand?post=227691"},{"taxonomy":"product_cat","embeddable":true,"href":"https:\/\/shop.bantam.ch\/fr\/wp-json\/wp\/v2\/product_cat?post=227691"},{"taxonomy":"product_tag","embeddable":true,"href":"https:\/\/shop.bantam.ch\/fr\/wp-json\/wp\/v2\/product_tag?post=227691"}],"curies":[{"name":"wp","href":"https:\/\/api.w.org\/{rel}","templated":true}]}}