{"id":227687,"date":"2026-01-06T15:32:29","date_gmt":"2026-01-06T14:32:29","guid":{"rendered":"https:\/\/shop.bantam.ch\/produit\/insecticide-anti-piqure-tique-spray-a-pompe-100-ml\/"},"modified":"2026-04-17T23:47:38","modified_gmt":"2026-04-17T21:47:38","slug":"insecticide-anti-piqure-tique-spray-a-pompe-100-ml","status":"publish","type":"product","link":"https:\/\/shop.bantam.ch\/fr\/produit\/insecticide-anti-piqure-tique-spray-a-pompe-100-ml\/","title":{"rendered":"Insecticide Anti-Piq\u00fbre Tique Spray \u00e0 pompe, 100 ml"},"content":{"rendered":"<p>Votre compagnon fiable dans les champs, les for\u00eats et les prairies<br \/>\nProt\u00e9gez-vous et votre famille des piq\u00fbres de tiques &#8211; avec une protection durable et douce pour la peau ! La protection anti-tiques Ballistol sans piq\u00fbres a \u00e9t\u00e9 sp\u00e9cialement con\u00e7ue pour les amoureux de la nature, les sportifs de plein air, les chasseurs, les forestiers et les familles. Avec jusqu&rsquo;\u00e0 8 heures de protection contre les tiques et autres insectes piqueurs, vous pouvez profiter de la nature en toute tranquillit\u00e9 &#8211; sans vous soucier de la maladie de Lyme ou de la FSME.<\/p>\n<p>Une protection puissante avec un soin doux pour la peau.<br \/>\nGr\u00e2ce \u00e0 sa formule efficace \u00e0 base d&rsquo;icaridine (20 %), l&rsquo;Anti-tiques Ballistol sans piq\u00fbres \u00e9loigne les tiques de mani\u00e8re fiable. En m\u00eame temps, il contient des ingr\u00e9dients qui soignent la peau, la gardent souple et ne la dess\u00e8chent pas &#8211; parfait pour un usage quotidien.<\/p>\n<p>Agr\u00e9able \u00e0 utiliser &#8211; convient pour la peau et les v\u00eatements<br \/>\nFacile \u00e0 appliquer, p\u00e9n\u00e8tre rapidement &amp; ne laisse pas de sensation grasse<br \/>\nNe colle pas et ne tache pas les textiles<br \/>\nParfum agr\u00e9able et citronn\u00e9 &#8211; pas d&rsquo;odeurs chimiques g\u00eanantes<\/p>\n<p>Recommandation d&rsquo;utilisation :<br \/>\nVaporiser uniform\u00e9ment Anti-Piq\u00fbres sur les zones de peau non prot\u00e9g\u00e9es (y compris les zones couvertes par des v\u00eatements fins). Pour une utilisation sur le visage, vaporiser Anti-Piq\u00fbres sur la paume des mains et r\u00e9partir sur le visage. \u00c9viter le contour des yeux. Un adulte doit aider les enfants.<\/p>\n<p>Caract\u00e9ristiques :<\/p>\n<ul>\n<li>Jusqu&rsquo;\u00e0 8 heures de protection contre les tiques &amp; autres insectes.<\/li>\n<li>Avec 20 % d&rsquo;icaridine &#8211; substance active \u00e9prouv\u00e9e contre les tiques<\/li>\n<li>Test\u00e9 dermatologiquement avec la mention \u00ab\u00a0tr\u00e8s bien\u00a0\u00bb &#8211; doux pour la peau &amp; agr\u00e9able \u00e0 porter<\/li>\n<li>Sans DEET &#8211; s\u00fbr pour une utilisation r\u00e9guli\u00e8re<\/li>\n<li>Doux pour la peau &#8211; p\u00e9n\u00e8tre rapidement &amp; ne laisse pas de sensation collante<\/li>\n<li>Parfum agr\u00e9able et discret &#8211; convient aux hommes &amp; aux femmes<\/li>\n<li>Sans danger pour les femmes enceintes &amp; allaitantes<\/li>\n<\/ul>\n<p>Ingr\u00e9dient :<br \/>\n20 % d&rsquo;icaridine<\/p>\n","protected":false},"excerpt":{"rendered":"<p>Votre compagnon fiable dans les champs, les for\u00eats et les prairies Prot\u00e9gez-vous et votre famille des piq\u00fbres de tiques &#8211; avec une protection durable et douce pour la peau ! La protection anti-tiques Ballistol sans piq\u00fbres a \u00e9t\u00e9 sp\u00e9cialement con\u00e7ue pour les amoureux de la nature, les sportifs de plein air, les chasseurs, les forestiers [&hellip;]<\/p>\n","protected":false},"featured_media":227685,"template":"","meta":{"_acf_changed":false},"product_featured_cat":[],"product_brand":[],"product_cat":[4027],"product_tag":[],"class_list":{"0":"post-227687","1":"product","2":"type-product","3":"status-publish","4":"has-post-thumbnail","6":"product_cat-moustiquaires","8":"first","9":"instock","10":"taxable","11":"shipping-taxable","12":"purchasable","13":"product-type-simple"},"acf":[],"yoast_head":"<!-- This site is optimized with the Yoast SEO plugin v27.4 - https:\/\/yoast.com\/product\/yoast-seo-wordpress\/ -->\n<title>Insecticide Anti-Piq\u00fbre Tique Spray \u00e0 pompe, 100 ml - Bantam Wankm\u00fcller SA<\/title>\n<meta name=\"robots\" content=\"index, follow, max-snippet:-1, max-image-preview:large, max-video-preview:-1\" \/>\n<link rel=\"canonical\" href=\"https:\/\/shop.bantam.ch\/fr\/produit\/insecticide-anti-piqure-tique-spray-a-pompe-100-ml\/\" \/>\n<meta property=\"og:locale\" content=\"fr_FR\" \/>\n<meta property=\"og:type\" content=\"article\" \/>\n<meta property=\"og:title\" content=\"Insecticide Anti-Piq\u00fbre Tique Spray \u00e0 pompe, 100 ml - Bantam Wankm\u00fcller SA\" \/>\n<meta property=\"og:description\" content=\"Votre compagnon fiable dans les champs, les for\u00eats et les prairies Prot\u00e9gez-vous et votre famille des piq\u00fbres de tiques &#8211; avec une protection durable et douce pour la peau ! La protection anti-tiques Ballistol sans piq\u00fbres a \u00e9t\u00e9 sp\u00e9cialement con\u00e7ue pour les amoureux de la nature, les sportifs de plein air, les chasseurs, les forestiers [&hellip;]\" \/>\n<meta property=\"og:url\" content=\"https:\/\/shop.bantam.ch\/fr\/produit\/insecticide-anti-piqure-tique-spray-a-pompe-100-ml\/\" \/>\n<meta property=\"og:site_name\" content=\"Bantam Wankm\u00fcller SA\" \/>\n<meta property=\"article:modified_time\" content=\"2026-04-17T21:47:38+00:00\" \/>\n<meta name=\"twitter:card\" content=\"summary_large_image\" \/>\n<meta name=\"twitter:label1\" content=\"Dur\u00e9e de lecture estim\u00e9e\" \/>\n\t<meta name=\"twitter:data1\" content=\"2 minutes\" \/>\n<script type=\"application\/ld+json\" class=\"yoast-schema-graph\">{\"@context\":\"https:\\\/\\\/schema.org\",\"@graph\":[{\"@type\":\"WebPage\",\"@id\":\"https:\\\/\\\/shop.bantam.ch\\\/fr\\\/produit\\\/insecticide-anti-piqure-tique-spray-a-pompe-100-ml\\\/\",\"url\":\"https:\\\/\\\/shop.bantam.ch\\\/fr\\\/produit\\\/insecticide-anti-piqure-tique-spray-a-pompe-100-ml\\\/\",\"name\":\"Insecticide Anti-Piq\u00fbre Tique Spray \u00e0 pompe, 100 ml - Bantam Wankm\u00fcller SA\",\"isPartOf\":{\"@id\":\"https:\\\/\\\/shop.bantam.ch\\\/fr\\\/#website\"},\"primaryImageOfPage\":{\"@id\":\"https:\\\/\\\/shop.bantam.ch\\\/fr\\\/produit\\\/insecticide-anti-piqure-tique-spray-a-pompe-100-ml\\\/#primaryimage\"},\"image\":{\"@id\":\"https:\\\/\\\/shop.bantam.ch\\\/fr\\\/produit\\\/insecticide-anti-piqure-tique-spray-a-pompe-100-ml\\\/#primaryimage\"},\"thumbnailUrl\":\"https:\\\/\\\/shop.bantam.ch\\\/wp-content\\\/uploads\\\/2026\\\/01\\\/Movera-L-9963639100.jpg\",\"datePublished\":\"2026-01-06T14:32:29+00:00\",\"dateModified\":\"2026-04-17T21:47:38+00:00\",\"breadcrumb\":{\"@id\":\"https:\\\/\\\/shop.bantam.ch\\\/fr\\\/produit\\\/insecticide-anti-piqure-tique-spray-a-pompe-100-ml\\\/#breadcrumb\"},\"inLanguage\":\"fr-FR\",\"potentialAction\":[{\"@type\":\"ReadAction\",\"target\":[\"https:\\\/\\\/shop.bantam.ch\\\/fr\\\/produit\\\/insecticide-anti-piqure-tique-spray-a-pompe-100-ml\\\/\"]}]},{\"@type\":\"ImageObject\",\"inLanguage\":\"fr-FR\",\"@id\":\"https:\\\/\\\/shop.bantam.ch\\\/fr\\\/produit\\\/insecticide-anti-piqure-tique-spray-a-pompe-100-ml\\\/#primaryimage\",\"url\":\"https:\\\/\\\/shop.bantam.ch\\\/wp-content\\\/uploads\\\/2026\\\/01\\\/Movera-L-9963639100.jpg\",\"contentUrl\":\"https:\\\/\\\/shop.bantam.ch\\\/wp-content\\\/uploads\\\/2026\\\/01\\\/Movera-L-9963639100.jpg\",\"width\":640,\"height\":960},{\"@type\":\"BreadcrumbList\",\"@id\":\"https:\\\/\\\/shop.bantam.ch\\\/fr\\\/produit\\\/insecticide-anti-piqure-tique-spray-a-pompe-100-ml\\\/#breadcrumb\",\"itemListElement\":[{\"@type\":\"ListItem\",\"position\":1,\"name\":\"Accueil\",\"item\":\"https:\\\/\\\/shop.bantam.ch\\\/fr\\\/\"},{\"@type\":\"ListItem\",\"position\":2,\"name\":\"Boutique\",\"item\":\"https:\\\/\\\/shop.bantam.ch\\\/fr\\\/boutique\\\/\"},{\"@type\":\"ListItem\",\"position\":3,\"name\":\"Insecticide Anti-Piq\u00fbre Tique Spray \u00e0 pompe, 100 ml\"}]},{\"@type\":\"WebSite\",\"@id\":\"https:\\\/\\\/shop.bantam.ch\\\/fr\\\/#website\",\"url\":\"https:\\\/\\\/shop.bantam.ch\\\/fr\\\/\",\"name\":\"Bantam Wankm\u00fcller SA\",\"description\":\"\",\"publisher\":{\"@id\":\"https:\\\/\\\/shop.bantam.ch\\\/fr\\\/#organization\"},\"inLanguage\":\"fr-FR\"},{\"@type\":\"Organization\",\"@id\":\"https:\\\/\\\/shop.bantam.ch\\\/fr\\\/#organization\",\"name\":\"Bantam Wankm\u00fcller SA\",\"url\":\"https:\\\/\\\/shop.bantam.ch\\\/fr\\\/\",\"logo\":{\"@type\":\"ImageObject\",\"inLanguage\":\"fr-FR\",\"@id\":\"https:\\\/\\\/shop.bantam.ch\\\/fr\\\/#\\\/schema\\\/logo\\\/image\\\/\",\"url\":\"https:\\\/\\\/shop.bantam.ch\\\/wp-content\\\/uploads\\\/2022\\\/12\\\/bantam-logo.png\",\"contentUrl\":\"https:\\\/\\\/shop.bantam.ch\\\/wp-content\\\/uploads\\\/2022\\\/12\\\/bantam-logo.png\",\"width\":320,\"height\":71,\"caption\":\"Bantam Wankm\u00fcller SA\"},\"image\":{\"@id\":\"https:\\\/\\\/shop.bantam.ch\\\/fr\\\/#\\\/schema\\\/logo\\\/image\\\/\"}}]}<\/script>\n<!-- \/ Yoast SEO plugin. -->","yoast_head_json":{"title":"Insecticide Anti-Piq\u00fbre Tique Spray \u00e0 pompe, 100 ml - Bantam Wankm\u00fcller SA","robots":{"index":"index","follow":"follow","max-snippet":"max-snippet:-1","max-image-preview":"max-image-preview:large","max-video-preview":"max-video-preview:-1"},"canonical":"https:\/\/shop.bantam.ch\/fr\/produit\/insecticide-anti-piqure-tique-spray-a-pompe-100-ml\/","og_locale":"fr_FR","og_type":"article","og_title":"Insecticide Anti-Piq\u00fbre Tique Spray \u00e0 pompe, 100 ml - Bantam Wankm\u00fcller SA","og_description":"Votre compagnon fiable dans les champs, les for\u00eats et les prairies Prot\u00e9gez-vous et votre famille des piq\u00fbres de tiques &#8211; avec une protection durable et douce pour la peau ! La protection anti-tiques Ballistol sans piq\u00fbres a \u00e9t\u00e9 sp\u00e9cialement con\u00e7ue pour les amoureux de la nature, les sportifs de plein air, les chasseurs, les forestiers [&hellip;]","og_url":"https:\/\/shop.bantam.ch\/fr\/produit\/insecticide-anti-piqure-tique-spray-a-pompe-100-ml\/","og_site_name":"Bantam Wankm\u00fcller SA","article_modified_time":"2026-04-17T21:47:38+00:00","twitter_card":"summary_large_image","twitter_misc":{"Dur\u00e9e de lecture estim\u00e9e":"2 minutes"},"schema":{"@context":"https:\/\/schema.org","@graph":[{"@type":"WebPage","@id":"https:\/\/shop.bantam.ch\/fr\/produit\/insecticide-anti-piqure-tique-spray-a-pompe-100-ml\/","url":"https:\/\/shop.bantam.ch\/fr\/produit\/insecticide-anti-piqure-tique-spray-a-pompe-100-ml\/","name":"Insecticide Anti-Piq\u00fbre Tique Spray \u00e0 pompe, 100 ml - Bantam Wankm\u00fcller SA","isPartOf":{"@id":"https:\/\/shop.bantam.ch\/fr\/#website"},"primaryImageOfPage":{"@id":"https:\/\/shop.bantam.ch\/fr\/produit\/insecticide-anti-piqure-tique-spray-a-pompe-100-ml\/#primaryimage"},"image":{"@id":"https:\/\/shop.bantam.ch\/fr\/produit\/insecticide-anti-piqure-tique-spray-a-pompe-100-ml\/#primaryimage"},"thumbnailUrl":"https:\/\/shop.bantam.ch\/wp-content\/uploads\/2026\/01\/Movera-L-9963639100.jpg","datePublished":"2026-01-06T14:32:29+00:00","dateModified":"2026-04-17T21:47:38+00:00","breadcrumb":{"@id":"https:\/\/shop.bantam.ch\/fr\/produit\/insecticide-anti-piqure-tique-spray-a-pompe-100-ml\/#breadcrumb"},"inLanguage":"fr-FR","potentialAction":[{"@type":"ReadAction","target":["https:\/\/shop.bantam.ch\/fr\/produit\/insecticide-anti-piqure-tique-spray-a-pompe-100-ml\/"]}]},{"@type":"ImageObject","inLanguage":"fr-FR","@id":"https:\/\/shop.bantam.ch\/fr\/produit\/insecticide-anti-piqure-tique-spray-a-pompe-100-ml\/#primaryimage","url":"https:\/\/shop.bantam.ch\/wp-content\/uploads\/2026\/01\/Movera-L-9963639100.jpg","contentUrl":"https:\/\/shop.bantam.ch\/wp-content\/uploads\/2026\/01\/Movera-L-9963639100.jpg","width":640,"height":960},{"@type":"BreadcrumbList","@id":"https:\/\/shop.bantam.ch\/fr\/produit\/insecticide-anti-piqure-tique-spray-a-pompe-100-ml\/#breadcrumb","itemListElement":[{"@type":"ListItem","position":1,"name":"Accueil","item":"https:\/\/shop.bantam.ch\/fr\/"},{"@type":"ListItem","position":2,"name":"Boutique","item":"https:\/\/shop.bantam.ch\/fr\/boutique\/"},{"@type":"ListItem","position":3,"name":"Insecticide Anti-Piq\u00fbre Tique Spray \u00e0 pompe, 100 ml"}]},{"@type":"WebSite","@id":"https:\/\/shop.bantam.ch\/fr\/#website","url":"https:\/\/shop.bantam.ch\/fr\/","name":"Bantam Wankm\u00fcller SA","description":"","publisher":{"@id":"https:\/\/shop.bantam.ch\/fr\/#organization"},"inLanguage":"fr-FR"},{"@type":"Organization","@id":"https:\/\/shop.bantam.ch\/fr\/#organization","name":"Bantam Wankm\u00fcller SA","url":"https:\/\/shop.bantam.ch\/fr\/","logo":{"@type":"ImageObject","inLanguage":"fr-FR","@id":"https:\/\/shop.bantam.ch\/fr\/#\/schema\/logo\/image\/","url":"https:\/\/shop.bantam.ch\/wp-content\/uploads\/2022\/12\/bantam-logo.png","contentUrl":"https:\/\/shop.bantam.ch\/wp-content\/uploads\/2022\/12\/bantam-logo.png","width":320,"height":71,"caption":"Bantam Wankm\u00fcller SA"},"image":{"@id":"https:\/\/shop.bantam.ch\/fr\/#\/schema\/logo\/image\/"}}]}},"_links":{"self":[{"href":"https:\/\/shop.bantam.ch\/fr\/wp-json\/wp\/v2\/product\/227687","targetHints":{"allow":["GET"]}}],"collection":[{"href":"https:\/\/shop.bantam.ch\/fr\/wp-json\/wp\/v2\/product"}],"about":[{"href":"https:\/\/shop.bantam.ch\/fr\/wp-json\/wp\/v2\/types\/product"}],"wp:featuredmedia":[{"embeddable":true,"href":"https:\/\/shop.bantam.ch\/fr\/wp-json\/wp\/v2\/media\/227685"}],"wp:attachment":[{"href":"https:\/\/shop.bantam.ch\/fr\/wp-json\/wp\/v2\/media?parent=227687"}],"wp:term":[{"taxonomy":"product_featured_cat","embeddable":true,"href":"https:\/\/shop.bantam.ch\/fr\/wp-json\/wp\/v2\/product_featured_cat?post=227687"},{"taxonomy":"product_brand","embeddable":true,"href":"https:\/\/shop.bantam.ch\/fr\/wp-json\/wp\/v2\/product_brand?post=227687"},{"taxonomy":"product_cat","embeddable":true,"href":"https:\/\/shop.bantam.ch\/fr\/wp-json\/wp\/v2\/product_cat?post=227687"},{"taxonomy":"product_tag","embeddable":true,"href":"https:\/\/shop.bantam.ch\/fr\/wp-json\/wp\/v2\/product_tag?post=227687"}],"curies":[{"name":"wp","href":"https:\/\/api.w.org\/{rel}","templated":true}]}}