{"id":227663,"date":"2026-01-06T15:31:56","date_gmt":"2026-01-06T14:31:56","guid":{"rendered":"https:\/\/shop.bantam.ch\/produit\/nettoyant-pour-textiles-contenu-500-ml\/"},"modified":"2026-04-17T23:47:30","modified_gmt":"2026-04-17T21:47:30","slug":"nettoyant-pour-textiles-contenu-500-ml","status":"publish","type":"product","link":"https:\/\/shop.bantam.ch\/fr\/produit\/nettoyant-pour-textiles-contenu-500-ml\/","title":{"rendered":"Nettoyant pour textiles Contenu 500 ml"},"content":{"rendered":"<p>Le nettoyant pour coussins Crespo a \u00e9t\u00e9 sp\u00e9cialement con\u00e7u pour le nettoyage et l&rsquo;entretien optimal de tous les rev\u00eatements des chaises Crespo. Cette formule avanc\u00e9e \u00e9limine facilement la salet\u00e9, les taches et autres impuret\u00e9s sans endommager ni d\u00e9colorer le tissu. Ce nettoyant facile \u00e0 utiliser redonne \u00e0 vos chaises un aspect neuf, pour que vous puissiez toujours profiter d&rsquo;une assise fra\u00eeche et propre, que ce soit \u00e0 la maison ou au camping.<\/p>\n<p>Comment l&rsquo;utiliser ?<br \/>\nHumidifiez d&rsquo;abord la tache \u00e0 enlever, puis vaporisez le nettoyant textile sur la tache et laissez agir pendant environ 30 secondes, puis traitez la tache avec une brosse douce ou un chiffon, vaporisez d&rsquo;autres nettoyants textiles si n\u00e9cessaire. Ne laissez pas la tache s\u00e9cher, mais rincez-la abondamment \u00e0 l&rsquo;eau. Laissez s\u00e9cher soigneusement la surface, de pr\u00e9f\u00e9rence dans un endroit bien a\u00e9r\u00e9 (pas \u00e0 la lumi\u00e8re directe du soleil).<\/p>\n","protected":false},"excerpt":{"rendered":"<p>Le nettoyant pour coussins Crespo a \u00e9t\u00e9 sp\u00e9cialement con\u00e7u pour le nettoyage et l&rsquo;entretien optimal de tous les rev\u00eatements des chaises Crespo. Cette formule avanc\u00e9e \u00e9limine facilement la salet\u00e9, les taches et autres impuret\u00e9s sans endommager ni d\u00e9colorer le tissu. Ce nettoyant facile \u00e0 utiliser redonne \u00e0 vos chaises un aspect neuf, pour que vous [&hellip;]<\/p>\n","protected":false},"featured_media":227661,"template":"","meta":{"_acf_changed":false},"product_featured_cat":[],"product_brand":[],"product_cat":[5091],"product_tag":[],"class_list":{"0":"post-227663","1":"product","2":"type-product","3":"status-publish","4":"has-post-thumbnail","6":"product_cat-detergent-special","8":"first","9":"instock","10":"taxable","11":"shipping-taxable","12":"purchasable","13":"product-type-simple"},"acf":[],"yoast_head":"<!-- This site is optimized with the Yoast SEO plugin v27.4 - https:\/\/yoast.com\/product\/yoast-seo-wordpress\/ -->\n<title>Nettoyant pour textiles Contenu 500 ml - Bantam Wankm\u00fcller SA<\/title>\n<meta name=\"robots\" content=\"index, follow, max-snippet:-1, max-image-preview:large, max-video-preview:-1\" \/>\n<link rel=\"canonical\" href=\"https:\/\/shop.bantam.ch\/fr\/produit\/nettoyant-pour-textiles-contenu-500-ml\/\" \/>\n<meta property=\"og:locale\" content=\"fr_FR\" \/>\n<meta property=\"og:type\" content=\"article\" \/>\n<meta property=\"og:title\" content=\"Nettoyant pour textiles Contenu 500 ml - Bantam Wankm\u00fcller SA\" \/>\n<meta property=\"og:description\" content=\"Le nettoyant pour coussins Crespo a \u00e9t\u00e9 sp\u00e9cialement con\u00e7u pour le nettoyage et l&rsquo;entretien optimal de tous les rev\u00eatements des chaises Crespo. Cette formule avanc\u00e9e \u00e9limine facilement la salet\u00e9, les taches et autres impuret\u00e9s sans endommager ni d\u00e9colorer le tissu. Ce nettoyant facile \u00e0 utiliser redonne \u00e0 vos chaises un aspect neuf, pour que vous [&hellip;]\" \/>\n<meta property=\"og:url\" content=\"https:\/\/shop.bantam.ch\/fr\/produit\/nettoyant-pour-textiles-contenu-500-ml\/\" \/>\n<meta property=\"og:site_name\" content=\"Bantam Wankm\u00fcller SA\" \/>\n<meta property=\"article:modified_time\" content=\"2026-04-17T21:47:30+00:00\" \/>\n<meta name=\"twitter:card\" content=\"summary_large_image\" \/>\n<meta name=\"twitter:label1\" content=\"Dur\u00e9e de lecture estim\u00e9e\" \/>\n\t<meta name=\"twitter:data1\" content=\"1 minute\" \/>\n<script type=\"application\/ld+json\" class=\"yoast-schema-graph\">{\"@context\":\"https:\\\/\\\/schema.org\",\"@graph\":[{\"@type\":\"WebPage\",\"@id\":\"https:\\\/\\\/shop.bantam.ch\\\/fr\\\/produit\\\/nettoyant-pour-textiles-contenu-500-ml\\\/\",\"url\":\"https:\\\/\\\/shop.bantam.ch\\\/fr\\\/produit\\\/nettoyant-pour-textiles-contenu-500-ml\\\/\",\"name\":\"Nettoyant pour textiles Contenu 500 ml - Bantam Wankm\u00fcller SA\",\"isPartOf\":{\"@id\":\"https:\\\/\\\/shop.bantam.ch\\\/fr\\\/#website\"},\"primaryImageOfPage\":{\"@id\":\"https:\\\/\\\/shop.bantam.ch\\\/fr\\\/produit\\\/nettoyant-pour-textiles-contenu-500-ml\\\/#primaryimage\"},\"image\":{\"@id\":\"https:\\\/\\\/shop.bantam.ch\\\/fr\\\/produit\\\/nettoyant-pour-textiles-contenu-500-ml\\\/#primaryimage\"},\"thumbnailUrl\":\"https:\\\/\\\/shop.bantam.ch\\\/wp-content\\\/uploads\\\/2026\\\/01\\\/Movera-L-9966026100.jpg\",\"datePublished\":\"2026-01-06T14:31:56+00:00\",\"dateModified\":\"2026-04-17T21:47:30+00:00\",\"breadcrumb\":{\"@id\":\"https:\\\/\\\/shop.bantam.ch\\\/fr\\\/produit\\\/nettoyant-pour-textiles-contenu-500-ml\\\/#breadcrumb\"},\"inLanguage\":\"fr-FR\",\"potentialAction\":[{\"@type\":\"ReadAction\",\"target\":[\"https:\\\/\\\/shop.bantam.ch\\\/fr\\\/produit\\\/nettoyant-pour-textiles-contenu-500-ml\\\/\"]}]},{\"@type\":\"ImageObject\",\"inLanguage\":\"fr-FR\",\"@id\":\"https:\\\/\\\/shop.bantam.ch\\\/fr\\\/produit\\\/nettoyant-pour-textiles-contenu-500-ml\\\/#primaryimage\",\"url\":\"https:\\\/\\\/shop.bantam.ch\\\/wp-content\\\/uploads\\\/2026\\\/01\\\/Movera-L-9966026100.jpg\",\"contentUrl\":\"https:\\\/\\\/shop.bantam.ch\\\/wp-content\\\/uploads\\\/2026\\\/01\\\/Movera-L-9966026100.jpg\",\"width\":640,\"height\":807},{\"@type\":\"BreadcrumbList\",\"@id\":\"https:\\\/\\\/shop.bantam.ch\\\/fr\\\/produit\\\/nettoyant-pour-textiles-contenu-500-ml\\\/#breadcrumb\",\"itemListElement\":[{\"@type\":\"ListItem\",\"position\":1,\"name\":\"Accueil\",\"item\":\"https:\\\/\\\/shop.bantam.ch\\\/fr\\\/\"},{\"@type\":\"ListItem\",\"position\":2,\"name\":\"Boutique\",\"item\":\"https:\\\/\\\/shop.bantam.ch\\\/fr\\\/boutique\\\/\"},{\"@type\":\"ListItem\",\"position\":3,\"name\":\"Nettoyant pour textiles Contenu 500 ml\"}]},{\"@type\":\"WebSite\",\"@id\":\"https:\\\/\\\/shop.bantam.ch\\\/fr\\\/#website\",\"url\":\"https:\\\/\\\/shop.bantam.ch\\\/fr\\\/\",\"name\":\"Bantam Wankm\u00fcller SA\",\"description\":\"\",\"publisher\":{\"@id\":\"https:\\\/\\\/shop.bantam.ch\\\/fr\\\/#organization\"},\"inLanguage\":\"fr-FR\"},{\"@type\":\"Organization\",\"@id\":\"https:\\\/\\\/shop.bantam.ch\\\/fr\\\/#organization\",\"name\":\"Bantam Wankm\u00fcller SA\",\"url\":\"https:\\\/\\\/shop.bantam.ch\\\/fr\\\/\",\"logo\":{\"@type\":\"ImageObject\",\"inLanguage\":\"fr-FR\",\"@id\":\"https:\\\/\\\/shop.bantam.ch\\\/fr\\\/#\\\/schema\\\/logo\\\/image\\\/\",\"url\":\"https:\\\/\\\/shop.bantam.ch\\\/wp-content\\\/uploads\\\/2022\\\/12\\\/bantam-logo.png\",\"contentUrl\":\"https:\\\/\\\/shop.bantam.ch\\\/wp-content\\\/uploads\\\/2022\\\/12\\\/bantam-logo.png\",\"width\":320,\"height\":71,\"caption\":\"Bantam Wankm\u00fcller SA\"},\"image\":{\"@id\":\"https:\\\/\\\/shop.bantam.ch\\\/fr\\\/#\\\/schema\\\/logo\\\/image\\\/\"}}]}<\/script>\n<!-- \/ Yoast SEO plugin. -->","yoast_head_json":{"title":"Nettoyant pour textiles Contenu 500 ml - Bantam Wankm\u00fcller SA","robots":{"index":"index","follow":"follow","max-snippet":"max-snippet:-1","max-image-preview":"max-image-preview:large","max-video-preview":"max-video-preview:-1"},"canonical":"https:\/\/shop.bantam.ch\/fr\/produit\/nettoyant-pour-textiles-contenu-500-ml\/","og_locale":"fr_FR","og_type":"article","og_title":"Nettoyant pour textiles Contenu 500 ml - Bantam Wankm\u00fcller SA","og_description":"Le nettoyant pour coussins Crespo a \u00e9t\u00e9 sp\u00e9cialement con\u00e7u pour le nettoyage et l&rsquo;entretien optimal de tous les rev\u00eatements des chaises Crespo. Cette formule avanc\u00e9e \u00e9limine facilement la salet\u00e9, les taches et autres impuret\u00e9s sans endommager ni d\u00e9colorer le tissu. Ce nettoyant facile \u00e0 utiliser redonne \u00e0 vos chaises un aspect neuf, pour que vous [&hellip;]","og_url":"https:\/\/shop.bantam.ch\/fr\/produit\/nettoyant-pour-textiles-contenu-500-ml\/","og_site_name":"Bantam Wankm\u00fcller SA","article_modified_time":"2026-04-17T21:47:30+00:00","twitter_card":"summary_large_image","twitter_misc":{"Dur\u00e9e de lecture estim\u00e9e":"1 minute"},"schema":{"@context":"https:\/\/schema.org","@graph":[{"@type":"WebPage","@id":"https:\/\/shop.bantam.ch\/fr\/produit\/nettoyant-pour-textiles-contenu-500-ml\/","url":"https:\/\/shop.bantam.ch\/fr\/produit\/nettoyant-pour-textiles-contenu-500-ml\/","name":"Nettoyant pour textiles Contenu 500 ml - Bantam Wankm\u00fcller SA","isPartOf":{"@id":"https:\/\/shop.bantam.ch\/fr\/#website"},"primaryImageOfPage":{"@id":"https:\/\/shop.bantam.ch\/fr\/produit\/nettoyant-pour-textiles-contenu-500-ml\/#primaryimage"},"image":{"@id":"https:\/\/shop.bantam.ch\/fr\/produit\/nettoyant-pour-textiles-contenu-500-ml\/#primaryimage"},"thumbnailUrl":"https:\/\/shop.bantam.ch\/wp-content\/uploads\/2026\/01\/Movera-L-9966026100.jpg","datePublished":"2026-01-06T14:31:56+00:00","dateModified":"2026-04-17T21:47:30+00:00","breadcrumb":{"@id":"https:\/\/shop.bantam.ch\/fr\/produit\/nettoyant-pour-textiles-contenu-500-ml\/#breadcrumb"},"inLanguage":"fr-FR","potentialAction":[{"@type":"ReadAction","target":["https:\/\/shop.bantam.ch\/fr\/produit\/nettoyant-pour-textiles-contenu-500-ml\/"]}]},{"@type":"ImageObject","inLanguage":"fr-FR","@id":"https:\/\/shop.bantam.ch\/fr\/produit\/nettoyant-pour-textiles-contenu-500-ml\/#primaryimage","url":"https:\/\/shop.bantam.ch\/wp-content\/uploads\/2026\/01\/Movera-L-9966026100.jpg","contentUrl":"https:\/\/shop.bantam.ch\/wp-content\/uploads\/2026\/01\/Movera-L-9966026100.jpg","width":640,"height":807},{"@type":"BreadcrumbList","@id":"https:\/\/shop.bantam.ch\/fr\/produit\/nettoyant-pour-textiles-contenu-500-ml\/#breadcrumb","itemListElement":[{"@type":"ListItem","position":1,"name":"Accueil","item":"https:\/\/shop.bantam.ch\/fr\/"},{"@type":"ListItem","position":2,"name":"Boutique","item":"https:\/\/shop.bantam.ch\/fr\/boutique\/"},{"@type":"ListItem","position":3,"name":"Nettoyant pour textiles Contenu 500 ml"}]},{"@type":"WebSite","@id":"https:\/\/shop.bantam.ch\/fr\/#website","url":"https:\/\/shop.bantam.ch\/fr\/","name":"Bantam Wankm\u00fcller SA","description":"","publisher":{"@id":"https:\/\/shop.bantam.ch\/fr\/#organization"},"inLanguage":"fr-FR"},{"@type":"Organization","@id":"https:\/\/shop.bantam.ch\/fr\/#organization","name":"Bantam Wankm\u00fcller SA","url":"https:\/\/shop.bantam.ch\/fr\/","logo":{"@type":"ImageObject","inLanguage":"fr-FR","@id":"https:\/\/shop.bantam.ch\/fr\/#\/schema\/logo\/image\/","url":"https:\/\/shop.bantam.ch\/wp-content\/uploads\/2022\/12\/bantam-logo.png","contentUrl":"https:\/\/shop.bantam.ch\/wp-content\/uploads\/2022\/12\/bantam-logo.png","width":320,"height":71,"caption":"Bantam Wankm\u00fcller SA"},"image":{"@id":"https:\/\/shop.bantam.ch\/fr\/#\/schema\/logo\/image\/"}}]}},"_links":{"self":[{"href":"https:\/\/shop.bantam.ch\/fr\/wp-json\/wp\/v2\/product\/227663","targetHints":{"allow":["GET"]}}],"collection":[{"href":"https:\/\/shop.bantam.ch\/fr\/wp-json\/wp\/v2\/product"}],"about":[{"href":"https:\/\/shop.bantam.ch\/fr\/wp-json\/wp\/v2\/types\/product"}],"wp:featuredmedia":[{"embeddable":true,"href":"https:\/\/shop.bantam.ch\/fr\/wp-json\/wp\/v2\/media\/227661"}],"wp:attachment":[{"href":"https:\/\/shop.bantam.ch\/fr\/wp-json\/wp\/v2\/media?parent=227663"}],"wp:term":[{"taxonomy":"product_featured_cat","embeddable":true,"href":"https:\/\/shop.bantam.ch\/fr\/wp-json\/wp\/v2\/product_featured_cat?post=227663"},{"taxonomy":"product_brand","embeddable":true,"href":"https:\/\/shop.bantam.ch\/fr\/wp-json\/wp\/v2\/product_brand?post=227663"},{"taxonomy":"product_cat","embeddable":true,"href":"https:\/\/shop.bantam.ch\/fr\/wp-json\/wp\/v2\/product_cat?post=227663"},{"taxonomy":"product_tag","embeddable":true,"href":"https:\/\/shop.bantam.ch\/fr\/wp-json\/wp\/v2\/product_tag?post=227663"}],"curies":[{"name":"wp","href":"https:\/\/api.w.org\/{rel}","templated":true}]}}