{"id":227659,"date":"2026-01-06T15:31:50","date_gmt":"2026-01-06T14:31:50","guid":{"rendered":"https:\/\/shop.bantam.ch\/produit\/systeme-doccultation-sp-410-kit-de-vitres-laterales-adapte-au-ford-transit-v363-a-partir-de-lannee-de-construction-2019\/"},"modified":"2026-04-18T23:51:06","modified_gmt":"2026-04-18T21:51:06","slug":"systeme-doccultation-sp-410-kit-de-vitres-laterales-adapte-au-ford-transit-v363-a-partir-de-lannee-de-construction-2019","status":"publish","type":"product","link":"https:\/\/shop.bantam.ch\/fr\/produit\/systeme-doccultation-sp-410-kit-de-vitres-laterales-adapte-au-ford-transit-v363-a-partir-de-lannee-de-construction-2019\/","title":{"rendered":"Syst\u00e8me d&rsquo;occultation SP 410, kit de vitres lat\u00e9rales adapt\u00e9 au Ford Transit V363 \u00e0 partir de l&rsquo;ann\u00e9e de construction 2019"},"content":{"rendered":"<p>Les l\u00e8ve-tard et les fans de protection visuelle vont adorer le nouvel occultant de fen\u00eatre lat\u00e9rale SP 410 de Dometic. Il a \u00e9t\u00e9 sp\u00e9cialement con\u00e7u pour tous les mod\u00e8les Ford Transit V363 Facelift disponibles depuis juin 2019. Il s&rsquo;adapte \u00e0 la fen\u00eatre lat\u00e9rale et ressemble \u00e0 une pi\u00e8ce d&rsquo;origine. Le mat\u00e9riau alv\u00e9olaire doublement pliss\u00e9 est 100 % opaque et assure un obscurcissement efficace ainsi qu&rsquo;une isolation optimale contre la chaleur et le froid. Le montage est tr\u00e8s simple et rapide : il suffit de fixer le cadre et de maintenir l&rsquo;obscurcissement en place &#8211; sans d\u00e9monter les composants de la porte.<\/p>\n<ul>\n<li>Mat\u00e9riau alv\u00e9olaire doublement pliss\u00e9 pour une isolation optimis\u00e9e et une robustesse maximale.<\/li>\n<li>Obscurcissement efficace gr\u00e2ce \u00e0 un mat\u00e9riau 100 % opaque<\/li>\n<li>Manipulation simple et pratique avec une fonction de fermeture confortable<\/li>\n<li>Installation simple &#8211; pas besoin de d\u00e9monter les composants de la porte<\/li>\n<li>Construction particuli\u00e8rement l\u00e9g\u00e8re<\/li>\n<li>Finition parfaite : donne l&rsquo;impression optique d&rsquo;une solution int\u00e9gr\u00e9e<\/li>\n<li>Espace libre optimis\u00e9 pour la vue sur le r\u00e9troviseur c\u00f4t\u00e9 passager<\/li>\n<\/ul>\n","protected":false},"excerpt":{"rendered":"<p>Les l\u00e8ve-tard et les fans de protection visuelle vont adorer le nouvel occultant de fen\u00eatre lat\u00e9rale SP 410 de Dometic. Il a \u00e9t\u00e9 sp\u00e9cialement con\u00e7u pour tous les mod\u00e8les Ford Transit V363 Facelift disponibles depuis juin 2019. Il s&rsquo;adapte \u00e0 la fen\u00eatre lat\u00e9rale et ressemble \u00e0 une pi\u00e8ce d&rsquo;origine. Le mat\u00e9riau alv\u00e9olaire doublement pliss\u00e9 est [&hellip;]<\/p>\n","protected":false},"featured_media":227649,"template":"","meta":{"_acf_changed":false},"product_featured_cat":[],"product_brand":[],"product_cat":[4713],"product_tag":[],"class_list":{"0":"post-227659","1":"product","2":"type-product","3":"status-publish","4":"has-post-thumbnail","6":"product_cat-systeme-doccultation-de-la-cabine-de-conduite","8":"first","9":"instock","10":"taxable","11":"shipping-taxable","12":"purchasable","13":"product-type-simple"},"acf":[],"yoast_head":"<!-- This site is optimized with the Yoast SEO plugin v27.4 - https:\/\/yoast.com\/product\/yoast-seo-wordpress\/ -->\n<title>Syst\u00e8me d&#039;occultation SP 410, kit de vitres lat\u00e9rales adapt\u00e9 au Ford Transit V363 \u00e0 partir de l&#039;ann\u00e9e de construction 2019 - Bantam Wankm\u00fcller SA<\/title>\n<meta name=\"robots\" content=\"index, follow, max-snippet:-1, max-image-preview:large, max-video-preview:-1\" \/>\n<link rel=\"canonical\" href=\"https:\/\/shop.bantam.ch\/fr\/produit\/systeme-doccultation-sp-410-kit-de-vitres-laterales-adapte-au-ford-transit-v363-a-partir-de-lannee-de-construction-2019\/\" \/>\n<meta property=\"og:locale\" content=\"fr_FR\" \/>\n<meta property=\"og:type\" content=\"article\" \/>\n<meta property=\"og:title\" content=\"Syst\u00e8me d&#039;occultation SP 410, kit de vitres lat\u00e9rales adapt\u00e9 au Ford Transit V363 \u00e0 partir de l&#039;ann\u00e9e de construction 2019 - Bantam Wankm\u00fcller SA\" \/>\n<meta property=\"og:description\" content=\"Les l\u00e8ve-tard et les fans de protection visuelle vont adorer le nouvel occultant de fen\u00eatre lat\u00e9rale SP 410 de Dometic. Il a \u00e9t\u00e9 sp\u00e9cialement con\u00e7u pour tous les mod\u00e8les Ford Transit V363 Facelift disponibles depuis juin 2019. Il s&rsquo;adapte \u00e0 la fen\u00eatre lat\u00e9rale et ressemble \u00e0 une pi\u00e8ce d&rsquo;origine. Le mat\u00e9riau alv\u00e9olaire doublement pliss\u00e9 est [&hellip;]\" \/>\n<meta property=\"og:url\" content=\"https:\/\/shop.bantam.ch\/fr\/produit\/systeme-doccultation-sp-410-kit-de-vitres-laterales-adapte-au-ford-transit-v363-a-partir-de-lannee-de-construction-2019\/\" \/>\n<meta property=\"og:site_name\" content=\"Bantam Wankm\u00fcller SA\" \/>\n<meta property=\"article:modified_time\" content=\"2026-04-18T21:51:06+00:00\" \/>\n<meta name=\"twitter:card\" content=\"summary_large_image\" \/>\n<meta name=\"twitter:label1\" content=\"Dur\u00e9e de lecture estim\u00e9e\" \/>\n\t<meta name=\"twitter:data1\" content=\"1 minute\" \/>\n<script type=\"application\/ld+json\" class=\"yoast-schema-graph\">{\"@context\":\"https:\\\/\\\/schema.org\",\"@graph\":[{\"@type\":\"WebPage\",\"@id\":\"https:\\\/\\\/shop.bantam.ch\\\/fr\\\/produit\\\/systeme-doccultation-sp-410-kit-de-vitres-laterales-adapte-au-ford-transit-v363-a-partir-de-lannee-de-construction-2019\\\/\",\"url\":\"https:\\\/\\\/shop.bantam.ch\\\/fr\\\/produit\\\/systeme-doccultation-sp-410-kit-de-vitres-laterales-adapte-au-ford-transit-v363-a-partir-de-lannee-de-construction-2019\\\/\",\"name\":\"Syst\u00e8me d'occultation SP 410, kit de vitres lat\u00e9rales adapt\u00e9 au Ford Transit V363 \u00e0 partir de l'ann\u00e9e de construction 2019 - Bantam Wankm\u00fcller SA\",\"isPartOf\":{\"@id\":\"https:\\\/\\\/shop.bantam.ch\\\/fr\\\/#website\"},\"primaryImageOfPage\":{\"@id\":\"https:\\\/\\\/shop.bantam.ch\\\/fr\\\/produit\\\/systeme-doccultation-sp-410-kit-de-vitres-laterales-adapte-au-ford-transit-v363-a-partir-de-lannee-de-construction-2019\\\/#primaryimage\"},\"image\":{\"@id\":\"https:\\\/\\\/shop.bantam.ch\\\/fr\\\/produit\\\/systeme-doccultation-sp-410-kit-de-vitres-laterales-adapte-au-ford-transit-v363-a-partir-de-lannee-de-construction-2019\\\/#primaryimage\"},\"thumbnailUrl\":\"https:\\\/\\\/shop.bantam.ch\\\/wp-content\\\/uploads\\\/2026\\\/01\\\/Movera-L-9963894100.png\",\"datePublished\":\"2026-01-06T14:31:50+00:00\",\"dateModified\":\"2026-04-18T21:51:06+00:00\",\"breadcrumb\":{\"@id\":\"https:\\\/\\\/shop.bantam.ch\\\/fr\\\/produit\\\/systeme-doccultation-sp-410-kit-de-vitres-laterales-adapte-au-ford-transit-v363-a-partir-de-lannee-de-construction-2019\\\/#breadcrumb\"},\"inLanguage\":\"fr-FR\",\"potentialAction\":[{\"@type\":\"ReadAction\",\"target\":[\"https:\\\/\\\/shop.bantam.ch\\\/fr\\\/produit\\\/systeme-doccultation-sp-410-kit-de-vitres-laterales-adapte-au-ford-transit-v363-a-partir-de-lannee-de-construction-2019\\\/\"]}]},{\"@type\":\"ImageObject\",\"inLanguage\":\"fr-FR\",\"@id\":\"https:\\\/\\\/shop.bantam.ch\\\/fr\\\/produit\\\/systeme-doccultation-sp-410-kit-de-vitres-laterales-adapte-au-ford-transit-v363-a-partir-de-lannee-de-construction-2019\\\/#primaryimage\",\"url\":\"https:\\\/\\\/shop.bantam.ch\\\/wp-content\\\/uploads\\\/2026\\\/01\\\/Movera-L-9963894100.png\",\"contentUrl\":\"https:\\\/\\\/shop.bantam.ch\\\/wp-content\\\/uploads\\\/2026\\\/01\\\/Movera-L-9963894100.png\",\"width\":640,\"height\":640},{\"@type\":\"BreadcrumbList\",\"@id\":\"https:\\\/\\\/shop.bantam.ch\\\/fr\\\/produit\\\/systeme-doccultation-sp-410-kit-de-vitres-laterales-adapte-au-ford-transit-v363-a-partir-de-lannee-de-construction-2019\\\/#breadcrumb\",\"itemListElement\":[{\"@type\":\"ListItem\",\"position\":1,\"name\":\"Accueil\",\"item\":\"https:\\\/\\\/shop.bantam.ch\\\/fr\\\/\"},{\"@type\":\"ListItem\",\"position\":2,\"name\":\"Boutique\",\"item\":\"https:\\\/\\\/shop.bantam.ch\\\/fr\\\/boutique\\\/\"},{\"@type\":\"ListItem\",\"position\":3,\"name\":\"Syst\u00e8me d&rsquo;occultation SP 410, kit de vitres lat\u00e9rales adapt\u00e9 au Ford Transit V363 \u00e0 partir de l&rsquo;ann\u00e9e de construction 2019\"}]},{\"@type\":\"WebSite\",\"@id\":\"https:\\\/\\\/shop.bantam.ch\\\/fr\\\/#website\",\"url\":\"https:\\\/\\\/shop.bantam.ch\\\/fr\\\/\",\"name\":\"Bantam Wankm\u00fcller SA\",\"description\":\"\",\"publisher\":{\"@id\":\"https:\\\/\\\/shop.bantam.ch\\\/fr\\\/#organization\"},\"inLanguage\":\"fr-FR\"},{\"@type\":\"Organization\",\"@id\":\"https:\\\/\\\/shop.bantam.ch\\\/fr\\\/#organization\",\"name\":\"Bantam Wankm\u00fcller SA\",\"url\":\"https:\\\/\\\/shop.bantam.ch\\\/fr\\\/\",\"logo\":{\"@type\":\"ImageObject\",\"inLanguage\":\"fr-FR\",\"@id\":\"https:\\\/\\\/shop.bantam.ch\\\/fr\\\/#\\\/schema\\\/logo\\\/image\\\/\",\"url\":\"https:\\\/\\\/shop.bantam.ch\\\/wp-content\\\/uploads\\\/2022\\\/12\\\/bantam-logo.png\",\"contentUrl\":\"https:\\\/\\\/shop.bantam.ch\\\/wp-content\\\/uploads\\\/2022\\\/12\\\/bantam-logo.png\",\"width\":320,\"height\":71,\"caption\":\"Bantam Wankm\u00fcller SA\"},\"image\":{\"@id\":\"https:\\\/\\\/shop.bantam.ch\\\/fr\\\/#\\\/schema\\\/logo\\\/image\\\/\"}}]}<\/script>\n<!-- \/ Yoast SEO plugin. -->","yoast_head_json":{"title":"Syst\u00e8me d'occultation SP 410, kit de vitres lat\u00e9rales adapt\u00e9 au Ford Transit V363 \u00e0 partir de l'ann\u00e9e de construction 2019 - Bantam Wankm\u00fcller SA","robots":{"index":"index","follow":"follow","max-snippet":"max-snippet:-1","max-image-preview":"max-image-preview:large","max-video-preview":"max-video-preview:-1"},"canonical":"https:\/\/shop.bantam.ch\/fr\/produit\/systeme-doccultation-sp-410-kit-de-vitres-laterales-adapte-au-ford-transit-v363-a-partir-de-lannee-de-construction-2019\/","og_locale":"fr_FR","og_type":"article","og_title":"Syst\u00e8me d'occultation SP 410, kit de vitres lat\u00e9rales adapt\u00e9 au Ford Transit V363 \u00e0 partir de l'ann\u00e9e de construction 2019 - Bantam Wankm\u00fcller SA","og_description":"Les l\u00e8ve-tard et les fans de protection visuelle vont adorer le nouvel occultant de fen\u00eatre lat\u00e9rale SP 410 de Dometic. Il a \u00e9t\u00e9 sp\u00e9cialement con\u00e7u pour tous les mod\u00e8les Ford Transit V363 Facelift disponibles depuis juin 2019. Il s&rsquo;adapte \u00e0 la fen\u00eatre lat\u00e9rale et ressemble \u00e0 une pi\u00e8ce d&rsquo;origine. Le mat\u00e9riau alv\u00e9olaire doublement pliss\u00e9 est [&hellip;]","og_url":"https:\/\/shop.bantam.ch\/fr\/produit\/systeme-doccultation-sp-410-kit-de-vitres-laterales-adapte-au-ford-transit-v363-a-partir-de-lannee-de-construction-2019\/","og_site_name":"Bantam Wankm\u00fcller SA","article_modified_time":"2026-04-18T21:51:06+00:00","twitter_card":"summary_large_image","twitter_misc":{"Dur\u00e9e de lecture estim\u00e9e":"1 minute"},"schema":{"@context":"https:\/\/schema.org","@graph":[{"@type":"WebPage","@id":"https:\/\/shop.bantam.ch\/fr\/produit\/systeme-doccultation-sp-410-kit-de-vitres-laterales-adapte-au-ford-transit-v363-a-partir-de-lannee-de-construction-2019\/","url":"https:\/\/shop.bantam.ch\/fr\/produit\/systeme-doccultation-sp-410-kit-de-vitres-laterales-adapte-au-ford-transit-v363-a-partir-de-lannee-de-construction-2019\/","name":"Syst\u00e8me d'occultation SP 410, kit de vitres lat\u00e9rales adapt\u00e9 au Ford Transit V363 \u00e0 partir de l'ann\u00e9e de construction 2019 - Bantam Wankm\u00fcller SA","isPartOf":{"@id":"https:\/\/shop.bantam.ch\/fr\/#website"},"primaryImageOfPage":{"@id":"https:\/\/shop.bantam.ch\/fr\/produit\/systeme-doccultation-sp-410-kit-de-vitres-laterales-adapte-au-ford-transit-v363-a-partir-de-lannee-de-construction-2019\/#primaryimage"},"image":{"@id":"https:\/\/shop.bantam.ch\/fr\/produit\/systeme-doccultation-sp-410-kit-de-vitres-laterales-adapte-au-ford-transit-v363-a-partir-de-lannee-de-construction-2019\/#primaryimage"},"thumbnailUrl":"https:\/\/shop.bantam.ch\/wp-content\/uploads\/2026\/01\/Movera-L-9963894100.png","datePublished":"2026-01-06T14:31:50+00:00","dateModified":"2026-04-18T21:51:06+00:00","breadcrumb":{"@id":"https:\/\/shop.bantam.ch\/fr\/produit\/systeme-doccultation-sp-410-kit-de-vitres-laterales-adapte-au-ford-transit-v363-a-partir-de-lannee-de-construction-2019\/#breadcrumb"},"inLanguage":"fr-FR","potentialAction":[{"@type":"ReadAction","target":["https:\/\/shop.bantam.ch\/fr\/produit\/systeme-doccultation-sp-410-kit-de-vitres-laterales-adapte-au-ford-transit-v363-a-partir-de-lannee-de-construction-2019\/"]}]},{"@type":"ImageObject","inLanguage":"fr-FR","@id":"https:\/\/shop.bantam.ch\/fr\/produit\/systeme-doccultation-sp-410-kit-de-vitres-laterales-adapte-au-ford-transit-v363-a-partir-de-lannee-de-construction-2019\/#primaryimage","url":"https:\/\/shop.bantam.ch\/wp-content\/uploads\/2026\/01\/Movera-L-9963894100.png","contentUrl":"https:\/\/shop.bantam.ch\/wp-content\/uploads\/2026\/01\/Movera-L-9963894100.png","width":640,"height":640},{"@type":"BreadcrumbList","@id":"https:\/\/shop.bantam.ch\/fr\/produit\/systeme-doccultation-sp-410-kit-de-vitres-laterales-adapte-au-ford-transit-v363-a-partir-de-lannee-de-construction-2019\/#breadcrumb","itemListElement":[{"@type":"ListItem","position":1,"name":"Accueil","item":"https:\/\/shop.bantam.ch\/fr\/"},{"@type":"ListItem","position":2,"name":"Boutique","item":"https:\/\/shop.bantam.ch\/fr\/boutique\/"},{"@type":"ListItem","position":3,"name":"Syst\u00e8me d&rsquo;occultation SP 410, kit de vitres lat\u00e9rales adapt\u00e9 au Ford Transit V363 \u00e0 partir de l&rsquo;ann\u00e9e de construction 2019"}]},{"@type":"WebSite","@id":"https:\/\/shop.bantam.ch\/fr\/#website","url":"https:\/\/shop.bantam.ch\/fr\/","name":"Bantam Wankm\u00fcller SA","description":"","publisher":{"@id":"https:\/\/shop.bantam.ch\/fr\/#organization"},"inLanguage":"fr-FR"},{"@type":"Organization","@id":"https:\/\/shop.bantam.ch\/fr\/#organization","name":"Bantam Wankm\u00fcller SA","url":"https:\/\/shop.bantam.ch\/fr\/","logo":{"@type":"ImageObject","inLanguage":"fr-FR","@id":"https:\/\/shop.bantam.ch\/fr\/#\/schema\/logo\/image\/","url":"https:\/\/shop.bantam.ch\/wp-content\/uploads\/2022\/12\/bantam-logo.png","contentUrl":"https:\/\/shop.bantam.ch\/wp-content\/uploads\/2022\/12\/bantam-logo.png","width":320,"height":71,"caption":"Bantam Wankm\u00fcller SA"},"image":{"@id":"https:\/\/shop.bantam.ch\/fr\/#\/schema\/logo\/image\/"}}]}},"_links":{"self":[{"href":"https:\/\/shop.bantam.ch\/fr\/wp-json\/wp\/v2\/product\/227659","targetHints":{"allow":["GET"]}}],"collection":[{"href":"https:\/\/shop.bantam.ch\/fr\/wp-json\/wp\/v2\/product"}],"about":[{"href":"https:\/\/shop.bantam.ch\/fr\/wp-json\/wp\/v2\/types\/product"}],"wp:featuredmedia":[{"embeddable":true,"href":"https:\/\/shop.bantam.ch\/fr\/wp-json\/wp\/v2\/media\/227649"}],"wp:attachment":[{"href":"https:\/\/shop.bantam.ch\/fr\/wp-json\/wp\/v2\/media?parent=227659"}],"wp:term":[{"taxonomy":"product_featured_cat","embeddable":true,"href":"https:\/\/shop.bantam.ch\/fr\/wp-json\/wp\/v2\/product_featured_cat?post=227659"},{"taxonomy":"product_brand","embeddable":true,"href":"https:\/\/shop.bantam.ch\/fr\/wp-json\/wp\/v2\/product_brand?post=227659"},{"taxonomy":"product_cat","embeddable":true,"href":"https:\/\/shop.bantam.ch\/fr\/wp-json\/wp\/v2\/product_cat?post=227659"},{"taxonomy":"product_tag","embeddable":true,"href":"https:\/\/shop.bantam.ch\/fr\/wp-json\/wp\/v2\/product_tag?post=227659"}],"curies":[{"name":"wp","href":"https:\/\/api.w.org\/{rel}","templated":true}]}}