{"id":227575,"date":"2026-01-06T15:28:53","date_gmt":"2026-01-06T14:28:53","guid":{"rendered":"https:\/\/shop.bantam.ch\/produit\/batterie-professional-agm-la-95-95-ah-k20\/"},"modified":"2026-04-17T23:47:15","modified_gmt":"2026-04-17T21:47:15","slug":"batterie-professional-agm-la-95-95-ah-k20","status":"publish","type":"product","link":"https:\/\/shop.bantam.ch\/fr\/produit\/batterie-professional-agm-la-95-95-ah-k20\/","title":{"rendered":"Batterie Professional AGM LA 95 95 Ah K20"},"content":{"rendered":"<p>Batterie au plomb-acide de premi\u00e8re classe avec une r\u00e9sistance au cyclage 3 \u00e0 4 fois sup\u00e9rieure \u00e0 celle des batteries traditionnelles. Une source d&rsquo;\u00e9nergie fiable pour votre camping-car et votre caravane. Convient \u00e9galement pour la Dual Power pour le d\u00e9marrage et l&rsquo;alimentation (par ex. entra\u00eenement de man\u0153uvre de la caravane et \u00e9clairage). Grande utilisation de l&rsquo;\u00e9nergie gr\u00e2ce \u00e0 la possibilit\u00e9 d&rsquo;une recharge rapide. Les soupapes de s\u00e9curit\u00e9 et l&rsquo;absence d&rsquo;entretien offrent une manipulation extr\u00eamement s\u00fbre.<\/p>\n<ul>\n<li>Capacit\u00e9 : 95 Ah<\/li>\n<li>Cycles \u00e0 50% DOD : 400<\/li>\n<li>Type de p\u00f4le terminal : 1 (p\u00f4les ronds normaux)<\/li>\n<li>Commutation : 0 (p\u00f4le positif \u00e0 droite)<\/li>\n<li>Sans entretien selon EN : oui<\/li>\n<li>Courant de charge recommand\u00e9 : 9,5 A<\/li>\n<li>Charge max. Tension de charge : 14,8 V<\/li>\n<li>Charge max. Courant de charge : 33,25 A<\/li>\n<\/ul>\n","protected":false},"excerpt":{"rendered":"<p>Batterie au plomb-acide de premi\u00e8re classe avec une r\u00e9sistance au cyclage 3 \u00e0 4 fois sup\u00e9rieure \u00e0 celle des batteries traditionnelles. Une source d&rsquo;\u00e9nergie fiable pour votre camping-car et votre caravane. Convient \u00e9galement pour la Dual Power pour le d\u00e9marrage et l&rsquo;alimentation (par ex. entra\u00eenement de man\u0153uvre de la caravane et \u00e9clairage). Grande utilisation de [&hellip;]<\/p>\n","protected":false},"featured_media":227573,"template":"","meta":{"_acf_changed":false},"product_featured_cat":[],"product_brand":[],"product_cat":[4903],"product_tag":[],"class_list":{"0":"post-227575","1":"product","2":"type-product","3":"status-publish","4":"has-post-thumbnail","6":"product_cat-batteries-de-bord","8":"first","9":"instock","10":"taxable","11":"shipping-taxable","12":"purchasable","13":"product-type-simple"},"acf":[],"yoast_head":"<!-- This site is optimized with the Yoast SEO plugin v27.4 - https:\/\/yoast.com\/product\/yoast-seo-wordpress\/ -->\n<title>Batterie Professional AGM LA 95 95 Ah K20 - Bantam Wankm\u00fcller SA<\/title>\n<meta name=\"robots\" content=\"index, follow, max-snippet:-1, max-image-preview:large, max-video-preview:-1\" \/>\n<link rel=\"canonical\" href=\"https:\/\/shop.bantam.ch\/fr\/produit\/batterie-professional-agm-la-95-95-ah-k20\/\" \/>\n<meta property=\"og:locale\" content=\"fr_FR\" \/>\n<meta property=\"og:type\" content=\"article\" \/>\n<meta property=\"og:title\" content=\"Batterie Professional AGM LA 95 95 Ah K20 - Bantam Wankm\u00fcller SA\" \/>\n<meta property=\"og:description\" content=\"Batterie au plomb-acide de premi\u00e8re classe avec une r\u00e9sistance au cyclage 3 \u00e0 4 fois sup\u00e9rieure \u00e0 celle des batteries traditionnelles. Une source d&rsquo;\u00e9nergie fiable pour votre camping-car et votre caravane. Convient \u00e9galement pour la Dual Power pour le d\u00e9marrage et l&rsquo;alimentation (par ex. entra\u00eenement de man\u0153uvre de la caravane et \u00e9clairage). Grande utilisation de [&hellip;]\" \/>\n<meta property=\"og:url\" content=\"https:\/\/shop.bantam.ch\/fr\/produit\/batterie-professional-agm-la-95-95-ah-k20\/\" \/>\n<meta property=\"og:site_name\" content=\"Bantam Wankm\u00fcller SA\" \/>\n<meta property=\"article:modified_time\" content=\"2026-04-17T21:47:15+00:00\" \/>\n<meta name=\"twitter:card\" content=\"summary_large_image\" \/>\n<meta name=\"twitter:label1\" content=\"Dur\u00e9e de lecture estim\u00e9e\" \/>\n\t<meta name=\"twitter:data1\" content=\"1 minute\" \/>\n<script type=\"application\/ld+json\" class=\"yoast-schema-graph\">{\"@context\":\"https:\\\/\\\/schema.org\",\"@graph\":[{\"@type\":\"WebPage\",\"@id\":\"https:\\\/\\\/shop.bantam.ch\\\/fr\\\/produit\\\/batterie-professional-agm-la-95-95-ah-k20\\\/\",\"url\":\"https:\\\/\\\/shop.bantam.ch\\\/fr\\\/produit\\\/batterie-professional-agm-la-95-95-ah-k20\\\/\",\"name\":\"Batterie Professional AGM LA 95 95 Ah K20 - Bantam Wankm\u00fcller SA\",\"isPartOf\":{\"@id\":\"https:\\\/\\\/shop.bantam.ch\\\/fr\\\/#website\"},\"primaryImageOfPage\":{\"@id\":\"https:\\\/\\\/shop.bantam.ch\\\/fr\\\/produit\\\/batterie-professional-agm-la-95-95-ah-k20\\\/#primaryimage\"},\"image\":{\"@id\":\"https:\\\/\\\/shop.bantam.ch\\\/fr\\\/produit\\\/batterie-professional-agm-la-95-95-ah-k20\\\/#primaryimage\"},\"thumbnailUrl\":\"https:\\\/\\\/shop.bantam.ch\\\/wp-content\\\/uploads\\\/2026\\\/01\\\/Movera-L-9963508100.png\",\"datePublished\":\"2026-01-06T14:28:53+00:00\",\"dateModified\":\"2026-04-17T21:47:15+00:00\",\"breadcrumb\":{\"@id\":\"https:\\\/\\\/shop.bantam.ch\\\/fr\\\/produit\\\/batterie-professional-agm-la-95-95-ah-k20\\\/#breadcrumb\"},\"inLanguage\":\"fr-FR\",\"potentialAction\":[{\"@type\":\"ReadAction\",\"target\":[\"https:\\\/\\\/shop.bantam.ch\\\/fr\\\/produit\\\/batterie-professional-agm-la-95-95-ah-k20\\\/\"]}]},{\"@type\":\"ImageObject\",\"inLanguage\":\"fr-FR\",\"@id\":\"https:\\\/\\\/shop.bantam.ch\\\/fr\\\/produit\\\/batterie-professional-agm-la-95-95-ah-k20\\\/#primaryimage\",\"url\":\"https:\\\/\\\/shop.bantam.ch\\\/wp-content\\\/uploads\\\/2026\\\/01\\\/Movera-L-9963508100.png\",\"contentUrl\":\"https:\\\/\\\/shop.bantam.ch\\\/wp-content\\\/uploads\\\/2026\\\/01\\\/Movera-L-9963508100.png\",\"width\":640,\"height\":580},{\"@type\":\"BreadcrumbList\",\"@id\":\"https:\\\/\\\/shop.bantam.ch\\\/fr\\\/produit\\\/batterie-professional-agm-la-95-95-ah-k20\\\/#breadcrumb\",\"itemListElement\":[{\"@type\":\"ListItem\",\"position\":1,\"name\":\"Accueil\",\"item\":\"https:\\\/\\\/shop.bantam.ch\\\/fr\\\/\"},{\"@type\":\"ListItem\",\"position\":2,\"name\":\"Boutique\",\"item\":\"https:\\\/\\\/shop.bantam.ch\\\/fr\\\/boutique\\\/\"},{\"@type\":\"ListItem\",\"position\":3,\"name\":\"Batterie Professional AGM LA 95 95 Ah K20\"}]},{\"@type\":\"WebSite\",\"@id\":\"https:\\\/\\\/shop.bantam.ch\\\/fr\\\/#website\",\"url\":\"https:\\\/\\\/shop.bantam.ch\\\/fr\\\/\",\"name\":\"Bantam Wankm\u00fcller SA\",\"description\":\"\",\"publisher\":{\"@id\":\"https:\\\/\\\/shop.bantam.ch\\\/fr\\\/#organization\"},\"inLanguage\":\"fr-FR\"},{\"@type\":\"Organization\",\"@id\":\"https:\\\/\\\/shop.bantam.ch\\\/fr\\\/#organization\",\"name\":\"Bantam Wankm\u00fcller SA\",\"url\":\"https:\\\/\\\/shop.bantam.ch\\\/fr\\\/\",\"logo\":{\"@type\":\"ImageObject\",\"inLanguage\":\"fr-FR\",\"@id\":\"https:\\\/\\\/shop.bantam.ch\\\/fr\\\/#\\\/schema\\\/logo\\\/image\\\/\",\"url\":\"https:\\\/\\\/shop.bantam.ch\\\/wp-content\\\/uploads\\\/2022\\\/12\\\/bantam-logo.png\",\"contentUrl\":\"https:\\\/\\\/shop.bantam.ch\\\/wp-content\\\/uploads\\\/2022\\\/12\\\/bantam-logo.png\",\"width\":320,\"height\":71,\"caption\":\"Bantam Wankm\u00fcller SA\"},\"image\":{\"@id\":\"https:\\\/\\\/shop.bantam.ch\\\/fr\\\/#\\\/schema\\\/logo\\\/image\\\/\"}}]}<\/script>\n<!-- \/ Yoast SEO plugin. -->","yoast_head_json":{"title":"Batterie Professional AGM LA 95 95 Ah K20 - Bantam Wankm\u00fcller SA","robots":{"index":"index","follow":"follow","max-snippet":"max-snippet:-1","max-image-preview":"max-image-preview:large","max-video-preview":"max-video-preview:-1"},"canonical":"https:\/\/shop.bantam.ch\/fr\/produit\/batterie-professional-agm-la-95-95-ah-k20\/","og_locale":"fr_FR","og_type":"article","og_title":"Batterie Professional AGM LA 95 95 Ah K20 - Bantam Wankm\u00fcller SA","og_description":"Batterie au plomb-acide de premi\u00e8re classe avec une r\u00e9sistance au cyclage 3 \u00e0 4 fois sup\u00e9rieure \u00e0 celle des batteries traditionnelles. Une source d&rsquo;\u00e9nergie fiable pour votre camping-car et votre caravane. Convient \u00e9galement pour la Dual Power pour le d\u00e9marrage et l&rsquo;alimentation (par ex. entra\u00eenement de man\u0153uvre de la caravane et \u00e9clairage). Grande utilisation de [&hellip;]","og_url":"https:\/\/shop.bantam.ch\/fr\/produit\/batterie-professional-agm-la-95-95-ah-k20\/","og_site_name":"Bantam Wankm\u00fcller SA","article_modified_time":"2026-04-17T21:47:15+00:00","twitter_card":"summary_large_image","twitter_misc":{"Dur\u00e9e de lecture estim\u00e9e":"1 minute"},"schema":{"@context":"https:\/\/schema.org","@graph":[{"@type":"WebPage","@id":"https:\/\/shop.bantam.ch\/fr\/produit\/batterie-professional-agm-la-95-95-ah-k20\/","url":"https:\/\/shop.bantam.ch\/fr\/produit\/batterie-professional-agm-la-95-95-ah-k20\/","name":"Batterie Professional AGM LA 95 95 Ah K20 - Bantam Wankm\u00fcller SA","isPartOf":{"@id":"https:\/\/shop.bantam.ch\/fr\/#website"},"primaryImageOfPage":{"@id":"https:\/\/shop.bantam.ch\/fr\/produit\/batterie-professional-agm-la-95-95-ah-k20\/#primaryimage"},"image":{"@id":"https:\/\/shop.bantam.ch\/fr\/produit\/batterie-professional-agm-la-95-95-ah-k20\/#primaryimage"},"thumbnailUrl":"https:\/\/shop.bantam.ch\/wp-content\/uploads\/2026\/01\/Movera-L-9963508100.png","datePublished":"2026-01-06T14:28:53+00:00","dateModified":"2026-04-17T21:47:15+00:00","breadcrumb":{"@id":"https:\/\/shop.bantam.ch\/fr\/produit\/batterie-professional-agm-la-95-95-ah-k20\/#breadcrumb"},"inLanguage":"fr-FR","potentialAction":[{"@type":"ReadAction","target":["https:\/\/shop.bantam.ch\/fr\/produit\/batterie-professional-agm-la-95-95-ah-k20\/"]}]},{"@type":"ImageObject","inLanguage":"fr-FR","@id":"https:\/\/shop.bantam.ch\/fr\/produit\/batterie-professional-agm-la-95-95-ah-k20\/#primaryimage","url":"https:\/\/shop.bantam.ch\/wp-content\/uploads\/2026\/01\/Movera-L-9963508100.png","contentUrl":"https:\/\/shop.bantam.ch\/wp-content\/uploads\/2026\/01\/Movera-L-9963508100.png","width":640,"height":580},{"@type":"BreadcrumbList","@id":"https:\/\/shop.bantam.ch\/fr\/produit\/batterie-professional-agm-la-95-95-ah-k20\/#breadcrumb","itemListElement":[{"@type":"ListItem","position":1,"name":"Accueil","item":"https:\/\/shop.bantam.ch\/fr\/"},{"@type":"ListItem","position":2,"name":"Boutique","item":"https:\/\/shop.bantam.ch\/fr\/boutique\/"},{"@type":"ListItem","position":3,"name":"Batterie Professional AGM LA 95 95 Ah K20"}]},{"@type":"WebSite","@id":"https:\/\/shop.bantam.ch\/fr\/#website","url":"https:\/\/shop.bantam.ch\/fr\/","name":"Bantam Wankm\u00fcller SA","description":"","publisher":{"@id":"https:\/\/shop.bantam.ch\/fr\/#organization"},"inLanguage":"fr-FR"},{"@type":"Organization","@id":"https:\/\/shop.bantam.ch\/fr\/#organization","name":"Bantam Wankm\u00fcller SA","url":"https:\/\/shop.bantam.ch\/fr\/","logo":{"@type":"ImageObject","inLanguage":"fr-FR","@id":"https:\/\/shop.bantam.ch\/fr\/#\/schema\/logo\/image\/","url":"https:\/\/shop.bantam.ch\/wp-content\/uploads\/2022\/12\/bantam-logo.png","contentUrl":"https:\/\/shop.bantam.ch\/wp-content\/uploads\/2022\/12\/bantam-logo.png","width":320,"height":71,"caption":"Bantam Wankm\u00fcller SA"},"image":{"@id":"https:\/\/shop.bantam.ch\/fr\/#\/schema\/logo\/image\/"}}]}},"_links":{"self":[{"href":"https:\/\/shop.bantam.ch\/fr\/wp-json\/wp\/v2\/product\/227575","targetHints":{"allow":["GET"]}}],"collection":[{"href":"https:\/\/shop.bantam.ch\/fr\/wp-json\/wp\/v2\/product"}],"about":[{"href":"https:\/\/shop.bantam.ch\/fr\/wp-json\/wp\/v2\/types\/product"}],"wp:featuredmedia":[{"embeddable":true,"href":"https:\/\/shop.bantam.ch\/fr\/wp-json\/wp\/v2\/media\/227573"}],"wp:attachment":[{"href":"https:\/\/shop.bantam.ch\/fr\/wp-json\/wp\/v2\/media?parent=227575"}],"wp:term":[{"taxonomy":"product_featured_cat","embeddable":true,"href":"https:\/\/shop.bantam.ch\/fr\/wp-json\/wp\/v2\/product_featured_cat?post=227575"},{"taxonomy":"product_brand","embeddable":true,"href":"https:\/\/shop.bantam.ch\/fr\/wp-json\/wp\/v2\/product_brand?post=227575"},{"taxonomy":"product_cat","embeddable":true,"href":"https:\/\/shop.bantam.ch\/fr\/wp-json\/wp\/v2\/product_cat?post=227575"},{"taxonomy":"product_tag","embeddable":true,"href":"https:\/\/shop.bantam.ch\/fr\/wp-json\/wp\/v2\/product_tag?post=227575"}],"curies":[{"name":"wp","href":"https:\/\/api.w.org\/{rel}","templated":true}]}}