{"id":227571,"date":"2026-01-06T15:28:45","date_gmt":"2026-01-06T14:28:45","guid":{"rendered":"https:\/\/shop.bantam.ch\/produit\/chaise-set-bloody-2-x-chaise-roxy-1-x-table-variety-m\/"},"modified":"2026-05-03T23:44:57","modified_gmt":"2026-05-03T21:44:57","slug":"chaise-set-bloody-2-x-chaise-roxy-1-x-table-variety-m","status":"publish","type":"product","link":"https:\/\/shop.bantam.ch\/fr\/produit\/chaise-set-bloody-2-x-chaise-roxy-1-x-table-variety-m\/","title":{"rendered":"Chaise Set Bloody 2 x chaise Roxy &amp; 1 x table Variety M"},"content":{"rendered":"<p>Set de chaises Bloody compos\u00e9 de 2 x chaises Roxy &amp; 1 x table Variety M<\/p>\n<p>ROXY est une chaise pliante universelle avec une hauteur d&rsquo;assise parfaite pour les tables de camping. Elle offre un grand confort d&rsquo;assise, un porte-bouteilles et un ouvre-bouteilles int\u00e9gr\u00e9. Les pieds larges emp\u00eachent de s&rsquo;enfoncer dans un sol mou, l&rsquo;armature stable en acier et le polyester Rip-Stop de haute qualit\u00e9 permettent de supporter une charge \u00e9lev\u00e9e de 120 kg. Dimensions de rangement : 97 x 23 x 23 cm (l x h x p).<\/p>\n<p>Mat\u00e9riaux :<br \/>\nHousse 100 % polyester<br \/>\nStructure en acier<\/p>\n<p>\nVARIETY est une table pliante pratique et peu encombrante. Le plateau de table pliable est facile \u00e0 nettoyer et les pieds sont r\u00e9glables en hauteur en continu. Un filet offre une surface de rangement suppl\u00e9mentaire. L&rsquo;aluminium de haute qualit\u00e9 permet de supporter une charge \u00e9lev\u00e9e de 30 kg et d&rsquo;\u00eatre particuli\u00e8rement stable sur un sol in\u00e9gal. Dimensions de rangement : 91 x 15 x 15 cm (l x h x p).<\/p>\n<p>Mat\u00e9riaux :<br \/>\nStructure et plateau en aluminium.<\/p>\n<p>\nContenu de la livraison :<br \/>\n2 x chaise Roxy<br \/>\n1 x table Variety M<\/p>\n","protected":false},"excerpt":{"rendered":"<p>Set de chaises Bloody compos\u00e9 de 2 x chaises Roxy &amp; 1 x table Variety M ROXY est une chaise pliante universelle avec une hauteur d&rsquo;assise parfaite pour les tables de camping. Elle offre un grand confort d&rsquo;assise, un porte-bouteilles et un ouvre-bouteilles int\u00e9gr\u00e9. Les pieds larges emp\u00eachent de s&rsquo;enfoncer dans un sol mou, l&rsquo;armature [&hellip;]<\/p>\n","protected":false},"featured_media":227561,"template":"","meta":{"_acf_changed":false},"product_featured_cat":[],"product_brand":[],"product_cat":[4971,4053],"product_tag":[],"class_list":{"0":"post-227571","1":"product","2":"type-product","3":"status-publish","4":"has-post-thumbnail","6":"product_cat-chaises-de-camping","7":"product_cat-tables-de-camping","9":"first","10":"instock","11":"taxable","12":"shipping-taxable","13":"purchasable","14":"product-type-simple"},"acf":[],"yoast_head":"<!-- This site is optimized with the Yoast SEO plugin v27.5 - https:\/\/yoast.com\/product\/yoast-seo-wordpress\/ -->\n<title>Chaise Set Bloody 2 x chaise Roxy &amp; 1 x table Variety M - Bantam<\/title>\n<meta name=\"robots\" content=\"index, follow, max-snippet:-1, max-image-preview:large, max-video-preview:-1\" \/>\n<link rel=\"canonical\" href=\"https:\/\/shop.bantam.ch\/fr\/produit\/chaise-set-bloody-2-x-chaise-roxy-1-x-table-variety-m\/\" \/>\n<meta property=\"og:locale\" content=\"fr_FR\" \/>\n<meta property=\"og:type\" content=\"article\" \/>\n<meta property=\"og:title\" content=\"Chaise Set Bloody 2 x chaise Roxy &amp; 1 x table Variety M - Bantam\" \/>\n<meta property=\"og:description\" content=\"Set de chaises Bloody compos\u00e9 de 2 x chaises Roxy &amp; 1 x table Variety M ROXY est une chaise pliante universelle avec une hauteur d&rsquo;assise parfaite pour les tables de camping. Elle offre un grand confort d&rsquo;assise, un porte-bouteilles et un ouvre-bouteilles int\u00e9gr\u00e9. Les pieds larges emp\u00eachent de s&rsquo;enfoncer dans un sol mou, l&rsquo;armature [&hellip;]\" \/>\n<meta property=\"og:url\" content=\"https:\/\/shop.bantam.ch\/fr\/produit\/chaise-set-bloody-2-x-chaise-roxy-1-x-table-variety-m\/\" \/>\n<meta property=\"og:site_name\" content=\"Bantam\" \/>\n<meta property=\"article:modified_time\" content=\"2026-05-03T21:44:57+00:00\" \/>\n<meta name=\"twitter:card\" content=\"summary_large_image\" \/>\n<meta name=\"twitter:label1\" content=\"Dur\u00e9e de lecture estim\u00e9e\" \/>\n\t<meta name=\"twitter:data1\" content=\"1 minute\" \/>\n<script type=\"application\/ld+json\" class=\"yoast-schema-graph\">{\"@context\":\"https:\\\/\\\/schema.org\",\"@graph\":[{\"@type\":\"WebPage\",\"@id\":\"https:\\\/\\\/shop.bantam.ch\\\/fr\\\/produit\\\/chaise-set-bloody-2-x-chaise-roxy-1-x-table-variety-m\\\/\",\"url\":\"https:\\\/\\\/shop.bantam.ch\\\/fr\\\/produit\\\/chaise-set-bloody-2-x-chaise-roxy-1-x-table-variety-m\\\/\",\"name\":\"Chaise Set Bloody 2 x chaise Roxy &amp; 1 x table Variety M - Bantam\",\"isPartOf\":{\"@id\":\"https:\\\/\\\/shop.bantam.ch\\\/fr\\\/#website\"},\"primaryImageOfPage\":{\"@id\":\"https:\\\/\\\/shop.bantam.ch\\\/fr\\\/produit\\\/chaise-set-bloody-2-x-chaise-roxy-1-x-table-variety-m\\\/#primaryimage\"},\"image\":{\"@id\":\"https:\\\/\\\/shop.bantam.ch\\\/fr\\\/produit\\\/chaise-set-bloody-2-x-chaise-roxy-1-x-table-variety-m\\\/#primaryimage\"},\"thumbnailUrl\":\"https:\\\/\\\/shop.bantam.ch\\\/wp-content\\\/uploads\\\/2026\\\/01\\\/Movera-L-9963507100.png\",\"datePublished\":\"2026-01-06T14:28:45+00:00\",\"dateModified\":\"2026-05-03T21:44:57+00:00\",\"breadcrumb\":{\"@id\":\"https:\\\/\\\/shop.bantam.ch\\\/fr\\\/produit\\\/chaise-set-bloody-2-x-chaise-roxy-1-x-table-variety-m\\\/#breadcrumb\"},\"inLanguage\":\"fr-FR\",\"potentialAction\":[{\"@type\":\"ReadAction\",\"target\":[\"https:\\\/\\\/shop.bantam.ch\\\/fr\\\/produit\\\/chaise-set-bloody-2-x-chaise-roxy-1-x-table-variety-m\\\/\"]}]},{\"@type\":\"ImageObject\",\"inLanguage\":\"fr-FR\",\"@id\":\"https:\\\/\\\/shop.bantam.ch\\\/fr\\\/produit\\\/chaise-set-bloody-2-x-chaise-roxy-1-x-table-variety-m\\\/#primaryimage\",\"url\":\"https:\\\/\\\/shop.bantam.ch\\\/wp-content\\\/uploads\\\/2026\\\/01\\\/Movera-L-9963507100.png\",\"contentUrl\":\"https:\\\/\\\/shop.bantam.ch\\\/wp-content\\\/uploads\\\/2026\\\/01\\\/Movera-L-9963507100.png\",\"width\":640,\"height\":640},{\"@type\":\"BreadcrumbList\",\"@id\":\"https:\\\/\\\/shop.bantam.ch\\\/fr\\\/produit\\\/chaise-set-bloody-2-x-chaise-roxy-1-x-table-variety-m\\\/#breadcrumb\",\"itemListElement\":[{\"@type\":\"ListItem\",\"position\":1,\"name\":\"Accueil\",\"item\":\"https:\\\/\\\/shop.bantam.ch\\\/fr\\\/\"},{\"@type\":\"ListItem\",\"position\":2,\"name\":\"Boutique\",\"item\":\"https:\\\/\\\/shop.bantam.ch\\\/fr\\\/boutique\\\/\"},{\"@type\":\"ListItem\",\"position\":3,\"name\":\"Chaise Set Bloody 2 x chaise Roxy &amp; 1 x table Variety M\"}]},{\"@type\":\"WebSite\",\"@id\":\"https:\\\/\\\/shop.bantam.ch\\\/fr\\\/#website\",\"url\":\"https:\\\/\\\/shop.bantam.ch\\\/fr\\\/\",\"name\":\"Bantam\",\"description\":\"\",\"publisher\":{\"@id\":\"https:\\\/\\\/shop.bantam.ch\\\/fr\\\/#organization\"},\"inLanguage\":\"fr-FR\"},{\"@type\":\"Organization\",\"@id\":\"https:\\\/\\\/shop.bantam.ch\\\/fr\\\/#organization\",\"name\":\"Bantam\",\"url\":\"https:\\\/\\\/shop.bantam.ch\\\/fr\\\/\",\"logo\":{\"@type\":\"ImageObject\",\"inLanguage\":\"fr-FR\",\"@id\":\"https:\\\/\\\/shop.bantam.ch\\\/fr\\\/#\\\/schema\\\/logo\\\/image\\\/\",\"url\":\"https:\\\/\\\/shop.bantam.ch\\\/wp-content\\\/uploads\\\/2022\\\/12\\\/bantam-logo.png\",\"contentUrl\":\"https:\\\/\\\/shop.bantam.ch\\\/wp-content\\\/uploads\\\/2022\\\/12\\\/bantam-logo.png\",\"width\":320,\"height\":71,\"caption\":\"Bantam\"},\"image\":{\"@id\":\"https:\\\/\\\/shop.bantam.ch\\\/fr\\\/#\\\/schema\\\/logo\\\/image\\\/\"}}]}<\/script>\n<!-- \/ Yoast SEO plugin. -->","yoast_head_json":{"title":"Chaise Set Bloody 2 x chaise Roxy &amp; 1 x table Variety M - Bantam","robots":{"index":"index","follow":"follow","max-snippet":"max-snippet:-1","max-image-preview":"max-image-preview:large","max-video-preview":"max-video-preview:-1"},"canonical":"https:\/\/shop.bantam.ch\/fr\/produit\/chaise-set-bloody-2-x-chaise-roxy-1-x-table-variety-m\/","og_locale":"fr_FR","og_type":"article","og_title":"Chaise Set Bloody 2 x chaise Roxy &amp; 1 x table Variety M - Bantam","og_description":"Set de chaises Bloody compos\u00e9 de 2 x chaises Roxy &amp; 1 x table Variety M ROXY est une chaise pliante universelle avec une hauteur d&rsquo;assise parfaite pour les tables de camping. Elle offre un grand confort d&rsquo;assise, un porte-bouteilles et un ouvre-bouteilles int\u00e9gr\u00e9. Les pieds larges emp\u00eachent de s&rsquo;enfoncer dans un sol mou, l&rsquo;armature [&hellip;]","og_url":"https:\/\/shop.bantam.ch\/fr\/produit\/chaise-set-bloody-2-x-chaise-roxy-1-x-table-variety-m\/","og_site_name":"Bantam","article_modified_time":"2026-05-03T21:44:57+00:00","twitter_card":"summary_large_image","twitter_misc":{"Dur\u00e9e de lecture estim\u00e9e":"1 minute"},"schema":{"@context":"https:\/\/schema.org","@graph":[{"@type":"WebPage","@id":"https:\/\/shop.bantam.ch\/fr\/produit\/chaise-set-bloody-2-x-chaise-roxy-1-x-table-variety-m\/","url":"https:\/\/shop.bantam.ch\/fr\/produit\/chaise-set-bloody-2-x-chaise-roxy-1-x-table-variety-m\/","name":"Chaise Set Bloody 2 x chaise Roxy &amp; 1 x table Variety M - Bantam","isPartOf":{"@id":"https:\/\/shop.bantam.ch\/fr\/#website"},"primaryImageOfPage":{"@id":"https:\/\/shop.bantam.ch\/fr\/produit\/chaise-set-bloody-2-x-chaise-roxy-1-x-table-variety-m\/#primaryimage"},"image":{"@id":"https:\/\/shop.bantam.ch\/fr\/produit\/chaise-set-bloody-2-x-chaise-roxy-1-x-table-variety-m\/#primaryimage"},"thumbnailUrl":"https:\/\/shop.bantam.ch\/wp-content\/uploads\/2026\/01\/Movera-L-9963507100.png","datePublished":"2026-01-06T14:28:45+00:00","dateModified":"2026-05-03T21:44:57+00:00","breadcrumb":{"@id":"https:\/\/shop.bantam.ch\/fr\/produit\/chaise-set-bloody-2-x-chaise-roxy-1-x-table-variety-m\/#breadcrumb"},"inLanguage":"fr-FR","potentialAction":[{"@type":"ReadAction","target":["https:\/\/shop.bantam.ch\/fr\/produit\/chaise-set-bloody-2-x-chaise-roxy-1-x-table-variety-m\/"]}]},{"@type":"ImageObject","inLanguage":"fr-FR","@id":"https:\/\/shop.bantam.ch\/fr\/produit\/chaise-set-bloody-2-x-chaise-roxy-1-x-table-variety-m\/#primaryimage","url":"https:\/\/shop.bantam.ch\/wp-content\/uploads\/2026\/01\/Movera-L-9963507100.png","contentUrl":"https:\/\/shop.bantam.ch\/wp-content\/uploads\/2026\/01\/Movera-L-9963507100.png","width":640,"height":640},{"@type":"BreadcrumbList","@id":"https:\/\/shop.bantam.ch\/fr\/produit\/chaise-set-bloody-2-x-chaise-roxy-1-x-table-variety-m\/#breadcrumb","itemListElement":[{"@type":"ListItem","position":1,"name":"Accueil","item":"https:\/\/shop.bantam.ch\/fr\/"},{"@type":"ListItem","position":2,"name":"Boutique","item":"https:\/\/shop.bantam.ch\/fr\/boutique\/"},{"@type":"ListItem","position":3,"name":"Chaise Set Bloody 2 x chaise Roxy &amp; 1 x table Variety M"}]},{"@type":"WebSite","@id":"https:\/\/shop.bantam.ch\/fr\/#website","url":"https:\/\/shop.bantam.ch\/fr\/","name":"Bantam","description":"","publisher":{"@id":"https:\/\/shop.bantam.ch\/fr\/#organization"},"inLanguage":"fr-FR"},{"@type":"Organization","@id":"https:\/\/shop.bantam.ch\/fr\/#organization","name":"Bantam","url":"https:\/\/shop.bantam.ch\/fr\/","logo":{"@type":"ImageObject","inLanguage":"fr-FR","@id":"https:\/\/shop.bantam.ch\/fr\/#\/schema\/logo\/image\/","url":"https:\/\/shop.bantam.ch\/wp-content\/uploads\/2022\/12\/bantam-logo.png","contentUrl":"https:\/\/shop.bantam.ch\/wp-content\/uploads\/2022\/12\/bantam-logo.png","width":320,"height":71,"caption":"Bantam"},"image":{"@id":"https:\/\/shop.bantam.ch\/fr\/#\/schema\/logo\/image\/"}}]}},"_links":{"self":[{"href":"https:\/\/shop.bantam.ch\/fr\/wp-json\/wp\/v2\/product\/227571","targetHints":{"allow":["GET"]}}],"collection":[{"href":"https:\/\/shop.bantam.ch\/fr\/wp-json\/wp\/v2\/product"}],"about":[{"href":"https:\/\/shop.bantam.ch\/fr\/wp-json\/wp\/v2\/types\/product"}],"wp:featuredmedia":[{"embeddable":true,"href":"https:\/\/shop.bantam.ch\/fr\/wp-json\/wp\/v2\/media\/227561"}],"wp:attachment":[{"href":"https:\/\/shop.bantam.ch\/fr\/wp-json\/wp\/v2\/media?parent=227571"}],"wp:term":[{"taxonomy":"product_featured_cat","embeddable":true,"href":"https:\/\/shop.bantam.ch\/fr\/wp-json\/wp\/v2\/product_featured_cat?post=227571"},{"taxonomy":"product_brand","embeddable":true,"href":"https:\/\/shop.bantam.ch\/fr\/wp-json\/wp\/v2\/product_brand?post=227571"},{"taxonomy":"product_cat","embeddable":true,"href":"https:\/\/shop.bantam.ch\/fr\/wp-json\/wp\/v2\/product_cat?post=227571"},{"taxonomy":"product_tag","embeddable":true,"href":"https:\/\/shop.bantam.ch\/fr\/wp-json\/wp\/v2\/product_tag?post=227571"}],"curies":[{"name":"wp","href":"https:\/\/api.w.org\/{rel}","templated":true}]}}