{"id":227555,"date":"2026-01-06T15:28:24","date_gmt":"2026-01-06T14:28:24","guid":{"rendered":"https:\/\/shop.bantam.ch\/produit\/gouttiere-a-led-dometic-rt200\/"},"modified":"2026-05-02T02:16:40","modified_gmt":"2026-05-02T00:16:40","slug":"gouttiere-a-led-dometic-rt200","status":"publish","type":"product","link":"https:\/\/shop.bantam.ch\/fr\/produit\/gouttiere-a-led-dometic-rt200\/","title":{"rendered":"Goutti\u00e8re \u00e0 LED Dometic RT200"},"content":{"rendered":"<p>Cela vous rappelle quelque chose ? Chaque fois que vous ouvrez la porte coulissante de votre camping-car un jour de pluie, un flot d&rsquo;eau vient \u00e0 votre rencontre. Ne serait-il pas judicieux d&rsquo;\u00e9liminer ce d\u00e9sagr\u00e9ment par un simple \u00e9quipement ult\u00e9rieur ? Le Dometic RainTec RT 200 emp\u00eache l&rsquo;eau de couler dans votre v\u00e9hicule (ou sur vous). Il sert \u00e9galement d&rsquo;\u00e9clairage ext\u00e9rieur Un interrupteur \u00e0 variateur et une t\u00e9l\u00e9commande pratique sont inclus dans la livraison.<\/p>\n<p>Caract\u00e9ristiques :<\/p>\n<ul>\n<li>Emp\u00eache la pluie de p\u00e9n\u00e9trer lorsque la porte coulissante est ouverte.<\/li>\n<li>Profil\u00e9 en aluminium rev\u00eatu par poudre &#8211; durable et r\u00e9sistant aux intemp\u00e9ries<\/li>\n<li>\u00c9claire l&rsquo;espace \u00e0 c\u00f4t\u00e9 du v\u00e9hicule avec des LED blanc chaud (3000K) \u00e0 intensit\u00e9 variable<\/li>\n<li>Les LED COB de haute qualit\u00e9 produisent une bande lumineuse continue au lieu de points lumineux individuels<\/li>\n<li>Derni\u00e8re technologie LED avec une dur\u00e9e de vie de 50.000 heures<\/li>\n<\/ul>\n","protected":false},"excerpt":{"rendered":"<p>Cela vous rappelle quelque chose ? Chaque fois que vous ouvrez la porte coulissante de votre camping-car un jour de pluie, un flot d&rsquo;eau vient \u00e0 votre rencontre. Ne serait-il pas judicieux d&rsquo;\u00e9liminer ce d\u00e9sagr\u00e9ment par un simple \u00e9quipement ult\u00e9rieur ? Le Dometic RainTec RT 200 emp\u00eache l&rsquo;eau de couler dans votre v\u00e9hicule (ou sur [&hellip;]<\/p>\n","protected":false},"featured_media":227551,"template":"","meta":{"_acf_changed":false},"product_featured_cat":[],"product_brand":[],"product_cat":[4185],"product_tag":[],"class_list":{"0":"post-227555","1":"product","2":"type-product","3":"status-publish","4":"has-post-thumbnail","6":"product_cat-eclairage","8":"first","9":"instock","10":"taxable","11":"shipping-taxable","12":"purchasable","13":"product-type-variable"},"acf":[],"yoast_head":"<!-- This site is optimized with the Yoast SEO plugin v27.5 - https:\/\/yoast.com\/product\/yoast-seo-wordpress\/ -->\n<title>Goutti\u00e8re \u00e0 LED Dometic RT200 - Bantam<\/title>\n<meta name=\"robots\" content=\"index, follow, max-snippet:-1, max-image-preview:large, max-video-preview:-1\" \/>\n<link rel=\"canonical\" href=\"https:\/\/shop.bantam.ch\/fr\/produit\/gouttiere-a-led-dometic-rt200\/\" \/>\n<meta property=\"og:locale\" content=\"fr_FR\" \/>\n<meta property=\"og:type\" content=\"article\" \/>\n<meta property=\"og:title\" content=\"Goutti\u00e8re \u00e0 LED Dometic RT200 - Bantam\" \/>\n<meta property=\"og:description\" content=\"Cela vous rappelle quelque chose ? Chaque fois que vous ouvrez la porte coulissante de votre camping-car un jour de pluie, un flot d&rsquo;eau vient \u00e0 votre rencontre. Ne serait-il pas judicieux d&rsquo;\u00e9liminer ce d\u00e9sagr\u00e9ment par un simple \u00e9quipement ult\u00e9rieur ? Le Dometic RainTec RT 200 emp\u00eache l&rsquo;eau de couler dans votre v\u00e9hicule (ou sur [&hellip;]\" \/>\n<meta property=\"og:url\" content=\"https:\/\/shop.bantam.ch\/fr\/produit\/gouttiere-a-led-dometic-rt200\/\" \/>\n<meta property=\"og:site_name\" content=\"Bantam\" \/>\n<meta property=\"article:modified_time\" content=\"2026-05-02T00:16:40+00:00\" \/>\n<meta name=\"twitter:card\" content=\"summary_large_image\" \/>\n<meta name=\"twitter:label1\" content=\"Dur\u00e9e de lecture estim\u00e9e\" \/>\n\t<meta name=\"twitter:data1\" content=\"1 minute\" \/>\n<script type=\"application\/ld+json\" class=\"yoast-schema-graph\">{\"@context\":\"https:\\\/\\\/schema.org\",\"@graph\":[{\"@type\":\"WebPage\",\"@id\":\"https:\\\/\\\/shop.bantam.ch\\\/fr\\\/produit\\\/gouttiere-a-led-dometic-rt200\\\/\",\"url\":\"https:\\\/\\\/shop.bantam.ch\\\/fr\\\/produit\\\/gouttiere-a-led-dometic-rt200\\\/\",\"name\":\"Goutti\u00e8re \u00e0 LED Dometic RT200 - Bantam\",\"isPartOf\":{\"@id\":\"https:\\\/\\\/shop.bantam.ch\\\/fr\\\/#website\"},\"primaryImageOfPage\":{\"@id\":\"https:\\\/\\\/shop.bantam.ch\\\/fr\\\/produit\\\/gouttiere-a-led-dometic-rt200\\\/#primaryimage\"},\"image\":{\"@id\":\"https:\\\/\\\/shop.bantam.ch\\\/fr\\\/produit\\\/gouttiere-a-led-dometic-rt200\\\/#primaryimage\"},\"thumbnailUrl\":\"https:\\\/\\\/shop.bantam.ch\\\/wp-content\\\/uploads\\\/2026\\\/01\\\/Movera-L-9963469100.jpg\",\"datePublished\":\"2026-01-06T14:28:24+00:00\",\"dateModified\":\"2026-05-02T00:16:40+00:00\",\"breadcrumb\":{\"@id\":\"https:\\\/\\\/shop.bantam.ch\\\/fr\\\/produit\\\/gouttiere-a-led-dometic-rt200\\\/#breadcrumb\"},\"inLanguage\":\"fr-FR\",\"potentialAction\":[{\"@type\":\"ReadAction\",\"target\":[\"https:\\\/\\\/shop.bantam.ch\\\/fr\\\/produit\\\/gouttiere-a-led-dometic-rt200\\\/\"]}]},{\"@type\":\"ImageObject\",\"inLanguage\":\"fr-FR\",\"@id\":\"https:\\\/\\\/shop.bantam.ch\\\/fr\\\/produit\\\/gouttiere-a-led-dometic-rt200\\\/#primaryimage\",\"url\":\"https:\\\/\\\/shop.bantam.ch\\\/wp-content\\\/uploads\\\/2026\\\/01\\\/Movera-L-9963469100.jpg\",\"contentUrl\":\"https:\\\/\\\/shop.bantam.ch\\\/wp-content\\\/uploads\\\/2026\\\/01\\\/Movera-L-9963469100.jpg\",\"width\":640,\"height\":640},{\"@type\":\"BreadcrumbList\",\"@id\":\"https:\\\/\\\/shop.bantam.ch\\\/fr\\\/produit\\\/gouttiere-a-led-dometic-rt200\\\/#breadcrumb\",\"itemListElement\":[{\"@type\":\"ListItem\",\"position\":1,\"name\":\"Accueil\",\"item\":\"https:\\\/\\\/shop.bantam.ch\\\/fr\\\/\"},{\"@type\":\"ListItem\",\"position\":2,\"name\":\"Boutique\",\"item\":\"https:\\\/\\\/shop.bantam.ch\\\/fr\\\/boutique\\\/\"},{\"@type\":\"ListItem\",\"position\":3,\"name\":\"Goutti\u00e8re \u00e0 LED Dometic RT200\"}]},{\"@type\":\"WebSite\",\"@id\":\"https:\\\/\\\/shop.bantam.ch\\\/fr\\\/#website\",\"url\":\"https:\\\/\\\/shop.bantam.ch\\\/fr\\\/\",\"name\":\"Bantam\",\"description\":\"\",\"publisher\":{\"@id\":\"https:\\\/\\\/shop.bantam.ch\\\/fr\\\/#organization\"},\"inLanguage\":\"fr-FR\"},{\"@type\":\"Organization\",\"@id\":\"https:\\\/\\\/shop.bantam.ch\\\/fr\\\/#organization\",\"name\":\"Bantam\",\"url\":\"https:\\\/\\\/shop.bantam.ch\\\/fr\\\/\",\"logo\":{\"@type\":\"ImageObject\",\"inLanguage\":\"fr-FR\",\"@id\":\"https:\\\/\\\/shop.bantam.ch\\\/fr\\\/#\\\/schema\\\/logo\\\/image\\\/\",\"url\":\"https:\\\/\\\/shop.bantam.ch\\\/wp-content\\\/uploads\\\/2022\\\/12\\\/bantam-logo.png\",\"contentUrl\":\"https:\\\/\\\/shop.bantam.ch\\\/wp-content\\\/uploads\\\/2022\\\/12\\\/bantam-logo.png\",\"width\":320,\"height\":71,\"caption\":\"Bantam\"},\"image\":{\"@id\":\"https:\\\/\\\/shop.bantam.ch\\\/fr\\\/#\\\/schema\\\/logo\\\/image\\\/\"}}]}<\/script>\n<!-- \/ Yoast SEO plugin. -->","yoast_head_json":{"title":"Goutti\u00e8re \u00e0 LED Dometic RT200 - Bantam","robots":{"index":"index","follow":"follow","max-snippet":"max-snippet:-1","max-image-preview":"max-image-preview:large","max-video-preview":"max-video-preview:-1"},"canonical":"https:\/\/shop.bantam.ch\/fr\/produit\/gouttiere-a-led-dometic-rt200\/","og_locale":"fr_FR","og_type":"article","og_title":"Goutti\u00e8re \u00e0 LED Dometic RT200 - Bantam","og_description":"Cela vous rappelle quelque chose ? Chaque fois que vous ouvrez la porte coulissante de votre camping-car un jour de pluie, un flot d&rsquo;eau vient \u00e0 votre rencontre. Ne serait-il pas judicieux d&rsquo;\u00e9liminer ce d\u00e9sagr\u00e9ment par un simple \u00e9quipement ult\u00e9rieur ? Le Dometic RainTec RT 200 emp\u00eache l&rsquo;eau de couler dans votre v\u00e9hicule (ou sur [&hellip;]","og_url":"https:\/\/shop.bantam.ch\/fr\/produit\/gouttiere-a-led-dometic-rt200\/","og_site_name":"Bantam","article_modified_time":"2026-05-02T00:16:40+00:00","twitter_card":"summary_large_image","twitter_misc":{"Dur\u00e9e de lecture estim\u00e9e":"1 minute"},"schema":{"@context":"https:\/\/schema.org","@graph":[{"@type":"WebPage","@id":"https:\/\/shop.bantam.ch\/fr\/produit\/gouttiere-a-led-dometic-rt200\/","url":"https:\/\/shop.bantam.ch\/fr\/produit\/gouttiere-a-led-dometic-rt200\/","name":"Goutti\u00e8re \u00e0 LED Dometic RT200 - Bantam","isPartOf":{"@id":"https:\/\/shop.bantam.ch\/fr\/#website"},"primaryImageOfPage":{"@id":"https:\/\/shop.bantam.ch\/fr\/produit\/gouttiere-a-led-dometic-rt200\/#primaryimage"},"image":{"@id":"https:\/\/shop.bantam.ch\/fr\/produit\/gouttiere-a-led-dometic-rt200\/#primaryimage"},"thumbnailUrl":"https:\/\/shop.bantam.ch\/wp-content\/uploads\/2026\/01\/Movera-L-9963469100.jpg","datePublished":"2026-01-06T14:28:24+00:00","dateModified":"2026-05-02T00:16:40+00:00","breadcrumb":{"@id":"https:\/\/shop.bantam.ch\/fr\/produit\/gouttiere-a-led-dometic-rt200\/#breadcrumb"},"inLanguage":"fr-FR","potentialAction":[{"@type":"ReadAction","target":["https:\/\/shop.bantam.ch\/fr\/produit\/gouttiere-a-led-dometic-rt200\/"]}]},{"@type":"ImageObject","inLanguage":"fr-FR","@id":"https:\/\/shop.bantam.ch\/fr\/produit\/gouttiere-a-led-dometic-rt200\/#primaryimage","url":"https:\/\/shop.bantam.ch\/wp-content\/uploads\/2026\/01\/Movera-L-9963469100.jpg","contentUrl":"https:\/\/shop.bantam.ch\/wp-content\/uploads\/2026\/01\/Movera-L-9963469100.jpg","width":640,"height":640},{"@type":"BreadcrumbList","@id":"https:\/\/shop.bantam.ch\/fr\/produit\/gouttiere-a-led-dometic-rt200\/#breadcrumb","itemListElement":[{"@type":"ListItem","position":1,"name":"Accueil","item":"https:\/\/shop.bantam.ch\/fr\/"},{"@type":"ListItem","position":2,"name":"Boutique","item":"https:\/\/shop.bantam.ch\/fr\/boutique\/"},{"@type":"ListItem","position":3,"name":"Goutti\u00e8re \u00e0 LED Dometic RT200"}]},{"@type":"WebSite","@id":"https:\/\/shop.bantam.ch\/fr\/#website","url":"https:\/\/shop.bantam.ch\/fr\/","name":"Bantam","description":"","publisher":{"@id":"https:\/\/shop.bantam.ch\/fr\/#organization"},"inLanguage":"fr-FR"},{"@type":"Organization","@id":"https:\/\/shop.bantam.ch\/fr\/#organization","name":"Bantam","url":"https:\/\/shop.bantam.ch\/fr\/","logo":{"@type":"ImageObject","inLanguage":"fr-FR","@id":"https:\/\/shop.bantam.ch\/fr\/#\/schema\/logo\/image\/","url":"https:\/\/shop.bantam.ch\/wp-content\/uploads\/2022\/12\/bantam-logo.png","contentUrl":"https:\/\/shop.bantam.ch\/wp-content\/uploads\/2022\/12\/bantam-logo.png","width":320,"height":71,"caption":"Bantam"},"image":{"@id":"https:\/\/shop.bantam.ch\/fr\/#\/schema\/logo\/image\/"}}]}},"_links":{"self":[{"href":"https:\/\/shop.bantam.ch\/fr\/wp-json\/wp\/v2\/product\/227555","targetHints":{"allow":["GET"]}}],"collection":[{"href":"https:\/\/shop.bantam.ch\/fr\/wp-json\/wp\/v2\/product"}],"about":[{"href":"https:\/\/shop.bantam.ch\/fr\/wp-json\/wp\/v2\/types\/product"}],"wp:featuredmedia":[{"embeddable":true,"href":"https:\/\/shop.bantam.ch\/fr\/wp-json\/wp\/v2\/media\/227551"}],"wp:attachment":[{"href":"https:\/\/shop.bantam.ch\/fr\/wp-json\/wp\/v2\/media?parent=227555"}],"wp:term":[{"taxonomy":"product_featured_cat","embeddable":true,"href":"https:\/\/shop.bantam.ch\/fr\/wp-json\/wp\/v2\/product_featured_cat?post=227555"},{"taxonomy":"product_brand","embeddable":true,"href":"https:\/\/shop.bantam.ch\/fr\/wp-json\/wp\/v2\/product_brand?post=227555"},{"taxonomy":"product_cat","embeddable":true,"href":"https:\/\/shop.bantam.ch\/fr\/wp-json\/wp\/v2\/product_cat?post=227555"},{"taxonomy":"product_tag","embeddable":true,"href":"https:\/\/shop.bantam.ch\/fr\/wp-json\/wp\/v2\/product_tag?post=227555"}],"curies":[{"name":"wp","href":"https:\/\/api.w.org\/{rel}","templated":true}]}}