{"id":227381,"date":"2026-01-06T15:23:34","date_gmt":"2026-01-06T14:23:34","guid":{"rendered":"https:\/\/shop.bantam.ch\/produit\/kit-de-connectivite-inet-x\/"},"modified":"2026-04-17T23:46:38","modified_gmt":"2026-04-17T21:46:38","slug":"kit-de-connectivite-inet-x","status":"publish","type":"product","link":"https:\/\/shop.bantam.ch\/fr\/produit\/kit-de-connectivite-inet-x\/","title":{"rendered":"Kit de connectivit\u00e9 INet X"},"content":{"rendered":"<p><!--StartFragment --><\/p>\n<p><strong>Syst\u00e8me Truma iNet X<\/strong><\/p>\n<p>Le syst\u00e8me Truma iNet X permet de centraliser la commande de plusieurs appareils tout en offrant des services utiles. En bref, il est synonyme de confort maximal. Le syst\u00e8me comprend le panneau Truma iNet X (Pro), l&rsquo;application correspondante et le Truma iNet X Connect. Le Truma iNet X Connect permet une commande \u00e0 distance, de sorte que vous pouvez d\u00e9j\u00e0 tout pr\u00e9parer pour votre retour depuis la plage ou les pistes de ski.<\/p>\n<p>Gr\u00e2ce \u00e0 la possibilit\u00e9 de mise \u00e0 jour de l&rsquo;ensemble du syst\u00e8me, celui-ci reste toujours \u00e0 la pointe de la technologie et \u00e9volue en permanence. Alors que le panneau Truma iNet X peut \u00eatre install\u00e9 ult\u00e9rieurement, le panneau Truma iNet X Pro est uniquement install\u00e9 en usine.<\/p>\n<\/p>\n<p><strong>Truma iNet X Connect<\/strong><\/p>\n<p>Le module \u00e0 distance Truma iNet X Connect permet d&rsquo;utiliser l&rsquo;application Truma iNet X lors de vos d\u00e9placements. Vous pouvez d\u00e9sormais contr\u00f4ler vos appareils connect\u00e9s au syst\u00e8me Truma iNet X \u00e0 distance.<\/p>\n<p>de commander confortablement \u00e0 distance et de consulter les affichages d&rsquo;\u00e9tat sans devoir \u00eatre \u00e0 proximit\u00e9 de votre v\u00e9hicule. Il suffit d&rsquo;activer le service Remote Control** et c&rsquo;est parti.<\/p>\n<\/p>\n<p>Voici comment cela fonctionne<\/p>\n<p>Le module Remote est reli\u00e9 par un c\u00e2ble au panneau Truma iNet X (Pro) ou \u00e0 l&rsquo;Aventa 2.Gen (avec interface). D\u00e8s que l&rsquo;application Truma iNet X est connect\u00e9e au panneau, Truma iNet X Connect est automatiquement d\u00e9tect\u00e9 et passe \u00e0 l&rsquo;\u00e9cran de bienvenue dans l&rsquo;application Truma iNet X. En quelques \u00e9tapes, le service est activ\u00e9 et c&rsquo;est parti.<\/p>\n<\/p>\n<p><strong>Panneau Truma iNet X (y compris l&rsquo;application Truma iNet X)<\/strong><\/p>\n<p>Le panneau Truma iNet X vous permet de commander les principaux produits de confort de votre v\u00e9hicule et de profiter de services pratiques. La commande s&rsquo;effectue via un \u00e9cran tactile 4,3&Prime;. Quelques clics suffisent pour tout r\u00e9gler. Gr\u00e2ce au Bluetooth int\u00e9gr\u00e9, le Truma iNet X Panel peut \u00e9galement \u00eatre command\u00e9 confortablement via l&rsquo;application gratuite Truma iNet X.<\/p>\n<p><strong>Important :<\/strong><\/p>\n<p>L&rsquo;application Truma iNet X est n\u00e9cessaire pour t\u00e9l\u00e9charger les mises \u00e0 jour sur le panneau Truma iNet X et pour effectuer des r\u00e9glages individuels (par ex. r\u00e9glage des minuteries, configuration du Truma LevelControl).<\/p>\n<\/p>\n<ul>\n<li>Intuitif : utilisation via l&rsquo;\u00e9cran tactile et l&rsquo;application gratuite<\/li>\n<li>Pratique : services utiles, comme par ex. les minuteries<\/li>\n<li>Possibilit\u00e9 de mise \u00e0 jour : Possibilit\u00e9 de faire des mises \u00e0 jour facilement via l&rsquo;app<\/li>\n<li>Mobile : commande possible en d\u00e9placement<\/li>\n<\/ul>\n<p>*en liaison avec Truma iNet X Connect<\/p>\n<\/p>\n<p>Caract\u00e9ristiques techniques :<\/p>\n<ul>\n<li>\u00c9cran tactile : TFT-LCD 4,3&Prime; (r\u00e9sistif)<\/li>\n<li>Plage de temp\u00e9rature de fonctionnement : -30 \u00b0C \u00e0 +70 \u00b0C<\/li>\n<li>Plage de temp\u00e9rature de stockage : -30 \u00b0C \u00e0 +70 \u00b0C<\/li>\n<li>Interfaces : TIN-bus, CI-bus, CAN-bus, Bluetooth<\/li>\n<li>Bluetooth : puissance de sortie : 5 dBm, tol\u00e9rance d&rsquo;accord : +\/- 3 dBm<\/li>\n<li>Alimentation \u00e9lectrique : 12 V (8 V &#8211; 16 V)<\/li>\n<li>Consommation \u00e9lectrique : 1,5 W (13 mA)<\/li>\n<li>Pile : pile CR 2032<\/li>\n<li>Poids : env. 150 g<\/li>\n<li>Dimensions : 96,7 x 120,1 x 31 mm (L x l x H)<\/li>\n<\/ul>\n<p>Contenu de la livraison :<\/p>\n<p>El\u00e9ment de commande, c\u00e2ble de raccordement 12 V, mode d&#8217;emploi, instructions de montage, serre-c\u00e2bles, porte-fusible<\/p>\n<\/p>\n<p><strong>Panneau Truma iNet X et application Truma iNet X<\/strong><\/p>\n<p>Etendue des fonctions<\/p>\n<\/p>\n<p><strong>Appareils compatibles :<\/strong><\/p>\n<p>Mod\u00e8les Combi de Truma, Alde 3020 HE, mod\u00e8les Aventa, mod\u00e8les Saphir, Dometic Freshjet, Truma LevelControl<\/p>\n<\/p>\n<ul>\n<li>R\u00e9gler le chauffage et la climatisation en quelques clics<\/li>\n<li>Choisir la temp\u00e9rature de l&rsquo;eau adapt\u00e9e \u00e0 chaque occasion<\/li>\n<li>V\u00e9rifier le niveau de gaz \u00e0 tout moment via Truma LevelControl<\/li>\n<li>R\u00e9gler jusqu&rsquo;\u00e0 6 minuteries en m\u00eame temps<\/li>\n<li>Toujours garder un \u0153il sur la temp\u00e9rature ext\u00e9rieure et int\u00e9rieure<\/li>\n<li>Obtenir une aide concr\u00e8te en cas de probl\u00e8me<\/li>\n<\/ul>\n<p><strong>Kit de connectivit\u00e9 Truma iNet X<\/strong><\/p>\n<p>Kit pour l&rsquo;\u00e9quipement ult\u00e9rieur. Passage du panneau de commande Truma CP plus au panneau Truma iNet X.<\/p>\n<\/p>\n<p>Contenu de la livraison :<\/p>\n<p>1x panneau Truma iNet X, 1x cadre de finition du panneau iNet X,<\/p>\n<p>1x Truma iNet X Connect, c\u00e2ble CAN 3 m, serre-c\u00e2bles 100 x 2,5mm noir,<\/p>\n<p>Porte-fusible y compris fusible 1 AF, mode d&#8217;emploi, instructions de montage<\/p>\n<\/p>\n<p><!--EndFragment --><\/p>\n","protected":false},"excerpt":{"rendered":"<p>Syst\u00e8me Truma iNet X Le syst\u00e8me Truma iNet X permet de centraliser la commande de plusieurs appareils tout en offrant des services utiles. En bref, il est synonyme de confort maximal. Le syst\u00e8me comprend le panneau Truma iNet X (Pro), l&rsquo;application correspondante et le Truma iNet X Connect. Le Truma iNet X Connect permet une [&hellip;]<\/p>\n","protected":false},"featured_media":227377,"template":"","meta":{"_acf_changed":false},"product_featured_cat":[],"product_brand":[],"product_cat":[5165],"product_tag":[],"class_list":{"0":"post-227381","1":"product","2":"type-product","3":"status-publish","4":"has-post-thumbnail","6":"product_cat-accessoires-radiateurs","8":"first","9":"instock","10":"taxable","11":"shipping-taxable","12":"purchasable","13":"product-type-simple"},"acf":[],"yoast_head":"<!-- This site is optimized with the Yoast SEO plugin v27.4 - https:\/\/yoast.com\/product\/yoast-seo-wordpress\/ -->\n<title>Kit de connectivit\u00e9 INet X - Bantam Wankm\u00fcller SA<\/title>\n<meta name=\"robots\" content=\"index, follow, max-snippet:-1, max-image-preview:large, max-video-preview:-1\" \/>\n<link rel=\"canonical\" href=\"https:\/\/shop.bantam.ch\/fr\/produit\/kit-de-connectivite-inet-x\/\" \/>\n<meta property=\"og:locale\" content=\"fr_FR\" \/>\n<meta property=\"og:type\" content=\"article\" \/>\n<meta property=\"og:title\" content=\"Kit de connectivit\u00e9 INet X - Bantam Wankm\u00fcller SA\" \/>\n<meta property=\"og:description\" content=\"Syst\u00e8me Truma iNet X Le syst\u00e8me Truma iNet X permet de centraliser la commande de plusieurs appareils tout en offrant des services utiles. En bref, il est synonyme de confort maximal. Le syst\u00e8me comprend le panneau Truma iNet X (Pro), l&rsquo;application correspondante et le Truma iNet X Connect. Le Truma iNet X Connect permet une [&hellip;]\" \/>\n<meta property=\"og:url\" content=\"https:\/\/shop.bantam.ch\/fr\/produit\/kit-de-connectivite-inet-x\/\" \/>\n<meta property=\"og:site_name\" content=\"Bantam Wankm\u00fcller SA\" \/>\n<meta property=\"article:modified_time\" content=\"2026-04-17T21:46:38+00:00\" \/>\n<meta name=\"twitter:card\" content=\"summary_large_image\" \/>\n<meta name=\"twitter:label1\" content=\"Dur\u00e9e de lecture estim\u00e9e\" \/>\n\t<meta name=\"twitter:data1\" content=\"3 minutes\" \/>\n<script type=\"application\/ld+json\" class=\"yoast-schema-graph\">{\"@context\":\"https:\\\/\\\/schema.org\",\"@graph\":[{\"@type\":\"WebPage\",\"@id\":\"https:\\\/\\\/shop.bantam.ch\\\/fr\\\/produit\\\/kit-de-connectivite-inet-x\\\/\",\"url\":\"https:\\\/\\\/shop.bantam.ch\\\/fr\\\/produit\\\/kit-de-connectivite-inet-x\\\/\",\"name\":\"Kit de connectivit\u00e9 INet X - Bantam Wankm\u00fcller SA\",\"isPartOf\":{\"@id\":\"https:\\\/\\\/shop.bantam.ch\\\/fr\\\/#website\"},\"primaryImageOfPage\":{\"@id\":\"https:\\\/\\\/shop.bantam.ch\\\/fr\\\/produit\\\/kit-de-connectivite-inet-x\\\/#primaryimage\"},\"image\":{\"@id\":\"https:\\\/\\\/shop.bantam.ch\\\/fr\\\/produit\\\/kit-de-connectivite-inet-x\\\/#primaryimage\"},\"thumbnailUrl\":\"https:\\\/\\\/shop.bantam.ch\\\/wp-content\\\/uploads\\\/2026\\\/01\\\/Movera-L-9958933100.jpg\",\"datePublished\":\"2026-01-06T14:23:34+00:00\",\"dateModified\":\"2026-04-17T21:46:38+00:00\",\"breadcrumb\":{\"@id\":\"https:\\\/\\\/shop.bantam.ch\\\/fr\\\/produit\\\/kit-de-connectivite-inet-x\\\/#breadcrumb\"},\"inLanguage\":\"fr-FR\",\"potentialAction\":[{\"@type\":\"ReadAction\",\"target\":[\"https:\\\/\\\/shop.bantam.ch\\\/fr\\\/produit\\\/kit-de-connectivite-inet-x\\\/\"]}]},{\"@type\":\"ImageObject\",\"inLanguage\":\"fr-FR\",\"@id\":\"https:\\\/\\\/shop.bantam.ch\\\/fr\\\/produit\\\/kit-de-connectivite-inet-x\\\/#primaryimage\",\"url\":\"https:\\\/\\\/shop.bantam.ch\\\/wp-content\\\/uploads\\\/2026\\\/01\\\/Movera-L-9958933100.jpg\",\"contentUrl\":\"https:\\\/\\\/shop.bantam.ch\\\/wp-content\\\/uploads\\\/2026\\\/01\\\/Movera-L-9958933100.jpg\",\"width\":640,\"height\":441},{\"@type\":\"BreadcrumbList\",\"@id\":\"https:\\\/\\\/shop.bantam.ch\\\/fr\\\/produit\\\/kit-de-connectivite-inet-x\\\/#breadcrumb\",\"itemListElement\":[{\"@type\":\"ListItem\",\"position\":1,\"name\":\"Accueil\",\"item\":\"https:\\\/\\\/shop.bantam.ch\\\/fr\\\/\"},{\"@type\":\"ListItem\",\"position\":2,\"name\":\"Boutique\",\"item\":\"https:\\\/\\\/shop.bantam.ch\\\/fr\\\/boutique\\\/\"},{\"@type\":\"ListItem\",\"position\":3,\"name\":\"Kit de connectivit\u00e9 INet X\"}]},{\"@type\":\"WebSite\",\"@id\":\"https:\\\/\\\/shop.bantam.ch\\\/fr\\\/#website\",\"url\":\"https:\\\/\\\/shop.bantam.ch\\\/fr\\\/\",\"name\":\"Bantam Wankm\u00fcller SA\",\"description\":\"\",\"publisher\":{\"@id\":\"https:\\\/\\\/shop.bantam.ch\\\/fr\\\/#organization\"},\"inLanguage\":\"fr-FR\"},{\"@type\":\"Organization\",\"@id\":\"https:\\\/\\\/shop.bantam.ch\\\/fr\\\/#organization\",\"name\":\"Bantam Wankm\u00fcller SA\",\"url\":\"https:\\\/\\\/shop.bantam.ch\\\/fr\\\/\",\"logo\":{\"@type\":\"ImageObject\",\"inLanguage\":\"fr-FR\",\"@id\":\"https:\\\/\\\/shop.bantam.ch\\\/fr\\\/#\\\/schema\\\/logo\\\/image\\\/\",\"url\":\"https:\\\/\\\/shop.bantam.ch\\\/wp-content\\\/uploads\\\/2022\\\/12\\\/bantam-logo.png\",\"contentUrl\":\"https:\\\/\\\/shop.bantam.ch\\\/wp-content\\\/uploads\\\/2022\\\/12\\\/bantam-logo.png\",\"width\":320,\"height\":71,\"caption\":\"Bantam Wankm\u00fcller SA\"},\"image\":{\"@id\":\"https:\\\/\\\/shop.bantam.ch\\\/fr\\\/#\\\/schema\\\/logo\\\/image\\\/\"}}]}<\/script>\n<!-- \/ Yoast SEO plugin. -->","yoast_head_json":{"title":"Kit de connectivit\u00e9 INet X - Bantam Wankm\u00fcller SA","robots":{"index":"index","follow":"follow","max-snippet":"max-snippet:-1","max-image-preview":"max-image-preview:large","max-video-preview":"max-video-preview:-1"},"canonical":"https:\/\/shop.bantam.ch\/fr\/produit\/kit-de-connectivite-inet-x\/","og_locale":"fr_FR","og_type":"article","og_title":"Kit de connectivit\u00e9 INet X - Bantam Wankm\u00fcller SA","og_description":"Syst\u00e8me Truma iNet X Le syst\u00e8me Truma iNet X permet de centraliser la commande de plusieurs appareils tout en offrant des services utiles. En bref, il est synonyme de confort maximal. Le syst\u00e8me comprend le panneau Truma iNet X (Pro), l&rsquo;application correspondante et le Truma iNet X Connect. Le Truma iNet X Connect permet une [&hellip;]","og_url":"https:\/\/shop.bantam.ch\/fr\/produit\/kit-de-connectivite-inet-x\/","og_site_name":"Bantam Wankm\u00fcller SA","article_modified_time":"2026-04-17T21:46:38+00:00","twitter_card":"summary_large_image","twitter_misc":{"Dur\u00e9e de lecture estim\u00e9e":"3 minutes"},"schema":{"@context":"https:\/\/schema.org","@graph":[{"@type":"WebPage","@id":"https:\/\/shop.bantam.ch\/fr\/produit\/kit-de-connectivite-inet-x\/","url":"https:\/\/shop.bantam.ch\/fr\/produit\/kit-de-connectivite-inet-x\/","name":"Kit de connectivit\u00e9 INet X - Bantam Wankm\u00fcller SA","isPartOf":{"@id":"https:\/\/shop.bantam.ch\/fr\/#website"},"primaryImageOfPage":{"@id":"https:\/\/shop.bantam.ch\/fr\/produit\/kit-de-connectivite-inet-x\/#primaryimage"},"image":{"@id":"https:\/\/shop.bantam.ch\/fr\/produit\/kit-de-connectivite-inet-x\/#primaryimage"},"thumbnailUrl":"https:\/\/shop.bantam.ch\/wp-content\/uploads\/2026\/01\/Movera-L-9958933100.jpg","datePublished":"2026-01-06T14:23:34+00:00","dateModified":"2026-04-17T21:46:38+00:00","breadcrumb":{"@id":"https:\/\/shop.bantam.ch\/fr\/produit\/kit-de-connectivite-inet-x\/#breadcrumb"},"inLanguage":"fr-FR","potentialAction":[{"@type":"ReadAction","target":["https:\/\/shop.bantam.ch\/fr\/produit\/kit-de-connectivite-inet-x\/"]}]},{"@type":"ImageObject","inLanguage":"fr-FR","@id":"https:\/\/shop.bantam.ch\/fr\/produit\/kit-de-connectivite-inet-x\/#primaryimage","url":"https:\/\/shop.bantam.ch\/wp-content\/uploads\/2026\/01\/Movera-L-9958933100.jpg","contentUrl":"https:\/\/shop.bantam.ch\/wp-content\/uploads\/2026\/01\/Movera-L-9958933100.jpg","width":640,"height":441},{"@type":"BreadcrumbList","@id":"https:\/\/shop.bantam.ch\/fr\/produit\/kit-de-connectivite-inet-x\/#breadcrumb","itemListElement":[{"@type":"ListItem","position":1,"name":"Accueil","item":"https:\/\/shop.bantam.ch\/fr\/"},{"@type":"ListItem","position":2,"name":"Boutique","item":"https:\/\/shop.bantam.ch\/fr\/boutique\/"},{"@type":"ListItem","position":3,"name":"Kit de connectivit\u00e9 INet X"}]},{"@type":"WebSite","@id":"https:\/\/shop.bantam.ch\/fr\/#website","url":"https:\/\/shop.bantam.ch\/fr\/","name":"Bantam Wankm\u00fcller SA","description":"","publisher":{"@id":"https:\/\/shop.bantam.ch\/fr\/#organization"},"inLanguage":"fr-FR"},{"@type":"Organization","@id":"https:\/\/shop.bantam.ch\/fr\/#organization","name":"Bantam Wankm\u00fcller SA","url":"https:\/\/shop.bantam.ch\/fr\/","logo":{"@type":"ImageObject","inLanguage":"fr-FR","@id":"https:\/\/shop.bantam.ch\/fr\/#\/schema\/logo\/image\/","url":"https:\/\/shop.bantam.ch\/wp-content\/uploads\/2022\/12\/bantam-logo.png","contentUrl":"https:\/\/shop.bantam.ch\/wp-content\/uploads\/2022\/12\/bantam-logo.png","width":320,"height":71,"caption":"Bantam Wankm\u00fcller SA"},"image":{"@id":"https:\/\/shop.bantam.ch\/fr\/#\/schema\/logo\/image\/"}}]}},"_links":{"self":[{"href":"https:\/\/shop.bantam.ch\/fr\/wp-json\/wp\/v2\/product\/227381","targetHints":{"allow":["GET"]}}],"collection":[{"href":"https:\/\/shop.bantam.ch\/fr\/wp-json\/wp\/v2\/product"}],"about":[{"href":"https:\/\/shop.bantam.ch\/fr\/wp-json\/wp\/v2\/types\/product"}],"wp:featuredmedia":[{"embeddable":true,"href":"https:\/\/shop.bantam.ch\/fr\/wp-json\/wp\/v2\/media\/227377"}],"wp:attachment":[{"href":"https:\/\/shop.bantam.ch\/fr\/wp-json\/wp\/v2\/media?parent=227381"}],"wp:term":[{"taxonomy":"product_featured_cat","embeddable":true,"href":"https:\/\/shop.bantam.ch\/fr\/wp-json\/wp\/v2\/product_featured_cat?post=227381"},{"taxonomy":"product_brand","embeddable":true,"href":"https:\/\/shop.bantam.ch\/fr\/wp-json\/wp\/v2\/product_brand?post=227381"},{"taxonomy":"product_cat","embeddable":true,"href":"https:\/\/shop.bantam.ch\/fr\/wp-json\/wp\/v2\/product_cat?post=227381"},{"taxonomy":"product_tag","embeddable":true,"href":"https:\/\/shop.bantam.ch\/fr\/wp-json\/wp\/v2\/product_tag?post=227381"}],"curies":[{"name":"wp","href":"https:\/\/api.w.org\/{rel}","templated":true}]}}