{"id":227287,"date":"2026-01-06T15:20:32","date_gmt":"2026-01-06T14:20:32","guid":{"rendered":"https:\/\/shop.bantam.ch\/produit\/systeme-multimatique-a-2-bouteilles-avec-vanne-de-raccordement-de-controle-sortie-srv8mm\/"},"modified":"2026-04-22T23:46:13","modified_gmt":"2026-04-22T21:46:13","slug":"systeme-multimatique-a-2-bouteilles-avec-vanne-de-raccordement-de-controle-sortie-srv8mm","status":"publish","type":"product","link":"https:\/\/shop.bantam.ch\/fr\/produit\/systeme-multimatique-a-2-bouteilles-avec-vanne-de-raccordement-de-controle-sortie-srv8mm\/","title":{"rendered":"Syst\u00e8me multimatique \u00e0 2 bouteilles avec vanne de raccordement de contr\u00f4le sortie SRV8mm"},"content":{"rendered":"<p><!--StartFragment -->Le Multimatik CPU passe automatiquement de la bouteille de service vide \u00e0 la bouteille de r\u00e9serve pleine. Le panneau de contr\u00f4le et de commande dans l&rsquo;habitacle du v\u00e9hicule vous informe de l&rsquo;\u00e9tat de fonctionnement de l&rsquo;installation de gaz.<\/p>\n<\/p>\n<p>Faire fonctionner le r\u00e9frig\u00e9rateur, le chauffage ou d&rsquo;autres consommateurs pendant le trajet et \u00eatre toujours en s\u00e9curit\u00e9. En cas d&rsquo;urgence, la \u00ab\u00a0Crash Protection Unit\u00a0\u00bb &#8211; CPU brevet\u00e9e interrompt imm\u00e9diatement l&rsquo;alimentation en gaz et \u00e9vite ainsi le pire.<\/p>\n<\/p>\n<p>Avec son tuyau haute pression et sa s\u00e9curit\u00e9 de rupture de tuyau, elle r\u00e9pond \u00e0 toutes les directives europ\u00e9ennes sur les appareils de chauffage selon 2001\/56\/CE, y compris les r\u00e9glementations sp\u00e9ciales pour la France.<\/p>\n<\/p>\n<p>Que ce soit en cas de freinage d&rsquo;urgence, d&rsquo;accident ou d&rsquo;inclinaison inhabituellement importante, l&rsquo;unit\u00e9 centrale \u00e9lectronique interrompt imm\u00e9diatement l&rsquo;alimentation en gaz. En outre, presque tous les d\u00e9tecteurs de gaz courants peuvent \u00eatre directement reli\u00e9s \u00e0 l&rsquo;unit\u00e9 centrale \u00e9lectronique. En cas d&rsquo;alarme de gaz, l&rsquo;alimentation en gaz est \u00e9galement imm\u00e9diatement interrompue pour votre plus grande s\u00e9curit\u00e9. Pendant les arr\u00eats et les trajets, la CPU vous offre un confort maximal et une s\u00e9curit\u00e9 maximale.<\/p>\n<\/p>\n<ul>\n<li>Sortie SRV 10 mm<\/li>\n<li>1,5k g\/h 30mbar avec vanne de raccordement de contr\u00f4le<\/li>\n<li>Selon EN 12864 annexe D<\/li>\n<\/ul>\n<p>Contenu de la livraison : Inclus 2 x tuyaux de raccordement KLF-Kombi 45 cm<\/p>\n<p><!--EndFragment --><\/p>\n","protected":false},"excerpt":{"rendered":"<p>Le Multimatik CPU passe automatiquement de la bouteille de service vide \u00e0 la bouteille de r\u00e9serve pleine. Le panneau de contr\u00f4le et de commande dans l&rsquo;habitacle du v\u00e9hicule vous informe de l&rsquo;\u00e9tat de fonctionnement de l&rsquo;installation de gaz. Faire fonctionner le r\u00e9frig\u00e9rateur, le chauffage ou d&rsquo;autres consommateurs pendant le trajet et \u00eatre toujours en s\u00e9curit\u00e9. [&hellip;]<\/p>\n","protected":false},"featured_media":227283,"template":"","meta":{"_acf_changed":false},"product_featured_cat":[],"product_brand":[],"product_cat":[4485],"product_tag":[],"class_list":{"0":"post-227287","1":"product","2":"type-product","3":"status-publish","4":"has-post-thumbnail","6":"product_cat-accessoires-pour-bouteilles-et-cartouches-de-gaz","8":"first","9":"instock","10":"taxable","11":"shipping-taxable","12":"purchasable","13":"product-type-simple"},"acf":[],"yoast_head":"<!-- This site is optimized with the Yoast SEO plugin v27.4 - https:\/\/yoast.com\/product\/yoast-seo-wordpress\/ -->\n<title>Syst\u00e8me multimatique \u00e0 2 bouteilles avec vanne de raccordement de contr\u00f4le sortie SRV8mm - Bantam Wankm\u00fcller SA<\/title>\n<meta name=\"robots\" content=\"index, follow, max-snippet:-1, max-image-preview:large, max-video-preview:-1\" \/>\n<link rel=\"canonical\" href=\"https:\/\/shop.bantam.ch\/fr\/produit\/systeme-multimatique-a-2-bouteilles-avec-vanne-de-raccordement-de-controle-sortie-srv8mm\/\" \/>\n<meta property=\"og:locale\" content=\"fr_FR\" \/>\n<meta property=\"og:type\" content=\"article\" \/>\n<meta property=\"og:title\" content=\"Syst\u00e8me multimatique \u00e0 2 bouteilles avec vanne de raccordement de contr\u00f4le sortie SRV8mm - Bantam Wankm\u00fcller SA\" \/>\n<meta property=\"og:description\" content=\"Le Multimatik CPU passe automatiquement de la bouteille de service vide \u00e0 la bouteille de r\u00e9serve pleine. Le panneau de contr\u00f4le et de commande dans l&rsquo;habitacle du v\u00e9hicule vous informe de l&rsquo;\u00e9tat de fonctionnement de l&rsquo;installation de gaz. Faire fonctionner le r\u00e9frig\u00e9rateur, le chauffage ou d&rsquo;autres consommateurs pendant le trajet et \u00eatre toujours en s\u00e9curit\u00e9. [&hellip;]\" \/>\n<meta property=\"og:url\" content=\"https:\/\/shop.bantam.ch\/fr\/produit\/systeme-multimatique-a-2-bouteilles-avec-vanne-de-raccordement-de-controle-sortie-srv8mm\/\" \/>\n<meta property=\"og:site_name\" content=\"Bantam Wankm\u00fcller SA\" \/>\n<meta property=\"article:modified_time\" content=\"2026-04-22T21:46:13+00:00\" \/>\n<meta name=\"twitter:card\" content=\"summary_large_image\" \/>\n<meta name=\"twitter:label1\" content=\"Dur\u00e9e de lecture estim\u00e9e\" \/>\n\t<meta name=\"twitter:data1\" content=\"1 minute\" \/>\n<script type=\"application\/ld+json\" class=\"yoast-schema-graph\">{\"@context\":\"https:\\\/\\\/schema.org\",\"@graph\":[{\"@type\":\"WebPage\",\"@id\":\"https:\\\/\\\/shop.bantam.ch\\\/fr\\\/produit\\\/systeme-multimatique-a-2-bouteilles-avec-vanne-de-raccordement-de-controle-sortie-srv8mm\\\/\",\"url\":\"https:\\\/\\\/shop.bantam.ch\\\/fr\\\/produit\\\/systeme-multimatique-a-2-bouteilles-avec-vanne-de-raccordement-de-controle-sortie-srv8mm\\\/\",\"name\":\"Syst\u00e8me multimatique \u00e0 2 bouteilles avec vanne de raccordement de contr\u00f4le sortie SRV8mm - Bantam Wankm\u00fcller SA\",\"isPartOf\":{\"@id\":\"https:\\\/\\\/shop.bantam.ch\\\/fr\\\/#website\"},\"primaryImageOfPage\":{\"@id\":\"https:\\\/\\\/shop.bantam.ch\\\/fr\\\/produit\\\/systeme-multimatique-a-2-bouteilles-avec-vanne-de-raccordement-de-controle-sortie-srv8mm\\\/#primaryimage\"},\"image\":{\"@id\":\"https:\\\/\\\/shop.bantam.ch\\\/fr\\\/produit\\\/systeme-multimatique-a-2-bouteilles-avec-vanne-de-raccordement-de-controle-sortie-srv8mm\\\/#primaryimage\"},\"thumbnailUrl\":\"https:\\\/\\\/shop.bantam.ch\\\/wp-content\\\/uploads\\\/2026\\\/01\\\/Movera-L-9949817100.jpg\",\"datePublished\":\"2026-01-06T14:20:32+00:00\",\"dateModified\":\"2026-04-22T21:46:13+00:00\",\"breadcrumb\":{\"@id\":\"https:\\\/\\\/shop.bantam.ch\\\/fr\\\/produit\\\/systeme-multimatique-a-2-bouteilles-avec-vanne-de-raccordement-de-controle-sortie-srv8mm\\\/#breadcrumb\"},\"inLanguage\":\"fr-FR\",\"potentialAction\":[{\"@type\":\"ReadAction\",\"target\":[\"https:\\\/\\\/shop.bantam.ch\\\/fr\\\/produit\\\/systeme-multimatique-a-2-bouteilles-avec-vanne-de-raccordement-de-controle-sortie-srv8mm\\\/\"]}]},{\"@type\":\"ImageObject\",\"inLanguage\":\"fr-FR\",\"@id\":\"https:\\\/\\\/shop.bantam.ch\\\/fr\\\/produit\\\/systeme-multimatique-a-2-bouteilles-avec-vanne-de-raccordement-de-controle-sortie-srv8mm\\\/#primaryimage\",\"url\":\"https:\\\/\\\/shop.bantam.ch\\\/wp-content\\\/uploads\\\/2026\\\/01\\\/Movera-L-9949817100.jpg\",\"contentUrl\":\"https:\\\/\\\/shop.bantam.ch\\\/wp-content\\\/uploads\\\/2026\\\/01\\\/Movera-L-9949817100.jpg\",\"width\":471,\"height\":1000},{\"@type\":\"BreadcrumbList\",\"@id\":\"https:\\\/\\\/shop.bantam.ch\\\/fr\\\/produit\\\/systeme-multimatique-a-2-bouteilles-avec-vanne-de-raccordement-de-controle-sortie-srv8mm\\\/#breadcrumb\",\"itemListElement\":[{\"@type\":\"ListItem\",\"position\":1,\"name\":\"Accueil\",\"item\":\"https:\\\/\\\/shop.bantam.ch\\\/fr\\\/\"},{\"@type\":\"ListItem\",\"position\":2,\"name\":\"Boutique\",\"item\":\"https:\\\/\\\/shop.bantam.ch\\\/fr\\\/boutique\\\/\"},{\"@type\":\"ListItem\",\"position\":3,\"name\":\"Syst\u00e8me multimatique \u00e0 2 bouteilles avec vanne de raccordement de contr\u00f4le sortie SRV8mm\"}]},{\"@type\":\"WebSite\",\"@id\":\"https:\\\/\\\/shop.bantam.ch\\\/fr\\\/#website\",\"url\":\"https:\\\/\\\/shop.bantam.ch\\\/fr\\\/\",\"name\":\"Bantam Wankm\u00fcller SA\",\"description\":\"\",\"publisher\":{\"@id\":\"https:\\\/\\\/shop.bantam.ch\\\/fr\\\/#organization\"},\"inLanguage\":\"fr-FR\"},{\"@type\":\"Organization\",\"@id\":\"https:\\\/\\\/shop.bantam.ch\\\/fr\\\/#organization\",\"name\":\"Bantam Wankm\u00fcller SA\",\"url\":\"https:\\\/\\\/shop.bantam.ch\\\/fr\\\/\",\"logo\":{\"@type\":\"ImageObject\",\"inLanguage\":\"fr-FR\",\"@id\":\"https:\\\/\\\/shop.bantam.ch\\\/fr\\\/#\\\/schema\\\/logo\\\/image\\\/\",\"url\":\"https:\\\/\\\/shop.bantam.ch\\\/wp-content\\\/uploads\\\/2022\\\/12\\\/bantam-logo.png\",\"contentUrl\":\"https:\\\/\\\/shop.bantam.ch\\\/wp-content\\\/uploads\\\/2022\\\/12\\\/bantam-logo.png\",\"width\":320,\"height\":71,\"caption\":\"Bantam Wankm\u00fcller SA\"},\"image\":{\"@id\":\"https:\\\/\\\/shop.bantam.ch\\\/fr\\\/#\\\/schema\\\/logo\\\/image\\\/\"}}]}<\/script>\n<!-- \/ Yoast SEO plugin. -->","yoast_head_json":{"title":"Syst\u00e8me multimatique \u00e0 2 bouteilles avec vanne de raccordement de contr\u00f4le sortie SRV8mm - Bantam Wankm\u00fcller SA","robots":{"index":"index","follow":"follow","max-snippet":"max-snippet:-1","max-image-preview":"max-image-preview:large","max-video-preview":"max-video-preview:-1"},"canonical":"https:\/\/shop.bantam.ch\/fr\/produit\/systeme-multimatique-a-2-bouteilles-avec-vanne-de-raccordement-de-controle-sortie-srv8mm\/","og_locale":"fr_FR","og_type":"article","og_title":"Syst\u00e8me multimatique \u00e0 2 bouteilles avec vanne de raccordement de contr\u00f4le sortie SRV8mm - Bantam Wankm\u00fcller SA","og_description":"Le Multimatik CPU passe automatiquement de la bouteille de service vide \u00e0 la bouteille de r\u00e9serve pleine. Le panneau de contr\u00f4le et de commande dans l&rsquo;habitacle du v\u00e9hicule vous informe de l&rsquo;\u00e9tat de fonctionnement de l&rsquo;installation de gaz. Faire fonctionner le r\u00e9frig\u00e9rateur, le chauffage ou d&rsquo;autres consommateurs pendant le trajet et \u00eatre toujours en s\u00e9curit\u00e9. [&hellip;]","og_url":"https:\/\/shop.bantam.ch\/fr\/produit\/systeme-multimatique-a-2-bouteilles-avec-vanne-de-raccordement-de-controle-sortie-srv8mm\/","og_site_name":"Bantam Wankm\u00fcller SA","article_modified_time":"2026-04-22T21:46:13+00:00","twitter_card":"summary_large_image","twitter_misc":{"Dur\u00e9e de lecture estim\u00e9e":"1 minute"},"schema":{"@context":"https:\/\/schema.org","@graph":[{"@type":"WebPage","@id":"https:\/\/shop.bantam.ch\/fr\/produit\/systeme-multimatique-a-2-bouteilles-avec-vanne-de-raccordement-de-controle-sortie-srv8mm\/","url":"https:\/\/shop.bantam.ch\/fr\/produit\/systeme-multimatique-a-2-bouteilles-avec-vanne-de-raccordement-de-controle-sortie-srv8mm\/","name":"Syst\u00e8me multimatique \u00e0 2 bouteilles avec vanne de raccordement de contr\u00f4le sortie SRV8mm - Bantam Wankm\u00fcller SA","isPartOf":{"@id":"https:\/\/shop.bantam.ch\/fr\/#website"},"primaryImageOfPage":{"@id":"https:\/\/shop.bantam.ch\/fr\/produit\/systeme-multimatique-a-2-bouteilles-avec-vanne-de-raccordement-de-controle-sortie-srv8mm\/#primaryimage"},"image":{"@id":"https:\/\/shop.bantam.ch\/fr\/produit\/systeme-multimatique-a-2-bouteilles-avec-vanne-de-raccordement-de-controle-sortie-srv8mm\/#primaryimage"},"thumbnailUrl":"https:\/\/shop.bantam.ch\/wp-content\/uploads\/2026\/01\/Movera-L-9949817100.jpg","datePublished":"2026-01-06T14:20:32+00:00","dateModified":"2026-04-22T21:46:13+00:00","breadcrumb":{"@id":"https:\/\/shop.bantam.ch\/fr\/produit\/systeme-multimatique-a-2-bouteilles-avec-vanne-de-raccordement-de-controle-sortie-srv8mm\/#breadcrumb"},"inLanguage":"fr-FR","potentialAction":[{"@type":"ReadAction","target":["https:\/\/shop.bantam.ch\/fr\/produit\/systeme-multimatique-a-2-bouteilles-avec-vanne-de-raccordement-de-controle-sortie-srv8mm\/"]}]},{"@type":"ImageObject","inLanguage":"fr-FR","@id":"https:\/\/shop.bantam.ch\/fr\/produit\/systeme-multimatique-a-2-bouteilles-avec-vanne-de-raccordement-de-controle-sortie-srv8mm\/#primaryimage","url":"https:\/\/shop.bantam.ch\/wp-content\/uploads\/2026\/01\/Movera-L-9949817100.jpg","contentUrl":"https:\/\/shop.bantam.ch\/wp-content\/uploads\/2026\/01\/Movera-L-9949817100.jpg","width":471,"height":1000},{"@type":"BreadcrumbList","@id":"https:\/\/shop.bantam.ch\/fr\/produit\/systeme-multimatique-a-2-bouteilles-avec-vanne-de-raccordement-de-controle-sortie-srv8mm\/#breadcrumb","itemListElement":[{"@type":"ListItem","position":1,"name":"Accueil","item":"https:\/\/shop.bantam.ch\/fr\/"},{"@type":"ListItem","position":2,"name":"Boutique","item":"https:\/\/shop.bantam.ch\/fr\/boutique\/"},{"@type":"ListItem","position":3,"name":"Syst\u00e8me multimatique \u00e0 2 bouteilles avec vanne de raccordement de contr\u00f4le sortie SRV8mm"}]},{"@type":"WebSite","@id":"https:\/\/shop.bantam.ch\/fr\/#website","url":"https:\/\/shop.bantam.ch\/fr\/","name":"Bantam Wankm\u00fcller SA","description":"","publisher":{"@id":"https:\/\/shop.bantam.ch\/fr\/#organization"},"inLanguage":"fr-FR"},{"@type":"Organization","@id":"https:\/\/shop.bantam.ch\/fr\/#organization","name":"Bantam Wankm\u00fcller SA","url":"https:\/\/shop.bantam.ch\/fr\/","logo":{"@type":"ImageObject","inLanguage":"fr-FR","@id":"https:\/\/shop.bantam.ch\/fr\/#\/schema\/logo\/image\/","url":"https:\/\/shop.bantam.ch\/wp-content\/uploads\/2022\/12\/bantam-logo.png","contentUrl":"https:\/\/shop.bantam.ch\/wp-content\/uploads\/2022\/12\/bantam-logo.png","width":320,"height":71,"caption":"Bantam Wankm\u00fcller SA"},"image":{"@id":"https:\/\/shop.bantam.ch\/fr\/#\/schema\/logo\/image\/"}}]}},"_links":{"self":[{"href":"https:\/\/shop.bantam.ch\/fr\/wp-json\/wp\/v2\/product\/227287","targetHints":{"allow":["GET"]}}],"collection":[{"href":"https:\/\/shop.bantam.ch\/fr\/wp-json\/wp\/v2\/product"}],"about":[{"href":"https:\/\/shop.bantam.ch\/fr\/wp-json\/wp\/v2\/types\/product"}],"wp:featuredmedia":[{"embeddable":true,"href":"https:\/\/shop.bantam.ch\/fr\/wp-json\/wp\/v2\/media\/227283"}],"wp:attachment":[{"href":"https:\/\/shop.bantam.ch\/fr\/wp-json\/wp\/v2\/media?parent=227287"}],"wp:term":[{"taxonomy":"product_featured_cat","embeddable":true,"href":"https:\/\/shop.bantam.ch\/fr\/wp-json\/wp\/v2\/product_featured_cat?post=227287"},{"taxonomy":"product_brand","embeddable":true,"href":"https:\/\/shop.bantam.ch\/fr\/wp-json\/wp\/v2\/product_brand?post=227287"},{"taxonomy":"product_cat","embeddable":true,"href":"https:\/\/shop.bantam.ch\/fr\/wp-json\/wp\/v2\/product_cat?post=227287"},{"taxonomy":"product_tag","embeddable":true,"href":"https:\/\/shop.bantam.ch\/fr\/wp-json\/wp\/v2\/product_tag?post=227287"}],"curies":[{"name":"wp","href":"https:\/\/api.w.org\/{rel}","templated":true}]}}