{"id":227257,"date":"2026-01-06T15:19:48","date_gmt":"2026-01-06T14:19:48","guid":{"rendered":"https:\/\/shop.bantam.ch\/produit\/kit-solaire-alden-high-power-easy-mount-3-120-w-incl-regulateur-solaire-i-booster-mpp-370-w\/"},"modified":"2026-04-18T23:50:08","modified_gmt":"2026-04-18T21:50:08","slug":"kit-solaire-alden-high-power-easy-mount-3-120-w-incl-regulateur-solaire-i-booster-mpp-370-w","status":"publish","type":"product","link":"https:\/\/shop.bantam.ch\/fr\/produit\/kit-solaire-alden-high-power-easy-mount-3-120-w-incl-regulateur-solaire-i-booster-mpp-370-w\/","title":{"rendered":"Kit solaire ALDEN High Power Easy-Mount 3, 120 W incl. r\u00e9gulateur solaire I-Booster MPP 370 W"},"content":{"rendered":"<p><!--StartFragment -->Les modules solaires ALDEN ont fait leurs preuves des milliers de fois et sont disponibles avec des accessoires pratiques dans un kit complet bien pens\u00e9. Ils sont faciles \u00e0 monter gr\u00e2ce au syst\u00e8me de fixation EasyMount3 int\u00e9gr\u00e9.<\/p>\n<p>La source d&rsquo;\u00e9nergie alternative d&rsquo;ALDEN est fix\u00e9e sur le toit \u00e0 l&rsquo;aide du syst\u00e8me exclusif EasyMount3. Les \u00e9querres de montage pr\u00e9install\u00e9es avec une surface de collage optimis\u00e9e garantissent une installation facile sans les erreurs de montage habituelles.<\/p>\n<\/p>\n<p>I-BOOST 370 &#8211; Jusqu&rsquo;\u00e0 30% de puissance de charge en plus<\/p>\n<p>R\u00e9gulateur solaire 12 volts 370 WP<\/p>\n<p>Commutation du programme de charge acide\/ gel\/ AGM\/ LiFeP0\u02d9<\/p>\n<p>Raccordement : indicateur \u00e0 distance, batterie de d\u00e9marrage<\/p>\n<p><!--EndFragment --><\/p>\n","protected":false},"excerpt":{"rendered":"<p>Les modules solaires ALDEN ont fait leurs preuves des milliers de fois et sont disponibles avec des accessoires pratiques dans un kit complet bien pens\u00e9. Ils sont faciles \u00e0 monter gr\u00e2ce au syst\u00e8me de fixation EasyMount3 int\u00e9gr\u00e9. La source d&rsquo;\u00e9nergie alternative d&rsquo;ALDEN est fix\u00e9e sur le toit \u00e0 l&rsquo;aide du syst\u00e8me exclusif EasyMount3. Les \u00e9querres [&hellip;]<\/p>\n","protected":false},"featured_media":227253,"template":"","meta":{"_acf_changed":false},"product_featured_cat":[],"product_brand":[],"product_cat":[4879],"product_tag":[],"class_list":{"0":"post-227257","1":"product","2":"type-product","3":"status-publish","4":"has-post-thumbnail","6":"product_cat-kits-solaires","8":"first","9":"instock","10":"taxable","11":"shipping-taxable","12":"purchasable","13":"product-type-simple"},"acf":[],"yoast_head":"<!-- This site is optimized with the Yoast SEO plugin v27.4 - https:\/\/yoast.com\/product\/yoast-seo-wordpress\/ -->\n<title>Kit solaire ALDEN High Power Easy-Mount 3, 120 W incl. r\u00e9gulateur solaire I-Booster MPP 370 W - Bantam Wankm\u00fcller SA<\/title>\n<meta name=\"robots\" content=\"index, follow, max-snippet:-1, max-image-preview:large, max-video-preview:-1\" \/>\n<link rel=\"canonical\" href=\"https:\/\/shop.bantam.ch\/fr\/produit\/kit-solaire-alden-high-power-easy-mount-3-120-w-incl-regulateur-solaire-i-booster-mpp-370-w\/\" \/>\n<meta property=\"og:locale\" content=\"fr_FR\" \/>\n<meta property=\"og:type\" content=\"article\" \/>\n<meta property=\"og:title\" content=\"Kit solaire ALDEN High Power Easy-Mount 3, 120 W incl. r\u00e9gulateur solaire I-Booster MPP 370 W - Bantam Wankm\u00fcller SA\" \/>\n<meta property=\"og:description\" content=\"Les modules solaires ALDEN ont fait leurs preuves des milliers de fois et sont disponibles avec des accessoires pratiques dans un kit complet bien pens\u00e9. Ils sont faciles \u00e0 monter gr\u00e2ce au syst\u00e8me de fixation EasyMount3 int\u00e9gr\u00e9. La source d&rsquo;\u00e9nergie alternative d&rsquo;ALDEN est fix\u00e9e sur le toit \u00e0 l&rsquo;aide du syst\u00e8me exclusif EasyMount3. Les \u00e9querres [&hellip;]\" \/>\n<meta property=\"og:url\" content=\"https:\/\/shop.bantam.ch\/fr\/produit\/kit-solaire-alden-high-power-easy-mount-3-120-w-incl-regulateur-solaire-i-booster-mpp-370-w\/\" \/>\n<meta property=\"og:site_name\" content=\"Bantam Wankm\u00fcller SA\" \/>\n<meta property=\"article:modified_time\" content=\"2026-04-18T21:50:08+00:00\" \/>\n<meta name=\"twitter:card\" content=\"summary_large_image\" \/>\n<meta name=\"twitter:label1\" content=\"Dur\u00e9e de lecture estim\u00e9e\" \/>\n\t<meta name=\"twitter:data1\" content=\"1 minute\" \/>\n<script type=\"application\/ld+json\" class=\"yoast-schema-graph\">{\"@context\":\"https:\\\/\\\/schema.org\",\"@graph\":[{\"@type\":\"WebPage\",\"@id\":\"https:\\\/\\\/shop.bantam.ch\\\/fr\\\/produit\\\/kit-solaire-alden-high-power-easy-mount-3-120-w-incl-regulateur-solaire-i-booster-mpp-370-w\\\/\",\"url\":\"https:\\\/\\\/shop.bantam.ch\\\/fr\\\/produit\\\/kit-solaire-alden-high-power-easy-mount-3-120-w-incl-regulateur-solaire-i-booster-mpp-370-w\\\/\",\"name\":\"Kit solaire ALDEN High Power Easy-Mount 3, 120 W incl. r\u00e9gulateur solaire I-Booster MPP 370 W - Bantam Wankm\u00fcller SA\",\"isPartOf\":{\"@id\":\"https:\\\/\\\/shop.bantam.ch\\\/fr\\\/#website\"},\"primaryImageOfPage\":{\"@id\":\"https:\\\/\\\/shop.bantam.ch\\\/fr\\\/produit\\\/kit-solaire-alden-high-power-easy-mount-3-120-w-incl-regulateur-solaire-i-booster-mpp-370-w\\\/#primaryimage\"},\"image\":{\"@id\":\"https:\\\/\\\/shop.bantam.ch\\\/fr\\\/produit\\\/kit-solaire-alden-high-power-easy-mount-3-120-w-incl-regulateur-solaire-i-booster-mpp-370-w\\\/#primaryimage\"},\"thumbnailUrl\":\"https:\\\/\\\/shop.bantam.ch\\\/wp-content\\\/uploads\\\/2026\\\/01\\\/Movera-L-9947653100.jpg\",\"datePublished\":\"2026-01-06T14:19:48+00:00\",\"dateModified\":\"2026-04-18T21:50:08+00:00\",\"breadcrumb\":{\"@id\":\"https:\\\/\\\/shop.bantam.ch\\\/fr\\\/produit\\\/kit-solaire-alden-high-power-easy-mount-3-120-w-incl-regulateur-solaire-i-booster-mpp-370-w\\\/#breadcrumb\"},\"inLanguage\":\"fr-FR\",\"potentialAction\":[{\"@type\":\"ReadAction\",\"target\":[\"https:\\\/\\\/shop.bantam.ch\\\/fr\\\/produit\\\/kit-solaire-alden-high-power-easy-mount-3-120-w-incl-regulateur-solaire-i-booster-mpp-370-w\\\/\"]}]},{\"@type\":\"ImageObject\",\"inLanguage\":\"fr-FR\",\"@id\":\"https:\\\/\\\/shop.bantam.ch\\\/fr\\\/produit\\\/kit-solaire-alden-high-power-easy-mount-3-120-w-incl-regulateur-solaire-i-booster-mpp-370-w\\\/#primaryimage\",\"url\":\"https:\\\/\\\/shop.bantam.ch\\\/wp-content\\\/uploads\\\/2026\\\/01\\\/Movera-L-9947653100.jpg\",\"contentUrl\":\"https:\\\/\\\/shop.bantam.ch\\\/wp-content\\\/uploads\\\/2026\\\/01\\\/Movera-L-9947653100.jpg\",\"width\":461,\"height\":1000},{\"@type\":\"BreadcrumbList\",\"@id\":\"https:\\\/\\\/shop.bantam.ch\\\/fr\\\/produit\\\/kit-solaire-alden-high-power-easy-mount-3-120-w-incl-regulateur-solaire-i-booster-mpp-370-w\\\/#breadcrumb\",\"itemListElement\":[{\"@type\":\"ListItem\",\"position\":1,\"name\":\"Accueil\",\"item\":\"https:\\\/\\\/shop.bantam.ch\\\/fr\\\/\"},{\"@type\":\"ListItem\",\"position\":2,\"name\":\"Boutique\",\"item\":\"https:\\\/\\\/shop.bantam.ch\\\/fr\\\/boutique\\\/\"},{\"@type\":\"ListItem\",\"position\":3,\"name\":\"Kit solaire ALDEN High Power Easy-Mount 3, 120 W incl. r\u00e9gulateur solaire I-Booster MPP 370 W\"}]},{\"@type\":\"WebSite\",\"@id\":\"https:\\\/\\\/shop.bantam.ch\\\/fr\\\/#website\",\"url\":\"https:\\\/\\\/shop.bantam.ch\\\/fr\\\/\",\"name\":\"Bantam Wankm\u00fcller SA\",\"description\":\"\",\"publisher\":{\"@id\":\"https:\\\/\\\/shop.bantam.ch\\\/fr\\\/#organization\"},\"inLanguage\":\"fr-FR\"},{\"@type\":\"Organization\",\"@id\":\"https:\\\/\\\/shop.bantam.ch\\\/fr\\\/#organization\",\"name\":\"Bantam Wankm\u00fcller SA\",\"url\":\"https:\\\/\\\/shop.bantam.ch\\\/fr\\\/\",\"logo\":{\"@type\":\"ImageObject\",\"inLanguage\":\"fr-FR\",\"@id\":\"https:\\\/\\\/shop.bantam.ch\\\/fr\\\/#\\\/schema\\\/logo\\\/image\\\/\",\"url\":\"https:\\\/\\\/shop.bantam.ch\\\/wp-content\\\/uploads\\\/2022\\\/12\\\/bantam-logo.png\",\"contentUrl\":\"https:\\\/\\\/shop.bantam.ch\\\/wp-content\\\/uploads\\\/2022\\\/12\\\/bantam-logo.png\",\"width\":320,\"height\":71,\"caption\":\"Bantam Wankm\u00fcller SA\"},\"image\":{\"@id\":\"https:\\\/\\\/shop.bantam.ch\\\/fr\\\/#\\\/schema\\\/logo\\\/image\\\/\"}}]}<\/script>\n<!-- \/ Yoast SEO plugin. -->","yoast_head_json":{"title":"Kit solaire ALDEN High Power Easy-Mount 3, 120 W incl. r\u00e9gulateur solaire I-Booster MPP 370 W - Bantam Wankm\u00fcller SA","robots":{"index":"index","follow":"follow","max-snippet":"max-snippet:-1","max-image-preview":"max-image-preview:large","max-video-preview":"max-video-preview:-1"},"canonical":"https:\/\/shop.bantam.ch\/fr\/produit\/kit-solaire-alden-high-power-easy-mount-3-120-w-incl-regulateur-solaire-i-booster-mpp-370-w\/","og_locale":"fr_FR","og_type":"article","og_title":"Kit solaire ALDEN High Power Easy-Mount 3, 120 W incl. r\u00e9gulateur solaire I-Booster MPP 370 W - Bantam Wankm\u00fcller SA","og_description":"Les modules solaires ALDEN ont fait leurs preuves des milliers de fois et sont disponibles avec des accessoires pratiques dans un kit complet bien pens\u00e9. Ils sont faciles \u00e0 monter gr\u00e2ce au syst\u00e8me de fixation EasyMount3 int\u00e9gr\u00e9. La source d&rsquo;\u00e9nergie alternative d&rsquo;ALDEN est fix\u00e9e sur le toit \u00e0 l&rsquo;aide du syst\u00e8me exclusif EasyMount3. Les \u00e9querres [&hellip;]","og_url":"https:\/\/shop.bantam.ch\/fr\/produit\/kit-solaire-alden-high-power-easy-mount-3-120-w-incl-regulateur-solaire-i-booster-mpp-370-w\/","og_site_name":"Bantam Wankm\u00fcller SA","article_modified_time":"2026-04-18T21:50:08+00:00","twitter_card":"summary_large_image","twitter_misc":{"Dur\u00e9e de lecture estim\u00e9e":"1 minute"},"schema":{"@context":"https:\/\/schema.org","@graph":[{"@type":"WebPage","@id":"https:\/\/shop.bantam.ch\/fr\/produit\/kit-solaire-alden-high-power-easy-mount-3-120-w-incl-regulateur-solaire-i-booster-mpp-370-w\/","url":"https:\/\/shop.bantam.ch\/fr\/produit\/kit-solaire-alden-high-power-easy-mount-3-120-w-incl-regulateur-solaire-i-booster-mpp-370-w\/","name":"Kit solaire ALDEN High Power Easy-Mount 3, 120 W incl. r\u00e9gulateur solaire I-Booster MPP 370 W - Bantam Wankm\u00fcller SA","isPartOf":{"@id":"https:\/\/shop.bantam.ch\/fr\/#website"},"primaryImageOfPage":{"@id":"https:\/\/shop.bantam.ch\/fr\/produit\/kit-solaire-alden-high-power-easy-mount-3-120-w-incl-regulateur-solaire-i-booster-mpp-370-w\/#primaryimage"},"image":{"@id":"https:\/\/shop.bantam.ch\/fr\/produit\/kit-solaire-alden-high-power-easy-mount-3-120-w-incl-regulateur-solaire-i-booster-mpp-370-w\/#primaryimage"},"thumbnailUrl":"https:\/\/shop.bantam.ch\/wp-content\/uploads\/2026\/01\/Movera-L-9947653100.jpg","datePublished":"2026-01-06T14:19:48+00:00","dateModified":"2026-04-18T21:50:08+00:00","breadcrumb":{"@id":"https:\/\/shop.bantam.ch\/fr\/produit\/kit-solaire-alden-high-power-easy-mount-3-120-w-incl-regulateur-solaire-i-booster-mpp-370-w\/#breadcrumb"},"inLanguage":"fr-FR","potentialAction":[{"@type":"ReadAction","target":["https:\/\/shop.bantam.ch\/fr\/produit\/kit-solaire-alden-high-power-easy-mount-3-120-w-incl-regulateur-solaire-i-booster-mpp-370-w\/"]}]},{"@type":"ImageObject","inLanguage":"fr-FR","@id":"https:\/\/shop.bantam.ch\/fr\/produit\/kit-solaire-alden-high-power-easy-mount-3-120-w-incl-regulateur-solaire-i-booster-mpp-370-w\/#primaryimage","url":"https:\/\/shop.bantam.ch\/wp-content\/uploads\/2026\/01\/Movera-L-9947653100.jpg","contentUrl":"https:\/\/shop.bantam.ch\/wp-content\/uploads\/2026\/01\/Movera-L-9947653100.jpg","width":461,"height":1000},{"@type":"BreadcrumbList","@id":"https:\/\/shop.bantam.ch\/fr\/produit\/kit-solaire-alden-high-power-easy-mount-3-120-w-incl-regulateur-solaire-i-booster-mpp-370-w\/#breadcrumb","itemListElement":[{"@type":"ListItem","position":1,"name":"Accueil","item":"https:\/\/shop.bantam.ch\/fr\/"},{"@type":"ListItem","position":2,"name":"Boutique","item":"https:\/\/shop.bantam.ch\/fr\/boutique\/"},{"@type":"ListItem","position":3,"name":"Kit solaire ALDEN High Power Easy-Mount 3, 120 W incl. r\u00e9gulateur solaire I-Booster MPP 370 W"}]},{"@type":"WebSite","@id":"https:\/\/shop.bantam.ch\/fr\/#website","url":"https:\/\/shop.bantam.ch\/fr\/","name":"Bantam Wankm\u00fcller SA","description":"","publisher":{"@id":"https:\/\/shop.bantam.ch\/fr\/#organization"},"inLanguage":"fr-FR"},{"@type":"Organization","@id":"https:\/\/shop.bantam.ch\/fr\/#organization","name":"Bantam Wankm\u00fcller SA","url":"https:\/\/shop.bantam.ch\/fr\/","logo":{"@type":"ImageObject","inLanguage":"fr-FR","@id":"https:\/\/shop.bantam.ch\/fr\/#\/schema\/logo\/image\/","url":"https:\/\/shop.bantam.ch\/wp-content\/uploads\/2022\/12\/bantam-logo.png","contentUrl":"https:\/\/shop.bantam.ch\/wp-content\/uploads\/2022\/12\/bantam-logo.png","width":320,"height":71,"caption":"Bantam Wankm\u00fcller SA"},"image":{"@id":"https:\/\/shop.bantam.ch\/fr\/#\/schema\/logo\/image\/"}}]}},"_links":{"self":[{"href":"https:\/\/shop.bantam.ch\/fr\/wp-json\/wp\/v2\/product\/227257","targetHints":{"allow":["GET"]}}],"collection":[{"href":"https:\/\/shop.bantam.ch\/fr\/wp-json\/wp\/v2\/product"}],"about":[{"href":"https:\/\/shop.bantam.ch\/fr\/wp-json\/wp\/v2\/types\/product"}],"wp:featuredmedia":[{"embeddable":true,"href":"https:\/\/shop.bantam.ch\/fr\/wp-json\/wp\/v2\/media\/227253"}],"wp:attachment":[{"href":"https:\/\/shop.bantam.ch\/fr\/wp-json\/wp\/v2\/media?parent=227257"}],"wp:term":[{"taxonomy":"product_featured_cat","embeddable":true,"href":"https:\/\/shop.bantam.ch\/fr\/wp-json\/wp\/v2\/product_featured_cat?post=227257"},{"taxonomy":"product_brand","embeddable":true,"href":"https:\/\/shop.bantam.ch\/fr\/wp-json\/wp\/v2\/product_brand?post=227257"},{"taxonomy":"product_cat","embeddable":true,"href":"https:\/\/shop.bantam.ch\/fr\/wp-json\/wp\/v2\/product_cat?post=227257"},{"taxonomy":"product_tag","embeddable":true,"href":"https:\/\/shop.bantam.ch\/fr\/wp-json\/wp\/v2\/product_tag?post=227257"}],"curies":[{"name":"wp","href":"https:\/\/api.w.org\/{rel}","templated":true}]}}