{"id":227223,"date":"2026-01-06T15:16:48","date_gmt":"2026-01-06T14:16:48","guid":{"rendered":"https:\/\/shop.bantam.ch\/produit\/douille-de-sol-duofix\/"},"modified":"2026-04-17T23:46:22","modified_gmt":"2026-04-17T21:46:22","slug":"douille-de-sol-duofix","status":"publish","type":"product","link":"https:\/\/shop.bantam.ch\/fr\/produit\/douille-de-sol-duofix\/","title":{"rendered":"Douille de sol DuoFix"},"content":{"rendered":"<p>Avec le kit de douilles de sol DuoFix, vous disposez d&rsquo;une flexibilit\u00e9 maximale &#8211; et ce, \u00e0 deux \u00e9gards :<br \/>\nD&rsquo;une part, le DuoFix se visse et se d\u00e9visse tr\u00e8s facilement dans le sol sans \u00eatre b\u00e9tonn\u00e9, ce qui permet de changer d&#8217;emplacement \u00e0 tout moment.<br \/>\nD&rsquo;autre part, les deux douilles acceptent en continu des tubes de 17 \u00e0 55 mm de diam\u00e8tre.<\/p>\n<p>Caract\u00e9ristiques du produit :<\/p>\n<ul>\n<li>Chevilles de sol en plastique plein avec enrobage plastique suppl\u00e9mentaire.<\/li>\n<li>Barre de vissage incluse pour faciliter le vissage dans le support<\/li>\n<li>Fixation en continu de parasols, de fils \u00e0 linge, de tentes de r\u00e9ception, de filets de balles, etc. avec des tubes de 17 \u00e0 55 mm de diam\u00e8tre.<\/li>\n<\/ul>\n","protected":false},"excerpt":{"rendered":"<p>Avec le kit de douilles de sol DuoFix, vous disposez d&rsquo;une flexibilit\u00e9 maximale &#8211; et ce, \u00e0 deux \u00e9gards : D&rsquo;une part, le DuoFix se visse et se d\u00e9visse tr\u00e8s facilement dans le sol sans \u00eatre b\u00e9tonn\u00e9, ce qui permet de changer d&#8217;emplacement \u00e0 tout moment. D&rsquo;autre part, les deux douilles acceptent en continu des [&hellip;]<\/p>\n","protected":false},"featured_media":227213,"template":"","meta":{"_acf_changed":false},"product_featured_cat":[],"product_brand":[],"product_cat":[4463],"product_tag":[],"class_list":{"0":"post-227223","1":"product","2":"type-product","3":"status-publish","4":"has-post-thumbnail","6":"product_cat-parasols","8":"first","9":"instock","10":"taxable","11":"shipping-taxable","12":"purchasable","13":"product-type-simple"},"acf":[],"yoast_head":"<!-- This site is optimized with the Yoast SEO plugin v27.4 - https:\/\/yoast.com\/product\/yoast-seo-wordpress\/ -->\n<title>Douille de sol DuoFix - Bantam Wankm\u00fcller SA<\/title>\n<meta name=\"robots\" content=\"index, follow, max-snippet:-1, max-image-preview:large, max-video-preview:-1\" \/>\n<link rel=\"canonical\" href=\"https:\/\/shop.bantam.ch\/fr\/produit\/douille-de-sol-duofix\/\" \/>\n<meta property=\"og:locale\" content=\"fr_FR\" \/>\n<meta property=\"og:type\" content=\"article\" \/>\n<meta property=\"og:title\" content=\"Douille de sol DuoFix - Bantam Wankm\u00fcller SA\" \/>\n<meta property=\"og:description\" content=\"Avec le kit de douilles de sol DuoFix, vous disposez d&rsquo;une flexibilit\u00e9 maximale &#8211; et ce, \u00e0 deux \u00e9gards : D&rsquo;une part, le DuoFix se visse et se d\u00e9visse tr\u00e8s facilement dans le sol sans \u00eatre b\u00e9tonn\u00e9, ce qui permet de changer d&#8217;emplacement \u00e0 tout moment. D&rsquo;autre part, les deux douilles acceptent en continu des [&hellip;]\" \/>\n<meta property=\"og:url\" content=\"https:\/\/shop.bantam.ch\/fr\/produit\/douille-de-sol-duofix\/\" \/>\n<meta property=\"og:site_name\" content=\"Bantam Wankm\u00fcller SA\" \/>\n<meta property=\"article:modified_time\" content=\"2026-04-17T21:46:22+00:00\" \/>\n<meta name=\"twitter:card\" content=\"summary_large_image\" \/>\n<meta name=\"twitter:label1\" content=\"Dur\u00e9e de lecture estim\u00e9e\" \/>\n\t<meta name=\"twitter:data1\" content=\"1 minute\" \/>\n<script type=\"application\/ld+json\" class=\"yoast-schema-graph\">{\"@context\":\"https:\\\/\\\/schema.org\",\"@graph\":[{\"@type\":\"WebPage\",\"@id\":\"https:\\\/\\\/shop.bantam.ch\\\/fr\\\/produit\\\/douille-de-sol-duofix\\\/\",\"url\":\"https:\\\/\\\/shop.bantam.ch\\\/fr\\\/produit\\\/douille-de-sol-duofix\\\/\",\"name\":\"Douille de sol DuoFix - Bantam Wankm\u00fcller SA\",\"isPartOf\":{\"@id\":\"https:\\\/\\\/shop.bantam.ch\\\/fr\\\/#website\"},\"primaryImageOfPage\":{\"@id\":\"https:\\\/\\\/shop.bantam.ch\\\/fr\\\/produit\\\/douille-de-sol-duofix\\\/#primaryimage\"},\"image\":{\"@id\":\"https:\\\/\\\/shop.bantam.ch\\\/fr\\\/produit\\\/douille-de-sol-duofix\\\/#primaryimage\"},\"thumbnailUrl\":\"https:\\\/\\\/shop.bantam.ch\\\/wp-content\\\/uploads\\\/2026\\\/01\\\/Movera-L-9921743100.jpg\",\"datePublished\":\"2026-01-06T14:16:48+00:00\",\"dateModified\":\"2026-04-17T21:46:22+00:00\",\"breadcrumb\":{\"@id\":\"https:\\\/\\\/shop.bantam.ch\\\/fr\\\/produit\\\/douille-de-sol-duofix\\\/#breadcrumb\"},\"inLanguage\":\"fr-FR\",\"potentialAction\":[{\"@type\":\"ReadAction\",\"target\":[\"https:\\\/\\\/shop.bantam.ch\\\/fr\\\/produit\\\/douille-de-sol-duofix\\\/\"]}]},{\"@type\":\"ImageObject\",\"inLanguage\":\"fr-FR\",\"@id\":\"https:\\\/\\\/shop.bantam.ch\\\/fr\\\/produit\\\/douille-de-sol-duofix\\\/#primaryimage\",\"url\":\"https:\\\/\\\/shop.bantam.ch\\\/wp-content\\\/uploads\\\/2026\\\/01\\\/Movera-L-9921743100.jpg\",\"contentUrl\":\"https:\\\/\\\/shop.bantam.ch\\\/wp-content\\\/uploads\\\/2026\\\/01\\\/Movera-L-9921743100.jpg\",\"width\":640,\"height\":1544},{\"@type\":\"BreadcrumbList\",\"@id\":\"https:\\\/\\\/shop.bantam.ch\\\/fr\\\/produit\\\/douille-de-sol-duofix\\\/#breadcrumb\",\"itemListElement\":[{\"@type\":\"ListItem\",\"position\":1,\"name\":\"Accueil\",\"item\":\"https:\\\/\\\/shop.bantam.ch\\\/fr\\\/\"},{\"@type\":\"ListItem\",\"position\":2,\"name\":\"Boutique\",\"item\":\"https:\\\/\\\/shop.bantam.ch\\\/fr\\\/boutique\\\/\"},{\"@type\":\"ListItem\",\"position\":3,\"name\":\"Douille de sol DuoFix\"}]},{\"@type\":\"WebSite\",\"@id\":\"https:\\\/\\\/shop.bantam.ch\\\/fr\\\/#website\",\"url\":\"https:\\\/\\\/shop.bantam.ch\\\/fr\\\/\",\"name\":\"Bantam Wankm\u00fcller SA\",\"description\":\"\",\"publisher\":{\"@id\":\"https:\\\/\\\/shop.bantam.ch\\\/fr\\\/#organization\"},\"inLanguage\":\"fr-FR\"},{\"@type\":\"Organization\",\"@id\":\"https:\\\/\\\/shop.bantam.ch\\\/fr\\\/#organization\",\"name\":\"Bantam Wankm\u00fcller SA\",\"url\":\"https:\\\/\\\/shop.bantam.ch\\\/fr\\\/\",\"logo\":{\"@type\":\"ImageObject\",\"inLanguage\":\"fr-FR\",\"@id\":\"https:\\\/\\\/shop.bantam.ch\\\/fr\\\/#\\\/schema\\\/logo\\\/image\\\/\",\"url\":\"https:\\\/\\\/shop.bantam.ch\\\/wp-content\\\/uploads\\\/2022\\\/12\\\/bantam-logo.png\",\"contentUrl\":\"https:\\\/\\\/shop.bantam.ch\\\/wp-content\\\/uploads\\\/2022\\\/12\\\/bantam-logo.png\",\"width\":320,\"height\":71,\"caption\":\"Bantam Wankm\u00fcller SA\"},\"image\":{\"@id\":\"https:\\\/\\\/shop.bantam.ch\\\/fr\\\/#\\\/schema\\\/logo\\\/image\\\/\"}}]}<\/script>\n<!-- \/ Yoast SEO plugin. -->","yoast_head_json":{"title":"Douille de sol DuoFix - Bantam Wankm\u00fcller SA","robots":{"index":"index","follow":"follow","max-snippet":"max-snippet:-1","max-image-preview":"max-image-preview:large","max-video-preview":"max-video-preview:-1"},"canonical":"https:\/\/shop.bantam.ch\/fr\/produit\/douille-de-sol-duofix\/","og_locale":"fr_FR","og_type":"article","og_title":"Douille de sol DuoFix - Bantam Wankm\u00fcller SA","og_description":"Avec le kit de douilles de sol DuoFix, vous disposez d&rsquo;une flexibilit\u00e9 maximale &#8211; et ce, \u00e0 deux \u00e9gards : D&rsquo;une part, le DuoFix se visse et se d\u00e9visse tr\u00e8s facilement dans le sol sans \u00eatre b\u00e9tonn\u00e9, ce qui permet de changer d&#8217;emplacement \u00e0 tout moment. D&rsquo;autre part, les deux douilles acceptent en continu des [&hellip;]","og_url":"https:\/\/shop.bantam.ch\/fr\/produit\/douille-de-sol-duofix\/","og_site_name":"Bantam Wankm\u00fcller SA","article_modified_time":"2026-04-17T21:46:22+00:00","twitter_card":"summary_large_image","twitter_misc":{"Dur\u00e9e de lecture estim\u00e9e":"1 minute"},"schema":{"@context":"https:\/\/schema.org","@graph":[{"@type":"WebPage","@id":"https:\/\/shop.bantam.ch\/fr\/produit\/douille-de-sol-duofix\/","url":"https:\/\/shop.bantam.ch\/fr\/produit\/douille-de-sol-duofix\/","name":"Douille de sol DuoFix - Bantam Wankm\u00fcller SA","isPartOf":{"@id":"https:\/\/shop.bantam.ch\/fr\/#website"},"primaryImageOfPage":{"@id":"https:\/\/shop.bantam.ch\/fr\/produit\/douille-de-sol-duofix\/#primaryimage"},"image":{"@id":"https:\/\/shop.bantam.ch\/fr\/produit\/douille-de-sol-duofix\/#primaryimage"},"thumbnailUrl":"https:\/\/shop.bantam.ch\/wp-content\/uploads\/2026\/01\/Movera-L-9921743100.jpg","datePublished":"2026-01-06T14:16:48+00:00","dateModified":"2026-04-17T21:46:22+00:00","breadcrumb":{"@id":"https:\/\/shop.bantam.ch\/fr\/produit\/douille-de-sol-duofix\/#breadcrumb"},"inLanguage":"fr-FR","potentialAction":[{"@type":"ReadAction","target":["https:\/\/shop.bantam.ch\/fr\/produit\/douille-de-sol-duofix\/"]}]},{"@type":"ImageObject","inLanguage":"fr-FR","@id":"https:\/\/shop.bantam.ch\/fr\/produit\/douille-de-sol-duofix\/#primaryimage","url":"https:\/\/shop.bantam.ch\/wp-content\/uploads\/2026\/01\/Movera-L-9921743100.jpg","contentUrl":"https:\/\/shop.bantam.ch\/wp-content\/uploads\/2026\/01\/Movera-L-9921743100.jpg","width":640,"height":1544},{"@type":"BreadcrumbList","@id":"https:\/\/shop.bantam.ch\/fr\/produit\/douille-de-sol-duofix\/#breadcrumb","itemListElement":[{"@type":"ListItem","position":1,"name":"Accueil","item":"https:\/\/shop.bantam.ch\/fr\/"},{"@type":"ListItem","position":2,"name":"Boutique","item":"https:\/\/shop.bantam.ch\/fr\/boutique\/"},{"@type":"ListItem","position":3,"name":"Douille de sol DuoFix"}]},{"@type":"WebSite","@id":"https:\/\/shop.bantam.ch\/fr\/#website","url":"https:\/\/shop.bantam.ch\/fr\/","name":"Bantam Wankm\u00fcller SA","description":"","publisher":{"@id":"https:\/\/shop.bantam.ch\/fr\/#organization"},"inLanguage":"fr-FR"},{"@type":"Organization","@id":"https:\/\/shop.bantam.ch\/fr\/#organization","name":"Bantam Wankm\u00fcller SA","url":"https:\/\/shop.bantam.ch\/fr\/","logo":{"@type":"ImageObject","inLanguage":"fr-FR","@id":"https:\/\/shop.bantam.ch\/fr\/#\/schema\/logo\/image\/","url":"https:\/\/shop.bantam.ch\/wp-content\/uploads\/2022\/12\/bantam-logo.png","contentUrl":"https:\/\/shop.bantam.ch\/wp-content\/uploads\/2022\/12\/bantam-logo.png","width":320,"height":71,"caption":"Bantam Wankm\u00fcller SA"},"image":{"@id":"https:\/\/shop.bantam.ch\/fr\/#\/schema\/logo\/image\/"}}]}},"_links":{"self":[{"href":"https:\/\/shop.bantam.ch\/fr\/wp-json\/wp\/v2\/product\/227223","targetHints":{"allow":["GET"]}}],"collection":[{"href":"https:\/\/shop.bantam.ch\/fr\/wp-json\/wp\/v2\/product"}],"about":[{"href":"https:\/\/shop.bantam.ch\/fr\/wp-json\/wp\/v2\/types\/product"}],"wp:featuredmedia":[{"embeddable":true,"href":"https:\/\/shop.bantam.ch\/fr\/wp-json\/wp\/v2\/media\/227213"}],"wp:attachment":[{"href":"https:\/\/shop.bantam.ch\/fr\/wp-json\/wp\/v2\/media?parent=227223"}],"wp:term":[{"taxonomy":"product_featured_cat","embeddable":true,"href":"https:\/\/shop.bantam.ch\/fr\/wp-json\/wp\/v2\/product_featured_cat?post=227223"},{"taxonomy":"product_brand","embeddable":true,"href":"https:\/\/shop.bantam.ch\/fr\/wp-json\/wp\/v2\/product_brand?post=227223"},{"taxonomy":"product_cat","embeddable":true,"href":"https:\/\/shop.bantam.ch\/fr\/wp-json\/wp\/v2\/product_cat?post=227223"},{"taxonomy":"product_tag","embeddable":true,"href":"https:\/\/shop.bantam.ch\/fr\/wp-json\/wp\/v2\/product_tag?post=227223"}],"curies":[{"name":"wp","href":"https:\/\/api.w.org\/{rel}","templated":true}]}}