{"id":226879,"date":"2025-12-17T16:37:52","date_gmt":"2025-12-17T15:37:52","guid":{"rendered":"https:\/\/shop.bantam.ch\/produit\/fond-de-refrigerateur-telescopique-argente\/"},"modified":"2026-04-18T23:49:04","modified_gmt":"2026-04-18T21:49:04","slug":"fond-de-refrigerateur-telescopique-argente","status":"publish","type":"product","link":"https:\/\/shop.bantam.ch\/fr\/produit\/fond-de-refrigerateur-telescopique-argente\/","title":{"rendered":"Fond de r\u00e9frig\u00e9rateur t\u00e9lescopique argent\u00e9"},"content":{"rendered":"<p>Le fond de r\u00e9frig\u00e9rateur suppl\u00e9mentaire est simplement serr\u00e9 dans les dispositifs de positionnement existants du r\u00e9frig\u00e9rateur et offre ainsi un espace suppl\u00e9mentaire pour vos aliments. Convient \u00e0 tous les r\u00e9frig\u00e9rateurs du commerce. Largeur r\u00e9glable de 36 \u00e0 58 cm.<\/p>\n","protected":false},"excerpt":{"rendered":"<p>Le fond de r\u00e9frig\u00e9rateur suppl\u00e9mentaire est simplement serr\u00e9 dans les dispositifs de positionnement existants du r\u00e9frig\u00e9rateur et offre ainsi un espace suppl\u00e9mentaire pour vos aliments. Convient \u00e0 tous les r\u00e9frig\u00e9rateurs du commerce. Largeur r\u00e9glable de 36 \u00e0 58 cm.<\/p>\n","protected":false},"featured_media":226875,"template":"","meta":{"_acf_changed":false},"product_featured_cat":[],"product_brand":[],"product_cat":[5149],"product_tag":[],"class_list":{"0":"post-226879","1":"product","2":"type-product","3":"status-publish","4":"has-post-thumbnail","6":"product_cat-rangements-pour-la-vaisselle","8":"first","9":"instock","10":"taxable","11":"shipping-taxable","12":"purchasable","13":"product-type-simple"},"acf":[],"yoast_head":"<!-- This site is optimized with the Yoast SEO plugin v27.4 - https:\/\/yoast.com\/product\/yoast-seo-wordpress\/ -->\n<title>Fond de r\u00e9frig\u00e9rateur t\u00e9lescopique argent\u00e9 - Bantam Wankm\u00fcller SA<\/title>\n<meta name=\"robots\" content=\"index, follow, max-snippet:-1, max-image-preview:large, max-video-preview:-1\" \/>\n<link rel=\"canonical\" href=\"https:\/\/shop.bantam.ch\/fr\/produit\/fond-de-refrigerateur-telescopique-argente\/\" \/>\n<meta property=\"og:locale\" content=\"fr_FR\" \/>\n<meta property=\"og:type\" content=\"article\" \/>\n<meta property=\"og:title\" content=\"Fond de r\u00e9frig\u00e9rateur t\u00e9lescopique argent\u00e9 - Bantam Wankm\u00fcller SA\" \/>\n<meta property=\"og:description\" content=\"Le fond de r\u00e9frig\u00e9rateur suppl\u00e9mentaire est simplement serr\u00e9 dans les dispositifs de positionnement existants du r\u00e9frig\u00e9rateur et offre ainsi un espace suppl\u00e9mentaire pour vos aliments. Convient \u00e0 tous les r\u00e9frig\u00e9rateurs du commerce. Largeur r\u00e9glable de 36 \u00e0 58 cm.\" \/>\n<meta property=\"og:url\" content=\"https:\/\/shop.bantam.ch\/fr\/produit\/fond-de-refrigerateur-telescopique-argente\/\" \/>\n<meta property=\"og:site_name\" content=\"Bantam Wankm\u00fcller SA\" \/>\n<meta property=\"article:modified_time\" content=\"2026-04-18T21:49:04+00:00\" \/>\n<meta name=\"twitter:card\" content=\"summary_large_image\" \/>\n<script type=\"application\/ld+json\" class=\"yoast-schema-graph\">{\"@context\":\"https:\\\/\\\/schema.org\",\"@graph\":[{\"@type\":\"WebPage\",\"@id\":\"https:\\\/\\\/shop.bantam.ch\\\/fr\\\/produit\\\/fond-de-refrigerateur-telescopique-argente\\\/\",\"url\":\"https:\\\/\\\/shop.bantam.ch\\\/fr\\\/produit\\\/fond-de-refrigerateur-telescopique-argente\\\/\",\"name\":\"Fond de r\u00e9frig\u00e9rateur t\u00e9lescopique argent\u00e9 - Bantam Wankm\u00fcller SA\",\"isPartOf\":{\"@id\":\"https:\\\/\\\/shop.bantam.ch\\\/fr\\\/#website\"},\"primaryImageOfPage\":{\"@id\":\"https:\\\/\\\/shop.bantam.ch\\\/fr\\\/produit\\\/fond-de-refrigerateur-telescopique-argente\\\/#primaryimage\"},\"image\":{\"@id\":\"https:\\\/\\\/shop.bantam.ch\\\/fr\\\/produit\\\/fond-de-refrigerateur-telescopique-argente\\\/#primaryimage\"},\"thumbnailUrl\":\"https:\\\/\\\/shop.bantam.ch\\\/wp-content\\\/uploads\\\/2025\\\/12\\\/Movera-L-9987073100.jpg\",\"datePublished\":\"2025-12-17T15:37:52+00:00\",\"dateModified\":\"2026-04-18T21:49:04+00:00\",\"breadcrumb\":{\"@id\":\"https:\\\/\\\/shop.bantam.ch\\\/fr\\\/produit\\\/fond-de-refrigerateur-telescopique-argente\\\/#breadcrumb\"},\"inLanguage\":\"fr-FR\",\"potentialAction\":[{\"@type\":\"ReadAction\",\"target\":[\"https:\\\/\\\/shop.bantam.ch\\\/fr\\\/produit\\\/fond-de-refrigerateur-telescopique-argente\\\/\"]}]},{\"@type\":\"ImageObject\",\"inLanguage\":\"fr-FR\",\"@id\":\"https:\\\/\\\/shop.bantam.ch\\\/fr\\\/produit\\\/fond-de-refrigerateur-telescopique-argente\\\/#primaryimage\",\"url\":\"https:\\\/\\\/shop.bantam.ch\\\/wp-content\\\/uploads\\\/2025\\\/12\\\/Movera-L-9987073100.jpg\",\"contentUrl\":\"https:\\\/\\\/shop.bantam.ch\\\/wp-content\\\/uploads\\\/2025\\\/12\\\/Movera-L-9987073100.jpg\",\"width\":640,\"height\":427},{\"@type\":\"BreadcrumbList\",\"@id\":\"https:\\\/\\\/shop.bantam.ch\\\/fr\\\/produit\\\/fond-de-refrigerateur-telescopique-argente\\\/#breadcrumb\",\"itemListElement\":[{\"@type\":\"ListItem\",\"position\":1,\"name\":\"Accueil\",\"item\":\"https:\\\/\\\/shop.bantam.ch\\\/fr\\\/\"},{\"@type\":\"ListItem\",\"position\":2,\"name\":\"Boutique\",\"item\":\"https:\\\/\\\/shop.bantam.ch\\\/fr\\\/boutique\\\/\"},{\"@type\":\"ListItem\",\"position\":3,\"name\":\"Fond de r\u00e9frig\u00e9rateur t\u00e9lescopique argent\u00e9\"}]},{\"@type\":\"WebSite\",\"@id\":\"https:\\\/\\\/shop.bantam.ch\\\/fr\\\/#website\",\"url\":\"https:\\\/\\\/shop.bantam.ch\\\/fr\\\/\",\"name\":\"Bantam Wankm\u00fcller SA\",\"description\":\"\",\"publisher\":{\"@id\":\"https:\\\/\\\/shop.bantam.ch\\\/fr\\\/#organization\"},\"inLanguage\":\"fr-FR\"},{\"@type\":\"Organization\",\"@id\":\"https:\\\/\\\/shop.bantam.ch\\\/fr\\\/#organization\",\"name\":\"Bantam Wankm\u00fcller SA\",\"url\":\"https:\\\/\\\/shop.bantam.ch\\\/fr\\\/\",\"logo\":{\"@type\":\"ImageObject\",\"inLanguage\":\"fr-FR\",\"@id\":\"https:\\\/\\\/shop.bantam.ch\\\/fr\\\/#\\\/schema\\\/logo\\\/image\\\/\",\"url\":\"https:\\\/\\\/shop.bantam.ch\\\/wp-content\\\/uploads\\\/2022\\\/12\\\/bantam-logo.png\",\"contentUrl\":\"https:\\\/\\\/shop.bantam.ch\\\/wp-content\\\/uploads\\\/2022\\\/12\\\/bantam-logo.png\",\"width\":320,\"height\":71,\"caption\":\"Bantam Wankm\u00fcller SA\"},\"image\":{\"@id\":\"https:\\\/\\\/shop.bantam.ch\\\/fr\\\/#\\\/schema\\\/logo\\\/image\\\/\"}}]}<\/script>\n<!-- \/ Yoast SEO plugin. -->","yoast_head_json":{"title":"Fond de r\u00e9frig\u00e9rateur t\u00e9lescopique argent\u00e9 - Bantam Wankm\u00fcller SA","robots":{"index":"index","follow":"follow","max-snippet":"max-snippet:-1","max-image-preview":"max-image-preview:large","max-video-preview":"max-video-preview:-1"},"canonical":"https:\/\/shop.bantam.ch\/fr\/produit\/fond-de-refrigerateur-telescopique-argente\/","og_locale":"fr_FR","og_type":"article","og_title":"Fond de r\u00e9frig\u00e9rateur t\u00e9lescopique argent\u00e9 - Bantam Wankm\u00fcller SA","og_description":"Le fond de r\u00e9frig\u00e9rateur suppl\u00e9mentaire est simplement serr\u00e9 dans les dispositifs de positionnement existants du r\u00e9frig\u00e9rateur et offre ainsi un espace suppl\u00e9mentaire pour vos aliments. Convient \u00e0 tous les r\u00e9frig\u00e9rateurs du commerce. Largeur r\u00e9glable de 36 \u00e0 58 cm.","og_url":"https:\/\/shop.bantam.ch\/fr\/produit\/fond-de-refrigerateur-telescopique-argente\/","og_site_name":"Bantam Wankm\u00fcller SA","article_modified_time":"2026-04-18T21:49:04+00:00","twitter_card":"summary_large_image","schema":{"@context":"https:\/\/schema.org","@graph":[{"@type":"WebPage","@id":"https:\/\/shop.bantam.ch\/fr\/produit\/fond-de-refrigerateur-telescopique-argente\/","url":"https:\/\/shop.bantam.ch\/fr\/produit\/fond-de-refrigerateur-telescopique-argente\/","name":"Fond de r\u00e9frig\u00e9rateur t\u00e9lescopique argent\u00e9 - Bantam Wankm\u00fcller SA","isPartOf":{"@id":"https:\/\/shop.bantam.ch\/fr\/#website"},"primaryImageOfPage":{"@id":"https:\/\/shop.bantam.ch\/fr\/produit\/fond-de-refrigerateur-telescopique-argente\/#primaryimage"},"image":{"@id":"https:\/\/shop.bantam.ch\/fr\/produit\/fond-de-refrigerateur-telescopique-argente\/#primaryimage"},"thumbnailUrl":"https:\/\/shop.bantam.ch\/wp-content\/uploads\/2025\/12\/Movera-L-9987073100.jpg","datePublished":"2025-12-17T15:37:52+00:00","dateModified":"2026-04-18T21:49:04+00:00","breadcrumb":{"@id":"https:\/\/shop.bantam.ch\/fr\/produit\/fond-de-refrigerateur-telescopique-argente\/#breadcrumb"},"inLanguage":"fr-FR","potentialAction":[{"@type":"ReadAction","target":["https:\/\/shop.bantam.ch\/fr\/produit\/fond-de-refrigerateur-telescopique-argente\/"]}]},{"@type":"ImageObject","inLanguage":"fr-FR","@id":"https:\/\/shop.bantam.ch\/fr\/produit\/fond-de-refrigerateur-telescopique-argente\/#primaryimage","url":"https:\/\/shop.bantam.ch\/wp-content\/uploads\/2025\/12\/Movera-L-9987073100.jpg","contentUrl":"https:\/\/shop.bantam.ch\/wp-content\/uploads\/2025\/12\/Movera-L-9987073100.jpg","width":640,"height":427},{"@type":"BreadcrumbList","@id":"https:\/\/shop.bantam.ch\/fr\/produit\/fond-de-refrigerateur-telescopique-argente\/#breadcrumb","itemListElement":[{"@type":"ListItem","position":1,"name":"Accueil","item":"https:\/\/shop.bantam.ch\/fr\/"},{"@type":"ListItem","position":2,"name":"Boutique","item":"https:\/\/shop.bantam.ch\/fr\/boutique\/"},{"@type":"ListItem","position":3,"name":"Fond de r\u00e9frig\u00e9rateur t\u00e9lescopique argent\u00e9"}]},{"@type":"WebSite","@id":"https:\/\/shop.bantam.ch\/fr\/#website","url":"https:\/\/shop.bantam.ch\/fr\/","name":"Bantam Wankm\u00fcller SA","description":"","publisher":{"@id":"https:\/\/shop.bantam.ch\/fr\/#organization"},"inLanguage":"fr-FR"},{"@type":"Organization","@id":"https:\/\/shop.bantam.ch\/fr\/#organization","name":"Bantam Wankm\u00fcller SA","url":"https:\/\/shop.bantam.ch\/fr\/","logo":{"@type":"ImageObject","inLanguage":"fr-FR","@id":"https:\/\/shop.bantam.ch\/fr\/#\/schema\/logo\/image\/","url":"https:\/\/shop.bantam.ch\/wp-content\/uploads\/2022\/12\/bantam-logo.png","contentUrl":"https:\/\/shop.bantam.ch\/wp-content\/uploads\/2022\/12\/bantam-logo.png","width":320,"height":71,"caption":"Bantam Wankm\u00fcller SA"},"image":{"@id":"https:\/\/shop.bantam.ch\/fr\/#\/schema\/logo\/image\/"}}]}},"_links":{"self":[{"href":"https:\/\/shop.bantam.ch\/fr\/wp-json\/wp\/v2\/product\/226879","targetHints":{"allow":["GET"]}}],"collection":[{"href":"https:\/\/shop.bantam.ch\/fr\/wp-json\/wp\/v2\/product"}],"about":[{"href":"https:\/\/shop.bantam.ch\/fr\/wp-json\/wp\/v2\/types\/product"}],"wp:featuredmedia":[{"embeddable":true,"href":"https:\/\/shop.bantam.ch\/fr\/wp-json\/wp\/v2\/media\/226875"}],"wp:attachment":[{"href":"https:\/\/shop.bantam.ch\/fr\/wp-json\/wp\/v2\/media?parent=226879"}],"wp:term":[{"taxonomy":"product_featured_cat","embeddable":true,"href":"https:\/\/shop.bantam.ch\/fr\/wp-json\/wp\/v2\/product_featured_cat?post=226879"},{"taxonomy":"product_brand","embeddable":true,"href":"https:\/\/shop.bantam.ch\/fr\/wp-json\/wp\/v2\/product_brand?post=226879"},{"taxonomy":"product_cat","embeddable":true,"href":"https:\/\/shop.bantam.ch\/fr\/wp-json\/wp\/v2\/product_cat?post=226879"},{"taxonomy":"product_tag","embeddable":true,"href":"https:\/\/shop.bantam.ch\/fr\/wp-json\/wp\/v2\/product_tag?post=226879"}],"curies":[{"name":"wp","href":"https:\/\/api.w.org\/{rel}","templated":true}]}}