{"id":226769,"date":"2025-12-17T16:35:25","date_gmt":"2025-12-17T15:35:25","guid":{"rendered":"https:\/\/shop.bantam.ch\/produit\/bouteille-isotherme-mepal-ellipse-500-ml-acier-inoxydable-brosse\/"},"modified":"2026-05-10T23:44:15","modified_gmt":"2026-05-10T21:44:15","slug":"bouteille-isotherme-mepal-ellipse-500-ml-acier-inoxydable-brosse","status":"publish","type":"product","link":"https:\/\/shop.bantam.ch\/fr\/produit\/bouteille-isotherme-mepal-ellipse-500-ml-acier-inoxydable-brosse\/","title":{"rendered":"Bouteille isotherme MEPAL Ellipse 500 ml, acier inoxydable bross\u00e9"},"content":{"rendered":"<p>Gr\u00e2ce \u00e0 la bouteille isotherme Ellipse d&rsquo;une contenance de 500 ml version Nordic denim, vous avez toujours une boisson chaude ou froide \u00e0 port\u00e9e de main. Elle est, par exemple, id\u00e9ale pour de longs trajets en voiture. Un bon moyen de vous mettre de bonne humeur \u00e0 chaque trajet en voiture : chantez fort sur la musique des haut-parleurs et prenez une boisson rafra\u00eechissante avec vous &#8211; cela vous redonnera de l&rsquo;\u00e9nergie\u00a0! Remplissez votre bouteille thermos Mepal avec de l&rsquo;eau fra\u00eeche (elle peut \u00e9galement contenir de l&rsquo;eau gazeuse !) et votre boisson restera glac\u00e9e jusqu&rsquo;\u00e0 la derni\u00e8re goutte. C&rsquo;est ainsi que vous restez si repos\u00e9(e) et \u00e9veill\u00e9(e). On aimerait presque se retrouver dans un bouchon&#8230; Presque\u00a0! La bouteille isotherme Ellipse 500 ml maintient vos boissons au chaud pendant 12 heures ou 24 heures au froid. L&rsquo;ext\u00e9rieur de la bouteille reste toujours sec et frais, quelle que soit la temp\u00e9rature \u00e0 l&rsquo;int\u00e9rieur. Une petite astuce pratique : rincez la bouteille avec de l&rsquo;eau tr\u00e8s chaude ou tr\u00e8s froide avant utilisation prolongera le temps que votre boisson reste \u00e0 la temp\u00e9rature souhait\u00e9e. La bouteille isotherme en acier inoxydable bross\u00e9 peut \u00eatre nettoy\u00e9e au lave-vaisselle, tout comme le couvercle et ses pi\u00e8ces en plastique.<\/p>\n","protected":false},"excerpt":{"rendered":"<p>Gr\u00e2ce \u00e0 la bouteille isotherme Ellipse d&rsquo;une contenance de 500 ml version Nordic denim, vous avez toujours une boisson chaude ou froide \u00e0 port\u00e9e de main. Elle est, par exemple, id\u00e9ale pour de longs trajets en voiture. Un bon moyen de vous mettre de bonne humeur \u00e0 chaque trajet en voiture : chantez fort sur [&hellip;]<\/p>\n","protected":false},"featured_media":226767,"template":"","meta":{"_acf_changed":false},"product_featured_cat":[],"product_brand":[],"product_cat":[4327],"product_tag":[],"class_list":{"0":"post-226769","1":"product","2":"type-product","3":"status-publish","4":"has-post-thumbnail","6":"product_cat-bouteilles-isothermes-et-gobelets","8":"first","9":"instock","10":"taxable","11":"shipping-taxable","12":"purchasable","13":"product-type-simple"},"acf":[],"yoast_head":"<!-- This site is optimized with the Yoast SEO plugin v27.5 - https:\/\/yoast.com\/product\/yoast-seo-wordpress\/ -->\n<title>Bouteille isotherme MEPAL Ellipse 500 ml, acier inoxydable bross\u00e9 - Bantam<\/title>\n<meta name=\"robots\" content=\"index, follow, max-snippet:-1, max-image-preview:large, max-video-preview:-1\" \/>\n<link rel=\"canonical\" href=\"https:\/\/shop.bantam.ch\/fr\/produit\/bouteille-isotherme-mepal-ellipse-500-ml-acier-inoxydable-brosse\/\" \/>\n<meta property=\"og:locale\" content=\"fr_FR\" \/>\n<meta property=\"og:type\" content=\"article\" \/>\n<meta property=\"og:title\" content=\"Bouteille isotherme MEPAL Ellipse 500 ml, acier inoxydable bross\u00e9 - Bantam\" \/>\n<meta property=\"og:description\" content=\"Gr\u00e2ce \u00e0 la bouteille isotherme Ellipse d&rsquo;une contenance de 500 ml version Nordic denim, vous avez toujours une boisson chaude ou froide \u00e0 port\u00e9e de main. Elle est, par exemple, id\u00e9ale pour de longs trajets en voiture. Un bon moyen de vous mettre de bonne humeur \u00e0 chaque trajet en voiture : chantez fort sur [&hellip;]\" \/>\n<meta property=\"og:url\" content=\"https:\/\/shop.bantam.ch\/fr\/produit\/bouteille-isotherme-mepal-ellipse-500-ml-acier-inoxydable-brosse\/\" \/>\n<meta property=\"og:site_name\" content=\"Bantam\" \/>\n<meta property=\"article:modified_time\" content=\"2026-05-10T21:44:15+00:00\" \/>\n<meta name=\"twitter:card\" content=\"summary_large_image\" \/>\n<meta name=\"twitter:label1\" content=\"Dur\u00e9e de lecture estim\u00e9e\" \/>\n\t<meta name=\"twitter:data1\" content=\"1 minute\" \/>\n<script type=\"application\/ld+json\" class=\"yoast-schema-graph\">{\"@context\":\"https:\\\/\\\/schema.org\",\"@graph\":[{\"@type\":\"WebPage\",\"@id\":\"https:\\\/\\\/shop.bantam.ch\\\/fr\\\/produit\\\/bouteille-isotherme-mepal-ellipse-500-ml-acier-inoxydable-brosse\\\/\",\"url\":\"https:\\\/\\\/shop.bantam.ch\\\/fr\\\/produit\\\/bouteille-isotherme-mepal-ellipse-500-ml-acier-inoxydable-brosse\\\/\",\"name\":\"Bouteille isotherme MEPAL Ellipse 500 ml, acier inoxydable bross\u00e9 - Bantam\",\"isPartOf\":{\"@id\":\"https:\\\/\\\/shop.bantam.ch\\\/fr\\\/#website\"},\"primaryImageOfPage\":{\"@id\":\"https:\\\/\\\/shop.bantam.ch\\\/fr\\\/produit\\\/bouteille-isotherme-mepal-ellipse-500-ml-acier-inoxydable-brosse\\\/#primaryimage\"},\"image\":{\"@id\":\"https:\\\/\\\/shop.bantam.ch\\\/fr\\\/produit\\\/bouteille-isotherme-mepal-ellipse-500-ml-acier-inoxydable-brosse\\\/#primaryimage\"},\"thumbnailUrl\":\"https:\\\/\\\/shop.bantam.ch\\\/wp-content\\\/uploads\\\/2025\\\/12\\\/Movera-L-9984705100.jpg\",\"datePublished\":\"2025-12-17T15:35:25+00:00\",\"dateModified\":\"2026-05-10T21:44:15+00:00\",\"breadcrumb\":{\"@id\":\"https:\\\/\\\/shop.bantam.ch\\\/fr\\\/produit\\\/bouteille-isotherme-mepal-ellipse-500-ml-acier-inoxydable-brosse\\\/#breadcrumb\"},\"inLanguage\":\"fr-FR\",\"potentialAction\":[{\"@type\":\"ReadAction\",\"target\":[\"https:\\\/\\\/shop.bantam.ch\\\/fr\\\/produit\\\/bouteille-isotherme-mepal-ellipse-500-ml-acier-inoxydable-brosse\\\/\"]}]},{\"@type\":\"ImageObject\",\"inLanguage\":\"fr-FR\",\"@id\":\"https:\\\/\\\/shop.bantam.ch\\\/fr\\\/produit\\\/bouteille-isotherme-mepal-ellipse-500-ml-acier-inoxydable-brosse\\\/#primaryimage\",\"url\":\"https:\\\/\\\/shop.bantam.ch\\\/wp-content\\\/uploads\\\/2025\\\/12\\\/Movera-L-9984705100.jpg\",\"contentUrl\":\"https:\\\/\\\/shop.bantam.ch\\\/wp-content\\\/uploads\\\/2025\\\/12\\\/Movera-L-9984705100.jpg\",\"width\":288,\"height\":1000},{\"@type\":\"BreadcrumbList\",\"@id\":\"https:\\\/\\\/shop.bantam.ch\\\/fr\\\/produit\\\/bouteille-isotherme-mepal-ellipse-500-ml-acier-inoxydable-brosse\\\/#breadcrumb\",\"itemListElement\":[{\"@type\":\"ListItem\",\"position\":1,\"name\":\"Accueil\",\"item\":\"https:\\\/\\\/shop.bantam.ch\\\/fr\\\/\"},{\"@type\":\"ListItem\",\"position\":2,\"name\":\"Boutique\",\"item\":\"https:\\\/\\\/shop.bantam.ch\\\/fr\\\/boutique\\\/\"},{\"@type\":\"ListItem\",\"position\":3,\"name\":\"Bouteille isotherme MEPAL Ellipse 500 ml, acier inoxydable bross\u00e9\"}]},{\"@type\":\"WebSite\",\"@id\":\"https:\\\/\\\/shop.bantam.ch\\\/fr\\\/#website\",\"url\":\"https:\\\/\\\/shop.bantam.ch\\\/fr\\\/\",\"name\":\"Bantam\",\"description\":\"\",\"publisher\":{\"@id\":\"https:\\\/\\\/shop.bantam.ch\\\/fr\\\/#organization\"},\"inLanguage\":\"fr-FR\"},{\"@type\":\"Organization\",\"@id\":\"https:\\\/\\\/shop.bantam.ch\\\/fr\\\/#organization\",\"name\":\"Bantam\",\"url\":\"https:\\\/\\\/shop.bantam.ch\\\/fr\\\/\",\"logo\":{\"@type\":\"ImageObject\",\"inLanguage\":\"fr-FR\",\"@id\":\"https:\\\/\\\/shop.bantam.ch\\\/fr\\\/#\\\/schema\\\/logo\\\/image\\\/\",\"url\":\"https:\\\/\\\/shop.bantam.ch\\\/wp-content\\\/uploads\\\/2022\\\/12\\\/bantam-logo.png\",\"contentUrl\":\"https:\\\/\\\/shop.bantam.ch\\\/wp-content\\\/uploads\\\/2022\\\/12\\\/bantam-logo.png\",\"width\":320,\"height\":71,\"caption\":\"Bantam\"},\"image\":{\"@id\":\"https:\\\/\\\/shop.bantam.ch\\\/fr\\\/#\\\/schema\\\/logo\\\/image\\\/\"}}]}<\/script>\n<!-- \/ Yoast SEO plugin. -->","yoast_head_json":{"title":"Bouteille isotherme MEPAL Ellipse 500 ml, acier inoxydable bross\u00e9 - Bantam","robots":{"index":"index","follow":"follow","max-snippet":"max-snippet:-1","max-image-preview":"max-image-preview:large","max-video-preview":"max-video-preview:-1"},"canonical":"https:\/\/shop.bantam.ch\/fr\/produit\/bouteille-isotherme-mepal-ellipse-500-ml-acier-inoxydable-brosse\/","og_locale":"fr_FR","og_type":"article","og_title":"Bouteille isotherme MEPAL Ellipse 500 ml, acier inoxydable bross\u00e9 - Bantam","og_description":"Gr\u00e2ce \u00e0 la bouteille isotherme Ellipse d&rsquo;une contenance de 500 ml version Nordic denim, vous avez toujours une boisson chaude ou froide \u00e0 port\u00e9e de main. Elle est, par exemple, id\u00e9ale pour de longs trajets en voiture. Un bon moyen de vous mettre de bonne humeur \u00e0 chaque trajet en voiture : chantez fort sur [&hellip;]","og_url":"https:\/\/shop.bantam.ch\/fr\/produit\/bouteille-isotherme-mepal-ellipse-500-ml-acier-inoxydable-brosse\/","og_site_name":"Bantam","article_modified_time":"2026-05-10T21:44:15+00:00","twitter_card":"summary_large_image","twitter_misc":{"Dur\u00e9e de lecture estim\u00e9e":"1 minute"},"schema":{"@context":"https:\/\/schema.org","@graph":[{"@type":"WebPage","@id":"https:\/\/shop.bantam.ch\/fr\/produit\/bouteille-isotherme-mepal-ellipse-500-ml-acier-inoxydable-brosse\/","url":"https:\/\/shop.bantam.ch\/fr\/produit\/bouteille-isotherme-mepal-ellipse-500-ml-acier-inoxydable-brosse\/","name":"Bouteille isotherme MEPAL Ellipse 500 ml, acier inoxydable bross\u00e9 - Bantam","isPartOf":{"@id":"https:\/\/shop.bantam.ch\/fr\/#website"},"primaryImageOfPage":{"@id":"https:\/\/shop.bantam.ch\/fr\/produit\/bouteille-isotherme-mepal-ellipse-500-ml-acier-inoxydable-brosse\/#primaryimage"},"image":{"@id":"https:\/\/shop.bantam.ch\/fr\/produit\/bouteille-isotherme-mepal-ellipse-500-ml-acier-inoxydable-brosse\/#primaryimage"},"thumbnailUrl":"https:\/\/shop.bantam.ch\/wp-content\/uploads\/2025\/12\/Movera-L-9984705100.jpg","datePublished":"2025-12-17T15:35:25+00:00","dateModified":"2026-05-10T21:44:15+00:00","breadcrumb":{"@id":"https:\/\/shop.bantam.ch\/fr\/produit\/bouteille-isotherme-mepal-ellipse-500-ml-acier-inoxydable-brosse\/#breadcrumb"},"inLanguage":"fr-FR","potentialAction":[{"@type":"ReadAction","target":["https:\/\/shop.bantam.ch\/fr\/produit\/bouteille-isotherme-mepal-ellipse-500-ml-acier-inoxydable-brosse\/"]}]},{"@type":"ImageObject","inLanguage":"fr-FR","@id":"https:\/\/shop.bantam.ch\/fr\/produit\/bouteille-isotherme-mepal-ellipse-500-ml-acier-inoxydable-brosse\/#primaryimage","url":"https:\/\/shop.bantam.ch\/wp-content\/uploads\/2025\/12\/Movera-L-9984705100.jpg","contentUrl":"https:\/\/shop.bantam.ch\/wp-content\/uploads\/2025\/12\/Movera-L-9984705100.jpg","width":288,"height":1000},{"@type":"BreadcrumbList","@id":"https:\/\/shop.bantam.ch\/fr\/produit\/bouteille-isotherme-mepal-ellipse-500-ml-acier-inoxydable-brosse\/#breadcrumb","itemListElement":[{"@type":"ListItem","position":1,"name":"Accueil","item":"https:\/\/shop.bantam.ch\/fr\/"},{"@type":"ListItem","position":2,"name":"Boutique","item":"https:\/\/shop.bantam.ch\/fr\/boutique\/"},{"@type":"ListItem","position":3,"name":"Bouteille isotherme MEPAL Ellipse 500 ml, acier inoxydable bross\u00e9"}]},{"@type":"WebSite","@id":"https:\/\/shop.bantam.ch\/fr\/#website","url":"https:\/\/shop.bantam.ch\/fr\/","name":"Bantam","description":"","publisher":{"@id":"https:\/\/shop.bantam.ch\/fr\/#organization"},"inLanguage":"fr-FR"},{"@type":"Organization","@id":"https:\/\/shop.bantam.ch\/fr\/#organization","name":"Bantam","url":"https:\/\/shop.bantam.ch\/fr\/","logo":{"@type":"ImageObject","inLanguage":"fr-FR","@id":"https:\/\/shop.bantam.ch\/fr\/#\/schema\/logo\/image\/","url":"https:\/\/shop.bantam.ch\/wp-content\/uploads\/2022\/12\/bantam-logo.png","contentUrl":"https:\/\/shop.bantam.ch\/wp-content\/uploads\/2022\/12\/bantam-logo.png","width":320,"height":71,"caption":"Bantam"},"image":{"@id":"https:\/\/shop.bantam.ch\/fr\/#\/schema\/logo\/image\/"}}]}},"_links":{"self":[{"href":"https:\/\/shop.bantam.ch\/fr\/wp-json\/wp\/v2\/product\/226769","targetHints":{"allow":["GET"]}}],"collection":[{"href":"https:\/\/shop.bantam.ch\/fr\/wp-json\/wp\/v2\/product"}],"about":[{"href":"https:\/\/shop.bantam.ch\/fr\/wp-json\/wp\/v2\/types\/product"}],"wp:featuredmedia":[{"embeddable":true,"href":"https:\/\/shop.bantam.ch\/fr\/wp-json\/wp\/v2\/media\/226767"}],"wp:attachment":[{"href":"https:\/\/shop.bantam.ch\/fr\/wp-json\/wp\/v2\/media?parent=226769"}],"wp:term":[{"taxonomy":"product_featured_cat","embeddable":true,"href":"https:\/\/shop.bantam.ch\/fr\/wp-json\/wp\/v2\/product_featured_cat?post=226769"},{"taxonomy":"product_brand","embeddable":true,"href":"https:\/\/shop.bantam.ch\/fr\/wp-json\/wp\/v2\/product_brand?post=226769"},{"taxonomy":"product_cat","embeddable":true,"href":"https:\/\/shop.bantam.ch\/fr\/wp-json\/wp\/v2\/product_cat?post=226769"},{"taxonomy":"product_tag","embeddable":true,"href":"https:\/\/shop.bantam.ch\/fr\/wp-json\/wp\/v2\/product_tag?post=226769"}],"curies":[{"name":"wp","href":"https:\/\/api.w.org\/{rel}","templated":true}]}}