{"id":226725,"date":"2025-12-17T16:34:26","date_gmt":"2025-12-17T15:34:26","guid":{"rendered":"https:\/\/shop.bantam.ch\/produit\/installation-solaire-complete-mt-powerline\/"},"modified":"2026-04-18T02:19:11","modified_gmt":"2026-04-18T00:19:11","slug":"installation-solaire-complete-mt-powerline","status":"publish","type":"product","link":"https:\/\/shop.bantam.ch\/fr\/produit\/installation-solaire-complete-mt-powerline\/","title":{"rendered":"Installation solaire compl\u00e8te MT PowerLine"},"content":{"rendered":"<p>Obtenir un rendement \u00e9lev\u00e9 avec peu de surface de toit. Les syst\u00e8mes solaires complets contiennent tout ce qui est n\u00e9cessaire pour mettre en place une installation solaire pour un v\u00e9hicule de tourisme. Tous les r\u00e9gulateurs solaires sont \u00e9quip\u00e9s de la technologie MPPT am\u00e9lior\u00e9e et peuvent \u00eatre command\u00e9s par Bluetooth via une application mobile. Ils poss\u00e8dent en outre une deuxi\u00e8me sortie de charge vers la batterie de d\u00e9marrage jusqu&rsquo;\u00e0 10 A et un raccordement pour l&rsquo;affichage solaire \u00e0 distance comme le N-Bus et le Ci-Bus (en option) avec sonde de temp\u00e9rature. Les r\u00e9gulateurs solaires de MT 75 Slim, MT 80, MT 110 et MT 160 peuvent \u00eatre compl\u00e9t\u00e9s par un module de m\u00eame puissance si n\u00e9cessaire. Les r\u00e9gulateurs solaires du MT 120 et du MT 190 peuvent, si n\u00e9cessaire, \u00eatre compl\u00e9t\u00e9s par un module de m\u00eame puissance.<\/p>\n<p>Contenu de la livraison:<br \/>\nPanneau(x) solaire(s) monocristallin(s) inclus.<br \/>\nR\u00e9gulateur solaire avec sonde de temp\u00e9rature<br \/>\nKit de spoiler de toit, accessoires inclus,<br \/>\nTravers\u00e9e de toit<br \/>\nBloc de service\/distribution<br \/>\nKit de collage pour spoilerset et travers\u00e9e de toit<br \/>\nJeu de c\u00e2bles int\u00e9rieur\/ext\u00e9rieur<br \/>\nJeu de c\u00e2bles pour v\u00e9hicules avec station de base EBL (v\u00e9hicules du groupe Hymer)<br \/>\nPetites pi\u00e8ces<br \/>\nInstructions de montage<\/p>\n","protected":false},"excerpt":{"rendered":"<p>Obtenir un rendement \u00e9lev\u00e9 avec peu de surface de toit. Les syst\u00e8mes solaires complets contiennent tout ce qui est n\u00e9cessaire pour mettre en place une installation solaire pour un v\u00e9hicule de tourisme. Tous les r\u00e9gulateurs solaires sont \u00e9quip\u00e9s de la technologie MPPT am\u00e9lior\u00e9e et peuvent \u00eatre command\u00e9s par Bluetooth via une application mobile. Ils poss\u00e8dent [&hellip;]<\/p>\n","protected":false},"featured_media":226723,"template":"","meta":{"_acf_changed":false},"product_featured_cat":[],"product_brand":[],"product_cat":[4879],"product_tag":[],"class_list":{"0":"post-226725","1":"product","2":"type-product","3":"status-publish","4":"has-post-thumbnail","6":"product_cat-kits-solaires","8":"first","9":"instock","10":"taxable","11":"shipping-taxable","12":"purchasable","13":"product-type-variable"},"acf":[],"yoast_head":"<!-- This site is optimized with the Yoast SEO plugin v27.4 - https:\/\/yoast.com\/product\/yoast-seo-wordpress\/ -->\n<title>Installation solaire compl\u00e8te MT PowerLine - Bantam Wankm\u00fcller SA<\/title>\n<meta name=\"robots\" content=\"index, follow, max-snippet:-1, max-image-preview:large, max-video-preview:-1\" \/>\n<link rel=\"canonical\" href=\"https:\/\/shop.bantam.ch\/fr\/produit\/installation-solaire-complete-mt-powerline\/\" \/>\n<meta property=\"og:locale\" content=\"fr_FR\" \/>\n<meta property=\"og:type\" content=\"article\" \/>\n<meta property=\"og:title\" content=\"Installation solaire compl\u00e8te MT PowerLine - Bantam Wankm\u00fcller SA\" \/>\n<meta property=\"og:description\" content=\"Obtenir un rendement \u00e9lev\u00e9 avec peu de surface de toit. Les syst\u00e8mes solaires complets contiennent tout ce qui est n\u00e9cessaire pour mettre en place une installation solaire pour un v\u00e9hicule de tourisme. Tous les r\u00e9gulateurs solaires sont \u00e9quip\u00e9s de la technologie MPPT am\u00e9lior\u00e9e et peuvent \u00eatre command\u00e9s par Bluetooth via une application mobile. Ils poss\u00e8dent [&hellip;]\" \/>\n<meta property=\"og:url\" content=\"https:\/\/shop.bantam.ch\/fr\/produit\/installation-solaire-complete-mt-powerline\/\" \/>\n<meta property=\"og:site_name\" content=\"Bantam Wankm\u00fcller SA\" \/>\n<meta property=\"article:modified_time\" content=\"2026-04-18T00:19:11+00:00\" \/>\n<meta name=\"twitter:card\" content=\"summary_large_image\" \/>\n<meta name=\"twitter:label1\" content=\"Dur\u00e9e de lecture estim\u00e9e\" \/>\n\t<meta name=\"twitter:data1\" content=\"1 minute\" \/>\n<script type=\"application\/ld+json\" class=\"yoast-schema-graph\">{\"@context\":\"https:\\\/\\\/schema.org\",\"@graph\":[{\"@type\":\"WebPage\",\"@id\":\"https:\\\/\\\/shop.bantam.ch\\\/fr\\\/produit\\\/installation-solaire-complete-mt-powerline\\\/\",\"url\":\"https:\\\/\\\/shop.bantam.ch\\\/fr\\\/produit\\\/installation-solaire-complete-mt-powerline\\\/\",\"name\":\"Installation solaire compl\u00e8te MT PowerLine - Bantam Wankm\u00fcller SA\",\"isPartOf\":{\"@id\":\"https:\\\/\\\/shop.bantam.ch\\\/fr\\\/#website\"},\"primaryImageOfPage\":{\"@id\":\"https:\\\/\\\/shop.bantam.ch\\\/fr\\\/produit\\\/installation-solaire-complete-mt-powerline\\\/#primaryimage\"},\"image\":{\"@id\":\"https:\\\/\\\/shop.bantam.ch\\\/fr\\\/produit\\\/installation-solaire-complete-mt-powerline\\\/#primaryimage\"},\"thumbnailUrl\":\"https:\\\/\\\/shop.bantam.ch\\\/wp-content\\\/uploads\\\/2025\\\/12\\\/Movera-L-9971448100.jpg\",\"datePublished\":\"2025-12-17T15:34:26+00:00\",\"dateModified\":\"2026-04-18T00:19:11+00:00\",\"breadcrumb\":{\"@id\":\"https:\\\/\\\/shop.bantam.ch\\\/fr\\\/produit\\\/installation-solaire-complete-mt-powerline\\\/#breadcrumb\"},\"inLanguage\":\"fr-FR\",\"potentialAction\":[{\"@type\":\"ReadAction\",\"target\":[\"https:\\\/\\\/shop.bantam.ch\\\/fr\\\/produit\\\/installation-solaire-complete-mt-powerline\\\/\"]}]},{\"@type\":\"ImageObject\",\"inLanguage\":\"fr-FR\",\"@id\":\"https:\\\/\\\/shop.bantam.ch\\\/fr\\\/produit\\\/installation-solaire-complete-mt-powerline\\\/#primaryimage\",\"url\":\"https:\\\/\\\/shop.bantam.ch\\\/wp-content\\\/uploads\\\/2025\\\/12\\\/Movera-L-9971448100.jpg\",\"contentUrl\":\"https:\\\/\\\/shop.bantam.ch\\\/wp-content\\\/uploads\\\/2025\\\/12\\\/Movera-L-9971448100.jpg\",\"width\":640,\"height\":640},{\"@type\":\"BreadcrumbList\",\"@id\":\"https:\\\/\\\/shop.bantam.ch\\\/fr\\\/produit\\\/installation-solaire-complete-mt-powerline\\\/#breadcrumb\",\"itemListElement\":[{\"@type\":\"ListItem\",\"position\":1,\"name\":\"Accueil\",\"item\":\"https:\\\/\\\/shop.bantam.ch\\\/fr\\\/\"},{\"@type\":\"ListItem\",\"position\":2,\"name\":\"Boutique\",\"item\":\"https:\\\/\\\/shop.bantam.ch\\\/fr\\\/boutique\\\/\"},{\"@type\":\"ListItem\",\"position\":3,\"name\":\"Installation solaire compl\u00e8te MT PowerLine\"}]},{\"@type\":\"WebSite\",\"@id\":\"https:\\\/\\\/shop.bantam.ch\\\/fr\\\/#website\",\"url\":\"https:\\\/\\\/shop.bantam.ch\\\/fr\\\/\",\"name\":\"Bantam Wankm\u00fcller SA\",\"description\":\"\",\"publisher\":{\"@id\":\"https:\\\/\\\/shop.bantam.ch\\\/fr\\\/#organization\"},\"inLanguage\":\"fr-FR\"},{\"@type\":\"Organization\",\"@id\":\"https:\\\/\\\/shop.bantam.ch\\\/fr\\\/#organization\",\"name\":\"Bantam Wankm\u00fcller SA\",\"url\":\"https:\\\/\\\/shop.bantam.ch\\\/fr\\\/\",\"logo\":{\"@type\":\"ImageObject\",\"inLanguage\":\"fr-FR\",\"@id\":\"https:\\\/\\\/shop.bantam.ch\\\/fr\\\/#\\\/schema\\\/logo\\\/image\\\/\",\"url\":\"https:\\\/\\\/shop.bantam.ch\\\/wp-content\\\/uploads\\\/2022\\\/12\\\/bantam-logo.png\",\"contentUrl\":\"https:\\\/\\\/shop.bantam.ch\\\/wp-content\\\/uploads\\\/2022\\\/12\\\/bantam-logo.png\",\"width\":320,\"height\":71,\"caption\":\"Bantam Wankm\u00fcller SA\"},\"image\":{\"@id\":\"https:\\\/\\\/shop.bantam.ch\\\/fr\\\/#\\\/schema\\\/logo\\\/image\\\/\"}}]}<\/script>\n<!-- \/ Yoast SEO plugin. -->","yoast_head_json":{"title":"Installation solaire compl\u00e8te MT PowerLine - Bantam Wankm\u00fcller SA","robots":{"index":"index","follow":"follow","max-snippet":"max-snippet:-1","max-image-preview":"max-image-preview:large","max-video-preview":"max-video-preview:-1"},"canonical":"https:\/\/shop.bantam.ch\/fr\/produit\/installation-solaire-complete-mt-powerline\/","og_locale":"fr_FR","og_type":"article","og_title":"Installation solaire compl\u00e8te MT PowerLine - Bantam Wankm\u00fcller SA","og_description":"Obtenir un rendement \u00e9lev\u00e9 avec peu de surface de toit. Les syst\u00e8mes solaires complets contiennent tout ce qui est n\u00e9cessaire pour mettre en place une installation solaire pour un v\u00e9hicule de tourisme. Tous les r\u00e9gulateurs solaires sont \u00e9quip\u00e9s de la technologie MPPT am\u00e9lior\u00e9e et peuvent \u00eatre command\u00e9s par Bluetooth via une application mobile. Ils poss\u00e8dent [&hellip;]","og_url":"https:\/\/shop.bantam.ch\/fr\/produit\/installation-solaire-complete-mt-powerline\/","og_site_name":"Bantam Wankm\u00fcller SA","article_modified_time":"2026-04-18T00:19:11+00:00","twitter_card":"summary_large_image","twitter_misc":{"Dur\u00e9e de lecture estim\u00e9e":"1 minute"},"schema":{"@context":"https:\/\/schema.org","@graph":[{"@type":"WebPage","@id":"https:\/\/shop.bantam.ch\/fr\/produit\/installation-solaire-complete-mt-powerline\/","url":"https:\/\/shop.bantam.ch\/fr\/produit\/installation-solaire-complete-mt-powerline\/","name":"Installation solaire compl\u00e8te MT PowerLine - Bantam Wankm\u00fcller SA","isPartOf":{"@id":"https:\/\/shop.bantam.ch\/fr\/#website"},"primaryImageOfPage":{"@id":"https:\/\/shop.bantam.ch\/fr\/produit\/installation-solaire-complete-mt-powerline\/#primaryimage"},"image":{"@id":"https:\/\/shop.bantam.ch\/fr\/produit\/installation-solaire-complete-mt-powerline\/#primaryimage"},"thumbnailUrl":"https:\/\/shop.bantam.ch\/wp-content\/uploads\/2025\/12\/Movera-L-9971448100.jpg","datePublished":"2025-12-17T15:34:26+00:00","dateModified":"2026-04-18T00:19:11+00:00","breadcrumb":{"@id":"https:\/\/shop.bantam.ch\/fr\/produit\/installation-solaire-complete-mt-powerline\/#breadcrumb"},"inLanguage":"fr-FR","potentialAction":[{"@type":"ReadAction","target":["https:\/\/shop.bantam.ch\/fr\/produit\/installation-solaire-complete-mt-powerline\/"]}]},{"@type":"ImageObject","inLanguage":"fr-FR","@id":"https:\/\/shop.bantam.ch\/fr\/produit\/installation-solaire-complete-mt-powerline\/#primaryimage","url":"https:\/\/shop.bantam.ch\/wp-content\/uploads\/2025\/12\/Movera-L-9971448100.jpg","contentUrl":"https:\/\/shop.bantam.ch\/wp-content\/uploads\/2025\/12\/Movera-L-9971448100.jpg","width":640,"height":640},{"@type":"BreadcrumbList","@id":"https:\/\/shop.bantam.ch\/fr\/produit\/installation-solaire-complete-mt-powerline\/#breadcrumb","itemListElement":[{"@type":"ListItem","position":1,"name":"Accueil","item":"https:\/\/shop.bantam.ch\/fr\/"},{"@type":"ListItem","position":2,"name":"Boutique","item":"https:\/\/shop.bantam.ch\/fr\/boutique\/"},{"@type":"ListItem","position":3,"name":"Installation solaire compl\u00e8te MT PowerLine"}]},{"@type":"WebSite","@id":"https:\/\/shop.bantam.ch\/fr\/#website","url":"https:\/\/shop.bantam.ch\/fr\/","name":"Bantam Wankm\u00fcller SA","description":"","publisher":{"@id":"https:\/\/shop.bantam.ch\/fr\/#organization"},"inLanguage":"fr-FR"},{"@type":"Organization","@id":"https:\/\/shop.bantam.ch\/fr\/#organization","name":"Bantam Wankm\u00fcller SA","url":"https:\/\/shop.bantam.ch\/fr\/","logo":{"@type":"ImageObject","inLanguage":"fr-FR","@id":"https:\/\/shop.bantam.ch\/fr\/#\/schema\/logo\/image\/","url":"https:\/\/shop.bantam.ch\/wp-content\/uploads\/2022\/12\/bantam-logo.png","contentUrl":"https:\/\/shop.bantam.ch\/wp-content\/uploads\/2022\/12\/bantam-logo.png","width":320,"height":71,"caption":"Bantam Wankm\u00fcller SA"},"image":{"@id":"https:\/\/shop.bantam.ch\/fr\/#\/schema\/logo\/image\/"}}]}},"_links":{"self":[{"href":"https:\/\/shop.bantam.ch\/fr\/wp-json\/wp\/v2\/product\/226725","targetHints":{"allow":["GET"]}}],"collection":[{"href":"https:\/\/shop.bantam.ch\/fr\/wp-json\/wp\/v2\/product"}],"about":[{"href":"https:\/\/shop.bantam.ch\/fr\/wp-json\/wp\/v2\/types\/product"}],"wp:featuredmedia":[{"embeddable":true,"href":"https:\/\/shop.bantam.ch\/fr\/wp-json\/wp\/v2\/media\/226723"}],"wp:attachment":[{"href":"https:\/\/shop.bantam.ch\/fr\/wp-json\/wp\/v2\/media?parent=226725"}],"wp:term":[{"taxonomy":"product_featured_cat","embeddable":true,"href":"https:\/\/shop.bantam.ch\/fr\/wp-json\/wp\/v2\/product_featured_cat?post=226725"},{"taxonomy":"product_brand","embeddable":true,"href":"https:\/\/shop.bantam.ch\/fr\/wp-json\/wp\/v2\/product_brand?post=226725"},{"taxonomy":"product_cat","embeddable":true,"href":"https:\/\/shop.bantam.ch\/fr\/wp-json\/wp\/v2\/product_cat?post=226725"},{"taxonomy":"product_tag","embeddable":true,"href":"https:\/\/shop.bantam.ch\/fr\/wp-json\/wp\/v2\/product_tag?post=226725"}],"curies":[{"name":"wp","href":"https:\/\/api.w.org\/{rel}","templated":true}]}}