{"id":226669,"date":"2025-12-17T16:33:05","date_gmt":"2025-12-17T15:33:05","guid":{"rendered":"https:\/\/shop.bantam.ch\/produit\/legendare-trips-mit-dem-van-in-europa-lonely-planet\/"},"modified":"2026-05-11T23:42:21","modified_gmt":"2026-05-11T21:42:21","slug":"legendare-trips-mit-dem-van-in-europa-lonely-planet","status":"publish","type":"product","link":"https:\/\/shop.bantam.ch\/fr\/produit\/legendare-trips-mit-dem-van-in-europa-lonely-planet\/","title":{"rendered":"Legend\u00e4re Trips mit dem Van in Europa, Lonely Planet"},"content":{"rendered":"<p>Les 50 plus belles routes de l&rsquo;Andalousie \u00e0 Chypre : Des Asturies \u00e0 la Galice. \u00c0 travers la Suisse, de lac en lac. Explorer le Pays de Galles. Road trip \u00e0 travers le sud de la Pologne. Circuit d\u00e9couverte des pays baltes. De Rome aux Cinque Terre. Tour tranquille \u00e0 travers la Hollande. La route alpine allemande. De la Bulgarie \u00e0 la mer Noire, et bien d\u2019autres encore\u2026<\/p>\n","protected":false},"excerpt":{"rendered":"<p>Les 50 plus belles routes de l&rsquo;Andalousie \u00e0 Chypre : Des Asturies \u00e0 la Galice. \u00c0 travers la Suisse, de lac en lac. Explorer le Pays de Galles. Road trip \u00e0 travers le sud de la Pologne. Circuit d\u00e9couverte des pays baltes. De Rome aux Cinque Terre. Tour tranquille \u00e0 travers la Hollande. La route [&hellip;]<\/p>\n","protected":false},"featured_media":226667,"template":"","meta":{"_acf_changed":false},"product_featured_cat":[],"product_brand":[],"product_cat":[4351],"product_tag":[],"class_list":{"0":"post-226669","1":"product","2":"type-product","3":"status-publish","4":"has-post-thumbnail","6":"product_cat-guides-de-voyage","8":"first","9":"instock","10":"taxable","11":"shipping-taxable","12":"purchasable","13":"product-type-simple"},"acf":[],"yoast_head":"<!-- This site is optimized with the Yoast SEO plugin v27.5 - https:\/\/yoast.com\/product\/yoast-seo-wordpress\/ -->\n<title>Legend\u00e4re Trips mit dem Van in Europa, Lonely Planet - Bantam<\/title>\n<meta name=\"robots\" content=\"index, follow, max-snippet:-1, max-image-preview:large, max-video-preview:-1\" \/>\n<link rel=\"canonical\" href=\"https:\/\/shop.bantam.ch\/fr\/produit\/legendare-trips-mit-dem-van-in-europa-lonely-planet\/\" \/>\n<meta property=\"og:locale\" content=\"fr_FR\" \/>\n<meta property=\"og:type\" content=\"article\" \/>\n<meta property=\"og:title\" content=\"Legend\u00e4re Trips mit dem Van in Europa, Lonely Planet - Bantam\" \/>\n<meta property=\"og:description\" content=\"Les 50 plus belles routes de l&rsquo;Andalousie \u00e0 Chypre : Des Asturies \u00e0 la Galice. \u00c0 travers la Suisse, de lac en lac. Explorer le Pays de Galles. Road trip \u00e0 travers le sud de la Pologne. Circuit d\u00e9couverte des pays baltes. De Rome aux Cinque Terre. Tour tranquille \u00e0 travers la Hollande. La route [&hellip;]\" \/>\n<meta property=\"og:url\" content=\"https:\/\/shop.bantam.ch\/fr\/produit\/legendare-trips-mit-dem-van-in-europa-lonely-planet\/\" \/>\n<meta property=\"og:site_name\" content=\"Bantam\" \/>\n<meta property=\"article:modified_time\" content=\"2026-05-11T21:42:21+00:00\" \/>\n<meta name=\"twitter:card\" content=\"summary_large_image\" \/>\n<script type=\"application\/ld+json\" class=\"yoast-schema-graph\">{\"@context\":\"https:\\\/\\\/schema.org\",\"@graph\":[{\"@type\":\"WebPage\",\"@id\":\"https:\\\/\\\/shop.bantam.ch\\\/fr\\\/produit\\\/legendare-trips-mit-dem-van-in-europa-lonely-planet\\\/\",\"url\":\"https:\\\/\\\/shop.bantam.ch\\\/fr\\\/produit\\\/legendare-trips-mit-dem-van-in-europa-lonely-planet\\\/\",\"name\":\"Legend\u00e4re Trips mit dem Van in Europa, Lonely Planet - Bantam\",\"isPartOf\":{\"@id\":\"https:\\\/\\\/shop.bantam.ch\\\/fr\\\/#website\"},\"primaryImageOfPage\":{\"@id\":\"https:\\\/\\\/shop.bantam.ch\\\/fr\\\/produit\\\/legendare-trips-mit-dem-van-in-europa-lonely-planet\\\/#primaryimage\"},\"image\":{\"@id\":\"https:\\\/\\\/shop.bantam.ch\\\/fr\\\/produit\\\/legendare-trips-mit-dem-van-in-europa-lonely-planet\\\/#primaryimage\"},\"thumbnailUrl\":\"https:\\\/\\\/shop.bantam.ch\\\/wp-content\\\/uploads\\\/2025\\\/12\\\/Movera-L-9962100100.jpg\",\"datePublished\":\"2025-12-17T15:33:05+00:00\",\"dateModified\":\"2026-05-11T21:42:21+00:00\",\"breadcrumb\":{\"@id\":\"https:\\\/\\\/shop.bantam.ch\\\/fr\\\/produit\\\/legendare-trips-mit-dem-van-in-europa-lonely-planet\\\/#breadcrumb\"},\"inLanguage\":\"fr-FR\",\"potentialAction\":[{\"@type\":\"ReadAction\",\"target\":[\"https:\\\/\\\/shop.bantam.ch\\\/fr\\\/produit\\\/legendare-trips-mit-dem-van-in-europa-lonely-planet\\\/\"]}]},{\"@type\":\"ImageObject\",\"inLanguage\":\"fr-FR\",\"@id\":\"https:\\\/\\\/shop.bantam.ch\\\/fr\\\/produit\\\/legendare-trips-mit-dem-van-in-europa-lonely-planet\\\/#primaryimage\",\"url\":\"https:\\\/\\\/shop.bantam.ch\\\/wp-content\\\/uploads\\\/2025\\\/12\\\/Movera-L-9962100100.jpg\",\"contentUrl\":\"https:\\\/\\\/shop.bantam.ch\\\/wp-content\\\/uploads\\\/2025\\\/12\\\/Movera-L-9962100100.jpg\",\"width\":640,\"height\":822},{\"@type\":\"BreadcrumbList\",\"@id\":\"https:\\\/\\\/shop.bantam.ch\\\/fr\\\/produit\\\/legendare-trips-mit-dem-van-in-europa-lonely-planet\\\/#breadcrumb\",\"itemListElement\":[{\"@type\":\"ListItem\",\"position\":1,\"name\":\"Accueil\",\"item\":\"https:\\\/\\\/shop.bantam.ch\\\/fr\\\/\"},{\"@type\":\"ListItem\",\"position\":2,\"name\":\"Boutique\",\"item\":\"https:\\\/\\\/shop.bantam.ch\\\/fr\\\/boutique\\\/\"},{\"@type\":\"ListItem\",\"position\":3,\"name\":\"Legend\u00e4re Trips mit dem Van in Europa, Lonely Planet\"}]},{\"@type\":\"WebSite\",\"@id\":\"https:\\\/\\\/shop.bantam.ch\\\/fr\\\/#website\",\"url\":\"https:\\\/\\\/shop.bantam.ch\\\/fr\\\/\",\"name\":\"Bantam\",\"description\":\"\",\"publisher\":{\"@id\":\"https:\\\/\\\/shop.bantam.ch\\\/fr\\\/#organization\"},\"inLanguage\":\"fr-FR\"},{\"@type\":\"Organization\",\"@id\":\"https:\\\/\\\/shop.bantam.ch\\\/fr\\\/#organization\",\"name\":\"Bantam\",\"url\":\"https:\\\/\\\/shop.bantam.ch\\\/fr\\\/\",\"logo\":{\"@type\":\"ImageObject\",\"inLanguage\":\"fr-FR\",\"@id\":\"https:\\\/\\\/shop.bantam.ch\\\/fr\\\/#\\\/schema\\\/logo\\\/image\\\/\",\"url\":\"https:\\\/\\\/shop.bantam.ch\\\/wp-content\\\/uploads\\\/2022\\\/12\\\/bantam-logo.png\",\"contentUrl\":\"https:\\\/\\\/shop.bantam.ch\\\/wp-content\\\/uploads\\\/2022\\\/12\\\/bantam-logo.png\",\"width\":320,\"height\":71,\"caption\":\"Bantam\"},\"image\":{\"@id\":\"https:\\\/\\\/shop.bantam.ch\\\/fr\\\/#\\\/schema\\\/logo\\\/image\\\/\"}}]}<\/script>\n<!-- \/ Yoast SEO plugin. -->","yoast_head_json":{"title":"Legend\u00e4re Trips mit dem Van in Europa, Lonely Planet - Bantam","robots":{"index":"index","follow":"follow","max-snippet":"max-snippet:-1","max-image-preview":"max-image-preview:large","max-video-preview":"max-video-preview:-1"},"canonical":"https:\/\/shop.bantam.ch\/fr\/produit\/legendare-trips-mit-dem-van-in-europa-lonely-planet\/","og_locale":"fr_FR","og_type":"article","og_title":"Legend\u00e4re Trips mit dem Van in Europa, Lonely Planet - Bantam","og_description":"Les 50 plus belles routes de l&rsquo;Andalousie \u00e0 Chypre : Des Asturies \u00e0 la Galice. \u00c0 travers la Suisse, de lac en lac. Explorer le Pays de Galles. Road trip \u00e0 travers le sud de la Pologne. Circuit d\u00e9couverte des pays baltes. De Rome aux Cinque Terre. Tour tranquille \u00e0 travers la Hollande. La route [&hellip;]","og_url":"https:\/\/shop.bantam.ch\/fr\/produit\/legendare-trips-mit-dem-van-in-europa-lonely-planet\/","og_site_name":"Bantam","article_modified_time":"2026-05-11T21:42:21+00:00","twitter_card":"summary_large_image","schema":{"@context":"https:\/\/schema.org","@graph":[{"@type":"WebPage","@id":"https:\/\/shop.bantam.ch\/fr\/produit\/legendare-trips-mit-dem-van-in-europa-lonely-planet\/","url":"https:\/\/shop.bantam.ch\/fr\/produit\/legendare-trips-mit-dem-van-in-europa-lonely-planet\/","name":"Legend\u00e4re Trips mit dem Van in Europa, Lonely Planet - Bantam","isPartOf":{"@id":"https:\/\/shop.bantam.ch\/fr\/#website"},"primaryImageOfPage":{"@id":"https:\/\/shop.bantam.ch\/fr\/produit\/legendare-trips-mit-dem-van-in-europa-lonely-planet\/#primaryimage"},"image":{"@id":"https:\/\/shop.bantam.ch\/fr\/produit\/legendare-trips-mit-dem-van-in-europa-lonely-planet\/#primaryimage"},"thumbnailUrl":"https:\/\/shop.bantam.ch\/wp-content\/uploads\/2025\/12\/Movera-L-9962100100.jpg","datePublished":"2025-12-17T15:33:05+00:00","dateModified":"2026-05-11T21:42:21+00:00","breadcrumb":{"@id":"https:\/\/shop.bantam.ch\/fr\/produit\/legendare-trips-mit-dem-van-in-europa-lonely-planet\/#breadcrumb"},"inLanguage":"fr-FR","potentialAction":[{"@type":"ReadAction","target":["https:\/\/shop.bantam.ch\/fr\/produit\/legendare-trips-mit-dem-van-in-europa-lonely-planet\/"]}]},{"@type":"ImageObject","inLanguage":"fr-FR","@id":"https:\/\/shop.bantam.ch\/fr\/produit\/legendare-trips-mit-dem-van-in-europa-lonely-planet\/#primaryimage","url":"https:\/\/shop.bantam.ch\/wp-content\/uploads\/2025\/12\/Movera-L-9962100100.jpg","contentUrl":"https:\/\/shop.bantam.ch\/wp-content\/uploads\/2025\/12\/Movera-L-9962100100.jpg","width":640,"height":822},{"@type":"BreadcrumbList","@id":"https:\/\/shop.bantam.ch\/fr\/produit\/legendare-trips-mit-dem-van-in-europa-lonely-planet\/#breadcrumb","itemListElement":[{"@type":"ListItem","position":1,"name":"Accueil","item":"https:\/\/shop.bantam.ch\/fr\/"},{"@type":"ListItem","position":2,"name":"Boutique","item":"https:\/\/shop.bantam.ch\/fr\/boutique\/"},{"@type":"ListItem","position":3,"name":"Legend\u00e4re Trips mit dem Van in Europa, Lonely Planet"}]},{"@type":"WebSite","@id":"https:\/\/shop.bantam.ch\/fr\/#website","url":"https:\/\/shop.bantam.ch\/fr\/","name":"Bantam","description":"","publisher":{"@id":"https:\/\/shop.bantam.ch\/fr\/#organization"},"inLanguage":"fr-FR"},{"@type":"Organization","@id":"https:\/\/shop.bantam.ch\/fr\/#organization","name":"Bantam","url":"https:\/\/shop.bantam.ch\/fr\/","logo":{"@type":"ImageObject","inLanguage":"fr-FR","@id":"https:\/\/shop.bantam.ch\/fr\/#\/schema\/logo\/image\/","url":"https:\/\/shop.bantam.ch\/wp-content\/uploads\/2022\/12\/bantam-logo.png","contentUrl":"https:\/\/shop.bantam.ch\/wp-content\/uploads\/2022\/12\/bantam-logo.png","width":320,"height":71,"caption":"Bantam"},"image":{"@id":"https:\/\/shop.bantam.ch\/fr\/#\/schema\/logo\/image\/"}}]}},"_links":{"self":[{"href":"https:\/\/shop.bantam.ch\/fr\/wp-json\/wp\/v2\/product\/226669","targetHints":{"allow":["GET"]}}],"collection":[{"href":"https:\/\/shop.bantam.ch\/fr\/wp-json\/wp\/v2\/product"}],"about":[{"href":"https:\/\/shop.bantam.ch\/fr\/wp-json\/wp\/v2\/types\/product"}],"wp:featuredmedia":[{"embeddable":true,"href":"https:\/\/shop.bantam.ch\/fr\/wp-json\/wp\/v2\/media\/226667"}],"wp:attachment":[{"href":"https:\/\/shop.bantam.ch\/fr\/wp-json\/wp\/v2\/media?parent=226669"}],"wp:term":[{"taxonomy":"product_featured_cat","embeddable":true,"href":"https:\/\/shop.bantam.ch\/fr\/wp-json\/wp\/v2\/product_featured_cat?post=226669"},{"taxonomy":"product_brand","embeddable":true,"href":"https:\/\/shop.bantam.ch\/fr\/wp-json\/wp\/v2\/product_brand?post=226669"},{"taxonomy":"product_cat","embeddable":true,"href":"https:\/\/shop.bantam.ch\/fr\/wp-json\/wp\/v2\/product_cat?post=226669"},{"taxonomy":"product_tag","embeddable":true,"href":"https:\/\/shop.bantam.ch\/fr\/wp-json\/wp\/v2\/product_tag?post=226669"}],"curies":[{"name":"wp","href":"https:\/\/api.w.org\/{rel}","templated":true}]}}