{"id":226641,"date":"2025-12-17T16:32:39","date_gmt":"2025-12-17T15:32:39","guid":{"rendered":"https:\/\/shop.bantam.ch\/produit\/barre-de-son-alden-bluetooth\/"},"modified":"2026-04-19T23:51:48","modified_gmt":"2026-04-19T21:51:48","slug":"barre-de-son-alden-bluetooth","status":"publish","type":"product","link":"https:\/\/shop.bantam.ch\/fr\/produit\/barre-de-son-alden-bluetooth\/","title":{"rendered":"Barre de son Alden Bluetooth"},"content":{"rendered":"<p>La barre de son Stereo I-Sound HD permet une qualit\u00e9 sonore brillante et offre davantage de sonorit\u00e9s lors des soir\u00e9es t\u00e9l\u00e9 d\u00e9tendues. La construction compacte et l\u2019excellent rapport qualit\u00e9-prix rendent le haut-parleur tr\u00e8s attirant pour un usage mobile. Le design moderne convient quasiment \u00e0 tout environnement de camping-car. Id\u00e9al pour les TV ALDEN, mais convient aussi aux fournisseurs tiers.\u00a0D\u00e9sormais, les appareils TV en camping-car se r\u00e9v\u00e8lent \u00eatre des appareils high-tech avec un design plat et compact. La construction sur peu d\u2019espace a pour cons\u00e9quence que les haut-parleurs deviennent de plus en plus petits, en raison d\u2019\u00e9conomies pour ce qui est du bo\u00eetier, et \u00e0 cause du volume amoindri, c\u2019est non seulement la qualit\u00e9 audio qui souffre, mais aussi la sonorit\u00e9 g\u00e9n\u00e9rale. La barre de son st\u00e9r\u00e9o HD I-Sound offre la solution.<\/p>\n","protected":false},"excerpt":{"rendered":"<p>La barre de son Stereo I-Sound HD permet une qualit\u00e9 sonore brillante et offre davantage de sonorit\u00e9s lors des soir\u00e9es t\u00e9l\u00e9 d\u00e9tendues. La construction compacte et l\u2019excellent rapport qualit\u00e9-prix rendent le haut-parleur tr\u00e8s attirant pour un usage mobile. Le design moderne convient quasiment \u00e0 tout environnement de camping-car. Id\u00e9al pour les TV ALDEN, mais convient [&hellip;]<\/p>\n","protected":false},"featured_media":226635,"template":"","meta":{"_acf_changed":false},"product_featured_cat":[],"product_brand":[],"product_cat":[4497],"product_tag":[],"class_list":{"0":"post-226641","1":"product","2":"type-product","3":"status-publish","4":"has-post-thumbnail","6":"product_cat-barres-de-son","8":"first","9":"instock","10":"taxable","11":"shipping-taxable","12":"purchasable","13":"product-type-simple"},"acf":[],"yoast_head":"<!-- This site is optimized with the Yoast SEO plugin v27.4 - https:\/\/yoast.com\/product\/yoast-seo-wordpress\/ -->\n<title>Barre de son Alden Bluetooth - Bantam Wankm\u00fcller SA<\/title>\n<meta name=\"robots\" content=\"index, follow, max-snippet:-1, max-image-preview:large, max-video-preview:-1\" \/>\n<link rel=\"canonical\" href=\"https:\/\/shop.bantam.ch\/fr\/produit\/barre-de-son-alden-bluetooth\/\" \/>\n<meta property=\"og:locale\" content=\"fr_FR\" \/>\n<meta property=\"og:type\" content=\"article\" \/>\n<meta property=\"og:title\" content=\"Barre de son Alden Bluetooth - Bantam Wankm\u00fcller SA\" \/>\n<meta property=\"og:description\" content=\"La barre de son Stereo I-Sound HD permet une qualit\u00e9 sonore brillante et offre davantage de sonorit\u00e9s lors des soir\u00e9es t\u00e9l\u00e9 d\u00e9tendues. La construction compacte et l\u2019excellent rapport qualit\u00e9-prix rendent le haut-parleur tr\u00e8s attirant pour un usage mobile. Le design moderne convient quasiment \u00e0 tout environnement de camping-car. Id\u00e9al pour les TV ALDEN, mais convient [&hellip;]\" \/>\n<meta property=\"og:url\" content=\"https:\/\/shop.bantam.ch\/fr\/produit\/barre-de-son-alden-bluetooth\/\" \/>\n<meta property=\"og:site_name\" content=\"Bantam Wankm\u00fcller SA\" \/>\n<meta property=\"article:modified_time\" content=\"2026-04-19T21:51:48+00:00\" \/>\n<meta name=\"twitter:card\" content=\"summary_large_image\" \/>\n<meta name=\"twitter:label1\" content=\"Dur\u00e9e de lecture estim\u00e9e\" \/>\n\t<meta name=\"twitter:data1\" content=\"1 minute\" \/>\n<script type=\"application\/ld+json\" class=\"yoast-schema-graph\">{\"@context\":\"https:\\\/\\\/schema.org\",\"@graph\":[{\"@type\":\"WebPage\",\"@id\":\"https:\\\/\\\/shop.bantam.ch\\\/fr\\\/produit\\\/barre-de-son-alden-bluetooth\\\/\",\"url\":\"https:\\\/\\\/shop.bantam.ch\\\/fr\\\/produit\\\/barre-de-son-alden-bluetooth\\\/\",\"name\":\"Barre de son Alden Bluetooth - Bantam Wankm\u00fcller SA\",\"isPartOf\":{\"@id\":\"https:\\\/\\\/shop.bantam.ch\\\/fr\\\/#website\"},\"primaryImageOfPage\":{\"@id\":\"https:\\\/\\\/shop.bantam.ch\\\/fr\\\/produit\\\/barre-de-son-alden-bluetooth\\\/#primaryimage\"},\"image\":{\"@id\":\"https:\\\/\\\/shop.bantam.ch\\\/fr\\\/produit\\\/barre-de-son-alden-bluetooth\\\/#primaryimage\"},\"thumbnailUrl\":\"https:\\\/\\\/shop.bantam.ch\\\/wp-content\\\/uploads\\\/2025\\\/12\\\/Movera-L-9961345100.jpg\",\"datePublished\":\"2025-12-17T15:32:39+00:00\",\"dateModified\":\"2026-04-19T21:51:48+00:00\",\"breadcrumb\":{\"@id\":\"https:\\\/\\\/shop.bantam.ch\\\/fr\\\/produit\\\/barre-de-son-alden-bluetooth\\\/#breadcrumb\"},\"inLanguage\":\"fr-FR\",\"potentialAction\":[{\"@type\":\"ReadAction\",\"target\":[\"https:\\\/\\\/shop.bantam.ch\\\/fr\\\/produit\\\/barre-de-son-alden-bluetooth\\\/\"]}]},{\"@type\":\"ImageObject\",\"inLanguage\":\"fr-FR\",\"@id\":\"https:\\\/\\\/shop.bantam.ch\\\/fr\\\/produit\\\/barre-de-son-alden-bluetooth\\\/#primaryimage\",\"url\":\"https:\\\/\\\/shop.bantam.ch\\\/wp-content\\\/uploads\\\/2025\\\/12\\\/Movera-L-9961345100.jpg\",\"contentUrl\":\"https:\\\/\\\/shop.bantam.ch\\\/wp-content\\\/uploads\\\/2025\\\/12\\\/Movera-L-9961345100.jpg\",\"width\":640,\"height\":232},{\"@type\":\"BreadcrumbList\",\"@id\":\"https:\\\/\\\/shop.bantam.ch\\\/fr\\\/produit\\\/barre-de-son-alden-bluetooth\\\/#breadcrumb\",\"itemListElement\":[{\"@type\":\"ListItem\",\"position\":1,\"name\":\"Accueil\",\"item\":\"https:\\\/\\\/shop.bantam.ch\\\/fr\\\/\"},{\"@type\":\"ListItem\",\"position\":2,\"name\":\"Boutique\",\"item\":\"https:\\\/\\\/shop.bantam.ch\\\/fr\\\/boutique\\\/\"},{\"@type\":\"ListItem\",\"position\":3,\"name\":\"Barre de son Alden Bluetooth\"}]},{\"@type\":\"WebSite\",\"@id\":\"https:\\\/\\\/shop.bantam.ch\\\/fr\\\/#website\",\"url\":\"https:\\\/\\\/shop.bantam.ch\\\/fr\\\/\",\"name\":\"Bantam Wankm\u00fcller SA\",\"description\":\"\",\"publisher\":{\"@id\":\"https:\\\/\\\/shop.bantam.ch\\\/fr\\\/#organization\"},\"inLanguage\":\"fr-FR\"},{\"@type\":\"Organization\",\"@id\":\"https:\\\/\\\/shop.bantam.ch\\\/fr\\\/#organization\",\"name\":\"Bantam Wankm\u00fcller SA\",\"url\":\"https:\\\/\\\/shop.bantam.ch\\\/fr\\\/\",\"logo\":{\"@type\":\"ImageObject\",\"inLanguage\":\"fr-FR\",\"@id\":\"https:\\\/\\\/shop.bantam.ch\\\/fr\\\/#\\\/schema\\\/logo\\\/image\\\/\",\"url\":\"https:\\\/\\\/shop.bantam.ch\\\/wp-content\\\/uploads\\\/2022\\\/12\\\/bantam-logo.png\",\"contentUrl\":\"https:\\\/\\\/shop.bantam.ch\\\/wp-content\\\/uploads\\\/2022\\\/12\\\/bantam-logo.png\",\"width\":320,\"height\":71,\"caption\":\"Bantam Wankm\u00fcller SA\"},\"image\":{\"@id\":\"https:\\\/\\\/shop.bantam.ch\\\/fr\\\/#\\\/schema\\\/logo\\\/image\\\/\"}}]}<\/script>\n<!-- \/ Yoast SEO plugin. -->","yoast_head_json":{"title":"Barre de son Alden Bluetooth - Bantam Wankm\u00fcller SA","robots":{"index":"index","follow":"follow","max-snippet":"max-snippet:-1","max-image-preview":"max-image-preview:large","max-video-preview":"max-video-preview:-1"},"canonical":"https:\/\/shop.bantam.ch\/fr\/produit\/barre-de-son-alden-bluetooth\/","og_locale":"fr_FR","og_type":"article","og_title":"Barre de son Alden Bluetooth - Bantam Wankm\u00fcller SA","og_description":"La barre de son Stereo I-Sound HD permet une qualit\u00e9 sonore brillante et offre davantage de sonorit\u00e9s lors des soir\u00e9es t\u00e9l\u00e9 d\u00e9tendues. La construction compacte et l\u2019excellent rapport qualit\u00e9-prix rendent le haut-parleur tr\u00e8s attirant pour un usage mobile. Le design moderne convient quasiment \u00e0 tout environnement de camping-car. Id\u00e9al pour les TV ALDEN, mais convient [&hellip;]","og_url":"https:\/\/shop.bantam.ch\/fr\/produit\/barre-de-son-alden-bluetooth\/","og_site_name":"Bantam Wankm\u00fcller SA","article_modified_time":"2026-04-19T21:51:48+00:00","twitter_card":"summary_large_image","twitter_misc":{"Dur\u00e9e de lecture estim\u00e9e":"1 minute"},"schema":{"@context":"https:\/\/schema.org","@graph":[{"@type":"WebPage","@id":"https:\/\/shop.bantam.ch\/fr\/produit\/barre-de-son-alden-bluetooth\/","url":"https:\/\/shop.bantam.ch\/fr\/produit\/barre-de-son-alden-bluetooth\/","name":"Barre de son Alden Bluetooth - Bantam Wankm\u00fcller SA","isPartOf":{"@id":"https:\/\/shop.bantam.ch\/fr\/#website"},"primaryImageOfPage":{"@id":"https:\/\/shop.bantam.ch\/fr\/produit\/barre-de-son-alden-bluetooth\/#primaryimage"},"image":{"@id":"https:\/\/shop.bantam.ch\/fr\/produit\/barre-de-son-alden-bluetooth\/#primaryimage"},"thumbnailUrl":"https:\/\/shop.bantam.ch\/wp-content\/uploads\/2025\/12\/Movera-L-9961345100.jpg","datePublished":"2025-12-17T15:32:39+00:00","dateModified":"2026-04-19T21:51:48+00:00","breadcrumb":{"@id":"https:\/\/shop.bantam.ch\/fr\/produit\/barre-de-son-alden-bluetooth\/#breadcrumb"},"inLanguage":"fr-FR","potentialAction":[{"@type":"ReadAction","target":["https:\/\/shop.bantam.ch\/fr\/produit\/barre-de-son-alden-bluetooth\/"]}]},{"@type":"ImageObject","inLanguage":"fr-FR","@id":"https:\/\/shop.bantam.ch\/fr\/produit\/barre-de-son-alden-bluetooth\/#primaryimage","url":"https:\/\/shop.bantam.ch\/wp-content\/uploads\/2025\/12\/Movera-L-9961345100.jpg","contentUrl":"https:\/\/shop.bantam.ch\/wp-content\/uploads\/2025\/12\/Movera-L-9961345100.jpg","width":640,"height":232},{"@type":"BreadcrumbList","@id":"https:\/\/shop.bantam.ch\/fr\/produit\/barre-de-son-alden-bluetooth\/#breadcrumb","itemListElement":[{"@type":"ListItem","position":1,"name":"Accueil","item":"https:\/\/shop.bantam.ch\/fr\/"},{"@type":"ListItem","position":2,"name":"Boutique","item":"https:\/\/shop.bantam.ch\/fr\/boutique\/"},{"@type":"ListItem","position":3,"name":"Barre de son Alden Bluetooth"}]},{"@type":"WebSite","@id":"https:\/\/shop.bantam.ch\/fr\/#website","url":"https:\/\/shop.bantam.ch\/fr\/","name":"Bantam Wankm\u00fcller SA","description":"","publisher":{"@id":"https:\/\/shop.bantam.ch\/fr\/#organization"},"inLanguage":"fr-FR"},{"@type":"Organization","@id":"https:\/\/shop.bantam.ch\/fr\/#organization","name":"Bantam Wankm\u00fcller SA","url":"https:\/\/shop.bantam.ch\/fr\/","logo":{"@type":"ImageObject","inLanguage":"fr-FR","@id":"https:\/\/shop.bantam.ch\/fr\/#\/schema\/logo\/image\/","url":"https:\/\/shop.bantam.ch\/wp-content\/uploads\/2022\/12\/bantam-logo.png","contentUrl":"https:\/\/shop.bantam.ch\/wp-content\/uploads\/2022\/12\/bantam-logo.png","width":320,"height":71,"caption":"Bantam Wankm\u00fcller SA"},"image":{"@id":"https:\/\/shop.bantam.ch\/fr\/#\/schema\/logo\/image\/"}}]}},"_links":{"self":[{"href":"https:\/\/shop.bantam.ch\/fr\/wp-json\/wp\/v2\/product\/226641","targetHints":{"allow":["GET"]}}],"collection":[{"href":"https:\/\/shop.bantam.ch\/fr\/wp-json\/wp\/v2\/product"}],"about":[{"href":"https:\/\/shop.bantam.ch\/fr\/wp-json\/wp\/v2\/types\/product"}],"wp:featuredmedia":[{"embeddable":true,"href":"https:\/\/shop.bantam.ch\/fr\/wp-json\/wp\/v2\/media\/226635"}],"wp:attachment":[{"href":"https:\/\/shop.bantam.ch\/fr\/wp-json\/wp\/v2\/media?parent=226641"}],"wp:term":[{"taxonomy":"product_featured_cat","embeddable":true,"href":"https:\/\/shop.bantam.ch\/fr\/wp-json\/wp\/v2\/product_featured_cat?post=226641"},{"taxonomy":"product_brand","embeddable":true,"href":"https:\/\/shop.bantam.ch\/fr\/wp-json\/wp\/v2\/product_brand?post=226641"},{"taxonomy":"product_cat","embeddable":true,"href":"https:\/\/shop.bantam.ch\/fr\/wp-json\/wp\/v2\/product_cat?post=226641"},{"taxonomy":"product_tag","embeddable":true,"href":"https:\/\/shop.bantam.ch\/fr\/wp-json\/wp\/v2\/product_tag?post=226641"}],"curies":[{"name":"wp","href":"https:\/\/api.w.org\/{rel}","templated":true}]}}