{"id":226633,"date":"2025-12-17T16:32:31","date_gmt":"2025-12-17T15:32:31","guid":{"rendered":"https:\/\/shop.bantam.ch\/produit\/four-thetford-triplex-plus-2\/"},"modified":"2026-04-23T23:45:48","modified_gmt":"2026-04-23T21:45:48","slug":"four-thetford-triplex-plus-2","status":"publish","type":"product","link":"https:\/\/shop.bantam.ch\/fr\/produit\/four-thetford-triplex-plus-2\/","title":{"rendered":"Four THETFORD Triplex Plus"},"content":{"rendered":"<p>La cuisini\u00e8re Triplex Plus est une version agrandie du tr\u00e8s populaire mod\u00e8le Triplex. Il dispose d\u2019une chambre de cuisson polyvalente \u00e9quip\u00e9e d\u2019un four et d\u2019un gril. La table de cuisson Triplex Plus offre une combinaison de plaque de cuisson \u00e9lectrique et de trois foyers au gaz. Avec le Triplex Plus, vous disposez de davantage de possibilit\u00e9s de cuisson.<\/p>\n<ul>\n<li>Version Dual-Fuel<\/li>\n<li>Br\u00fbleur gaz : 2 x 1,5 kW<\/li>\n<li>Zone de cuisson : 1 x 1,0 kW<\/li>\n<li>Plaque de cuisson : 800 W<\/li>\n<li>Grill br\u00fbleur gaz : 1,6 kW<\/li>\n<li>Four br\u00fbleur gaz : 1,6 kW<\/li>\n<li>Dimensions\u00a0: 51,3 cm x 46,8 cm x 50 cm (l x h x p)<\/li>\n<li>Dimension de montage : 46,3 cm x 49,6 cm, 49,3 cm (l x h x p)<\/li>\n<\/ul>\n","protected":false},"excerpt":{"rendered":"<p>La cuisini\u00e8re Triplex Plus est une version agrandie du tr\u00e8s populaire mod\u00e8le Triplex. Il dispose d\u2019une chambre de cuisson polyvalente \u00e9quip\u00e9e d\u2019un four et d\u2019un gril. La table de cuisson Triplex Plus offre une combinaison de plaque de cuisson \u00e9lectrique et de trois foyers au gaz. Avec le Triplex Plus, vous disposez de davantage de [&hellip;]<\/p>\n","protected":false},"featured_media":226631,"template":"","meta":{"_acf_changed":false},"product_featured_cat":[],"product_brand":[],"product_cat":[3995],"product_tag":[],"class_list":{"0":"post-226633","1":"product","2":"type-product","3":"status-publish","4":"has-post-thumbnail","6":"product_cat-fours-et-cuisinieres-a-gaz","8":"first","9":"instock","10":"taxable","11":"shipping-taxable","12":"purchasable","13":"product-type-simple"},"acf":[],"yoast_head":"<!-- This site is optimized with the Yoast SEO plugin v27.4 - https:\/\/yoast.com\/product\/yoast-seo-wordpress\/ -->\n<title>Four THETFORD Triplex Plus - Bantam Wankm\u00fcller SA<\/title>\n<meta name=\"robots\" content=\"index, follow, max-snippet:-1, max-image-preview:large, max-video-preview:-1\" \/>\n<link rel=\"canonical\" href=\"https:\/\/shop.bantam.ch\/fr\/produit\/four-thetford-triplex-plus-2\/\" \/>\n<meta property=\"og:locale\" content=\"fr_FR\" \/>\n<meta property=\"og:type\" content=\"article\" \/>\n<meta property=\"og:title\" content=\"Four THETFORD Triplex Plus - Bantam Wankm\u00fcller SA\" \/>\n<meta property=\"og:description\" content=\"La cuisini\u00e8re Triplex Plus est une version agrandie du tr\u00e8s populaire mod\u00e8le Triplex. Il dispose d\u2019une chambre de cuisson polyvalente \u00e9quip\u00e9e d\u2019un four et d\u2019un gril. La table de cuisson Triplex Plus offre une combinaison de plaque de cuisson \u00e9lectrique et de trois foyers au gaz. Avec le Triplex Plus, vous disposez de davantage de [&hellip;]\" \/>\n<meta property=\"og:url\" content=\"https:\/\/shop.bantam.ch\/fr\/produit\/four-thetford-triplex-plus-2\/\" \/>\n<meta property=\"og:site_name\" content=\"Bantam Wankm\u00fcller SA\" \/>\n<meta property=\"article:modified_time\" content=\"2026-04-23T21:45:48+00:00\" \/>\n<meta name=\"twitter:card\" content=\"summary_large_image\" \/>\n<meta name=\"twitter:label1\" content=\"Dur\u00e9e de lecture estim\u00e9e\" \/>\n\t<meta name=\"twitter:data1\" content=\"1 minute\" \/>\n<script type=\"application\/ld+json\" class=\"yoast-schema-graph\">{\"@context\":\"https:\\\/\\\/schema.org\",\"@graph\":[{\"@type\":\"WebPage\",\"@id\":\"https:\\\/\\\/shop.bantam.ch\\\/fr\\\/produit\\\/four-thetford-triplex-plus-2\\\/\",\"url\":\"https:\\\/\\\/shop.bantam.ch\\\/fr\\\/produit\\\/four-thetford-triplex-plus-2\\\/\",\"name\":\"Four THETFORD Triplex Plus - Bantam Wankm\u00fcller SA\",\"isPartOf\":{\"@id\":\"https:\\\/\\\/shop.bantam.ch\\\/fr\\\/#website\"},\"primaryImageOfPage\":{\"@id\":\"https:\\\/\\\/shop.bantam.ch\\\/fr\\\/produit\\\/four-thetford-triplex-plus-2\\\/#primaryimage\"},\"image\":{\"@id\":\"https:\\\/\\\/shop.bantam.ch\\\/fr\\\/produit\\\/four-thetford-triplex-plus-2\\\/#primaryimage\"},\"thumbnailUrl\":\"https:\\\/\\\/shop.bantam.ch\\\/wp-content\\\/uploads\\\/2025\\\/12\\\/Movera-L-9961242100.jpg\",\"datePublished\":\"2025-12-17T15:32:31+00:00\",\"dateModified\":\"2026-04-23T21:45:48+00:00\",\"breadcrumb\":{\"@id\":\"https:\\\/\\\/shop.bantam.ch\\\/fr\\\/produit\\\/four-thetford-triplex-plus-2\\\/#breadcrumb\"},\"inLanguage\":\"fr-FR\",\"potentialAction\":[{\"@type\":\"ReadAction\",\"target\":[\"https:\\\/\\\/shop.bantam.ch\\\/fr\\\/produit\\\/four-thetford-triplex-plus-2\\\/\"]}]},{\"@type\":\"ImageObject\",\"inLanguage\":\"fr-FR\",\"@id\":\"https:\\\/\\\/shop.bantam.ch\\\/fr\\\/produit\\\/four-thetford-triplex-plus-2\\\/#primaryimage\",\"url\":\"https:\\\/\\\/shop.bantam.ch\\\/wp-content\\\/uploads\\\/2025\\\/12\\\/Movera-L-9961242100.jpg\",\"contentUrl\":\"https:\\\/\\\/shop.bantam.ch\\\/wp-content\\\/uploads\\\/2025\\\/12\\\/Movera-L-9961242100.jpg\",\"width\":640,\"height\":1043},{\"@type\":\"BreadcrumbList\",\"@id\":\"https:\\\/\\\/shop.bantam.ch\\\/fr\\\/produit\\\/four-thetford-triplex-plus-2\\\/#breadcrumb\",\"itemListElement\":[{\"@type\":\"ListItem\",\"position\":1,\"name\":\"Accueil\",\"item\":\"https:\\\/\\\/shop.bantam.ch\\\/fr\\\/\"},{\"@type\":\"ListItem\",\"position\":2,\"name\":\"Boutique\",\"item\":\"https:\\\/\\\/shop.bantam.ch\\\/fr\\\/boutique\\\/\"},{\"@type\":\"ListItem\",\"position\":3,\"name\":\"Four THETFORD Triplex Plus\"}]},{\"@type\":\"WebSite\",\"@id\":\"https:\\\/\\\/shop.bantam.ch\\\/fr\\\/#website\",\"url\":\"https:\\\/\\\/shop.bantam.ch\\\/fr\\\/\",\"name\":\"Bantam Wankm\u00fcller SA\",\"description\":\"\",\"publisher\":{\"@id\":\"https:\\\/\\\/shop.bantam.ch\\\/fr\\\/#organization\"},\"inLanguage\":\"fr-FR\"},{\"@type\":\"Organization\",\"@id\":\"https:\\\/\\\/shop.bantam.ch\\\/fr\\\/#organization\",\"name\":\"Bantam Wankm\u00fcller SA\",\"url\":\"https:\\\/\\\/shop.bantam.ch\\\/fr\\\/\",\"logo\":{\"@type\":\"ImageObject\",\"inLanguage\":\"fr-FR\",\"@id\":\"https:\\\/\\\/shop.bantam.ch\\\/fr\\\/#\\\/schema\\\/logo\\\/image\\\/\",\"url\":\"https:\\\/\\\/shop.bantam.ch\\\/wp-content\\\/uploads\\\/2022\\\/12\\\/bantam-logo.png\",\"contentUrl\":\"https:\\\/\\\/shop.bantam.ch\\\/wp-content\\\/uploads\\\/2022\\\/12\\\/bantam-logo.png\",\"width\":320,\"height\":71,\"caption\":\"Bantam Wankm\u00fcller SA\"},\"image\":{\"@id\":\"https:\\\/\\\/shop.bantam.ch\\\/fr\\\/#\\\/schema\\\/logo\\\/image\\\/\"}}]}<\/script>\n<!-- \/ Yoast SEO plugin. -->","yoast_head_json":{"title":"Four THETFORD Triplex Plus - Bantam Wankm\u00fcller SA","robots":{"index":"index","follow":"follow","max-snippet":"max-snippet:-1","max-image-preview":"max-image-preview:large","max-video-preview":"max-video-preview:-1"},"canonical":"https:\/\/shop.bantam.ch\/fr\/produit\/four-thetford-triplex-plus-2\/","og_locale":"fr_FR","og_type":"article","og_title":"Four THETFORD Triplex Plus - Bantam Wankm\u00fcller SA","og_description":"La cuisini\u00e8re Triplex Plus est une version agrandie du tr\u00e8s populaire mod\u00e8le Triplex. Il dispose d\u2019une chambre de cuisson polyvalente \u00e9quip\u00e9e d\u2019un four et d\u2019un gril. La table de cuisson Triplex Plus offre une combinaison de plaque de cuisson \u00e9lectrique et de trois foyers au gaz. Avec le Triplex Plus, vous disposez de davantage de [&hellip;]","og_url":"https:\/\/shop.bantam.ch\/fr\/produit\/four-thetford-triplex-plus-2\/","og_site_name":"Bantam Wankm\u00fcller SA","article_modified_time":"2026-04-23T21:45:48+00:00","twitter_card":"summary_large_image","twitter_misc":{"Dur\u00e9e de lecture estim\u00e9e":"1 minute"},"schema":{"@context":"https:\/\/schema.org","@graph":[{"@type":"WebPage","@id":"https:\/\/shop.bantam.ch\/fr\/produit\/four-thetford-triplex-plus-2\/","url":"https:\/\/shop.bantam.ch\/fr\/produit\/four-thetford-triplex-plus-2\/","name":"Four THETFORD Triplex Plus - Bantam Wankm\u00fcller SA","isPartOf":{"@id":"https:\/\/shop.bantam.ch\/fr\/#website"},"primaryImageOfPage":{"@id":"https:\/\/shop.bantam.ch\/fr\/produit\/four-thetford-triplex-plus-2\/#primaryimage"},"image":{"@id":"https:\/\/shop.bantam.ch\/fr\/produit\/four-thetford-triplex-plus-2\/#primaryimage"},"thumbnailUrl":"https:\/\/shop.bantam.ch\/wp-content\/uploads\/2025\/12\/Movera-L-9961242100.jpg","datePublished":"2025-12-17T15:32:31+00:00","dateModified":"2026-04-23T21:45:48+00:00","breadcrumb":{"@id":"https:\/\/shop.bantam.ch\/fr\/produit\/four-thetford-triplex-plus-2\/#breadcrumb"},"inLanguage":"fr-FR","potentialAction":[{"@type":"ReadAction","target":["https:\/\/shop.bantam.ch\/fr\/produit\/four-thetford-triplex-plus-2\/"]}]},{"@type":"ImageObject","inLanguage":"fr-FR","@id":"https:\/\/shop.bantam.ch\/fr\/produit\/four-thetford-triplex-plus-2\/#primaryimage","url":"https:\/\/shop.bantam.ch\/wp-content\/uploads\/2025\/12\/Movera-L-9961242100.jpg","contentUrl":"https:\/\/shop.bantam.ch\/wp-content\/uploads\/2025\/12\/Movera-L-9961242100.jpg","width":640,"height":1043},{"@type":"BreadcrumbList","@id":"https:\/\/shop.bantam.ch\/fr\/produit\/four-thetford-triplex-plus-2\/#breadcrumb","itemListElement":[{"@type":"ListItem","position":1,"name":"Accueil","item":"https:\/\/shop.bantam.ch\/fr\/"},{"@type":"ListItem","position":2,"name":"Boutique","item":"https:\/\/shop.bantam.ch\/fr\/boutique\/"},{"@type":"ListItem","position":3,"name":"Four THETFORD Triplex Plus"}]},{"@type":"WebSite","@id":"https:\/\/shop.bantam.ch\/fr\/#website","url":"https:\/\/shop.bantam.ch\/fr\/","name":"Bantam Wankm\u00fcller SA","description":"","publisher":{"@id":"https:\/\/shop.bantam.ch\/fr\/#organization"},"inLanguage":"fr-FR"},{"@type":"Organization","@id":"https:\/\/shop.bantam.ch\/fr\/#organization","name":"Bantam Wankm\u00fcller SA","url":"https:\/\/shop.bantam.ch\/fr\/","logo":{"@type":"ImageObject","inLanguage":"fr-FR","@id":"https:\/\/shop.bantam.ch\/fr\/#\/schema\/logo\/image\/","url":"https:\/\/shop.bantam.ch\/wp-content\/uploads\/2022\/12\/bantam-logo.png","contentUrl":"https:\/\/shop.bantam.ch\/wp-content\/uploads\/2022\/12\/bantam-logo.png","width":320,"height":71,"caption":"Bantam Wankm\u00fcller SA"},"image":{"@id":"https:\/\/shop.bantam.ch\/fr\/#\/schema\/logo\/image\/"}}]}},"_links":{"self":[{"href":"https:\/\/shop.bantam.ch\/fr\/wp-json\/wp\/v2\/product\/226633","targetHints":{"allow":["GET"]}}],"collection":[{"href":"https:\/\/shop.bantam.ch\/fr\/wp-json\/wp\/v2\/product"}],"about":[{"href":"https:\/\/shop.bantam.ch\/fr\/wp-json\/wp\/v2\/types\/product"}],"wp:featuredmedia":[{"embeddable":true,"href":"https:\/\/shop.bantam.ch\/fr\/wp-json\/wp\/v2\/media\/226631"}],"wp:attachment":[{"href":"https:\/\/shop.bantam.ch\/fr\/wp-json\/wp\/v2\/media?parent=226633"}],"wp:term":[{"taxonomy":"product_featured_cat","embeddable":true,"href":"https:\/\/shop.bantam.ch\/fr\/wp-json\/wp\/v2\/product_featured_cat?post=226633"},{"taxonomy":"product_brand","embeddable":true,"href":"https:\/\/shop.bantam.ch\/fr\/wp-json\/wp\/v2\/product_brand?post=226633"},{"taxonomy":"product_cat","embeddable":true,"href":"https:\/\/shop.bantam.ch\/fr\/wp-json\/wp\/v2\/product_cat?post=226633"},{"taxonomy":"product_tag","embeddable":true,"href":"https:\/\/shop.bantam.ch\/fr\/wp-json\/wp\/v2\/product_tag?post=226633"}],"curies":[{"name":"wp","href":"https:\/\/api.w.org\/{rel}","templated":true}]}}