{"id":226545,"date":"2025-12-17T16:29:54","date_gmt":"2025-12-17T15:29:54","guid":{"rendered":"https:\/\/shop.bantam.ch\/produit\/d-actif-simulateur-buttner-elektronik\/"},"modified":"2026-04-17T23:44:15","modified_gmt":"2026-04-17T21:44:15","slug":"d-actif-simulateur-buttner-elektronik","status":"publish","type":"product","link":"https:\/\/shop.bantam.ch\/fr\/produit\/d-actif-simulateur-buttner-elektronik\/","title":{"rendered":"D + actif &#8211; simulateur B\u00dcTTNER ELEKTRONIK"},"content":{"rendered":"<p>Sur de nombreux v\u00e9hicules r\u00e9cents, il est difficile ou plus possible de capter un signal D+ directement \u00e0 partir de l&rsquo;alternateur. Ce signal de commutation D+ est cependant n\u00e9cessaire pour d\u00e9tecter le moteur en marche afin de mettre en service divers dispositifs suppl\u00e9mentaires. Pour les moteurs sans alternateur intelligent, cela fonctionne avec le simulateur D+, car il d\u00e9tecte la tension montante de la batterie de d\u00e9marrage et se met en marche. Pour les v\u00e9hicules avec alternateur intelligent, la plupart du temps avec EURO 6, cela n&rsquo;est possible qu&rsquo;avec le simulateur actif D+. Il est fix\u00e9 directement au moteur (jeu de c\u00e2bles ou similaire) \u00e0 l&rsquo;aide de serre-c\u00e2bles et d\u00e9clench\u00e9 par la vibration du moteur. Lorsque le moteur s&rsquo;arr\u00eate, le signal est automatiquement coup\u00e9. La temporisation est r\u00e9glable individuellement. La fonction est indiqu\u00e9e par une LED.<\/p>\n<p>Tension de service\u00a012V<\/p>\n<p>Tension de service\u00a0: 12 V\u00a0\/\u00a024 V <br \/>Courant de commutation : 0,3 A<\/p>\n","protected":false},"excerpt":{"rendered":"<p>Sur de nombreux v\u00e9hicules r\u00e9cents, il est difficile ou plus possible de capter un signal D+ directement \u00e0 partir de l&rsquo;alternateur. Ce signal de commutation D+ est cependant n\u00e9cessaire pour d\u00e9tecter le moteur en marche afin de mettre en service divers dispositifs suppl\u00e9mentaires. Pour les moteurs sans alternateur intelligent, cela fonctionne avec le simulateur D+, [&hellip;]<\/p>\n","protected":false},"featured_media":226543,"template":"","meta":{"_acf_changed":false},"product_featured_cat":[],"product_brand":[],"product_cat":[4907],"product_tag":[],"class_list":{"0":"post-226545","1":"product","2":"type-product","3":"status-publish","4":"has-post-thumbnail","6":"product_cat-accessoires-pour-batteries","8":"first","9":"instock","10":"taxable","11":"shipping-taxable","12":"purchasable","13":"product-type-simple"},"acf":[],"yoast_head":"<!-- This site is optimized with the Yoast SEO plugin v27.4 - https:\/\/yoast.com\/product\/yoast-seo-wordpress\/ -->\n<title>D + actif - simulateur B\u00dcTTNER ELEKTRONIK - Bantam Wankm\u00fcller SA<\/title>\n<meta name=\"robots\" content=\"index, follow, max-snippet:-1, max-image-preview:large, max-video-preview:-1\" \/>\n<link rel=\"canonical\" href=\"https:\/\/shop.bantam.ch\/fr\/produit\/d-actif-simulateur-buttner-elektronik\/\" \/>\n<meta property=\"og:locale\" content=\"fr_FR\" \/>\n<meta property=\"og:type\" content=\"article\" \/>\n<meta property=\"og:title\" content=\"D + actif - simulateur B\u00dcTTNER ELEKTRONIK - Bantam Wankm\u00fcller SA\" \/>\n<meta property=\"og:description\" content=\"Sur de nombreux v\u00e9hicules r\u00e9cents, il est difficile ou plus possible de capter un signal D+ directement \u00e0 partir de l&rsquo;alternateur. Ce signal de commutation D+ est cependant n\u00e9cessaire pour d\u00e9tecter le moteur en marche afin de mettre en service divers dispositifs suppl\u00e9mentaires. Pour les moteurs sans alternateur intelligent, cela fonctionne avec le simulateur D+, [&hellip;]\" \/>\n<meta property=\"og:url\" content=\"https:\/\/shop.bantam.ch\/fr\/produit\/d-actif-simulateur-buttner-elektronik\/\" \/>\n<meta property=\"og:site_name\" content=\"Bantam Wankm\u00fcller SA\" \/>\n<meta property=\"article:modified_time\" content=\"2026-04-17T21:44:15+00:00\" \/>\n<meta name=\"twitter:card\" content=\"summary_large_image\" \/>\n<meta name=\"twitter:label1\" content=\"Dur\u00e9e de lecture estim\u00e9e\" \/>\n\t<meta name=\"twitter:data1\" content=\"1 minute\" \/>\n<script type=\"application\/ld+json\" class=\"yoast-schema-graph\">{\"@context\":\"https:\\\/\\\/schema.org\",\"@graph\":[{\"@type\":\"WebPage\",\"@id\":\"https:\\\/\\\/shop.bantam.ch\\\/fr\\\/produit\\\/d-actif-simulateur-buttner-elektronik\\\/\",\"url\":\"https:\\\/\\\/shop.bantam.ch\\\/fr\\\/produit\\\/d-actif-simulateur-buttner-elektronik\\\/\",\"name\":\"D + actif - simulateur B\u00dcTTNER ELEKTRONIK - Bantam Wankm\u00fcller SA\",\"isPartOf\":{\"@id\":\"https:\\\/\\\/shop.bantam.ch\\\/fr\\\/#website\"},\"primaryImageOfPage\":{\"@id\":\"https:\\\/\\\/shop.bantam.ch\\\/fr\\\/produit\\\/d-actif-simulateur-buttner-elektronik\\\/#primaryimage\"},\"image\":{\"@id\":\"https:\\\/\\\/shop.bantam.ch\\\/fr\\\/produit\\\/d-actif-simulateur-buttner-elektronik\\\/#primaryimage\"},\"thumbnailUrl\":\"https:\\\/\\\/shop.bantam.ch\\\/wp-content\\\/uploads\\\/2025\\\/12\\\/Movera-L-9960603100.jpg\",\"datePublished\":\"2025-12-17T15:29:54+00:00\",\"dateModified\":\"2026-04-17T21:44:15+00:00\",\"breadcrumb\":{\"@id\":\"https:\\\/\\\/shop.bantam.ch\\\/fr\\\/produit\\\/d-actif-simulateur-buttner-elektronik\\\/#breadcrumb\"},\"inLanguage\":\"fr-FR\",\"potentialAction\":[{\"@type\":\"ReadAction\",\"target\":[\"https:\\\/\\\/shop.bantam.ch\\\/fr\\\/produit\\\/d-actif-simulateur-buttner-elektronik\\\/\"]}]},{\"@type\":\"ImageObject\",\"inLanguage\":\"fr-FR\",\"@id\":\"https:\\\/\\\/shop.bantam.ch\\\/fr\\\/produit\\\/d-actif-simulateur-buttner-elektronik\\\/#primaryimage\",\"url\":\"https:\\\/\\\/shop.bantam.ch\\\/wp-content\\\/uploads\\\/2025\\\/12\\\/Movera-L-9960603100.jpg\",\"contentUrl\":\"https:\\\/\\\/shop.bantam.ch\\\/wp-content\\\/uploads\\\/2025\\\/12\\\/Movera-L-9960603100.jpg\",\"width\":640,\"height\":474},{\"@type\":\"BreadcrumbList\",\"@id\":\"https:\\\/\\\/shop.bantam.ch\\\/fr\\\/produit\\\/d-actif-simulateur-buttner-elektronik\\\/#breadcrumb\",\"itemListElement\":[{\"@type\":\"ListItem\",\"position\":1,\"name\":\"Accueil\",\"item\":\"https:\\\/\\\/shop.bantam.ch\\\/fr\\\/\"},{\"@type\":\"ListItem\",\"position\":2,\"name\":\"Boutique\",\"item\":\"https:\\\/\\\/shop.bantam.ch\\\/fr\\\/boutique\\\/\"},{\"@type\":\"ListItem\",\"position\":3,\"name\":\"D + actif &#8211; simulateur B\u00dcTTNER ELEKTRONIK\"}]},{\"@type\":\"WebSite\",\"@id\":\"https:\\\/\\\/shop.bantam.ch\\\/fr\\\/#website\",\"url\":\"https:\\\/\\\/shop.bantam.ch\\\/fr\\\/\",\"name\":\"Bantam Wankm\u00fcller SA\",\"description\":\"\",\"publisher\":{\"@id\":\"https:\\\/\\\/shop.bantam.ch\\\/fr\\\/#organization\"},\"inLanguage\":\"fr-FR\"},{\"@type\":\"Organization\",\"@id\":\"https:\\\/\\\/shop.bantam.ch\\\/fr\\\/#organization\",\"name\":\"Bantam Wankm\u00fcller SA\",\"url\":\"https:\\\/\\\/shop.bantam.ch\\\/fr\\\/\",\"logo\":{\"@type\":\"ImageObject\",\"inLanguage\":\"fr-FR\",\"@id\":\"https:\\\/\\\/shop.bantam.ch\\\/fr\\\/#\\\/schema\\\/logo\\\/image\\\/\",\"url\":\"https:\\\/\\\/shop.bantam.ch\\\/wp-content\\\/uploads\\\/2022\\\/12\\\/bantam-logo.png\",\"contentUrl\":\"https:\\\/\\\/shop.bantam.ch\\\/wp-content\\\/uploads\\\/2022\\\/12\\\/bantam-logo.png\",\"width\":320,\"height\":71,\"caption\":\"Bantam Wankm\u00fcller SA\"},\"image\":{\"@id\":\"https:\\\/\\\/shop.bantam.ch\\\/fr\\\/#\\\/schema\\\/logo\\\/image\\\/\"}}]}<\/script>\n<!-- \/ Yoast SEO plugin. -->","yoast_head_json":{"title":"D + actif - simulateur B\u00dcTTNER ELEKTRONIK - Bantam Wankm\u00fcller SA","robots":{"index":"index","follow":"follow","max-snippet":"max-snippet:-1","max-image-preview":"max-image-preview:large","max-video-preview":"max-video-preview:-1"},"canonical":"https:\/\/shop.bantam.ch\/fr\/produit\/d-actif-simulateur-buttner-elektronik\/","og_locale":"fr_FR","og_type":"article","og_title":"D + actif - simulateur B\u00dcTTNER ELEKTRONIK - Bantam Wankm\u00fcller SA","og_description":"Sur de nombreux v\u00e9hicules r\u00e9cents, il est difficile ou plus possible de capter un signal D+ directement \u00e0 partir de l&rsquo;alternateur. Ce signal de commutation D+ est cependant n\u00e9cessaire pour d\u00e9tecter le moteur en marche afin de mettre en service divers dispositifs suppl\u00e9mentaires. Pour les moteurs sans alternateur intelligent, cela fonctionne avec le simulateur D+, [&hellip;]","og_url":"https:\/\/shop.bantam.ch\/fr\/produit\/d-actif-simulateur-buttner-elektronik\/","og_site_name":"Bantam Wankm\u00fcller SA","article_modified_time":"2026-04-17T21:44:15+00:00","twitter_card":"summary_large_image","twitter_misc":{"Dur\u00e9e de lecture estim\u00e9e":"1 minute"},"schema":{"@context":"https:\/\/schema.org","@graph":[{"@type":"WebPage","@id":"https:\/\/shop.bantam.ch\/fr\/produit\/d-actif-simulateur-buttner-elektronik\/","url":"https:\/\/shop.bantam.ch\/fr\/produit\/d-actif-simulateur-buttner-elektronik\/","name":"D + actif - simulateur B\u00dcTTNER ELEKTRONIK - Bantam Wankm\u00fcller SA","isPartOf":{"@id":"https:\/\/shop.bantam.ch\/fr\/#website"},"primaryImageOfPage":{"@id":"https:\/\/shop.bantam.ch\/fr\/produit\/d-actif-simulateur-buttner-elektronik\/#primaryimage"},"image":{"@id":"https:\/\/shop.bantam.ch\/fr\/produit\/d-actif-simulateur-buttner-elektronik\/#primaryimage"},"thumbnailUrl":"https:\/\/shop.bantam.ch\/wp-content\/uploads\/2025\/12\/Movera-L-9960603100.jpg","datePublished":"2025-12-17T15:29:54+00:00","dateModified":"2026-04-17T21:44:15+00:00","breadcrumb":{"@id":"https:\/\/shop.bantam.ch\/fr\/produit\/d-actif-simulateur-buttner-elektronik\/#breadcrumb"},"inLanguage":"fr-FR","potentialAction":[{"@type":"ReadAction","target":["https:\/\/shop.bantam.ch\/fr\/produit\/d-actif-simulateur-buttner-elektronik\/"]}]},{"@type":"ImageObject","inLanguage":"fr-FR","@id":"https:\/\/shop.bantam.ch\/fr\/produit\/d-actif-simulateur-buttner-elektronik\/#primaryimage","url":"https:\/\/shop.bantam.ch\/wp-content\/uploads\/2025\/12\/Movera-L-9960603100.jpg","contentUrl":"https:\/\/shop.bantam.ch\/wp-content\/uploads\/2025\/12\/Movera-L-9960603100.jpg","width":640,"height":474},{"@type":"BreadcrumbList","@id":"https:\/\/shop.bantam.ch\/fr\/produit\/d-actif-simulateur-buttner-elektronik\/#breadcrumb","itemListElement":[{"@type":"ListItem","position":1,"name":"Accueil","item":"https:\/\/shop.bantam.ch\/fr\/"},{"@type":"ListItem","position":2,"name":"Boutique","item":"https:\/\/shop.bantam.ch\/fr\/boutique\/"},{"@type":"ListItem","position":3,"name":"D + actif &#8211; simulateur B\u00dcTTNER ELEKTRONIK"}]},{"@type":"WebSite","@id":"https:\/\/shop.bantam.ch\/fr\/#website","url":"https:\/\/shop.bantam.ch\/fr\/","name":"Bantam Wankm\u00fcller SA","description":"","publisher":{"@id":"https:\/\/shop.bantam.ch\/fr\/#organization"},"inLanguage":"fr-FR"},{"@type":"Organization","@id":"https:\/\/shop.bantam.ch\/fr\/#organization","name":"Bantam Wankm\u00fcller SA","url":"https:\/\/shop.bantam.ch\/fr\/","logo":{"@type":"ImageObject","inLanguage":"fr-FR","@id":"https:\/\/shop.bantam.ch\/fr\/#\/schema\/logo\/image\/","url":"https:\/\/shop.bantam.ch\/wp-content\/uploads\/2022\/12\/bantam-logo.png","contentUrl":"https:\/\/shop.bantam.ch\/wp-content\/uploads\/2022\/12\/bantam-logo.png","width":320,"height":71,"caption":"Bantam Wankm\u00fcller SA"},"image":{"@id":"https:\/\/shop.bantam.ch\/fr\/#\/schema\/logo\/image\/"}}]}},"_links":{"self":[{"href":"https:\/\/shop.bantam.ch\/fr\/wp-json\/wp\/v2\/product\/226545","targetHints":{"allow":["GET"]}}],"collection":[{"href":"https:\/\/shop.bantam.ch\/fr\/wp-json\/wp\/v2\/product"}],"about":[{"href":"https:\/\/shop.bantam.ch\/fr\/wp-json\/wp\/v2\/types\/product"}],"wp:featuredmedia":[{"embeddable":true,"href":"https:\/\/shop.bantam.ch\/fr\/wp-json\/wp\/v2\/media\/226543"}],"wp:attachment":[{"href":"https:\/\/shop.bantam.ch\/fr\/wp-json\/wp\/v2\/media?parent=226545"}],"wp:term":[{"taxonomy":"product_featured_cat","embeddable":true,"href":"https:\/\/shop.bantam.ch\/fr\/wp-json\/wp\/v2\/product_featured_cat?post=226545"},{"taxonomy":"product_brand","embeddable":true,"href":"https:\/\/shop.bantam.ch\/fr\/wp-json\/wp\/v2\/product_brand?post=226545"},{"taxonomy":"product_cat","embeddable":true,"href":"https:\/\/shop.bantam.ch\/fr\/wp-json\/wp\/v2\/product_cat?post=226545"},{"taxonomy":"product_tag","embeddable":true,"href":"https:\/\/shop.bantam.ch\/fr\/wp-json\/wp\/v2\/product_tag?post=226545"}],"curies":[{"name":"wp","href":"https:\/\/api.w.org\/{rel}","templated":true}]}}