{"id":226497,"date":"2025-12-17T16:28:15","date_gmt":"2025-12-17T15:28:15","guid":{"rendered":"https:\/\/shop.bantam.ch\/produit\/installations-solaires-buttner-elektronik-mt-power-pack-classic-power-plus-ii-340-wp\/"},"modified":"2026-04-17T23:44:10","modified_gmt":"2026-04-17T21:44:10","slug":"installations-solaires-buttner-elektronik-mt-power-pack-classic-power-plus-ii-340-wp","status":"publish","type":"product","link":"https:\/\/shop.bantam.ch\/fr\/produit\/installations-solaires-buttner-elektronik-mt-power-pack-classic-power-plus-ii-340-wp\/","title":{"rendered":"Installations solaires B\u00dcTTNER ELEKTRONIK MT Power Pack Classic Power Plus II, 340 Wp"},"content":{"rendered":"<p>Les kits PowerPack CLASSIC POWER et CLASSIC POWER-PLUS les plus puissants sont \u00e9quip\u00e9s d&rsquo;une unit\u00e9 BCB avec des puissances de sortie de 30 A et 40 A. Ils conviennent aux v\u00e9hicules de voyage pour une charge plus rapide ou lorsque la capacit\u00e9 de la batterie est l\u00e9g\u00e8rement sup\u00e9rieure \u00e0 celle pr\u00e9vue. La capacit\u00e9 de charge peut \u00eatre limit\u00e9e au niveau de l&rsquo;appareil. Outre les avantages d\u00e9j\u00e0 mentionn\u00e9s de tous les syst\u00e8mes BCB, ces appareils sont recommand\u00e9s non seulement pour l&rsquo;extension d&rsquo;un syst\u00e8me de charge existant, mais aussi en tant que station de charge centrale unique pour son propre am\u00e9nagement ou la transformation d&rsquo;un caisson. Charge IUoU optimale \u00e0 230 V et pendant la conduite. Alimentation parall\u00e8le dans le r\u00e9seau de bord existant ou en tant que base unique avec connexion directe \u00e0 la batterie de d\u00e9marrage. Tous les types de batteries (humides, gel, AGM) peuvent \u00eatre recharg\u00e9s et les batteries LiFePO4 peuvent \u00e9galement \u00eatre commut\u00e9es. Le chargement continu avec \u00ab Euro 5 \u00bb et \u00ab Euro 6 \u00bb est garanti. Les PowerPacks CLASSIC POWER et CLASSIC POWER-PLUS sont \u00e9quip\u00e9s d&rsquo;un ordinateur batterie MT 5000iQ et d&rsquo;un ou deux modules solaires suppl\u00e9mentaires (MT BLACK LINE 110 Wp ou 160 Wp). <\/p>\n<p>Contenu de la livraison :<br \/>MT BCB 40\/40\/30<br \/> MT 5000iQ<br \/>MT 340 MC<br \/>Mat\u00e9riel de montage<br \/>Connecteur de c\u00e2ble<br \/>Support<\/p>\n","protected":false},"excerpt":{"rendered":"<p>Les kits PowerPack CLASSIC POWER et CLASSIC POWER-PLUS les plus puissants sont \u00e9quip\u00e9s d&rsquo;une unit\u00e9 BCB avec des puissances de sortie de 30 A et 40 A. Ils conviennent aux v\u00e9hicules de voyage pour une charge plus rapide ou lorsque la capacit\u00e9 de la batterie est l\u00e9g\u00e8rement sup\u00e9rieure \u00e0 celle pr\u00e9vue. La capacit\u00e9 de charge [&hellip;]<\/p>\n","protected":false},"featured_media":226495,"template":"","meta":{"_acf_changed":false},"product_featured_cat":[],"product_brand":[],"product_cat":[4879],"product_tag":[],"class_list":{"0":"post-226497","1":"product","2":"type-product","3":"status-publish","4":"has-post-thumbnail","6":"product_cat-kits-solaires","8":"first","9":"instock","10":"taxable","11":"shipping-taxable","12":"purchasable","13":"product-type-simple"},"acf":[],"yoast_head":"<!-- This site is optimized with the Yoast SEO plugin v27.4 - https:\/\/yoast.com\/product\/yoast-seo-wordpress\/ -->\n<title>Installations solaires B\u00dcTTNER ELEKTRONIK MT Power Pack Classic Power Plus II, 340 Wp - Bantam Wankm\u00fcller SA<\/title>\n<meta name=\"robots\" content=\"index, follow, max-snippet:-1, max-image-preview:large, max-video-preview:-1\" \/>\n<link rel=\"canonical\" href=\"https:\/\/shop.bantam.ch\/fr\/produit\/installations-solaires-buttner-elektronik-mt-power-pack-classic-power-plus-ii-340-wp\/\" \/>\n<meta property=\"og:locale\" content=\"fr_FR\" \/>\n<meta property=\"og:type\" content=\"article\" \/>\n<meta property=\"og:title\" content=\"Installations solaires B\u00dcTTNER ELEKTRONIK MT Power Pack Classic Power Plus II, 340 Wp - Bantam Wankm\u00fcller SA\" \/>\n<meta property=\"og:description\" content=\"Les kits PowerPack CLASSIC POWER et CLASSIC POWER-PLUS les plus puissants sont \u00e9quip\u00e9s d&rsquo;une unit\u00e9 BCB avec des puissances de sortie de 30 A et 40 A. Ils conviennent aux v\u00e9hicules de voyage pour une charge plus rapide ou lorsque la capacit\u00e9 de la batterie est l\u00e9g\u00e8rement sup\u00e9rieure \u00e0 celle pr\u00e9vue. La capacit\u00e9 de charge [&hellip;]\" \/>\n<meta property=\"og:url\" content=\"https:\/\/shop.bantam.ch\/fr\/produit\/installations-solaires-buttner-elektronik-mt-power-pack-classic-power-plus-ii-340-wp\/\" \/>\n<meta property=\"og:site_name\" content=\"Bantam Wankm\u00fcller SA\" \/>\n<meta property=\"article:modified_time\" content=\"2026-04-17T21:44:10+00:00\" \/>\n<meta name=\"twitter:card\" content=\"summary_large_image\" \/>\n<meta name=\"twitter:label1\" content=\"Dur\u00e9e de lecture estim\u00e9e\" \/>\n\t<meta name=\"twitter:data1\" content=\"1 minute\" \/>\n<script type=\"application\/ld+json\" class=\"yoast-schema-graph\">{\"@context\":\"https:\\\/\\\/schema.org\",\"@graph\":[{\"@type\":\"WebPage\",\"@id\":\"https:\\\/\\\/shop.bantam.ch\\\/fr\\\/produit\\\/installations-solaires-buttner-elektronik-mt-power-pack-classic-power-plus-ii-340-wp\\\/\",\"url\":\"https:\\\/\\\/shop.bantam.ch\\\/fr\\\/produit\\\/installations-solaires-buttner-elektronik-mt-power-pack-classic-power-plus-ii-340-wp\\\/\",\"name\":\"Installations solaires B\u00dcTTNER ELEKTRONIK MT Power Pack Classic Power Plus II, 340 Wp - Bantam Wankm\u00fcller SA\",\"isPartOf\":{\"@id\":\"https:\\\/\\\/shop.bantam.ch\\\/fr\\\/#website\"},\"primaryImageOfPage\":{\"@id\":\"https:\\\/\\\/shop.bantam.ch\\\/fr\\\/produit\\\/installations-solaires-buttner-elektronik-mt-power-pack-classic-power-plus-ii-340-wp\\\/#primaryimage\"},\"image\":{\"@id\":\"https:\\\/\\\/shop.bantam.ch\\\/fr\\\/produit\\\/installations-solaires-buttner-elektronik-mt-power-pack-classic-power-plus-ii-340-wp\\\/#primaryimage\"},\"thumbnailUrl\":\"https:\\\/\\\/shop.bantam.ch\\\/wp-content\\\/uploads\\\/2025\\\/12\\\/Movera-L-9960618100.jpg\",\"datePublished\":\"2025-12-17T15:28:15+00:00\",\"dateModified\":\"2026-04-17T21:44:10+00:00\",\"breadcrumb\":{\"@id\":\"https:\\\/\\\/shop.bantam.ch\\\/fr\\\/produit\\\/installations-solaires-buttner-elektronik-mt-power-pack-classic-power-plus-ii-340-wp\\\/#breadcrumb\"},\"inLanguage\":\"fr-FR\",\"potentialAction\":[{\"@type\":\"ReadAction\",\"target\":[\"https:\\\/\\\/shop.bantam.ch\\\/fr\\\/produit\\\/installations-solaires-buttner-elektronik-mt-power-pack-classic-power-plus-ii-340-wp\\\/\"]}]},{\"@type\":\"ImageObject\",\"inLanguage\":\"fr-FR\",\"@id\":\"https:\\\/\\\/shop.bantam.ch\\\/fr\\\/produit\\\/installations-solaires-buttner-elektronik-mt-power-pack-classic-power-plus-ii-340-wp\\\/#primaryimage\",\"url\":\"https:\\\/\\\/shop.bantam.ch\\\/wp-content\\\/uploads\\\/2025\\\/12\\\/Movera-L-9960618100.jpg\",\"contentUrl\":\"https:\\\/\\\/shop.bantam.ch\\\/wp-content\\\/uploads\\\/2025\\\/12\\\/Movera-L-9960618100.jpg\",\"width\":640,\"height\":537},{\"@type\":\"BreadcrumbList\",\"@id\":\"https:\\\/\\\/shop.bantam.ch\\\/fr\\\/produit\\\/installations-solaires-buttner-elektronik-mt-power-pack-classic-power-plus-ii-340-wp\\\/#breadcrumb\",\"itemListElement\":[{\"@type\":\"ListItem\",\"position\":1,\"name\":\"Accueil\",\"item\":\"https:\\\/\\\/shop.bantam.ch\\\/fr\\\/\"},{\"@type\":\"ListItem\",\"position\":2,\"name\":\"Boutique\",\"item\":\"https:\\\/\\\/shop.bantam.ch\\\/fr\\\/boutique\\\/\"},{\"@type\":\"ListItem\",\"position\":3,\"name\":\"Installations solaires B\u00dcTTNER ELEKTRONIK MT Power Pack Classic Power Plus II, 340 Wp\"}]},{\"@type\":\"WebSite\",\"@id\":\"https:\\\/\\\/shop.bantam.ch\\\/fr\\\/#website\",\"url\":\"https:\\\/\\\/shop.bantam.ch\\\/fr\\\/\",\"name\":\"Bantam Wankm\u00fcller SA\",\"description\":\"\",\"publisher\":{\"@id\":\"https:\\\/\\\/shop.bantam.ch\\\/fr\\\/#organization\"},\"inLanguage\":\"fr-FR\"},{\"@type\":\"Organization\",\"@id\":\"https:\\\/\\\/shop.bantam.ch\\\/fr\\\/#organization\",\"name\":\"Bantam Wankm\u00fcller SA\",\"url\":\"https:\\\/\\\/shop.bantam.ch\\\/fr\\\/\",\"logo\":{\"@type\":\"ImageObject\",\"inLanguage\":\"fr-FR\",\"@id\":\"https:\\\/\\\/shop.bantam.ch\\\/fr\\\/#\\\/schema\\\/logo\\\/image\\\/\",\"url\":\"https:\\\/\\\/shop.bantam.ch\\\/wp-content\\\/uploads\\\/2022\\\/12\\\/bantam-logo.png\",\"contentUrl\":\"https:\\\/\\\/shop.bantam.ch\\\/wp-content\\\/uploads\\\/2022\\\/12\\\/bantam-logo.png\",\"width\":320,\"height\":71,\"caption\":\"Bantam Wankm\u00fcller SA\"},\"image\":{\"@id\":\"https:\\\/\\\/shop.bantam.ch\\\/fr\\\/#\\\/schema\\\/logo\\\/image\\\/\"}}]}<\/script>\n<!-- \/ Yoast SEO plugin. -->","yoast_head_json":{"title":"Installations solaires B\u00dcTTNER ELEKTRONIK MT Power Pack Classic Power Plus II, 340 Wp - Bantam Wankm\u00fcller SA","robots":{"index":"index","follow":"follow","max-snippet":"max-snippet:-1","max-image-preview":"max-image-preview:large","max-video-preview":"max-video-preview:-1"},"canonical":"https:\/\/shop.bantam.ch\/fr\/produit\/installations-solaires-buttner-elektronik-mt-power-pack-classic-power-plus-ii-340-wp\/","og_locale":"fr_FR","og_type":"article","og_title":"Installations solaires B\u00dcTTNER ELEKTRONIK MT Power Pack Classic Power Plus II, 340 Wp - Bantam Wankm\u00fcller SA","og_description":"Les kits PowerPack CLASSIC POWER et CLASSIC POWER-PLUS les plus puissants sont \u00e9quip\u00e9s d&rsquo;une unit\u00e9 BCB avec des puissances de sortie de 30 A et 40 A. Ils conviennent aux v\u00e9hicules de voyage pour une charge plus rapide ou lorsque la capacit\u00e9 de la batterie est l\u00e9g\u00e8rement sup\u00e9rieure \u00e0 celle pr\u00e9vue. La capacit\u00e9 de charge [&hellip;]","og_url":"https:\/\/shop.bantam.ch\/fr\/produit\/installations-solaires-buttner-elektronik-mt-power-pack-classic-power-plus-ii-340-wp\/","og_site_name":"Bantam Wankm\u00fcller SA","article_modified_time":"2026-04-17T21:44:10+00:00","twitter_card":"summary_large_image","twitter_misc":{"Dur\u00e9e de lecture estim\u00e9e":"1 minute"},"schema":{"@context":"https:\/\/schema.org","@graph":[{"@type":"WebPage","@id":"https:\/\/shop.bantam.ch\/fr\/produit\/installations-solaires-buttner-elektronik-mt-power-pack-classic-power-plus-ii-340-wp\/","url":"https:\/\/shop.bantam.ch\/fr\/produit\/installations-solaires-buttner-elektronik-mt-power-pack-classic-power-plus-ii-340-wp\/","name":"Installations solaires B\u00dcTTNER ELEKTRONIK MT Power Pack Classic Power Plus II, 340 Wp - Bantam Wankm\u00fcller SA","isPartOf":{"@id":"https:\/\/shop.bantam.ch\/fr\/#website"},"primaryImageOfPage":{"@id":"https:\/\/shop.bantam.ch\/fr\/produit\/installations-solaires-buttner-elektronik-mt-power-pack-classic-power-plus-ii-340-wp\/#primaryimage"},"image":{"@id":"https:\/\/shop.bantam.ch\/fr\/produit\/installations-solaires-buttner-elektronik-mt-power-pack-classic-power-plus-ii-340-wp\/#primaryimage"},"thumbnailUrl":"https:\/\/shop.bantam.ch\/wp-content\/uploads\/2025\/12\/Movera-L-9960618100.jpg","datePublished":"2025-12-17T15:28:15+00:00","dateModified":"2026-04-17T21:44:10+00:00","breadcrumb":{"@id":"https:\/\/shop.bantam.ch\/fr\/produit\/installations-solaires-buttner-elektronik-mt-power-pack-classic-power-plus-ii-340-wp\/#breadcrumb"},"inLanguage":"fr-FR","potentialAction":[{"@type":"ReadAction","target":["https:\/\/shop.bantam.ch\/fr\/produit\/installations-solaires-buttner-elektronik-mt-power-pack-classic-power-plus-ii-340-wp\/"]}]},{"@type":"ImageObject","inLanguage":"fr-FR","@id":"https:\/\/shop.bantam.ch\/fr\/produit\/installations-solaires-buttner-elektronik-mt-power-pack-classic-power-plus-ii-340-wp\/#primaryimage","url":"https:\/\/shop.bantam.ch\/wp-content\/uploads\/2025\/12\/Movera-L-9960618100.jpg","contentUrl":"https:\/\/shop.bantam.ch\/wp-content\/uploads\/2025\/12\/Movera-L-9960618100.jpg","width":640,"height":537},{"@type":"BreadcrumbList","@id":"https:\/\/shop.bantam.ch\/fr\/produit\/installations-solaires-buttner-elektronik-mt-power-pack-classic-power-plus-ii-340-wp\/#breadcrumb","itemListElement":[{"@type":"ListItem","position":1,"name":"Accueil","item":"https:\/\/shop.bantam.ch\/fr\/"},{"@type":"ListItem","position":2,"name":"Boutique","item":"https:\/\/shop.bantam.ch\/fr\/boutique\/"},{"@type":"ListItem","position":3,"name":"Installations solaires B\u00dcTTNER ELEKTRONIK MT Power Pack Classic Power Plus II, 340 Wp"}]},{"@type":"WebSite","@id":"https:\/\/shop.bantam.ch\/fr\/#website","url":"https:\/\/shop.bantam.ch\/fr\/","name":"Bantam Wankm\u00fcller SA","description":"","publisher":{"@id":"https:\/\/shop.bantam.ch\/fr\/#organization"},"inLanguage":"fr-FR"},{"@type":"Organization","@id":"https:\/\/shop.bantam.ch\/fr\/#organization","name":"Bantam Wankm\u00fcller SA","url":"https:\/\/shop.bantam.ch\/fr\/","logo":{"@type":"ImageObject","inLanguage":"fr-FR","@id":"https:\/\/shop.bantam.ch\/fr\/#\/schema\/logo\/image\/","url":"https:\/\/shop.bantam.ch\/wp-content\/uploads\/2022\/12\/bantam-logo.png","contentUrl":"https:\/\/shop.bantam.ch\/wp-content\/uploads\/2022\/12\/bantam-logo.png","width":320,"height":71,"caption":"Bantam Wankm\u00fcller SA"},"image":{"@id":"https:\/\/shop.bantam.ch\/fr\/#\/schema\/logo\/image\/"}}]}},"_links":{"self":[{"href":"https:\/\/shop.bantam.ch\/fr\/wp-json\/wp\/v2\/product\/226497","targetHints":{"allow":["GET"]}}],"collection":[{"href":"https:\/\/shop.bantam.ch\/fr\/wp-json\/wp\/v2\/product"}],"about":[{"href":"https:\/\/shop.bantam.ch\/fr\/wp-json\/wp\/v2\/types\/product"}],"wp:featuredmedia":[{"embeddable":true,"href":"https:\/\/shop.bantam.ch\/fr\/wp-json\/wp\/v2\/media\/226495"}],"wp:attachment":[{"href":"https:\/\/shop.bantam.ch\/fr\/wp-json\/wp\/v2\/media?parent=226497"}],"wp:term":[{"taxonomy":"product_featured_cat","embeddable":true,"href":"https:\/\/shop.bantam.ch\/fr\/wp-json\/wp\/v2\/product_featured_cat?post=226497"},{"taxonomy":"product_brand","embeddable":true,"href":"https:\/\/shop.bantam.ch\/fr\/wp-json\/wp\/v2\/product_brand?post=226497"},{"taxonomy":"product_cat","embeddable":true,"href":"https:\/\/shop.bantam.ch\/fr\/wp-json\/wp\/v2\/product_cat?post=226497"},{"taxonomy":"product_tag","embeddable":true,"href":"https:\/\/shop.bantam.ch\/fr\/wp-json\/wp\/v2\/product_tag?post=226497"}],"curies":[{"name":"wp","href":"https:\/\/api.w.org\/{rel}","templated":true}]}}