{"id":226489,"date":"2025-12-17T16:27:51","date_gmt":"2025-12-17T15:27:51","guid":{"rendered":"https:\/\/shop.bantam.ch\/produit\/installations-solaires-3d-flex\/"},"modified":"2026-04-22T02:24:07","modified_gmt":"2026-04-22T00:24:07","slug":"installations-solaires-3d-flex","status":"publish","type":"product","link":"https:\/\/shop.bantam.ch\/fr\/produit\/installations-solaires-3d-flex\/","title":{"rendered":"Installations solaires 3D Flex"},"content":{"rendered":"<p>Panneaux solaires flexibles sp\u00e9ciaux id\u00e9aux pour le montage sur les monospaces et les minivans \u00e0 toit ouvrant. Avec une couche de polycarbonate int\u00e9gr\u00e9e \u00e0 l&rsquo;arri\u00e8re (16 mm), qui isole les cellules du toit et permet au panneau de se courber un peu si n\u00e9cessaire, ainsi que de d\u00e9placer la bo\u00eete de jonction \u00e0 l&rsquo;arri\u00e8re et de gagner plus de place \u00e0 l&rsquo;avant du panneau. Kit complet comprenant un r\u00e9gulateur de charge solaire MPPT Victron 75\/15, une travers\u00e9e de toit et un kit de collage.<\/p>\n","protected":false},"excerpt":{"rendered":"<p>Panneaux solaires flexibles sp\u00e9ciaux id\u00e9aux pour le montage sur les monospaces et les minivans \u00e0 toit ouvrant. Avec une couche de polycarbonate int\u00e9gr\u00e9e \u00e0 l&rsquo;arri\u00e8re (16 mm), qui isole les cellules du toit et permet au panneau de se courber un peu si n\u00e9cessaire, ainsi que de d\u00e9placer la bo\u00eete de jonction \u00e0 l&rsquo;arri\u00e8re et [&hellip;]<\/p>\n","protected":false},"featured_media":226487,"template":"","meta":{"_acf_changed":false},"product_featured_cat":[],"product_brand":[],"product_cat":[4879],"product_tag":[],"class_list":{"0":"post-226489","1":"product","2":"type-product","3":"status-publish","4":"has-post-thumbnail","6":"product_cat-kits-solaires","8":"first","9":"instock","10":"taxable","11":"shipping-taxable","12":"purchasable","13":"product-type-variable"},"acf":[],"yoast_head":"<!-- This site is optimized with the Yoast SEO plugin v27.4 - https:\/\/yoast.com\/product\/yoast-seo-wordpress\/ -->\n<title>Installations solaires 3D Flex - Bantam Wankm\u00fcller SA<\/title>\n<meta name=\"robots\" content=\"index, follow, max-snippet:-1, max-image-preview:large, max-video-preview:-1\" \/>\n<link rel=\"canonical\" href=\"https:\/\/shop.bantam.ch\/fr\/produit\/installations-solaires-3d-flex\/\" \/>\n<meta property=\"og:locale\" content=\"fr_FR\" \/>\n<meta property=\"og:type\" content=\"article\" \/>\n<meta property=\"og:title\" content=\"Installations solaires 3D Flex - Bantam Wankm\u00fcller SA\" \/>\n<meta property=\"og:description\" content=\"Panneaux solaires flexibles sp\u00e9ciaux id\u00e9aux pour le montage sur les monospaces et les minivans \u00e0 toit ouvrant. Avec une couche de polycarbonate int\u00e9gr\u00e9e \u00e0 l&rsquo;arri\u00e8re (16 mm), qui isole les cellules du toit et permet au panneau de se courber un peu si n\u00e9cessaire, ainsi que de d\u00e9placer la bo\u00eete de jonction \u00e0 l&rsquo;arri\u00e8re et [&hellip;]\" \/>\n<meta property=\"og:url\" content=\"https:\/\/shop.bantam.ch\/fr\/produit\/installations-solaires-3d-flex\/\" \/>\n<meta property=\"og:site_name\" content=\"Bantam Wankm\u00fcller SA\" \/>\n<meta property=\"article:modified_time\" content=\"2026-04-22T00:24:07+00:00\" \/>\n<meta name=\"twitter:card\" content=\"summary_large_image\" \/>\n<script type=\"application\/ld+json\" class=\"yoast-schema-graph\">{\"@context\":\"https:\\\/\\\/schema.org\",\"@graph\":[{\"@type\":\"WebPage\",\"@id\":\"https:\\\/\\\/shop.bantam.ch\\\/fr\\\/produit\\\/installations-solaires-3d-flex\\\/\",\"url\":\"https:\\\/\\\/shop.bantam.ch\\\/fr\\\/produit\\\/installations-solaires-3d-flex\\\/\",\"name\":\"Installations solaires 3D Flex - Bantam Wankm\u00fcller SA\",\"isPartOf\":{\"@id\":\"https:\\\/\\\/shop.bantam.ch\\\/fr\\\/#website\"},\"primaryImageOfPage\":{\"@id\":\"https:\\\/\\\/shop.bantam.ch\\\/fr\\\/produit\\\/installations-solaires-3d-flex\\\/#primaryimage\"},\"image\":{\"@id\":\"https:\\\/\\\/shop.bantam.ch\\\/fr\\\/produit\\\/installations-solaires-3d-flex\\\/#primaryimage\"},\"thumbnailUrl\":\"https:\\\/\\\/shop.bantam.ch\\\/wp-content\\\/uploads\\\/2025\\\/12\\\/Movera-L-9958286100.png\",\"datePublished\":\"2025-12-17T15:27:51+00:00\",\"dateModified\":\"2026-04-22T00:24:07+00:00\",\"breadcrumb\":{\"@id\":\"https:\\\/\\\/shop.bantam.ch\\\/fr\\\/produit\\\/installations-solaires-3d-flex\\\/#breadcrumb\"},\"inLanguage\":\"fr-FR\",\"potentialAction\":[{\"@type\":\"ReadAction\",\"target\":[\"https:\\\/\\\/shop.bantam.ch\\\/fr\\\/produit\\\/installations-solaires-3d-flex\\\/\"]}]},{\"@type\":\"ImageObject\",\"inLanguage\":\"fr-FR\",\"@id\":\"https:\\\/\\\/shop.bantam.ch\\\/fr\\\/produit\\\/installations-solaires-3d-flex\\\/#primaryimage\",\"url\":\"https:\\\/\\\/shop.bantam.ch\\\/wp-content\\\/uploads\\\/2025\\\/12\\\/Movera-L-9958286100.png\",\"contentUrl\":\"https:\\\/\\\/shop.bantam.ch\\\/wp-content\\\/uploads\\\/2025\\\/12\\\/Movera-L-9958286100.png\",\"width\":640,\"height\":959},{\"@type\":\"BreadcrumbList\",\"@id\":\"https:\\\/\\\/shop.bantam.ch\\\/fr\\\/produit\\\/installations-solaires-3d-flex\\\/#breadcrumb\",\"itemListElement\":[{\"@type\":\"ListItem\",\"position\":1,\"name\":\"Accueil\",\"item\":\"https:\\\/\\\/shop.bantam.ch\\\/fr\\\/\"},{\"@type\":\"ListItem\",\"position\":2,\"name\":\"Boutique\",\"item\":\"https:\\\/\\\/shop.bantam.ch\\\/fr\\\/boutique\\\/\"},{\"@type\":\"ListItem\",\"position\":3,\"name\":\"Installations solaires 3D Flex\"}]},{\"@type\":\"WebSite\",\"@id\":\"https:\\\/\\\/shop.bantam.ch\\\/fr\\\/#website\",\"url\":\"https:\\\/\\\/shop.bantam.ch\\\/fr\\\/\",\"name\":\"Bantam Wankm\u00fcller SA\",\"description\":\"\",\"publisher\":{\"@id\":\"https:\\\/\\\/shop.bantam.ch\\\/fr\\\/#organization\"},\"inLanguage\":\"fr-FR\"},{\"@type\":\"Organization\",\"@id\":\"https:\\\/\\\/shop.bantam.ch\\\/fr\\\/#organization\",\"name\":\"Bantam Wankm\u00fcller SA\",\"url\":\"https:\\\/\\\/shop.bantam.ch\\\/fr\\\/\",\"logo\":{\"@type\":\"ImageObject\",\"inLanguage\":\"fr-FR\",\"@id\":\"https:\\\/\\\/shop.bantam.ch\\\/fr\\\/#\\\/schema\\\/logo\\\/image\\\/\",\"url\":\"https:\\\/\\\/shop.bantam.ch\\\/wp-content\\\/uploads\\\/2022\\\/12\\\/bantam-logo.png\",\"contentUrl\":\"https:\\\/\\\/shop.bantam.ch\\\/wp-content\\\/uploads\\\/2022\\\/12\\\/bantam-logo.png\",\"width\":320,\"height\":71,\"caption\":\"Bantam Wankm\u00fcller SA\"},\"image\":{\"@id\":\"https:\\\/\\\/shop.bantam.ch\\\/fr\\\/#\\\/schema\\\/logo\\\/image\\\/\"}}]}<\/script>\n<!-- \/ Yoast SEO plugin. -->","yoast_head_json":{"title":"Installations solaires 3D Flex - Bantam Wankm\u00fcller SA","robots":{"index":"index","follow":"follow","max-snippet":"max-snippet:-1","max-image-preview":"max-image-preview:large","max-video-preview":"max-video-preview:-1"},"canonical":"https:\/\/shop.bantam.ch\/fr\/produit\/installations-solaires-3d-flex\/","og_locale":"fr_FR","og_type":"article","og_title":"Installations solaires 3D Flex - Bantam Wankm\u00fcller SA","og_description":"Panneaux solaires flexibles sp\u00e9ciaux id\u00e9aux pour le montage sur les monospaces et les minivans \u00e0 toit ouvrant. Avec une couche de polycarbonate int\u00e9gr\u00e9e \u00e0 l&rsquo;arri\u00e8re (16 mm), qui isole les cellules du toit et permet au panneau de se courber un peu si n\u00e9cessaire, ainsi que de d\u00e9placer la bo\u00eete de jonction \u00e0 l&rsquo;arri\u00e8re et [&hellip;]","og_url":"https:\/\/shop.bantam.ch\/fr\/produit\/installations-solaires-3d-flex\/","og_site_name":"Bantam Wankm\u00fcller SA","article_modified_time":"2026-04-22T00:24:07+00:00","twitter_card":"summary_large_image","schema":{"@context":"https:\/\/schema.org","@graph":[{"@type":"WebPage","@id":"https:\/\/shop.bantam.ch\/fr\/produit\/installations-solaires-3d-flex\/","url":"https:\/\/shop.bantam.ch\/fr\/produit\/installations-solaires-3d-flex\/","name":"Installations solaires 3D Flex - Bantam Wankm\u00fcller SA","isPartOf":{"@id":"https:\/\/shop.bantam.ch\/fr\/#website"},"primaryImageOfPage":{"@id":"https:\/\/shop.bantam.ch\/fr\/produit\/installations-solaires-3d-flex\/#primaryimage"},"image":{"@id":"https:\/\/shop.bantam.ch\/fr\/produit\/installations-solaires-3d-flex\/#primaryimage"},"thumbnailUrl":"https:\/\/shop.bantam.ch\/wp-content\/uploads\/2025\/12\/Movera-L-9958286100.png","datePublished":"2025-12-17T15:27:51+00:00","dateModified":"2026-04-22T00:24:07+00:00","breadcrumb":{"@id":"https:\/\/shop.bantam.ch\/fr\/produit\/installations-solaires-3d-flex\/#breadcrumb"},"inLanguage":"fr-FR","potentialAction":[{"@type":"ReadAction","target":["https:\/\/shop.bantam.ch\/fr\/produit\/installations-solaires-3d-flex\/"]}]},{"@type":"ImageObject","inLanguage":"fr-FR","@id":"https:\/\/shop.bantam.ch\/fr\/produit\/installations-solaires-3d-flex\/#primaryimage","url":"https:\/\/shop.bantam.ch\/wp-content\/uploads\/2025\/12\/Movera-L-9958286100.png","contentUrl":"https:\/\/shop.bantam.ch\/wp-content\/uploads\/2025\/12\/Movera-L-9958286100.png","width":640,"height":959},{"@type":"BreadcrumbList","@id":"https:\/\/shop.bantam.ch\/fr\/produit\/installations-solaires-3d-flex\/#breadcrumb","itemListElement":[{"@type":"ListItem","position":1,"name":"Accueil","item":"https:\/\/shop.bantam.ch\/fr\/"},{"@type":"ListItem","position":2,"name":"Boutique","item":"https:\/\/shop.bantam.ch\/fr\/boutique\/"},{"@type":"ListItem","position":3,"name":"Installations solaires 3D Flex"}]},{"@type":"WebSite","@id":"https:\/\/shop.bantam.ch\/fr\/#website","url":"https:\/\/shop.bantam.ch\/fr\/","name":"Bantam Wankm\u00fcller SA","description":"","publisher":{"@id":"https:\/\/shop.bantam.ch\/fr\/#organization"},"inLanguage":"fr-FR"},{"@type":"Organization","@id":"https:\/\/shop.bantam.ch\/fr\/#organization","name":"Bantam Wankm\u00fcller SA","url":"https:\/\/shop.bantam.ch\/fr\/","logo":{"@type":"ImageObject","inLanguage":"fr-FR","@id":"https:\/\/shop.bantam.ch\/fr\/#\/schema\/logo\/image\/","url":"https:\/\/shop.bantam.ch\/wp-content\/uploads\/2022\/12\/bantam-logo.png","contentUrl":"https:\/\/shop.bantam.ch\/wp-content\/uploads\/2022\/12\/bantam-logo.png","width":320,"height":71,"caption":"Bantam Wankm\u00fcller SA"},"image":{"@id":"https:\/\/shop.bantam.ch\/fr\/#\/schema\/logo\/image\/"}}]}},"_links":{"self":[{"href":"https:\/\/shop.bantam.ch\/fr\/wp-json\/wp\/v2\/product\/226489","targetHints":{"allow":["GET"]}}],"collection":[{"href":"https:\/\/shop.bantam.ch\/fr\/wp-json\/wp\/v2\/product"}],"about":[{"href":"https:\/\/shop.bantam.ch\/fr\/wp-json\/wp\/v2\/types\/product"}],"wp:featuredmedia":[{"embeddable":true,"href":"https:\/\/shop.bantam.ch\/fr\/wp-json\/wp\/v2\/media\/226487"}],"wp:attachment":[{"href":"https:\/\/shop.bantam.ch\/fr\/wp-json\/wp\/v2\/media?parent=226489"}],"wp:term":[{"taxonomy":"product_featured_cat","embeddable":true,"href":"https:\/\/shop.bantam.ch\/fr\/wp-json\/wp\/v2\/product_featured_cat?post=226489"},{"taxonomy":"product_brand","embeddable":true,"href":"https:\/\/shop.bantam.ch\/fr\/wp-json\/wp\/v2\/product_brand?post=226489"},{"taxonomy":"product_cat","embeddable":true,"href":"https:\/\/shop.bantam.ch\/fr\/wp-json\/wp\/v2\/product_cat?post=226489"},{"taxonomy":"product_tag","embeddable":true,"href":"https:\/\/shop.bantam.ch\/fr\/wp-json\/wp\/v2\/product_tag?post=226489"}],"curies":[{"name":"wp","href":"https:\/\/api.w.org\/{rel}","templated":true}]}}