{"id":226427,"date":"2025-12-17T16:26:10","date_gmt":"2025-12-17T15:26:10","guid":{"rendered":"https:\/\/shop.bantam.ch\/produit\/grill-a-gaz-spherique-chelsea-420-g-avec-flexible-de-gaz\/"},"modified":"2026-04-19T02:20:08","modified_gmt":"2026-04-19T00:20:08","slug":"grill-a-gaz-spherique-chelsea-420-g-avec-flexible-de-gaz","status":"publish","type":"product","link":"https:\/\/shop.bantam.ch\/fr\/produit\/grill-a-gaz-spherique-chelsea-420-g-avec-flexible-de-gaz\/","title":{"rendered":"Grill \u00e0 gaz sph\u00e9rique Chelsea 420 G avec flexible de gaz"},"content":{"rendered":"<p>Barbecue \u00e0 gaz avec le syst\u00e8me unique d\u2019entonnoir OUTDOORCHEF. Pas de br\u00fblure de graisse &#8211; syst\u00e8me de r\u00e9duction des \u00e9missions de fum\u00e9e pour rendre son barbecue plus sain et plus s\u00fbr Id\u00e9al pour un syst\u00e8me de grillage et de cuisson indirecte et aussi pour une chaleur directe et une cuisson id\u00e9ale des steaks Sph\u00e8re, br\u00fbleur, entonnoir et grille de barbecue en porcelaine \u00e9maill\u00e9e. Allumage Piezo Support de couvercle et thermom\u00e8tre int\u00e9gr\u00e9s dans le couvercle. Pour vos grillades ou en cuisson directe vous travaillez \u00e0 haute temp\u00e9rature, qui se concentre sur la grille de cuisson. Lors de la cuisson indirecte au gril, \u00e0 l&rsquo;eau ou au four, la chaleur se r\u00e9partit uniform\u00e9ment dans la boucle ferm\u00e9e du barbecue. Id\u00e9al pour cuire les l\u00e9gumes \u00e0\u00a0l&rsquo;\u00e9tuv\u00e9e ou les grillades \u00e0\u00a0basse temp\u00e9rature.<\/p>\n<ul>\n<li>1 syst\u00e8me de combustion annulaire avec allumage pi\u00e9zo<\/li>\n<li>Thermom\u00e8tre int\u00e9gr\u00e9<\/li>\n<li>R\u00e9partition parfaite de la chaleur pour des grillades directes et indirectes sans graisse<\/li>\n<li>Gr\u00e2ce \u00e0 un syst\u00e8me enfichable simple, il se monte en quelques minutes.<\/li>\n<li>Puissance : 4,3 KW<\/li>\n<li>Grille foy\u00e8re \u00f8 env. 39,5 cm<\/li>\n<li>Hauteur de travail\u00a0: env. 75 cm<\/li>\n<\/ul>\n","protected":false},"excerpt":{"rendered":"<p>Barbecue \u00e0 gaz avec le syst\u00e8me unique d\u2019entonnoir OUTDOORCHEF. Pas de br\u00fblure de graisse &#8211; syst\u00e8me de r\u00e9duction des \u00e9missions de fum\u00e9e pour rendre son barbecue plus sain et plus s\u00fbr Id\u00e9al pour un syst\u00e8me de grillage et de cuisson indirecte et aussi pour une chaleur directe et une cuisson id\u00e9ale des steaks Sph\u00e8re, br\u00fbleur, [&hellip;]<\/p>\n","protected":false},"featured_media":226425,"template":"","meta":{"_acf_changed":false},"product_featured_cat":[],"product_brand":[],"product_cat":[4279],"product_tag":[],"class_list":{"0":"post-226427","1":"product","2":"type-product","3":"status-publish","4":"has-post-thumbnail","6":"product_cat-barbecues-a-gaz","8":"first","9":"instock","10":"taxable","11":"shipping-taxable","12":"purchasable","13":"product-type-variable"},"acf":[],"yoast_head":"<!-- This site is optimized with the Yoast SEO plugin v27.4 - https:\/\/yoast.com\/product\/yoast-seo-wordpress\/ -->\n<title>Grill \u00e0 gaz sph\u00e9rique Chelsea 420 G avec flexible de gaz - Bantam Wankm\u00fcller SA<\/title>\n<meta name=\"robots\" content=\"index, follow, max-snippet:-1, max-image-preview:large, max-video-preview:-1\" \/>\n<link rel=\"canonical\" href=\"https:\/\/shop.bantam.ch\/fr\/produit\/grill-a-gaz-spherique-chelsea-420-g-avec-flexible-de-gaz\/\" \/>\n<meta property=\"og:locale\" content=\"fr_FR\" \/>\n<meta property=\"og:type\" content=\"article\" \/>\n<meta property=\"og:title\" content=\"Grill \u00e0 gaz sph\u00e9rique Chelsea 420 G avec flexible de gaz - Bantam Wankm\u00fcller SA\" \/>\n<meta property=\"og:description\" content=\"Barbecue \u00e0 gaz avec le syst\u00e8me unique d\u2019entonnoir OUTDOORCHEF. Pas de br\u00fblure de graisse &#8211; syst\u00e8me de r\u00e9duction des \u00e9missions de fum\u00e9e pour rendre son barbecue plus sain et plus s\u00fbr Id\u00e9al pour un syst\u00e8me de grillage et de cuisson indirecte et aussi pour une chaleur directe et une cuisson id\u00e9ale des steaks Sph\u00e8re, br\u00fbleur, [&hellip;]\" \/>\n<meta property=\"og:url\" content=\"https:\/\/shop.bantam.ch\/fr\/produit\/grill-a-gaz-spherique-chelsea-420-g-avec-flexible-de-gaz\/\" \/>\n<meta property=\"og:site_name\" content=\"Bantam Wankm\u00fcller SA\" \/>\n<meta property=\"article:modified_time\" content=\"2026-04-19T00:20:08+00:00\" \/>\n<meta name=\"twitter:card\" content=\"summary_large_image\" \/>\n<meta name=\"twitter:label1\" content=\"Dur\u00e9e de lecture estim\u00e9e\" \/>\n\t<meta name=\"twitter:data1\" content=\"1 minute\" \/>\n<script type=\"application\/ld+json\" class=\"yoast-schema-graph\">{\"@context\":\"https:\\\/\\\/schema.org\",\"@graph\":[{\"@type\":\"WebPage\",\"@id\":\"https:\\\/\\\/shop.bantam.ch\\\/fr\\\/produit\\\/grill-a-gaz-spherique-chelsea-420-g-avec-flexible-de-gaz\\\/\",\"url\":\"https:\\\/\\\/shop.bantam.ch\\\/fr\\\/produit\\\/grill-a-gaz-spherique-chelsea-420-g-avec-flexible-de-gaz\\\/\",\"name\":\"Grill \u00e0 gaz sph\u00e9rique Chelsea 420 G avec flexible de gaz - Bantam Wankm\u00fcller SA\",\"isPartOf\":{\"@id\":\"https:\\\/\\\/shop.bantam.ch\\\/fr\\\/#website\"},\"primaryImageOfPage\":{\"@id\":\"https:\\\/\\\/shop.bantam.ch\\\/fr\\\/produit\\\/grill-a-gaz-spherique-chelsea-420-g-avec-flexible-de-gaz\\\/#primaryimage\"},\"image\":{\"@id\":\"https:\\\/\\\/shop.bantam.ch\\\/fr\\\/produit\\\/grill-a-gaz-spherique-chelsea-420-g-avec-flexible-de-gaz\\\/#primaryimage\"},\"thumbnailUrl\":\"https:\\\/\\\/shop.bantam.ch\\\/wp-content\\\/uploads\\\/2025\\\/12\\\/Movera-L-0016526100.jpg\",\"datePublished\":\"2025-12-17T15:26:10+00:00\",\"dateModified\":\"2026-04-19T00:20:08+00:00\",\"breadcrumb\":{\"@id\":\"https:\\\/\\\/shop.bantam.ch\\\/fr\\\/produit\\\/grill-a-gaz-spherique-chelsea-420-g-avec-flexible-de-gaz\\\/#breadcrumb\"},\"inLanguage\":\"fr-FR\",\"potentialAction\":[{\"@type\":\"ReadAction\",\"target\":[\"https:\\\/\\\/shop.bantam.ch\\\/fr\\\/produit\\\/grill-a-gaz-spherique-chelsea-420-g-avec-flexible-de-gaz\\\/\"]}]},{\"@type\":\"ImageObject\",\"inLanguage\":\"fr-FR\",\"@id\":\"https:\\\/\\\/shop.bantam.ch\\\/fr\\\/produit\\\/grill-a-gaz-spherique-chelsea-420-g-avec-flexible-de-gaz\\\/#primaryimage\",\"url\":\"https:\\\/\\\/shop.bantam.ch\\\/wp-content\\\/uploads\\\/2025\\\/12\\\/Movera-L-0016526100.jpg\",\"contentUrl\":\"https:\\\/\\\/shop.bantam.ch\\\/wp-content\\\/uploads\\\/2025\\\/12\\\/Movera-L-0016526100.jpg\",\"width\":337,\"height\":500},{\"@type\":\"BreadcrumbList\",\"@id\":\"https:\\\/\\\/shop.bantam.ch\\\/fr\\\/produit\\\/grill-a-gaz-spherique-chelsea-420-g-avec-flexible-de-gaz\\\/#breadcrumb\",\"itemListElement\":[{\"@type\":\"ListItem\",\"position\":1,\"name\":\"Accueil\",\"item\":\"https:\\\/\\\/shop.bantam.ch\\\/fr\\\/\"},{\"@type\":\"ListItem\",\"position\":2,\"name\":\"Boutique\",\"item\":\"https:\\\/\\\/shop.bantam.ch\\\/fr\\\/boutique\\\/\"},{\"@type\":\"ListItem\",\"position\":3,\"name\":\"Grill \u00e0 gaz sph\u00e9rique Chelsea 420 G avec flexible de gaz\"}]},{\"@type\":\"WebSite\",\"@id\":\"https:\\\/\\\/shop.bantam.ch\\\/fr\\\/#website\",\"url\":\"https:\\\/\\\/shop.bantam.ch\\\/fr\\\/\",\"name\":\"Bantam Wankm\u00fcller SA\",\"description\":\"\",\"publisher\":{\"@id\":\"https:\\\/\\\/shop.bantam.ch\\\/fr\\\/#organization\"},\"inLanguage\":\"fr-FR\"},{\"@type\":\"Organization\",\"@id\":\"https:\\\/\\\/shop.bantam.ch\\\/fr\\\/#organization\",\"name\":\"Bantam Wankm\u00fcller SA\",\"url\":\"https:\\\/\\\/shop.bantam.ch\\\/fr\\\/\",\"logo\":{\"@type\":\"ImageObject\",\"inLanguage\":\"fr-FR\",\"@id\":\"https:\\\/\\\/shop.bantam.ch\\\/fr\\\/#\\\/schema\\\/logo\\\/image\\\/\",\"url\":\"https:\\\/\\\/shop.bantam.ch\\\/wp-content\\\/uploads\\\/2022\\\/12\\\/bantam-logo.png\",\"contentUrl\":\"https:\\\/\\\/shop.bantam.ch\\\/wp-content\\\/uploads\\\/2022\\\/12\\\/bantam-logo.png\",\"width\":320,\"height\":71,\"caption\":\"Bantam Wankm\u00fcller SA\"},\"image\":{\"@id\":\"https:\\\/\\\/shop.bantam.ch\\\/fr\\\/#\\\/schema\\\/logo\\\/image\\\/\"}}]}<\/script>\n<!-- \/ Yoast SEO plugin. -->","yoast_head_json":{"title":"Grill \u00e0 gaz sph\u00e9rique Chelsea 420 G avec flexible de gaz - Bantam Wankm\u00fcller SA","robots":{"index":"index","follow":"follow","max-snippet":"max-snippet:-1","max-image-preview":"max-image-preview:large","max-video-preview":"max-video-preview:-1"},"canonical":"https:\/\/shop.bantam.ch\/fr\/produit\/grill-a-gaz-spherique-chelsea-420-g-avec-flexible-de-gaz\/","og_locale":"fr_FR","og_type":"article","og_title":"Grill \u00e0 gaz sph\u00e9rique Chelsea 420 G avec flexible de gaz - Bantam Wankm\u00fcller SA","og_description":"Barbecue \u00e0 gaz avec le syst\u00e8me unique d\u2019entonnoir OUTDOORCHEF. Pas de br\u00fblure de graisse &#8211; syst\u00e8me de r\u00e9duction des \u00e9missions de fum\u00e9e pour rendre son barbecue plus sain et plus s\u00fbr Id\u00e9al pour un syst\u00e8me de grillage et de cuisson indirecte et aussi pour une chaleur directe et une cuisson id\u00e9ale des steaks Sph\u00e8re, br\u00fbleur, [&hellip;]","og_url":"https:\/\/shop.bantam.ch\/fr\/produit\/grill-a-gaz-spherique-chelsea-420-g-avec-flexible-de-gaz\/","og_site_name":"Bantam Wankm\u00fcller SA","article_modified_time":"2026-04-19T00:20:08+00:00","twitter_card":"summary_large_image","twitter_misc":{"Dur\u00e9e de lecture estim\u00e9e":"1 minute"},"schema":{"@context":"https:\/\/schema.org","@graph":[{"@type":"WebPage","@id":"https:\/\/shop.bantam.ch\/fr\/produit\/grill-a-gaz-spherique-chelsea-420-g-avec-flexible-de-gaz\/","url":"https:\/\/shop.bantam.ch\/fr\/produit\/grill-a-gaz-spherique-chelsea-420-g-avec-flexible-de-gaz\/","name":"Grill \u00e0 gaz sph\u00e9rique Chelsea 420 G avec flexible de gaz - Bantam Wankm\u00fcller SA","isPartOf":{"@id":"https:\/\/shop.bantam.ch\/fr\/#website"},"primaryImageOfPage":{"@id":"https:\/\/shop.bantam.ch\/fr\/produit\/grill-a-gaz-spherique-chelsea-420-g-avec-flexible-de-gaz\/#primaryimage"},"image":{"@id":"https:\/\/shop.bantam.ch\/fr\/produit\/grill-a-gaz-spherique-chelsea-420-g-avec-flexible-de-gaz\/#primaryimage"},"thumbnailUrl":"https:\/\/shop.bantam.ch\/wp-content\/uploads\/2025\/12\/Movera-L-0016526100.jpg","datePublished":"2025-12-17T15:26:10+00:00","dateModified":"2026-04-19T00:20:08+00:00","breadcrumb":{"@id":"https:\/\/shop.bantam.ch\/fr\/produit\/grill-a-gaz-spherique-chelsea-420-g-avec-flexible-de-gaz\/#breadcrumb"},"inLanguage":"fr-FR","potentialAction":[{"@type":"ReadAction","target":["https:\/\/shop.bantam.ch\/fr\/produit\/grill-a-gaz-spherique-chelsea-420-g-avec-flexible-de-gaz\/"]}]},{"@type":"ImageObject","inLanguage":"fr-FR","@id":"https:\/\/shop.bantam.ch\/fr\/produit\/grill-a-gaz-spherique-chelsea-420-g-avec-flexible-de-gaz\/#primaryimage","url":"https:\/\/shop.bantam.ch\/wp-content\/uploads\/2025\/12\/Movera-L-0016526100.jpg","contentUrl":"https:\/\/shop.bantam.ch\/wp-content\/uploads\/2025\/12\/Movera-L-0016526100.jpg","width":337,"height":500},{"@type":"BreadcrumbList","@id":"https:\/\/shop.bantam.ch\/fr\/produit\/grill-a-gaz-spherique-chelsea-420-g-avec-flexible-de-gaz\/#breadcrumb","itemListElement":[{"@type":"ListItem","position":1,"name":"Accueil","item":"https:\/\/shop.bantam.ch\/fr\/"},{"@type":"ListItem","position":2,"name":"Boutique","item":"https:\/\/shop.bantam.ch\/fr\/boutique\/"},{"@type":"ListItem","position":3,"name":"Grill \u00e0 gaz sph\u00e9rique Chelsea 420 G avec flexible de gaz"}]},{"@type":"WebSite","@id":"https:\/\/shop.bantam.ch\/fr\/#website","url":"https:\/\/shop.bantam.ch\/fr\/","name":"Bantam Wankm\u00fcller SA","description":"","publisher":{"@id":"https:\/\/shop.bantam.ch\/fr\/#organization"},"inLanguage":"fr-FR"},{"@type":"Organization","@id":"https:\/\/shop.bantam.ch\/fr\/#organization","name":"Bantam Wankm\u00fcller SA","url":"https:\/\/shop.bantam.ch\/fr\/","logo":{"@type":"ImageObject","inLanguage":"fr-FR","@id":"https:\/\/shop.bantam.ch\/fr\/#\/schema\/logo\/image\/","url":"https:\/\/shop.bantam.ch\/wp-content\/uploads\/2022\/12\/bantam-logo.png","contentUrl":"https:\/\/shop.bantam.ch\/wp-content\/uploads\/2022\/12\/bantam-logo.png","width":320,"height":71,"caption":"Bantam Wankm\u00fcller SA"},"image":{"@id":"https:\/\/shop.bantam.ch\/fr\/#\/schema\/logo\/image\/"}}]}},"_links":{"self":[{"href":"https:\/\/shop.bantam.ch\/fr\/wp-json\/wp\/v2\/product\/226427","targetHints":{"allow":["GET"]}}],"collection":[{"href":"https:\/\/shop.bantam.ch\/fr\/wp-json\/wp\/v2\/product"}],"about":[{"href":"https:\/\/shop.bantam.ch\/fr\/wp-json\/wp\/v2\/types\/product"}],"wp:featuredmedia":[{"embeddable":true,"href":"https:\/\/shop.bantam.ch\/fr\/wp-json\/wp\/v2\/media\/226425"}],"wp:attachment":[{"href":"https:\/\/shop.bantam.ch\/fr\/wp-json\/wp\/v2\/media?parent=226427"}],"wp:term":[{"taxonomy":"product_featured_cat","embeddable":true,"href":"https:\/\/shop.bantam.ch\/fr\/wp-json\/wp\/v2\/product_featured_cat?post=226427"},{"taxonomy":"product_brand","embeddable":true,"href":"https:\/\/shop.bantam.ch\/fr\/wp-json\/wp\/v2\/product_brand?post=226427"},{"taxonomy":"product_cat","embeddable":true,"href":"https:\/\/shop.bantam.ch\/fr\/wp-json\/wp\/v2\/product_cat?post=226427"},{"taxonomy":"product_tag","embeddable":true,"href":"https:\/\/shop.bantam.ch\/fr\/wp-json\/wp\/v2\/product_tag?post=226427"}],"curies":[{"name":"wp","href":"https:\/\/api.w.org\/{rel}","templated":true}]}}