{"id":226223,"date":"2025-12-17T16:20:19","date_gmt":"2025-12-17T15:20:19","guid":{"rendered":"https:\/\/shop.bantam.ch\/produit\/gobelet-a-anse-mepal-flow-160-ml-couleur-noir\/"},"modified":"2026-05-02T23:39:01","modified_gmt":"2026-05-02T21:39:01","slug":"gobelet-a-anse-mepal-flow-160-ml-couleur-noir","status":"publish","type":"product","link":"https:\/\/shop.bantam.ch\/fr\/produit\/gobelet-a-anse-mepal-flow-160-ml-couleur-noir\/","title":{"rendered":"Gobelet \u00e0 anse MEPAL Flow 160 ml couleur noir"},"content":{"rendered":"<p>Gobelet Flow 160 ml de couleur noire. Ce petit gobelet Flow de Mepal est fabriqu\u00e9 en m\u00e9lamine, a une contenance de 160 ml et fait partie de la s\u00e9rie de vaisselle Flow. La vaisselle Flow se distingue par son design contemporain et sa facilit\u00e9 d&#8217;empilage. Tu peux facilement empiler les gobelets Flow, ils se rangent ainsi facilement dans les armoires (de cuisine) de ta caravane, de ton bateau ou de ta caravane. La vaisselle de loisirs Flow est disponible en plusieurs couleurs et d\u00e9cors et se compose de diff\u00e9rentes assiettes, bols de service, verres et gobelets. Tout se combine parfaitement !<\/p>\n","protected":false},"excerpt":{"rendered":"<p>Gobelet Flow 160 ml de couleur noire. Ce petit gobelet Flow de Mepal est fabriqu\u00e9 en m\u00e9lamine, a une contenance de 160 ml et fait partie de la s\u00e9rie de vaisselle Flow. La vaisselle Flow se distingue par son design contemporain et sa facilit\u00e9 d&#8217;empilage. Tu peux facilement empiler les gobelets Flow, ils se rangent [&hellip;]<\/p>\n","protected":false},"featured_media":226221,"template":"","meta":{"_acf_changed":false},"product_featured_cat":[],"product_brand":[],"product_cat":[4269],"product_tag":[],"class_list":{"0":"post-226223","1":"product","2":"type-product","3":"status-publish","4":"has-post-thumbnail","6":"product_cat-gobelets-tasses-et-verres","8":"first","9":"instock","10":"taxable","11":"shipping-taxable","12":"purchasable","13":"product-type-simple"},"acf":[],"yoast_head":"<!-- This site is optimized with the Yoast SEO plugin v27.5 - https:\/\/yoast.com\/product\/yoast-seo-wordpress\/ -->\n<title>Gobelet \u00e0 anse MEPAL Flow 160 ml couleur noir - Bantam<\/title>\n<meta name=\"robots\" content=\"index, follow, max-snippet:-1, max-image-preview:large, max-video-preview:-1\" \/>\n<link rel=\"canonical\" href=\"https:\/\/shop.bantam.ch\/fr\/produit\/gobelet-a-anse-mepal-flow-160-ml-couleur-noir\/\" \/>\n<meta property=\"og:locale\" content=\"fr_FR\" \/>\n<meta property=\"og:type\" content=\"article\" \/>\n<meta property=\"og:title\" content=\"Gobelet \u00e0 anse MEPAL Flow 160 ml couleur noir - Bantam\" \/>\n<meta property=\"og:description\" content=\"Gobelet Flow 160 ml de couleur noire. Ce petit gobelet Flow de Mepal est fabriqu\u00e9 en m\u00e9lamine, a une contenance de 160 ml et fait partie de la s\u00e9rie de vaisselle Flow. La vaisselle Flow se distingue par son design contemporain et sa facilit\u00e9 d&#8217;empilage. Tu peux facilement empiler les gobelets Flow, ils se rangent [&hellip;]\" \/>\n<meta property=\"og:url\" content=\"https:\/\/shop.bantam.ch\/fr\/produit\/gobelet-a-anse-mepal-flow-160-ml-couleur-noir\/\" \/>\n<meta property=\"og:site_name\" content=\"Bantam\" \/>\n<meta property=\"article:modified_time\" content=\"2026-05-02T21:39:01+00:00\" \/>\n<meta name=\"twitter:card\" content=\"summary_large_image\" \/>\n<meta name=\"twitter:label1\" content=\"Dur\u00e9e de lecture estim\u00e9e\" \/>\n\t<meta name=\"twitter:data1\" content=\"1 minute\" \/>\n<script type=\"application\/ld+json\" class=\"yoast-schema-graph\">{\"@context\":\"https:\\\/\\\/schema.org\",\"@graph\":[{\"@type\":\"WebPage\",\"@id\":\"https:\\\/\\\/shop.bantam.ch\\\/fr\\\/produit\\\/gobelet-a-anse-mepal-flow-160-ml-couleur-noir\\\/\",\"url\":\"https:\\\/\\\/shop.bantam.ch\\\/fr\\\/produit\\\/gobelet-a-anse-mepal-flow-160-ml-couleur-noir\\\/\",\"name\":\"Gobelet \u00e0 anse MEPAL Flow 160 ml couleur noir - Bantam\",\"isPartOf\":{\"@id\":\"https:\\\/\\\/shop.bantam.ch\\\/fr\\\/#website\"},\"primaryImageOfPage\":{\"@id\":\"https:\\\/\\\/shop.bantam.ch\\\/fr\\\/produit\\\/gobelet-a-anse-mepal-flow-160-ml-couleur-noir\\\/#primaryimage\"},\"image\":{\"@id\":\"https:\\\/\\\/shop.bantam.ch\\\/fr\\\/produit\\\/gobelet-a-anse-mepal-flow-160-ml-couleur-noir\\\/#primaryimage\"},\"thumbnailUrl\":\"https:\\\/\\\/shop.bantam.ch\\\/wp-content\\\/uploads\\\/2025\\\/12\\\/Movera-L-9934866200.jpg\",\"datePublished\":\"2025-12-17T15:20:19+00:00\",\"dateModified\":\"2026-05-02T21:39:01+00:00\",\"breadcrumb\":{\"@id\":\"https:\\\/\\\/shop.bantam.ch\\\/fr\\\/produit\\\/gobelet-a-anse-mepal-flow-160-ml-couleur-noir\\\/#breadcrumb\"},\"inLanguage\":\"fr-FR\",\"potentialAction\":[{\"@type\":\"ReadAction\",\"target\":[\"https:\\\/\\\/shop.bantam.ch\\\/fr\\\/produit\\\/gobelet-a-anse-mepal-flow-160-ml-couleur-noir\\\/\"]}]},{\"@type\":\"ImageObject\",\"inLanguage\":\"fr-FR\",\"@id\":\"https:\\\/\\\/shop.bantam.ch\\\/fr\\\/produit\\\/gobelet-a-anse-mepal-flow-160-ml-couleur-noir\\\/#primaryimage\",\"url\":\"https:\\\/\\\/shop.bantam.ch\\\/wp-content\\\/uploads\\\/2025\\\/12\\\/Movera-L-9934866200.jpg\",\"contentUrl\":\"https:\\\/\\\/shop.bantam.ch\\\/wp-content\\\/uploads\\\/2025\\\/12\\\/Movera-L-9934866200.jpg\",\"width\":640,\"height\":427},{\"@type\":\"BreadcrumbList\",\"@id\":\"https:\\\/\\\/shop.bantam.ch\\\/fr\\\/produit\\\/gobelet-a-anse-mepal-flow-160-ml-couleur-noir\\\/#breadcrumb\",\"itemListElement\":[{\"@type\":\"ListItem\",\"position\":1,\"name\":\"Accueil\",\"item\":\"https:\\\/\\\/shop.bantam.ch\\\/fr\\\/\"},{\"@type\":\"ListItem\",\"position\":2,\"name\":\"Boutique\",\"item\":\"https:\\\/\\\/shop.bantam.ch\\\/fr\\\/boutique\\\/\"},{\"@type\":\"ListItem\",\"position\":3,\"name\":\"Gobelet \u00e0 anse MEPAL Flow 160 ml couleur noir\"}]},{\"@type\":\"WebSite\",\"@id\":\"https:\\\/\\\/shop.bantam.ch\\\/fr\\\/#website\",\"url\":\"https:\\\/\\\/shop.bantam.ch\\\/fr\\\/\",\"name\":\"Bantam\",\"description\":\"\",\"publisher\":{\"@id\":\"https:\\\/\\\/shop.bantam.ch\\\/fr\\\/#organization\"},\"inLanguage\":\"fr-FR\"},{\"@type\":\"Organization\",\"@id\":\"https:\\\/\\\/shop.bantam.ch\\\/fr\\\/#organization\",\"name\":\"Bantam\",\"url\":\"https:\\\/\\\/shop.bantam.ch\\\/fr\\\/\",\"logo\":{\"@type\":\"ImageObject\",\"inLanguage\":\"fr-FR\",\"@id\":\"https:\\\/\\\/shop.bantam.ch\\\/fr\\\/#\\\/schema\\\/logo\\\/image\\\/\",\"url\":\"https:\\\/\\\/shop.bantam.ch\\\/wp-content\\\/uploads\\\/2022\\\/12\\\/bantam-logo.png\",\"contentUrl\":\"https:\\\/\\\/shop.bantam.ch\\\/wp-content\\\/uploads\\\/2022\\\/12\\\/bantam-logo.png\",\"width\":320,\"height\":71,\"caption\":\"Bantam\"},\"image\":{\"@id\":\"https:\\\/\\\/shop.bantam.ch\\\/fr\\\/#\\\/schema\\\/logo\\\/image\\\/\"}}]}<\/script>\n<!-- \/ Yoast SEO plugin. -->","yoast_head_json":{"title":"Gobelet \u00e0 anse MEPAL Flow 160 ml couleur noir - Bantam","robots":{"index":"index","follow":"follow","max-snippet":"max-snippet:-1","max-image-preview":"max-image-preview:large","max-video-preview":"max-video-preview:-1"},"canonical":"https:\/\/shop.bantam.ch\/fr\/produit\/gobelet-a-anse-mepal-flow-160-ml-couleur-noir\/","og_locale":"fr_FR","og_type":"article","og_title":"Gobelet \u00e0 anse MEPAL Flow 160 ml couleur noir - Bantam","og_description":"Gobelet Flow 160 ml de couleur noire. Ce petit gobelet Flow de Mepal est fabriqu\u00e9 en m\u00e9lamine, a une contenance de 160 ml et fait partie de la s\u00e9rie de vaisselle Flow. La vaisselle Flow se distingue par son design contemporain et sa facilit\u00e9 d&#8217;empilage. Tu peux facilement empiler les gobelets Flow, ils se rangent [&hellip;]","og_url":"https:\/\/shop.bantam.ch\/fr\/produit\/gobelet-a-anse-mepal-flow-160-ml-couleur-noir\/","og_site_name":"Bantam","article_modified_time":"2026-05-02T21:39:01+00:00","twitter_card":"summary_large_image","twitter_misc":{"Dur\u00e9e de lecture estim\u00e9e":"1 minute"},"schema":{"@context":"https:\/\/schema.org","@graph":[{"@type":"WebPage","@id":"https:\/\/shop.bantam.ch\/fr\/produit\/gobelet-a-anse-mepal-flow-160-ml-couleur-noir\/","url":"https:\/\/shop.bantam.ch\/fr\/produit\/gobelet-a-anse-mepal-flow-160-ml-couleur-noir\/","name":"Gobelet \u00e0 anse MEPAL Flow 160 ml couleur noir - Bantam","isPartOf":{"@id":"https:\/\/shop.bantam.ch\/fr\/#website"},"primaryImageOfPage":{"@id":"https:\/\/shop.bantam.ch\/fr\/produit\/gobelet-a-anse-mepal-flow-160-ml-couleur-noir\/#primaryimage"},"image":{"@id":"https:\/\/shop.bantam.ch\/fr\/produit\/gobelet-a-anse-mepal-flow-160-ml-couleur-noir\/#primaryimage"},"thumbnailUrl":"https:\/\/shop.bantam.ch\/wp-content\/uploads\/2025\/12\/Movera-L-9934866200.jpg","datePublished":"2025-12-17T15:20:19+00:00","dateModified":"2026-05-02T21:39:01+00:00","breadcrumb":{"@id":"https:\/\/shop.bantam.ch\/fr\/produit\/gobelet-a-anse-mepal-flow-160-ml-couleur-noir\/#breadcrumb"},"inLanguage":"fr-FR","potentialAction":[{"@type":"ReadAction","target":["https:\/\/shop.bantam.ch\/fr\/produit\/gobelet-a-anse-mepal-flow-160-ml-couleur-noir\/"]}]},{"@type":"ImageObject","inLanguage":"fr-FR","@id":"https:\/\/shop.bantam.ch\/fr\/produit\/gobelet-a-anse-mepal-flow-160-ml-couleur-noir\/#primaryimage","url":"https:\/\/shop.bantam.ch\/wp-content\/uploads\/2025\/12\/Movera-L-9934866200.jpg","contentUrl":"https:\/\/shop.bantam.ch\/wp-content\/uploads\/2025\/12\/Movera-L-9934866200.jpg","width":640,"height":427},{"@type":"BreadcrumbList","@id":"https:\/\/shop.bantam.ch\/fr\/produit\/gobelet-a-anse-mepal-flow-160-ml-couleur-noir\/#breadcrumb","itemListElement":[{"@type":"ListItem","position":1,"name":"Accueil","item":"https:\/\/shop.bantam.ch\/fr\/"},{"@type":"ListItem","position":2,"name":"Boutique","item":"https:\/\/shop.bantam.ch\/fr\/boutique\/"},{"@type":"ListItem","position":3,"name":"Gobelet \u00e0 anse MEPAL Flow 160 ml couleur noir"}]},{"@type":"WebSite","@id":"https:\/\/shop.bantam.ch\/fr\/#website","url":"https:\/\/shop.bantam.ch\/fr\/","name":"Bantam","description":"","publisher":{"@id":"https:\/\/shop.bantam.ch\/fr\/#organization"},"inLanguage":"fr-FR"},{"@type":"Organization","@id":"https:\/\/shop.bantam.ch\/fr\/#organization","name":"Bantam","url":"https:\/\/shop.bantam.ch\/fr\/","logo":{"@type":"ImageObject","inLanguage":"fr-FR","@id":"https:\/\/shop.bantam.ch\/fr\/#\/schema\/logo\/image\/","url":"https:\/\/shop.bantam.ch\/wp-content\/uploads\/2022\/12\/bantam-logo.png","contentUrl":"https:\/\/shop.bantam.ch\/wp-content\/uploads\/2022\/12\/bantam-logo.png","width":320,"height":71,"caption":"Bantam"},"image":{"@id":"https:\/\/shop.bantam.ch\/fr\/#\/schema\/logo\/image\/"}}]}},"_links":{"self":[{"href":"https:\/\/shop.bantam.ch\/fr\/wp-json\/wp\/v2\/product\/226223","targetHints":{"allow":["GET"]}}],"collection":[{"href":"https:\/\/shop.bantam.ch\/fr\/wp-json\/wp\/v2\/product"}],"about":[{"href":"https:\/\/shop.bantam.ch\/fr\/wp-json\/wp\/v2\/types\/product"}],"wp:featuredmedia":[{"embeddable":true,"href":"https:\/\/shop.bantam.ch\/fr\/wp-json\/wp\/v2\/media\/226221"}],"wp:attachment":[{"href":"https:\/\/shop.bantam.ch\/fr\/wp-json\/wp\/v2\/media?parent=226223"}],"wp:term":[{"taxonomy":"product_featured_cat","embeddable":true,"href":"https:\/\/shop.bantam.ch\/fr\/wp-json\/wp\/v2\/product_featured_cat?post=226223"},{"taxonomy":"product_brand","embeddable":true,"href":"https:\/\/shop.bantam.ch\/fr\/wp-json\/wp\/v2\/product_brand?post=226223"},{"taxonomy":"product_cat","embeddable":true,"href":"https:\/\/shop.bantam.ch\/fr\/wp-json\/wp\/v2\/product_cat?post=226223"},{"taxonomy":"product_tag","embeddable":true,"href":"https:\/\/shop.bantam.ch\/fr\/wp-json\/wp\/v2\/product_tag?post=226223"}],"curies":[{"name":"wp","href":"https:\/\/api.w.org\/{rel}","templated":true}]}}