{"id":226219,"date":"2025-12-17T16:20:07","date_gmt":"2025-12-17T15:20:07","guid":{"rendered":"https:\/\/shop.bantam.ch\/produit\/telecommande-buttner-e-bike-on-fur-600-si-n-1200-si-si-n\/"},"modified":"2026-05-02T23:39:00","modified_gmt":"2026-05-02T21:39:00","slug":"telecommande-buttner-e-bike-on-fur-600-si-n-1200-si-si-n","status":"publish","type":"product","link":"https:\/\/shop.bantam.ch\/fr\/produit\/telecommande-buttner-e-bike-on-fur-600-si-n-1200-si-si-n\/","title":{"rendered":"T\u00e9l\u00e9commande B\u00fcttner E-Bike-ON f\u00fcr 600 SI-N\/ 1200 SI\/ SI-N"},"content":{"rendered":"<p>Pour les appareils MT en version 600 W et 1200 W, la fonction \u00ab\u00a0e-bike\u00a0\u00bb est disponible en option. Celle-ci permet de charger deux batteries de v\u00e9lo usuelles pendant le trajet. Il suffit de brancher la station de charge existante dans l&rsquo;onduleur. Lorsque le v\u00e9hicule est d\u00e9marr\u00e9 (ou que le contact est mis), l&rsquo;onduleur d\u00e9marre automatiquement et se charge. Si le v\u00e9hicule est arr\u00eat\u00e9, l&rsquo;onduleur est d\u00e9connect\u00e9 et la charge est interrompue. Veillez toutefois \u00e0 ce que le c\u00e2blage de la batterie de bord et le booster \u00e9ventuellement pr\u00e9sent soient con\u00e7us pour la puissance requise.<\/p>\n<\/p>\n<ul>\n<li>Pour le MT 600 SI-N<\/li>\n<\/ul><\/p>\n","protected":false},"excerpt":{"rendered":"<p>Pour les appareils MT en version 600 W et 1200 W, la fonction \u00ab\u00a0e-bike\u00a0\u00bb est disponible en option. Celle-ci permet de charger deux batteries de v\u00e9lo usuelles pendant le trajet. Il suffit de brancher la station de charge existante dans l&rsquo;onduleur. Lorsque le v\u00e9hicule est d\u00e9marr\u00e9 (ou que le contact est mis), l&rsquo;onduleur d\u00e9marre automatiquement [&hellip;]<\/p>\n","protected":false},"featured_media":226217,"template":"","meta":{"_acf_changed":false},"product_featured_cat":[],"product_brand":[],"product_cat":[4169],"product_tag":[],"class_list":{"0":"post-226219","1":"product","2":"type-product","3":"status-publish","4":"has-post-thumbnail","6":"product_cat-onduleurs","8":"first","9":"instock","10":"taxable","11":"shipping-taxable","12":"purchasable","13":"product-type-simple"},"acf":[],"yoast_head":"<!-- This site is optimized with the Yoast SEO plugin v27.5 - https:\/\/yoast.com\/product\/yoast-seo-wordpress\/ -->\n<title>T\u00e9l\u00e9commande B\u00fcttner E-Bike-ON f\u00fcr 600 SI-N\/ 1200 SI\/ SI-N - Bantam<\/title>\n<meta name=\"robots\" content=\"index, follow, max-snippet:-1, max-image-preview:large, max-video-preview:-1\" \/>\n<link rel=\"canonical\" href=\"https:\/\/shop.bantam.ch\/fr\/produit\/telecommande-buttner-e-bike-on-fur-600-si-n-1200-si-si-n\/\" \/>\n<meta property=\"og:locale\" content=\"fr_FR\" \/>\n<meta property=\"og:type\" content=\"article\" \/>\n<meta property=\"og:title\" content=\"T\u00e9l\u00e9commande B\u00fcttner E-Bike-ON f\u00fcr 600 SI-N\/ 1200 SI\/ SI-N - Bantam\" \/>\n<meta property=\"og:description\" content=\"Pour les appareils MT en version 600 W et 1200 W, la fonction \u00ab\u00a0e-bike\u00a0\u00bb est disponible en option. Celle-ci permet de charger deux batteries de v\u00e9lo usuelles pendant le trajet. Il suffit de brancher la station de charge existante dans l&rsquo;onduleur. Lorsque le v\u00e9hicule est d\u00e9marr\u00e9 (ou que le contact est mis), l&rsquo;onduleur d\u00e9marre automatiquement [&hellip;]\" \/>\n<meta property=\"og:url\" content=\"https:\/\/shop.bantam.ch\/fr\/produit\/telecommande-buttner-e-bike-on-fur-600-si-n-1200-si-si-n\/\" \/>\n<meta property=\"og:site_name\" content=\"Bantam\" \/>\n<meta property=\"article:modified_time\" content=\"2026-05-02T21:39:00+00:00\" \/>\n<meta name=\"twitter:card\" content=\"summary_large_image\" \/>\n<meta name=\"twitter:label1\" content=\"Dur\u00e9e de lecture estim\u00e9e\" \/>\n\t<meta name=\"twitter:data1\" content=\"1 minute\" \/>\n<script type=\"application\/ld+json\" class=\"yoast-schema-graph\">{\"@context\":\"https:\\\/\\\/schema.org\",\"@graph\":[{\"@type\":\"WebPage\",\"@id\":\"https:\\\/\\\/shop.bantam.ch\\\/fr\\\/produit\\\/telecommande-buttner-e-bike-on-fur-600-si-n-1200-si-si-n\\\/\",\"url\":\"https:\\\/\\\/shop.bantam.ch\\\/fr\\\/produit\\\/telecommande-buttner-e-bike-on-fur-600-si-n-1200-si-si-n\\\/\",\"name\":\"T\u00e9l\u00e9commande B\u00fcttner E-Bike-ON f\u00fcr 600 SI-N\\\/ 1200 SI\\\/ SI-N - Bantam\",\"isPartOf\":{\"@id\":\"https:\\\/\\\/shop.bantam.ch\\\/fr\\\/#website\"},\"primaryImageOfPage\":{\"@id\":\"https:\\\/\\\/shop.bantam.ch\\\/fr\\\/produit\\\/telecommande-buttner-e-bike-on-fur-600-si-n-1200-si-si-n\\\/#primaryimage\"},\"image\":{\"@id\":\"https:\\\/\\\/shop.bantam.ch\\\/fr\\\/produit\\\/telecommande-buttner-e-bike-on-fur-600-si-n-1200-si-si-n\\\/#primaryimage\"},\"thumbnailUrl\":\"https:\\\/\\\/shop.bantam.ch\\\/wp-content\\\/uploads\\\/2025\\\/12\\\/Movera-L-9930713100.jpg\",\"datePublished\":\"2025-12-17T15:20:07+00:00\",\"dateModified\":\"2026-05-02T21:39:00+00:00\",\"breadcrumb\":{\"@id\":\"https:\\\/\\\/shop.bantam.ch\\\/fr\\\/produit\\\/telecommande-buttner-e-bike-on-fur-600-si-n-1200-si-si-n\\\/#breadcrumb\"},\"inLanguage\":\"fr-FR\",\"potentialAction\":[{\"@type\":\"ReadAction\",\"target\":[\"https:\\\/\\\/shop.bantam.ch\\\/fr\\\/produit\\\/telecommande-buttner-e-bike-on-fur-600-si-n-1200-si-si-n\\\/\"]}]},{\"@type\":\"ImageObject\",\"inLanguage\":\"fr-FR\",\"@id\":\"https:\\\/\\\/shop.bantam.ch\\\/fr\\\/produit\\\/telecommande-buttner-e-bike-on-fur-600-si-n-1200-si-si-n\\\/#primaryimage\",\"url\":\"https:\\\/\\\/shop.bantam.ch\\\/wp-content\\\/uploads\\\/2025\\\/12\\\/Movera-L-9930713100.jpg\",\"contentUrl\":\"https:\\\/\\\/shop.bantam.ch\\\/wp-content\\\/uploads\\\/2025\\\/12\\\/Movera-L-9930713100.jpg\",\"width\":640,\"height\":221},{\"@type\":\"BreadcrumbList\",\"@id\":\"https:\\\/\\\/shop.bantam.ch\\\/fr\\\/produit\\\/telecommande-buttner-e-bike-on-fur-600-si-n-1200-si-si-n\\\/#breadcrumb\",\"itemListElement\":[{\"@type\":\"ListItem\",\"position\":1,\"name\":\"Accueil\",\"item\":\"https:\\\/\\\/shop.bantam.ch\\\/fr\\\/\"},{\"@type\":\"ListItem\",\"position\":2,\"name\":\"Boutique\",\"item\":\"https:\\\/\\\/shop.bantam.ch\\\/fr\\\/boutique\\\/\"},{\"@type\":\"ListItem\",\"position\":3,\"name\":\"T\u00e9l\u00e9commande B\u00fcttner E-Bike-ON f\u00fcr 600 SI-N\\\/ 1200 SI\\\/ SI-N\"}]},{\"@type\":\"WebSite\",\"@id\":\"https:\\\/\\\/shop.bantam.ch\\\/fr\\\/#website\",\"url\":\"https:\\\/\\\/shop.bantam.ch\\\/fr\\\/\",\"name\":\"Bantam\",\"description\":\"\",\"publisher\":{\"@id\":\"https:\\\/\\\/shop.bantam.ch\\\/fr\\\/#organization\"},\"inLanguage\":\"fr-FR\"},{\"@type\":\"Organization\",\"@id\":\"https:\\\/\\\/shop.bantam.ch\\\/fr\\\/#organization\",\"name\":\"Bantam\",\"url\":\"https:\\\/\\\/shop.bantam.ch\\\/fr\\\/\",\"logo\":{\"@type\":\"ImageObject\",\"inLanguage\":\"fr-FR\",\"@id\":\"https:\\\/\\\/shop.bantam.ch\\\/fr\\\/#\\\/schema\\\/logo\\\/image\\\/\",\"url\":\"https:\\\/\\\/shop.bantam.ch\\\/wp-content\\\/uploads\\\/2022\\\/12\\\/bantam-logo.png\",\"contentUrl\":\"https:\\\/\\\/shop.bantam.ch\\\/wp-content\\\/uploads\\\/2022\\\/12\\\/bantam-logo.png\",\"width\":320,\"height\":71,\"caption\":\"Bantam\"},\"image\":{\"@id\":\"https:\\\/\\\/shop.bantam.ch\\\/fr\\\/#\\\/schema\\\/logo\\\/image\\\/\"}}]}<\/script>\n<!-- \/ Yoast SEO plugin. -->","yoast_head_json":{"title":"T\u00e9l\u00e9commande B\u00fcttner E-Bike-ON f\u00fcr 600 SI-N\/ 1200 SI\/ SI-N - Bantam","robots":{"index":"index","follow":"follow","max-snippet":"max-snippet:-1","max-image-preview":"max-image-preview:large","max-video-preview":"max-video-preview:-1"},"canonical":"https:\/\/shop.bantam.ch\/fr\/produit\/telecommande-buttner-e-bike-on-fur-600-si-n-1200-si-si-n\/","og_locale":"fr_FR","og_type":"article","og_title":"T\u00e9l\u00e9commande B\u00fcttner E-Bike-ON f\u00fcr 600 SI-N\/ 1200 SI\/ SI-N - Bantam","og_description":"Pour les appareils MT en version 600 W et 1200 W, la fonction \u00ab\u00a0e-bike\u00a0\u00bb est disponible en option. Celle-ci permet de charger deux batteries de v\u00e9lo usuelles pendant le trajet. Il suffit de brancher la station de charge existante dans l&rsquo;onduleur. Lorsque le v\u00e9hicule est d\u00e9marr\u00e9 (ou que le contact est mis), l&rsquo;onduleur d\u00e9marre automatiquement [&hellip;]","og_url":"https:\/\/shop.bantam.ch\/fr\/produit\/telecommande-buttner-e-bike-on-fur-600-si-n-1200-si-si-n\/","og_site_name":"Bantam","article_modified_time":"2026-05-02T21:39:00+00:00","twitter_card":"summary_large_image","twitter_misc":{"Dur\u00e9e de lecture estim\u00e9e":"1 minute"},"schema":{"@context":"https:\/\/schema.org","@graph":[{"@type":"WebPage","@id":"https:\/\/shop.bantam.ch\/fr\/produit\/telecommande-buttner-e-bike-on-fur-600-si-n-1200-si-si-n\/","url":"https:\/\/shop.bantam.ch\/fr\/produit\/telecommande-buttner-e-bike-on-fur-600-si-n-1200-si-si-n\/","name":"T\u00e9l\u00e9commande B\u00fcttner E-Bike-ON f\u00fcr 600 SI-N\/ 1200 SI\/ SI-N - Bantam","isPartOf":{"@id":"https:\/\/shop.bantam.ch\/fr\/#website"},"primaryImageOfPage":{"@id":"https:\/\/shop.bantam.ch\/fr\/produit\/telecommande-buttner-e-bike-on-fur-600-si-n-1200-si-si-n\/#primaryimage"},"image":{"@id":"https:\/\/shop.bantam.ch\/fr\/produit\/telecommande-buttner-e-bike-on-fur-600-si-n-1200-si-si-n\/#primaryimage"},"thumbnailUrl":"https:\/\/shop.bantam.ch\/wp-content\/uploads\/2025\/12\/Movera-L-9930713100.jpg","datePublished":"2025-12-17T15:20:07+00:00","dateModified":"2026-05-02T21:39:00+00:00","breadcrumb":{"@id":"https:\/\/shop.bantam.ch\/fr\/produit\/telecommande-buttner-e-bike-on-fur-600-si-n-1200-si-si-n\/#breadcrumb"},"inLanguage":"fr-FR","potentialAction":[{"@type":"ReadAction","target":["https:\/\/shop.bantam.ch\/fr\/produit\/telecommande-buttner-e-bike-on-fur-600-si-n-1200-si-si-n\/"]}]},{"@type":"ImageObject","inLanguage":"fr-FR","@id":"https:\/\/shop.bantam.ch\/fr\/produit\/telecommande-buttner-e-bike-on-fur-600-si-n-1200-si-si-n\/#primaryimage","url":"https:\/\/shop.bantam.ch\/wp-content\/uploads\/2025\/12\/Movera-L-9930713100.jpg","contentUrl":"https:\/\/shop.bantam.ch\/wp-content\/uploads\/2025\/12\/Movera-L-9930713100.jpg","width":640,"height":221},{"@type":"BreadcrumbList","@id":"https:\/\/shop.bantam.ch\/fr\/produit\/telecommande-buttner-e-bike-on-fur-600-si-n-1200-si-si-n\/#breadcrumb","itemListElement":[{"@type":"ListItem","position":1,"name":"Accueil","item":"https:\/\/shop.bantam.ch\/fr\/"},{"@type":"ListItem","position":2,"name":"Boutique","item":"https:\/\/shop.bantam.ch\/fr\/boutique\/"},{"@type":"ListItem","position":3,"name":"T\u00e9l\u00e9commande B\u00fcttner E-Bike-ON f\u00fcr 600 SI-N\/ 1200 SI\/ SI-N"}]},{"@type":"WebSite","@id":"https:\/\/shop.bantam.ch\/fr\/#website","url":"https:\/\/shop.bantam.ch\/fr\/","name":"Bantam","description":"","publisher":{"@id":"https:\/\/shop.bantam.ch\/fr\/#organization"},"inLanguage":"fr-FR"},{"@type":"Organization","@id":"https:\/\/shop.bantam.ch\/fr\/#organization","name":"Bantam","url":"https:\/\/shop.bantam.ch\/fr\/","logo":{"@type":"ImageObject","inLanguage":"fr-FR","@id":"https:\/\/shop.bantam.ch\/fr\/#\/schema\/logo\/image\/","url":"https:\/\/shop.bantam.ch\/wp-content\/uploads\/2022\/12\/bantam-logo.png","contentUrl":"https:\/\/shop.bantam.ch\/wp-content\/uploads\/2022\/12\/bantam-logo.png","width":320,"height":71,"caption":"Bantam"},"image":{"@id":"https:\/\/shop.bantam.ch\/fr\/#\/schema\/logo\/image\/"}}]}},"_links":{"self":[{"href":"https:\/\/shop.bantam.ch\/fr\/wp-json\/wp\/v2\/product\/226219","targetHints":{"allow":["GET"]}}],"collection":[{"href":"https:\/\/shop.bantam.ch\/fr\/wp-json\/wp\/v2\/product"}],"about":[{"href":"https:\/\/shop.bantam.ch\/fr\/wp-json\/wp\/v2\/types\/product"}],"wp:featuredmedia":[{"embeddable":true,"href":"https:\/\/shop.bantam.ch\/fr\/wp-json\/wp\/v2\/media\/226217"}],"wp:attachment":[{"href":"https:\/\/shop.bantam.ch\/fr\/wp-json\/wp\/v2\/media?parent=226219"}],"wp:term":[{"taxonomy":"product_featured_cat","embeddable":true,"href":"https:\/\/shop.bantam.ch\/fr\/wp-json\/wp\/v2\/product_featured_cat?post=226219"},{"taxonomy":"product_brand","embeddable":true,"href":"https:\/\/shop.bantam.ch\/fr\/wp-json\/wp\/v2\/product_brand?post=226219"},{"taxonomy":"product_cat","embeddable":true,"href":"https:\/\/shop.bantam.ch\/fr\/wp-json\/wp\/v2\/product_cat?post=226219"},{"taxonomy":"product_tag","embeddable":true,"href":"https:\/\/shop.bantam.ch\/fr\/wp-json\/wp\/v2\/product_tag?post=226219"}],"curies":[{"name":"wp","href":"https:\/\/api.w.org\/{rel}","templated":true}]}}