{"id":226187,"date":"2025-12-17T16:19:05","date_gmt":"2025-12-17T15:19:05","guid":{"rendered":"https:\/\/shop.bantam.ch\/produit\/ordinateur-de-batterie-buttner-mt-5000-h-avec-shunt-400-a\/"},"modified":"2026-05-01T23:39:25","modified_gmt":"2026-05-01T21:39:25","slug":"ordinateur-de-batterie-buttner-mt-5000-h-avec-shunt-400-a","status":"publish","type":"product","link":"https:\/\/shop.bantam.ch\/fr\/produit\/ordinateur-de-batterie-buttner-mt-5000-h-avec-shunt-400-a\/","title":{"rendered":"Ordinateur de batterie B\u00fcttner MT 5000 H avec shunt 400 A"},"content":{"rendered":"<p>Toute personne, qui utilise d\u00e9j\u00e0 une installation solaire, peut utiliser pour commande l\u2019ordinateur de batterie MT 4000 H.  Une fois reli\u00e9 au syst\u00e8me autonome hybride existant, il prend en charge les fonctions de commande de l\u2018installation et indique le courant de charge\/d\u00e9charge et la capacit\u00e9 encore disponible dans la batterie de bord. \u00c9quip\u00e9 d\u2018un shunt 400A, m\u00eame les courants tr\u00e8s \u00e9lev\u00e9s peuvent \u00eatre mesur\u00e9s. <\/p>\n<ul>\n<li>Puissance absorb\u00e9e\u00a08 mA<\/li>\n<li>Puissance de sortie : 45 A \/ 50 A<\/li>\n<li>Profondeur de montage 15 mm<\/li>\n<\/ul>\n","protected":false},"excerpt":{"rendered":"<p>Toute personne, qui utilise d\u00e9j\u00e0 une installation solaire, peut utiliser pour commande l\u2019ordinateur de batterie MT 4000 H. Une fois reli\u00e9 au syst\u00e8me autonome hybride existant, il prend en charge les fonctions de commande de l\u2018installation et indique le courant de charge\/d\u00e9charge et la capacit\u00e9 encore disponible dans la batterie de bord. \u00c9quip\u00e9 d\u2018un shunt [&hellip;]<\/p>\n","protected":false},"featured_media":226185,"template":"","meta":{"_acf_changed":false},"product_featured_cat":[],"product_brand":[],"product_cat":[4191],"product_tag":[],"class_list":{"0":"post-226187","1":"product","2":"type-product","3":"status-publish","4":"has-post-thumbnail","6":"product_cat-panneaux-daffichage","8":"first","9":"instock","10":"taxable","11":"shipping-taxable","12":"purchasable","13":"product-type-simple"},"acf":[],"yoast_head":"<!-- This site is optimized with the Yoast SEO plugin v27.5 - https:\/\/yoast.com\/product\/yoast-seo-wordpress\/ -->\n<title>Ordinateur de batterie B\u00fcttner MT 5000 H avec shunt 400 A - Bantam<\/title>\n<meta name=\"robots\" content=\"index, follow, max-snippet:-1, max-image-preview:large, max-video-preview:-1\" \/>\n<link rel=\"canonical\" href=\"https:\/\/shop.bantam.ch\/fr\/produit\/ordinateur-de-batterie-buttner-mt-5000-h-avec-shunt-400-a\/\" \/>\n<meta property=\"og:locale\" content=\"fr_FR\" \/>\n<meta property=\"og:type\" content=\"article\" \/>\n<meta property=\"og:title\" content=\"Ordinateur de batterie B\u00fcttner MT 5000 H avec shunt 400 A - Bantam\" \/>\n<meta property=\"og:description\" content=\"Toute personne, qui utilise d\u00e9j\u00e0 une installation solaire, peut utiliser pour commande l\u2019ordinateur de batterie MT 4000 H. Une fois reli\u00e9 au syst\u00e8me autonome hybride existant, il prend en charge les fonctions de commande de l\u2018installation et indique le courant de charge\/d\u00e9charge et la capacit\u00e9 encore disponible dans la batterie de bord. \u00c9quip\u00e9 d\u2018un shunt [&hellip;]\" \/>\n<meta property=\"og:url\" content=\"https:\/\/shop.bantam.ch\/fr\/produit\/ordinateur-de-batterie-buttner-mt-5000-h-avec-shunt-400-a\/\" \/>\n<meta property=\"og:site_name\" content=\"Bantam\" \/>\n<meta property=\"article:modified_time\" content=\"2026-05-01T21:39:25+00:00\" \/>\n<meta name=\"twitter:card\" content=\"summary_large_image\" \/>\n<script type=\"application\/ld+json\" class=\"yoast-schema-graph\">{\"@context\":\"https:\\\/\\\/schema.org\",\"@graph\":[{\"@type\":\"WebPage\",\"@id\":\"https:\\\/\\\/shop.bantam.ch\\\/fr\\\/produit\\\/ordinateur-de-batterie-buttner-mt-5000-h-avec-shunt-400-a\\\/\",\"url\":\"https:\\\/\\\/shop.bantam.ch\\\/fr\\\/produit\\\/ordinateur-de-batterie-buttner-mt-5000-h-avec-shunt-400-a\\\/\",\"name\":\"Ordinateur de batterie B\u00fcttner MT 5000 H avec shunt 400 A - Bantam\",\"isPartOf\":{\"@id\":\"https:\\\/\\\/shop.bantam.ch\\\/fr\\\/#website\"},\"primaryImageOfPage\":{\"@id\":\"https:\\\/\\\/shop.bantam.ch\\\/fr\\\/produit\\\/ordinateur-de-batterie-buttner-mt-5000-h-avec-shunt-400-a\\\/#primaryimage\"},\"image\":{\"@id\":\"https:\\\/\\\/shop.bantam.ch\\\/fr\\\/produit\\\/ordinateur-de-batterie-buttner-mt-5000-h-avec-shunt-400-a\\\/#primaryimage\"},\"thumbnailUrl\":\"https:\\\/\\\/shop.bantam.ch\\\/wp-content\\\/uploads\\\/2025\\\/12\\\/Movera-L-9932154100.jpg\",\"datePublished\":\"2025-12-17T15:19:05+00:00\",\"dateModified\":\"2026-05-01T21:39:25+00:00\",\"breadcrumb\":{\"@id\":\"https:\\\/\\\/shop.bantam.ch\\\/fr\\\/produit\\\/ordinateur-de-batterie-buttner-mt-5000-h-avec-shunt-400-a\\\/#breadcrumb\"},\"inLanguage\":\"fr-FR\",\"potentialAction\":[{\"@type\":\"ReadAction\",\"target\":[\"https:\\\/\\\/shop.bantam.ch\\\/fr\\\/produit\\\/ordinateur-de-batterie-buttner-mt-5000-h-avec-shunt-400-a\\\/\"]}]},{\"@type\":\"ImageObject\",\"inLanguage\":\"fr-FR\",\"@id\":\"https:\\\/\\\/shop.bantam.ch\\\/fr\\\/produit\\\/ordinateur-de-batterie-buttner-mt-5000-h-avec-shunt-400-a\\\/#primaryimage\",\"url\":\"https:\\\/\\\/shop.bantam.ch\\\/wp-content\\\/uploads\\\/2025\\\/12\\\/Movera-L-9932154100.jpg\",\"contentUrl\":\"https:\\\/\\\/shop.bantam.ch\\\/wp-content\\\/uploads\\\/2025\\\/12\\\/Movera-L-9932154100.jpg\",\"width\":640,\"height\":766},{\"@type\":\"BreadcrumbList\",\"@id\":\"https:\\\/\\\/shop.bantam.ch\\\/fr\\\/produit\\\/ordinateur-de-batterie-buttner-mt-5000-h-avec-shunt-400-a\\\/#breadcrumb\",\"itemListElement\":[{\"@type\":\"ListItem\",\"position\":1,\"name\":\"Accueil\",\"item\":\"https:\\\/\\\/shop.bantam.ch\\\/fr\\\/\"},{\"@type\":\"ListItem\",\"position\":2,\"name\":\"Boutique\",\"item\":\"https:\\\/\\\/shop.bantam.ch\\\/fr\\\/boutique\\\/\"},{\"@type\":\"ListItem\",\"position\":3,\"name\":\"Ordinateur de batterie B\u00fcttner MT 5000 H avec shunt 400 A\"}]},{\"@type\":\"WebSite\",\"@id\":\"https:\\\/\\\/shop.bantam.ch\\\/fr\\\/#website\",\"url\":\"https:\\\/\\\/shop.bantam.ch\\\/fr\\\/\",\"name\":\"Bantam\",\"description\":\"\",\"publisher\":{\"@id\":\"https:\\\/\\\/shop.bantam.ch\\\/fr\\\/#organization\"},\"inLanguage\":\"fr-FR\"},{\"@type\":\"Organization\",\"@id\":\"https:\\\/\\\/shop.bantam.ch\\\/fr\\\/#organization\",\"name\":\"Bantam\",\"url\":\"https:\\\/\\\/shop.bantam.ch\\\/fr\\\/\",\"logo\":{\"@type\":\"ImageObject\",\"inLanguage\":\"fr-FR\",\"@id\":\"https:\\\/\\\/shop.bantam.ch\\\/fr\\\/#\\\/schema\\\/logo\\\/image\\\/\",\"url\":\"https:\\\/\\\/shop.bantam.ch\\\/wp-content\\\/uploads\\\/2022\\\/12\\\/bantam-logo.png\",\"contentUrl\":\"https:\\\/\\\/shop.bantam.ch\\\/wp-content\\\/uploads\\\/2022\\\/12\\\/bantam-logo.png\",\"width\":320,\"height\":71,\"caption\":\"Bantam\"},\"image\":{\"@id\":\"https:\\\/\\\/shop.bantam.ch\\\/fr\\\/#\\\/schema\\\/logo\\\/image\\\/\"}}]}<\/script>\n<!-- \/ Yoast SEO plugin. -->","yoast_head_json":{"title":"Ordinateur de batterie B\u00fcttner MT 5000 H avec shunt 400 A - Bantam","robots":{"index":"index","follow":"follow","max-snippet":"max-snippet:-1","max-image-preview":"max-image-preview:large","max-video-preview":"max-video-preview:-1"},"canonical":"https:\/\/shop.bantam.ch\/fr\/produit\/ordinateur-de-batterie-buttner-mt-5000-h-avec-shunt-400-a\/","og_locale":"fr_FR","og_type":"article","og_title":"Ordinateur de batterie B\u00fcttner MT 5000 H avec shunt 400 A - Bantam","og_description":"Toute personne, qui utilise d\u00e9j\u00e0 une installation solaire, peut utiliser pour commande l\u2019ordinateur de batterie MT 4000 H. Une fois reli\u00e9 au syst\u00e8me autonome hybride existant, il prend en charge les fonctions de commande de l\u2018installation et indique le courant de charge\/d\u00e9charge et la capacit\u00e9 encore disponible dans la batterie de bord. \u00c9quip\u00e9 d\u2018un shunt [&hellip;]","og_url":"https:\/\/shop.bantam.ch\/fr\/produit\/ordinateur-de-batterie-buttner-mt-5000-h-avec-shunt-400-a\/","og_site_name":"Bantam","article_modified_time":"2026-05-01T21:39:25+00:00","twitter_card":"summary_large_image","schema":{"@context":"https:\/\/schema.org","@graph":[{"@type":"WebPage","@id":"https:\/\/shop.bantam.ch\/fr\/produit\/ordinateur-de-batterie-buttner-mt-5000-h-avec-shunt-400-a\/","url":"https:\/\/shop.bantam.ch\/fr\/produit\/ordinateur-de-batterie-buttner-mt-5000-h-avec-shunt-400-a\/","name":"Ordinateur de batterie B\u00fcttner MT 5000 H avec shunt 400 A - Bantam","isPartOf":{"@id":"https:\/\/shop.bantam.ch\/fr\/#website"},"primaryImageOfPage":{"@id":"https:\/\/shop.bantam.ch\/fr\/produit\/ordinateur-de-batterie-buttner-mt-5000-h-avec-shunt-400-a\/#primaryimage"},"image":{"@id":"https:\/\/shop.bantam.ch\/fr\/produit\/ordinateur-de-batterie-buttner-mt-5000-h-avec-shunt-400-a\/#primaryimage"},"thumbnailUrl":"https:\/\/shop.bantam.ch\/wp-content\/uploads\/2025\/12\/Movera-L-9932154100.jpg","datePublished":"2025-12-17T15:19:05+00:00","dateModified":"2026-05-01T21:39:25+00:00","breadcrumb":{"@id":"https:\/\/shop.bantam.ch\/fr\/produit\/ordinateur-de-batterie-buttner-mt-5000-h-avec-shunt-400-a\/#breadcrumb"},"inLanguage":"fr-FR","potentialAction":[{"@type":"ReadAction","target":["https:\/\/shop.bantam.ch\/fr\/produit\/ordinateur-de-batterie-buttner-mt-5000-h-avec-shunt-400-a\/"]}]},{"@type":"ImageObject","inLanguage":"fr-FR","@id":"https:\/\/shop.bantam.ch\/fr\/produit\/ordinateur-de-batterie-buttner-mt-5000-h-avec-shunt-400-a\/#primaryimage","url":"https:\/\/shop.bantam.ch\/wp-content\/uploads\/2025\/12\/Movera-L-9932154100.jpg","contentUrl":"https:\/\/shop.bantam.ch\/wp-content\/uploads\/2025\/12\/Movera-L-9932154100.jpg","width":640,"height":766},{"@type":"BreadcrumbList","@id":"https:\/\/shop.bantam.ch\/fr\/produit\/ordinateur-de-batterie-buttner-mt-5000-h-avec-shunt-400-a\/#breadcrumb","itemListElement":[{"@type":"ListItem","position":1,"name":"Accueil","item":"https:\/\/shop.bantam.ch\/fr\/"},{"@type":"ListItem","position":2,"name":"Boutique","item":"https:\/\/shop.bantam.ch\/fr\/boutique\/"},{"@type":"ListItem","position":3,"name":"Ordinateur de batterie B\u00fcttner MT 5000 H avec shunt 400 A"}]},{"@type":"WebSite","@id":"https:\/\/shop.bantam.ch\/fr\/#website","url":"https:\/\/shop.bantam.ch\/fr\/","name":"Bantam","description":"","publisher":{"@id":"https:\/\/shop.bantam.ch\/fr\/#organization"},"inLanguage":"fr-FR"},{"@type":"Organization","@id":"https:\/\/shop.bantam.ch\/fr\/#organization","name":"Bantam","url":"https:\/\/shop.bantam.ch\/fr\/","logo":{"@type":"ImageObject","inLanguage":"fr-FR","@id":"https:\/\/shop.bantam.ch\/fr\/#\/schema\/logo\/image\/","url":"https:\/\/shop.bantam.ch\/wp-content\/uploads\/2022\/12\/bantam-logo.png","contentUrl":"https:\/\/shop.bantam.ch\/wp-content\/uploads\/2022\/12\/bantam-logo.png","width":320,"height":71,"caption":"Bantam"},"image":{"@id":"https:\/\/shop.bantam.ch\/fr\/#\/schema\/logo\/image\/"}}]}},"_links":{"self":[{"href":"https:\/\/shop.bantam.ch\/fr\/wp-json\/wp\/v2\/product\/226187","targetHints":{"allow":["GET"]}}],"collection":[{"href":"https:\/\/shop.bantam.ch\/fr\/wp-json\/wp\/v2\/product"}],"about":[{"href":"https:\/\/shop.bantam.ch\/fr\/wp-json\/wp\/v2\/types\/product"}],"wp:featuredmedia":[{"embeddable":true,"href":"https:\/\/shop.bantam.ch\/fr\/wp-json\/wp\/v2\/media\/226185"}],"wp:attachment":[{"href":"https:\/\/shop.bantam.ch\/fr\/wp-json\/wp\/v2\/media?parent=226187"}],"wp:term":[{"taxonomy":"product_featured_cat","embeddable":true,"href":"https:\/\/shop.bantam.ch\/fr\/wp-json\/wp\/v2\/product_featured_cat?post=226187"},{"taxonomy":"product_brand","embeddable":true,"href":"https:\/\/shop.bantam.ch\/fr\/wp-json\/wp\/v2\/product_brand?post=226187"},{"taxonomy":"product_cat","embeddable":true,"href":"https:\/\/shop.bantam.ch\/fr\/wp-json\/wp\/v2\/product_cat?post=226187"},{"taxonomy":"product_tag","embeddable":true,"href":"https:\/\/shop.bantam.ch\/fr\/wp-json\/wp\/v2\/product_tag?post=226187"}],"curies":[{"name":"wp","href":"https:\/\/api.w.org\/{rel}","templated":true}]}}