{"id":226183,"date":"2025-12-17T16:18:56","date_gmt":"2025-12-17T15:18:56","guid":{"rendered":"https:\/\/shop.bantam.ch\/produit\/onduleur-sinusoidal-buttner-mt-pl-300-si\/"},"modified":"2026-05-02T23:38:48","modified_gmt":"2026-05-02T21:38:48","slug":"onduleur-sinusoidal-buttner-mt-pl-300-si","status":"publish","type":"product","link":"https:\/\/shop.bantam.ch\/fr\/produit\/onduleur-sinusoidal-buttner-mt-pl-300-si\/","title":{"rendered":"Onduleur sinuso\u00efdal B\u00fcttner MT PL 300 SI"},"content":{"rendered":"<p>Fournit une tension purement sinuso\u00efdale. Permet de faire fonctionner sans d\u00e9faut m\u00eame des consommateurs sensibles dans la fen\u00eatre de puissance correspondante (300\u00a0W\/ 600\u00a0W\/ 1500\u00a0W ou 2000\u00a0W). Avec t\u00e9l\u00e9commande. Le d\u00e9marrage de ces appareils s\u2019effectue par une entr\u00e9e de commande. Soit directement par un signal 12\u00a0V, soit par un ordinateur de batterie MT 5000iQ (voir p.\u00a0514). Il permet de charger un chargeur de v\u00e9lo \u00e9lectrique sans raccordement au r\u00e9seau en cas d\u2019exc\u00e9dent de courant (des panneaux solaires, par\u00a0ex.) Toutes les fonctions de s\u00e9curit\u00e9 et de surveillance sont int\u00e9gr\u00e9es. La consommation de courant \u00e0 vide est tr\u00e8s faible, de sorte \u00e0 solliciter aussi peu que possible la batterie de bord. Livraison pr\u00eat au montage\u00a0: Tous les onduleurs sont livr\u00e9s pr\u00eats au raccordement avec fiche, t\u00e9l\u00e9commande (longueur de c\u00e2ble 5\u00a0m) et c\u00e2ble de raccordement \u00e0 la batterie avec fusible int\u00e9gr\u00e9.<\/p>\n","protected":false},"excerpt":{"rendered":"<p>Fournit une tension purement sinuso\u00efdale. Permet de faire fonctionner sans d\u00e9faut m\u00eame des consommateurs sensibles dans la fen\u00eatre de puissance correspondante (300\u00a0W\/ 600\u00a0W\/ 1500\u00a0W ou 2000\u00a0W). Avec t\u00e9l\u00e9commande. Le d\u00e9marrage de ces appareils s\u2019effectue par une entr\u00e9e de commande. Soit directement par un signal 12\u00a0V, soit par un ordinateur de batterie MT 5000iQ (voir p.\u00a0514). [&hellip;]<\/p>\n","protected":false},"featured_media":226181,"template":"","meta":{"_acf_changed":false},"product_featured_cat":[],"product_brand":[],"product_cat":[4169],"product_tag":[],"class_list":{"0":"post-226183","1":"product","2":"type-product","3":"status-publish","4":"has-post-thumbnail","6":"product_cat-onduleurs","8":"first","9":"instock","10":"taxable","11":"shipping-taxable","12":"purchasable","13":"product-type-simple"},"acf":[],"yoast_head":"<!-- This site is optimized with the Yoast SEO plugin v27.5 - https:\/\/yoast.com\/product\/yoast-seo-wordpress\/ -->\n<title>Onduleur sinuso\u00efdal B\u00fcttner MT PL 300 SI - Bantam<\/title>\n<meta name=\"robots\" content=\"index, follow, max-snippet:-1, max-image-preview:large, max-video-preview:-1\" \/>\n<link rel=\"canonical\" href=\"https:\/\/shop.bantam.ch\/fr\/produit\/onduleur-sinusoidal-buttner-mt-pl-300-si\/\" \/>\n<meta property=\"og:locale\" content=\"fr_FR\" \/>\n<meta property=\"og:type\" content=\"article\" \/>\n<meta property=\"og:title\" content=\"Onduleur sinuso\u00efdal B\u00fcttner MT PL 300 SI - Bantam\" \/>\n<meta property=\"og:description\" content=\"Fournit une tension purement sinuso\u00efdale. Permet de faire fonctionner sans d\u00e9faut m\u00eame des consommateurs sensibles dans la fen\u00eatre de puissance correspondante (300\u00a0W\/ 600\u00a0W\/ 1500\u00a0W ou 2000\u00a0W). Avec t\u00e9l\u00e9commande. Le d\u00e9marrage de ces appareils s\u2019effectue par une entr\u00e9e de commande. Soit directement par un signal 12\u00a0V, soit par un ordinateur de batterie MT 5000iQ (voir p.\u00a0514). [&hellip;]\" \/>\n<meta property=\"og:url\" content=\"https:\/\/shop.bantam.ch\/fr\/produit\/onduleur-sinusoidal-buttner-mt-pl-300-si\/\" \/>\n<meta property=\"og:site_name\" content=\"Bantam\" \/>\n<meta property=\"article:modified_time\" content=\"2026-05-02T21:38:48+00:00\" \/>\n<meta name=\"twitter:card\" content=\"summary_large_image\" \/>\n<meta name=\"twitter:label1\" content=\"Dur\u00e9e de lecture estim\u00e9e\" \/>\n\t<meta name=\"twitter:data1\" content=\"1 minute\" \/>\n<script type=\"application\/ld+json\" class=\"yoast-schema-graph\">{\"@context\":\"https:\\\/\\\/schema.org\",\"@graph\":[{\"@type\":\"WebPage\",\"@id\":\"https:\\\/\\\/shop.bantam.ch\\\/fr\\\/produit\\\/onduleur-sinusoidal-buttner-mt-pl-300-si\\\/\",\"url\":\"https:\\\/\\\/shop.bantam.ch\\\/fr\\\/produit\\\/onduleur-sinusoidal-buttner-mt-pl-300-si\\\/\",\"name\":\"Onduleur sinuso\u00efdal B\u00fcttner MT PL 300 SI - Bantam\",\"isPartOf\":{\"@id\":\"https:\\\/\\\/shop.bantam.ch\\\/fr\\\/#website\"},\"primaryImageOfPage\":{\"@id\":\"https:\\\/\\\/shop.bantam.ch\\\/fr\\\/produit\\\/onduleur-sinusoidal-buttner-mt-pl-300-si\\\/#primaryimage\"},\"image\":{\"@id\":\"https:\\\/\\\/shop.bantam.ch\\\/fr\\\/produit\\\/onduleur-sinusoidal-buttner-mt-pl-300-si\\\/#primaryimage\"},\"thumbnailUrl\":\"https:\\\/\\\/shop.bantam.ch\\\/wp-content\\\/uploads\\\/2025\\\/12\\\/Movera-L-9932142100.jpg\",\"datePublished\":\"2025-12-17T15:18:56+00:00\",\"dateModified\":\"2026-05-02T21:38:48+00:00\",\"breadcrumb\":{\"@id\":\"https:\\\/\\\/shop.bantam.ch\\\/fr\\\/produit\\\/onduleur-sinusoidal-buttner-mt-pl-300-si\\\/#breadcrumb\"},\"inLanguage\":\"fr-FR\",\"potentialAction\":[{\"@type\":\"ReadAction\",\"target\":[\"https:\\\/\\\/shop.bantam.ch\\\/fr\\\/produit\\\/onduleur-sinusoidal-buttner-mt-pl-300-si\\\/\"]}]},{\"@type\":\"ImageObject\",\"inLanguage\":\"fr-FR\",\"@id\":\"https:\\\/\\\/shop.bantam.ch\\\/fr\\\/produit\\\/onduleur-sinusoidal-buttner-mt-pl-300-si\\\/#primaryimage\",\"url\":\"https:\\\/\\\/shop.bantam.ch\\\/wp-content\\\/uploads\\\/2025\\\/12\\\/Movera-L-9932142100.jpg\",\"contentUrl\":\"https:\\\/\\\/shop.bantam.ch\\\/wp-content\\\/uploads\\\/2025\\\/12\\\/Movera-L-9932142100.jpg\",\"width\":640,\"height\":462},{\"@type\":\"BreadcrumbList\",\"@id\":\"https:\\\/\\\/shop.bantam.ch\\\/fr\\\/produit\\\/onduleur-sinusoidal-buttner-mt-pl-300-si\\\/#breadcrumb\",\"itemListElement\":[{\"@type\":\"ListItem\",\"position\":1,\"name\":\"Accueil\",\"item\":\"https:\\\/\\\/shop.bantam.ch\\\/fr\\\/\"},{\"@type\":\"ListItem\",\"position\":2,\"name\":\"Boutique\",\"item\":\"https:\\\/\\\/shop.bantam.ch\\\/fr\\\/boutique\\\/\"},{\"@type\":\"ListItem\",\"position\":3,\"name\":\"Onduleur sinuso\u00efdal B\u00fcttner MT PL 300 SI\"}]},{\"@type\":\"WebSite\",\"@id\":\"https:\\\/\\\/shop.bantam.ch\\\/fr\\\/#website\",\"url\":\"https:\\\/\\\/shop.bantam.ch\\\/fr\\\/\",\"name\":\"Bantam\",\"description\":\"\",\"publisher\":{\"@id\":\"https:\\\/\\\/shop.bantam.ch\\\/fr\\\/#organization\"},\"inLanguage\":\"fr-FR\"},{\"@type\":\"Organization\",\"@id\":\"https:\\\/\\\/shop.bantam.ch\\\/fr\\\/#organization\",\"name\":\"Bantam\",\"url\":\"https:\\\/\\\/shop.bantam.ch\\\/fr\\\/\",\"logo\":{\"@type\":\"ImageObject\",\"inLanguage\":\"fr-FR\",\"@id\":\"https:\\\/\\\/shop.bantam.ch\\\/fr\\\/#\\\/schema\\\/logo\\\/image\\\/\",\"url\":\"https:\\\/\\\/shop.bantam.ch\\\/wp-content\\\/uploads\\\/2022\\\/12\\\/bantam-logo.png\",\"contentUrl\":\"https:\\\/\\\/shop.bantam.ch\\\/wp-content\\\/uploads\\\/2022\\\/12\\\/bantam-logo.png\",\"width\":320,\"height\":71,\"caption\":\"Bantam\"},\"image\":{\"@id\":\"https:\\\/\\\/shop.bantam.ch\\\/fr\\\/#\\\/schema\\\/logo\\\/image\\\/\"}}]}<\/script>\n<!-- \/ Yoast SEO plugin. -->","yoast_head_json":{"title":"Onduleur sinuso\u00efdal B\u00fcttner MT PL 300 SI - Bantam","robots":{"index":"index","follow":"follow","max-snippet":"max-snippet:-1","max-image-preview":"max-image-preview:large","max-video-preview":"max-video-preview:-1"},"canonical":"https:\/\/shop.bantam.ch\/fr\/produit\/onduleur-sinusoidal-buttner-mt-pl-300-si\/","og_locale":"fr_FR","og_type":"article","og_title":"Onduleur sinuso\u00efdal B\u00fcttner MT PL 300 SI - Bantam","og_description":"Fournit une tension purement sinuso\u00efdale. Permet de faire fonctionner sans d\u00e9faut m\u00eame des consommateurs sensibles dans la fen\u00eatre de puissance correspondante (300\u00a0W\/ 600\u00a0W\/ 1500\u00a0W ou 2000\u00a0W). Avec t\u00e9l\u00e9commande. Le d\u00e9marrage de ces appareils s\u2019effectue par une entr\u00e9e de commande. Soit directement par un signal 12\u00a0V, soit par un ordinateur de batterie MT 5000iQ (voir p.\u00a0514). [&hellip;]","og_url":"https:\/\/shop.bantam.ch\/fr\/produit\/onduleur-sinusoidal-buttner-mt-pl-300-si\/","og_site_name":"Bantam","article_modified_time":"2026-05-02T21:38:48+00:00","twitter_card":"summary_large_image","twitter_misc":{"Dur\u00e9e de lecture estim\u00e9e":"1 minute"},"schema":{"@context":"https:\/\/schema.org","@graph":[{"@type":"WebPage","@id":"https:\/\/shop.bantam.ch\/fr\/produit\/onduleur-sinusoidal-buttner-mt-pl-300-si\/","url":"https:\/\/shop.bantam.ch\/fr\/produit\/onduleur-sinusoidal-buttner-mt-pl-300-si\/","name":"Onduleur sinuso\u00efdal B\u00fcttner MT PL 300 SI - Bantam","isPartOf":{"@id":"https:\/\/shop.bantam.ch\/fr\/#website"},"primaryImageOfPage":{"@id":"https:\/\/shop.bantam.ch\/fr\/produit\/onduleur-sinusoidal-buttner-mt-pl-300-si\/#primaryimage"},"image":{"@id":"https:\/\/shop.bantam.ch\/fr\/produit\/onduleur-sinusoidal-buttner-mt-pl-300-si\/#primaryimage"},"thumbnailUrl":"https:\/\/shop.bantam.ch\/wp-content\/uploads\/2025\/12\/Movera-L-9932142100.jpg","datePublished":"2025-12-17T15:18:56+00:00","dateModified":"2026-05-02T21:38:48+00:00","breadcrumb":{"@id":"https:\/\/shop.bantam.ch\/fr\/produit\/onduleur-sinusoidal-buttner-mt-pl-300-si\/#breadcrumb"},"inLanguage":"fr-FR","potentialAction":[{"@type":"ReadAction","target":["https:\/\/shop.bantam.ch\/fr\/produit\/onduleur-sinusoidal-buttner-mt-pl-300-si\/"]}]},{"@type":"ImageObject","inLanguage":"fr-FR","@id":"https:\/\/shop.bantam.ch\/fr\/produit\/onduleur-sinusoidal-buttner-mt-pl-300-si\/#primaryimage","url":"https:\/\/shop.bantam.ch\/wp-content\/uploads\/2025\/12\/Movera-L-9932142100.jpg","contentUrl":"https:\/\/shop.bantam.ch\/wp-content\/uploads\/2025\/12\/Movera-L-9932142100.jpg","width":640,"height":462},{"@type":"BreadcrumbList","@id":"https:\/\/shop.bantam.ch\/fr\/produit\/onduleur-sinusoidal-buttner-mt-pl-300-si\/#breadcrumb","itemListElement":[{"@type":"ListItem","position":1,"name":"Accueil","item":"https:\/\/shop.bantam.ch\/fr\/"},{"@type":"ListItem","position":2,"name":"Boutique","item":"https:\/\/shop.bantam.ch\/fr\/boutique\/"},{"@type":"ListItem","position":3,"name":"Onduleur sinuso\u00efdal B\u00fcttner MT PL 300 SI"}]},{"@type":"WebSite","@id":"https:\/\/shop.bantam.ch\/fr\/#website","url":"https:\/\/shop.bantam.ch\/fr\/","name":"Bantam","description":"","publisher":{"@id":"https:\/\/shop.bantam.ch\/fr\/#organization"},"inLanguage":"fr-FR"},{"@type":"Organization","@id":"https:\/\/shop.bantam.ch\/fr\/#organization","name":"Bantam","url":"https:\/\/shop.bantam.ch\/fr\/","logo":{"@type":"ImageObject","inLanguage":"fr-FR","@id":"https:\/\/shop.bantam.ch\/fr\/#\/schema\/logo\/image\/","url":"https:\/\/shop.bantam.ch\/wp-content\/uploads\/2022\/12\/bantam-logo.png","contentUrl":"https:\/\/shop.bantam.ch\/wp-content\/uploads\/2022\/12\/bantam-logo.png","width":320,"height":71,"caption":"Bantam"},"image":{"@id":"https:\/\/shop.bantam.ch\/fr\/#\/schema\/logo\/image\/"}}]}},"_links":{"self":[{"href":"https:\/\/shop.bantam.ch\/fr\/wp-json\/wp\/v2\/product\/226183","targetHints":{"allow":["GET"]}}],"collection":[{"href":"https:\/\/shop.bantam.ch\/fr\/wp-json\/wp\/v2\/product"}],"about":[{"href":"https:\/\/shop.bantam.ch\/fr\/wp-json\/wp\/v2\/types\/product"}],"wp:featuredmedia":[{"embeddable":true,"href":"https:\/\/shop.bantam.ch\/fr\/wp-json\/wp\/v2\/media\/226181"}],"wp:attachment":[{"href":"https:\/\/shop.bantam.ch\/fr\/wp-json\/wp\/v2\/media?parent=226183"}],"wp:term":[{"taxonomy":"product_featured_cat","embeddable":true,"href":"https:\/\/shop.bantam.ch\/fr\/wp-json\/wp\/v2\/product_featured_cat?post=226183"},{"taxonomy":"product_brand","embeddable":true,"href":"https:\/\/shop.bantam.ch\/fr\/wp-json\/wp\/v2\/product_brand?post=226183"},{"taxonomy":"product_cat","embeddable":true,"href":"https:\/\/shop.bantam.ch\/fr\/wp-json\/wp\/v2\/product_cat?post=226183"},{"taxonomy":"product_tag","embeddable":true,"href":"https:\/\/shop.bantam.ch\/fr\/wp-json\/wp\/v2\/product_tag?post=226183"}],"curies":[{"name":"wp","href":"https:\/\/api.w.org\/{rel}","templated":true}]}}