{"id":226175,"date":"2025-12-17T16:18:39","date_gmt":"2025-12-17T15:18:39","guid":{"rendered":"https:\/\/shop.bantam.ch\/produit\/set-de-vaisselle-all-inclusiv-brunner-glamour\/"},"modified":"2026-04-18T23:46:19","modified_gmt":"2026-04-18T21:46:19","slug":"set-de-vaisselle-all-inclusiv-brunner-glamour","status":"publish","type":"product","link":"https:\/\/shop.bantam.ch\/fr\/produit\/set-de-vaisselle-all-inclusiv-brunner-glamour\/","title":{"rendered":"Set de vaisselle All Inclusiv BRUNNER Glamour"},"content":{"rendered":"<p>Set complet de vaisselle de 36 pi\u00e8ces avec joint antid\u00e9rapant int\u00e9gr\u00e9.<\/p>\n<p>Livraison :<br \/>4 x assiettes \u00e0 manger \u00d8 25 cm<br \/>4 x assiettes \u00e0 soupe \u00d8 21 cm<br \/>4 x assiettes \u00e0 dessert \u00d8 20 cm<br \/>4 x tasses \u00e0 anse 300 ml<br \/>4 x verres \u00e0 boire 200 ml<br \/>16 pcs. de couverts<br \/>1 x bo\u00eete de transport<\/p>\n","protected":false},"excerpt":{"rendered":"<p>Set complet de vaisselle de 36 pi\u00e8ces avec joint antid\u00e9rapant int\u00e9gr\u00e9. Livraison :4 x assiettes \u00e0 manger \u00d8 25 cm4 x assiettes \u00e0 soupe \u00d8 21 cm4 x assiettes \u00e0 dessert \u00d8 20 cm4 x tasses \u00e0 anse 300 ml4 x verres \u00e0 boire 200 ml16 pcs. de couverts1 x bo\u00eete de transport<\/p>\n","protected":false},"featured_media":226173,"template":"","meta":{"_acf_changed":false},"product_featured_cat":[],"product_brand":[],"product_cat":[4273],"product_tag":[],"class_list":{"0":"post-226175","1":"product","2":"type-product","3":"status-publish","4":"has-post-thumbnail","6":"product_cat-services-de-table","8":"first","9":"instock","10":"taxable","11":"shipping-taxable","12":"purchasable","13":"product-type-simple"},"acf":[],"yoast_head":"<!-- This site is optimized with the Yoast SEO plugin v27.4 - https:\/\/yoast.com\/product\/yoast-seo-wordpress\/ -->\n<title>Set de vaisselle All Inclusiv BRUNNER Glamour - Bantam Wankm\u00fcller SA<\/title>\n<meta name=\"robots\" content=\"index, follow, max-snippet:-1, max-image-preview:large, max-video-preview:-1\" \/>\n<link rel=\"canonical\" href=\"https:\/\/shop.bantam.ch\/fr\/produit\/set-de-vaisselle-all-inclusiv-brunner-glamour\/\" \/>\n<meta property=\"og:locale\" content=\"fr_FR\" \/>\n<meta property=\"og:type\" content=\"article\" \/>\n<meta property=\"og:title\" content=\"Set de vaisselle All Inclusiv BRUNNER Glamour - Bantam Wankm\u00fcller SA\" \/>\n<meta property=\"og:description\" content=\"Set complet de vaisselle de 36 pi\u00e8ces avec joint antid\u00e9rapant int\u00e9gr\u00e9. Livraison :4 x assiettes \u00e0 manger \u00d8 25 cm4 x assiettes \u00e0 soupe \u00d8 21 cm4 x assiettes \u00e0 dessert \u00d8 20 cm4 x tasses \u00e0 anse 300 ml4 x verres \u00e0 boire 200 ml16 pcs. de couverts1 x bo\u00eete de transport\" \/>\n<meta property=\"og:url\" content=\"https:\/\/shop.bantam.ch\/fr\/produit\/set-de-vaisselle-all-inclusiv-brunner-glamour\/\" \/>\n<meta property=\"og:site_name\" content=\"Bantam Wankm\u00fcller SA\" \/>\n<meta property=\"article:modified_time\" content=\"2026-04-18T21:46:19+00:00\" \/>\n<meta name=\"twitter:card\" content=\"summary_large_image\" \/>\n<script type=\"application\/ld+json\" class=\"yoast-schema-graph\">{\"@context\":\"https:\\\/\\\/schema.org\",\"@graph\":[{\"@type\":\"WebPage\",\"@id\":\"https:\\\/\\\/shop.bantam.ch\\\/fr\\\/produit\\\/set-de-vaisselle-all-inclusiv-brunner-glamour\\\/\",\"url\":\"https:\\\/\\\/shop.bantam.ch\\\/fr\\\/produit\\\/set-de-vaisselle-all-inclusiv-brunner-glamour\\\/\",\"name\":\"Set de vaisselle All Inclusiv BRUNNER Glamour - Bantam Wankm\u00fcller SA\",\"isPartOf\":{\"@id\":\"https:\\\/\\\/shop.bantam.ch\\\/fr\\\/#website\"},\"primaryImageOfPage\":{\"@id\":\"https:\\\/\\\/shop.bantam.ch\\\/fr\\\/produit\\\/set-de-vaisselle-all-inclusiv-brunner-glamour\\\/#primaryimage\"},\"image\":{\"@id\":\"https:\\\/\\\/shop.bantam.ch\\\/fr\\\/produit\\\/set-de-vaisselle-all-inclusiv-brunner-glamour\\\/#primaryimage\"},\"thumbnailUrl\":\"https:\\\/\\\/shop.bantam.ch\\\/wp-content\\\/uploads\\\/2025\\\/12\\\/Movera-L-9924309100.jpg\",\"datePublished\":\"2025-12-17T15:18:39+00:00\",\"dateModified\":\"2026-04-18T21:46:19+00:00\",\"breadcrumb\":{\"@id\":\"https:\\\/\\\/shop.bantam.ch\\\/fr\\\/produit\\\/set-de-vaisselle-all-inclusiv-brunner-glamour\\\/#breadcrumb\"},\"inLanguage\":\"fr-FR\",\"potentialAction\":[{\"@type\":\"ReadAction\",\"target\":[\"https:\\\/\\\/shop.bantam.ch\\\/fr\\\/produit\\\/set-de-vaisselle-all-inclusiv-brunner-glamour\\\/\"]}]},{\"@type\":\"ImageObject\",\"inLanguage\":\"fr-FR\",\"@id\":\"https:\\\/\\\/shop.bantam.ch\\\/fr\\\/produit\\\/set-de-vaisselle-all-inclusiv-brunner-glamour\\\/#primaryimage\",\"url\":\"https:\\\/\\\/shop.bantam.ch\\\/wp-content\\\/uploads\\\/2025\\\/12\\\/Movera-L-9924309100.jpg\",\"contentUrl\":\"https:\\\/\\\/shop.bantam.ch\\\/wp-content\\\/uploads\\\/2025\\\/12\\\/Movera-L-9924309100.jpg\",\"width\":640,\"height\":276},{\"@type\":\"BreadcrumbList\",\"@id\":\"https:\\\/\\\/shop.bantam.ch\\\/fr\\\/produit\\\/set-de-vaisselle-all-inclusiv-brunner-glamour\\\/#breadcrumb\",\"itemListElement\":[{\"@type\":\"ListItem\",\"position\":1,\"name\":\"Accueil\",\"item\":\"https:\\\/\\\/shop.bantam.ch\\\/fr\\\/\"},{\"@type\":\"ListItem\",\"position\":2,\"name\":\"Boutique\",\"item\":\"https:\\\/\\\/shop.bantam.ch\\\/fr\\\/boutique\\\/\"},{\"@type\":\"ListItem\",\"position\":3,\"name\":\"Set de vaisselle All Inclusiv BRUNNER Glamour\"}]},{\"@type\":\"WebSite\",\"@id\":\"https:\\\/\\\/shop.bantam.ch\\\/fr\\\/#website\",\"url\":\"https:\\\/\\\/shop.bantam.ch\\\/fr\\\/\",\"name\":\"Bantam Wankm\u00fcller SA\",\"description\":\"\",\"publisher\":{\"@id\":\"https:\\\/\\\/shop.bantam.ch\\\/fr\\\/#organization\"},\"inLanguage\":\"fr-FR\"},{\"@type\":\"Organization\",\"@id\":\"https:\\\/\\\/shop.bantam.ch\\\/fr\\\/#organization\",\"name\":\"Bantam Wankm\u00fcller SA\",\"url\":\"https:\\\/\\\/shop.bantam.ch\\\/fr\\\/\",\"logo\":{\"@type\":\"ImageObject\",\"inLanguage\":\"fr-FR\",\"@id\":\"https:\\\/\\\/shop.bantam.ch\\\/fr\\\/#\\\/schema\\\/logo\\\/image\\\/\",\"url\":\"https:\\\/\\\/shop.bantam.ch\\\/wp-content\\\/uploads\\\/2022\\\/12\\\/bantam-logo.png\",\"contentUrl\":\"https:\\\/\\\/shop.bantam.ch\\\/wp-content\\\/uploads\\\/2022\\\/12\\\/bantam-logo.png\",\"width\":320,\"height\":71,\"caption\":\"Bantam Wankm\u00fcller SA\"},\"image\":{\"@id\":\"https:\\\/\\\/shop.bantam.ch\\\/fr\\\/#\\\/schema\\\/logo\\\/image\\\/\"}}]}<\/script>\n<!-- \/ Yoast SEO plugin. -->","yoast_head_json":{"title":"Set de vaisselle All Inclusiv BRUNNER Glamour - Bantam Wankm\u00fcller SA","robots":{"index":"index","follow":"follow","max-snippet":"max-snippet:-1","max-image-preview":"max-image-preview:large","max-video-preview":"max-video-preview:-1"},"canonical":"https:\/\/shop.bantam.ch\/fr\/produit\/set-de-vaisselle-all-inclusiv-brunner-glamour\/","og_locale":"fr_FR","og_type":"article","og_title":"Set de vaisselle All Inclusiv BRUNNER Glamour - Bantam Wankm\u00fcller SA","og_description":"Set complet de vaisselle de 36 pi\u00e8ces avec joint antid\u00e9rapant int\u00e9gr\u00e9. Livraison :4 x assiettes \u00e0 manger \u00d8 25 cm4 x assiettes \u00e0 soupe \u00d8 21 cm4 x assiettes \u00e0 dessert \u00d8 20 cm4 x tasses \u00e0 anse 300 ml4 x verres \u00e0 boire 200 ml16 pcs. de couverts1 x bo\u00eete de transport","og_url":"https:\/\/shop.bantam.ch\/fr\/produit\/set-de-vaisselle-all-inclusiv-brunner-glamour\/","og_site_name":"Bantam Wankm\u00fcller SA","article_modified_time":"2026-04-18T21:46:19+00:00","twitter_card":"summary_large_image","schema":{"@context":"https:\/\/schema.org","@graph":[{"@type":"WebPage","@id":"https:\/\/shop.bantam.ch\/fr\/produit\/set-de-vaisselle-all-inclusiv-brunner-glamour\/","url":"https:\/\/shop.bantam.ch\/fr\/produit\/set-de-vaisselle-all-inclusiv-brunner-glamour\/","name":"Set de vaisselle All Inclusiv BRUNNER Glamour - Bantam Wankm\u00fcller SA","isPartOf":{"@id":"https:\/\/shop.bantam.ch\/fr\/#website"},"primaryImageOfPage":{"@id":"https:\/\/shop.bantam.ch\/fr\/produit\/set-de-vaisselle-all-inclusiv-brunner-glamour\/#primaryimage"},"image":{"@id":"https:\/\/shop.bantam.ch\/fr\/produit\/set-de-vaisselle-all-inclusiv-brunner-glamour\/#primaryimage"},"thumbnailUrl":"https:\/\/shop.bantam.ch\/wp-content\/uploads\/2025\/12\/Movera-L-9924309100.jpg","datePublished":"2025-12-17T15:18:39+00:00","dateModified":"2026-04-18T21:46:19+00:00","breadcrumb":{"@id":"https:\/\/shop.bantam.ch\/fr\/produit\/set-de-vaisselle-all-inclusiv-brunner-glamour\/#breadcrumb"},"inLanguage":"fr-FR","potentialAction":[{"@type":"ReadAction","target":["https:\/\/shop.bantam.ch\/fr\/produit\/set-de-vaisselle-all-inclusiv-brunner-glamour\/"]}]},{"@type":"ImageObject","inLanguage":"fr-FR","@id":"https:\/\/shop.bantam.ch\/fr\/produit\/set-de-vaisselle-all-inclusiv-brunner-glamour\/#primaryimage","url":"https:\/\/shop.bantam.ch\/wp-content\/uploads\/2025\/12\/Movera-L-9924309100.jpg","contentUrl":"https:\/\/shop.bantam.ch\/wp-content\/uploads\/2025\/12\/Movera-L-9924309100.jpg","width":640,"height":276},{"@type":"BreadcrumbList","@id":"https:\/\/shop.bantam.ch\/fr\/produit\/set-de-vaisselle-all-inclusiv-brunner-glamour\/#breadcrumb","itemListElement":[{"@type":"ListItem","position":1,"name":"Accueil","item":"https:\/\/shop.bantam.ch\/fr\/"},{"@type":"ListItem","position":2,"name":"Boutique","item":"https:\/\/shop.bantam.ch\/fr\/boutique\/"},{"@type":"ListItem","position":3,"name":"Set de vaisselle All Inclusiv BRUNNER Glamour"}]},{"@type":"WebSite","@id":"https:\/\/shop.bantam.ch\/fr\/#website","url":"https:\/\/shop.bantam.ch\/fr\/","name":"Bantam Wankm\u00fcller SA","description":"","publisher":{"@id":"https:\/\/shop.bantam.ch\/fr\/#organization"},"inLanguage":"fr-FR"},{"@type":"Organization","@id":"https:\/\/shop.bantam.ch\/fr\/#organization","name":"Bantam Wankm\u00fcller SA","url":"https:\/\/shop.bantam.ch\/fr\/","logo":{"@type":"ImageObject","inLanguage":"fr-FR","@id":"https:\/\/shop.bantam.ch\/fr\/#\/schema\/logo\/image\/","url":"https:\/\/shop.bantam.ch\/wp-content\/uploads\/2022\/12\/bantam-logo.png","contentUrl":"https:\/\/shop.bantam.ch\/wp-content\/uploads\/2022\/12\/bantam-logo.png","width":320,"height":71,"caption":"Bantam Wankm\u00fcller SA"},"image":{"@id":"https:\/\/shop.bantam.ch\/fr\/#\/schema\/logo\/image\/"}}]}},"_links":{"self":[{"href":"https:\/\/shop.bantam.ch\/fr\/wp-json\/wp\/v2\/product\/226175","targetHints":{"allow":["GET"]}}],"collection":[{"href":"https:\/\/shop.bantam.ch\/fr\/wp-json\/wp\/v2\/product"}],"about":[{"href":"https:\/\/shop.bantam.ch\/fr\/wp-json\/wp\/v2\/types\/product"}],"wp:featuredmedia":[{"embeddable":true,"href":"https:\/\/shop.bantam.ch\/fr\/wp-json\/wp\/v2\/media\/226173"}],"wp:attachment":[{"href":"https:\/\/shop.bantam.ch\/fr\/wp-json\/wp\/v2\/media?parent=226175"}],"wp:term":[{"taxonomy":"product_featured_cat","embeddable":true,"href":"https:\/\/shop.bantam.ch\/fr\/wp-json\/wp\/v2\/product_featured_cat?post=226175"},{"taxonomy":"product_brand","embeddable":true,"href":"https:\/\/shop.bantam.ch\/fr\/wp-json\/wp\/v2\/product_brand?post=226175"},{"taxonomy":"product_cat","embeddable":true,"href":"https:\/\/shop.bantam.ch\/fr\/wp-json\/wp\/v2\/product_cat?post=226175"},{"taxonomy":"product_tag","embeddable":true,"href":"https:\/\/shop.bantam.ch\/fr\/wp-json\/wp\/v2\/product_tag?post=226175"}],"curies":[{"name":"wp","href":"https:\/\/api.w.org\/{rel}","templated":true}]}}