{"id":226151,"date":"2025-12-17T16:17:29","date_gmt":"2025-12-17T15:17:29","guid":{"rendered":"https:\/\/shop.bantam.ch\/produit\/table-crespo-alu-81-x-62-x-48-70-cm-anthracite-avec-profile-renforce\/"},"modified":"2026-04-17T23:42:46","modified_gmt":"2026-04-17T21:42:46","slug":"table-crespo-alu-81-x-62-x-48-70-cm-anthracite-avec-profile-renforce","status":"publish","type":"product","link":"https:\/\/shop.bantam.ch\/fr\/produit\/table-crespo-alu-81-x-62-x-48-70-cm-anthracite-avec-profile-renforce\/","title":{"rendered":"Table Crespo alu 81 x 62 x 48 &#8211; 70 cm anthracite avec profil\u00e9 renforc\u00e9"},"content":{"rendered":"<p>Table rectangulaire en aluminium avec plateau de table gris fonc\u00e9. Pieds t\u00e9lescopiques avec syst\u00e8me de blocage simple et s\u00fbr.\u00a0Hauteur r\u00e9glable en continu des pieds de table. Cadre en aluminium, plateau de table renforc\u00e9 en m\u00e9lamine et r\u00e9sistant aux intemp\u00e9ries.<\/p>\n<ul>\n<li>Pieds de table r\u00e9glables en continu de 48 \u00e0 70 cm<\/li>\n<li>Pieds stabilisateurs auto-nivelants<\/li>\n<li>R\u00e9sistante \u00e0 l\u2019humidit\u00e9 et \u00e0 la chaleur<\/li>\n<li>Profil\u00e9 en aluminium renforc\u00e9 avec rev\u00eatement \u00e9poxy<\/li>\n<\/ul>\n","protected":false},"excerpt":{"rendered":"<p>Table rectangulaire en aluminium avec plateau de table gris fonc\u00e9. Pieds t\u00e9lescopiques avec syst\u00e8me de blocage simple et s\u00fbr.\u00a0Hauteur r\u00e9glable en continu des pieds de table. Cadre en aluminium, plateau de table renforc\u00e9 en m\u00e9lamine et r\u00e9sistant aux intemp\u00e9ries. Pieds de table r\u00e9glables en continu de 48 \u00e0 70 cm Pieds stabilisateurs auto-nivelants R\u00e9sistante \u00e0 [&hellip;]<\/p>\n","protected":false},"featured_media":226145,"template":"","meta":{"_acf_changed":false},"product_featured_cat":[],"product_brand":[],"product_cat":[4053],"product_tag":[],"class_list":{"0":"post-226151","1":"product","2":"type-product","3":"status-publish","4":"has-post-thumbnail","6":"product_cat-tables-de-camping","8":"first","9":"instock","10":"taxable","11":"shipping-taxable","12":"purchasable","13":"product-type-simple"},"acf":[],"yoast_head":"<!-- This site is optimized with the Yoast SEO plugin v27.4 - https:\/\/yoast.com\/product\/yoast-seo-wordpress\/ -->\n<title>Table Crespo alu 81 x 62 x 48 - 70 cm anthracite avec profil\u00e9 renforc\u00e9 - Bantam Wankm\u00fcller SA<\/title>\n<meta name=\"robots\" content=\"index, follow, max-snippet:-1, max-image-preview:large, max-video-preview:-1\" \/>\n<link rel=\"canonical\" href=\"https:\/\/shop.bantam.ch\/fr\/produit\/table-crespo-alu-81-x-62-x-48-70-cm-anthracite-avec-profile-renforce\/\" \/>\n<meta property=\"og:locale\" content=\"fr_FR\" \/>\n<meta property=\"og:type\" content=\"article\" \/>\n<meta property=\"og:title\" content=\"Table Crespo alu 81 x 62 x 48 - 70 cm anthracite avec profil\u00e9 renforc\u00e9 - Bantam Wankm\u00fcller SA\" \/>\n<meta property=\"og:description\" content=\"Table rectangulaire en aluminium avec plateau de table gris fonc\u00e9. Pieds t\u00e9lescopiques avec syst\u00e8me de blocage simple et s\u00fbr.\u00a0Hauteur r\u00e9glable en continu des pieds de table. Cadre en aluminium, plateau de table renforc\u00e9 en m\u00e9lamine et r\u00e9sistant aux intemp\u00e9ries. Pieds de table r\u00e9glables en continu de 48 \u00e0 70 cm Pieds stabilisateurs auto-nivelants R\u00e9sistante \u00e0 [&hellip;]\" \/>\n<meta property=\"og:url\" content=\"https:\/\/shop.bantam.ch\/fr\/produit\/table-crespo-alu-81-x-62-x-48-70-cm-anthracite-avec-profile-renforce\/\" \/>\n<meta property=\"og:site_name\" content=\"Bantam Wankm\u00fcller SA\" \/>\n<meta property=\"article:modified_time\" content=\"2026-04-17T21:42:46+00:00\" \/>\n<meta name=\"twitter:card\" content=\"summary_large_image\" \/>\n<script type=\"application\/ld+json\" class=\"yoast-schema-graph\">{\"@context\":\"https:\\\/\\\/schema.org\",\"@graph\":[{\"@type\":\"WebPage\",\"@id\":\"https:\\\/\\\/shop.bantam.ch\\\/fr\\\/produit\\\/table-crespo-alu-81-x-62-x-48-70-cm-anthracite-avec-profile-renforce\\\/\",\"url\":\"https:\\\/\\\/shop.bantam.ch\\\/fr\\\/produit\\\/table-crespo-alu-81-x-62-x-48-70-cm-anthracite-avec-profile-renforce\\\/\",\"name\":\"Table Crespo alu 81 x 62 x 48 - 70 cm anthracite avec profil\u00e9 renforc\u00e9 - Bantam Wankm\u00fcller SA\",\"isPartOf\":{\"@id\":\"https:\\\/\\\/shop.bantam.ch\\\/fr\\\/#website\"},\"primaryImageOfPage\":{\"@id\":\"https:\\\/\\\/shop.bantam.ch\\\/fr\\\/produit\\\/table-crespo-alu-81-x-62-x-48-70-cm-anthracite-avec-profile-renforce\\\/#primaryimage\"},\"image\":{\"@id\":\"https:\\\/\\\/shop.bantam.ch\\\/fr\\\/produit\\\/table-crespo-alu-81-x-62-x-48-70-cm-anthracite-avec-profile-renforce\\\/#primaryimage\"},\"thumbnailUrl\":\"https:\\\/\\\/shop.bantam.ch\\\/wp-content\\\/uploads\\\/2025\\\/12\\\/Movera-L-9913152100.jpg\",\"datePublished\":\"2025-12-17T15:17:29+00:00\",\"dateModified\":\"2026-04-17T21:42:46+00:00\",\"breadcrumb\":{\"@id\":\"https:\\\/\\\/shop.bantam.ch\\\/fr\\\/produit\\\/table-crespo-alu-81-x-62-x-48-70-cm-anthracite-avec-profile-renforce\\\/#breadcrumb\"},\"inLanguage\":\"fr-FR\",\"potentialAction\":[{\"@type\":\"ReadAction\",\"target\":[\"https:\\\/\\\/shop.bantam.ch\\\/fr\\\/produit\\\/table-crespo-alu-81-x-62-x-48-70-cm-anthracite-avec-profile-renforce\\\/\"]}]},{\"@type\":\"ImageObject\",\"inLanguage\":\"fr-FR\",\"@id\":\"https:\\\/\\\/shop.bantam.ch\\\/fr\\\/produit\\\/table-crespo-alu-81-x-62-x-48-70-cm-anthracite-avec-profile-renforce\\\/#primaryimage\",\"url\":\"https:\\\/\\\/shop.bantam.ch\\\/wp-content\\\/uploads\\\/2025\\\/12\\\/Movera-L-9913152100.jpg\",\"contentUrl\":\"https:\\\/\\\/shop.bantam.ch\\\/wp-content\\\/uploads\\\/2025\\\/12\\\/Movera-L-9913152100.jpg\",\"width\":640,\"height\":428},{\"@type\":\"BreadcrumbList\",\"@id\":\"https:\\\/\\\/shop.bantam.ch\\\/fr\\\/produit\\\/table-crespo-alu-81-x-62-x-48-70-cm-anthracite-avec-profile-renforce\\\/#breadcrumb\",\"itemListElement\":[{\"@type\":\"ListItem\",\"position\":1,\"name\":\"Accueil\",\"item\":\"https:\\\/\\\/shop.bantam.ch\\\/fr\\\/\"},{\"@type\":\"ListItem\",\"position\":2,\"name\":\"Boutique\",\"item\":\"https:\\\/\\\/shop.bantam.ch\\\/fr\\\/boutique\\\/\"},{\"@type\":\"ListItem\",\"position\":3,\"name\":\"Table Crespo alu 81 x 62 x 48 &#8211; 70 cm anthracite avec profil\u00e9 renforc\u00e9\"}]},{\"@type\":\"WebSite\",\"@id\":\"https:\\\/\\\/shop.bantam.ch\\\/fr\\\/#website\",\"url\":\"https:\\\/\\\/shop.bantam.ch\\\/fr\\\/\",\"name\":\"Bantam Wankm\u00fcller SA\",\"description\":\"\",\"publisher\":{\"@id\":\"https:\\\/\\\/shop.bantam.ch\\\/fr\\\/#organization\"},\"inLanguage\":\"fr-FR\"},{\"@type\":\"Organization\",\"@id\":\"https:\\\/\\\/shop.bantam.ch\\\/fr\\\/#organization\",\"name\":\"Bantam Wankm\u00fcller SA\",\"url\":\"https:\\\/\\\/shop.bantam.ch\\\/fr\\\/\",\"logo\":{\"@type\":\"ImageObject\",\"inLanguage\":\"fr-FR\",\"@id\":\"https:\\\/\\\/shop.bantam.ch\\\/fr\\\/#\\\/schema\\\/logo\\\/image\\\/\",\"url\":\"https:\\\/\\\/shop.bantam.ch\\\/wp-content\\\/uploads\\\/2022\\\/12\\\/bantam-logo.png\",\"contentUrl\":\"https:\\\/\\\/shop.bantam.ch\\\/wp-content\\\/uploads\\\/2022\\\/12\\\/bantam-logo.png\",\"width\":320,\"height\":71,\"caption\":\"Bantam Wankm\u00fcller SA\"},\"image\":{\"@id\":\"https:\\\/\\\/shop.bantam.ch\\\/fr\\\/#\\\/schema\\\/logo\\\/image\\\/\"}}]}<\/script>\n<!-- \/ Yoast SEO plugin. -->","yoast_head_json":{"title":"Table Crespo alu 81 x 62 x 48 - 70 cm anthracite avec profil\u00e9 renforc\u00e9 - Bantam Wankm\u00fcller SA","robots":{"index":"index","follow":"follow","max-snippet":"max-snippet:-1","max-image-preview":"max-image-preview:large","max-video-preview":"max-video-preview:-1"},"canonical":"https:\/\/shop.bantam.ch\/fr\/produit\/table-crespo-alu-81-x-62-x-48-70-cm-anthracite-avec-profile-renforce\/","og_locale":"fr_FR","og_type":"article","og_title":"Table Crespo alu 81 x 62 x 48 - 70 cm anthracite avec profil\u00e9 renforc\u00e9 - Bantam Wankm\u00fcller SA","og_description":"Table rectangulaire en aluminium avec plateau de table gris fonc\u00e9. Pieds t\u00e9lescopiques avec syst\u00e8me de blocage simple et s\u00fbr.\u00a0Hauteur r\u00e9glable en continu des pieds de table. Cadre en aluminium, plateau de table renforc\u00e9 en m\u00e9lamine et r\u00e9sistant aux intemp\u00e9ries. Pieds de table r\u00e9glables en continu de 48 \u00e0 70 cm Pieds stabilisateurs auto-nivelants R\u00e9sistante \u00e0 [&hellip;]","og_url":"https:\/\/shop.bantam.ch\/fr\/produit\/table-crespo-alu-81-x-62-x-48-70-cm-anthracite-avec-profile-renforce\/","og_site_name":"Bantam Wankm\u00fcller SA","article_modified_time":"2026-04-17T21:42:46+00:00","twitter_card":"summary_large_image","schema":{"@context":"https:\/\/schema.org","@graph":[{"@type":"WebPage","@id":"https:\/\/shop.bantam.ch\/fr\/produit\/table-crespo-alu-81-x-62-x-48-70-cm-anthracite-avec-profile-renforce\/","url":"https:\/\/shop.bantam.ch\/fr\/produit\/table-crespo-alu-81-x-62-x-48-70-cm-anthracite-avec-profile-renforce\/","name":"Table Crespo alu 81 x 62 x 48 - 70 cm anthracite avec profil\u00e9 renforc\u00e9 - Bantam Wankm\u00fcller SA","isPartOf":{"@id":"https:\/\/shop.bantam.ch\/fr\/#website"},"primaryImageOfPage":{"@id":"https:\/\/shop.bantam.ch\/fr\/produit\/table-crespo-alu-81-x-62-x-48-70-cm-anthracite-avec-profile-renforce\/#primaryimage"},"image":{"@id":"https:\/\/shop.bantam.ch\/fr\/produit\/table-crespo-alu-81-x-62-x-48-70-cm-anthracite-avec-profile-renforce\/#primaryimage"},"thumbnailUrl":"https:\/\/shop.bantam.ch\/wp-content\/uploads\/2025\/12\/Movera-L-9913152100.jpg","datePublished":"2025-12-17T15:17:29+00:00","dateModified":"2026-04-17T21:42:46+00:00","breadcrumb":{"@id":"https:\/\/shop.bantam.ch\/fr\/produit\/table-crespo-alu-81-x-62-x-48-70-cm-anthracite-avec-profile-renforce\/#breadcrumb"},"inLanguage":"fr-FR","potentialAction":[{"@type":"ReadAction","target":["https:\/\/shop.bantam.ch\/fr\/produit\/table-crespo-alu-81-x-62-x-48-70-cm-anthracite-avec-profile-renforce\/"]}]},{"@type":"ImageObject","inLanguage":"fr-FR","@id":"https:\/\/shop.bantam.ch\/fr\/produit\/table-crespo-alu-81-x-62-x-48-70-cm-anthracite-avec-profile-renforce\/#primaryimage","url":"https:\/\/shop.bantam.ch\/wp-content\/uploads\/2025\/12\/Movera-L-9913152100.jpg","contentUrl":"https:\/\/shop.bantam.ch\/wp-content\/uploads\/2025\/12\/Movera-L-9913152100.jpg","width":640,"height":428},{"@type":"BreadcrumbList","@id":"https:\/\/shop.bantam.ch\/fr\/produit\/table-crespo-alu-81-x-62-x-48-70-cm-anthracite-avec-profile-renforce\/#breadcrumb","itemListElement":[{"@type":"ListItem","position":1,"name":"Accueil","item":"https:\/\/shop.bantam.ch\/fr\/"},{"@type":"ListItem","position":2,"name":"Boutique","item":"https:\/\/shop.bantam.ch\/fr\/boutique\/"},{"@type":"ListItem","position":3,"name":"Table Crespo alu 81 x 62 x 48 &#8211; 70 cm anthracite avec profil\u00e9 renforc\u00e9"}]},{"@type":"WebSite","@id":"https:\/\/shop.bantam.ch\/fr\/#website","url":"https:\/\/shop.bantam.ch\/fr\/","name":"Bantam Wankm\u00fcller SA","description":"","publisher":{"@id":"https:\/\/shop.bantam.ch\/fr\/#organization"},"inLanguage":"fr-FR"},{"@type":"Organization","@id":"https:\/\/shop.bantam.ch\/fr\/#organization","name":"Bantam Wankm\u00fcller SA","url":"https:\/\/shop.bantam.ch\/fr\/","logo":{"@type":"ImageObject","inLanguage":"fr-FR","@id":"https:\/\/shop.bantam.ch\/fr\/#\/schema\/logo\/image\/","url":"https:\/\/shop.bantam.ch\/wp-content\/uploads\/2022\/12\/bantam-logo.png","contentUrl":"https:\/\/shop.bantam.ch\/wp-content\/uploads\/2022\/12\/bantam-logo.png","width":320,"height":71,"caption":"Bantam Wankm\u00fcller SA"},"image":{"@id":"https:\/\/shop.bantam.ch\/fr\/#\/schema\/logo\/image\/"}}]}},"_links":{"self":[{"href":"https:\/\/shop.bantam.ch\/fr\/wp-json\/wp\/v2\/product\/226151","targetHints":{"allow":["GET"]}}],"collection":[{"href":"https:\/\/shop.bantam.ch\/fr\/wp-json\/wp\/v2\/product"}],"about":[{"href":"https:\/\/shop.bantam.ch\/fr\/wp-json\/wp\/v2\/types\/product"}],"wp:featuredmedia":[{"embeddable":true,"href":"https:\/\/shop.bantam.ch\/fr\/wp-json\/wp\/v2\/media\/226145"}],"wp:attachment":[{"href":"https:\/\/shop.bantam.ch\/fr\/wp-json\/wp\/v2\/media?parent=226151"}],"wp:term":[{"taxonomy":"product_featured_cat","embeddable":true,"href":"https:\/\/shop.bantam.ch\/fr\/wp-json\/wp\/v2\/product_featured_cat?post=226151"},{"taxonomy":"product_brand","embeddable":true,"href":"https:\/\/shop.bantam.ch\/fr\/wp-json\/wp\/v2\/product_brand?post=226151"},{"taxonomy":"product_cat","embeddable":true,"href":"https:\/\/shop.bantam.ch\/fr\/wp-json\/wp\/v2\/product_cat?post=226151"},{"taxonomy":"product_tag","embeddable":true,"href":"https:\/\/shop.bantam.ch\/fr\/wp-json\/wp\/v2\/product_tag?post=226151"}],"curies":[{"name":"wp","href":"https:\/\/api.w.org\/{rel}","templated":true}]}}