{"id":226130,"date":"2025-12-17T15:35:07","date_gmt":"2025-12-17T14:35:07","guid":{"rendered":"https:\/\/shop.bantam.ch\/produit\/diable-campingboy\/"},"modified":"2026-04-19T23:49:40","modified_gmt":"2026-04-19T21:49:40","slug":"diable-campingboy","status":"publish","type":"product","link":"https:\/\/shop.bantam.ch\/fr\/produit\/diable-campingboy\/","title":{"rendered":"Diable Campingboy"},"content":{"rendered":"<p>Le Campingboy ECKLA a \u00e9t\u00e9 sp\u00e9cialement con\u00e7u pour le camping lourd et les loisirs. Ses dimensions sont adapt\u00e9es aux bouteilles de gaz, aux r\u00e9servoirs d&rsquo;eau et aux cassettes Thetford C2-C4 et C 200 tr\u00e8s utilis\u00e9es. Les cassettes sont simplement ins\u00e9r\u00e9es sans \u00eatre serr\u00e9es, tout comme les bouteilles de gaz (11kg \u00d8 300mm). Seule la toile arri\u00e8re est relev\u00e9e pour que la cassette et la bouteille de gaz soient bien positionn\u00e9es. Pour toutes les autres marchandises transport\u00e9es, comme les r\u00e9servoirs d&rsquo;eau et d&rsquo;eaux us\u00e9es, ou pour l&rsquo;utilisation comme chariot de supermarch\u00e9, l&rsquo;entoilage reste en bas. Le chariot est \u00e9quip\u00e9 de roues de \u00d8 200 mm pour un d\u00e9placement en douceur. Les roues s&rsquo;enl\u00e8vent rapidement gr\u00e2ce \u00e0 des fermetures rapides. Le Campingboy l\u00e9ger est fabriqu\u00e9 en tube d&rsquo;aluminium anodis\u00e9 \u00e0 paroi \u00e9paisse. Fabriqu\u00e9 en Allemagne.<\/p>\n<p>Dimensions :<br \/>\nPli\u00e9 : 105 x 47 x 7 cm (l x h x p) avec les roues enlev\u00e9es.<br \/>\nSurface de chargement : 27 x 22 cm (l x p)<\/p>\n<p>Mat\u00e9riaux :<br \/>\nHousse 100 % polyester<br \/>\nStructure aluminium<\/p>\n","protected":false},"excerpt":{"rendered":"<p>Le Campingboy ECKLA a \u00e9t\u00e9 sp\u00e9cialement con\u00e7u pour le camping lourd et les loisirs. Ses dimensions sont adapt\u00e9es aux bouteilles de gaz, aux r\u00e9servoirs d&rsquo;eau et aux cassettes Thetford C2-C4 et C 200 tr\u00e8s utilis\u00e9es. Les cassettes sont simplement ins\u00e9r\u00e9es sans \u00eatre serr\u00e9es, tout comme les bouteilles de gaz (11kg \u00d8 300mm). Seule la toile [&hellip;]<\/p>\n","protected":false},"featured_media":226120,"template":"","meta":{"_acf_changed":false},"product_featured_cat":[],"product_brand":[],"product_cat":[4049],"product_tag":[],"class_list":{"0":"post-226130","1":"product","2":"type-product","3":"status-publish","4":"has-post-thumbnail","6":"product_cat-transport-et-stockage","8":"first","9":"instock","10":"taxable","11":"shipping-taxable","12":"purchasable","13":"product-type-simple"},"acf":[],"yoast_head":"<!-- This site is optimized with the Yoast SEO plugin v27.4 - https:\/\/yoast.com\/product\/yoast-seo-wordpress\/ -->\n<title>Diable Campingboy - Bantam Wankm\u00fcller SA<\/title>\n<meta name=\"robots\" content=\"index, follow, max-snippet:-1, max-image-preview:large, max-video-preview:-1\" \/>\n<link rel=\"canonical\" href=\"https:\/\/shop.bantam.ch\/fr\/produit\/diable-campingboy\/\" \/>\n<meta property=\"og:locale\" content=\"fr_FR\" \/>\n<meta property=\"og:type\" content=\"article\" \/>\n<meta property=\"og:title\" content=\"Diable Campingboy - Bantam Wankm\u00fcller SA\" \/>\n<meta property=\"og:description\" content=\"Le Campingboy ECKLA a \u00e9t\u00e9 sp\u00e9cialement con\u00e7u pour le camping lourd et les loisirs. Ses dimensions sont adapt\u00e9es aux bouteilles de gaz, aux r\u00e9servoirs d&rsquo;eau et aux cassettes Thetford C2-C4 et C 200 tr\u00e8s utilis\u00e9es. Les cassettes sont simplement ins\u00e9r\u00e9es sans \u00eatre serr\u00e9es, tout comme les bouteilles de gaz (11kg \u00d8 300mm). Seule la toile [&hellip;]\" \/>\n<meta property=\"og:url\" content=\"https:\/\/shop.bantam.ch\/fr\/produit\/diable-campingboy\/\" \/>\n<meta property=\"og:site_name\" content=\"Bantam Wankm\u00fcller SA\" \/>\n<meta property=\"article:modified_time\" content=\"2026-04-19T21:49:40+00:00\" \/>\n<meta name=\"twitter:card\" content=\"summary_large_image\" \/>\n<meta name=\"twitter:label1\" content=\"Dur\u00e9e de lecture estim\u00e9e\" \/>\n\t<meta name=\"twitter:data1\" content=\"1 minute\" \/>\n<script type=\"application\/ld+json\" class=\"yoast-schema-graph\">{\"@context\":\"https:\\\/\\\/schema.org\",\"@graph\":[{\"@type\":\"WebPage\",\"@id\":\"https:\\\/\\\/shop.bantam.ch\\\/fr\\\/produit\\\/diable-campingboy\\\/\",\"url\":\"https:\\\/\\\/shop.bantam.ch\\\/fr\\\/produit\\\/diable-campingboy\\\/\",\"name\":\"Diable Campingboy - Bantam Wankm\u00fcller SA\",\"isPartOf\":{\"@id\":\"https:\\\/\\\/shop.bantam.ch\\\/fr\\\/#website\"},\"primaryImageOfPage\":{\"@id\":\"https:\\\/\\\/shop.bantam.ch\\\/fr\\\/produit\\\/diable-campingboy\\\/#primaryimage\"},\"image\":{\"@id\":\"https:\\\/\\\/shop.bantam.ch\\\/fr\\\/produit\\\/diable-campingboy\\\/#primaryimage\"},\"thumbnailUrl\":\"https:\\\/\\\/shop.bantam.ch\\\/wp-content\\\/uploads\\\/2025\\\/12\\\/Movera-L-9995110100.jpg\",\"datePublished\":\"2025-12-17T14:35:07+00:00\",\"dateModified\":\"2026-04-19T21:49:40+00:00\",\"breadcrumb\":{\"@id\":\"https:\\\/\\\/shop.bantam.ch\\\/fr\\\/produit\\\/diable-campingboy\\\/#breadcrumb\"},\"inLanguage\":\"fr-FR\",\"potentialAction\":[{\"@type\":\"ReadAction\",\"target\":[\"https:\\\/\\\/shop.bantam.ch\\\/fr\\\/produit\\\/diable-campingboy\\\/\"]}]},{\"@type\":\"ImageObject\",\"inLanguage\":\"fr-FR\",\"@id\":\"https:\\\/\\\/shop.bantam.ch\\\/fr\\\/produit\\\/diable-campingboy\\\/#primaryimage\",\"url\":\"https:\\\/\\\/shop.bantam.ch\\\/wp-content\\\/uploads\\\/2025\\\/12\\\/Movera-L-9995110100.jpg\",\"contentUrl\":\"https:\\\/\\\/shop.bantam.ch\\\/wp-content\\\/uploads\\\/2025\\\/12\\\/Movera-L-9995110100.jpg\",\"width\":640,\"height\":640},{\"@type\":\"BreadcrumbList\",\"@id\":\"https:\\\/\\\/shop.bantam.ch\\\/fr\\\/produit\\\/diable-campingboy\\\/#breadcrumb\",\"itemListElement\":[{\"@type\":\"ListItem\",\"position\":1,\"name\":\"Accueil\",\"item\":\"https:\\\/\\\/shop.bantam.ch\\\/fr\\\/\"},{\"@type\":\"ListItem\",\"position\":2,\"name\":\"Boutique\",\"item\":\"https:\\\/\\\/shop.bantam.ch\\\/fr\\\/boutique\\\/\"},{\"@type\":\"ListItem\",\"position\":3,\"name\":\"Diable Campingboy\"}]},{\"@type\":\"WebSite\",\"@id\":\"https:\\\/\\\/shop.bantam.ch\\\/fr\\\/#website\",\"url\":\"https:\\\/\\\/shop.bantam.ch\\\/fr\\\/\",\"name\":\"Bantam Wankm\u00fcller SA\",\"description\":\"\",\"publisher\":{\"@id\":\"https:\\\/\\\/shop.bantam.ch\\\/fr\\\/#organization\"},\"inLanguage\":\"fr-FR\"},{\"@type\":\"Organization\",\"@id\":\"https:\\\/\\\/shop.bantam.ch\\\/fr\\\/#organization\",\"name\":\"Bantam Wankm\u00fcller SA\",\"url\":\"https:\\\/\\\/shop.bantam.ch\\\/fr\\\/\",\"logo\":{\"@type\":\"ImageObject\",\"inLanguage\":\"fr-FR\",\"@id\":\"https:\\\/\\\/shop.bantam.ch\\\/fr\\\/#\\\/schema\\\/logo\\\/image\\\/\",\"url\":\"https:\\\/\\\/shop.bantam.ch\\\/wp-content\\\/uploads\\\/2022\\\/12\\\/bantam-logo.png\",\"contentUrl\":\"https:\\\/\\\/shop.bantam.ch\\\/wp-content\\\/uploads\\\/2022\\\/12\\\/bantam-logo.png\",\"width\":320,\"height\":71,\"caption\":\"Bantam Wankm\u00fcller SA\"},\"image\":{\"@id\":\"https:\\\/\\\/shop.bantam.ch\\\/fr\\\/#\\\/schema\\\/logo\\\/image\\\/\"}}]}<\/script>\n<!-- \/ Yoast SEO plugin. -->","yoast_head_json":{"title":"Diable Campingboy - Bantam Wankm\u00fcller SA","robots":{"index":"index","follow":"follow","max-snippet":"max-snippet:-1","max-image-preview":"max-image-preview:large","max-video-preview":"max-video-preview:-1"},"canonical":"https:\/\/shop.bantam.ch\/fr\/produit\/diable-campingboy\/","og_locale":"fr_FR","og_type":"article","og_title":"Diable Campingboy - Bantam Wankm\u00fcller SA","og_description":"Le Campingboy ECKLA a \u00e9t\u00e9 sp\u00e9cialement con\u00e7u pour le camping lourd et les loisirs. Ses dimensions sont adapt\u00e9es aux bouteilles de gaz, aux r\u00e9servoirs d&rsquo;eau et aux cassettes Thetford C2-C4 et C 200 tr\u00e8s utilis\u00e9es. Les cassettes sont simplement ins\u00e9r\u00e9es sans \u00eatre serr\u00e9es, tout comme les bouteilles de gaz (11kg \u00d8 300mm). Seule la toile [&hellip;]","og_url":"https:\/\/shop.bantam.ch\/fr\/produit\/diable-campingboy\/","og_site_name":"Bantam Wankm\u00fcller SA","article_modified_time":"2026-04-19T21:49:40+00:00","twitter_card":"summary_large_image","twitter_misc":{"Dur\u00e9e de lecture estim\u00e9e":"1 minute"},"schema":{"@context":"https:\/\/schema.org","@graph":[{"@type":"WebPage","@id":"https:\/\/shop.bantam.ch\/fr\/produit\/diable-campingboy\/","url":"https:\/\/shop.bantam.ch\/fr\/produit\/diable-campingboy\/","name":"Diable Campingboy - Bantam Wankm\u00fcller SA","isPartOf":{"@id":"https:\/\/shop.bantam.ch\/fr\/#website"},"primaryImageOfPage":{"@id":"https:\/\/shop.bantam.ch\/fr\/produit\/diable-campingboy\/#primaryimage"},"image":{"@id":"https:\/\/shop.bantam.ch\/fr\/produit\/diable-campingboy\/#primaryimage"},"thumbnailUrl":"https:\/\/shop.bantam.ch\/wp-content\/uploads\/2025\/12\/Movera-L-9995110100.jpg","datePublished":"2025-12-17T14:35:07+00:00","dateModified":"2026-04-19T21:49:40+00:00","breadcrumb":{"@id":"https:\/\/shop.bantam.ch\/fr\/produit\/diable-campingboy\/#breadcrumb"},"inLanguage":"fr-FR","potentialAction":[{"@type":"ReadAction","target":["https:\/\/shop.bantam.ch\/fr\/produit\/diable-campingboy\/"]}]},{"@type":"ImageObject","inLanguage":"fr-FR","@id":"https:\/\/shop.bantam.ch\/fr\/produit\/diable-campingboy\/#primaryimage","url":"https:\/\/shop.bantam.ch\/wp-content\/uploads\/2025\/12\/Movera-L-9995110100.jpg","contentUrl":"https:\/\/shop.bantam.ch\/wp-content\/uploads\/2025\/12\/Movera-L-9995110100.jpg","width":640,"height":640},{"@type":"BreadcrumbList","@id":"https:\/\/shop.bantam.ch\/fr\/produit\/diable-campingboy\/#breadcrumb","itemListElement":[{"@type":"ListItem","position":1,"name":"Accueil","item":"https:\/\/shop.bantam.ch\/fr\/"},{"@type":"ListItem","position":2,"name":"Boutique","item":"https:\/\/shop.bantam.ch\/fr\/boutique\/"},{"@type":"ListItem","position":3,"name":"Diable Campingboy"}]},{"@type":"WebSite","@id":"https:\/\/shop.bantam.ch\/fr\/#website","url":"https:\/\/shop.bantam.ch\/fr\/","name":"Bantam Wankm\u00fcller SA","description":"","publisher":{"@id":"https:\/\/shop.bantam.ch\/fr\/#organization"},"inLanguage":"fr-FR"},{"@type":"Organization","@id":"https:\/\/shop.bantam.ch\/fr\/#organization","name":"Bantam Wankm\u00fcller SA","url":"https:\/\/shop.bantam.ch\/fr\/","logo":{"@type":"ImageObject","inLanguage":"fr-FR","@id":"https:\/\/shop.bantam.ch\/fr\/#\/schema\/logo\/image\/","url":"https:\/\/shop.bantam.ch\/wp-content\/uploads\/2022\/12\/bantam-logo.png","contentUrl":"https:\/\/shop.bantam.ch\/wp-content\/uploads\/2022\/12\/bantam-logo.png","width":320,"height":71,"caption":"Bantam Wankm\u00fcller SA"},"image":{"@id":"https:\/\/shop.bantam.ch\/fr\/#\/schema\/logo\/image\/"}}]}},"_links":{"self":[{"href":"https:\/\/shop.bantam.ch\/fr\/wp-json\/wp\/v2\/product\/226130","targetHints":{"allow":["GET"]}}],"collection":[{"href":"https:\/\/shop.bantam.ch\/fr\/wp-json\/wp\/v2\/product"}],"about":[{"href":"https:\/\/shop.bantam.ch\/fr\/wp-json\/wp\/v2\/types\/product"}],"wp:featuredmedia":[{"embeddable":true,"href":"https:\/\/shop.bantam.ch\/fr\/wp-json\/wp\/v2\/media\/226120"}],"wp:attachment":[{"href":"https:\/\/shop.bantam.ch\/fr\/wp-json\/wp\/v2\/media?parent=226130"}],"wp:term":[{"taxonomy":"product_featured_cat","embeddable":true,"href":"https:\/\/shop.bantam.ch\/fr\/wp-json\/wp\/v2\/product_featured_cat?post=226130"},{"taxonomy":"product_brand","embeddable":true,"href":"https:\/\/shop.bantam.ch\/fr\/wp-json\/wp\/v2\/product_brand?post=226130"},{"taxonomy":"product_cat","embeddable":true,"href":"https:\/\/shop.bantam.ch\/fr\/wp-json\/wp\/v2\/product_cat?post=226130"},{"taxonomy":"product_tag","embeddable":true,"href":"https:\/\/shop.bantam.ch\/fr\/wp-json\/wp\/v2\/product_tag?post=226130"}],"curies":[{"name":"wp","href":"https:\/\/api.w.org\/{rel}","templated":true}]}}