{"id":226110,"date":"2025-12-17T15:34:43","date_gmt":"2025-12-17T14:34:43","guid":{"rendered":"https:\/\/shop.bantam.ch\/produit\/toilette-bravura\/"},"modified":"2026-04-20T02:29:34","modified_gmt":"2026-04-20T00:29:34","slug":"toilette-bravura","status":"publish","type":"product","link":"https:\/\/shop.bantam.ch\/fr\/produit\/toilette-bravura\/","title":{"rendered":"Toilette Bravura"},"content":{"rendered":"<p>Thetford propose \u00e9galement des toilettes encastr\u00e9es pour les v\u00e9hicules \u00e9quip\u00e9s d&rsquo;un r\u00e9servoir \u00e0 mati\u00e8res f\u00e9cales. Le syst\u00e8me de rin\u00e7age de ces toilettes peut \u00eatre raccord\u00e9 tout simplement au r\u00e9servoir \u00e0 eau du v\u00e9hicule.<\/p>\n<ul>\n<li>Utilisation \u00e0 l\u2019aide d\u2019une p\u00e9dale de pied<\/li>\n<li>La cuvette profonde du WC permet d\u2018\u00e9viter les projections<\/li>\n<li>Montage facile et acc\u00e8s aux pi\u00e8ces d\u00e9tach\u00e9es<\/li>\n<li>La capacit\u00e9 du r\u00e9servoir \u00e0 mati\u00e8res f\u00e9cales d\u00e9pend du r\u00e9servoir d&rsquo;eaux us\u00e9es du v\u00e9hicule.<\/li>\n<li>La capacit\u00e9 du r\u00e9servoir \u00e0 eau de rin\u00e7age d\u00e9pend du r\u00e9servoir \u00e0 eau central du v\u00e9hicule.<\/li>\n<\/ul>\n","protected":false},"excerpt":{"rendered":"<p>Thetford propose \u00e9galement des toilettes encastr\u00e9es pour les v\u00e9hicules \u00e9quip\u00e9s d&rsquo;un r\u00e9servoir \u00e0 mati\u00e8res f\u00e9cales. Le syst\u00e8me de rin\u00e7age de ces toilettes peut \u00eatre raccord\u00e9 tout simplement au r\u00e9servoir \u00e0 eau du v\u00e9hicule. Utilisation \u00e0 l\u2019aide d\u2019une p\u00e9dale de pied La cuvette profonde du WC permet d\u2018\u00e9viter les projections Montage facile et acc\u00e8s aux pi\u00e8ces [&hellip;]<\/p>\n","protected":false},"featured_media":226106,"template":"","meta":{"_acf_changed":false},"product_featured_cat":[],"product_brand":[],"product_cat":[4595],"product_tag":[],"class_list":{"0":"post-226110","1":"product","2":"type-product","3":"status-publish","4":"has-post-thumbnail","6":"product_cat-toilettes-encastrables","8":"first","9":"instock","10":"taxable","11":"shipping-taxable","12":"purchasable","13":"product-type-variable"},"acf":[],"yoast_head":"<!-- This site is optimized with the Yoast SEO plugin v27.4 - https:\/\/yoast.com\/product\/yoast-seo-wordpress\/ -->\n<title>Toilette Bravura - Bantam Wankm\u00fcller SA<\/title>\n<meta name=\"robots\" content=\"index, follow, max-snippet:-1, max-image-preview:large, max-video-preview:-1\" \/>\n<link rel=\"canonical\" href=\"https:\/\/shop.bantam.ch\/fr\/produit\/toilette-bravura\/\" \/>\n<meta property=\"og:locale\" content=\"fr_FR\" \/>\n<meta property=\"og:type\" content=\"article\" \/>\n<meta property=\"og:title\" content=\"Toilette Bravura - Bantam Wankm\u00fcller SA\" \/>\n<meta property=\"og:description\" content=\"Thetford propose \u00e9galement des toilettes encastr\u00e9es pour les v\u00e9hicules \u00e9quip\u00e9s d&rsquo;un r\u00e9servoir \u00e0 mati\u00e8res f\u00e9cales. Le syst\u00e8me de rin\u00e7age de ces toilettes peut \u00eatre raccord\u00e9 tout simplement au r\u00e9servoir \u00e0 eau du v\u00e9hicule. Utilisation \u00e0 l\u2019aide d\u2019une p\u00e9dale de pied La cuvette profonde du WC permet d\u2018\u00e9viter les projections Montage facile et acc\u00e8s aux pi\u00e8ces [&hellip;]\" \/>\n<meta property=\"og:url\" content=\"https:\/\/shop.bantam.ch\/fr\/produit\/toilette-bravura\/\" \/>\n<meta property=\"og:site_name\" content=\"Bantam Wankm\u00fcller SA\" \/>\n<meta property=\"article:modified_time\" content=\"2026-04-20T00:29:34+00:00\" \/>\n<meta name=\"twitter:card\" content=\"summary_large_image\" \/>\n<meta name=\"twitter:label1\" content=\"Dur\u00e9e de lecture estim\u00e9e\" \/>\n\t<meta name=\"twitter:data1\" content=\"1 minute\" \/>\n<script type=\"application\/ld+json\" class=\"yoast-schema-graph\">{\"@context\":\"https:\\\/\\\/schema.org\",\"@graph\":[{\"@type\":\"WebPage\",\"@id\":\"https:\\\/\\\/shop.bantam.ch\\\/fr\\\/produit\\\/toilette-bravura\\\/\",\"url\":\"https:\\\/\\\/shop.bantam.ch\\\/fr\\\/produit\\\/toilette-bravura\\\/\",\"name\":\"Toilette Bravura - Bantam Wankm\u00fcller SA\",\"isPartOf\":{\"@id\":\"https:\\\/\\\/shop.bantam.ch\\\/fr\\\/#website\"},\"primaryImageOfPage\":{\"@id\":\"https:\\\/\\\/shop.bantam.ch\\\/fr\\\/produit\\\/toilette-bravura\\\/#primaryimage\"},\"image\":{\"@id\":\"https:\\\/\\\/shop.bantam.ch\\\/fr\\\/produit\\\/toilette-bravura\\\/#primaryimage\"},\"thumbnailUrl\":\"https:\\\/\\\/shop.bantam.ch\\\/wp-content\\\/uploads\\\/2025\\\/12\\\/Movera-L-0070419100.jpg\",\"datePublished\":\"2025-12-17T14:34:43+00:00\",\"dateModified\":\"2026-04-20T00:29:34+00:00\",\"breadcrumb\":{\"@id\":\"https:\\\/\\\/shop.bantam.ch\\\/fr\\\/produit\\\/toilette-bravura\\\/#breadcrumb\"},\"inLanguage\":\"fr-FR\",\"potentialAction\":[{\"@type\":\"ReadAction\",\"target\":[\"https:\\\/\\\/shop.bantam.ch\\\/fr\\\/produit\\\/toilette-bravura\\\/\"]}]},{\"@type\":\"ImageObject\",\"inLanguage\":\"fr-FR\",\"@id\":\"https:\\\/\\\/shop.bantam.ch\\\/fr\\\/produit\\\/toilette-bravura\\\/#primaryimage\",\"url\":\"https:\\\/\\\/shop.bantam.ch\\\/wp-content\\\/uploads\\\/2025\\\/12\\\/Movera-L-0070419100.jpg\",\"contentUrl\":\"https:\\\/\\\/shop.bantam.ch\\\/wp-content\\\/uploads\\\/2025\\\/12\\\/Movera-L-0070419100.jpg\",\"width\":640,\"height\":658},{\"@type\":\"BreadcrumbList\",\"@id\":\"https:\\\/\\\/shop.bantam.ch\\\/fr\\\/produit\\\/toilette-bravura\\\/#breadcrumb\",\"itemListElement\":[{\"@type\":\"ListItem\",\"position\":1,\"name\":\"Accueil\",\"item\":\"https:\\\/\\\/shop.bantam.ch\\\/fr\\\/\"},{\"@type\":\"ListItem\",\"position\":2,\"name\":\"Boutique\",\"item\":\"https:\\\/\\\/shop.bantam.ch\\\/fr\\\/boutique\\\/\"},{\"@type\":\"ListItem\",\"position\":3,\"name\":\"Toilette Bravura\"}]},{\"@type\":\"WebSite\",\"@id\":\"https:\\\/\\\/shop.bantam.ch\\\/fr\\\/#website\",\"url\":\"https:\\\/\\\/shop.bantam.ch\\\/fr\\\/\",\"name\":\"Bantam Wankm\u00fcller SA\",\"description\":\"\",\"publisher\":{\"@id\":\"https:\\\/\\\/shop.bantam.ch\\\/fr\\\/#organization\"},\"inLanguage\":\"fr-FR\"},{\"@type\":\"Organization\",\"@id\":\"https:\\\/\\\/shop.bantam.ch\\\/fr\\\/#organization\",\"name\":\"Bantam Wankm\u00fcller SA\",\"url\":\"https:\\\/\\\/shop.bantam.ch\\\/fr\\\/\",\"logo\":{\"@type\":\"ImageObject\",\"inLanguage\":\"fr-FR\",\"@id\":\"https:\\\/\\\/shop.bantam.ch\\\/fr\\\/#\\\/schema\\\/logo\\\/image\\\/\",\"url\":\"https:\\\/\\\/shop.bantam.ch\\\/wp-content\\\/uploads\\\/2022\\\/12\\\/bantam-logo.png\",\"contentUrl\":\"https:\\\/\\\/shop.bantam.ch\\\/wp-content\\\/uploads\\\/2022\\\/12\\\/bantam-logo.png\",\"width\":320,\"height\":71,\"caption\":\"Bantam Wankm\u00fcller SA\"},\"image\":{\"@id\":\"https:\\\/\\\/shop.bantam.ch\\\/fr\\\/#\\\/schema\\\/logo\\\/image\\\/\"}}]}<\/script>\n<!-- \/ Yoast SEO plugin. -->","yoast_head_json":{"title":"Toilette Bravura - Bantam Wankm\u00fcller SA","robots":{"index":"index","follow":"follow","max-snippet":"max-snippet:-1","max-image-preview":"max-image-preview:large","max-video-preview":"max-video-preview:-1"},"canonical":"https:\/\/shop.bantam.ch\/fr\/produit\/toilette-bravura\/","og_locale":"fr_FR","og_type":"article","og_title":"Toilette Bravura - Bantam Wankm\u00fcller SA","og_description":"Thetford propose \u00e9galement des toilettes encastr\u00e9es pour les v\u00e9hicules \u00e9quip\u00e9s d&rsquo;un r\u00e9servoir \u00e0 mati\u00e8res f\u00e9cales. Le syst\u00e8me de rin\u00e7age de ces toilettes peut \u00eatre raccord\u00e9 tout simplement au r\u00e9servoir \u00e0 eau du v\u00e9hicule. Utilisation \u00e0 l\u2019aide d\u2019une p\u00e9dale de pied La cuvette profonde du WC permet d\u2018\u00e9viter les projections Montage facile et acc\u00e8s aux pi\u00e8ces [&hellip;]","og_url":"https:\/\/shop.bantam.ch\/fr\/produit\/toilette-bravura\/","og_site_name":"Bantam Wankm\u00fcller SA","article_modified_time":"2026-04-20T00:29:34+00:00","twitter_card":"summary_large_image","twitter_misc":{"Dur\u00e9e de lecture estim\u00e9e":"1 minute"},"schema":{"@context":"https:\/\/schema.org","@graph":[{"@type":"WebPage","@id":"https:\/\/shop.bantam.ch\/fr\/produit\/toilette-bravura\/","url":"https:\/\/shop.bantam.ch\/fr\/produit\/toilette-bravura\/","name":"Toilette Bravura - Bantam Wankm\u00fcller SA","isPartOf":{"@id":"https:\/\/shop.bantam.ch\/fr\/#website"},"primaryImageOfPage":{"@id":"https:\/\/shop.bantam.ch\/fr\/produit\/toilette-bravura\/#primaryimage"},"image":{"@id":"https:\/\/shop.bantam.ch\/fr\/produit\/toilette-bravura\/#primaryimage"},"thumbnailUrl":"https:\/\/shop.bantam.ch\/wp-content\/uploads\/2025\/12\/Movera-L-0070419100.jpg","datePublished":"2025-12-17T14:34:43+00:00","dateModified":"2026-04-20T00:29:34+00:00","breadcrumb":{"@id":"https:\/\/shop.bantam.ch\/fr\/produit\/toilette-bravura\/#breadcrumb"},"inLanguage":"fr-FR","potentialAction":[{"@type":"ReadAction","target":["https:\/\/shop.bantam.ch\/fr\/produit\/toilette-bravura\/"]}]},{"@type":"ImageObject","inLanguage":"fr-FR","@id":"https:\/\/shop.bantam.ch\/fr\/produit\/toilette-bravura\/#primaryimage","url":"https:\/\/shop.bantam.ch\/wp-content\/uploads\/2025\/12\/Movera-L-0070419100.jpg","contentUrl":"https:\/\/shop.bantam.ch\/wp-content\/uploads\/2025\/12\/Movera-L-0070419100.jpg","width":640,"height":658},{"@type":"BreadcrumbList","@id":"https:\/\/shop.bantam.ch\/fr\/produit\/toilette-bravura\/#breadcrumb","itemListElement":[{"@type":"ListItem","position":1,"name":"Accueil","item":"https:\/\/shop.bantam.ch\/fr\/"},{"@type":"ListItem","position":2,"name":"Boutique","item":"https:\/\/shop.bantam.ch\/fr\/boutique\/"},{"@type":"ListItem","position":3,"name":"Toilette Bravura"}]},{"@type":"WebSite","@id":"https:\/\/shop.bantam.ch\/fr\/#website","url":"https:\/\/shop.bantam.ch\/fr\/","name":"Bantam Wankm\u00fcller SA","description":"","publisher":{"@id":"https:\/\/shop.bantam.ch\/fr\/#organization"},"inLanguage":"fr-FR"},{"@type":"Organization","@id":"https:\/\/shop.bantam.ch\/fr\/#organization","name":"Bantam Wankm\u00fcller SA","url":"https:\/\/shop.bantam.ch\/fr\/","logo":{"@type":"ImageObject","inLanguage":"fr-FR","@id":"https:\/\/shop.bantam.ch\/fr\/#\/schema\/logo\/image\/","url":"https:\/\/shop.bantam.ch\/wp-content\/uploads\/2022\/12\/bantam-logo.png","contentUrl":"https:\/\/shop.bantam.ch\/wp-content\/uploads\/2022\/12\/bantam-logo.png","width":320,"height":71,"caption":"Bantam Wankm\u00fcller SA"},"image":{"@id":"https:\/\/shop.bantam.ch\/fr\/#\/schema\/logo\/image\/"}}]}},"_links":{"self":[{"href":"https:\/\/shop.bantam.ch\/fr\/wp-json\/wp\/v2\/product\/226110","targetHints":{"allow":["GET"]}}],"collection":[{"href":"https:\/\/shop.bantam.ch\/fr\/wp-json\/wp\/v2\/product"}],"about":[{"href":"https:\/\/shop.bantam.ch\/fr\/wp-json\/wp\/v2\/types\/product"}],"wp:featuredmedia":[{"embeddable":true,"href":"https:\/\/shop.bantam.ch\/fr\/wp-json\/wp\/v2\/media\/226106"}],"wp:attachment":[{"href":"https:\/\/shop.bantam.ch\/fr\/wp-json\/wp\/v2\/media?parent=226110"}],"wp:term":[{"taxonomy":"product_featured_cat","embeddable":true,"href":"https:\/\/shop.bantam.ch\/fr\/wp-json\/wp\/v2\/product_featured_cat?post=226110"},{"taxonomy":"product_brand","embeddable":true,"href":"https:\/\/shop.bantam.ch\/fr\/wp-json\/wp\/v2\/product_brand?post=226110"},{"taxonomy":"product_cat","embeddable":true,"href":"https:\/\/shop.bantam.ch\/fr\/wp-json\/wp\/v2\/product_cat?post=226110"},{"taxonomy":"product_tag","embeddable":true,"href":"https:\/\/shop.bantam.ch\/fr\/wp-json\/wp\/v2\/product_tag?post=226110"}],"curies":[{"name":"wp","href":"https:\/\/api.w.org\/{rel}","templated":true}]}}