{"id":226032,"date":"2025-12-17T15:32:27","date_gmt":"2025-12-17T14:32:27","guid":{"rendered":"https:\/\/shop.bantam.ch\/produit\/televiseur-smart-tv-19-pouces-android-14-0-noir\/"},"modified":"2026-04-17T23:42:32","modified_gmt":"2026-04-17T21:42:32","slug":"televiseur-smart-tv-19-pouces-android-14-0-noir","status":"publish","type":"product","link":"https:\/\/shop.bantam.ch\/fr\/produit\/televiseur-smart-tv-19-pouces-android-14-0-noir\/","title":{"rendered":"T\u00e9l\u00e9viseur SMART TV 19 pouces Android 14.0 noir"},"content":{"rendered":"<p>Meilleur rapport qualit\u00e9-prix, livr\u00e9 dans un emballage neutre .<\/p>\n<ul>\n<li>Android 14.0 int\u00e9gr\u00e9 (mises \u00e0 jour faciles et gratuites).<\/li>\n<li>Wifi et fonction CAST int\u00e9gr\u00e9s.<\/li>\n<li>Tr\u00e8s faible consommation d&rsquo;\u00e9nergie (classe F \/ 17 W).<\/li>\n<li>Tuner compatible ULTRA HD DVB-T2.<\/li>\n<li>Prise de courant 220 V en option.<\/li>\n<\/ul>\n<p>Contenu de la livraison : allume-cigarette 12 V inclus, sans bloc d&rsquo;alimentation 220 V<\/p>\n","protected":false},"excerpt":{"rendered":"<p>Meilleur rapport qualit\u00e9-prix, livr\u00e9 dans un emballage neutre . Android 14.0 int\u00e9gr\u00e9 (mises \u00e0 jour faciles et gratuites). Wifi et fonction CAST int\u00e9gr\u00e9s. Tr\u00e8s faible consommation d&rsquo;\u00e9nergie (classe F \/ 17 W). Tuner compatible ULTRA HD DVB-T2. Prise de courant 220 V en option. Contenu de la livraison : allume-cigarette 12 V inclus, sans bloc [&hellip;]<\/p>\n","protected":false},"featured_media":226030,"template":"","meta":{"_acf_changed":false},"product_featured_cat":[],"product_brand":[],"product_cat":[4505],"product_tag":[],"class_list":{"0":"post-226032","1":"product","2":"type-product","3":"status-publish","4":"has-post-thumbnail","6":"product_cat-televiseurs","8":"first","9":"instock","10":"taxable","11":"shipping-taxable","12":"purchasable","13":"product-type-simple"},"acf":[],"yoast_head":"<!-- This site is optimized with the Yoast SEO plugin v27.4 - https:\/\/yoast.com\/product\/yoast-seo-wordpress\/ -->\n<title>T\u00e9l\u00e9viseur SMART TV 19 pouces Android 14.0 noir - Bantam Wankm\u00fcller SA<\/title>\n<meta name=\"robots\" content=\"index, follow, max-snippet:-1, max-image-preview:large, max-video-preview:-1\" \/>\n<link rel=\"canonical\" href=\"https:\/\/shop.bantam.ch\/fr\/produit\/televiseur-smart-tv-19-pouces-android-14-0-noir\/\" \/>\n<meta property=\"og:locale\" content=\"fr_FR\" \/>\n<meta property=\"og:type\" content=\"article\" \/>\n<meta property=\"og:title\" content=\"T\u00e9l\u00e9viseur SMART TV 19 pouces Android 14.0 noir - Bantam Wankm\u00fcller SA\" \/>\n<meta property=\"og:description\" content=\"Meilleur rapport qualit\u00e9-prix, livr\u00e9 dans un emballage neutre . Android 14.0 int\u00e9gr\u00e9 (mises \u00e0 jour faciles et gratuites). Wifi et fonction CAST int\u00e9gr\u00e9s. Tr\u00e8s faible consommation d&rsquo;\u00e9nergie (classe F \/ 17 W). Tuner compatible ULTRA HD DVB-T2. Prise de courant 220 V en option. Contenu de la livraison : allume-cigarette 12 V inclus, sans bloc [&hellip;]\" \/>\n<meta property=\"og:url\" content=\"https:\/\/shop.bantam.ch\/fr\/produit\/televiseur-smart-tv-19-pouces-android-14-0-noir\/\" \/>\n<meta property=\"og:site_name\" content=\"Bantam Wankm\u00fcller SA\" \/>\n<meta property=\"article:modified_time\" content=\"2026-04-17T21:42:32+00:00\" \/>\n<meta name=\"twitter:card\" content=\"summary_large_image\" \/>\n<script type=\"application\/ld+json\" class=\"yoast-schema-graph\">{\"@context\":\"https:\\\/\\\/schema.org\",\"@graph\":[{\"@type\":\"WebPage\",\"@id\":\"https:\\\/\\\/shop.bantam.ch\\\/fr\\\/produit\\\/televiseur-smart-tv-19-pouces-android-14-0-noir\\\/\",\"url\":\"https:\\\/\\\/shop.bantam.ch\\\/fr\\\/produit\\\/televiseur-smart-tv-19-pouces-android-14-0-noir\\\/\",\"name\":\"T\u00e9l\u00e9viseur SMART TV 19 pouces Android 14.0 noir - Bantam Wankm\u00fcller SA\",\"isPartOf\":{\"@id\":\"https:\\\/\\\/shop.bantam.ch\\\/fr\\\/#website\"},\"primaryImageOfPage\":{\"@id\":\"https:\\\/\\\/shop.bantam.ch\\\/fr\\\/produit\\\/televiseur-smart-tv-19-pouces-android-14-0-noir\\\/#primaryimage\"},\"image\":{\"@id\":\"https:\\\/\\\/shop.bantam.ch\\\/fr\\\/produit\\\/televiseur-smart-tv-19-pouces-android-14-0-noir\\\/#primaryimage\"},\"thumbnailUrl\":\"https:\\\/\\\/shop.bantam.ch\\\/wp-content\\\/uploads\\\/2025\\\/12\\\/Movera-L-9987006100.png\",\"datePublished\":\"2025-12-17T14:32:27+00:00\",\"dateModified\":\"2026-04-17T21:42:32+00:00\",\"breadcrumb\":{\"@id\":\"https:\\\/\\\/shop.bantam.ch\\\/fr\\\/produit\\\/televiseur-smart-tv-19-pouces-android-14-0-noir\\\/#breadcrumb\"},\"inLanguage\":\"fr-FR\",\"potentialAction\":[{\"@type\":\"ReadAction\",\"target\":[\"https:\\\/\\\/shop.bantam.ch\\\/fr\\\/produit\\\/televiseur-smart-tv-19-pouces-android-14-0-noir\\\/\"]}]},{\"@type\":\"ImageObject\",\"inLanguage\":\"fr-FR\",\"@id\":\"https:\\\/\\\/shop.bantam.ch\\\/fr\\\/produit\\\/televiseur-smart-tv-19-pouces-android-14-0-noir\\\/#primaryimage\",\"url\":\"https:\\\/\\\/shop.bantam.ch\\\/wp-content\\\/uploads\\\/2025\\\/12\\\/Movera-L-9987006100.png\",\"contentUrl\":\"https:\\\/\\\/shop.bantam.ch\\\/wp-content\\\/uploads\\\/2025\\\/12\\\/Movera-L-9987006100.png\",\"width\":640,\"height\":408},{\"@type\":\"BreadcrumbList\",\"@id\":\"https:\\\/\\\/shop.bantam.ch\\\/fr\\\/produit\\\/televiseur-smart-tv-19-pouces-android-14-0-noir\\\/#breadcrumb\",\"itemListElement\":[{\"@type\":\"ListItem\",\"position\":1,\"name\":\"Accueil\",\"item\":\"https:\\\/\\\/shop.bantam.ch\\\/fr\\\/\"},{\"@type\":\"ListItem\",\"position\":2,\"name\":\"Boutique\",\"item\":\"https:\\\/\\\/shop.bantam.ch\\\/fr\\\/boutique\\\/\"},{\"@type\":\"ListItem\",\"position\":3,\"name\":\"T\u00e9l\u00e9viseur SMART TV 19 pouces Android 14.0 noir\"}]},{\"@type\":\"WebSite\",\"@id\":\"https:\\\/\\\/shop.bantam.ch\\\/fr\\\/#website\",\"url\":\"https:\\\/\\\/shop.bantam.ch\\\/fr\\\/\",\"name\":\"Bantam Wankm\u00fcller SA\",\"description\":\"\",\"publisher\":{\"@id\":\"https:\\\/\\\/shop.bantam.ch\\\/fr\\\/#organization\"},\"inLanguage\":\"fr-FR\"},{\"@type\":\"Organization\",\"@id\":\"https:\\\/\\\/shop.bantam.ch\\\/fr\\\/#organization\",\"name\":\"Bantam Wankm\u00fcller SA\",\"url\":\"https:\\\/\\\/shop.bantam.ch\\\/fr\\\/\",\"logo\":{\"@type\":\"ImageObject\",\"inLanguage\":\"fr-FR\",\"@id\":\"https:\\\/\\\/shop.bantam.ch\\\/fr\\\/#\\\/schema\\\/logo\\\/image\\\/\",\"url\":\"https:\\\/\\\/shop.bantam.ch\\\/wp-content\\\/uploads\\\/2022\\\/12\\\/bantam-logo.png\",\"contentUrl\":\"https:\\\/\\\/shop.bantam.ch\\\/wp-content\\\/uploads\\\/2022\\\/12\\\/bantam-logo.png\",\"width\":320,\"height\":71,\"caption\":\"Bantam Wankm\u00fcller SA\"},\"image\":{\"@id\":\"https:\\\/\\\/shop.bantam.ch\\\/fr\\\/#\\\/schema\\\/logo\\\/image\\\/\"}}]}<\/script>\n<!-- \/ Yoast SEO plugin. -->","yoast_head_json":{"title":"T\u00e9l\u00e9viseur SMART TV 19 pouces Android 14.0 noir - Bantam Wankm\u00fcller SA","robots":{"index":"index","follow":"follow","max-snippet":"max-snippet:-1","max-image-preview":"max-image-preview:large","max-video-preview":"max-video-preview:-1"},"canonical":"https:\/\/shop.bantam.ch\/fr\/produit\/televiseur-smart-tv-19-pouces-android-14-0-noir\/","og_locale":"fr_FR","og_type":"article","og_title":"T\u00e9l\u00e9viseur SMART TV 19 pouces Android 14.0 noir - Bantam Wankm\u00fcller SA","og_description":"Meilleur rapport qualit\u00e9-prix, livr\u00e9 dans un emballage neutre . Android 14.0 int\u00e9gr\u00e9 (mises \u00e0 jour faciles et gratuites). Wifi et fonction CAST int\u00e9gr\u00e9s. Tr\u00e8s faible consommation d&rsquo;\u00e9nergie (classe F \/ 17 W). Tuner compatible ULTRA HD DVB-T2. Prise de courant 220 V en option. Contenu de la livraison : allume-cigarette 12 V inclus, sans bloc [&hellip;]","og_url":"https:\/\/shop.bantam.ch\/fr\/produit\/televiseur-smart-tv-19-pouces-android-14-0-noir\/","og_site_name":"Bantam Wankm\u00fcller SA","article_modified_time":"2026-04-17T21:42:32+00:00","twitter_card":"summary_large_image","schema":{"@context":"https:\/\/schema.org","@graph":[{"@type":"WebPage","@id":"https:\/\/shop.bantam.ch\/fr\/produit\/televiseur-smart-tv-19-pouces-android-14-0-noir\/","url":"https:\/\/shop.bantam.ch\/fr\/produit\/televiseur-smart-tv-19-pouces-android-14-0-noir\/","name":"T\u00e9l\u00e9viseur SMART TV 19 pouces Android 14.0 noir - Bantam Wankm\u00fcller SA","isPartOf":{"@id":"https:\/\/shop.bantam.ch\/fr\/#website"},"primaryImageOfPage":{"@id":"https:\/\/shop.bantam.ch\/fr\/produit\/televiseur-smart-tv-19-pouces-android-14-0-noir\/#primaryimage"},"image":{"@id":"https:\/\/shop.bantam.ch\/fr\/produit\/televiseur-smart-tv-19-pouces-android-14-0-noir\/#primaryimage"},"thumbnailUrl":"https:\/\/shop.bantam.ch\/wp-content\/uploads\/2025\/12\/Movera-L-9987006100.png","datePublished":"2025-12-17T14:32:27+00:00","dateModified":"2026-04-17T21:42:32+00:00","breadcrumb":{"@id":"https:\/\/shop.bantam.ch\/fr\/produit\/televiseur-smart-tv-19-pouces-android-14-0-noir\/#breadcrumb"},"inLanguage":"fr-FR","potentialAction":[{"@type":"ReadAction","target":["https:\/\/shop.bantam.ch\/fr\/produit\/televiseur-smart-tv-19-pouces-android-14-0-noir\/"]}]},{"@type":"ImageObject","inLanguage":"fr-FR","@id":"https:\/\/shop.bantam.ch\/fr\/produit\/televiseur-smart-tv-19-pouces-android-14-0-noir\/#primaryimage","url":"https:\/\/shop.bantam.ch\/wp-content\/uploads\/2025\/12\/Movera-L-9987006100.png","contentUrl":"https:\/\/shop.bantam.ch\/wp-content\/uploads\/2025\/12\/Movera-L-9987006100.png","width":640,"height":408},{"@type":"BreadcrumbList","@id":"https:\/\/shop.bantam.ch\/fr\/produit\/televiseur-smart-tv-19-pouces-android-14-0-noir\/#breadcrumb","itemListElement":[{"@type":"ListItem","position":1,"name":"Accueil","item":"https:\/\/shop.bantam.ch\/fr\/"},{"@type":"ListItem","position":2,"name":"Boutique","item":"https:\/\/shop.bantam.ch\/fr\/boutique\/"},{"@type":"ListItem","position":3,"name":"T\u00e9l\u00e9viseur SMART TV 19 pouces Android 14.0 noir"}]},{"@type":"WebSite","@id":"https:\/\/shop.bantam.ch\/fr\/#website","url":"https:\/\/shop.bantam.ch\/fr\/","name":"Bantam Wankm\u00fcller SA","description":"","publisher":{"@id":"https:\/\/shop.bantam.ch\/fr\/#organization"},"inLanguage":"fr-FR"},{"@type":"Organization","@id":"https:\/\/shop.bantam.ch\/fr\/#organization","name":"Bantam Wankm\u00fcller SA","url":"https:\/\/shop.bantam.ch\/fr\/","logo":{"@type":"ImageObject","inLanguage":"fr-FR","@id":"https:\/\/shop.bantam.ch\/fr\/#\/schema\/logo\/image\/","url":"https:\/\/shop.bantam.ch\/wp-content\/uploads\/2022\/12\/bantam-logo.png","contentUrl":"https:\/\/shop.bantam.ch\/wp-content\/uploads\/2022\/12\/bantam-logo.png","width":320,"height":71,"caption":"Bantam Wankm\u00fcller SA"},"image":{"@id":"https:\/\/shop.bantam.ch\/fr\/#\/schema\/logo\/image\/"}}]}},"_links":{"self":[{"href":"https:\/\/shop.bantam.ch\/fr\/wp-json\/wp\/v2\/product\/226032","targetHints":{"allow":["GET"]}}],"collection":[{"href":"https:\/\/shop.bantam.ch\/fr\/wp-json\/wp\/v2\/product"}],"about":[{"href":"https:\/\/shop.bantam.ch\/fr\/wp-json\/wp\/v2\/types\/product"}],"wp:featuredmedia":[{"embeddable":true,"href":"https:\/\/shop.bantam.ch\/fr\/wp-json\/wp\/v2\/media\/226030"}],"wp:attachment":[{"href":"https:\/\/shop.bantam.ch\/fr\/wp-json\/wp\/v2\/media?parent=226032"}],"wp:term":[{"taxonomy":"product_featured_cat","embeddable":true,"href":"https:\/\/shop.bantam.ch\/fr\/wp-json\/wp\/v2\/product_featured_cat?post=226032"},{"taxonomy":"product_brand","embeddable":true,"href":"https:\/\/shop.bantam.ch\/fr\/wp-json\/wp\/v2\/product_brand?post=226032"},{"taxonomy":"product_cat","embeddable":true,"href":"https:\/\/shop.bantam.ch\/fr\/wp-json\/wp\/v2\/product_cat?post=226032"},{"taxonomy":"product_tag","embeddable":true,"href":"https:\/\/shop.bantam.ch\/fr\/wp-json\/wp\/v2\/product_tag?post=226032"}],"curies":[{"name":"wp","href":"https:\/\/api.w.org\/{rel}","templated":true}]}}