{"id":225950,"date":"2025-12-17T15:29:54","date_gmt":"2025-12-17T14:29:54","guid":{"rendered":"https:\/\/shop.bantam.ch\/produit\/grill-a-gaz-portable-400-sgr-avc-3-feux-et-3-tourne-broches-coul-bleu\/"},"modified":"2026-04-18T23:45:41","modified_gmt":"2026-04-18T21:45:41","slug":"grill-a-gaz-portable-400-sgr-avc-3-feux-et-3-tourne-broches-coul-bleu","status":"publish","type":"product","link":"https:\/\/shop.bantam.ch\/fr\/produit\/grill-a-gaz-portable-400-sgr-avc-3-feux-et-3-tourne-broches-coul-bleu\/","title":{"rendered":"Grill \u00e0 gaz portable 400 SGR Avc 3 feux et 3 tourne-broches Coul: bleu"},"content":{"rendered":"<p>Barbecue valise 3 br\u00fbleurs pour cuire et griller en m\u00eame temps. La chaleur se d\u00e9gage depuis le haut, ce qui \u00e9vite l\u2018\u00e9gouttement de graisses sur des flammes ouvertes<br \/>\nou des braises. R\u00e9glage de la temp\u00e9rature du grill via la soupape de r\u00e9gulation du gaz, avec allumage pi\u00e9zo.<\/p>\n<p>\u00a0<\/p>\n<ul>\n<li>Grille foy\u00e8re chrom\u00e9e<\/li>\n<li>Pliable<\/li>\n<li>Allumage : Piezo<\/li>\n<li>Syst\u00e8me tournebroche avec moteur (aliment\u00e9 par batterie)<\/li>\n<\/ul>\n<p>Contenu\u00a0:<br \/>Tournebroche \u00e0 moteur<\/p>\n<p>Contenu de la livraison :<br \/>Flexible de gaz 80 cm inclus, sans batterie<\/p>\n","protected":false},"excerpt":{"rendered":"<p>Barbecue valise 3 br\u00fbleurs pour cuire et griller en m\u00eame temps. La chaleur se d\u00e9gage depuis le haut, ce qui \u00e9vite l\u2018\u00e9gouttement de graisses sur des flammes ouvertes ou des braises. R\u00e9glage de la temp\u00e9rature du grill via la soupape de r\u00e9gulation du gaz, avec allumage pi\u00e9zo. \u00a0 Grille foy\u00e8re chrom\u00e9e Pliable Allumage : Piezo [&hellip;]<\/p>\n","protected":false},"featured_media":225948,"template":"","meta":{"_acf_changed":false},"product_featured_cat":[],"product_brand":[],"product_cat":[4279],"product_tag":[],"class_list":{"0":"post-225950","1":"product","2":"type-product","3":"status-publish","4":"has-post-thumbnail","6":"product_cat-barbecues-a-gaz","8":"first","9":"instock","10":"taxable","11":"shipping-taxable","12":"purchasable","13":"product-type-simple"},"acf":[],"yoast_head":"<!-- This site is optimized with the Yoast SEO plugin v27.4 - https:\/\/yoast.com\/product\/yoast-seo-wordpress\/ -->\n<title>Grill \u00e0 gaz portable 400 SGR Avc 3 feux et 3 tourne-broches Coul: bleu - Bantam Wankm\u00fcller SA<\/title>\n<meta name=\"robots\" content=\"index, follow, max-snippet:-1, max-image-preview:large, max-video-preview:-1\" \/>\n<link rel=\"canonical\" href=\"https:\/\/shop.bantam.ch\/fr\/produit\/grill-a-gaz-portable-400-sgr-avc-3-feux-et-3-tourne-broches-coul-bleu\/\" \/>\n<meta property=\"og:locale\" content=\"fr_FR\" \/>\n<meta property=\"og:type\" content=\"article\" \/>\n<meta property=\"og:title\" content=\"Grill \u00e0 gaz portable 400 SGR Avc 3 feux et 3 tourne-broches Coul: bleu - Bantam Wankm\u00fcller SA\" \/>\n<meta property=\"og:description\" content=\"Barbecue valise 3 br\u00fbleurs pour cuire et griller en m\u00eame temps. La chaleur se d\u00e9gage depuis le haut, ce qui \u00e9vite l\u2018\u00e9gouttement de graisses sur des flammes ouvertes ou des braises. R\u00e9glage de la temp\u00e9rature du grill via la soupape de r\u00e9gulation du gaz, avec allumage pi\u00e9zo. \u00a0 Grille foy\u00e8re chrom\u00e9e Pliable Allumage : Piezo [&hellip;]\" \/>\n<meta property=\"og:url\" content=\"https:\/\/shop.bantam.ch\/fr\/produit\/grill-a-gaz-portable-400-sgr-avc-3-feux-et-3-tourne-broches-coul-bleu\/\" \/>\n<meta property=\"og:site_name\" content=\"Bantam Wankm\u00fcller SA\" \/>\n<meta property=\"article:modified_time\" content=\"2026-04-18T21:45:41+00:00\" \/>\n<meta name=\"twitter:card\" content=\"summary_large_image\" \/>\n<script type=\"application\/ld+json\" class=\"yoast-schema-graph\">{\"@context\":\"https:\\\/\\\/schema.org\",\"@graph\":[{\"@type\":\"WebPage\",\"@id\":\"https:\\\/\\\/shop.bantam.ch\\\/fr\\\/produit\\\/grill-a-gaz-portable-400-sgr-avc-3-feux-et-3-tourne-broches-coul-bleu\\\/\",\"url\":\"https:\\\/\\\/shop.bantam.ch\\\/fr\\\/produit\\\/grill-a-gaz-portable-400-sgr-avc-3-feux-et-3-tourne-broches-coul-bleu\\\/\",\"name\":\"Grill \u00e0 gaz portable 400 SGR Avc 3 feux et 3 tourne-broches Coul: bleu - Bantam Wankm\u00fcller SA\",\"isPartOf\":{\"@id\":\"https:\\\/\\\/shop.bantam.ch\\\/fr\\\/#website\"},\"primaryImageOfPage\":{\"@id\":\"https:\\\/\\\/shop.bantam.ch\\\/fr\\\/produit\\\/grill-a-gaz-portable-400-sgr-avc-3-feux-et-3-tourne-broches-coul-bleu\\\/#primaryimage\"},\"image\":{\"@id\":\"https:\\\/\\\/shop.bantam.ch\\\/fr\\\/produit\\\/grill-a-gaz-portable-400-sgr-avc-3-feux-et-3-tourne-broches-coul-bleu\\\/#primaryimage\"},\"thumbnailUrl\":\"https:\\\/\\\/shop.bantam.ch\\\/wp-content\\\/uploads\\\/2025\\\/12\\\/Movera-L-9983715100.jpg\",\"datePublished\":\"2025-12-17T14:29:54+00:00\",\"dateModified\":\"2026-04-18T21:45:41+00:00\",\"breadcrumb\":{\"@id\":\"https:\\\/\\\/shop.bantam.ch\\\/fr\\\/produit\\\/grill-a-gaz-portable-400-sgr-avc-3-feux-et-3-tourne-broches-coul-bleu\\\/#breadcrumb\"},\"inLanguage\":\"fr-FR\",\"potentialAction\":[{\"@type\":\"ReadAction\",\"target\":[\"https:\\\/\\\/shop.bantam.ch\\\/fr\\\/produit\\\/grill-a-gaz-portable-400-sgr-avc-3-feux-et-3-tourne-broches-coul-bleu\\\/\"]}]},{\"@type\":\"ImageObject\",\"inLanguage\":\"fr-FR\",\"@id\":\"https:\\\/\\\/shop.bantam.ch\\\/fr\\\/produit\\\/grill-a-gaz-portable-400-sgr-avc-3-feux-et-3-tourne-broches-coul-bleu\\\/#primaryimage\",\"url\":\"https:\\\/\\\/shop.bantam.ch\\\/wp-content\\\/uploads\\\/2025\\\/12\\\/Movera-L-9983715100.jpg\",\"contentUrl\":\"https:\\\/\\\/shop.bantam.ch\\\/wp-content\\\/uploads\\\/2025\\\/12\\\/Movera-L-9983715100.jpg\",\"width\":640,\"height\":930},{\"@type\":\"BreadcrumbList\",\"@id\":\"https:\\\/\\\/shop.bantam.ch\\\/fr\\\/produit\\\/grill-a-gaz-portable-400-sgr-avc-3-feux-et-3-tourne-broches-coul-bleu\\\/#breadcrumb\",\"itemListElement\":[{\"@type\":\"ListItem\",\"position\":1,\"name\":\"Accueil\",\"item\":\"https:\\\/\\\/shop.bantam.ch\\\/fr\\\/\"},{\"@type\":\"ListItem\",\"position\":2,\"name\":\"Boutique\",\"item\":\"https:\\\/\\\/shop.bantam.ch\\\/fr\\\/boutique\\\/\"},{\"@type\":\"ListItem\",\"position\":3,\"name\":\"Grill \u00e0 gaz portable 400 SGR Avc 3 feux et 3 tourne-broches Coul: bleu\"}]},{\"@type\":\"WebSite\",\"@id\":\"https:\\\/\\\/shop.bantam.ch\\\/fr\\\/#website\",\"url\":\"https:\\\/\\\/shop.bantam.ch\\\/fr\\\/\",\"name\":\"Bantam Wankm\u00fcller SA\",\"description\":\"\",\"publisher\":{\"@id\":\"https:\\\/\\\/shop.bantam.ch\\\/fr\\\/#organization\"},\"inLanguage\":\"fr-FR\"},{\"@type\":\"Organization\",\"@id\":\"https:\\\/\\\/shop.bantam.ch\\\/fr\\\/#organization\",\"name\":\"Bantam Wankm\u00fcller SA\",\"url\":\"https:\\\/\\\/shop.bantam.ch\\\/fr\\\/\",\"logo\":{\"@type\":\"ImageObject\",\"inLanguage\":\"fr-FR\",\"@id\":\"https:\\\/\\\/shop.bantam.ch\\\/fr\\\/#\\\/schema\\\/logo\\\/image\\\/\",\"url\":\"https:\\\/\\\/shop.bantam.ch\\\/wp-content\\\/uploads\\\/2022\\\/12\\\/bantam-logo.png\",\"contentUrl\":\"https:\\\/\\\/shop.bantam.ch\\\/wp-content\\\/uploads\\\/2022\\\/12\\\/bantam-logo.png\",\"width\":320,\"height\":71,\"caption\":\"Bantam Wankm\u00fcller SA\"},\"image\":{\"@id\":\"https:\\\/\\\/shop.bantam.ch\\\/fr\\\/#\\\/schema\\\/logo\\\/image\\\/\"}}]}<\/script>\n<!-- \/ Yoast SEO plugin. -->","yoast_head_json":{"title":"Grill \u00e0 gaz portable 400 SGR Avc 3 feux et 3 tourne-broches Coul: bleu - Bantam Wankm\u00fcller SA","robots":{"index":"index","follow":"follow","max-snippet":"max-snippet:-1","max-image-preview":"max-image-preview:large","max-video-preview":"max-video-preview:-1"},"canonical":"https:\/\/shop.bantam.ch\/fr\/produit\/grill-a-gaz-portable-400-sgr-avc-3-feux-et-3-tourne-broches-coul-bleu\/","og_locale":"fr_FR","og_type":"article","og_title":"Grill \u00e0 gaz portable 400 SGR Avc 3 feux et 3 tourne-broches Coul: bleu - Bantam Wankm\u00fcller SA","og_description":"Barbecue valise 3 br\u00fbleurs pour cuire et griller en m\u00eame temps. La chaleur se d\u00e9gage depuis le haut, ce qui \u00e9vite l\u2018\u00e9gouttement de graisses sur des flammes ouvertes ou des braises. R\u00e9glage de la temp\u00e9rature du grill via la soupape de r\u00e9gulation du gaz, avec allumage pi\u00e9zo. \u00a0 Grille foy\u00e8re chrom\u00e9e Pliable Allumage : Piezo [&hellip;]","og_url":"https:\/\/shop.bantam.ch\/fr\/produit\/grill-a-gaz-portable-400-sgr-avc-3-feux-et-3-tourne-broches-coul-bleu\/","og_site_name":"Bantam Wankm\u00fcller SA","article_modified_time":"2026-04-18T21:45:41+00:00","twitter_card":"summary_large_image","schema":{"@context":"https:\/\/schema.org","@graph":[{"@type":"WebPage","@id":"https:\/\/shop.bantam.ch\/fr\/produit\/grill-a-gaz-portable-400-sgr-avc-3-feux-et-3-tourne-broches-coul-bleu\/","url":"https:\/\/shop.bantam.ch\/fr\/produit\/grill-a-gaz-portable-400-sgr-avc-3-feux-et-3-tourne-broches-coul-bleu\/","name":"Grill \u00e0 gaz portable 400 SGR Avc 3 feux et 3 tourne-broches Coul: bleu - Bantam Wankm\u00fcller SA","isPartOf":{"@id":"https:\/\/shop.bantam.ch\/fr\/#website"},"primaryImageOfPage":{"@id":"https:\/\/shop.bantam.ch\/fr\/produit\/grill-a-gaz-portable-400-sgr-avc-3-feux-et-3-tourne-broches-coul-bleu\/#primaryimage"},"image":{"@id":"https:\/\/shop.bantam.ch\/fr\/produit\/grill-a-gaz-portable-400-sgr-avc-3-feux-et-3-tourne-broches-coul-bleu\/#primaryimage"},"thumbnailUrl":"https:\/\/shop.bantam.ch\/wp-content\/uploads\/2025\/12\/Movera-L-9983715100.jpg","datePublished":"2025-12-17T14:29:54+00:00","dateModified":"2026-04-18T21:45:41+00:00","breadcrumb":{"@id":"https:\/\/shop.bantam.ch\/fr\/produit\/grill-a-gaz-portable-400-sgr-avc-3-feux-et-3-tourne-broches-coul-bleu\/#breadcrumb"},"inLanguage":"fr-FR","potentialAction":[{"@type":"ReadAction","target":["https:\/\/shop.bantam.ch\/fr\/produit\/grill-a-gaz-portable-400-sgr-avc-3-feux-et-3-tourne-broches-coul-bleu\/"]}]},{"@type":"ImageObject","inLanguage":"fr-FR","@id":"https:\/\/shop.bantam.ch\/fr\/produit\/grill-a-gaz-portable-400-sgr-avc-3-feux-et-3-tourne-broches-coul-bleu\/#primaryimage","url":"https:\/\/shop.bantam.ch\/wp-content\/uploads\/2025\/12\/Movera-L-9983715100.jpg","contentUrl":"https:\/\/shop.bantam.ch\/wp-content\/uploads\/2025\/12\/Movera-L-9983715100.jpg","width":640,"height":930},{"@type":"BreadcrumbList","@id":"https:\/\/shop.bantam.ch\/fr\/produit\/grill-a-gaz-portable-400-sgr-avc-3-feux-et-3-tourne-broches-coul-bleu\/#breadcrumb","itemListElement":[{"@type":"ListItem","position":1,"name":"Accueil","item":"https:\/\/shop.bantam.ch\/fr\/"},{"@type":"ListItem","position":2,"name":"Boutique","item":"https:\/\/shop.bantam.ch\/fr\/boutique\/"},{"@type":"ListItem","position":3,"name":"Grill \u00e0 gaz portable 400 SGR Avc 3 feux et 3 tourne-broches Coul: bleu"}]},{"@type":"WebSite","@id":"https:\/\/shop.bantam.ch\/fr\/#website","url":"https:\/\/shop.bantam.ch\/fr\/","name":"Bantam Wankm\u00fcller SA","description":"","publisher":{"@id":"https:\/\/shop.bantam.ch\/fr\/#organization"},"inLanguage":"fr-FR"},{"@type":"Organization","@id":"https:\/\/shop.bantam.ch\/fr\/#organization","name":"Bantam Wankm\u00fcller SA","url":"https:\/\/shop.bantam.ch\/fr\/","logo":{"@type":"ImageObject","inLanguage":"fr-FR","@id":"https:\/\/shop.bantam.ch\/fr\/#\/schema\/logo\/image\/","url":"https:\/\/shop.bantam.ch\/wp-content\/uploads\/2022\/12\/bantam-logo.png","contentUrl":"https:\/\/shop.bantam.ch\/wp-content\/uploads\/2022\/12\/bantam-logo.png","width":320,"height":71,"caption":"Bantam Wankm\u00fcller SA"},"image":{"@id":"https:\/\/shop.bantam.ch\/fr\/#\/schema\/logo\/image\/"}}]}},"_links":{"self":[{"href":"https:\/\/shop.bantam.ch\/fr\/wp-json\/wp\/v2\/product\/225950","targetHints":{"allow":["GET"]}}],"collection":[{"href":"https:\/\/shop.bantam.ch\/fr\/wp-json\/wp\/v2\/product"}],"about":[{"href":"https:\/\/shop.bantam.ch\/fr\/wp-json\/wp\/v2\/types\/product"}],"wp:featuredmedia":[{"embeddable":true,"href":"https:\/\/shop.bantam.ch\/fr\/wp-json\/wp\/v2\/media\/225948"}],"wp:attachment":[{"href":"https:\/\/shop.bantam.ch\/fr\/wp-json\/wp\/v2\/media?parent=225950"}],"wp:term":[{"taxonomy":"product_featured_cat","embeddable":true,"href":"https:\/\/shop.bantam.ch\/fr\/wp-json\/wp\/v2\/product_featured_cat?post=225950"},{"taxonomy":"product_brand","embeddable":true,"href":"https:\/\/shop.bantam.ch\/fr\/wp-json\/wp\/v2\/product_brand?post=225950"},{"taxonomy":"product_cat","embeddable":true,"href":"https:\/\/shop.bantam.ch\/fr\/wp-json\/wp\/v2\/product_cat?post=225950"},{"taxonomy":"product_tag","embeddable":true,"href":"https:\/\/shop.bantam.ch\/fr\/wp-json\/wp\/v2\/product_tag?post=225950"}],"curies":[{"name":"wp","href":"https:\/\/api.w.org\/{rel}","templated":true}]}}