{"id":225930,"date":"2025-12-17T15:29:25","date_gmt":"2025-12-17T14:29:25","guid":{"rendered":"https:\/\/shop.bantam.ch\/produit\/infotainer-z-e2065-adaptable-sur-vw\/"},"modified":"2026-04-21T23:47:17","modified_gmt":"2026-04-21T21:47:17","slug":"infotainer-z-e2065-adaptable-sur-vw","status":"publish","type":"product","link":"https:\/\/shop.bantam.ch\/fr\/produit\/infotainer-z-e2065-adaptable-sur-vw\/","title":{"rendered":"Infotainer Z-E2065 adaptable sur VW"},"content":{"rendered":"<p>ZENEC E&gt;GO Z-E2065 &#8211; Infotraceur pour VW, Seat, Skoda (plateformes Golf 5 + 6 &amp; T5\/T6)*, centre m\u00e9dia avec \u00e9cran tactile 9&Prime;\u00a0\u00bb \/ 22,9 cm, syst\u00e8me multim\u00e9dia avec Apple CarPlay, Google Android Auto, DAB+. Ce syst\u00e8me multim\u00e9dia sp\u00e9cifique au v\u00e9hicule de ZENEC est visuellement et techniquement compatible avec divers mod\u00e8les VW, Skoda et Seat. Connect\u00e9 au syst\u00e8me \u00e9lectronique du v\u00e9hicule via le bus CAN, le Z-E2065 s&rsquo;int\u00e8gre dans l&rsquo;architecture de commande &#8211; les affichages du MFA\/MFA+, de l&rsquo;OPS et de la Climatronic ainsi que le volant multifonctions sont ainsi utilisables comme d&rsquo;habitude. Les syst\u00e8mes audio actifs install\u00e9s en usine sont \u00e9galement pris en charge. Le Z-E2065 est un media center tr\u00e8s bien \u00e9quip\u00e9 avec double tuner DAB+, Bluetooth pour la t\u00e9l\u00e9phonie mains libres et le streaming de musique A2DP, deux ports USB pour la lecture audio et vid\u00e9o, un amplificateur de 4 x 50 watts, une entr\u00e9e HDMI et une entr\u00e9e cam\u00e9ra. Le triple tuner FM \u00e0 diversit\u00e9 de phase avec liste dynamique des stations est con\u00e7u pour les syst\u00e8mes d&rsquo;antenne VAG Diversity et utilise les signaux des deux antennes FM pour offrir la meilleure r\u00e9ception \u00e0 tout moment, m\u00eame dans de mauvaises conditions de r\u00e9ception. Connectez votre smartphone au r\u00e9cepteur m\u00e9dia via USB ou appairez-le via WiFi &#8211; le Z-E2065 prend alors en charge les technologies sans fil Apple CarPlay et sans fil Google Android Auto. Naviguer, t\u00e9l\u00e9phoner, envoyer et recevoir des messages, \u00e9couter de la musique &#8211; toutes les fonctions se commandent facilement par Siri, l&rsquo;assistant vocal de Google ou via l&rsquo;\u00e9cran de l&rsquo;Infotainer. L&rsquo;\u00e9cran tactile LCD-TFT capacitif 9&Prime;\u00a0\u00bb\/22,9 cm en verre v\u00e9ritable convainc par la brillance de ses couleurs, sa luminosit\u00e9 et la richesse de ses contrastes. Le Z-E2065 vous permet de r\u00e9gler le son de mani\u00e8re compl\u00e8te gr\u00e2ce \u00e0 ses param\u00e8tres audio avanc\u00e9s par DSP-IC. L&rsquo;optimisation de l&rsquo;image st\u00e9r\u00e9o par la correction du temps de propagation \u00e0 5 canaux et le redressement de la r\u00e9ponse en fr\u00e9quence du cockpit par l&rsquo;\u00e9galiseur graphique \u00e0 16 bandes sont un grand plus. Le Z-E2065 dispose \u00e9galement d&rsquo;un filtre actif bas\u00e9 sur DSP avec des pentes de 12 dB et 24 dB\/oct. s\u00e9lectionnables.<\/p>\n<p>Caract\u00e9ristiques principales :<\/p>\n<ul>\n<li>\u00c9cran tactile capacitif en verre de 9&Prime;\u00a0\u00bb \/ 22,9 cm.<\/li>\n<li>Sans fil Apple Car Play, sans fil Google Android Auto<\/li>\n<li>Tuner DAB+ double avec liste dynamique des stations, DAB-FM et DAB-DAB Seamless Blending, MOT Slideshow et DLS Text<\/li>\n<li>Triple tuner FM RDS Phase Diversity<\/li>\n<li>2 x port USB, amplificateur 4 x 50 W<\/li>\n<li>Bluetooth pour mains libres et streaming de musique<\/li>\n<li>Correction du temps de propagation 5-CH par DSP audio, EQ graphique 16 bandes, filtres passe-haut et passe-bas 12 \/ 24 dB\/oct.<\/li>\n<li>\u00e9clairage des touches : blanc \/ rouge<\/li>\n<li>Connexion CAN-Bus des touches du volant multifonctions, du MFA\/MFA+, de l&rsquo;OPS, de l&rsquo;affichage d&rsquo;\u00e9tat Climatronic et des syst\u00e8mes de sonorisation actifs d&rsquo;usine<\/li>\n<li>4.2 Sortie RCA pr\u00e9-amplifi\u00e9e (3 V)<\/li>\n<li>Entr\u00e9e RCA pour signal vid\u00e9o de cam\u00e9ra (CVBS \/ AHD 720p) avec alimentation commut\u00e9e<\/li>\n<li>Entr\u00e9e d&rsquo;antenne FM double fakra avec alimentation d&rsquo;antenne fant\u00f4me 12 V, entr\u00e9e d&rsquo;antenne SMB DAB avec alimentation fant\u00f4me commutable 12 V<\/li>\n<li>Entr\u00e9e Cinch A\/V pour signal 2-CH A\/V (CVBS, PAL, NTSC)<\/li>\n<li>Entr\u00e9e d&rsquo;antenne Fakra GPS<\/li>\n<li>Entr\u00e9e HDMI<\/li>\n<\/ul>\n<p>*Pour les v\u00e9hicules VAG bas\u00e9s sur Quadlock III (par ex. T6), l&rsquo;article<br \/>\nN-ZE2065-QL3 (faisceau de c\u00e2bles principal) est n\u00e9cessaire. La forme physique de l&rsquo;appareil d&rsquo;origine ou de la face avant doit correspondre \u00e0 celle du Z-E2065.<\/p>\n<p>Contenu de la livraison : y compris microphone externe Bluetooth, antenne GPS, 2 x c\u00e2bles USB, div. c\u00e2bles de raccordement et adaptateurs et 2 x t\u00e9l\u00e9commande.<\/p>\n","protected":false},"excerpt":{"rendered":"<p>ZENEC E&gt;GO Z-E2065 &#8211; Infotraceur pour VW, Seat, Skoda (plateformes Golf 5 + 6 &amp; T5\/T6)*, centre m\u00e9dia avec \u00e9cran tactile 9&Prime;\u00a0\u00bb \/ 22,9 cm, syst\u00e8me multim\u00e9dia avec Apple CarPlay, Google Android Auto, DAB+. Ce syst\u00e8me multim\u00e9dia sp\u00e9cifique au v\u00e9hicule de ZENEC est visuellement et techniquement compatible avec divers mod\u00e8les VW, Skoda et Seat. Connect\u00e9 [&hellip;]<\/p>\n","protected":false},"featured_media":225922,"template":"","meta":{"_acf_changed":false},"product_featured_cat":[],"product_brand":[],"product_cat":[4999],"product_tag":[],"class_list":{"0":"post-225930","1":"product","2":"type-product","3":"status-publish","4":"has-post-thumbnail","6":"product_cat-moniteurs","8":"first","9":"instock","10":"taxable","11":"shipping-taxable","12":"purchasable","13":"product-type-simple"},"acf":[],"yoast_head":"<!-- This site is optimized with the Yoast SEO plugin v27.4 - https:\/\/yoast.com\/product\/yoast-seo-wordpress\/ -->\n<title>Infotainer Z-E2065 adaptable sur VW - Bantam Wankm\u00fcller SA<\/title>\n<meta name=\"robots\" content=\"index, follow, max-snippet:-1, max-image-preview:large, max-video-preview:-1\" \/>\n<link rel=\"canonical\" href=\"https:\/\/shop.bantam.ch\/fr\/produit\/infotainer-z-e2065-adaptable-sur-vw\/\" \/>\n<meta property=\"og:locale\" content=\"fr_FR\" \/>\n<meta property=\"og:type\" content=\"article\" \/>\n<meta property=\"og:title\" content=\"Infotainer Z-E2065 adaptable sur VW - Bantam Wankm\u00fcller SA\" \/>\n<meta property=\"og:description\" content=\"ZENEC E&gt;GO Z-E2065 &#8211; Infotraceur pour VW, Seat, Skoda (plateformes Golf 5 + 6 &amp; T5\/T6)*, centre m\u00e9dia avec \u00e9cran tactile 9&Prime;\u00a0\u00bb \/ 22,9 cm, syst\u00e8me multim\u00e9dia avec Apple CarPlay, Google Android Auto, DAB+. Ce syst\u00e8me multim\u00e9dia sp\u00e9cifique au v\u00e9hicule de ZENEC est visuellement et techniquement compatible avec divers mod\u00e8les VW, Skoda et Seat. Connect\u00e9 [&hellip;]\" \/>\n<meta property=\"og:url\" content=\"https:\/\/shop.bantam.ch\/fr\/produit\/infotainer-z-e2065-adaptable-sur-vw\/\" \/>\n<meta property=\"og:site_name\" content=\"Bantam Wankm\u00fcller SA\" \/>\n<meta property=\"article:modified_time\" content=\"2026-04-21T21:47:17+00:00\" \/>\n<meta name=\"twitter:card\" content=\"summary_large_image\" \/>\n<meta name=\"twitter:label1\" content=\"Dur\u00e9e de lecture estim\u00e9e\" \/>\n\t<meta name=\"twitter:data1\" content=\"3 minutes\" \/>\n<script type=\"application\/ld+json\" class=\"yoast-schema-graph\">{\"@context\":\"https:\\\/\\\/schema.org\",\"@graph\":[{\"@type\":\"WebPage\",\"@id\":\"https:\\\/\\\/shop.bantam.ch\\\/fr\\\/produit\\\/infotainer-z-e2065-adaptable-sur-vw\\\/\",\"url\":\"https:\\\/\\\/shop.bantam.ch\\\/fr\\\/produit\\\/infotainer-z-e2065-adaptable-sur-vw\\\/\",\"name\":\"Infotainer Z-E2065 adaptable sur VW - Bantam Wankm\u00fcller SA\",\"isPartOf\":{\"@id\":\"https:\\\/\\\/shop.bantam.ch\\\/fr\\\/#website\"},\"primaryImageOfPage\":{\"@id\":\"https:\\\/\\\/shop.bantam.ch\\\/fr\\\/produit\\\/infotainer-z-e2065-adaptable-sur-vw\\\/#primaryimage\"},\"image\":{\"@id\":\"https:\\\/\\\/shop.bantam.ch\\\/fr\\\/produit\\\/infotainer-z-e2065-adaptable-sur-vw\\\/#primaryimage\"},\"thumbnailUrl\":\"https:\\\/\\\/shop.bantam.ch\\\/wp-content\\\/uploads\\\/2025\\\/12\\\/Movera-L-9975885100.png\",\"datePublished\":\"2025-12-17T14:29:25+00:00\",\"dateModified\":\"2026-04-21T21:47:17+00:00\",\"breadcrumb\":{\"@id\":\"https:\\\/\\\/shop.bantam.ch\\\/fr\\\/produit\\\/infotainer-z-e2065-adaptable-sur-vw\\\/#breadcrumb\"},\"inLanguage\":\"fr-FR\",\"potentialAction\":[{\"@type\":\"ReadAction\",\"target\":[\"https:\\\/\\\/shop.bantam.ch\\\/fr\\\/produit\\\/infotainer-z-e2065-adaptable-sur-vw\\\/\"]}]},{\"@type\":\"ImageObject\",\"inLanguage\":\"fr-FR\",\"@id\":\"https:\\\/\\\/shop.bantam.ch\\\/fr\\\/produit\\\/infotainer-z-e2065-adaptable-sur-vw\\\/#primaryimage\",\"url\":\"https:\\\/\\\/shop.bantam.ch\\\/wp-content\\\/uploads\\\/2025\\\/12\\\/Movera-L-9975885100.png\",\"contentUrl\":\"https:\\\/\\\/shop.bantam.ch\\\/wp-content\\\/uploads\\\/2025\\\/12\\\/Movera-L-9975885100.png\",\"width\":640,\"height\":427},{\"@type\":\"BreadcrumbList\",\"@id\":\"https:\\\/\\\/shop.bantam.ch\\\/fr\\\/produit\\\/infotainer-z-e2065-adaptable-sur-vw\\\/#breadcrumb\",\"itemListElement\":[{\"@type\":\"ListItem\",\"position\":1,\"name\":\"Accueil\",\"item\":\"https:\\\/\\\/shop.bantam.ch\\\/fr\\\/\"},{\"@type\":\"ListItem\",\"position\":2,\"name\":\"Boutique\",\"item\":\"https:\\\/\\\/shop.bantam.ch\\\/fr\\\/boutique\\\/\"},{\"@type\":\"ListItem\",\"position\":3,\"name\":\"Infotainer Z-E2065 adaptable sur VW\"}]},{\"@type\":\"WebSite\",\"@id\":\"https:\\\/\\\/shop.bantam.ch\\\/fr\\\/#website\",\"url\":\"https:\\\/\\\/shop.bantam.ch\\\/fr\\\/\",\"name\":\"Bantam Wankm\u00fcller SA\",\"description\":\"\",\"publisher\":{\"@id\":\"https:\\\/\\\/shop.bantam.ch\\\/fr\\\/#organization\"},\"inLanguage\":\"fr-FR\"},{\"@type\":\"Organization\",\"@id\":\"https:\\\/\\\/shop.bantam.ch\\\/fr\\\/#organization\",\"name\":\"Bantam Wankm\u00fcller SA\",\"url\":\"https:\\\/\\\/shop.bantam.ch\\\/fr\\\/\",\"logo\":{\"@type\":\"ImageObject\",\"inLanguage\":\"fr-FR\",\"@id\":\"https:\\\/\\\/shop.bantam.ch\\\/fr\\\/#\\\/schema\\\/logo\\\/image\\\/\",\"url\":\"https:\\\/\\\/shop.bantam.ch\\\/wp-content\\\/uploads\\\/2022\\\/12\\\/bantam-logo.png\",\"contentUrl\":\"https:\\\/\\\/shop.bantam.ch\\\/wp-content\\\/uploads\\\/2022\\\/12\\\/bantam-logo.png\",\"width\":320,\"height\":71,\"caption\":\"Bantam Wankm\u00fcller SA\"},\"image\":{\"@id\":\"https:\\\/\\\/shop.bantam.ch\\\/fr\\\/#\\\/schema\\\/logo\\\/image\\\/\"}}]}<\/script>\n<!-- \/ Yoast SEO plugin. -->","yoast_head_json":{"title":"Infotainer Z-E2065 adaptable sur VW - Bantam Wankm\u00fcller SA","robots":{"index":"index","follow":"follow","max-snippet":"max-snippet:-1","max-image-preview":"max-image-preview:large","max-video-preview":"max-video-preview:-1"},"canonical":"https:\/\/shop.bantam.ch\/fr\/produit\/infotainer-z-e2065-adaptable-sur-vw\/","og_locale":"fr_FR","og_type":"article","og_title":"Infotainer Z-E2065 adaptable sur VW - Bantam Wankm\u00fcller SA","og_description":"ZENEC E&gt;GO Z-E2065 &#8211; Infotraceur pour VW, Seat, Skoda (plateformes Golf 5 + 6 &amp; T5\/T6)*, centre m\u00e9dia avec \u00e9cran tactile 9&Prime;\u00a0\u00bb \/ 22,9 cm, syst\u00e8me multim\u00e9dia avec Apple CarPlay, Google Android Auto, DAB+. Ce syst\u00e8me multim\u00e9dia sp\u00e9cifique au v\u00e9hicule de ZENEC est visuellement et techniquement compatible avec divers mod\u00e8les VW, Skoda et Seat. Connect\u00e9 [&hellip;]","og_url":"https:\/\/shop.bantam.ch\/fr\/produit\/infotainer-z-e2065-adaptable-sur-vw\/","og_site_name":"Bantam Wankm\u00fcller SA","article_modified_time":"2026-04-21T21:47:17+00:00","twitter_card":"summary_large_image","twitter_misc":{"Dur\u00e9e de lecture estim\u00e9e":"3 minutes"},"schema":{"@context":"https:\/\/schema.org","@graph":[{"@type":"WebPage","@id":"https:\/\/shop.bantam.ch\/fr\/produit\/infotainer-z-e2065-adaptable-sur-vw\/","url":"https:\/\/shop.bantam.ch\/fr\/produit\/infotainer-z-e2065-adaptable-sur-vw\/","name":"Infotainer Z-E2065 adaptable sur VW - Bantam Wankm\u00fcller SA","isPartOf":{"@id":"https:\/\/shop.bantam.ch\/fr\/#website"},"primaryImageOfPage":{"@id":"https:\/\/shop.bantam.ch\/fr\/produit\/infotainer-z-e2065-adaptable-sur-vw\/#primaryimage"},"image":{"@id":"https:\/\/shop.bantam.ch\/fr\/produit\/infotainer-z-e2065-adaptable-sur-vw\/#primaryimage"},"thumbnailUrl":"https:\/\/shop.bantam.ch\/wp-content\/uploads\/2025\/12\/Movera-L-9975885100.png","datePublished":"2025-12-17T14:29:25+00:00","dateModified":"2026-04-21T21:47:17+00:00","breadcrumb":{"@id":"https:\/\/shop.bantam.ch\/fr\/produit\/infotainer-z-e2065-adaptable-sur-vw\/#breadcrumb"},"inLanguage":"fr-FR","potentialAction":[{"@type":"ReadAction","target":["https:\/\/shop.bantam.ch\/fr\/produit\/infotainer-z-e2065-adaptable-sur-vw\/"]}]},{"@type":"ImageObject","inLanguage":"fr-FR","@id":"https:\/\/shop.bantam.ch\/fr\/produit\/infotainer-z-e2065-adaptable-sur-vw\/#primaryimage","url":"https:\/\/shop.bantam.ch\/wp-content\/uploads\/2025\/12\/Movera-L-9975885100.png","contentUrl":"https:\/\/shop.bantam.ch\/wp-content\/uploads\/2025\/12\/Movera-L-9975885100.png","width":640,"height":427},{"@type":"BreadcrumbList","@id":"https:\/\/shop.bantam.ch\/fr\/produit\/infotainer-z-e2065-adaptable-sur-vw\/#breadcrumb","itemListElement":[{"@type":"ListItem","position":1,"name":"Accueil","item":"https:\/\/shop.bantam.ch\/fr\/"},{"@type":"ListItem","position":2,"name":"Boutique","item":"https:\/\/shop.bantam.ch\/fr\/boutique\/"},{"@type":"ListItem","position":3,"name":"Infotainer Z-E2065 adaptable sur VW"}]},{"@type":"WebSite","@id":"https:\/\/shop.bantam.ch\/fr\/#website","url":"https:\/\/shop.bantam.ch\/fr\/","name":"Bantam Wankm\u00fcller SA","description":"","publisher":{"@id":"https:\/\/shop.bantam.ch\/fr\/#organization"},"inLanguage":"fr-FR"},{"@type":"Organization","@id":"https:\/\/shop.bantam.ch\/fr\/#organization","name":"Bantam Wankm\u00fcller SA","url":"https:\/\/shop.bantam.ch\/fr\/","logo":{"@type":"ImageObject","inLanguage":"fr-FR","@id":"https:\/\/shop.bantam.ch\/fr\/#\/schema\/logo\/image\/","url":"https:\/\/shop.bantam.ch\/wp-content\/uploads\/2022\/12\/bantam-logo.png","contentUrl":"https:\/\/shop.bantam.ch\/wp-content\/uploads\/2022\/12\/bantam-logo.png","width":320,"height":71,"caption":"Bantam Wankm\u00fcller SA"},"image":{"@id":"https:\/\/shop.bantam.ch\/fr\/#\/schema\/logo\/image\/"}}]}},"_links":{"self":[{"href":"https:\/\/shop.bantam.ch\/fr\/wp-json\/wp\/v2\/product\/225930","targetHints":{"allow":["GET"]}}],"collection":[{"href":"https:\/\/shop.bantam.ch\/fr\/wp-json\/wp\/v2\/product"}],"about":[{"href":"https:\/\/shop.bantam.ch\/fr\/wp-json\/wp\/v2\/types\/product"}],"wp:featuredmedia":[{"embeddable":true,"href":"https:\/\/shop.bantam.ch\/fr\/wp-json\/wp\/v2\/media\/225922"}],"wp:attachment":[{"href":"https:\/\/shop.bantam.ch\/fr\/wp-json\/wp\/v2\/media?parent=225930"}],"wp:term":[{"taxonomy":"product_featured_cat","embeddable":true,"href":"https:\/\/shop.bantam.ch\/fr\/wp-json\/wp\/v2\/product_featured_cat?post=225930"},{"taxonomy":"product_brand","embeddable":true,"href":"https:\/\/shop.bantam.ch\/fr\/wp-json\/wp\/v2\/product_brand?post=225930"},{"taxonomy":"product_cat","embeddable":true,"href":"https:\/\/shop.bantam.ch\/fr\/wp-json\/wp\/v2\/product_cat?post=225930"},{"taxonomy":"product_tag","embeddable":true,"href":"https:\/\/shop.bantam.ch\/fr\/wp-json\/wp\/v2\/product_tag?post=225930"}],"curies":[{"name":"wp","href":"https:\/\/api.w.org\/{rel}","templated":true}]}}