{"id":225862,"date":"2025-12-17T15:27:49","date_gmt":"2025-12-17T14:27:49","guid":{"rendered":"https:\/\/shop.bantam.ch\/produit\/elgena-nautic-compact-e-6-l-12-v-200-w-noir-l39-cm-h23-cm-l22-cm\/"},"modified":"2026-05-01T23:38:28","modified_gmt":"2026-05-01T21:38:28","slug":"elgena-nautic-compact-e-6-l-12-v-200-w-noir-l39-cm-h23-cm-l22-cm","status":"publish","type":"product","link":"https:\/\/shop.bantam.ch\/fr\/produit\/elgena-nautic-compact-e-6-l-12-v-200-w-noir-l39-cm-h23-cm-l22-cm\/","title":{"rendered":"ELGENA-Nautic compact E 6\u00a0L 12 V \/ 200 W noir, L=39\u00a0cm, H=23\u00a0cm l=22\u00a0cm"},"content":{"rendered":"<p>Le Nautic-Compact est r\u00e9sistant \u00e0 la pression et peut \u00eatre mont\u00e9 de s\u00e9rie ou ult\u00e9rieurement sur toute alimentation en eau froide<br \/>\navec des tuyaux flexibles. Le raccordement d&rsquo;eau est possible aussi bien pour une pompe submersible, une pompe \u00e0 pied ou<br \/>\npompe \u00e0 main que pour une pompe \u00e0 pression. &nbsp;Si une conduite d&rsquo;eau avec une pression sup\u00e9rieure \u00e0<br \/>\n2,5 bar doit \u00eatre raccord\u00e9e, il convient d&rsquo;utiliser un r\u00e9ducteur de pression. Les appareils sont pr\u00e9vus pour des raccords de tuyaux afin de contrecarrer les vibrations dans le domaine maritime et mobile. Le Nautic-Compact est con\u00e7u de telle sorte que m\u00eame si le r\u00e9servoir d&rsquo;eau sanitaire est vide, la chaudi\u00e8re reste toujours remplie et ne peut jamais \u00eatre pomp\u00e9e \u00e0 vide.&nbsp;<\/p>\n<p>Une vidange compl\u00e8te n&rsquo;est donc possible qu&rsquo;en ouvrant la vanne de vidange d&rsquo;eau.&nbsp;<\/p>\n<p>La chaudi\u00e8re et l&rsquo;\u00e9changeur de chaleur du Nautic-Compact sont fabriqu\u00e9s dans le meilleur mat\u00e9riau inoxydable V4A r\u00e9sistant aux acides et sont enti\u00e8rement isol\u00e9s.<br \/>\nL&rsquo;excellente isolation permet de disposer d&rsquo;eau chaude le lendemain.<br \/>\nLe montage peut se faire facilement dans un espace de rangement, sous un salon ou \u00e0 tout autre endroit appropri\u00e9. Des instructions de montage d\u00e9taill\u00e9es sont fournies avec chaque appareil.<br \/>\n&nbsp;<\/p>\n","protected":false},"excerpt":{"rendered":"<p>Le Nautic-Compact est r\u00e9sistant \u00e0 la pression et peut \u00eatre mont\u00e9 de s\u00e9rie ou ult\u00e9rieurement sur toute alimentation en eau froide avec des tuyaux flexibles. Le raccordement d&rsquo;eau est possible aussi bien pour une pompe submersible, une pompe \u00e0 pied ou pompe \u00e0 main que pour une pompe \u00e0 pression. &nbsp;Si une conduite d&rsquo;eau avec [&hellip;]<\/p>\n","protected":false},"featured_media":225860,"template":"","meta":{"_acf_changed":false},"product_featured_cat":[],"product_brand":[],"product_cat":[4103],"product_tag":[],"class_list":{"0":"post-225862","1":"product","2":"type-product","3":"status-publish","4":"has-post-thumbnail","6":"product_cat-chauffe-eau","8":"first","9":"instock","10":"taxable","11":"shipping-taxable","12":"purchasable","13":"product-type-simple"},"acf":[],"yoast_head":"<!-- This site is optimized with the Yoast SEO plugin v27.5 - https:\/\/yoast.com\/product\/yoast-seo-wordpress\/ -->\n<title>ELGENA-Nautic compact E 6\u00a0L 12 V \/ 200 W noir, L=39\u00a0cm, H=23\u00a0cm l=22\u00a0cm - Bantam<\/title>\n<meta name=\"robots\" content=\"index, follow, max-snippet:-1, max-image-preview:large, max-video-preview:-1\" \/>\n<link rel=\"canonical\" href=\"https:\/\/shop.bantam.ch\/fr\/produit\/elgena-nautic-compact-e-6-l-12-v-200-w-noir-l39-cm-h23-cm-l22-cm\/\" \/>\n<meta property=\"og:locale\" content=\"fr_FR\" \/>\n<meta property=\"og:type\" content=\"article\" \/>\n<meta property=\"og:title\" content=\"ELGENA-Nautic compact E 6\u00a0L 12 V \/ 200 W noir, L=39\u00a0cm, H=23\u00a0cm l=22\u00a0cm - Bantam\" \/>\n<meta property=\"og:description\" content=\"Le Nautic-Compact est r\u00e9sistant \u00e0 la pression et peut \u00eatre mont\u00e9 de s\u00e9rie ou ult\u00e9rieurement sur toute alimentation en eau froide avec des tuyaux flexibles. Le raccordement d&rsquo;eau est possible aussi bien pour une pompe submersible, une pompe \u00e0 pied ou pompe \u00e0 main que pour une pompe \u00e0 pression. &nbsp;Si une conduite d&rsquo;eau avec [&hellip;]\" \/>\n<meta property=\"og:url\" content=\"https:\/\/shop.bantam.ch\/fr\/produit\/elgena-nautic-compact-e-6-l-12-v-200-w-noir-l39-cm-h23-cm-l22-cm\/\" \/>\n<meta property=\"og:site_name\" content=\"Bantam\" \/>\n<meta property=\"article:modified_time\" content=\"2026-05-01T21:38:28+00:00\" \/>\n<meta name=\"twitter:card\" content=\"summary_large_image\" \/>\n<meta name=\"twitter:label1\" content=\"Dur\u00e9e de lecture estim\u00e9e\" \/>\n\t<meta name=\"twitter:data1\" content=\"1 minute\" \/>\n<script type=\"application\/ld+json\" class=\"yoast-schema-graph\">{\"@context\":\"https:\\\/\\\/schema.org\",\"@graph\":[{\"@type\":\"WebPage\",\"@id\":\"https:\\\/\\\/shop.bantam.ch\\\/fr\\\/produit\\\/elgena-nautic-compact-e-6-l-12-v-200-w-noir-l39-cm-h23-cm-l22-cm\\\/\",\"url\":\"https:\\\/\\\/shop.bantam.ch\\\/fr\\\/produit\\\/elgena-nautic-compact-e-6-l-12-v-200-w-noir-l39-cm-h23-cm-l22-cm\\\/\",\"name\":\"ELGENA-Nautic compact E 6\u00a0L 12 V \\\/ 200 W noir, L=39\u00a0cm, H=23\u00a0cm l=22\u00a0cm - Bantam\",\"isPartOf\":{\"@id\":\"https:\\\/\\\/shop.bantam.ch\\\/fr\\\/#website\"},\"primaryImageOfPage\":{\"@id\":\"https:\\\/\\\/shop.bantam.ch\\\/fr\\\/produit\\\/elgena-nautic-compact-e-6-l-12-v-200-w-noir-l39-cm-h23-cm-l22-cm\\\/#primaryimage\"},\"image\":{\"@id\":\"https:\\\/\\\/shop.bantam.ch\\\/fr\\\/produit\\\/elgena-nautic-compact-e-6-l-12-v-200-w-noir-l39-cm-h23-cm-l22-cm\\\/#primaryimage\"},\"thumbnailUrl\":\"https:\\\/\\\/shop.bantam.ch\\\/wp-content\\\/uploads\\\/2025\\\/12\\\/Movera-L-9977921100.jpg\",\"datePublished\":\"2025-12-17T14:27:49+00:00\",\"dateModified\":\"2026-05-01T21:38:28+00:00\",\"breadcrumb\":{\"@id\":\"https:\\\/\\\/shop.bantam.ch\\\/fr\\\/produit\\\/elgena-nautic-compact-e-6-l-12-v-200-w-noir-l39-cm-h23-cm-l22-cm\\\/#breadcrumb\"},\"inLanguage\":\"fr-FR\",\"potentialAction\":[{\"@type\":\"ReadAction\",\"target\":[\"https:\\\/\\\/shop.bantam.ch\\\/fr\\\/produit\\\/elgena-nautic-compact-e-6-l-12-v-200-w-noir-l39-cm-h23-cm-l22-cm\\\/\"]}]},{\"@type\":\"ImageObject\",\"inLanguage\":\"fr-FR\",\"@id\":\"https:\\\/\\\/shop.bantam.ch\\\/fr\\\/produit\\\/elgena-nautic-compact-e-6-l-12-v-200-w-noir-l39-cm-h23-cm-l22-cm\\\/#primaryimage\",\"url\":\"https:\\\/\\\/shop.bantam.ch\\\/wp-content\\\/uploads\\\/2025\\\/12\\\/Movera-L-9977921100.jpg\",\"contentUrl\":\"https:\\\/\\\/shop.bantam.ch\\\/wp-content\\\/uploads\\\/2025\\\/12\\\/Movera-L-9977921100.jpg\",\"width\":600,\"height\":518},{\"@type\":\"BreadcrumbList\",\"@id\":\"https:\\\/\\\/shop.bantam.ch\\\/fr\\\/produit\\\/elgena-nautic-compact-e-6-l-12-v-200-w-noir-l39-cm-h23-cm-l22-cm\\\/#breadcrumb\",\"itemListElement\":[{\"@type\":\"ListItem\",\"position\":1,\"name\":\"Accueil\",\"item\":\"https:\\\/\\\/shop.bantam.ch\\\/fr\\\/\"},{\"@type\":\"ListItem\",\"position\":2,\"name\":\"Boutique\",\"item\":\"https:\\\/\\\/shop.bantam.ch\\\/fr\\\/boutique\\\/\"},{\"@type\":\"ListItem\",\"position\":3,\"name\":\"ELGENA-Nautic compact E 6\u00a0L 12 V \\\/ 200 W noir, L=39\u00a0cm, H=23\u00a0cm l=22\u00a0cm\"}]},{\"@type\":\"WebSite\",\"@id\":\"https:\\\/\\\/shop.bantam.ch\\\/fr\\\/#website\",\"url\":\"https:\\\/\\\/shop.bantam.ch\\\/fr\\\/\",\"name\":\"Bantam\",\"description\":\"\",\"publisher\":{\"@id\":\"https:\\\/\\\/shop.bantam.ch\\\/fr\\\/#organization\"},\"inLanguage\":\"fr-FR\"},{\"@type\":\"Organization\",\"@id\":\"https:\\\/\\\/shop.bantam.ch\\\/fr\\\/#organization\",\"name\":\"Bantam\",\"url\":\"https:\\\/\\\/shop.bantam.ch\\\/fr\\\/\",\"logo\":{\"@type\":\"ImageObject\",\"inLanguage\":\"fr-FR\",\"@id\":\"https:\\\/\\\/shop.bantam.ch\\\/fr\\\/#\\\/schema\\\/logo\\\/image\\\/\",\"url\":\"https:\\\/\\\/shop.bantam.ch\\\/wp-content\\\/uploads\\\/2022\\\/12\\\/bantam-logo.png\",\"contentUrl\":\"https:\\\/\\\/shop.bantam.ch\\\/wp-content\\\/uploads\\\/2022\\\/12\\\/bantam-logo.png\",\"width\":320,\"height\":71,\"caption\":\"Bantam\"},\"image\":{\"@id\":\"https:\\\/\\\/shop.bantam.ch\\\/fr\\\/#\\\/schema\\\/logo\\\/image\\\/\"}}]}<\/script>\n<!-- \/ Yoast SEO plugin. -->","yoast_head_json":{"title":"ELGENA-Nautic compact E 6\u00a0L 12 V \/ 200 W noir, L=39\u00a0cm, H=23\u00a0cm l=22\u00a0cm - Bantam","robots":{"index":"index","follow":"follow","max-snippet":"max-snippet:-1","max-image-preview":"max-image-preview:large","max-video-preview":"max-video-preview:-1"},"canonical":"https:\/\/shop.bantam.ch\/fr\/produit\/elgena-nautic-compact-e-6-l-12-v-200-w-noir-l39-cm-h23-cm-l22-cm\/","og_locale":"fr_FR","og_type":"article","og_title":"ELGENA-Nautic compact E 6\u00a0L 12 V \/ 200 W noir, L=39\u00a0cm, H=23\u00a0cm l=22\u00a0cm - Bantam","og_description":"Le Nautic-Compact est r\u00e9sistant \u00e0 la pression et peut \u00eatre mont\u00e9 de s\u00e9rie ou ult\u00e9rieurement sur toute alimentation en eau froide avec des tuyaux flexibles. Le raccordement d&rsquo;eau est possible aussi bien pour une pompe submersible, une pompe \u00e0 pied ou pompe \u00e0 main que pour une pompe \u00e0 pression. &nbsp;Si une conduite d&rsquo;eau avec [&hellip;]","og_url":"https:\/\/shop.bantam.ch\/fr\/produit\/elgena-nautic-compact-e-6-l-12-v-200-w-noir-l39-cm-h23-cm-l22-cm\/","og_site_name":"Bantam","article_modified_time":"2026-05-01T21:38:28+00:00","twitter_card":"summary_large_image","twitter_misc":{"Dur\u00e9e de lecture estim\u00e9e":"1 minute"},"schema":{"@context":"https:\/\/schema.org","@graph":[{"@type":"WebPage","@id":"https:\/\/shop.bantam.ch\/fr\/produit\/elgena-nautic-compact-e-6-l-12-v-200-w-noir-l39-cm-h23-cm-l22-cm\/","url":"https:\/\/shop.bantam.ch\/fr\/produit\/elgena-nautic-compact-e-6-l-12-v-200-w-noir-l39-cm-h23-cm-l22-cm\/","name":"ELGENA-Nautic compact E 6\u00a0L 12 V \/ 200 W noir, L=39\u00a0cm, H=23\u00a0cm l=22\u00a0cm - Bantam","isPartOf":{"@id":"https:\/\/shop.bantam.ch\/fr\/#website"},"primaryImageOfPage":{"@id":"https:\/\/shop.bantam.ch\/fr\/produit\/elgena-nautic-compact-e-6-l-12-v-200-w-noir-l39-cm-h23-cm-l22-cm\/#primaryimage"},"image":{"@id":"https:\/\/shop.bantam.ch\/fr\/produit\/elgena-nautic-compact-e-6-l-12-v-200-w-noir-l39-cm-h23-cm-l22-cm\/#primaryimage"},"thumbnailUrl":"https:\/\/shop.bantam.ch\/wp-content\/uploads\/2025\/12\/Movera-L-9977921100.jpg","datePublished":"2025-12-17T14:27:49+00:00","dateModified":"2026-05-01T21:38:28+00:00","breadcrumb":{"@id":"https:\/\/shop.bantam.ch\/fr\/produit\/elgena-nautic-compact-e-6-l-12-v-200-w-noir-l39-cm-h23-cm-l22-cm\/#breadcrumb"},"inLanguage":"fr-FR","potentialAction":[{"@type":"ReadAction","target":["https:\/\/shop.bantam.ch\/fr\/produit\/elgena-nautic-compact-e-6-l-12-v-200-w-noir-l39-cm-h23-cm-l22-cm\/"]}]},{"@type":"ImageObject","inLanguage":"fr-FR","@id":"https:\/\/shop.bantam.ch\/fr\/produit\/elgena-nautic-compact-e-6-l-12-v-200-w-noir-l39-cm-h23-cm-l22-cm\/#primaryimage","url":"https:\/\/shop.bantam.ch\/wp-content\/uploads\/2025\/12\/Movera-L-9977921100.jpg","contentUrl":"https:\/\/shop.bantam.ch\/wp-content\/uploads\/2025\/12\/Movera-L-9977921100.jpg","width":600,"height":518},{"@type":"BreadcrumbList","@id":"https:\/\/shop.bantam.ch\/fr\/produit\/elgena-nautic-compact-e-6-l-12-v-200-w-noir-l39-cm-h23-cm-l22-cm\/#breadcrumb","itemListElement":[{"@type":"ListItem","position":1,"name":"Accueil","item":"https:\/\/shop.bantam.ch\/fr\/"},{"@type":"ListItem","position":2,"name":"Boutique","item":"https:\/\/shop.bantam.ch\/fr\/boutique\/"},{"@type":"ListItem","position":3,"name":"ELGENA-Nautic compact E 6\u00a0L 12 V \/ 200 W noir, L=39\u00a0cm, H=23\u00a0cm l=22\u00a0cm"}]},{"@type":"WebSite","@id":"https:\/\/shop.bantam.ch\/fr\/#website","url":"https:\/\/shop.bantam.ch\/fr\/","name":"Bantam","description":"","publisher":{"@id":"https:\/\/shop.bantam.ch\/fr\/#organization"},"inLanguage":"fr-FR"},{"@type":"Organization","@id":"https:\/\/shop.bantam.ch\/fr\/#organization","name":"Bantam","url":"https:\/\/shop.bantam.ch\/fr\/","logo":{"@type":"ImageObject","inLanguage":"fr-FR","@id":"https:\/\/shop.bantam.ch\/fr\/#\/schema\/logo\/image\/","url":"https:\/\/shop.bantam.ch\/wp-content\/uploads\/2022\/12\/bantam-logo.png","contentUrl":"https:\/\/shop.bantam.ch\/wp-content\/uploads\/2022\/12\/bantam-logo.png","width":320,"height":71,"caption":"Bantam"},"image":{"@id":"https:\/\/shop.bantam.ch\/fr\/#\/schema\/logo\/image\/"}}]}},"_links":{"self":[{"href":"https:\/\/shop.bantam.ch\/fr\/wp-json\/wp\/v2\/product\/225862","targetHints":{"allow":["GET"]}}],"collection":[{"href":"https:\/\/shop.bantam.ch\/fr\/wp-json\/wp\/v2\/product"}],"about":[{"href":"https:\/\/shop.bantam.ch\/fr\/wp-json\/wp\/v2\/types\/product"}],"wp:featuredmedia":[{"embeddable":true,"href":"https:\/\/shop.bantam.ch\/fr\/wp-json\/wp\/v2\/media\/225860"}],"wp:attachment":[{"href":"https:\/\/shop.bantam.ch\/fr\/wp-json\/wp\/v2\/media?parent=225862"}],"wp:term":[{"taxonomy":"product_featured_cat","embeddable":true,"href":"https:\/\/shop.bantam.ch\/fr\/wp-json\/wp\/v2\/product_featured_cat?post=225862"},{"taxonomy":"product_brand","embeddable":true,"href":"https:\/\/shop.bantam.ch\/fr\/wp-json\/wp\/v2\/product_brand?post=225862"},{"taxonomy":"product_cat","embeddable":true,"href":"https:\/\/shop.bantam.ch\/fr\/wp-json\/wp\/v2\/product_cat?post=225862"},{"taxonomy":"product_tag","embeddable":true,"href":"https:\/\/shop.bantam.ch\/fr\/wp-json\/wp\/v2\/product_tag?post=225862"}],"curies":[{"name":"wp","href":"https:\/\/api.w.org\/{rel}","templated":true}]}}