{"id":225674,"date":"2025-12-17T15:22:15","date_gmt":"2025-12-17T14:22:15","guid":{"rendered":"https:\/\/shop.bantam.ch\/produit\/auvent-de-sac-caravanstore-evo\/"},"modified":"2026-04-17T03:02:28","modified_gmt":"2026-04-17T01:02:28","slug":"auvent-de-sac-caravanstore-evo","status":"publish","type":"product","link":"https:\/\/shop.bantam.ch\/fr\/produit\/auvent-de-sac-caravanstore-evo\/","title":{"rendered":"Auvent de sac CaravanStore Evo"},"content":{"rendered":"<p>Un d\u00e9veloppement du store CaravanStore, qui se distingue par son m\u00e9canisme robuste et une esth\u00e9tique moderne et \u00e9l\u00e9gante, et qui se compl\u00e8te ainsi parfaitement sur le v\u00e9hicule.<\/p>\n<ul>\n<li>Store \u00e0 enroulement et d\u00e9roulement manuels avec supports et bras t\u00e9lescopiques int\u00e9gr\u00e9s dans le rouleau<\/li>\n<li>Pieds de support et bras de tension \u00e0 section carr\u00e9e pour la stabilit\u00e9 et la robustesse, syst\u00e8me de tension progressive efficace et pratique<\/li>\n<li>Poche en PVC et gaine ton sur ton<\/li>\n<li>Charni\u00e8re agrandie, curseur plus grand pour un meilleur maintien<\/li>\n<li>Rouleau \u00f8 66 mm<\/li>\n<li>Longueurs: 200 avec extension de 200 cm, 230-260-290 avec extension de 225 cm, 320-370-425-450-500-550 avec extension de 250 cm<\/li>\n<li>CaravanStore ZIP en version Evo pr\u00e9vu pour la saison 2025<\/li>\n<\/ul>\n<p>Mat\u00e9riaux:&nbsp;<br \/>\nToile: 90 % PVC, 10 % polyester<\/p>\n<p>Contenu de la livraison:<br \/>\nInclus Rafter Caravanstore (\u00e0 partir de 425)<br \/>\nRafter et Support Leg (\u00e0 partir de 450)<br \/>\nDeux Caravanstore Support Leg (\u00e0 partir de 500, 550)<br \/>\n&nbsp;<\/p>\n","protected":false},"excerpt":{"rendered":"<p>Un d\u00e9veloppement du store CaravanStore, qui se distingue par son m\u00e9canisme robuste et une esth\u00e9tique moderne et \u00e9l\u00e9gante, et qui se compl\u00e8te ainsi parfaitement sur le v\u00e9hicule. Store \u00e0 enroulement et d\u00e9roulement manuels avec supports et bras t\u00e9lescopiques int\u00e9gr\u00e9s dans le rouleau Pieds de support et bras de tension \u00e0 section carr\u00e9e pour la stabilit\u00e9 [&hellip;]<\/p>\n","protected":false},"featured_media":225664,"template":"","meta":{"_acf_changed":false},"product_featured_cat":[],"product_brand":[],"product_cat":[4215],"product_tag":[],"class_list":{"0":"post-225674","1":"product","2":"type-product","3":"status-publish","4":"has-post-thumbnail","6":"product_cat-stores-en-sac","8":"first","9":"instock","10":"taxable","11":"shipping-taxable","12":"purchasable","13":"product-type-variable"},"acf":[],"yoast_head":"<!-- This site is optimized with the Yoast SEO plugin v27.4 - https:\/\/yoast.com\/product\/yoast-seo-wordpress\/ -->\n<title>Auvent de sac CaravanStore Evo - Bantam Wankm\u00fcller SA<\/title>\n<meta name=\"robots\" content=\"index, follow, max-snippet:-1, max-image-preview:large, max-video-preview:-1\" \/>\n<link rel=\"canonical\" href=\"https:\/\/shop.bantam.ch\/fr\/produit\/auvent-de-sac-caravanstore-evo\/\" \/>\n<meta property=\"og:locale\" content=\"fr_FR\" \/>\n<meta property=\"og:type\" content=\"article\" \/>\n<meta property=\"og:title\" content=\"Auvent de sac CaravanStore Evo - Bantam Wankm\u00fcller SA\" \/>\n<meta property=\"og:description\" content=\"Un d\u00e9veloppement du store CaravanStore, qui se distingue par son m\u00e9canisme robuste et une esth\u00e9tique moderne et \u00e9l\u00e9gante, et qui se compl\u00e8te ainsi parfaitement sur le v\u00e9hicule. Store \u00e0 enroulement et d\u00e9roulement manuels avec supports et bras t\u00e9lescopiques int\u00e9gr\u00e9s dans le rouleau Pieds de support et bras de tension \u00e0 section carr\u00e9e pour la stabilit\u00e9 [&hellip;]\" \/>\n<meta property=\"og:url\" content=\"https:\/\/shop.bantam.ch\/fr\/produit\/auvent-de-sac-caravanstore-evo\/\" \/>\n<meta property=\"og:site_name\" content=\"Bantam Wankm\u00fcller SA\" \/>\n<meta property=\"article:modified_time\" content=\"2026-04-17T01:02:28+00:00\" \/>\n<meta name=\"twitter:card\" content=\"summary_large_image\" \/>\n<meta name=\"twitter:label1\" content=\"Dur\u00e9e de lecture estim\u00e9e\" \/>\n\t<meta name=\"twitter:data1\" content=\"1 minute\" \/>\n<script type=\"application\/ld+json\" class=\"yoast-schema-graph\">{\"@context\":\"https:\\\/\\\/schema.org\",\"@graph\":[{\"@type\":\"WebPage\",\"@id\":\"https:\\\/\\\/shop.bantam.ch\\\/fr\\\/produit\\\/auvent-de-sac-caravanstore-evo\\\/\",\"url\":\"https:\\\/\\\/shop.bantam.ch\\\/fr\\\/produit\\\/auvent-de-sac-caravanstore-evo\\\/\",\"name\":\"Auvent de sac CaravanStore Evo - Bantam Wankm\u00fcller SA\",\"isPartOf\":{\"@id\":\"https:\\\/\\\/shop.bantam.ch\\\/fr\\\/#website\"},\"primaryImageOfPage\":{\"@id\":\"https:\\\/\\\/shop.bantam.ch\\\/fr\\\/produit\\\/auvent-de-sac-caravanstore-evo\\\/#primaryimage\"},\"image\":{\"@id\":\"https:\\\/\\\/shop.bantam.ch\\\/fr\\\/produit\\\/auvent-de-sac-caravanstore-evo\\\/#primaryimage\"},\"thumbnailUrl\":\"https:\\\/\\\/shop.bantam.ch\\\/wp-content\\\/uploads\\\/2025\\\/12\\\/Movera-L-0106773100.jpg\",\"datePublished\":\"2025-12-17T14:22:15+00:00\",\"dateModified\":\"2026-04-17T01:02:28+00:00\",\"breadcrumb\":{\"@id\":\"https:\\\/\\\/shop.bantam.ch\\\/fr\\\/produit\\\/auvent-de-sac-caravanstore-evo\\\/#breadcrumb\"},\"inLanguage\":\"fr-FR\",\"potentialAction\":[{\"@type\":\"ReadAction\",\"target\":[\"https:\\\/\\\/shop.bantam.ch\\\/fr\\\/produit\\\/auvent-de-sac-caravanstore-evo\\\/\"]}]},{\"@type\":\"ImageObject\",\"inLanguage\":\"fr-FR\",\"@id\":\"https:\\\/\\\/shop.bantam.ch\\\/fr\\\/produit\\\/auvent-de-sac-caravanstore-evo\\\/#primaryimage\",\"url\":\"https:\\\/\\\/shop.bantam.ch\\\/wp-content\\\/uploads\\\/2025\\\/12\\\/Movera-L-0106773100.jpg\",\"contentUrl\":\"https:\\\/\\\/shop.bantam.ch\\\/wp-content\\\/uploads\\\/2025\\\/12\\\/Movera-L-0106773100.jpg\",\"width\":640,\"height\":360},{\"@type\":\"BreadcrumbList\",\"@id\":\"https:\\\/\\\/shop.bantam.ch\\\/fr\\\/produit\\\/auvent-de-sac-caravanstore-evo\\\/#breadcrumb\",\"itemListElement\":[{\"@type\":\"ListItem\",\"position\":1,\"name\":\"Accueil\",\"item\":\"https:\\\/\\\/shop.bantam.ch\\\/fr\\\/\"},{\"@type\":\"ListItem\",\"position\":2,\"name\":\"Boutique\",\"item\":\"https:\\\/\\\/shop.bantam.ch\\\/fr\\\/boutique\\\/\"},{\"@type\":\"ListItem\",\"position\":3,\"name\":\"Auvent de sac CaravanStore Evo\"}]},{\"@type\":\"WebSite\",\"@id\":\"https:\\\/\\\/shop.bantam.ch\\\/fr\\\/#website\",\"url\":\"https:\\\/\\\/shop.bantam.ch\\\/fr\\\/\",\"name\":\"Bantam Wankm\u00fcller SA\",\"description\":\"\",\"publisher\":{\"@id\":\"https:\\\/\\\/shop.bantam.ch\\\/fr\\\/#organization\"},\"inLanguage\":\"fr-FR\"},{\"@type\":\"Organization\",\"@id\":\"https:\\\/\\\/shop.bantam.ch\\\/fr\\\/#organization\",\"name\":\"Bantam Wankm\u00fcller SA\",\"url\":\"https:\\\/\\\/shop.bantam.ch\\\/fr\\\/\",\"logo\":{\"@type\":\"ImageObject\",\"inLanguage\":\"fr-FR\",\"@id\":\"https:\\\/\\\/shop.bantam.ch\\\/fr\\\/#\\\/schema\\\/logo\\\/image\\\/\",\"url\":\"https:\\\/\\\/shop.bantam.ch\\\/wp-content\\\/uploads\\\/2022\\\/12\\\/bantam-logo.png\",\"contentUrl\":\"https:\\\/\\\/shop.bantam.ch\\\/wp-content\\\/uploads\\\/2022\\\/12\\\/bantam-logo.png\",\"width\":320,\"height\":71,\"caption\":\"Bantam Wankm\u00fcller SA\"},\"image\":{\"@id\":\"https:\\\/\\\/shop.bantam.ch\\\/fr\\\/#\\\/schema\\\/logo\\\/image\\\/\"}}]}<\/script>\n<!-- \/ Yoast SEO plugin. -->","yoast_head_json":{"title":"Auvent de sac CaravanStore Evo - Bantam Wankm\u00fcller SA","robots":{"index":"index","follow":"follow","max-snippet":"max-snippet:-1","max-image-preview":"max-image-preview:large","max-video-preview":"max-video-preview:-1"},"canonical":"https:\/\/shop.bantam.ch\/fr\/produit\/auvent-de-sac-caravanstore-evo\/","og_locale":"fr_FR","og_type":"article","og_title":"Auvent de sac CaravanStore Evo - Bantam Wankm\u00fcller SA","og_description":"Un d\u00e9veloppement du store CaravanStore, qui se distingue par son m\u00e9canisme robuste et une esth\u00e9tique moderne et \u00e9l\u00e9gante, et qui se compl\u00e8te ainsi parfaitement sur le v\u00e9hicule. Store \u00e0 enroulement et d\u00e9roulement manuels avec supports et bras t\u00e9lescopiques int\u00e9gr\u00e9s dans le rouleau Pieds de support et bras de tension \u00e0 section carr\u00e9e pour la stabilit\u00e9 [&hellip;]","og_url":"https:\/\/shop.bantam.ch\/fr\/produit\/auvent-de-sac-caravanstore-evo\/","og_site_name":"Bantam Wankm\u00fcller SA","article_modified_time":"2026-04-17T01:02:28+00:00","twitter_card":"summary_large_image","twitter_misc":{"Dur\u00e9e de lecture estim\u00e9e":"1 minute"},"schema":{"@context":"https:\/\/schema.org","@graph":[{"@type":"WebPage","@id":"https:\/\/shop.bantam.ch\/fr\/produit\/auvent-de-sac-caravanstore-evo\/","url":"https:\/\/shop.bantam.ch\/fr\/produit\/auvent-de-sac-caravanstore-evo\/","name":"Auvent de sac CaravanStore Evo - Bantam Wankm\u00fcller SA","isPartOf":{"@id":"https:\/\/shop.bantam.ch\/fr\/#website"},"primaryImageOfPage":{"@id":"https:\/\/shop.bantam.ch\/fr\/produit\/auvent-de-sac-caravanstore-evo\/#primaryimage"},"image":{"@id":"https:\/\/shop.bantam.ch\/fr\/produit\/auvent-de-sac-caravanstore-evo\/#primaryimage"},"thumbnailUrl":"https:\/\/shop.bantam.ch\/wp-content\/uploads\/2025\/12\/Movera-L-0106773100.jpg","datePublished":"2025-12-17T14:22:15+00:00","dateModified":"2026-04-17T01:02:28+00:00","breadcrumb":{"@id":"https:\/\/shop.bantam.ch\/fr\/produit\/auvent-de-sac-caravanstore-evo\/#breadcrumb"},"inLanguage":"fr-FR","potentialAction":[{"@type":"ReadAction","target":["https:\/\/shop.bantam.ch\/fr\/produit\/auvent-de-sac-caravanstore-evo\/"]}]},{"@type":"ImageObject","inLanguage":"fr-FR","@id":"https:\/\/shop.bantam.ch\/fr\/produit\/auvent-de-sac-caravanstore-evo\/#primaryimage","url":"https:\/\/shop.bantam.ch\/wp-content\/uploads\/2025\/12\/Movera-L-0106773100.jpg","contentUrl":"https:\/\/shop.bantam.ch\/wp-content\/uploads\/2025\/12\/Movera-L-0106773100.jpg","width":640,"height":360},{"@type":"BreadcrumbList","@id":"https:\/\/shop.bantam.ch\/fr\/produit\/auvent-de-sac-caravanstore-evo\/#breadcrumb","itemListElement":[{"@type":"ListItem","position":1,"name":"Accueil","item":"https:\/\/shop.bantam.ch\/fr\/"},{"@type":"ListItem","position":2,"name":"Boutique","item":"https:\/\/shop.bantam.ch\/fr\/boutique\/"},{"@type":"ListItem","position":3,"name":"Auvent de sac CaravanStore Evo"}]},{"@type":"WebSite","@id":"https:\/\/shop.bantam.ch\/fr\/#website","url":"https:\/\/shop.bantam.ch\/fr\/","name":"Bantam Wankm\u00fcller SA","description":"","publisher":{"@id":"https:\/\/shop.bantam.ch\/fr\/#organization"},"inLanguage":"fr-FR"},{"@type":"Organization","@id":"https:\/\/shop.bantam.ch\/fr\/#organization","name":"Bantam Wankm\u00fcller SA","url":"https:\/\/shop.bantam.ch\/fr\/","logo":{"@type":"ImageObject","inLanguage":"fr-FR","@id":"https:\/\/shop.bantam.ch\/fr\/#\/schema\/logo\/image\/","url":"https:\/\/shop.bantam.ch\/wp-content\/uploads\/2022\/12\/bantam-logo.png","contentUrl":"https:\/\/shop.bantam.ch\/wp-content\/uploads\/2022\/12\/bantam-logo.png","width":320,"height":71,"caption":"Bantam Wankm\u00fcller SA"},"image":{"@id":"https:\/\/shop.bantam.ch\/fr\/#\/schema\/logo\/image\/"}}]}},"_links":{"self":[{"href":"https:\/\/shop.bantam.ch\/fr\/wp-json\/wp\/v2\/product\/225674","targetHints":{"allow":["GET"]}}],"collection":[{"href":"https:\/\/shop.bantam.ch\/fr\/wp-json\/wp\/v2\/product"}],"about":[{"href":"https:\/\/shop.bantam.ch\/fr\/wp-json\/wp\/v2\/types\/product"}],"wp:featuredmedia":[{"embeddable":true,"href":"https:\/\/shop.bantam.ch\/fr\/wp-json\/wp\/v2\/media\/225664"}],"wp:attachment":[{"href":"https:\/\/shop.bantam.ch\/fr\/wp-json\/wp\/v2\/media?parent=225674"}],"wp:term":[{"taxonomy":"product_featured_cat","embeddable":true,"href":"https:\/\/shop.bantam.ch\/fr\/wp-json\/wp\/v2\/product_featured_cat?post=225674"},{"taxonomy":"product_brand","embeddable":true,"href":"https:\/\/shop.bantam.ch\/fr\/wp-json\/wp\/v2\/product_brand?post=225674"},{"taxonomy":"product_cat","embeddable":true,"href":"https:\/\/shop.bantam.ch\/fr\/wp-json\/wp\/v2\/product_cat?post=225674"},{"taxonomy":"product_tag","embeddable":true,"href":"https:\/\/shop.bantam.ch\/fr\/wp-json\/wp\/v2\/product_tag?post=225674"}],"curies":[{"name":"wp","href":"https:\/\/api.w.org\/{rel}","templated":true}]}}