{"id":225558,"date":"2025-12-17T15:18:25","date_gmt":"2025-12-17T14:18:25","guid":{"rendered":"https:\/\/shop.bantam.ch\/produit\/batterie-de-base-lifepo4-256-v-batterie-avec-smart-bms-application-bluetooth-et-chauffage\/"},"modified":"2026-04-19T02:17:43","modified_gmt":"2026-04-19T00:17:43","slug":"batterie-de-base-lifepo4-256-v-batterie-avec-smart-bms-application-bluetooth-et-chauffage","status":"publish","type":"product","link":"https:\/\/shop.bantam.ch\/fr\/produit\/batterie-de-base-lifepo4-256-v-batterie-avec-smart-bms-application-bluetooth-et-chauffage\/","title":{"rendered":"Batterie de base LiFePO4 25,6 V Batterie avec Smart BMS, Application Bluetooth et chauffage"},"content":{"rendered":"<p>Les batteries BullTron LifePO4 sont des batteries au plomb de rechange optimales avec tous les avantages des batteries lithium-phosphate de fer. Elles offrent une r\u00e9duction jusqu\u2019\u00e0 80 %, des r\u00e9serves d\u2019\u00e9nergie \u00e9lev\u00e9es et une tension stable m\u00eame pour des charges extr\u00eames. Les batteries ont \u00e9t\u00e9 sp\u00e9cialement con\u00e7ues pour atteindre un rapport optimal en termes de taille, poids, performance et dur\u00e9e de vie. Une dur\u00e9e de vie extr\u00eamement longue est aussi garantie \u00e0 d\u00e9charge r\u00e9guli\u00e8rement profonde (3500 cycles \u00e0 100 % DOD\/profondeur de d\u00e9charge ou 6000 cycles \u00e0 80 % DOD\/profondeur de d\u00e9charge), gr\u00e2ce \u00e0 la derni\u00e8re technologie lithium, et fait des batteries BullTron\u00ae les batteries d\u2019alimentation optimales.\u00a0<\/p>\n<p>La batterie convient \u00e0 un syst\u00e8me de 12 V &#8211; 48 V.\u00a0<\/p>\n<ul>\n<li>Un montage parall\u00e8le 12 V est possible (augmentation de la capacit\u00e9)<\/li>\n<li>Un montage en s\u00e9rie 24 V, 36 V, 48 V est aussi possible<\/li>\n<\/ul>\n<p>.Avantages des batteries BullTron :<\/p>\n<ul>\n<li>Conditionnement et montage en Allemagne<\/li>\n<li>Garantie fabricant allemande 5 ans<\/li>\n<li>Service, maintenance et r\u00e9paration en Allemagne (en l\u2019espace d\u20191 jour)<\/li>\n<li>Bo\u00eetier viss\u00e9 (peut \u00eatre ouvert)<\/li>\n<li>Pas de parties de construction coll\u00e9es ni soud\u00e9es<\/li>\n<li>Tous les composants (Zellen &amp; BMS) sont rempla\u00e7ables (viss\u00e9s)<\/li>\n<li>Utilisation de composants de haute qualit\u00e9 et \u00e0 longue dur\u00e9e de vie<\/li>\n<li>Dur\u00e9e de vie cycles jusqu\u2019\u00e0 75 % \u00e9lev\u00e9e que les autres batteries LiFePO4<\/li>\n<li>Jusqu\u2019\u00e0 45 % plus petit et 35 % plus l\u00e9ger que les autres piles LiFePO4<\/li>\n<li>Taille des piles convenant jusqu\u2019\u00e0 480 Ah pour le montage du support<\/li>\n<li>Arr\u00eat automatique de la batterie en cas de court-circuit<\/li>\n<\/ul>\n","protected":false},"excerpt":{"rendered":"<p>Les batteries BullTron LifePO4 sont des batteries au plomb de rechange optimales avec tous les avantages des batteries lithium-phosphate de fer. Elles offrent une r\u00e9duction jusqu\u2019\u00e0 80 %, des r\u00e9serves d\u2019\u00e9nergie \u00e9lev\u00e9es et une tension stable m\u00eame pour des charges extr\u00eames. Les batteries ont \u00e9t\u00e9 sp\u00e9cialement con\u00e7ues pour atteindre un rapport optimal en termes de [&hellip;]<\/p>\n","protected":false},"featured_media":225554,"template":"","meta":{"_acf_changed":false},"product_featured_cat":[],"product_brand":[],"product_cat":[4903],"product_tag":[],"class_list":{"0":"post-225558","1":"product","2":"type-product","3":"status-publish","4":"has-post-thumbnail","6":"product_cat-batteries-de-bord","8":"first","9":"instock","10":"taxable","11":"shipping-taxable","12":"purchasable","13":"product-type-variable"},"acf":[],"yoast_head":"<!-- This site is optimized with the Yoast SEO plugin v27.4 - https:\/\/yoast.com\/product\/yoast-seo-wordpress\/ -->\n<title>Batterie de base LiFePO4 25,6 V Batterie avec Smart BMS, Application Bluetooth et chauffage - Bantam Wankm\u00fcller SA<\/title>\n<meta name=\"robots\" content=\"index, follow, max-snippet:-1, max-image-preview:large, max-video-preview:-1\" \/>\n<link rel=\"canonical\" href=\"https:\/\/shop.bantam.ch\/fr\/produit\/batterie-de-base-lifepo4-256-v-batterie-avec-smart-bms-application-bluetooth-et-chauffage\/\" \/>\n<meta property=\"og:locale\" content=\"fr_FR\" \/>\n<meta property=\"og:type\" content=\"article\" \/>\n<meta property=\"og:title\" content=\"Batterie de base LiFePO4 25,6 V Batterie avec Smart BMS, Application Bluetooth et chauffage - Bantam Wankm\u00fcller SA\" \/>\n<meta property=\"og:description\" content=\"Les batteries BullTron LifePO4 sont des batteries au plomb de rechange optimales avec tous les avantages des batteries lithium-phosphate de fer. Elles offrent une r\u00e9duction jusqu\u2019\u00e0 80 %, des r\u00e9serves d\u2019\u00e9nergie \u00e9lev\u00e9es et une tension stable m\u00eame pour des charges extr\u00eames. Les batteries ont \u00e9t\u00e9 sp\u00e9cialement con\u00e7ues pour atteindre un rapport optimal en termes de [&hellip;]\" \/>\n<meta property=\"og:url\" content=\"https:\/\/shop.bantam.ch\/fr\/produit\/batterie-de-base-lifepo4-256-v-batterie-avec-smart-bms-application-bluetooth-et-chauffage\/\" \/>\n<meta property=\"og:site_name\" content=\"Bantam Wankm\u00fcller SA\" \/>\n<meta property=\"article:modified_time\" content=\"2026-04-19T00:17:43+00:00\" \/>\n<meta name=\"twitter:card\" content=\"summary_large_image\" \/>\n<meta name=\"twitter:label1\" content=\"Dur\u00e9e de lecture estim\u00e9e\" \/>\n\t<meta name=\"twitter:data1\" content=\"1 minute\" \/>\n<script type=\"application\/ld+json\" class=\"yoast-schema-graph\">{\"@context\":\"https:\\\/\\\/schema.org\",\"@graph\":[{\"@type\":\"WebPage\",\"@id\":\"https:\\\/\\\/shop.bantam.ch\\\/fr\\\/produit\\\/batterie-de-base-lifepo4-256-v-batterie-avec-smart-bms-application-bluetooth-et-chauffage\\\/\",\"url\":\"https:\\\/\\\/shop.bantam.ch\\\/fr\\\/produit\\\/batterie-de-base-lifepo4-256-v-batterie-avec-smart-bms-application-bluetooth-et-chauffage\\\/\",\"name\":\"Batterie de base LiFePO4 25,6 V Batterie avec Smart BMS, Application Bluetooth et chauffage - Bantam Wankm\u00fcller SA\",\"isPartOf\":{\"@id\":\"https:\\\/\\\/shop.bantam.ch\\\/fr\\\/#website\"},\"primaryImageOfPage\":{\"@id\":\"https:\\\/\\\/shop.bantam.ch\\\/fr\\\/produit\\\/batterie-de-base-lifepo4-256-v-batterie-avec-smart-bms-application-bluetooth-et-chauffage\\\/#primaryimage\"},\"image\":{\"@id\":\"https:\\\/\\\/shop.bantam.ch\\\/fr\\\/produit\\\/batterie-de-base-lifepo4-256-v-batterie-avec-smart-bms-application-bluetooth-et-chauffage\\\/#primaryimage\"},\"thumbnailUrl\":\"https:\\\/\\\/shop.bantam.ch\\\/wp-content\\\/uploads\\\/2025\\\/12\\\/Movera-L-9970916100.png\",\"datePublished\":\"2025-12-17T14:18:25+00:00\",\"dateModified\":\"2026-04-19T00:17:43+00:00\",\"breadcrumb\":{\"@id\":\"https:\\\/\\\/shop.bantam.ch\\\/fr\\\/produit\\\/batterie-de-base-lifepo4-256-v-batterie-avec-smart-bms-application-bluetooth-et-chauffage\\\/#breadcrumb\"},\"inLanguage\":\"fr-FR\",\"potentialAction\":[{\"@type\":\"ReadAction\",\"target\":[\"https:\\\/\\\/shop.bantam.ch\\\/fr\\\/produit\\\/batterie-de-base-lifepo4-256-v-batterie-avec-smart-bms-application-bluetooth-et-chauffage\\\/\"]}]},{\"@type\":\"ImageObject\",\"inLanguage\":\"fr-FR\",\"@id\":\"https:\\\/\\\/shop.bantam.ch\\\/fr\\\/produit\\\/batterie-de-base-lifepo4-256-v-batterie-avec-smart-bms-application-bluetooth-et-chauffage\\\/#primaryimage\",\"url\":\"https:\\\/\\\/shop.bantam.ch\\\/wp-content\\\/uploads\\\/2025\\\/12\\\/Movera-L-9970916100.png\",\"contentUrl\":\"https:\\\/\\\/shop.bantam.ch\\\/wp-content\\\/uploads\\\/2025\\\/12\\\/Movera-L-9970916100.png\",\"width\":640,\"height\":313},{\"@type\":\"BreadcrumbList\",\"@id\":\"https:\\\/\\\/shop.bantam.ch\\\/fr\\\/produit\\\/batterie-de-base-lifepo4-256-v-batterie-avec-smart-bms-application-bluetooth-et-chauffage\\\/#breadcrumb\",\"itemListElement\":[{\"@type\":\"ListItem\",\"position\":1,\"name\":\"Accueil\",\"item\":\"https:\\\/\\\/shop.bantam.ch\\\/fr\\\/\"},{\"@type\":\"ListItem\",\"position\":2,\"name\":\"Boutique\",\"item\":\"https:\\\/\\\/shop.bantam.ch\\\/fr\\\/boutique\\\/\"},{\"@type\":\"ListItem\",\"position\":3,\"name\":\"Batterie de base LiFePO4 25,6 V Batterie avec Smart BMS, Application Bluetooth et chauffage\"}]},{\"@type\":\"WebSite\",\"@id\":\"https:\\\/\\\/shop.bantam.ch\\\/fr\\\/#website\",\"url\":\"https:\\\/\\\/shop.bantam.ch\\\/fr\\\/\",\"name\":\"Bantam Wankm\u00fcller SA\",\"description\":\"\",\"publisher\":{\"@id\":\"https:\\\/\\\/shop.bantam.ch\\\/fr\\\/#organization\"},\"inLanguage\":\"fr-FR\"},{\"@type\":\"Organization\",\"@id\":\"https:\\\/\\\/shop.bantam.ch\\\/fr\\\/#organization\",\"name\":\"Bantam Wankm\u00fcller SA\",\"url\":\"https:\\\/\\\/shop.bantam.ch\\\/fr\\\/\",\"logo\":{\"@type\":\"ImageObject\",\"inLanguage\":\"fr-FR\",\"@id\":\"https:\\\/\\\/shop.bantam.ch\\\/fr\\\/#\\\/schema\\\/logo\\\/image\\\/\",\"url\":\"https:\\\/\\\/shop.bantam.ch\\\/wp-content\\\/uploads\\\/2022\\\/12\\\/bantam-logo.png\",\"contentUrl\":\"https:\\\/\\\/shop.bantam.ch\\\/wp-content\\\/uploads\\\/2022\\\/12\\\/bantam-logo.png\",\"width\":320,\"height\":71,\"caption\":\"Bantam Wankm\u00fcller SA\"},\"image\":{\"@id\":\"https:\\\/\\\/shop.bantam.ch\\\/fr\\\/#\\\/schema\\\/logo\\\/image\\\/\"}}]}<\/script>\n<!-- \/ Yoast SEO plugin. -->","yoast_head_json":{"title":"Batterie de base LiFePO4 25,6 V Batterie avec Smart BMS, Application Bluetooth et chauffage - Bantam Wankm\u00fcller SA","robots":{"index":"index","follow":"follow","max-snippet":"max-snippet:-1","max-image-preview":"max-image-preview:large","max-video-preview":"max-video-preview:-1"},"canonical":"https:\/\/shop.bantam.ch\/fr\/produit\/batterie-de-base-lifepo4-256-v-batterie-avec-smart-bms-application-bluetooth-et-chauffage\/","og_locale":"fr_FR","og_type":"article","og_title":"Batterie de base LiFePO4 25,6 V Batterie avec Smart BMS, Application Bluetooth et chauffage - Bantam Wankm\u00fcller SA","og_description":"Les batteries BullTron LifePO4 sont des batteries au plomb de rechange optimales avec tous les avantages des batteries lithium-phosphate de fer. Elles offrent une r\u00e9duction jusqu\u2019\u00e0 80 %, des r\u00e9serves d\u2019\u00e9nergie \u00e9lev\u00e9es et une tension stable m\u00eame pour des charges extr\u00eames. Les batteries ont \u00e9t\u00e9 sp\u00e9cialement con\u00e7ues pour atteindre un rapport optimal en termes de [&hellip;]","og_url":"https:\/\/shop.bantam.ch\/fr\/produit\/batterie-de-base-lifepo4-256-v-batterie-avec-smart-bms-application-bluetooth-et-chauffage\/","og_site_name":"Bantam Wankm\u00fcller SA","article_modified_time":"2026-04-19T00:17:43+00:00","twitter_card":"summary_large_image","twitter_misc":{"Dur\u00e9e de lecture estim\u00e9e":"1 minute"},"schema":{"@context":"https:\/\/schema.org","@graph":[{"@type":"WebPage","@id":"https:\/\/shop.bantam.ch\/fr\/produit\/batterie-de-base-lifepo4-256-v-batterie-avec-smart-bms-application-bluetooth-et-chauffage\/","url":"https:\/\/shop.bantam.ch\/fr\/produit\/batterie-de-base-lifepo4-256-v-batterie-avec-smart-bms-application-bluetooth-et-chauffage\/","name":"Batterie de base LiFePO4 25,6 V Batterie avec Smart BMS, Application Bluetooth et chauffage - Bantam Wankm\u00fcller SA","isPartOf":{"@id":"https:\/\/shop.bantam.ch\/fr\/#website"},"primaryImageOfPage":{"@id":"https:\/\/shop.bantam.ch\/fr\/produit\/batterie-de-base-lifepo4-256-v-batterie-avec-smart-bms-application-bluetooth-et-chauffage\/#primaryimage"},"image":{"@id":"https:\/\/shop.bantam.ch\/fr\/produit\/batterie-de-base-lifepo4-256-v-batterie-avec-smart-bms-application-bluetooth-et-chauffage\/#primaryimage"},"thumbnailUrl":"https:\/\/shop.bantam.ch\/wp-content\/uploads\/2025\/12\/Movera-L-9970916100.png","datePublished":"2025-12-17T14:18:25+00:00","dateModified":"2026-04-19T00:17:43+00:00","breadcrumb":{"@id":"https:\/\/shop.bantam.ch\/fr\/produit\/batterie-de-base-lifepo4-256-v-batterie-avec-smart-bms-application-bluetooth-et-chauffage\/#breadcrumb"},"inLanguage":"fr-FR","potentialAction":[{"@type":"ReadAction","target":["https:\/\/shop.bantam.ch\/fr\/produit\/batterie-de-base-lifepo4-256-v-batterie-avec-smart-bms-application-bluetooth-et-chauffage\/"]}]},{"@type":"ImageObject","inLanguage":"fr-FR","@id":"https:\/\/shop.bantam.ch\/fr\/produit\/batterie-de-base-lifepo4-256-v-batterie-avec-smart-bms-application-bluetooth-et-chauffage\/#primaryimage","url":"https:\/\/shop.bantam.ch\/wp-content\/uploads\/2025\/12\/Movera-L-9970916100.png","contentUrl":"https:\/\/shop.bantam.ch\/wp-content\/uploads\/2025\/12\/Movera-L-9970916100.png","width":640,"height":313},{"@type":"BreadcrumbList","@id":"https:\/\/shop.bantam.ch\/fr\/produit\/batterie-de-base-lifepo4-256-v-batterie-avec-smart-bms-application-bluetooth-et-chauffage\/#breadcrumb","itemListElement":[{"@type":"ListItem","position":1,"name":"Accueil","item":"https:\/\/shop.bantam.ch\/fr\/"},{"@type":"ListItem","position":2,"name":"Boutique","item":"https:\/\/shop.bantam.ch\/fr\/boutique\/"},{"@type":"ListItem","position":3,"name":"Batterie de base LiFePO4 25,6 V Batterie avec Smart BMS, Application Bluetooth et chauffage"}]},{"@type":"WebSite","@id":"https:\/\/shop.bantam.ch\/fr\/#website","url":"https:\/\/shop.bantam.ch\/fr\/","name":"Bantam Wankm\u00fcller SA","description":"","publisher":{"@id":"https:\/\/shop.bantam.ch\/fr\/#organization"},"inLanguage":"fr-FR"},{"@type":"Organization","@id":"https:\/\/shop.bantam.ch\/fr\/#organization","name":"Bantam Wankm\u00fcller SA","url":"https:\/\/shop.bantam.ch\/fr\/","logo":{"@type":"ImageObject","inLanguage":"fr-FR","@id":"https:\/\/shop.bantam.ch\/fr\/#\/schema\/logo\/image\/","url":"https:\/\/shop.bantam.ch\/wp-content\/uploads\/2022\/12\/bantam-logo.png","contentUrl":"https:\/\/shop.bantam.ch\/wp-content\/uploads\/2022\/12\/bantam-logo.png","width":320,"height":71,"caption":"Bantam Wankm\u00fcller SA"},"image":{"@id":"https:\/\/shop.bantam.ch\/fr\/#\/schema\/logo\/image\/"}}]}},"_links":{"self":[{"href":"https:\/\/shop.bantam.ch\/fr\/wp-json\/wp\/v2\/product\/225558","targetHints":{"allow":["GET"]}}],"collection":[{"href":"https:\/\/shop.bantam.ch\/fr\/wp-json\/wp\/v2\/product"}],"about":[{"href":"https:\/\/shop.bantam.ch\/fr\/wp-json\/wp\/v2\/types\/product"}],"wp:featuredmedia":[{"embeddable":true,"href":"https:\/\/shop.bantam.ch\/fr\/wp-json\/wp\/v2\/media\/225554"}],"wp:attachment":[{"href":"https:\/\/shop.bantam.ch\/fr\/wp-json\/wp\/v2\/media?parent=225558"}],"wp:term":[{"taxonomy":"product_featured_cat","embeddable":true,"href":"https:\/\/shop.bantam.ch\/fr\/wp-json\/wp\/v2\/product_featured_cat?post=225558"},{"taxonomy":"product_brand","embeddable":true,"href":"https:\/\/shop.bantam.ch\/fr\/wp-json\/wp\/v2\/product_brand?post=225558"},{"taxonomy":"product_cat","embeddable":true,"href":"https:\/\/shop.bantam.ch\/fr\/wp-json\/wp\/v2\/product_cat?post=225558"},{"taxonomy":"product_tag","embeddable":true,"href":"https:\/\/shop.bantam.ch\/fr\/wp-json\/wp\/v2\/product_tag?post=225558"}],"curies":[{"name":"wp","href":"https:\/\/api.w.org\/{rel}","templated":true}]}}