{"id":225510,"date":"2025-12-17T15:17:15","date_gmt":"2025-12-17T14:17:15","guid":{"rendered":"https:\/\/shop.bantam.ch\/produit\/reg-ch-solaire-phaesun-mppt-onduleur-chargeur-victron-easysolar-12-1600-70\/"},"modified":"2026-04-19T23:48:13","modified_gmt":"2026-04-19T21:48:13","slug":"reg-ch-solaire-phaesun-mppt-onduleur-chargeur-victron-easysolar-12-1600-70","status":"publish","type":"product","link":"https:\/\/shop.bantam.ch\/fr\/produit\/reg-ch-solaire-phaesun-mppt-onduleur-chargeur-victron-easysolar-12-1600-70\/","title":{"rendered":"R\u00e9g. ch. solaire Phaesun MPPT Onduleur \/ chargeur Victron EasySolar 12\/1600\/70"},"content":{"rendered":"<p>Le EasySolar combine un r\u00e9gulateur de charge solaire MPPT, un onduleur\/chargeur et une distribution de courant alternatif en un seul appareil. L\u2019installation de l\u2019appareil est facile et il ne faut que peu de c\u00e2blage. Le r\u00e9gulateur de charge MPPT et l\u2019onduleur\/chargeur MultiPlus Compact utilisent le m\u00eame c\u00e2ble batterie courant continu (inclus dans la livraison). Les batteries se chargent avec du courant solaire (SmartSolar MPPT) et\/ou avec du courant alternatif (onduleur\/chargeur) depuis le r\u00e9seau \u00e9lectrique ou un groupe moteur. La classe de protection est IP21.<\/p>\n<p>Onduleur :<\/p>\n<ul>\n<li>Zone de tension : 9,5 \/ 17<\/li>\n<\/ul>\n<p>Chargeur :<\/p>\n<ul>\n<li>Entr\u00e9e courant alternatif : Plage de tension d&rsquo;entr\u00e9e : Fr\u00e9quence d\u2019entr\u00e9e 187-265 VAC : 45 \u2013 65 Hz \/ facteur de puissance : 1<\/li>\n<li>Tension de charge constante (absorption) : 14,4 V<\/li>\n<li>Tension de charge de sauvegarde (float) : 13,8 V<\/li>\n<li>Mode chargement : 13,2 V<\/li>\n<li>Courant de charge de la batterie principale (4) : 70 A<\/li>\n<\/ul>\n<p>R\u00e9gulateur de charge solaire :<\/p>\n<ul>\n<li>Courant de sortie maximal : 50 A<\/li>\n<li>Puissance PV maximale 6 a,b) : 700 W<\/li>\n<li>Tension \u00e0 vide PV maximale : 100 V<\/li>\n<li>Consommation propre : 10\u00a0mA<\/li>\n<li>Tension de charge constante, r\u00e9glage standard : 14,4 V<\/li>\n<\/ul>\n<p>\u00a0<\/p>\n<p>\u00a0<\/p>\n","protected":false},"excerpt":{"rendered":"<p>Le EasySolar combine un r\u00e9gulateur de charge solaire MPPT, un onduleur\/chargeur et une distribution de courant alternatif en un seul appareil. L\u2019installation de l\u2019appareil est facile et il ne faut que peu de c\u00e2blage. Le r\u00e9gulateur de charge MPPT et l\u2019onduleur\/chargeur MultiPlus Compact utilisent le m\u00eame c\u00e2ble batterie courant continu (inclus dans la livraison). Les [&hellip;]<\/p>\n","protected":false},"featured_media":225508,"template":"","meta":{"_acf_changed":false},"product_featured_cat":[],"product_brand":[],"product_cat":[4169],"product_tag":[],"class_list":{"0":"post-225510","1":"product","2":"type-product","3":"status-publish","4":"has-post-thumbnail","6":"product_cat-onduleurs","8":"first","9":"instock","10":"taxable","11":"shipping-taxable","12":"purchasable","13":"product-type-simple"},"acf":[],"yoast_head":"<!-- This site is optimized with the Yoast SEO plugin v27.4 - https:\/\/yoast.com\/product\/yoast-seo-wordpress\/ -->\n<title>R\u00e9g. ch. solaire Phaesun MPPT Onduleur \/ chargeur Victron EasySolar 12\/1600\/70 - Bantam Wankm\u00fcller SA<\/title>\n<meta name=\"robots\" content=\"index, follow, max-snippet:-1, max-image-preview:large, max-video-preview:-1\" \/>\n<link rel=\"canonical\" href=\"https:\/\/shop.bantam.ch\/fr\/produit\/reg-ch-solaire-phaesun-mppt-onduleur-chargeur-victron-easysolar-12-1600-70\/\" \/>\n<meta property=\"og:locale\" content=\"fr_FR\" \/>\n<meta property=\"og:type\" content=\"article\" \/>\n<meta property=\"og:title\" content=\"R\u00e9g. ch. solaire Phaesun MPPT Onduleur \/ chargeur Victron EasySolar 12\/1600\/70 - Bantam Wankm\u00fcller SA\" \/>\n<meta property=\"og:description\" content=\"Le EasySolar combine un r\u00e9gulateur de charge solaire MPPT, un onduleur\/chargeur et une distribution de courant alternatif en un seul appareil. L\u2019installation de l\u2019appareil est facile et il ne faut que peu de c\u00e2blage. Le r\u00e9gulateur de charge MPPT et l\u2019onduleur\/chargeur MultiPlus Compact utilisent le m\u00eame c\u00e2ble batterie courant continu (inclus dans la livraison). Les [&hellip;]\" \/>\n<meta property=\"og:url\" content=\"https:\/\/shop.bantam.ch\/fr\/produit\/reg-ch-solaire-phaesun-mppt-onduleur-chargeur-victron-easysolar-12-1600-70\/\" \/>\n<meta property=\"og:site_name\" content=\"Bantam Wankm\u00fcller SA\" \/>\n<meta property=\"article:modified_time\" content=\"2026-04-19T21:48:13+00:00\" \/>\n<meta name=\"twitter:card\" content=\"summary_large_image\" \/>\n<meta name=\"twitter:label1\" content=\"Dur\u00e9e de lecture estim\u00e9e\" \/>\n\t<meta name=\"twitter:data1\" content=\"1 minute\" \/>\n<script type=\"application\/ld+json\" class=\"yoast-schema-graph\">{\"@context\":\"https:\\\/\\\/schema.org\",\"@graph\":[{\"@type\":\"WebPage\",\"@id\":\"https:\\\/\\\/shop.bantam.ch\\\/fr\\\/produit\\\/reg-ch-solaire-phaesun-mppt-onduleur-chargeur-victron-easysolar-12-1600-70\\\/\",\"url\":\"https:\\\/\\\/shop.bantam.ch\\\/fr\\\/produit\\\/reg-ch-solaire-phaesun-mppt-onduleur-chargeur-victron-easysolar-12-1600-70\\\/\",\"name\":\"R\u00e9g. ch. solaire Phaesun MPPT Onduleur \\\/ chargeur Victron EasySolar 12\\\/1600\\\/70 - Bantam Wankm\u00fcller SA\",\"isPartOf\":{\"@id\":\"https:\\\/\\\/shop.bantam.ch\\\/fr\\\/#website\"},\"primaryImageOfPage\":{\"@id\":\"https:\\\/\\\/shop.bantam.ch\\\/fr\\\/produit\\\/reg-ch-solaire-phaesun-mppt-onduleur-chargeur-victron-easysolar-12-1600-70\\\/#primaryimage\"},\"image\":{\"@id\":\"https:\\\/\\\/shop.bantam.ch\\\/fr\\\/produit\\\/reg-ch-solaire-phaesun-mppt-onduleur-chargeur-victron-easysolar-12-1600-70\\\/#primaryimage\"},\"thumbnailUrl\":\"https:\\\/\\\/shop.bantam.ch\\\/wp-content\\\/uploads\\\/2025\\\/12\\\/Movera-L-9970847100.jpg\",\"datePublished\":\"2025-12-17T14:17:15+00:00\",\"dateModified\":\"2026-04-19T21:48:13+00:00\",\"breadcrumb\":{\"@id\":\"https:\\\/\\\/shop.bantam.ch\\\/fr\\\/produit\\\/reg-ch-solaire-phaesun-mppt-onduleur-chargeur-victron-easysolar-12-1600-70\\\/#breadcrumb\"},\"inLanguage\":\"fr-FR\",\"potentialAction\":[{\"@type\":\"ReadAction\",\"target\":[\"https:\\\/\\\/shop.bantam.ch\\\/fr\\\/produit\\\/reg-ch-solaire-phaesun-mppt-onduleur-chargeur-victron-easysolar-12-1600-70\\\/\"]}]},{\"@type\":\"ImageObject\",\"inLanguage\":\"fr-FR\",\"@id\":\"https:\\\/\\\/shop.bantam.ch\\\/fr\\\/produit\\\/reg-ch-solaire-phaesun-mppt-onduleur-chargeur-victron-easysolar-12-1600-70\\\/#primaryimage\",\"url\":\"https:\\\/\\\/shop.bantam.ch\\\/wp-content\\\/uploads\\\/2025\\\/12\\\/Movera-L-9970847100.jpg\",\"contentUrl\":\"https:\\\/\\\/shop.bantam.ch\\\/wp-content\\\/uploads\\\/2025\\\/12\\\/Movera-L-9970847100.jpg\",\"width\":500,\"height\":500},{\"@type\":\"BreadcrumbList\",\"@id\":\"https:\\\/\\\/shop.bantam.ch\\\/fr\\\/produit\\\/reg-ch-solaire-phaesun-mppt-onduleur-chargeur-victron-easysolar-12-1600-70\\\/#breadcrumb\",\"itemListElement\":[{\"@type\":\"ListItem\",\"position\":1,\"name\":\"Accueil\",\"item\":\"https:\\\/\\\/shop.bantam.ch\\\/fr\\\/\"},{\"@type\":\"ListItem\",\"position\":2,\"name\":\"Boutique\",\"item\":\"https:\\\/\\\/shop.bantam.ch\\\/fr\\\/boutique\\\/\"},{\"@type\":\"ListItem\",\"position\":3,\"name\":\"R\u00e9g. ch. solaire Phaesun MPPT Onduleur \\\/ chargeur Victron EasySolar 12\\\/1600\\\/70\"}]},{\"@type\":\"WebSite\",\"@id\":\"https:\\\/\\\/shop.bantam.ch\\\/fr\\\/#website\",\"url\":\"https:\\\/\\\/shop.bantam.ch\\\/fr\\\/\",\"name\":\"Bantam Wankm\u00fcller SA\",\"description\":\"\",\"publisher\":{\"@id\":\"https:\\\/\\\/shop.bantam.ch\\\/fr\\\/#organization\"},\"inLanguage\":\"fr-FR\"},{\"@type\":\"Organization\",\"@id\":\"https:\\\/\\\/shop.bantam.ch\\\/fr\\\/#organization\",\"name\":\"Bantam Wankm\u00fcller SA\",\"url\":\"https:\\\/\\\/shop.bantam.ch\\\/fr\\\/\",\"logo\":{\"@type\":\"ImageObject\",\"inLanguage\":\"fr-FR\",\"@id\":\"https:\\\/\\\/shop.bantam.ch\\\/fr\\\/#\\\/schema\\\/logo\\\/image\\\/\",\"url\":\"https:\\\/\\\/shop.bantam.ch\\\/wp-content\\\/uploads\\\/2022\\\/12\\\/bantam-logo.png\",\"contentUrl\":\"https:\\\/\\\/shop.bantam.ch\\\/wp-content\\\/uploads\\\/2022\\\/12\\\/bantam-logo.png\",\"width\":320,\"height\":71,\"caption\":\"Bantam Wankm\u00fcller SA\"},\"image\":{\"@id\":\"https:\\\/\\\/shop.bantam.ch\\\/fr\\\/#\\\/schema\\\/logo\\\/image\\\/\"}}]}<\/script>\n<!-- \/ Yoast SEO plugin. -->","yoast_head_json":{"title":"R\u00e9g. ch. solaire Phaesun MPPT Onduleur \/ chargeur Victron EasySolar 12\/1600\/70 - Bantam Wankm\u00fcller SA","robots":{"index":"index","follow":"follow","max-snippet":"max-snippet:-1","max-image-preview":"max-image-preview:large","max-video-preview":"max-video-preview:-1"},"canonical":"https:\/\/shop.bantam.ch\/fr\/produit\/reg-ch-solaire-phaesun-mppt-onduleur-chargeur-victron-easysolar-12-1600-70\/","og_locale":"fr_FR","og_type":"article","og_title":"R\u00e9g. ch. solaire Phaesun MPPT Onduleur \/ chargeur Victron EasySolar 12\/1600\/70 - Bantam Wankm\u00fcller SA","og_description":"Le EasySolar combine un r\u00e9gulateur de charge solaire MPPT, un onduleur\/chargeur et une distribution de courant alternatif en un seul appareil. L\u2019installation de l\u2019appareil est facile et il ne faut que peu de c\u00e2blage. Le r\u00e9gulateur de charge MPPT et l\u2019onduleur\/chargeur MultiPlus Compact utilisent le m\u00eame c\u00e2ble batterie courant continu (inclus dans la livraison). Les [&hellip;]","og_url":"https:\/\/shop.bantam.ch\/fr\/produit\/reg-ch-solaire-phaesun-mppt-onduleur-chargeur-victron-easysolar-12-1600-70\/","og_site_name":"Bantam Wankm\u00fcller SA","article_modified_time":"2026-04-19T21:48:13+00:00","twitter_card":"summary_large_image","twitter_misc":{"Dur\u00e9e de lecture estim\u00e9e":"1 minute"},"schema":{"@context":"https:\/\/schema.org","@graph":[{"@type":"WebPage","@id":"https:\/\/shop.bantam.ch\/fr\/produit\/reg-ch-solaire-phaesun-mppt-onduleur-chargeur-victron-easysolar-12-1600-70\/","url":"https:\/\/shop.bantam.ch\/fr\/produit\/reg-ch-solaire-phaesun-mppt-onduleur-chargeur-victron-easysolar-12-1600-70\/","name":"R\u00e9g. ch. solaire Phaesun MPPT Onduleur \/ chargeur Victron EasySolar 12\/1600\/70 - Bantam Wankm\u00fcller SA","isPartOf":{"@id":"https:\/\/shop.bantam.ch\/fr\/#website"},"primaryImageOfPage":{"@id":"https:\/\/shop.bantam.ch\/fr\/produit\/reg-ch-solaire-phaesun-mppt-onduleur-chargeur-victron-easysolar-12-1600-70\/#primaryimage"},"image":{"@id":"https:\/\/shop.bantam.ch\/fr\/produit\/reg-ch-solaire-phaesun-mppt-onduleur-chargeur-victron-easysolar-12-1600-70\/#primaryimage"},"thumbnailUrl":"https:\/\/shop.bantam.ch\/wp-content\/uploads\/2025\/12\/Movera-L-9970847100.jpg","datePublished":"2025-12-17T14:17:15+00:00","dateModified":"2026-04-19T21:48:13+00:00","breadcrumb":{"@id":"https:\/\/shop.bantam.ch\/fr\/produit\/reg-ch-solaire-phaesun-mppt-onduleur-chargeur-victron-easysolar-12-1600-70\/#breadcrumb"},"inLanguage":"fr-FR","potentialAction":[{"@type":"ReadAction","target":["https:\/\/shop.bantam.ch\/fr\/produit\/reg-ch-solaire-phaesun-mppt-onduleur-chargeur-victron-easysolar-12-1600-70\/"]}]},{"@type":"ImageObject","inLanguage":"fr-FR","@id":"https:\/\/shop.bantam.ch\/fr\/produit\/reg-ch-solaire-phaesun-mppt-onduleur-chargeur-victron-easysolar-12-1600-70\/#primaryimage","url":"https:\/\/shop.bantam.ch\/wp-content\/uploads\/2025\/12\/Movera-L-9970847100.jpg","contentUrl":"https:\/\/shop.bantam.ch\/wp-content\/uploads\/2025\/12\/Movera-L-9970847100.jpg","width":500,"height":500},{"@type":"BreadcrumbList","@id":"https:\/\/shop.bantam.ch\/fr\/produit\/reg-ch-solaire-phaesun-mppt-onduleur-chargeur-victron-easysolar-12-1600-70\/#breadcrumb","itemListElement":[{"@type":"ListItem","position":1,"name":"Accueil","item":"https:\/\/shop.bantam.ch\/fr\/"},{"@type":"ListItem","position":2,"name":"Boutique","item":"https:\/\/shop.bantam.ch\/fr\/boutique\/"},{"@type":"ListItem","position":3,"name":"R\u00e9g. ch. solaire Phaesun MPPT Onduleur \/ chargeur Victron EasySolar 12\/1600\/70"}]},{"@type":"WebSite","@id":"https:\/\/shop.bantam.ch\/fr\/#website","url":"https:\/\/shop.bantam.ch\/fr\/","name":"Bantam Wankm\u00fcller SA","description":"","publisher":{"@id":"https:\/\/shop.bantam.ch\/fr\/#organization"},"inLanguage":"fr-FR"},{"@type":"Organization","@id":"https:\/\/shop.bantam.ch\/fr\/#organization","name":"Bantam Wankm\u00fcller SA","url":"https:\/\/shop.bantam.ch\/fr\/","logo":{"@type":"ImageObject","inLanguage":"fr-FR","@id":"https:\/\/shop.bantam.ch\/fr\/#\/schema\/logo\/image\/","url":"https:\/\/shop.bantam.ch\/wp-content\/uploads\/2022\/12\/bantam-logo.png","contentUrl":"https:\/\/shop.bantam.ch\/wp-content\/uploads\/2022\/12\/bantam-logo.png","width":320,"height":71,"caption":"Bantam Wankm\u00fcller SA"},"image":{"@id":"https:\/\/shop.bantam.ch\/fr\/#\/schema\/logo\/image\/"}}]}},"_links":{"self":[{"href":"https:\/\/shop.bantam.ch\/fr\/wp-json\/wp\/v2\/product\/225510","targetHints":{"allow":["GET"]}}],"collection":[{"href":"https:\/\/shop.bantam.ch\/fr\/wp-json\/wp\/v2\/product"}],"about":[{"href":"https:\/\/shop.bantam.ch\/fr\/wp-json\/wp\/v2\/types\/product"}],"wp:featuredmedia":[{"embeddable":true,"href":"https:\/\/shop.bantam.ch\/fr\/wp-json\/wp\/v2\/media\/225508"}],"wp:attachment":[{"href":"https:\/\/shop.bantam.ch\/fr\/wp-json\/wp\/v2\/media?parent=225510"}],"wp:term":[{"taxonomy":"product_featured_cat","embeddable":true,"href":"https:\/\/shop.bantam.ch\/fr\/wp-json\/wp\/v2\/product_featured_cat?post=225510"},{"taxonomy":"product_brand","embeddable":true,"href":"https:\/\/shop.bantam.ch\/fr\/wp-json\/wp\/v2\/product_brand?post=225510"},{"taxonomy":"product_cat","embeddable":true,"href":"https:\/\/shop.bantam.ch\/fr\/wp-json\/wp\/v2\/product_cat?post=225510"},{"taxonomy":"product_tag","embeddable":true,"href":"https:\/\/shop.bantam.ch\/fr\/wp-json\/wp\/v2\/product_tag?post=225510"}],"curies":[{"name":"wp","href":"https:\/\/api.w.org\/{rel}","templated":true}]}}