{"id":225378,"date":"2025-12-17T15:14:12","date_gmt":"2025-12-17T14:14:12","guid":{"rendered":"https:\/\/shop.bantam.ch\/produit\/profiles-de-spoiler-clever-mount-41-black\/"},"modified":"2026-04-21T23:46:04","modified_gmt":"2026-04-21T21:46:04","slug":"profiles-de-spoiler-clever-mount-41-black","status":"publish","type":"product","link":"https:\/\/shop.bantam.ch\/fr\/produit\/profiles-de-spoiler-clever-mount-41-black\/","title":{"rendered":"Profil\u00e9s de spoiler Clever Mount 41 Black"},"content":{"rendered":"<p>Les profil\u00e9s Clever Mount r\u00e9sistants \u00e0 l&rsquo;eau sal\u00e9e conviennent parfaitement \u00e0 la fixation simple et s\u00fbre de modules solaires sur les v\u00e9hicules et les bateaux. Gr\u00e2ce \u00e0 leur forme, ces profil\u00e9s de fixation sont nettement plus l\u00e9gers que des profil\u00e9s comparables en plastique et r\u00e9pondent aux plus hautes exigences de qualit\u00e9. Le design a\u00e9rodynamique r\u00e9duit le bruit du vent et int\u00e8gre les modules sur le toit.<\/p>\n<p>Caract\u00e9ristiques :<\/p>\n<ul>\n<li>2 x d\u00e9flecteurs en aluminium pour le montage de panneaux solaires<\/li>\n<li>longueur de c\u00f4t\u00e9 41 cm<\/li>\n<li>anodis\u00e9, noir,<\/li>\n<li>alliage r\u00e9sistant \u00e0 l&rsquo;eau sal\u00e9e (EN AW-6063)<\/li>\n<li>\u00e9paisseur de paroi 1,9 mm<\/li>\n<\/ul>\n","protected":false},"excerpt":{"rendered":"<p>Les profil\u00e9s Clever Mount r\u00e9sistants \u00e0 l&rsquo;eau sal\u00e9e conviennent parfaitement \u00e0 la fixation simple et s\u00fbre de modules solaires sur les v\u00e9hicules et les bateaux. Gr\u00e2ce \u00e0 leur forme, ces profil\u00e9s de fixation sont nettement plus l\u00e9gers que des profil\u00e9s comparables en plastique et r\u00e9pondent aux plus hautes exigences de qualit\u00e9. Le design a\u00e9rodynamique r\u00e9duit [&hellip;]<\/p>\n","protected":false},"featured_media":225376,"template":"","meta":{"_acf_changed":false},"product_featured_cat":[],"product_brand":[],"product_cat":[4875],"product_tag":[],"class_list":{"0":"post-225378","1":"product","2":"type-product","3":"status-publish","4":"has-post-thumbnail","6":"product_cat-supports-de-module","8":"first","9":"instock","10":"taxable","11":"shipping-taxable","12":"purchasable","13":"product-type-simple"},"acf":[],"yoast_head":"<!-- This site is optimized with the Yoast SEO plugin v27.4 - https:\/\/yoast.com\/product\/yoast-seo-wordpress\/ -->\n<title>Profil\u00e9s de spoiler Clever Mount 41 Black - Bantam Wankm\u00fcller SA<\/title>\n<meta name=\"robots\" content=\"index, follow, max-snippet:-1, max-image-preview:large, max-video-preview:-1\" \/>\n<link rel=\"canonical\" href=\"https:\/\/shop.bantam.ch\/fr\/produit\/profiles-de-spoiler-clever-mount-41-black\/\" \/>\n<meta property=\"og:locale\" content=\"fr_FR\" \/>\n<meta property=\"og:type\" content=\"article\" \/>\n<meta property=\"og:title\" content=\"Profil\u00e9s de spoiler Clever Mount 41 Black - Bantam Wankm\u00fcller SA\" \/>\n<meta property=\"og:description\" content=\"Les profil\u00e9s Clever Mount r\u00e9sistants \u00e0 l&rsquo;eau sal\u00e9e conviennent parfaitement \u00e0 la fixation simple et s\u00fbre de modules solaires sur les v\u00e9hicules et les bateaux. Gr\u00e2ce \u00e0 leur forme, ces profil\u00e9s de fixation sont nettement plus l\u00e9gers que des profil\u00e9s comparables en plastique et r\u00e9pondent aux plus hautes exigences de qualit\u00e9. Le design a\u00e9rodynamique r\u00e9duit [&hellip;]\" \/>\n<meta property=\"og:url\" content=\"https:\/\/shop.bantam.ch\/fr\/produit\/profiles-de-spoiler-clever-mount-41-black\/\" \/>\n<meta property=\"og:site_name\" content=\"Bantam Wankm\u00fcller SA\" \/>\n<meta property=\"article:modified_time\" content=\"2026-04-21T21:46:04+00:00\" \/>\n<meta name=\"twitter:card\" content=\"summary_large_image\" \/>\n<meta name=\"twitter:label1\" content=\"Dur\u00e9e de lecture estim\u00e9e\" \/>\n\t<meta name=\"twitter:data1\" content=\"1 minute\" \/>\n<script type=\"application\/ld+json\" class=\"yoast-schema-graph\">{\"@context\":\"https:\\\/\\\/schema.org\",\"@graph\":[{\"@type\":\"WebPage\",\"@id\":\"https:\\\/\\\/shop.bantam.ch\\\/fr\\\/produit\\\/profiles-de-spoiler-clever-mount-41-black\\\/\",\"url\":\"https:\\\/\\\/shop.bantam.ch\\\/fr\\\/produit\\\/profiles-de-spoiler-clever-mount-41-black\\\/\",\"name\":\"Profil\u00e9s de spoiler Clever Mount 41 Black - Bantam Wankm\u00fcller SA\",\"isPartOf\":{\"@id\":\"https:\\\/\\\/shop.bantam.ch\\\/fr\\\/#website\"},\"primaryImageOfPage\":{\"@id\":\"https:\\\/\\\/shop.bantam.ch\\\/fr\\\/produit\\\/profiles-de-spoiler-clever-mount-41-black\\\/#primaryimage\"},\"image\":{\"@id\":\"https:\\\/\\\/shop.bantam.ch\\\/fr\\\/produit\\\/profiles-de-spoiler-clever-mount-41-black\\\/#primaryimage\"},\"thumbnailUrl\":\"https:\\\/\\\/shop.bantam.ch\\\/wp-content\\\/uploads\\\/2025\\\/12\\\/Movera-L-9962990100.png\",\"datePublished\":\"2025-12-17T14:14:12+00:00\",\"dateModified\":\"2026-04-21T21:46:04+00:00\",\"breadcrumb\":{\"@id\":\"https:\\\/\\\/shop.bantam.ch\\\/fr\\\/produit\\\/profiles-de-spoiler-clever-mount-41-black\\\/#breadcrumb\"},\"inLanguage\":\"fr-FR\",\"potentialAction\":[{\"@type\":\"ReadAction\",\"target\":[\"https:\\\/\\\/shop.bantam.ch\\\/fr\\\/produit\\\/profiles-de-spoiler-clever-mount-41-black\\\/\"]}]},{\"@type\":\"ImageObject\",\"inLanguage\":\"fr-FR\",\"@id\":\"https:\\\/\\\/shop.bantam.ch\\\/fr\\\/produit\\\/profiles-de-spoiler-clever-mount-41-black\\\/#primaryimage\",\"url\":\"https:\\\/\\\/shop.bantam.ch\\\/wp-content\\\/uploads\\\/2025\\\/12\\\/Movera-L-9962990100.png\",\"contentUrl\":\"https:\\\/\\\/shop.bantam.ch\\\/wp-content\\\/uploads\\\/2025\\\/12\\\/Movera-L-9962990100.png\",\"width\":500,\"height\":500},{\"@type\":\"BreadcrumbList\",\"@id\":\"https:\\\/\\\/shop.bantam.ch\\\/fr\\\/produit\\\/profiles-de-spoiler-clever-mount-41-black\\\/#breadcrumb\",\"itemListElement\":[{\"@type\":\"ListItem\",\"position\":1,\"name\":\"Accueil\",\"item\":\"https:\\\/\\\/shop.bantam.ch\\\/fr\\\/\"},{\"@type\":\"ListItem\",\"position\":2,\"name\":\"Boutique\",\"item\":\"https:\\\/\\\/shop.bantam.ch\\\/fr\\\/boutique\\\/\"},{\"@type\":\"ListItem\",\"position\":3,\"name\":\"Profil\u00e9s de spoiler Clever Mount 41 Black\"}]},{\"@type\":\"WebSite\",\"@id\":\"https:\\\/\\\/shop.bantam.ch\\\/fr\\\/#website\",\"url\":\"https:\\\/\\\/shop.bantam.ch\\\/fr\\\/\",\"name\":\"Bantam Wankm\u00fcller SA\",\"description\":\"\",\"publisher\":{\"@id\":\"https:\\\/\\\/shop.bantam.ch\\\/fr\\\/#organization\"},\"inLanguage\":\"fr-FR\"},{\"@type\":\"Organization\",\"@id\":\"https:\\\/\\\/shop.bantam.ch\\\/fr\\\/#organization\",\"name\":\"Bantam Wankm\u00fcller SA\",\"url\":\"https:\\\/\\\/shop.bantam.ch\\\/fr\\\/\",\"logo\":{\"@type\":\"ImageObject\",\"inLanguage\":\"fr-FR\",\"@id\":\"https:\\\/\\\/shop.bantam.ch\\\/fr\\\/#\\\/schema\\\/logo\\\/image\\\/\",\"url\":\"https:\\\/\\\/shop.bantam.ch\\\/wp-content\\\/uploads\\\/2022\\\/12\\\/bantam-logo.png\",\"contentUrl\":\"https:\\\/\\\/shop.bantam.ch\\\/wp-content\\\/uploads\\\/2022\\\/12\\\/bantam-logo.png\",\"width\":320,\"height\":71,\"caption\":\"Bantam Wankm\u00fcller SA\"},\"image\":{\"@id\":\"https:\\\/\\\/shop.bantam.ch\\\/fr\\\/#\\\/schema\\\/logo\\\/image\\\/\"}}]}<\/script>\n<!-- \/ Yoast SEO plugin. -->","yoast_head_json":{"title":"Profil\u00e9s de spoiler Clever Mount 41 Black - Bantam Wankm\u00fcller SA","robots":{"index":"index","follow":"follow","max-snippet":"max-snippet:-1","max-image-preview":"max-image-preview:large","max-video-preview":"max-video-preview:-1"},"canonical":"https:\/\/shop.bantam.ch\/fr\/produit\/profiles-de-spoiler-clever-mount-41-black\/","og_locale":"fr_FR","og_type":"article","og_title":"Profil\u00e9s de spoiler Clever Mount 41 Black - Bantam Wankm\u00fcller SA","og_description":"Les profil\u00e9s Clever Mount r\u00e9sistants \u00e0 l&rsquo;eau sal\u00e9e conviennent parfaitement \u00e0 la fixation simple et s\u00fbre de modules solaires sur les v\u00e9hicules et les bateaux. Gr\u00e2ce \u00e0 leur forme, ces profil\u00e9s de fixation sont nettement plus l\u00e9gers que des profil\u00e9s comparables en plastique et r\u00e9pondent aux plus hautes exigences de qualit\u00e9. Le design a\u00e9rodynamique r\u00e9duit [&hellip;]","og_url":"https:\/\/shop.bantam.ch\/fr\/produit\/profiles-de-spoiler-clever-mount-41-black\/","og_site_name":"Bantam Wankm\u00fcller SA","article_modified_time":"2026-04-21T21:46:04+00:00","twitter_card":"summary_large_image","twitter_misc":{"Dur\u00e9e de lecture estim\u00e9e":"1 minute"},"schema":{"@context":"https:\/\/schema.org","@graph":[{"@type":"WebPage","@id":"https:\/\/shop.bantam.ch\/fr\/produit\/profiles-de-spoiler-clever-mount-41-black\/","url":"https:\/\/shop.bantam.ch\/fr\/produit\/profiles-de-spoiler-clever-mount-41-black\/","name":"Profil\u00e9s de spoiler Clever Mount 41 Black - Bantam Wankm\u00fcller SA","isPartOf":{"@id":"https:\/\/shop.bantam.ch\/fr\/#website"},"primaryImageOfPage":{"@id":"https:\/\/shop.bantam.ch\/fr\/produit\/profiles-de-spoiler-clever-mount-41-black\/#primaryimage"},"image":{"@id":"https:\/\/shop.bantam.ch\/fr\/produit\/profiles-de-spoiler-clever-mount-41-black\/#primaryimage"},"thumbnailUrl":"https:\/\/shop.bantam.ch\/wp-content\/uploads\/2025\/12\/Movera-L-9962990100.png","datePublished":"2025-12-17T14:14:12+00:00","dateModified":"2026-04-21T21:46:04+00:00","breadcrumb":{"@id":"https:\/\/shop.bantam.ch\/fr\/produit\/profiles-de-spoiler-clever-mount-41-black\/#breadcrumb"},"inLanguage":"fr-FR","potentialAction":[{"@type":"ReadAction","target":["https:\/\/shop.bantam.ch\/fr\/produit\/profiles-de-spoiler-clever-mount-41-black\/"]}]},{"@type":"ImageObject","inLanguage":"fr-FR","@id":"https:\/\/shop.bantam.ch\/fr\/produit\/profiles-de-spoiler-clever-mount-41-black\/#primaryimage","url":"https:\/\/shop.bantam.ch\/wp-content\/uploads\/2025\/12\/Movera-L-9962990100.png","contentUrl":"https:\/\/shop.bantam.ch\/wp-content\/uploads\/2025\/12\/Movera-L-9962990100.png","width":500,"height":500},{"@type":"BreadcrumbList","@id":"https:\/\/shop.bantam.ch\/fr\/produit\/profiles-de-spoiler-clever-mount-41-black\/#breadcrumb","itemListElement":[{"@type":"ListItem","position":1,"name":"Accueil","item":"https:\/\/shop.bantam.ch\/fr\/"},{"@type":"ListItem","position":2,"name":"Boutique","item":"https:\/\/shop.bantam.ch\/fr\/boutique\/"},{"@type":"ListItem","position":3,"name":"Profil\u00e9s de spoiler Clever Mount 41 Black"}]},{"@type":"WebSite","@id":"https:\/\/shop.bantam.ch\/fr\/#website","url":"https:\/\/shop.bantam.ch\/fr\/","name":"Bantam Wankm\u00fcller SA","description":"","publisher":{"@id":"https:\/\/shop.bantam.ch\/fr\/#organization"},"inLanguage":"fr-FR"},{"@type":"Organization","@id":"https:\/\/shop.bantam.ch\/fr\/#organization","name":"Bantam Wankm\u00fcller SA","url":"https:\/\/shop.bantam.ch\/fr\/","logo":{"@type":"ImageObject","inLanguage":"fr-FR","@id":"https:\/\/shop.bantam.ch\/fr\/#\/schema\/logo\/image\/","url":"https:\/\/shop.bantam.ch\/wp-content\/uploads\/2022\/12\/bantam-logo.png","contentUrl":"https:\/\/shop.bantam.ch\/wp-content\/uploads\/2022\/12\/bantam-logo.png","width":320,"height":71,"caption":"Bantam Wankm\u00fcller SA"},"image":{"@id":"https:\/\/shop.bantam.ch\/fr\/#\/schema\/logo\/image\/"}}]}},"_links":{"self":[{"href":"https:\/\/shop.bantam.ch\/fr\/wp-json\/wp\/v2\/product\/225378","targetHints":{"allow":["GET"]}}],"collection":[{"href":"https:\/\/shop.bantam.ch\/fr\/wp-json\/wp\/v2\/product"}],"about":[{"href":"https:\/\/shop.bantam.ch\/fr\/wp-json\/wp\/v2\/types\/product"}],"wp:featuredmedia":[{"embeddable":true,"href":"https:\/\/shop.bantam.ch\/fr\/wp-json\/wp\/v2\/media\/225376"}],"wp:attachment":[{"href":"https:\/\/shop.bantam.ch\/fr\/wp-json\/wp\/v2\/media?parent=225378"}],"wp:term":[{"taxonomy":"product_featured_cat","embeddable":true,"href":"https:\/\/shop.bantam.ch\/fr\/wp-json\/wp\/v2\/product_featured_cat?post=225378"},{"taxonomy":"product_brand","embeddable":true,"href":"https:\/\/shop.bantam.ch\/fr\/wp-json\/wp\/v2\/product_brand?post=225378"},{"taxonomy":"product_cat","embeddable":true,"href":"https:\/\/shop.bantam.ch\/fr\/wp-json\/wp\/v2\/product_cat?post=225378"},{"taxonomy":"product_tag","embeddable":true,"href":"https:\/\/shop.bantam.ch\/fr\/wp-json\/wp\/v2\/product_tag?post=225378"}],"curies":[{"name":"wp","href":"https:\/\/api.w.org\/{rel}","templated":true}]}}