{"id":225350,"date":"2025-12-17T15:13:30","date_gmt":"2025-12-17T14:13:30","guid":{"rendered":"https:\/\/shop.bantam.ch\/produit\/panneau-solaire-antarion-kit-all-black\/"},"modified":"2026-04-18T02:14:54","modified_gmt":"2026-04-18T00:14:54","slug":"panneau-solaire-antarion-kit-all-black","status":"publish","type":"product","link":"https:\/\/shop.bantam.ch\/fr\/produit\/panneau-solaire-antarion-kit-all-black\/","title":{"rendered":"Panneau solaire ANTARION Kit All Black"},"content":{"rendered":"<p>La technologie PERC \u00ab\u00a0BACK CONTACT\u00a0\u00bb (Passivated Emitter and Rear Cell), brevet\u00e9e depuis pr\u00e8s de 30 ans, am\u00e9liore la d\u00e9tection de la lumi\u00e8re et optimise la production d&rsquo;\u00e9nergie, m\u00eame par temps nuageux.<\/p>\n<p>Le rendement de ces cellules permet d&rsquo;obtenir jusqu&rsquo;\u00e0 20 % d&rsquo;\u00e9nergie en plus par rapport \u00e0 un module monocristallin standard.<\/p>\n<p>Caract\u00e9ristiques :<\/p>\n<ul>\n<li>Choix de panneaux solaires avec cellules PERC<\/li>\n<li>Panneaux livr\u00e9s sous forme de kit de montage ultra-complet avec un r\u00e9gulateur de charge ANTARION MPPT et un c\u00e2blage de 5M.<\/li>\n<li>Supports de montage stri\u00e9s en aluminium anodis\u00e9 pour am\u00e9liorer l&rsquo;adh\u00e9rence des panneaux lors du collage sur le toit<\/li>\n<li>Bo\u00eete de jonction \u00e9tanche pour un haut niveau de s\u00e9curit\u00e9<\/li>\n<li>Diodes de d\u00e9rivation puissantes pour minimiser les chutes de puissance en cas de faible ensoleillement<\/li>\n<li>Protection en verre tremp\u00e9 sp\u00e9cialement con\u00e7ue pour r\u00e9sister aux \u00e9l\u00e9ments.<\/li>\n<li>Possibilit\u00e9 de montage illimit\u00e9 en s\u00e9rie ou en parall\u00e8le<\/li>\n<\/ul>\n<p>Livr\u00e9 avec 5,8 m de c\u00e2ble de 2,5 mm\u00b2 de section<\/p>\n","protected":false},"excerpt":{"rendered":"<p>La technologie PERC \u00ab\u00a0BACK CONTACT\u00a0\u00bb (Passivated Emitter and Rear Cell), brevet\u00e9e depuis pr\u00e8s de 30 ans, am\u00e9liore la d\u00e9tection de la lumi\u00e8re et optimise la production d&rsquo;\u00e9nergie, m\u00eame par temps nuageux. Le rendement de ces cellules permet d&rsquo;obtenir jusqu&rsquo;\u00e0 20 % d&rsquo;\u00e9nergie en plus par rapport \u00e0 un module monocristallin standard. Caract\u00e9ristiques : Choix de [&hellip;]<\/p>\n","protected":false},"featured_media":225344,"template":"","meta":{"_acf_changed":false},"product_featured_cat":[],"product_brand":[],"product_cat":[4879],"product_tag":[],"class_list":{"0":"post-225350","1":"product","2":"type-product","3":"status-publish","4":"has-post-thumbnail","6":"product_cat-kits-solaires","8":"first","9":"instock","10":"taxable","11":"shipping-taxable","12":"purchasable","13":"product-type-variable"},"acf":[],"yoast_head":"<!-- This site is optimized with the Yoast SEO plugin v27.4 - https:\/\/yoast.com\/product\/yoast-seo-wordpress\/ -->\n<title>Panneau solaire ANTARION Kit All Black - Bantam Wankm\u00fcller SA<\/title>\n<meta name=\"robots\" content=\"index, follow, max-snippet:-1, max-image-preview:large, max-video-preview:-1\" \/>\n<link rel=\"canonical\" href=\"https:\/\/shop.bantam.ch\/fr\/produit\/panneau-solaire-antarion-kit-all-black\/\" \/>\n<meta property=\"og:locale\" content=\"fr_FR\" \/>\n<meta property=\"og:type\" content=\"article\" \/>\n<meta property=\"og:title\" content=\"Panneau solaire ANTARION Kit All Black - Bantam Wankm\u00fcller SA\" \/>\n<meta property=\"og:description\" content=\"La technologie PERC \u00ab\u00a0BACK CONTACT\u00a0\u00bb (Passivated Emitter and Rear Cell), brevet\u00e9e depuis pr\u00e8s de 30 ans, am\u00e9liore la d\u00e9tection de la lumi\u00e8re et optimise la production d&rsquo;\u00e9nergie, m\u00eame par temps nuageux. Le rendement de ces cellules permet d&rsquo;obtenir jusqu&rsquo;\u00e0 20 % d&rsquo;\u00e9nergie en plus par rapport \u00e0 un module monocristallin standard. Caract\u00e9ristiques : Choix de [&hellip;]\" \/>\n<meta property=\"og:url\" content=\"https:\/\/shop.bantam.ch\/fr\/produit\/panneau-solaire-antarion-kit-all-black\/\" \/>\n<meta property=\"og:site_name\" content=\"Bantam Wankm\u00fcller SA\" \/>\n<meta property=\"article:modified_time\" content=\"2026-04-18T00:14:54+00:00\" \/>\n<meta name=\"twitter:card\" content=\"summary_large_image\" \/>\n<meta name=\"twitter:label1\" content=\"Dur\u00e9e de lecture estim\u00e9e\" \/>\n\t<meta name=\"twitter:data1\" content=\"1 minute\" \/>\n<script type=\"application\/ld+json\" class=\"yoast-schema-graph\">{\"@context\":\"https:\\\/\\\/schema.org\",\"@graph\":[{\"@type\":\"WebPage\",\"@id\":\"https:\\\/\\\/shop.bantam.ch\\\/fr\\\/produit\\\/panneau-solaire-antarion-kit-all-black\\\/\",\"url\":\"https:\\\/\\\/shop.bantam.ch\\\/fr\\\/produit\\\/panneau-solaire-antarion-kit-all-black\\\/\",\"name\":\"Panneau solaire ANTARION Kit All Black - Bantam Wankm\u00fcller SA\",\"isPartOf\":{\"@id\":\"https:\\\/\\\/shop.bantam.ch\\\/fr\\\/#website\"},\"primaryImageOfPage\":{\"@id\":\"https:\\\/\\\/shop.bantam.ch\\\/fr\\\/produit\\\/panneau-solaire-antarion-kit-all-black\\\/#primaryimage\"},\"image\":{\"@id\":\"https:\\\/\\\/shop.bantam.ch\\\/fr\\\/produit\\\/panneau-solaire-antarion-kit-all-black\\\/#primaryimage\"},\"thumbnailUrl\":\"https:\\\/\\\/shop.bantam.ch\\\/wp-content\\\/uploads\\\/2025\\\/12\\\/Movera-L-0107288100.jpg\",\"datePublished\":\"2025-12-17T14:13:30+00:00\",\"dateModified\":\"2026-04-18T00:14:54+00:00\",\"breadcrumb\":{\"@id\":\"https:\\\/\\\/shop.bantam.ch\\\/fr\\\/produit\\\/panneau-solaire-antarion-kit-all-black\\\/#breadcrumb\"},\"inLanguage\":\"fr-FR\",\"potentialAction\":[{\"@type\":\"ReadAction\",\"target\":[\"https:\\\/\\\/shop.bantam.ch\\\/fr\\\/produit\\\/panneau-solaire-antarion-kit-all-black\\\/\"]}]},{\"@type\":\"ImageObject\",\"inLanguage\":\"fr-FR\",\"@id\":\"https:\\\/\\\/shop.bantam.ch\\\/fr\\\/produit\\\/panneau-solaire-antarion-kit-all-black\\\/#primaryimage\",\"url\":\"https:\\\/\\\/shop.bantam.ch\\\/wp-content\\\/uploads\\\/2025\\\/12\\\/Movera-L-0107288100.jpg\",\"contentUrl\":\"https:\\\/\\\/shop.bantam.ch\\\/wp-content\\\/uploads\\\/2025\\\/12\\\/Movera-L-0107288100.jpg\",\"width\":640,\"height\":473},{\"@type\":\"BreadcrumbList\",\"@id\":\"https:\\\/\\\/shop.bantam.ch\\\/fr\\\/produit\\\/panneau-solaire-antarion-kit-all-black\\\/#breadcrumb\",\"itemListElement\":[{\"@type\":\"ListItem\",\"position\":1,\"name\":\"Accueil\",\"item\":\"https:\\\/\\\/shop.bantam.ch\\\/fr\\\/\"},{\"@type\":\"ListItem\",\"position\":2,\"name\":\"Boutique\",\"item\":\"https:\\\/\\\/shop.bantam.ch\\\/fr\\\/boutique\\\/\"},{\"@type\":\"ListItem\",\"position\":3,\"name\":\"Panneau solaire ANTARION Kit All Black\"}]},{\"@type\":\"WebSite\",\"@id\":\"https:\\\/\\\/shop.bantam.ch\\\/fr\\\/#website\",\"url\":\"https:\\\/\\\/shop.bantam.ch\\\/fr\\\/\",\"name\":\"Bantam Wankm\u00fcller SA\",\"description\":\"\",\"publisher\":{\"@id\":\"https:\\\/\\\/shop.bantam.ch\\\/fr\\\/#organization\"},\"inLanguage\":\"fr-FR\"},{\"@type\":\"Organization\",\"@id\":\"https:\\\/\\\/shop.bantam.ch\\\/fr\\\/#organization\",\"name\":\"Bantam Wankm\u00fcller SA\",\"url\":\"https:\\\/\\\/shop.bantam.ch\\\/fr\\\/\",\"logo\":{\"@type\":\"ImageObject\",\"inLanguage\":\"fr-FR\",\"@id\":\"https:\\\/\\\/shop.bantam.ch\\\/fr\\\/#\\\/schema\\\/logo\\\/image\\\/\",\"url\":\"https:\\\/\\\/shop.bantam.ch\\\/wp-content\\\/uploads\\\/2022\\\/12\\\/bantam-logo.png\",\"contentUrl\":\"https:\\\/\\\/shop.bantam.ch\\\/wp-content\\\/uploads\\\/2022\\\/12\\\/bantam-logo.png\",\"width\":320,\"height\":71,\"caption\":\"Bantam Wankm\u00fcller SA\"},\"image\":{\"@id\":\"https:\\\/\\\/shop.bantam.ch\\\/fr\\\/#\\\/schema\\\/logo\\\/image\\\/\"}}]}<\/script>\n<!-- \/ Yoast SEO plugin. -->","yoast_head_json":{"title":"Panneau solaire ANTARION Kit All Black - Bantam Wankm\u00fcller SA","robots":{"index":"index","follow":"follow","max-snippet":"max-snippet:-1","max-image-preview":"max-image-preview:large","max-video-preview":"max-video-preview:-1"},"canonical":"https:\/\/shop.bantam.ch\/fr\/produit\/panneau-solaire-antarion-kit-all-black\/","og_locale":"fr_FR","og_type":"article","og_title":"Panneau solaire ANTARION Kit All Black - Bantam Wankm\u00fcller SA","og_description":"La technologie PERC \u00ab\u00a0BACK CONTACT\u00a0\u00bb (Passivated Emitter and Rear Cell), brevet\u00e9e depuis pr\u00e8s de 30 ans, am\u00e9liore la d\u00e9tection de la lumi\u00e8re et optimise la production d&rsquo;\u00e9nergie, m\u00eame par temps nuageux. Le rendement de ces cellules permet d&rsquo;obtenir jusqu&rsquo;\u00e0 20 % d&rsquo;\u00e9nergie en plus par rapport \u00e0 un module monocristallin standard. Caract\u00e9ristiques : Choix de [&hellip;]","og_url":"https:\/\/shop.bantam.ch\/fr\/produit\/panneau-solaire-antarion-kit-all-black\/","og_site_name":"Bantam Wankm\u00fcller SA","article_modified_time":"2026-04-18T00:14:54+00:00","twitter_card":"summary_large_image","twitter_misc":{"Dur\u00e9e de lecture estim\u00e9e":"1 minute"},"schema":{"@context":"https:\/\/schema.org","@graph":[{"@type":"WebPage","@id":"https:\/\/shop.bantam.ch\/fr\/produit\/panneau-solaire-antarion-kit-all-black\/","url":"https:\/\/shop.bantam.ch\/fr\/produit\/panneau-solaire-antarion-kit-all-black\/","name":"Panneau solaire ANTARION Kit All Black - Bantam Wankm\u00fcller SA","isPartOf":{"@id":"https:\/\/shop.bantam.ch\/fr\/#website"},"primaryImageOfPage":{"@id":"https:\/\/shop.bantam.ch\/fr\/produit\/panneau-solaire-antarion-kit-all-black\/#primaryimage"},"image":{"@id":"https:\/\/shop.bantam.ch\/fr\/produit\/panneau-solaire-antarion-kit-all-black\/#primaryimage"},"thumbnailUrl":"https:\/\/shop.bantam.ch\/wp-content\/uploads\/2025\/12\/Movera-L-0107288100.jpg","datePublished":"2025-12-17T14:13:30+00:00","dateModified":"2026-04-18T00:14:54+00:00","breadcrumb":{"@id":"https:\/\/shop.bantam.ch\/fr\/produit\/panneau-solaire-antarion-kit-all-black\/#breadcrumb"},"inLanguage":"fr-FR","potentialAction":[{"@type":"ReadAction","target":["https:\/\/shop.bantam.ch\/fr\/produit\/panneau-solaire-antarion-kit-all-black\/"]}]},{"@type":"ImageObject","inLanguage":"fr-FR","@id":"https:\/\/shop.bantam.ch\/fr\/produit\/panneau-solaire-antarion-kit-all-black\/#primaryimage","url":"https:\/\/shop.bantam.ch\/wp-content\/uploads\/2025\/12\/Movera-L-0107288100.jpg","contentUrl":"https:\/\/shop.bantam.ch\/wp-content\/uploads\/2025\/12\/Movera-L-0107288100.jpg","width":640,"height":473},{"@type":"BreadcrumbList","@id":"https:\/\/shop.bantam.ch\/fr\/produit\/panneau-solaire-antarion-kit-all-black\/#breadcrumb","itemListElement":[{"@type":"ListItem","position":1,"name":"Accueil","item":"https:\/\/shop.bantam.ch\/fr\/"},{"@type":"ListItem","position":2,"name":"Boutique","item":"https:\/\/shop.bantam.ch\/fr\/boutique\/"},{"@type":"ListItem","position":3,"name":"Panneau solaire ANTARION Kit All Black"}]},{"@type":"WebSite","@id":"https:\/\/shop.bantam.ch\/fr\/#website","url":"https:\/\/shop.bantam.ch\/fr\/","name":"Bantam Wankm\u00fcller SA","description":"","publisher":{"@id":"https:\/\/shop.bantam.ch\/fr\/#organization"},"inLanguage":"fr-FR"},{"@type":"Organization","@id":"https:\/\/shop.bantam.ch\/fr\/#organization","name":"Bantam Wankm\u00fcller SA","url":"https:\/\/shop.bantam.ch\/fr\/","logo":{"@type":"ImageObject","inLanguage":"fr-FR","@id":"https:\/\/shop.bantam.ch\/fr\/#\/schema\/logo\/image\/","url":"https:\/\/shop.bantam.ch\/wp-content\/uploads\/2022\/12\/bantam-logo.png","contentUrl":"https:\/\/shop.bantam.ch\/wp-content\/uploads\/2022\/12\/bantam-logo.png","width":320,"height":71,"caption":"Bantam Wankm\u00fcller SA"},"image":{"@id":"https:\/\/shop.bantam.ch\/fr\/#\/schema\/logo\/image\/"}}]}},"_links":{"self":[{"href":"https:\/\/shop.bantam.ch\/fr\/wp-json\/wp\/v2\/product\/225350","targetHints":{"allow":["GET"]}}],"collection":[{"href":"https:\/\/shop.bantam.ch\/fr\/wp-json\/wp\/v2\/product"}],"about":[{"href":"https:\/\/shop.bantam.ch\/fr\/wp-json\/wp\/v2\/types\/product"}],"wp:featuredmedia":[{"embeddable":true,"href":"https:\/\/shop.bantam.ch\/fr\/wp-json\/wp\/v2\/media\/225344"}],"wp:attachment":[{"href":"https:\/\/shop.bantam.ch\/fr\/wp-json\/wp\/v2\/media?parent=225350"}],"wp:term":[{"taxonomy":"product_featured_cat","embeddable":true,"href":"https:\/\/shop.bantam.ch\/fr\/wp-json\/wp\/v2\/product_featured_cat?post=225350"},{"taxonomy":"product_brand","embeddable":true,"href":"https:\/\/shop.bantam.ch\/fr\/wp-json\/wp\/v2\/product_brand?post=225350"},{"taxonomy":"product_cat","embeddable":true,"href":"https:\/\/shop.bantam.ch\/fr\/wp-json\/wp\/v2\/product_cat?post=225350"},{"taxonomy":"product_tag","embeddable":true,"href":"https:\/\/shop.bantam.ch\/fr\/wp-json\/wp\/v2\/product_tag?post=225350"}],"curies":[{"name":"wp","href":"https:\/\/api.w.org\/{rel}","templated":true}]}}